{"id":10667,"date":"2023-05-26T15:41:30","date_gmt":"2023-05-26T13:41:30","guid":{"rendered":"https:\/\/derbedrosian.nl\/?page_id=10667"},"modified":"2025-12-21T15:55:47","modified_gmt":"2025-12-21T13:55:47","slug":"permis-de-sejour-provisoire-mvv","status":"publish","type":"page","link":"https:\/\/www.derbedrosian.nl\/fr\/rechtsgebieden\/vreemdelingenrecht\/machtiging-voorlopig-verblijf-mvv\/","title":{"rendered":"Permis de s\u00e9jour provisoire MVV"},"content":{"rendered":"<div data-elementor-type=\"wp-page\" data-elementor-id=\"10667\" class=\"elementor elementor-10667\" data-elementor-post-type=\"page\">\n\t\t\t\t<div class=\"wd-negative-gap elementor-element elementor-element-cde49c8 e-flex e-con-boxed e-con e-parent\" data-id=\"cde49c8\" data-element_type=\"container\" data-e-type=\"container\">\n\t\t\t\t\t<div class=\"e-con-inner\">\n\t\t\t\t<div class=\"elementor-element elementor-element-53f20cc elementor-hidden-desktop elementor-hidden-tablet elementor-hidden-mobile elementor-widget elementor-widget-wd_image_or_svg\" data-id=\"53f20cc\" data-element_type=\"widget\" data-e-type=\"widget\" id=\"seo-word\" data-widget_type=\"wd_image_or_svg.default\">\n\t\t\t\t<div class=\"elementor-widget-container\">\n\t\t\t\t\t\n\t\t<div class=\"wd-image text-left\">\n\t\t\t\t\t\t\t\t<img loading=\"lazy\" decoding=\"async\" width=\"1000\" height=\"667\" src=\"https:\/\/www.derbedrosian.nl\/wp-content\/uploads\/rechtsgebieden-machtiging-voorlopig-verblijf.jpg\" class=\"attachment-full size-full\" alt=\"Permis de s\u00e9jour temporaire MVV avocat droit des \u00e9trangers Pays-Bas formulaire de demande permis de s\u00e9jour\" srcset=\"https:\/\/www.derbedrosian.nl\/wp-content\/uploads\/rechtsgebieden-machtiging-voorlopig-verblijf.jpg 1000w, https:\/\/www.derbedrosian.nl\/wp-content\/uploads\/rechtsgebieden-machtiging-voorlopig-verblijf-400x267.jpg 400w, https:\/\/www.derbedrosian.nl\/wp-content\/uploads\/rechtsgebieden-machtiging-voorlopig-verblijf-768x512.jpg 768w\" sizes=\"auto, (max-width: 1000px) 100vw, 1000px\" title=\"\">\t\t\t\t\t<\/div>\n\n\t\t\t\t\t\t<\/div>\n\t\t\t\t<\/div>\n\t\t\t\t<div class=\"elementor-element elementor-element-db6bdd2 elementor-hidden-desktop elementor-hidden-tablet elementor-hidden-mobile elementor-widget elementor-widget-heading\" data-id=\"db6bdd2\" data-element_type=\"widget\" data-e-type=\"widget\" id=\"seo-word\" data-widget_type=\"heading.default\">\n\t\t\t\t<div class=\"elementor-widget-container\">\n\t\t\t\t\t<h2 class=\"elementor-heading-title elementor-size-default\">Demande de permis de s\u00e9jour provisoire MVV<\/h2>\t\t\t\t<\/div>\n\t\t\t\t<\/div>\n\t\t\t\t<div class=\"elementor-element elementor-element-0f721b6 elementor-hidden-desktop elementor-hidden-tablet elementor-hidden-mobile elementor-widget elementor-widget-heading\" data-id=\"0f721b6\" data-element_type=\"widget\" data-e-type=\"widget\" id=\"seo-word\" data-widget_type=\"heading.default\">\n\t\t\t\t<div class=\"elementor-widget-container\">\n\t\t\t\t\t<h5 class=\"elementor-heading-title elementor-size-default\">Avocat du MVV<\/h5>\t\t\t\t<\/div>\n\t\t\t\t<\/div>\n\t\t\t\t<div class=\"elementor-element elementor-element-a0cc190 elementor-hidden-desktop elementor-hidden-tablet elementor-hidden-mobile elementor-widget elementor-widget-heading\" data-id=\"a0cc190\" data-element_type=\"widget\" data-e-type=\"widget\" id=\"seo-word\" data-widget_type=\"heading.default\">\n\t\t\t\t<div class=\"elementor-widget-container\">\n\t\t\t\t\t<h5 class=\"elementor-heading-title elementor-size-default\">avocat mvv<\/h5>\t\t\t\t<\/div>\n\t\t\t\t<\/div>\n\t\t\t\t<div class=\"elementor-element elementor-element-e24aa23 elementor-hidden-desktop elementor-hidden-tablet elementor-hidden-mobile elementor-widget elementor-widget-heading\" data-id=\"e24aa23\" data-element_type=\"widget\" data-e-type=\"widget\" id=\"seo-word\" data-widget_type=\"heading.default\">\n\t\t\t\t<div class=\"elementor-widget-container\">\n\t\t\t\t\t<h5 class=\"elementor-heading-title elementor-size-default\">avocat en droit de l'immigration enschede<\/h5>\t\t\t\t<\/div>\n\t\t\t\t<\/div>\n\t\t\t\t<div class=\"elementor-element elementor-element-ee8e83f elementor-hidden-desktop elementor-hidden-tablet elementor-hidden-mobile elementor-widget elementor-widget-heading\" data-id=\"ee8e83f\" data-element_type=\"widget\" data-e-type=\"widget\" id=\"seo-word\" data-widget_type=\"heading.default\">\n\t\t\t\t<div class=\"elementor-widget-container\">\n\t\t\t\t\t<h5 class=\"elementor-heading-title elementor-size-default\">avocat en droit de l'immigration overijssel<\/h5>\t\t\t\t<\/div>\n\t\t\t\t<\/div>\n\t\t\t\t<div class=\"elementor-element elementor-element-7dc24c7 elementor-hidden-desktop elementor-hidden-tablet elementor-hidden-mobile elementor-widget elementor-widget-heading\" data-id=\"7dc24c7\" data-element_type=\"widget\" data-e-type=\"widget\" id=\"seo-word\" data-widget_type=\"heading.default\">\n\t\t\t\t<div class=\"elementor-widget-container\">\n\t\t\t\t\t<h5 class=\"elementor-heading-title elementor-size-default\">droit des \u00e9trangers enschede<\/h5>\t\t\t\t<\/div>\n\t\t\t\t<\/div>\n\t\t\t\t<div class=\"elementor-element elementor-element-61d74e5 elementor-hidden-desktop elementor-hidden-tablet elementor-hidden-mobile elementor-widget elementor-widget-heading\" data-id=\"61d74e5\" data-element_type=\"widget\" data-e-type=\"widget\" id=\"seo-word\" data-widget_type=\"heading.default\">\n\t\t\t\t<div class=\"elementor-widget-container\">\n\t\t\t\t\t<h5 class=\"elementor-heading-title elementor-size-default\">avocat enschede aliens law<\/h5>\t\t\t\t<\/div>\n\t\t\t\t<\/div>\n\t\t\t\t<div class=\"elementor-element elementor-element-5272684 elementor-hidden-desktop elementor-hidden-tablet elementor-hidden-mobile elementor-widget elementor-widget-heading\" data-id=\"5272684\" data-element_type=\"widget\" data-e-type=\"widget\" id=\"seo-word\" data-widget_type=\"heading.default\">\n\t\t\t\t<div class=\"elementor-widget-container\">\n\t\t\t\t\t<h5 class=\"elementor-heading-title elementor-size-default\">Proc\u00e9dure Les demandes de MVV sont r\u00e9gl\u00e9es aux Pays-Bas par la repr\u00e9sentation n\u00e9erlandaise lorsque les conditions suivantes sont remplies<\/h5>\t\t\t\t<\/div>\n\t\t\t\t<\/div>\n\t\t\t\t<div class=\"elementor-element elementor-element-6e3bede elementor-hidden-desktop elementor-hidden-tablet elementor-hidden-mobile elementor-widget elementor-widget-heading\" data-id=\"6e3bede\" data-element_type=\"widget\" data-e-type=\"widget\" id=\"seo-word\" data-widget_type=\"heading.default\">\n\t\t\t\t<div class=\"elementor-widget-container\">\n\t\t\t\t\t<h5 class=\"elementor-heading-title elementor-size-default\">A Enschede et Overijssel, vous trouverez les avocats sp\u00e9cialis\u00e9s en droit de l'immigration de Derbedrosian Vreemdelingenrecht Advocaten. Nos avocats \u00e0 Enschede ont une grande exp\u00e9rience en mati\u00e8re de droit de l'immigration, y compris en ce qui concerne l'autorisation de s\u00e9jour provisoire (MVV).\n\nLe MVV est une exigence pour certains ressortissants \u00e9trangers qui souhaitent entrer aux Pays-Bas pour un s\u00e9jour de longue dur\u00e9e, par exemple pour y travailler, y \u00e9tudier ou y fonder une famille. La demande de MVV est une \u00e9tape importante et doit \u00eatre effectu\u00e9e avec soin pour obtenir l'entr\u00e9e aux Pays-Bas.\n\nUn avocat sp\u00e9cialis\u00e9 en MVV est tr\u00e8s utile pour demander une autorisation de s\u00e9jour provisoire. Nos avocats \u00e0 Enschede sont pr\u00eats \u00e0 vous conseiller et \u00e0 vous guider dans l'introduction d'une demande de MVV afin de s'assurer que votre demande r\u00e9pond \u00e0 toutes les exigences.\n\nSi vous avez besoin d'aide pour introduire une demande d'autorisation de s\u00e9jour provisoire ou pour d'autres questions relatives au droit de l'immigration, n'h\u00e9sitez pas \u00e0 contacter Derbedrosian Immigration Lawyers. Nous sommes l\u00e0 pour vous aider \u00e0 chaque \u00e9tape du processus et veiller \u00e0 ce que vous obteniez l'assistance juridique dont vous avez besoin.<\/h5>\t\t\t\t<\/div>\n\t\t\t\t<\/div>\n\t\t\t\t<div class=\"elementor-element elementor-element-efc051f color-scheme-inherit text-left elementor-widget elementor-widget-text-editor\" data-id=\"efc051f\" data-element_type=\"widget\" data-e-type=\"widget\" data-widget_type=\"text-editor.default\">\n\t\t\t\t<div class=\"elementor-widget-container\">\n\t\t\t\t\t\t\t\t\t<p><strong>L'autorisation de s\u00e9jour provisoire MVV est une \u00e9tape importante pour les personnes qui souhaitent s'installer aux Pays-Bas et y demander un permis de s\u00e9jour. Il s'agit de la premi\u00e8re \u00e9tape de la proc\u00e9dure d'immigration n\u00e9erlandaise.<\/strong><\/p>\t\t\t\t\t\t\t\t<\/div>\n\t\t\t\t<\/div>\n\t\t\t\t<div class=\"elementor-element elementor-element-f4d813f elementor-widget elementor-widget-spacer\" data-id=\"f4d813f\" data-element_type=\"widget\" data-e-type=\"widget\" data-widget_type=\"spacer.default\">\n\t\t\t\t<div class=\"elementor-widget-container\">\n\t\t\t\t\t\t\t<div class=\"elementor-spacer\">\n\t\t\t<div class=\"elementor-spacer-inner\"><\/div>\n\t\t<\/div>\n\t\t\t\t\t\t<\/div>\n\t\t\t\t<\/div>\n\t\t\t\t<div class=\"elementor-element elementor-element-b79f852 elementor-widget elementor-widget-heading\" data-id=\"b79f852\" data-element_type=\"widget\" data-e-type=\"widget\" data-widget_type=\"heading.default\">\n\t\t\t\t<div class=\"elementor-widget-container\">\n\t\t\t\t\t<h3 class=\"elementor-heading-title elementor-size-default\">En quoi consiste une autorisation de s\u00e9jour provisoire (MVV) ?<\/h3>\t\t\t\t<\/div>\n\t\t\t\t<\/div>\n\t\t\t\t<div class=\"elementor-element elementor-element-c749a4d color-scheme-inherit text-left elementor-widget elementor-widget-text-editor\" data-id=\"c749a4d\" data-element_type=\"widget\" data-e-type=\"widget\" data-widget_type=\"text-editor.default\">\n\t\t\t\t<div class=\"elementor-widget-container\">\n\t\t\t\t\t\t\t\t\t<p>Un Machtiging Voorlopig Verblijf MVV est simplement un visa qui vous permet de vous rendre aux Pays-Bas dans le but d'y demander un permis de s\u00e9jour si vous y restez plus de 90 jours. Il s'agit d'une \u00e9tape fondamentale dans le processus de demande d'un \u00e9ventuel permis de s\u00e9jour. Les conditions d'obtention d'un MVV sont conformes \u00e0 celles du permis de s\u00e9jour sp\u00e9cifique que vous souhaitez obtenir. C'est pourquoi il est n\u00e9cessaire d'obtenir d'abord ce visa, car le gouvernement veut v\u00e9rifier que vous avez le droit de voyager aux Pays-Bas avant que vous n'arriviez dans le pays.<\/p><p>Il est tr\u00e8s important de prendre les bonnes mesures lors de l'obtention d'une autorisation de s\u00e9jour provisoire MVV, car cela vous permettra d'acc\u00e9der \u00e0 d'autres \u00e9tapes de la proc\u00e9dure d'immigration.<\/p>\t\t\t\t\t\t\t\t<\/div>\n\t\t\t\t<\/div>\n\t\t\t\t<div class=\"elementor-element elementor-element-d6cf486 elementor-widget elementor-widget-spacer\" data-id=\"d6cf486\" data-element_type=\"widget\" data-e-type=\"widget\" data-widget_type=\"spacer.default\">\n\t\t\t\t<div class=\"elementor-widget-container\">\n\t\t\t\t\t\t\t<div class=\"elementor-spacer\">\n\t\t\t<div class=\"elementor-spacer-inner\"><\/div>\n\t\t<\/div>\n\t\t\t\t\t\t<\/div>\n\t\t\t\t<\/div>\n\t\t\t\t<div class=\"elementor-element elementor-element-41960fb elementor-widget elementor-widget-heading\" data-id=\"41960fb\" data-element_type=\"widget\" data-e-type=\"widget\" data-widget_type=\"heading.default\">\n\t\t\t\t<div class=\"elementor-widget-container\">\n\t\t\t\t\t<h3 class=\"elementor-heading-title elementor-size-default\">Motifs de la demande d'autorisation de s\u00e9jour provisoire MVV<\/h3>\t\t\t\t<\/div>\n\t\t\t\t<\/div>\n\t\t\t\t<div class=\"elementor-element elementor-element-b110397 color-scheme-inherit text-left elementor-widget elementor-widget-text-editor\" data-id=\"b110397\" data-element_type=\"widget\" data-e-type=\"widget\" data-widget_type=\"text-editor.default\">\n\t\t\t\t<div class=\"elementor-widget-container\">\n\t\t\t\t\t\t\t\t\t<p>Lors de la demande d'un MVV, la raison de votre s\u00e9jour aux Pays-Bas est tr\u00e8s importante. Nous avons \u00e9num\u00e9r\u00e9 ci-dessous les raisons possibles afin d'avoir une id\u00e9e claire des situations dans lesquelles un MVV peut \u00eatre exig\u00e9 :<\/p><ul><li><strong>L'\u00e9tude :<\/strong>\u00a0Si vous avez l'intention de venir aux Pays-Bas pour \u00e9tudier dans une universit\u00e9 ou un \u00e9tablissement d'enseignement sup\u00e9rieur, vous devez demander un MVV. Cette r\u00e8gle s'applique aux \u00e9tudiants \u00e9trangers qui souhaitent poursuivre des \u00e9tudes aux Pays-Bas.<\/li><li><strong>Travail temporaire :<\/strong>\u00a0les personnes qui souhaitent travailler aux Pays-Bas pour une p\u00e9riode limit\u00e9e, comme les travailleurs saisonniers, ont \u00e9galement besoin d'un MVV. Cela peut s'appliquer \u00e0 diverses professions et \u00e0 divers secteurs, o\u00f9 l'on a besoin de travailleurs temporaires.<\/li><li><strong>Travail permanent :<\/strong>\u00a0si vous avez l'intention de travailler aux Pays-Bas pendant une longue p\u00e9riode et d'avoir un emploi permanent, vous devez \u00e9galement demander un MVV. Il s'agit d'une \u00e9tape importante pour les personnes qui souhaitent construire une carri\u00e8re stable et rester aux Pays-Bas pendant longtemps.<\/li><li><strong>Connaissances et talents :<\/strong>\u00a0Un MVV est n\u00e9cessaire pour les professionnels et les personnes talentueuses poss\u00e9dant des comp\u00e9tences uniques et souhaitant travailler aux Pays-Bas. C'est le cas, par exemple, des chercheurs, des artistes et des experts techniques qui souhaitent utiliser leurs comp\u00e9tences aux Pays-Bas.<\/li><li><strong>\u00c9change culturel :<\/strong>\u00a0Si vous envisagez de participer \u00e0 un \u00e9change culturel aux Pays-Bas, vous pouvez demander un MVV. Cela vaut pour les situations o\u00f9 vous participez \u00e0 des \u00e9v\u00e9nements culturels, \u00e0 des programmes d'\u00e9change ou \u00e0 d'autres activit\u00e9s visant \u00e0 l'interaction culturelle.<\/li><\/ul><p>Il est essentiel de comprendre la raison sp\u00e9cifique de votre s\u00e9jour aux Pays-Bas lorsque vous demandez un MVV, car cela influencera le type de visa dont vous avez besoin et les \u00e9tapes suivantes de la proc\u00e9dure d'immigration.<\/p><p><span style=\"font-size: 17.6px; letter-spacing: var( --e-global-typography-text-letter-spacing ); text-transform: var( --e-global-typography-text-text-transform ); word-spacing: var( --e-global-typography-text-word-spacing ); color: var(--wd-text-color);\">Pour des raisons familiales et sociales.<\/span><\/p><ul><li><strong>Famille et famille :<\/strong> Si vous souhaitez retrouver vos proches aux Pays-Bas (regroupement familial), vous devez demander un MVV. Il s'agit d'une \u00e9tape importante pour retrouver vos proches.<\/li><li><strong>Raisons humanitaires :<\/strong> En cas de besoin humanitaire, tel qu'un traitement m\u00e9dical ou une protection contre un danger, un MVV peut \u00eatre demand\u00e9 pour des raisons humanitaires.<br \/>Raisons particuli\u00e8res : Dans certains cas, des personnes souhaitent venir aux Pays-Bas pour des raisons particuli\u00e8res, telles que des activit\u00e9s religieuses ou des \u00e9v\u00e9nements sp\u00e9cifiques. Dans ces cas, un MVV peut \u00eatre demand\u00e9 pour soutenir ces objectifs.<\/li><\/ul>\t\t\t\t\t\t\t\t<\/div>\n\t\t\t\t<\/div>\n\t\t\t\t<div class=\"elementor-element elementor-element-ee147f3 elementor-widget elementor-widget-spacer\" data-id=\"ee147f3\" data-element_type=\"widget\" data-e-type=\"widget\" data-widget_type=\"spacer.default\">\n\t\t\t\t<div class=\"elementor-widget-container\">\n\t\t\t\t\t\t\t<div class=\"elementor-spacer\">\n\t\t\t<div class=\"elementor-spacer-inner\"><\/div>\n\t\t<\/div>\n\t\t\t\t\t\t<\/div>\n\t\t\t\t<\/div>\n\t\t\t\t<div class=\"elementor-element elementor-element-675d610 elementor-widget elementor-widget-heading\" data-id=\"675d610\" data-element_type=\"widget\" data-e-type=\"widget\" data-widget_type=\"heading.default\">\n\t\t\t\t<div class=\"elementor-widget-container\">\n\t\t\t\t\t<h2 class=\"elementor-heading-title elementor-size-default\">Quelles sont les conditions requises pour l'obtention d'un MVV ?<\/h2>\t\t\t\t<\/div>\n\t\t\t\t<\/div>\n\t\t\t\t<div class=\"elementor-element elementor-element-b54b2b7 color-scheme-inherit text-left elementor-widget elementor-widget-text-editor\" data-id=\"b54b2b7\" data-element_type=\"widget\" data-e-type=\"widget\" data-widget_type=\"text-editor.default\">\n\t\t\t\t<div class=\"elementor-widget-container\">\n\t\t\t\t\t\t\t\t\t<p>Pour demander une MVV (autorisation de s\u00e9jour provisoire) aux Pays-Bas, vous devez remplir des conditions sp\u00e9cifiques. Ces conditions peuvent varier en fonction de l'objet de votre s\u00e9jour, mais voici quelques conditions g\u00e9n\u00e9rales :<\/p><ul><li><strong>Ressources financi\u00e8res :<\/strong>\u00a0vous devez pouvoir prouver que vous disposez de ressources financi\u00e8res suffisantes pour subvenir \u00e0 vos besoins pendant votre s\u00e9jour aux Pays-Bas. Le montant exact peut varier en fonction de la situation.<\/li><li><strong>Assurance m\u00e9dicale :<\/strong>\u00a0il est n\u00e9cessaire de prouver que vous disposez d'une assurance m\u00e9dicale ad\u00e9quate couvrant les frais m\u00e9dicaux \u00e9ventuels pendant votre s\u00e9jour.<\/li><li><strong>Aucune menace pour l'ordre public ou la s\u00e9curit\u00e9 nationale :<\/strong>\u00a0vous ne devez pas repr\u00e9senter un risque pour l'ordre public ou la s\u00e9curit\u00e9 nationale aux Pays-Bas. Cela signifie que vous ne devez pas avoir de casier judiciaire et que vous ne devez pas repr\u00e9senter un danger pour la soci\u00e9t\u00e9.<\/li><li><strong>Documents de voyage valides :<\/strong>\u00a0assurez-vous d'\u00eatre en possession de documents de voyage valides, comme un passeport, valables pour la dur\u00e9e de votre s\u00e9jour aux Pays-Bas.<\/li><li><strong>Objet du s\u00e9jour :<\/strong>\u00a0vous devez \u00eatre en mesure d'expliquer clairement pourquoi vous voulez venir aux Pays-Bas, par exemple pour le travail, les \u00e9tudes, le regroupement familial, etc. Cette raison doit \u00eatre conforme aux lois et r\u00e8glements n\u00e9erlandais.<\/li><li><strong>Respect des r\u00e8gles de Schengen :<\/strong>\u00a0votre s\u00e9jour aux Pays-Bas ne doit pas \u00eatre contraire aux r\u00e8gles de l'espace Schengen, puisque les Pays-Bas font partie de cet espace.<\/li><\/ul><p>Les exigences sp\u00e9cifiques peuvent varier en fonction de votre situation et du type de MVV que vous demandez. Pour obtenir des informations d\u00e9taill\u00e9es et des conseils sur votre demande de MVV, il est conseill\u00e9 de consulter le site web du Service de l'immigration et de la naturalisation (IND) des Pays-Bas ou de contacter l'ambassade ou le consulat n\u00e9erlandais dans votre pays.<\/p>\t\t\t\t\t\t\t\t<\/div>\n\t\t\t\t<\/div>\n\t\t\t\t<div class=\"elementor-element elementor-element-ace97e2 elementor-widget elementor-widget-spacer\" data-id=\"ace97e2\" data-element_type=\"widget\" data-e-type=\"widget\" data-widget_type=\"spacer.default\">\n\t\t\t\t<div class=\"elementor-widget-container\">\n\t\t\t\t\t\t\t<div class=\"elementor-spacer\">\n\t\t\t<div class=\"elementor-spacer-inner\"><\/div>\n\t\t<\/div>\n\t\t\t\t\t\t<\/div>\n\t\t\t\t<\/div>\n\t\t\t\t<div class=\"elementor-element elementor-element-9e823ef elementor-widget elementor-widget-heading\" data-id=\"9e823ef\" data-element_type=\"widget\" data-e-type=\"widget\" data-widget_type=\"heading.default\">\n\t\t\t\t<div class=\"elementor-widget-container\">\n\t\t\t\t\t<h3 class=\"elementor-heading-title elementor-size-default\">Proc\u00e9dure MVV\n<\/h3>\t\t\t\t<\/div>\n\t\t\t\t<\/div>\n\t\t\t\t<div class=\"elementor-element elementor-element-6759b2b color-scheme-inherit text-left elementor-widget elementor-widget-text-editor\" data-id=\"6759b2b\" data-element_type=\"widget\" data-e-type=\"widget\" data-widget_type=\"text-editor.default\">\n\t\t\t\t<div class=\"elementor-widget-container\">\n\t\t\t\t\t\t\t\t\t<p>La premi\u00e8re \u00e9tape de la demande de permis de s\u00e9jour aux Pays-Bas est l'obtention d'une autorisation de s\u00e9jour temporaire (MVV). Cette autorisation est tr\u00e8s importante pour les personnes qui souhaitent immigrer aux Pays-Bas, et la proc\u00e9dure sp\u00e9cifique peut varier en fonction de la raison de l'immigration, comme le regroupement familial ou la formation d'une famille.<\/p><ul><li><strong>Examen d'\u00e9ducation civique :<\/strong> dans certains cas, notamment aux <a href=\"https:\/\/www.derbedrosian.nl\/fr\/juridictions\/droit-de-limmigration\/regroupement-familial\/\">regroupement familial<\/a> ou la formation d'une famille, vous devez passer un examen d'int\u00e9gration avant de pouvoir introduire une demande de MVV.<\/li><li><strong>Application MVV :<\/strong> Apr\u00e8s avoir r\u00e9ussi l'examen d'int\u00e9gration civique (si n\u00e9cessaire), vous devez d\u00e9poser une demande de MVV et payer les frais associ\u00e9s dans un d\u00e9lai d'un an \u00e0 compter de la r\u00e9ussite de cet examen. Vous pouvez effectuer cette d\u00e9marche aupr\u00e8s de l'ambassade des Pays-Bas dans votre pays d'origine ou aupr\u00e8s du Service de l'immigration et de la naturalisation (IND).<\/li><li><strong>\u00c9valuation de l'IND :<\/strong> Apr\u00e8s avoir d\u00e9pos\u00e9 votre demande de MVV, celle-ci sera \u00e9valu\u00e9e par le Service de l'immigration et de la naturalisation (IND). Si votre demande est rejet\u00e9e, vous recevrez une notification \u00e9crite indiquant les raisons du rejet. Une fois votre demande approuv\u00e9e, vous pourrez obtenir votre MVV aupr\u00e8s de l'ambassade ou du consulat de votre pays, ce qui vous permettra de vous rendre aux Pays-Bas et de poursuivre le reste de la proc\u00e9dure de demande de permis de s\u00e9jour.<\/li><\/ul>\t\t\t\t\t\t\t\t<\/div>\n\t\t\t\t<\/div>\n\t\t\t\t<div class=\"elementor-element elementor-element-716e47a elementor-widget elementor-widget-spacer\" data-id=\"716e47a\" data-element_type=\"widget\" data-e-type=\"widget\" data-widget_type=\"spacer.default\">\n\t\t\t\t<div class=\"elementor-widget-container\">\n\t\t\t\t\t\t\t<div class=\"elementor-spacer\">\n\t\t\t<div class=\"elementor-spacer-inner\"><\/div>\n\t\t<\/div>\n\t\t\t\t\t\t<\/div>\n\t\t\t\t<\/div>\n\t\t\t\t<div class=\"elementor-element elementor-element-4950254 elementor-widget elementor-widget-heading\" data-id=\"4950254\" data-element_type=\"widget\" data-e-type=\"widget\" data-widget_type=\"heading.default\">\n\t\t\t\t<div class=\"elementor-widget-container\">\n\t\t\t\t\t<h3 class=\"elementor-heading-title elementor-size-default\">Avocat pour l'autorisation provisoire de s\u00e9jour MVV<\/h3>\t\t\t\t<\/div>\n\t\t\t\t<\/div>\n\t\t\t\t<div class=\"elementor-element elementor-element-38d04b4 color-scheme-inherit text-left elementor-widget elementor-widget-text-editor\" data-id=\"38d04b4\" data-element_type=\"widget\" data-e-type=\"widget\" data-widget_type=\"text-editor.default\">\n\t\t\t\t<div class=\"elementor-widget-container\">\n\t\t\t\t\t\t\t\t\t<p>Il y a donc beaucoup \u00e0 prendre en compte lorsque vous souhaitez demander une autorisation de s\u00e9jour provisoire MVV. Dans des situations aussi complexes, il est conseill\u00e9 de faire appel \u00e0 un avocat. Au cabinet d'avocats Der Bedrosian, nous disposons d'avocats experts qui connaissent tout du droit des \u00e9trangers.<\/p><p>Si vous nous contactez, nous veillerons \u00e0 ce que vous soyez imm\u00e9diatement mis en relation avec l'un de nos avocats sp\u00e9cialis\u00e9s qui vous fournira une assistance et des conseils juridiques tout au long de la proc\u00e9dure.<\/p>\t\t\t\t\t\t\t\t<\/div>\n\t\t\t\t<\/div>\n\t\t\t\t\t<\/div>\n\t\t\t\t<\/div>\n\t\t\t\t<\/div>","protected":false},"excerpt":{"rendered":"<p>demandes Autorisation de s\u00e9jour provisoire MVV Avocat sp\u00e9cialis\u00e9 en droit des \u00e9trangers Avocat sp\u00e9cialis\u00e9 en droit des \u00e9trangers \u00e0 Enschede Avocat sp\u00e9cialis\u00e9 en droit des \u00e9trangers dans la province d'Overijssel Avocat sp\u00e9cialis\u00e9 en droit des \u00e9trangers \u00e0 Enschede Avocat sp\u00e9cialis\u00e9 en droit des \u00e9trangers \u00e0 Enschede<\/p>","protected":false},"author":1,"featured_media":0,"parent":10627,"menu_order":0,"comment_status":"closed","ping_status":"closed","template":"","meta":{"footnotes":""},"class_list":["post-10667","page","type-page","status-publish","hentry"],"_links":{"self":[{"href":"https:\/\/www.derbedrosian.nl\/fr\/wp-json\/wp\/v2\/pages\/10667","targetHints":{"allow":["GET"]}}],"collection":[{"href":"https:\/\/www.derbedrosian.nl\/fr\/wp-json\/wp\/v2\/pages"}],"about":[{"href":"https:\/\/www.derbedrosian.nl\/fr\/wp-json\/wp\/v2\/types\/page"}],"author":[{"embeddable":true,"href":"https:\/\/www.derbedrosian.nl\/fr\/wp-json\/wp\/v2\/users\/1"}],"replies":[{"embeddable":true,"href":"https:\/\/www.derbedrosian.nl\/fr\/wp-json\/wp\/v2\/comments?post=10667"}],"version-history":[{"count":0,"href":"https:\/\/www.derbedrosian.nl\/fr\/wp-json\/wp\/v2\/pages\/10667\/revisions"}],"up":[{"embeddable":true,"href":"https:\/\/www.derbedrosian.nl\/fr\/wp-json\/wp\/v2\/pages\/10627"}],"wp:attachment":[{"href":"https:\/\/www.derbedrosian.nl\/fr\/wp-json\/wp\/v2\/media?parent=10667"}],"curies":[{"name":"wp","href":"https:\/\/api.w.org\/{rel}","templated":true}]}}