{"id":10655,"date":"2023-05-26T15:34:34","date_gmt":"2023-05-26T13:34:34","guid":{"rendered":"https:\/\/derbedrosian.nl\/?page_id=10655"},"modified":"2025-12-21T15:54:19","modified_gmt":"2025-12-21T13:54:19","slug":"retrait-du-permis-de-sejour","status":"publish","type":"page","link":"https:\/\/www.derbedrosian.nl\/fr\/rechtsgebieden\/vreemdelingenrecht\/intrekking-verblijfsvergunning\/","title":{"rendered":"R\u00e9vocation du permis de s\u00e9jour"},"content":{"rendered":"<div data-elementor-type=\"wp-page\" data-elementor-id=\"10655\" class=\"elementor elementor-10655\" data-elementor-post-type=\"page\">\n\t\t\t\t<div class=\"wd-negative-gap elementor-element elementor-element-07c2989 e-flex e-con-boxed e-con e-parent\" data-id=\"07c2989\" data-element_type=\"container\" data-e-type=\"container\">\n\t\t\t\t\t<div class=\"e-con-inner\">\n\t\t\t\t<div class=\"elementor-element elementor-element-a81a63a elementor-hidden-desktop elementor-hidden-tablet elementor-hidden-mobile elementor-widget elementor-widget-wd_image_or_svg\" data-id=\"a81a63a\" data-element_type=\"widget\" data-e-type=\"widget\" id=\"seo-word\" data-widget_type=\"wd_image_or_svg.default\">\n\t\t\t\t<div class=\"elementor-widget-container\">\n\t\t\t\t\t\n\t\t<div class=\"wd-image text-left\">\n\t\t\t\t\t\t\t\t<img loading=\"lazy\" decoding=\"async\" width=\"1000\" height=\"667\" src=\"https:\/\/www.derbedrosian.nl\/wp-content\/uploads\/rechtsgebieden-intrekking-verblijfsvergunning.jpg\" class=\"attachment-full size-full\" alt=\"retrait du titre de s\u00e9jour opposition de l&#039;avocat proc\u00e9dure IND droit des \u00e9trangers\" srcset=\"https:\/\/www.derbedrosian.nl\/wp-content\/uploads\/rechtsgebieden-intrekking-verblijfsvergunning.jpg 1000w, https:\/\/www.derbedrosian.nl\/wp-content\/uploads\/rechtsgebieden-intrekking-verblijfsvergunning-400x267.jpg 400w, https:\/\/www.derbedrosian.nl\/wp-content\/uploads\/rechtsgebieden-intrekking-verblijfsvergunning-768x512.jpg 768w\" sizes=\"auto, (max-width: 1000px) 100vw, 1000px\" title=\"\">\t\t\t\t\t<\/div>\n\n\t\t\t\t\t\t<\/div>\n\t\t\t\t<\/div>\n\t\t\t\t<div class=\"elementor-element elementor-element-510b0b4 elementor-hidden-desktop elementor-hidden-tablet elementor-hidden-mobile elementor-widget elementor-widget-heading\" data-id=\"510b0b4\" data-element_type=\"widget\" data-e-type=\"widget\" id=\"seo-word\" data-widget_type=\"heading.default\">\n\t\t\t\t<div class=\"elementor-widget-container\">\n\t\t\t\t\t<h2 class=\"elementor-heading-title elementor-size-default\">retrait du permis de s\u00e9jour<\/h2>\t\t\t\t<\/div>\n\t\t\t\t<\/div>\n\t\t\t\t<div class=\"elementor-element elementor-element-ce09e4c elementor-hidden-desktop elementor-hidden-tablet elementor-hidden-mobile elementor-widget elementor-widget-heading\" data-id=\"ce09e4c\" data-element_type=\"widget\" data-e-type=\"widget\" id=\"seo-word\" data-widget_type=\"heading.default\">\n\t\t\t\t<div class=\"elementor-widget-container\">\n\t\t\t\t\t<h5 class=\"elementor-heading-title elementor-size-default\">avocat sp\u00e9cialis\u00e9 dans les permis de s\u00e9jour<\/h5>\t\t\t\t<\/div>\n\t\t\t\t<\/div>\n\t\t\t\t<div class=\"elementor-element elementor-element-504c64c elementor-hidden-desktop elementor-hidden-tablet elementor-hidden-mobile elementor-widget elementor-widget-heading\" data-id=\"504c64c\" data-element_type=\"widget\" data-e-type=\"widget\" id=\"seo-word\" data-widget_type=\"heading.default\">\n\t\t\t\t<div class=\"elementor-widget-container\">\n\t\t\t\t\t<h5 class=\"elementor-heading-title elementor-size-default\">motifs de retrait du permis de s\u00e9jour<\/h5>\t\t\t\t<\/div>\n\t\t\t\t<\/div>\n\t\t\t\t<div class=\"elementor-element elementor-element-aea539b elementor-hidden-desktop elementor-hidden-tablet elementor-hidden-mobile elementor-widget elementor-widget-heading\" data-id=\"aea539b\" data-element_type=\"widget\" data-e-type=\"widget\" id=\"seo-word\" data-widget_type=\"heading.default\">\n\t\t\t\t<div class=\"elementor-widget-container\">\n\t\t\t\t\t<h5 class=\"elementor-heading-title elementor-size-default\">Proc\u00e9dure de retrait du permis de s\u00e9jour<\/h5>\t\t\t\t<\/div>\n\t\t\t\t<\/div>\n\t\t\t\t<div class=\"elementor-element elementor-element-9f3ea4c elementor-hidden-desktop elementor-hidden-tablet elementor-hidden-mobile elementor-widget elementor-widget-heading\" data-id=\"9f3ea4c\" data-element_type=\"widget\" data-e-type=\"widget\" id=\"seo-word\" data-widget_type=\"heading.default\">\n\t\t\t\t<div class=\"elementor-widget-container\">\n\t\t\t\t\t<h5 class=\"elementor-heading-title elementor-size-default\">plus de r\u00e9vocation du permis de s\u00e9jour IND<\/h5>\t\t\t\t<\/div>\n\t\t\t\t<\/div>\n\t\t\t\t<div class=\"elementor-element elementor-element-6a9b7e2 elementor-hidden-desktop elementor-hidden-tablet elementor-hidden-mobile elementor-widget elementor-widget-heading\" data-id=\"6a9b7e2\" data-element_type=\"widget\" data-e-type=\"widget\" id=\"seo-word\" data-widget_type=\"heading.default\">\n\t\t\t\t<div class=\"elementor-widget-container\">\n\t\t\t\t\t<h5 class=\"elementor-heading-title elementor-size-default\">avocat en droit de l'immigration enschede<\/h5>\t\t\t\t<\/div>\n\t\t\t\t<\/div>\n\t\t\t\t<div class=\"elementor-element elementor-element-97cfade elementor-hidden-desktop elementor-hidden-tablet elementor-hidden-mobile elementor-widget elementor-widget-heading\" data-id=\"97cfade\" data-element_type=\"widget\" data-e-type=\"widget\" id=\"seo-word\" data-widget_type=\"heading.default\">\n\t\t\t\t<div class=\"elementor-widget-container\">\n\t\t\t\t\t<h5 class=\"elementor-heading-title elementor-size-default\">droit des \u00e9trangers enschede<\/h5>\t\t\t\t<\/div>\n\t\t\t\t<\/div>\n\t\t\t\t<div class=\"elementor-element elementor-element-d50e981 elementor-hidden-desktop elementor-hidden-tablet elementor-hidden-mobile elementor-widget elementor-widget-heading\" data-id=\"d50e981\" data-element_type=\"widget\" data-e-type=\"widget\" id=\"seo-word\" data-widget_type=\"heading.default\">\n\t\t\t\t<div class=\"elementor-widget-container\">\n\t\t\t\t\t<h5 class=\"elementor-heading-title elementor-size-default\">avocat en droit de l'immigration overijssel<\/h5>\t\t\t\t<\/div>\n\t\t\t\t<\/div>\n\t\t\t\t<div class=\"elementor-element elementor-element-d9de11c elementor-hidden-desktop elementor-hidden-tablet elementor-hidden-mobile elementor-widget elementor-widget-heading\" data-id=\"d9de11c\" data-element_type=\"widget\" data-e-type=\"widget\" id=\"seo-word\" data-widget_type=\"heading.default\">\n\t\t\t\t<div class=\"elementor-widget-container\">\n\t\t\t\t\t<h5 class=\"elementor-heading-title elementor-size-default\">avocat enschede aliens law<\/h5>\t\t\t\t<\/div>\n\t\t\t\t<\/div>\n\t\t\t\t<div class=\"elementor-element elementor-element-69b3916 elementor-hidden-desktop elementor-hidden-tablet elementor-hidden-mobile elementor-widget elementor-widget-heading\" data-id=\"69b3916\" data-element_type=\"widget\" data-e-type=\"widget\" id=\"seo-word\" data-widget_type=\"heading.default\">\n\t\t\t\t<div class=\"elementor-widget-container\">\n\t\t\t\t\t<h5 class=\"elementor-heading-title elementor-size-default\">A Enschede et Overijssel, vous pouvez compter sur les avocats sp\u00e9cialis\u00e9s en droit de l'immigration de Derbedrosian Immigration Lawyers. Nos avocats sp\u00e9cialis\u00e9s \u00e0 Enschede ont une grande exp\u00e9rience dans les affaires de droit de l'immigration, y compris les cas de r\u00e9vocation de permis de s\u00e9jour.\n\nLa r\u00e9vocation d'un permis de s\u00e9jour est une proc\u00e9dure juridique de grande envergure. Cette proc\u00e9dure est men\u00e9e par le Service de l'Immigration et de la Naturalisation (IND) et le retrait d'un permis de s\u00e9jour doit \u00eatre motiv\u00e9 par des raisons sp\u00e9cifiques.\n\nLes raisons de la r\u00e9vocation d'un permis de s\u00e9jour peuvent varier et peuvent \u00eatre li\u00e9es \u00e0 des violations des conditions de s\u00e9jour, telles que le crime ou la fraude, ainsi que d'autres raisons juridiques.\n\nIl est tr\u00e8s important de prendre les bonnes mesures juridiques si vous \u00eates confront\u00e9 \u00e0 la r\u00e9vocation de votre permis de s\u00e9jour. Nos avocats en droit de l'immigration \u00e0 Enschede sont \u00e0 votre disposition pour vous conseiller et repr\u00e9senter vos int\u00e9r\u00eats dans les cas de proc\u00e9dures d'annulation de permis de s\u00e9jour.\n\nSi vous avez besoin d'une assistance juridique dans des cas de r\u00e9vocation de votre permis de s\u00e9jour ou d'autres questions de droit de l'immigration, n'h\u00e9sitez pas \u00e0 contacter Derbedrosian Immigration Lawyers. Nous sommes l\u00e0 pour vous aider et traiter votre dossier, et pour veiller \u00e0 ce que vos droits soient respect\u00e9s.<\/h5>\t\t\t\t<\/div>\n\t\t\t\t<\/div>\n\t\t\t\t<div class=\"elementor-element elementor-element-2d074c3 elementor-hidden-desktop elementor-hidden-tablet elementor-hidden-mobile elementor-widget elementor-widget-heading\" data-id=\"2d074c3\" data-element_type=\"widget\" data-e-type=\"widget\" id=\"seo-word\" data-widget_type=\"heading.default\">\n\t\t\t\t<div class=\"elementor-widget-container\">\n\t\t\t\t\t<h5 class=\"elementor-heading-title elementor-size-default\">principe de proportionnalit\u00e9 offre de perspective examen du retrait du permis de s\u00e9jour avec effet r\u00e9troactif mise en balance des int\u00e9r\u00eats en cas de retrait du permis de s\u00e9jour<\/h5>\t\t\t\t<\/div>\n\t\t\t\t<\/div>\n\t\t\t\t<div class=\"elementor-element elementor-element-350b769 color-scheme-inherit text-left elementor-widget elementor-widget-text-editor\" data-id=\"350b769\" data-element_type=\"widget\" data-e-type=\"widget\" data-widget_type=\"text-editor.default\">\n\t\t\t\t<div class=\"elementor-widget-container\">\n\t\t\t\t\t\t\t\t\t<p><strong>Aux Pays-Bas, la \"r\u00e9vocation du permis de s\u00e9jour\" peut avoir des cons\u00e9quences juridiques et personnelles importantes pour la personne concern\u00e9e. Un permis de s\u00e9jour est r\u00e9voqu\u00e9 si le Service de l'immigration et de la naturalisation (IND) a une raison valable d'annuler ou de r\u00e9voquer l'autorisation pr\u00e9c\u00e9demment accord\u00e9e de s\u00e9journer et de vivre aux Pays-Bas.<\/strong><\/p>\t\t\t\t\t\t\t\t<\/div>\n\t\t\t\t<\/div>\n\t\t\t\t<div class=\"elementor-element elementor-element-d5fc5d9 elementor-widget elementor-widget-spacer\" data-id=\"d5fc5d9\" data-element_type=\"widget\" data-e-type=\"widget\" data-widget_type=\"spacer.default\">\n\t\t\t\t<div class=\"elementor-widget-container\">\n\t\t\t\t\t\t\t<div class=\"elementor-spacer\">\n\t\t\t<div class=\"elementor-spacer-inner\"><\/div>\n\t\t<\/div>\n\t\t\t\t\t\t<\/div>\n\t\t\t\t<\/div>\n\t\t\t\t<div class=\"elementor-element elementor-element-d51a96a elementor-widget elementor-widget-heading\" data-id=\"d51a96a\" data-element_type=\"widget\" data-e-type=\"widget\" data-widget_type=\"heading.default\">\n\t\t\t\t<div class=\"elementor-widget-container\">\n\t\t\t\t\t<h3 class=\"elementor-heading-title elementor-size-default\">R\u00e9vocation du permis de s\u00e9jour<\/h3>\t\t\t\t<\/div>\n\t\t\t\t<\/div>\n\t\t\t\t<div class=\"elementor-element elementor-element-0d0624b color-scheme-inherit text-left elementor-widget elementor-widget-text-editor\" data-id=\"0d0624b\" data-element_type=\"widget\" data-e-type=\"widget\" data-widget_type=\"text-editor.default\">\n\t\t\t\t<div class=\"elementor-widget-container\">\n\t\t\t\t\t\t\t\t\t<p>L'annulation de votre permis de s\u00e9jour signifie que vous n'\u00eates plus autoris\u00e9 \u00e0 s\u00e9journer aux Pays-Bas. Cela peut avoir de graves cons\u00e9quences, comme le fait d'\u00eatre arr\u00eat\u00e9 par les autorit\u00e9s, d\u00e9tenu et contraint de quitter le pays. Heureusement, vous pouvez vous opposer \u00e0 cette d\u00e9cision et engager une action en justice pour contester votre situation. Il est essentiel de demander rapidement un avis juridique et de comprendre vos droits afin de formuler une r\u00e9ponse appropri\u00e9e.<\/p>\t\t\t\t\t\t\t\t<\/div>\n\t\t\t\t<\/div>\n\t\t\t\t<div class=\"elementor-element elementor-element-58372ae elementor-widget elementor-widget-spacer\" data-id=\"58372ae\" data-element_type=\"widget\" data-e-type=\"widget\" data-widget_type=\"spacer.default\">\n\t\t\t\t<div class=\"elementor-widget-container\">\n\t\t\t\t\t\t\t<div class=\"elementor-spacer\">\n\t\t\t<div class=\"elementor-spacer-inner\"><\/div>\n\t\t<\/div>\n\t\t\t\t\t\t<\/div>\n\t\t\t\t<\/div>\n\t\t\t\t<div class=\"elementor-element elementor-element-944264c elementor-widget elementor-widget-heading\" data-id=\"944264c\" data-element_type=\"widget\" data-e-type=\"widget\" data-widget_type=\"heading.default\">\n\t\t\t\t<div class=\"elementor-widget-container\">\n\t\t\t\t\t<h3 class=\"elementor-heading-title elementor-size-default\">Motifs de retrait du permis de s\u00e9jour\n<\/h3>\t\t\t\t<\/div>\n\t\t\t\t<\/div>\n\t\t\t\t<div class=\"elementor-element elementor-element-c87d8db color-scheme-inherit text-left elementor-widget elementor-widget-text-editor\" data-id=\"c87d8db\" data-element_type=\"widget\" data-e-type=\"widget\" data-widget_type=\"text-editor.default\">\n\t\t\t\t<div class=\"elementor-widget-container\">\n\t\t\t\t\t\t\t\t\t<p>Cela peut se produire pour diverses raisons, notamment<\/p><ul><li><strong>Non-respect des conditions de ressources :<\/strong>\u00a0si vos revenus sont inf\u00e9rieurs au seuil minimum fix\u00e9 ou si vous n'\u00eates pas en mesure de prouver que vous pouvez subvenir \u00e0 vos besoins.<\/li><li><strong>Ne plus \u00eatre mari\u00e9 \u00e0 son partenaire :<\/strong>\u00a0si votre permis de s\u00e9jour est fond\u00e9 sur un mariage ou un partenariat enregistr\u00e9, la fin de cette relation peut entra\u00eener la perte de votre droit de s\u00e9jour.<\/li><li><a href=\"https:\/\/www.derbedrosian.nl\/fr\/juridictions\/droit-penal\/crimes\/\"><strong>Infraction commise :<\/strong><\/a>\u00a0si vous avez commis un d\u00e9lit, vous pouvez recevoir une \"d\u00e9claration d'ind\u00e9sirable\" indiquant que vous \u00eates consid\u00e9r\u00e9 comme ind\u00e9sirable aux Pays-Bas et que vous devez quitter le pays. Cette situation peut conduire \u00e0 un d\u00e9part forc\u00e9 du pays, ce qui peut avoir de graves cons\u00e9quences sur votre statut de r\u00e9sident et votre avenir aux Pays-Bas.<\/li><li><strong>Cr\u00e9dits insuffisants :<\/strong> si vous n'obtenez pas suffisamment de cr\u00e9dits dans votre cours, l'IND peut r\u00e9voquer votre permis de s\u00e9jour<\/li><\/ul>\t\t\t\t\t\t\t\t<\/div>\n\t\t\t\t<\/div>\n\t\t\t\t<div class=\"elementor-element elementor-element-4e8d621 elementor-widget elementor-widget-spacer\" data-id=\"4e8d621\" data-element_type=\"widget\" data-e-type=\"widget\" data-widget_type=\"spacer.default\">\n\t\t\t\t<div class=\"elementor-widget-container\">\n\t\t\t\t\t\t\t<div class=\"elementor-spacer\">\n\t\t\t<div class=\"elementor-spacer-inner\"><\/div>\n\t\t<\/div>\n\t\t\t\t\t\t<\/div>\n\t\t\t\t<\/div>\n\t\t\t\t<div class=\"elementor-element elementor-element-be3e65a elementor-widget elementor-widget-heading\" data-id=\"be3e65a\" data-element_type=\"widget\" data-e-type=\"widget\" data-widget_type=\"heading.default\">\n\t\t\t\t<div class=\"elementor-widget-container\">\n\t\t\t\t\t<h3 class=\"elementor-heading-title elementor-size-default\">Proc\u00e9dure d'opposition <\/h3>\t\t\t\t<\/div>\n\t\t\t\t<\/div>\n\t\t\t\t<div class=\"elementor-element elementor-element-1cf68cf color-scheme-inherit text-left elementor-widget elementor-widget-text-editor\" data-id=\"1cf68cf\" data-element_type=\"widget\" data-e-type=\"widget\" data-widget_type=\"text-editor.default\">\n\t\t\t\t<div class=\"elementor-widget-container\">\n\t\t\t\t\t\t\t\t\t<p>Si vous n'\u00eates pas d'accord avec la r\u00e9vocation de votre permis de s\u00e9jour, vous pouvez vous y opposer. Vous devez le faire dans les quatre semaines qui suivent l'annulation de votre permis de s\u00e9jour ou le rejet d'une opposition ant\u00e9rieure. Si la d\u00e9cision a \u00e9t\u00e9 prise il y a plus longtemps, vous ne pouvez plus faire appel.<br \/>Vous trouverez ci-dessous les \u00e9tapes \u00e0 suivre pour d\u00e9poser une opposition :<\/p><ul><li><strong>Vues :<\/strong>\u00a0c'est la premi\u00e8re \u00e9tape pour montrer que vous n'\u00eates pas d'accord avec la d\u00e9cision de l'IND. Il est possible de le faire de diff\u00e9rentes mani\u00e8res, notamment verbalement, par courrier \u00e9lectronique ou par lettre.<\/li><li><strong>Objection :<\/strong>\u00a0Si votre point de vue n'est pas accept\u00e9, votre avocat peut d\u00e9poser un avis d'objection. Il exposera les raisons pour lesquelles vous n'\u00eates pas d'accord avec la d\u00e9cision de l'IND.<\/li><li><strong>Appel :<\/strong>\u00a0si l'objection est rejet\u00e9e, vous avez la possibilit\u00e9 de faire appel aupr\u00e8s du tribunal dans un d\u00e9lai de quatre semaines si vous n'\u00eates pas d'accord avec la d\u00e9cision.<\/li><li><strong>Appel :<\/strong>\u00a0si le recours est \u00e9galement rejet\u00e9, vous pouvez encore introduire un recours aupr\u00e8s de la section du droit administratif du Conseil d'\u00c9tat (ABRvS).<\/li><\/ul>\t\t\t\t\t\t\t\t<\/div>\n\t\t\t\t<\/div>\n\t\t\t\t<div class=\"elementor-element elementor-element-2347f1a elementor-widget elementor-widget-spacer\" data-id=\"2347f1a\" data-element_type=\"widget\" data-e-type=\"widget\" data-widget_type=\"spacer.default\">\n\t\t\t\t<div class=\"elementor-widget-container\">\n\t\t\t\t\t\t\t<div class=\"elementor-spacer\">\n\t\t\t<div class=\"elementor-spacer-inner\"><\/div>\n\t\t<\/div>\n\t\t\t\t\t\t<\/div>\n\t\t\t\t<\/div>\n\t\t\t\t<div class=\"elementor-element elementor-element-4436c2b elementor-widget elementor-widget-heading\" data-id=\"4436c2b\" data-element_type=\"widget\" data-e-type=\"widget\" data-widget_type=\"heading.default\">\n\t\t\t\t<div class=\"elementor-widget-container\">\n\t\t\t\t\t<h3 class=\"elementor-heading-title elementor-size-default\">Un avocat fait appel de la r\u00e9vocation de son permis de s\u00e9jour<\/h3>\t\t\t\t<\/div>\n\t\t\t\t<\/div>\n\t\t\t\t<div class=\"elementor-element elementor-element-a53ff4a color-scheme-inherit text-left elementor-widget elementor-widget-text-editor\" data-id=\"a53ff4a\" data-element_type=\"widget\" data-e-type=\"widget\" data-widget_type=\"text-editor.default\">\n\t\t\t\t<div class=\"elementor-widget-container\">\n\t\t\t\t\t\t\t\t\t<p>Le retrait du permis de s\u00e9jour peut avoir de graves cons\u00e9quences. Il est donc judicieux de demander une aide juridique.<\/p><p>Le <a href=\"https:\/\/www.derbedrosian.nl\/fr\/avocats\/\">avocats sp\u00e9cialis\u00e9s<\/a> Le cabinet d'avocats Derbedrosian poss\u00e8de une vaste exp\u00e9rience en mati\u00e8re de droit de l'immigration et peut donc vous offrir une assistance juridique professionnelle. Chez Derbedrosian, nous comprenons les probl\u00e8mes li\u00e9s \u00e0 la perte de votre statut de r\u00e9sident et n'h\u00e9sitez pas \u00e0 nous contacter pour obtenir une aide juridique suppl\u00e9mentaire.<\/p>\t\t\t\t\t\t\t\t<\/div>\n\t\t\t\t<\/div>\n\t\t\t\t\t<\/div>\n\t\t\t\t<\/div>\n\t\t\t\t<\/div>","protected":false},"excerpt":{"rendered":"<p>permis de s\u00e9jour r\u00e9voqu\u00e9 permis de s\u00e9jour avocat raisons r\u00e9vocation du permis de s\u00e9jour Proc\u00e9dure r\u00e9vocation du permis de s\u00e9jour plus r\u00e9vocation du permis de s\u00e9jour IND droit des \u00e9trangers avocat enschede droit des \u00e9trangers enschede<\/p>","protected":false},"author":1,"featured_media":0,"parent":10627,"menu_order":0,"comment_status":"closed","ping_status":"closed","template":"","meta":{"footnotes":""},"class_list":["post-10655","page","type-page","status-publish","hentry"],"_links":{"self":[{"href":"https:\/\/www.derbedrosian.nl\/fr\/wp-json\/wp\/v2\/pages\/10655","targetHints":{"allow":["GET"]}}],"collection":[{"href":"https:\/\/www.derbedrosian.nl\/fr\/wp-json\/wp\/v2\/pages"}],"about":[{"href":"https:\/\/www.derbedrosian.nl\/fr\/wp-json\/wp\/v2\/types\/page"}],"author":[{"embeddable":true,"href":"https:\/\/www.derbedrosian.nl\/fr\/wp-json\/wp\/v2\/users\/1"}],"replies":[{"embeddable":true,"href":"https:\/\/www.derbedrosian.nl\/fr\/wp-json\/wp\/v2\/comments?post=10655"}],"version-history":[{"count":0,"href":"https:\/\/www.derbedrosian.nl\/fr\/wp-json\/wp\/v2\/pages\/10655\/revisions"}],"up":[{"embeddable":true,"href":"https:\/\/www.derbedrosian.nl\/fr\/wp-json\/wp\/v2\/pages\/10627"}],"wp:attachment":[{"href":"https:\/\/www.derbedrosian.nl\/fr\/wp-json\/wp\/v2\/media?parent=10655"}],"curies":[{"name":"wp","href":"https:\/\/api.w.org\/{rel}","templated":true}]}}