{"id":10644,"date":"2023-05-26T15:07:23","date_gmt":"2023-05-26T13:07:23","guid":{"rendered":"https:\/\/derbedrosian.nl\/?page_id=10644"},"modified":"2025-12-21T15:53:43","modified_gmt":"2025-12-21T13:53:43","slug":"interdiction-dentree","status":"publish","type":"page","link":"https:\/\/www.derbedrosian.nl\/fr\/rechtsgebieden\/vreemdelingenrecht\/inreisverbod\/","title":{"rendered":"Interdiction d'entr\u00e9e"},"content":{"rendered":"<div data-elementor-type=\"wp-page\" data-elementor-id=\"10644\" class=\"elementor elementor-10644\" data-elementor-post-type=\"page\">\n\t\t\t\t<div class=\"wd-negative-gap elementor-element elementor-element-900c39d e-flex e-con-boxed e-con e-parent\" data-id=\"900c39d\" data-element_type=\"container\" data-e-type=\"container\">\n\t\t\t\t\t<div class=\"e-con-inner\">\n\t\t\t\t<div class=\"elementor-element elementor-element-91af8c7 elementor-hidden-desktop elementor-hidden-tablet elementor-hidden-mobile elementor-widget elementor-widget-wd_image_or_svg\" data-id=\"91af8c7\" data-element_type=\"widget\" data-e-type=\"widget\" id=\"seo-word\" data-widget_type=\"wd_image_or_svg.default\">\n\t\t\t\t<div class=\"elementor-widget-container\">\n\t\t\t\t\t\n\t\t<div class=\"wd-image text-left\">\n\t\t\t\t\t\t\t\t<img loading=\"lazy\" decoding=\"async\" width=\"1000\" height=\"667\" src=\"https:\/\/www.derbedrosian.nl\/wp-content\/uploads\/rechtsgebied-inreisverbod-1.jpg\" class=\"attachment-full size-full\" alt=\"Interdiction d&#039;entr\u00e9e annulation nederland avocat objection interdiction d&#039;entr\u00e9e conditions\" srcset=\"https:\/\/www.derbedrosian.nl\/wp-content\/uploads\/rechtsgebied-inreisverbod-1.jpg 1000w, https:\/\/www.derbedrosian.nl\/wp-content\/uploads\/rechtsgebied-inreisverbod-1-400x267.jpg 400w, https:\/\/www.derbedrosian.nl\/wp-content\/uploads\/rechtsgebied-inreisverbod-1-768x512.jpg 768w\" sizes=\"auto, (max-width: 1000px) 100vw, 1000px\" title=\"\">\t\t\t\t\t<\/div>\n\n\t\t\t\t\t\t<\/div>\n\t\t\t\t<\/div>\n\t\t\t\t<div class=\"elementor-element elementor-element-41c9679 elementor-hidden-desktop elementor-hidden-tablet elementor-hidden-mobile elementor-widget elementor-widget-heading\" data-id=\"41c9679\" data-element_type=\"widget\" data-e-type=\"widget\" id=\"seo-word\" data-widget_type=\"heading.default\">\n\t\t\t\t<div class=\"elementor-widget-container\">\n\t\t\t\t\t<h2 class=\"elementor-heading-title elementor-size-default\">Lev\u00e9e de l'interdiction d'entr\u00e9e Pays-Bas<\/h2>\t\t\t\t<\/div>\n\t\t\t\t<\/div>\n\t\t\t\t<div class=\"elementor-element elementor-element-96a8145 elementor-hidden-desktop elementor-hidden-tablet elementor-hidden-mobile elementor-widget elementor-widget-heading\" data-id=\"96a8145\" data-element_type=\"widget\" data-e-type=\"widget\" id=\"seo-word\" data-widget_type=\"heading.default\">\n\t\t\t\t<div class=\"elementor-widget-container\">\n\t\t\t\t\t<h5 class=\"elementor-heading-title elementor-size-default\">interdiction d'entr\u00e9e dans l'espace schengen<\/h5>\t\t\t\t<\/div>\n\t\t\t\t<\/div>\n\t\t\t\t<div class=\"elementor-element elementor-element-9437e07 elementor-hidden-desktop elementor-hidden-tablet elementor-hidden-mobile elementor-widget elementor-widget-heading\" data-id=\"9437e07\" data-element_type=\"widget\" data-e-type=\"widget\" id=\"seo-word\" data-widget_type=\"heading.default\">\n\t\t\t\t<div class=\"elementor-widget-container\">\n\t\t\t\t\t<h5 class=\"elementor-heading-title elementor-size-default\">Service de l'immigration et de la naturalisation IND<\/h5>\t\t\t\t<\/div>\n\t\t\t\t<\/div>\n\t\t\t\t<div class=\"elementor-element elementor-element-82c91eb elementor-hidden-desktop elementor-hidden-tablet elementor-hidden-mobile elementor-widget elementor-widget-heading\" data-id=\"82c91eb\" data-element_type=\"widget\" data-e-type=\"widget\" id=\"seo-word\" data-widget_type=\"heading.default\">\n\t\t\t\t<div class=\"elementor-widget-container\">\n\t\t\t\t\t<h5 class=\"elementor-heading-title elementor-size-default\">Proc\u00e9dure d'interdiction d'entr\u00e9e<\/h5>\t\t\t\t<\/div>\n\t\t\t\t<\/div>\n\t\t\t\t<div class=\"elementor-element elementor-element-8ea5823 elementor-hidden-desktop elementor-hidden-tablet elementor-hidden-mobile elementor-widget elementor-widget-heading\" data-id=\"8ea5823\" data-element_type=\"widget\" data-e-type=\"widget\" id=\"seo-word\" data-widget_type=\"heading.default\">\n\t\t\t\t<div class=\"elementor-widget-container\">\n\t\t\t\t\t<h5 class=\"elementor-heading-title elementor-size-default\">avocat en droit de l'immigration enschede<\/h5>\t\t\t\t<\/div>\n\t\t\t\t<\/div>\n\t\t\t\t<div class=\"elementor-element elementor-element-b8c5aa7 elementor-hidden-desktop elementor-hidden-tablet elementor-hidden-mobile elementor-widget elementor-widget-heading\" data-id=\"b8c5aa7\" data-element_type=\"widget\" data-e-type=\"widget\" id=\"seo-word\" data-widget_type=\"heading.default\">\n\t\t\t\t<div class=\"elementor-widget-container\">\n\t\t\t\t\t<h5 class=\"elementor-heading-title elementor-size-default\">avocat en droit de l'immigration overijssel<\/h5>\t\t\t\t<\/div>\n\t\t\t\t<\/div>\n\t\t\t\t<div class=\"elementor-element elementor-element-e116e59 elementor-hidden-desktop elementor-hidden-tablet elementor-hidden-mobile elementor-widget elementor-widget-heading\" data-id=\"e116e59\" data-element_type=\"widget\" data-e-type=\"widget\" id=\"seo-word\" data-widget_type=\"heading.default\">\n\t\t\t\t<div class=\"elementor-widget-container\">\n\t\t\t\t\t<h5 class=\"elementor-heading-title elementor-size-default\">droit des \u00e9trangers enschede<\/h5>\t\t\t\t<\/div>\n\t\t\t\t<\/div>\n\t\t\t\t<div class=\"elementor-element elementor-element-666d9c2 elementor-hidden-desktop elementor-hidden-tablet elementor-hidden-mobile elementor-widget elementor-widget-heading\" data-id=\"666d9c2\" data-element_type=\"widget\" data-e-type=\"widget\" id=\"seo-word\" data-widget_type=\"heading.default\">\n\t\t\t\t<div class=\"elementor-widget-container\">\n\t\t\t\t\t<h5 class=\"elementor-heading-title elementor-size-default\">avocat en droit de l'immigration enschede<\/h5>\t\t\t\t<\/div>\n\t\t\t\t<\/div>\n\t\t\t\t<div class=\"elementor-element elementor-element-39a117d elementor-hidden-desktop elementor-hidden-tablet elementor-hidden-mobile elementor-widget elementor-widget-heading\" data-id=\"39a117d\" data-element_type=\"widget\" data-e-type=\"widget\" id=\"seo-word\" data-widget_type=\"heading.default\">\n\t\t\t\t<div class=\"elementor-widget-container\">\n\t\t\t\t\t<h5 class=\"elementor-heading-title elementor-size-default\">Contestation de l'interdiction d'entr\u00e9e sur le territoire<\/h5>\t\t\t\t<\/div>\n\t\t\t\t<\/div>\n\t\t\t\t<div class=\"elementor-element elementor-element-3516809 color-scheme-inherit text-left elementor-widget elementor-widget-text-editor\" data-id=\"3516809\" data-element_type=\"widget\" data-e-type=\"widget\" data-widget_type=\"text-editor.default\">\n\t\t\t\t<div class=\"elementor-widget-container\">\n\t\t\t\t\t\t\t\t\t<p><strong>Une interdiction d'entr\u00e9e aux Pays-Bas est une question juridique importante qui peut affecter l'entr\u00e9e de certaines personnes dans le pays. Cette interdiction peut \u00eatre impos\u00e9e pour diverses raisons et sa dur\u00e9e peut varier.<\/strong><\/p>\t\t\t\t\t\t\t\t<\/div>\n\t\t\t\t<\/div>\n\t\t\t\t<div class=\"elementor-element elementor-element-42161f2 elementor-widget elementor-widget-spacer\" data-id=\"42161f2\" data-element_type=\"widget\" data-e-type=\"widget\" data-widget_type=\"spacer.default\">\n\t\t\t\t<div class=\"elementor-widget-container\">\n\t\t\t\t\t\t\t<div class=\"elementor-spacer\">\n\t\t\t<div class=\"elementor-spacer-inner\"><\/div>\n\t\t<\/div>\n\t\t\t\t\t\t<\/div>\n\t\t\t\t<\/div>\n\t\t\t\t<div class=\"elementor-element elementor-element-82343c2 elementor-widget elementor-widget-heading\" data-id=\"82343c2\" data-element_type=\"widget\" data-e-type=\"widget\" data-widget_type=\"heading.default\">\n\t\t\t\t<div class=\"elementor-widget-container\">\n\t\t\t\t\t<h3 class=\"elementor-heading-title elementor-size-default\">Qu'est-ce qu'une interdiction d'entr\u00e9e ?<\/h3>\t\t\t\t<\/div>\n\t\t\t\t<\/div>\n\t\t\t\t<div class=\"elementor-element elementor-element-f0f8084 color-scheme-inherit text-left elementor-widget elementor-widget-text-editor\" data-id=\"f0f8084\" data-element_type=\"widget\" data-e-type=\"widget\" data-widget_type=\"text-editor.default\">\n\t\t\t\t<div class=\"elementor-widget-container\">\n\t\t\t\t\t\t\t\t\t<p>Une interdiction d'entr\u00e9e aux Pays-Bas est une mesure qui r\u00e9glemente et restreint l'entr\u00e9e de certaines personnes dans le pays. Ces restrictions peuvent \u00eatre impos\u00e9es pour diverses raisons. Prenons l'exemple de la pand\u00e9mie de COVID-19, au cours de laquelle des restrictions de voyage ont \u00e9t\u00e9 impos\u00e9es pour limiter la propagation du virus aux Pays-Bas.<\/p><p>Une interdiction d'entr\u00e9e peut \u00e9galement \u00eatre impos\u00e9e si vous s\u00e9journez aux Pays-Bas de mani\u00e8re ill\u00e9gale, c'est-\u00e0-dire sans les documents n\u00e9cessaires, tels qu'un visa ou un permis de s\u00e9jour en cours de validit\u00e9. En outre, le d\u00e9lai de d\u00e9part pr\u00e9vu doit avoir expir\u00e9 avant qu'une interdiction d'entr\u00e9e ne prenne effet.<\/p><p>Aux Pays-Bas, plusieurs organismes gouvernementaux sont habilit\u00e9s \u00e0 imposer une interdiction d'entr\u00e9e. Il s'agit du Service de l'immigration et de la naturalisation (IND), de la Police des \u00e9trangers, de la Police portuaire et de la Police militaire royale.<\/p>\t\t\t\t\t\t\t\t<\/div>\n\t\t\t\t<\/div>\n\t\t\t\t<div class=\"elementor-element elementor-element-78b6586 elementor-widget elementor-widget-spacer\" data-id=\"78b6586\" data-element_type=\"widget\" data-e-type=\"widget\" data-widget_type=\"spacer.default\">\n\t\t\t\t<div class=\"elementor-widget-container\">\n\t\t\t\t\t\t\t<div class=\"elementor-spacer\">\n\t\t\t<div class=\"elementor-spacer-inner\"><\/div>\n\t\t<\/div>\n\t\t\t\t\t\t<\/div>\n\t\t\t\t<\/div>\n\t\t\t\t<div class=\"elementor-element elementor-element-43d029c elementor-widget elementor-widget-heading\" data-id=\"43d029c\" data-element_type=\"widget\" data-e-type=\"widget\" data-widget_type=\"heading.default\">\n\t\t\t\t<div class=\"elementor-widget-container\">\n\t\t\t\t\t<h3 class=\"elementor-heading-title elementor-size-default\">Lev\u00e9e de l'interdiction d'entr\u00e9e et conditions\n<\/h3>\t\t\t\t<\/div>\n\t\t\t\t<\/div>\n\t\t\t\t<div class=\"elementor-element elementor-element-e7f56b0 color-scheme-inherit text-left elementor-widget elementor-widget-text-editor\" data-id=\"e7f56b0\" data-element_type=\"widget\" data-e-type=\"widget\" data-widget_type=\"text-editor.default\">\n\t\t\t\t<div class=\"elementor-widget-container\">\n\t\t\t\t\t\t\t\t\t<p>Si vous souhaitez que l'interdiction d'entr\u00e9e soit lev\u00e9e, vous avez la possibilit\u00e9 de d\u00e9poser une \"demande de lev\u00e9e\". Notez que cela n'est possible que dans les situations d'urgence. Dans ce cas, vous \u00e9crivez une lettre au Service de l'immigration et de la naturalisation (IND) expliquant pourquoi vous pensez que l'interdiction d'entr\u00e9e devrait \u00eatre temporairement lev\u00e9e.<\/p><p>Pour faire cette demande, vous devez remplir les conditions suivantes.<\/p><ul><li><strong>En cas d'interdiction d'entr\u00e9e pour une dur\u00e9e de 2 ans ou moins :<\/strong>\u00a0vous devez avoir d\u00e9j\u00e0 r\u00e9sid\u00e9 en dehors des pays de l'UE\/EEE et de la Suisse pendant au moins la moiti\u00e9 de la dur\u00e9e de l'interdiction d'entr\u00e9e.<\/li><li><strong>En cas d'interdiction d'entr\u00e9e de plus de 2 ans :<\/strong>\u00a0la dispense doit \u00eatre n\u00e9cessaire dans votre situation sp\u00e9cifique.<\/li><li><strong>Important :<\/strong>\u00a0vous ne devez pas avoir commis de d\u00e9lits graves alors que vous r\u00e9sidiez hors des Pays-Bas et aucune proc\u00e9dure p\u00e9nale ne doit \u00eatre en cours contre vous \u00e0 ce moment-l\u00e0.<\/li><li><strong>Droit d'impact et d'opposition :<\/strong>\u00a0il est tr\u00e8s important de comprendre que cette r\u00e9glementation peut avoir des cons\u00e9quences importantes pour les personnes qui ont l'intention de voyager, de travailler ou de vivre aux Pays-Bas. Si vous, votre partenaire ou un membre de votre famille faites l'objet d'une interdiction d'entr\u00e9e, vous avez le droit de vous opposer \u00e0 cette interdiction.<\/li><\/ul><p>Nos avocats sp\u00e9cialis\u00e9s en droit de l'immigration sont pr\u00eats \u00e0 vous aider tout au long de ce processus et \u00e0 d\u00e9fendre vos int\u00e9r\u00eats afin que vous puissiez prendre les bonnes mesures pour rem\u00e9dier \u00e0 votre situation.<\/p>\t\t\t\t\t\t\t\t<\/div>\n\t\t\t\t<\/div>\n\t\t\t\t<div class=\"elementor-element elementor-element-e83c738 elementor-widget elementor-widget-spacer\" data-id=\"e83c738\" data-element_type=\"widget\" data-e-type=\"widget\" data-widget_type=\"spacer.default\">\n\t\t\t\t<div class=\"elementor-widget-container\">\n\t\t\t\t\t\t\t<div class=\"elementor-spacer\">\n\t\t\t<div class=\"elementor-spacer-inner\"><\/div>\n\t\t<\/div>\n\t\t\t\t\t\t<\/div>\n\t\t\t\t<\/div>\n\t\t\t\t<div class=\"elementor-element elementor-element-f3630e1 elementor-widget elementor-widget-heading\" data-id=\"f3630e1\" data-element_type=\"widget\" data-e-type=\"widget\" data-widget_type=\"heading.default\">\n\t\t\t\t<div class=\"elementor-widget-container\">\n\t\t\t\t\t<h3 class=\"elementor-heading-title elementor-size-default\">Proc\u00e9dure d'interdiction d'entr\u00e9e\n<\/h3>\t\t\t\t<\/div>\n\t\t\t\t<\/div>\n\t\t\t\t<div class=\"elementor-element elementor-element-333f5b9 color-scheme-inherit text-left elementor-widget elementor-widget-text-editor\" data-id=\"333f5b9\" data-element_type=\"widget\" data-e-type=\"widget\" data-widget_type=\"text-editor.default\">\n\t\t\t\t<div class=\"elementor-widget-container\">\n\t\t\t\t\t\t\t\t\t<p>La proc\u00e9dure pour imposer une interdiction d'entr\u00e9e aux Pays-Bas comprend les \u00e9tapes suivantes :<\/p><ul><li><strong>Annonce de l'IND :<\/strong>\u00a0la proc\u00e9dure commence par une annonce du service d'immigration et de naturalisation (IND), qui explique en d\u00e9tail les raisons pour lesquelles il a l'intention d'imposer une interdiction d'entr\u00e9e.<\/li><li><strong>D\u00e9lai de r\u00e9ponse :<\/strong>\u00a0apr\u00e8s avoir re\u00e7u cet avis, vous disposez g\u00e9n\u00e9ralement de quatre semaines pour r\u00e9pondre.<\/li><li><strong>Objection :<\/strong>\u00a0Si, malgr\u00e9 votre r\u00e9ponse et vos efforts, l'IND d\u00e9cide toujours d'imposer l'interdiction d'entr\u00e9e, vous avez le droit de vous opposer \u00e0 cette d\u00e9cision. Cela vous donne l'occasion de pr\u00e9senter \u00e0 nouveau votre cas et d'expliquer davantage vos arguments.<\/li><li><strong>Proc\u00e9dures judiciaires :<\/strong>\u00a0si votre objection \u00e0 l'IND est rejet\u00e9e, vous avez la possibilit\u00e9 d'intenter une action en justice. Il s'agit d'une proc\u00e9dure judiciaire formelle au cours de laquelle votre cas sera r\u00e9\u00e9valu\u00e9 par le pouvoir judiciaire.<\/li><\/ul><p>En r\u00e9sum\u00e9, la proc\u00e9dure d'imposition d'une interdiction d'entr\u00e9e aux Pays-Bas est une proc\u00e9dure complexe et juridiquement exigeante. Il est fortement recommand\u00e9 de demander l'aide d'un avocat exp\u00e9riment\u00e9 \u00e0 tout moment de cette proc\u00e9dure afin de prot\u00e9ger vos int\u00e9r\u00eats et d'augmenter vos chances d'obtenir un r\u00e9sultat positif.<\/p>\t\t\t\t\t\t\t\t<\/div>\n\t\t\t\t<\/div>\n\t\t\t\t<div class=\"elementor-element elementor-element-1e1b6c6 elementor-widget elementor-widget-spacer\" data-id=\"1e1b6c6\" data-element_type=\"widget\" data-e-type=\"widget\" data-widget_type=\"spacer.default\">\n\t\t\t\t<div class=\"elementor-widget-container\">\n\t\t\t\t\t\t\t<div class=\"elementor-spacer\">\n\t\t\t<div class=\"elementor-spacer-inner\"><\/div>\n\t\t<\/div>\n\t\t\t\t\t\t<\/div>\n\t\t\t\t<\/div>\n\t\t\t\t<div class=\"elementor-element elementor-element-ff7cd66 elementor-widget elementor-widget-heading\" data-id=\"ff7cd66\" data-element_type=\"widget\" data-e-type=\"widget\" data-widget_type=\"heading.default\">\n\t\t\t\t<div class=\"elementor-widget-container\">\n\t\t\t\t\t<h3 class=\"elementor-heading-title elementor-size-default\">Avocat sp\u00e9cialis\u00e9 dans l'interdiction d'entr\u00e9e\n<\/h3>\t\t\t\t<\/div>\n\t\t\t\t<\/div>\n\t\t\t\t<div class=\"elementor-element elementor-element-961e274 color-scheme-inherit text-left elementor-widget elementor-widget-text-editor\" data-id=\"961e274\" data-element_type=\"widget\" data-e-type=\"widget\" data-widget_type=\"text-editor.default\">\n\t\t\t\t<div class=\"elementor-widget-container\">\n\t\t\t\t\t\t\t\t\t<p>Si vous faites l'objet d'une interdiction d'entr\u00e9e et que vous souhaitez \u00e0 nouveau vous rendre aux Pays-Bas, il est tr\u00e8s important d'entamer une action en justice. Vous pouvez contacter l'un des organismes suivants <a href=\"https:\/\/www.derbedrosian.nl\/fr\/avocats\/\">nos avocats<\/a> du cabinet d'avocats Derbedrosian pour ses conseils et son assistance.<\/p><p>Lorsque vous nous contactez, nous vous mettons en relation avec un avocat sp\u00e9cialis\u00e9 dans les domaines suivants <a href=\"https:\/\/www.derbedrosian.nl\/fr\/juridictions\/droit-de-limmigration\/\">le droit de l'immigration.<\/a><\/p>\t\t\t\t\t\t\t\t<\/div>\n\t\t\t\t<\/div>\n\t\t\t\t\t<\/div>\n\t\t\t\t<\/div>\n\t\t\t\t<\/div>","protected":false},"excerpt":{"rendered":"<p>Lev\u00e9e de l'interdiction d'entr\u00e9e aux Pays-Bas Interdiction d'entr\u00e9e Schengen Service d'immigration et de naturalisation IND Proc\u00e9dure d'interdiction d'entr\u00e9e Avocat sp\u00e9cialis\u00e9 en droit des \u00e9trangers \u00e0 Enschede Avocat sp\u00e9cialis\u00e9 en droit des \u00e9trangers dans la province d'Overijssel Droit des \u00e9trangers \u00e0 Enschede Droit des \u00e9trangers<\/p>","protected":false},"author":1,"featured_media":0,"parent":10627,"menu_order":0,"comment_status":"closed","ping_status":"closed","template":"","meta":{"footnotes":""},"class_list":["post-10644","page","type-page","status-publish","hentry"],"_links":{"self":[{"href":"https:\/\/www.derbedrosian.nl\/fr\/wp-json\/wp\/v2\/pages\/10644","targetHints":{"allow":["GET"]}}],"collection":[{"href":"https:\/\/www.derbedrosian.nl\/fr\/wp-json\/wp\/v2\/pages"}],"about":[{"href":"https:\/\/www.derbedrosian.nl\/fr\/wp-json\/wp\/v2\/types\/page"}],"author":[{"embeddable":true,"href":"https:\/\/www.derbedrosian.nl\/fr\/wp-json\/wp\/v2\/users\/1"}],"replies":[{"embeddable":true,"href":"https:\/\/www.derbedrosian.nl\/fr\/wp-json\/wp\/v2\/comments?post=10644"}],"version-history":[{"count":0,"href":"https:\/\/www.derbedrosian.nl\/fr\/wp-json\/wp\/v2\/pages\/10644\/revisions"}],"up":[{"embeddable":true,"href":"https:\/\/www.derbedrosian.nl\/fr\/wp-json\/wp\/v2\/pages\/10627"}],"wp:attachment":[{"href":"https:\/\/www.derbedrosian.nl\/fr\/wp-json\/wp\/v2\/media?parent=10644"}],"curies":[{"name":"wp","href":"https:\/\/api.w.org\/{rel}","templated":true}]}}