{"id":10612,"date":"2023-05-26T11:04:15","date_gmt":"2023-05-26T09:04:15","guid":{"rendered":"https:\/\/derbedrosian.nl\/?page_id=10612"},"modified":"2025-12-21T15:22:57","modified_gmt":"2025-12-21T13:22:57","slug":"demande-dexecution-du-sursis","status":"publish","type":"page","link":"https:\/\/www.derbedrosian.nl\/fr\/rechtsgebieden\/strafrecht\/vordering-tenuitvoerlegging-voorwaardelijke-straf\/","title":{"rendered":"Demande d'ex\u00e9cution du sursis"},"content":{"rendered":"<div data-elementor-type=\"wp-page\" data-elementor-id=\"10612\" class=\"elementor elementor-10612\" data-elementor-post-type=\"page\">\n\t\t\t\t<div class=\"wd-negative-gap elementor-element elementor-element-d5c972d e-flex e-con-boxed e-con e-parent\" data-id=\"d5c972d\" data-element_type=\"container\" data-e-type=\"container\">\n\t\t\t\t\t<div class=\"e-con-inner\">\n\t\t\t\t<div class=\"elementor-element elementor-element-bebecf5 elementor-hidden-desktop elementor-hidden-tablet elementor-hidden-mobile elementor-widget elementor-widget-wd_image_or_svg\" data-id=\"bebecf5\" data-element_type=\"widget\" data-e-type=\"widget\" id=\"seo-word\" data-widget_type=\"wd_image_or_svg.default\">\n\t\t\t\t<div class=\"elementor-widget-container\">\n\t\t\t\t\t\n\t\t<div class=\"wd-image text-left\">\n\t\t\t\t\t\t\t\t<img loading=\"lazy\" decoding=\"async\" width=\"1000\" height=\"667\" src=\"https:\/\/www.derbedrosian.nl\/wp-content\/uploads\/rechtsgebied-vordering-tenuitvoerlegging-voorwaardelijke-straf.jpg\" class=\"attachment-full size-full\" alt=\"r\u00e9clamation ex\u00e9cution condamnation avec sursis avocat procureur juge\" srcset=\"https:\/\/www.derbedrosian.nl\/wp-content\/uploads\/rechtsgebied-vordering-tenuitvoerlegging-voorwaardelijke-straf.jpg 1000w, https:\/\/www.derbedrosian.nl\/wp-content\/uploads\/rechtsgebied-vordering-tenuitvoerlegging-voorwaardelijke-straf-400x267.jpg 400w, https:\/\/www.derbedrosian.nl\/wp-content\/uploads\/rechtsgebied-vordering-tenuitvoerlegging-voorwaardelijke-straf-768x512.jpg 768w\" sizes=\"auto, (max-width: 1000px) 100vw, 1000px\" title=\"\">\t\t\t\t\t<\/div>\n\n\t\t\t\t\t\t<\/div>\n\t\t\t\t<\/div>\n\t\t\t\t<div class=\"elementor-element elementor-element-5a74c16 elementor-hidden-desktop elementor-hidden-tablet elementor-hidden-mobile elementor-widget elementor-widget-heading\" data-id=\"5a74c16\" data-element_type=\"widget\" data-e-type=\"widget\" id=\"seo-word\" data-widget_type=\"heading.default\">\n\t\t\t\t<div class=\"elementor-widget-container\">\n\t\t\t\t\t<h2 class=\"elementor-heading-title elementor-size-default\"> qu'est-ce qu'une demande d'ex\u00e9cution du sursis ?<\/h2>\t\t\t\t<\/div>\n\t\t\t\t<\/div>\n\t\t\t\t<div class=\"elementor-element elementor-element-b0bf5ac elementor-hidden-desktop elementor-hidden-tablet elementor-hidden-mobile elementor-widget elementor-widget-heading\" data-id=\"b0bf5ac\" data-element_type=\"widget\" data-e-type=\"widget\" id=\"seo-word\" data-widget_type=\"heading.default\">\n\t\t\t\t<div class=\"elementor-widget-container\">\n\t\t\t\t\t<h5 class=\"elementor-heading-title elementor-size-default\">Avocat Demande d'ex\u00e9cution du sursis<\/h5>\t\t\t\t<\/div>\n\t\t\t\t<\/div>\n\t\t\t\t<div class=\"elementor-element elementor-element-b8554c4 elementor-hidden-desktop elementor-hidden-tablet elementor-hidden-mobile elementor-widget elementor-widget-heading\" data-id=\"b8554c4\" data-element_type=\"widget\" data-e-type=\"widget\" id=\"seo-word\" data-widget_type=\"heading.default\">\n\t\t\t\t<div class=\"elementor-widget-container\">\n\t\t\t\t\t<h5 class=\"elementor-heading-title elementor-size-default\">droit p\u00e9nal enschede<\/h5>\t\t\t\t<\/div>\n\t\t\t\t<\/div>\n\t\t\t\t<div class=\"elementor-element elementor-element-05d1f41 elementor-hidden-desktop elementor-hidden-tablet elementor-hidden-mobile elementor-widget elementor-widget-heading\" data-id=\"05d1f41\" data-element_type=\"widget\" data-e-type=\"widget\" id=\"seo-word\" data-widget_type=\"heading.default\">\n\t\t\t\t<div class=\"elementor-widget-container\">\n\t\t\t\t\t<h5 class=\"elementor-heading-title elementor-size-default\">avocat droit p\u00e9nal enschede<\/h5>\t\t\t\t<\/div>\n\t\t\t\t<\/div>\n\t\t\t\t<div class=\"elementor-element elementor-element-7957013 elementor-hidden-desktop elementor-hidden-tablet elementor-hidden-mobile elementor-widget elementor-widget-heading\" data-id=\"7957013\" data-element_type=\"widget\" data-e-type=\"widget\" id=\"seo-word\" data-widget_type=\"heading.default\">\n\t\t\t\t<div class=\"elementor-widget-container\">\n\t\t\t\t\t<h5 class=\"elementor-heading-title elementor-size-default\">avocat droit p\u00e9nal overijssel<\/h5>\t\t\t\t<\/div>\n\t\t\t\t<\/div>\n\t\t\t\t<div class=\"elementor-element elementor-element-6456930 elementor-hidden-desktop elementor-hidden-tablet elementor-hidden-mobile elementor-widget elementor-widget-heading\" data-id=\"6456930\" data-element_type=\"widget\" data-e-type=\"widget\" id=\"seo-word\" data-widget_type=\"heading.default\">\n\t\t\t\t<div class=\"elementor-widget-container\">\n\t\t\t\t\t<h5 class=\"elementor-heading-title elementor-size-default\">avocat p\u00e9nal enschede<\/h5>\t\t\t\t<\/div>\n\t\t\t\t<\/div>\n\t\t\t\t<div class=\"elementor-element elementor-element-e6347a7 elementor-hidden-desktop elementor-hidden-tablet elementor-hidden-mobile elementor-widget elementor-widget-heading\" data-id=\"e6347a7\" data-element_type=\"widget\" data-e-type=\"widget\" id=\"seo-word\" data-widget_type=\"heading.default\">\n\t\t\t\t<div class=\"elementor-widget-container\">\n\t\t\t\t\t<h5 class=\"elementor-heading-title elementor-size-default\">avis d'opposition \u00e0 l'ex\u00e9cution du sursis \u00e0 l'ex\u00e9cution de la peine<\/h5>\t\t\t\t<\/div>\n\t\t\t\t<\/div>\n\t\t\t\t<div class=\"elementor-element elementor-element-3b0f6c2 elementor-hidden-desktop elementor-hidden-tablet elementor-hidden-mobile elementor-widget elementor-widget-heading\" data-id=\"3b0f6c2\" data-element_type=\"widget\" data-e-type=\"widget\" id=\"seo-word\" data-widget_type=\"heading.default\">\n\t\t\t\t<div class=\"elementor-widget-container\">\n\t\t\t\t\t<h5 class=\"elementor-heading-title elementor-size-default\">A Enschede et Overijssel, vous pouvez compter sur les avocats experts en droit p\u00e9nal de Derbedrosian Criminal Lawyers. Nos avocats \u00e0 Enschede sont sp\u00e9cialis\u00e9s dans les affaires p\u00e9nales et offrent une assistance juridique professionnelle.\n\nUne demande d'ex\u00e9cution d'une peine avec sursis est une proc\u00e9dure judiciaire qui demande que la peine avec sursis impos\u00e9e soit encore ex\u00e9cut\u00e9e. Cela peut se produire si la personne condamn\u00e9e n'a pas respect\u00e9 les conditions impos\u00e9es.\n\nSi vous \u00eates confront\u00e9 \u00e0 une demande d'ex\u00e9cution d'une peine avec sursis, il est essentiel de demander l'assistance d'un avocat. Nos avocats \u00e0 Enschede sont \u00e0 votre disposition pour vous conseiller et repr\u00e9senter vos int\u00e9r\u00eats dans une telle proc\u00e9dure.\n\nSi vous avez besoin d'un avocat sp\u00e9cialis\u00e9 dans les demandes d'ex\u00e9cution d'une peine avec sursis, n'h\u00e9sitez pas \u00e0 contacter Derbedrosian Criminal Lawyers. Nous sommes l\u00e0 pour vous aider et traiter votre dossier.<\/h5>\t\t\t\t<\/div>\n\t\t\t\t<\/div>\n\t\t\t\t<div class=\"elementor-element elementor-element-13b61a7 color-scheme-inherit text-left elementor-widget elementor-widget-text-editor\" data-id=\"13b61a7\" data-element_type=\"widget\" data-e-type=\"widget\" data-widget_type=\"text-editor.default\">\n\t\t\t\t<div class=\"elementor-widget-container\">\n\t\t\t\t\t\t\t\t\t<p><strong>Aux Pays-Bas, les demandes d'ex\u00e9cution de peines assorties d'un sursis constituent un \u00e9l\u00e9ment important du droit p\u00e9nal. Dans ce cas, le procureur g\u00e9n\u00e9ral ou le procureur de la R\u00e9publique peut demander au tribunal de convertir la peine suspendue en une peine r\u00e9elle. Cette proc\u00e9dure vise \u00e0 garantir le respect des conditions et \u00e0 faire respecter la justice dans le cadre du droit p\u00e9nal n\u00e9erlandais.<\/strong><\/p>\t\t\t\t\t\t\t\t<\/div>\n\t\t\t\t<\/div>\n\t\t\t\t<div class=\"elementor-element elementor-element-ff19e35 elementor-widget elementor-widget-spacer\" data-id=\"ff19e35\" data-element_type=\"widget\" data-e-type=\"widget\" data-widget_type=\"spacer.default\">\n\t\t\t\t<div class=\"elementor-widget-container\">\n\t\t\t\t\t\t\t<div class=\"elementor-spacer\">\n\t\t\t<div class=\"elementor-spacer-inner\"><\/div>\n\t\t<\/div>\n\t\t\t\t\t\t<\/div>\n\t\t\t\t<\/div>\n\t\t\t\t<div class=\"elementor-element elementor-element-b45c127 elementor-widget elementor-widget-heading\" data-id=\"b45c127\" data-element_type=\"widget\" data-e-type=\"widget\" data-widget_type=\"heading.default\">\n\t\t\t\t<div class=\"elementor-widget-container\">\n\t\t\t\t\t<h3 class=\"elementor-heading-title elementor-size-default\">Demande d'ex\u00e9cution du sursis<\/h3>\t\t\t\t<\/div>\n\t\t\t\t<\/div>\n\t\t\t\t<div class=\"elementor-element elementor-element-dc13070 color-scheme-inherit text-left elementor-widget elementor-widget-text-editor\" data-id=\"dc13070\" data-element_type=\"widget\" data-e-type=\"widget\" data-widget_type=\"text-editor.default\">\n\t\t\t\t<div class=\"elementor-widget-container\">\n\t\t\t\t\t\t\t\t\t<p>Si vous avez re\u00e7u une \"demande d'ex\u00e9cution de peine avec sursis\", vous devez respecter certaines conditions g\u00e9n\u00e9rales et particuli\u00e8res. Si le procureur g\u00e9n\u00e9ral estime que vous n'avez pas respect\u00e9 ces conditions, la peine avec sursis peut \u00eatre convertie en une peine sans sursis. Par exemple, si l'une des conditions particuli\u00e8res vous oblige \u00e0 vous pr\u00e9senter au service de probation et que celui-ci estime que vous ne l'avez pas fait suffisamment, vous pouvez \u00eatre convoqu\u00e9 \u00e0 une audience du tribunal.<\/p><p>En outre, des conditions sp\u00e9cifiques peuvent \u00eatre impos\u00e9es, telles que<\/p><ul><li>Contacts obligatoires avec la probation et\/ou participation \u00e0 des cours.<\/li><li>Traitement hospitalier ou ambulatoire.<\/li><li>Surveillance \u00e9lectronique.<\/li><\/ul>\t\t\t\t\t\t\t\t<\/div>\n\t\t\t\t<\/div>\n\t\t\t\t<div class=\"elementor-element elementor-element-b2f594c elementor-widget elementor-widget-spacer\" data-id=\"b2f594c\" data-element_type=\"widget\" data-e-type=\"widget\" data-widget_type=\"spacer.default\">\n\t\t\t\t<div class=\"elementor-widget-container\">\n\t\t\t\t\t\t\t<div class=\"elementor-spacer\">\n\t\t\t<div class=\"elementor-spacer-inner\"><\/div>\n\t\t<\/div>\n\t\t\t\t\t\t<\/div>\n\t\t\t\t<\/div>\n\t\t\t\t<div class=\"elementor-element elementor-element-70b31d0 elementor-widget elementor-widget-heading\" data-id=\"70b31d0\" data-element_type=\"widget\" data-e-type=\"widget\" data-widget_type=\"heading.default\">\n\t\t\t\t<div class=\"elementor-widget-container\">\n\t\t\t\t\t<h3 class=\"elementor-heading-title elementor-size-default\">Quelle est la dur\u00e9e d'une demande d'ex\u00e9cution d'une peine assortie d'un sursis ?\n<\/h3>\t\t\t\t<\/div>\n\t\t\t\t<\/div>\n\t\t\t\t<div class=\"elementor-element elementor-element-0da0a86 color-scheme-inherit text-left elementor-widget elementor-widget-text-editor\" data-id=\"0da0a86\" data-element_type=\"widget\" data-e-type=\"widget\" data-widget_type=\"text-editor.default\">\n\t\t\t\t<div class=\"elementor-widget-container\">\n\t\t\t\t\t\t\t\t\t<p>En g\u00e9n\u00e9ral, une p\u00e9riode de probation de deux ans est impos\u00e9e dans le cadre d'une condamnation avec sursis. Pendant cette p\u00e9riode de probation, la personne condamn\u00e9e doit respecter des conditions sp\u00e9cifiques et ne pas commettre d'infractions. Il est tr\u00e8s important de respecter strictement ces conditions pour \u00e9viter que le sursis ne se transforme en une v\u00e9ritable sanction.<\/p><p>Toutefois, si, pendant cette p\u00e9riode de probation, la personne condamn\u00e9e commet une autre infraction ou ne respecte pas les conditions impos\u00e9es, le procureur a le droit de demander au tribunal d'ex\u00e9cuter la peine avec sursis. Cela signifie que la personne condamn\u00e9e devra toujours purger la peine impos\u00e9e.<\/p><p>Lorsqu'une telle demande est faite, la personne condamn\u00e9e en est inform\u00e9e par \u00e9crit. Cette notification pr\u00e9cise la date \u00e0 laquelle la demande d'ex\u00e9cution du sursis sera examin\u00e9e par le tribunal.<\/p><p>Il est essentiel que les condamn\u00e9s respectent scrupuleusement les conditions impos\u00e9es pendant la probation et ne commettent pas de nouvelles infractions pour \u00e9viter que le sursis ne soit transform\u00e9 en peine effective.<\/p><p>Le respect des conditions est essentiel pour \u00e9viter les complications juridiques et l'ex\u00e9cution de la peine.<\/p>\t\t\t\t\t\t\t\t<\/div>\n\t\t\t\t<\/div>\n\t\t\t\t<div class=\"elementor-element elementor-element-8f602a1 elementor-widget elementor-widget-spacer\" data-id=\"8f602a1\" data-element_type=\"widget\" data-e-type=\"widget\" data-widget_type=\"spacer.default\">\n\t\t\t\t<div class=\"elementor-widget-container\">\n\t\t\t\t\t\t\t<div class=\"elementor-spacer\">\n\t\t\t<div class=\"elementor-spacer-inner\"><\/div>\n\t\t<\/div>\n\t\t\t\t\t\t<\/div>\n\t\t\t\t<\/div>\n\t\t\t\t<div class=\"elementor-element elementor-element-1a06dc4 elementor-widget elementor-widget-heading\" data-id=\"1a06dc4\" data-element_type=\"widget\" data-e-type=\"widget\" data-widget_type=\"heading.default\">\n\t\t\t\t<div class=\"elementor-widget-container\">\n\t\t\t\t\t<h3 class=\"elementor-heading-title elementor-size-default\">Quel est le d\u00e9lai pour introduire une demande d'ex\u00e9cution du sursis ?\n<\/h3>\t\t\t\t<\/div>\n\t\t\t\t<\/div>\n\t\t\t\t<div class=\"elementor-element elementor-element-52808d1 color-scheme-inherit text-left elementor-widget elementor-widget-text-editor\" data-id=\"52808d1\" data-element_type=\"widget\" data-e-type=\"widget\" data-widget_type=\"text-editor.default\">\n\t\t\t\t<div class=\"elementor-widget-container\">\n\t\t\t\t\t\t\t\t\t<p>Le d\u00e9lai d'introduction d'une demande d'ex\u00e9cution d'un sursis est fix\u00e9 par la loi et suit une proc\u00e9dure claire. Le procureur a la possibilit\u00e9 d'introduire une demande d'ex\u00e9cution jusqu'\u00e0 trois mois apr\u00e8s la fin du d\u00e9lai d'\u00e9preuve.<\/p><p>Cette p\u00e9riode de trois mois permet d'\u00e9valuer le respect des conditions impos\u00e9es avant qu'une d\u00e9cision ne soit prise sur l'ex\u00e9cution de la peine. Il est important que les condamn\u00e9s soient conscients de ce d\u00e9lai et veillent \u00e0 respecter scrupuleusement les conditions impos\u00e9es pendant la p\u00e9riode de probation afin d'\u00e9viter que la condamnation avec sursis ne soit encore convertie en une peine effective.<\/p>\t\t\t\t\t\t\t\t<\/div>\n\t\t\t\t<\/div>\n\t\t\t\t<div class=\"elementor-element elementor-element-0e986ac elementor-widget elementor-widget-spacer\" data-id=\"0e986ac\" data-element_type=\"widget\" data-e-type=\"widget\" data-widget_type=\"spacer.default\">\n\t\t\t\t<div class=\"elementor-widget-container\">\n\t\t\t\t\t\t\t<div class=\"elementor-spacer\">\n\t\t\t<div class=\"elementor-spacer-inner\"><\/div>\n\t\t<\/div>\n\t\t\t\t\t\t<\/div>\n\t\t\t\t<\/div>\n\t\t\t\t<div class=\"elementor-element elementor-element-ddcffc0 elementor-widget elementor-widget-heading\" data-id=\"ddcffc0\" data-element_type=\"widget\" data-e-type=\"widget\" data-widget_type=\"heading.default\">\n\t\t\t\t<div class=\"elementor-widget-container\">\n\t\t\t\t\t<h3 class=\"elementor-heading-title elementor-size-default\">Emp\u00eacher la conversion du sursis\n<\/h3>\t\t\t\t<\/div>\n\t\t\t\t<\/div>\n\t\t\t\t<div class=\"elementor-element elementor-element-fce1590 color-scheme-inherit text-left elementor-widget elementor-widget-text-editor\" data-id=\"fce1590\" data-element_type=\"widget\" data-e-type=\"widget\" data-widget_type=\"text-editor.default\">\n\t\t\t\t<div class=\"elementor-widget-container\">\n\t\t\t\t\t\t\t\t\t<p>Au cours de l'audience, l'avocat peut expliquer au juge pourquoi vous n'avez pas pu remplir les conditions sp\u00e9ciales. Lorsque le juge examine la demande du procureur, il peut d\u00e9cider d'ex\u00e9cuter ou non la peine et de prolonger ou non la p\u00e9riode de probation.<\/p>\t\t\t\t\t\t\t\t<\/div>\n\t\t\t\t<\/div>\n\t\t\t\t<div class=\"elementor-element elementor-element-fd9dae3 elementor-widget elementor-widget-spacer\" data-id=\"fd9dae3\" data-element_type=\"widget\" data-e-type=\"widget\" data-widget_type=\"spacer.default\">\n\t\t\t\t<div class=\"elementor-widget-container\">\n\t\t\t\t\t\t\t<div class=\"elementor-spacer\">\n\t\t\t<div class=\"elementor-spacer-inner\"><\/div>\n\t\t<\/div>\n\t\t\t\t\t\t<\/div>\n\t\t\t\t<\/div>\n\t\t\t\t<div class=\"elementor-element elementor-element-1b341d9 elementor-widget elementor-widget-heading\" data-id=\"1b341d9\" data-element_type=\"widget\" data-e-type=\"widget\" data-widget_type=\"heading.default\">\n\t\t\t\t<div class=\"elementor-widget-container\">\n\t\t\t\t\t<h3 class=\"elementor-heading-title elementor-size-default\">Demande d'ex\u00e9cution du sursis avocat <\/h3>\t\t\t\t<\/div>\n\t\t\t\t<\/div>\n\t\t\t\t<div class=\"elementor-element elementor-element-94ba991 color-scheme-inherit text-left elementor-widget elementor-widget-text-editor\" data-id=\"94ba991\" data-element_type=\"widget\" data-e-type=\"widget\" data-widget_type=\"text-editor.default\">\n\t\t\t\t<div class=\"elementor-widget-container\">\n\t\t\t\t\t\t\t\t\t<p>Il est donc important de contacter <a href=\"https:\/\/www.derbedrosian.nl\/fr\/avocats\/\">un avocat sp\u00e9cialis\u00e9.<\/a><\/p><p>Les avocats du cabinet Derbedrosian sont sp\u00e9cialis\u00e9s dans les domaines suivants <a href=\"https:\/\/www.derbedrosian.nl\/fr\/juridictions\/droit-penal\/\">droit p\u00e9nal<\/a> et peut donc vous aider dans votre affaire. N'h\u00e9sitez donc pas \u00e0 nous contacter et vous serez mis en relation avec l'un de nos avocats exp\u00e9riment\u00e9s qui vous offrira des conseils et une aide juridique suppl\u00e9mentaire.<\/p>\t\t\t\t\t\t\t\t<\/div>\n\t\t\t\t<\/div>\n\t\t\t\t\t<\/div>\n\t\t\t\t<\/div>\n\t\t\t\t<\/div>","protected":false},"excerpt":{"rendered":"<p>Qu'est-ce qu'une demande d'ex\u00e9cution d'une peine avec sursis ? Avocat Demande d'ex\u00e9cution d'une peine avec sursis droit p\u00e9nal enschede avocat droit p\u00e9nal enschede avocat droit p\u00e9nal overijssel<\/p>","protected":false},"author":1,"featured_media":0,"parent":10047,"menu_order":0,"comment_status":"closed","ping_status":"closed","template":"","meta":{"footnotes":""},"class_list":["post-10612","page","type-page","status-publish","hentry"],"_links":{"self":[{"href":"https:\/\/www.derbedrosian.nl\/fr\/wp-json\/wp\/v2\/pages\/10612","targetHints":{"allow":["GET"]}}],"collection":[{"href":"https:\/\/www.derbedrosian.nl\/fr\/wp-json\/wp\/v2\/pages"}],"about":[{"href":"https:\/\/www.derbedrosian.nl\/fr\/wp-json\/wp\/v2\/types\/page"}],"author":[{"embeddable":true,"href":"https:\/\/www.derbedrosian.nl\/fr\/wp-json\/wp\/v2\/users\/1"}],"replies":[{"embeddable":true,"href":"https:\/\/www.derbedrosian.nl\/fr\/wp-json\/wp\/v2\/comments?post=10612"}],"version-history":[{"count":0,"href":"https:\/\/www.derbedrosian.nl\/fr\/wp-json\/wp\/v2\/pages\/10612\/revisions"}],"up":[{"embeddable":true,"href":"https:\/\/www.derbedrosian.nl\/fr\/wp-json\/wp\/v2\/pages\/10047"}],"wp:attachment":[{"href":"https:\/\/www.derbedrosian.nl\/fr\/wp-json\/wp\/v2\/media?parent=10612"}],"curies":[{"name":"wp","href":"https:\/\/api.w.org\/{rel}","templated":true}]}}