{"id":10607,"date":"2023-05-26T10:50:17","date_gmt":"2023-05-26T08:50:17","guid":{"rendered":"https:\/\/derbedrosian.nl\/?page_id=10607"},"modified":"2025-12-21T15:15:43","modified_gmt":"2025-12-21T13:15:43","slug":"black-out","status":"publish","type":"page","link":"https:\/\/www.derbedrosian.nl\/fr\/rechtsgebieden\/strafrecht\/verduistering\/","title":{"rendered":"Blackout"},"content":{"rendered":"<div data-elementor-type=\"wp-page\" data-elementor-id=\"10607\" class=\"elementor elementor-10607\" data-elementor-post-type=\"page\">\n\t\t\t\t<div class=\"wd-negative-gap elementor-element elementor-element-7ed9645 e-flex e-con-boxed e-con e-parent\" data-id=\"7ed9645\" data-element_type=\"container\" data-e-type=\"container\">\n\t\t\t\t\t<div class=\"e-con-inner\">\n\t\t\t\t<div class=\"elementor-element elementor-element-e338992 elementor-hidden-desktop elementor-hidden-tablet elementor-hidden-mobile elementor-widget elementor-widget-wd_image_or_svg\" data-id=\"e338992\" data-element_type=\"widget\" data-e-type=\"widget\" id=\"seo-word\" data-widget_type=\"wd_image_or_svg.default\">\n\t\t\t\t<div class=\"elementor-widget-container\">\n\t\t\t\t\t\n\t\t<div class=\"wd-image text-left\">\n\t\t\t\t\t\t\t\t<img loading=\"lazy\" decoding=\"async\" width=\"1000\" height=\"665\" src=\"https:\/\/www.derbedrosian.nl\/wp-content\/uploads\/rechtsgebied-verduistering.jpg\" class=\"attachment-full size-full\" alt=\"d\u00e9tournement de fonds avocat infraction p\u00e9nale vol casier judiciaire\" srcset=\"https:\/\/www.derbedrosian.nl\/wp-content\/uploads\/rechtsgebied-verduistering.jpg 1000w, https:\/\/www.derbedrosian.nl\/wp-content\/uploads\/rechtsgebied-verduistering-400x266.jpg 400w, https:\/\/www.derbedrosian.nl\/wp-content\/uploads\/rechtsgebied-verduistering-768x511.jpg 768w\" sizes=\"auto, (max-width: 1000px) 100vw, 1000px\" title=\"\">\t\t\t\t\t<\/div>\n\n\t\t\t\t\t\t<\/div>\n\t\t\t\t<\/div>\n\t\t\t\t<div class=\"elementor-element elementor-element-04c4080 elementor-hidden-desktop elementor-hidden-tablet elementor-hidden-mobile elementor-widget elementor-widget-heading\" data-id=\"04c4080\" data-element_type=\"widget\" data-e-type=\"widget\" id=\"seo-word\" data-widget_type=\"heading.default\">\n\t\t\t\t<div class=\"elementor-widget-container\">\n\t\t\t\t\t<h2 class=\"elementor-heading-title elementor-size-default\">avocat sp\u00e9cialis\u00e9 dans les d\u00e9tournements de fonds<\/h2>\t\t\t\t<\/div>\n\t\t\t\t<\/div>\n\t\t\t\t<div class=\"elementor-element elementor-element-92a8c8c elementor-hidden-desktop elementor-hidden-tablet elementor-hidden-mobile elementor-widget elementor-widget-heading\" data-id=\"92a8c8c\" data-element_type=\"widget\" data-e-type=\"widget\" id=\"seo-word\" data-widget_type=\"heading.default\">\n\t\t\t\t<div class=\"elementor-widget-container\">\n\t\t\t\t\t<h5 class=\"elementor-heading-title elementor-size-default\">p\u00e9nalit\u00e9 pour d\u00e9tournement de fonds<\/h5>\t\t\t\t<\/div>\n\t\t\t\t<\/div>\n\t\t\t\t<div class=\"elementor-element elementor-element-9ad3739 elementor-hidden-desktop elementor-hidden-tablet elementor-hidden-mobile elementor-widget elementor-widget-heading\" data-id=\"9ad3739\" data-element_type=\"widget\" data-e-type=\"widget\" id=\"seo-word\" data-widget_type=\"heading.default\">\n\t\t\t\t<div class=\"elementor-widget-container\">\n\t\t\t\t\t<h5 class=\"elementor-heading-title elementor-size-default\">diff\u00e9rence entre d\u00e9tournement de fonds et vol<\/h5>\t\t\t\t<\/div>\n\t\t\t\t<\/div>\n\t\t\t\t<div class=\"elementor-element elementor-element-81e28e9 elementor-hidden-desktop elementor-hidden-tablet elementor-hidden-mobile elementor-widget elementor-widget-heading\" data-id=\"81e28e9\" data-element_type=\"widget\" data-e-type=\"widget\" id=\"seo-word\" data-widget_type=\"heading.default\">\n\t\t\t\t<div class=\"elementor-widget-container\">\n\t\t\t\t\t<h5 class=\"elementor-heading-title elementor-size-default\">Si\u00e8ge TOM<\/h5>\t\t\t\t<\/div>\n\t\t\t\t<\/div>\n\t\t\t\t<div class=\"elementor-element elementor-element-afd2239 color-scheme-inherit text-left elementor-widget elementor-widget-text-editor\" data-id=\"afd2239\" data-element_type=\"widget\" data-e-type=\"widget\" data-widget_type=\"text-editor.default\">\n\t\t\t\t<div class=\"elementor-widget-container\">\n\t\t\t\t\t\t\t\t\t<p><strong>Aux Pays-Bas, le d\u00e9tournement de fonds est un <a href=\"https:\/\/www.derbedrosian.nl\/fr\/juridictions\/droit-penal\/crimes\/\">crime<\/a> Le d\u00e9tournement de fonds est une notion qui appara\u00eet dans le contexte des affaires p\u00e9nales. Mais qu'est-ce qu'un d\u00e9tournement de fonds ? Il est important de comprendre que le d\u00e9tournement de fonds est consid\u00e9r\u00e9 comme une infraction grave et qu'il peut avoir des cons\u00e9quences juridiques pour les personnes impliqu\u00e9es.<\/strong><\/p>\t\t\t\t\t\t\t\t<\/div>\n\t\t\t\t<\/div>\n\t\t\t\t<div class=\"elementor-element elementor-element-0578d9b elementor-widget elementor-widget-spacer\" data-id=\"0578d9b\" data-element_type=\"widget\" data-e-type=\"widget\" data-widget_type=\"spacer.default\">\n\t\t\t\t<div class=\"elementor-widget-container\">\n\t\t\t\t\t\t\t<div class=\"elementor-spacer\">\n\t\t\t<div class=\"elementor-spacer-inner\"><\/div>\n\t\t<\/div>\n\t\t\t\t\t\t<\/div>\n\t\t\t\t<\/div>\n\t\t\t\t<div class=\"elementor-element elementor-element-2be1a43 elementor-widget elementor-widget-heading\" data-id=\"2be1a43\" data-element_type=\"widget\" data-e-type=\"widget\" data-widget_type=\"heading.default\">\n\t\t\t\t<div class=\"elementor-widget-container\">\n\t\t\t\t\t<h3 class=\"elementor-heading-title elementor-size-default\">Qu'est-ce que le black-out ? <\/h3>\t\t\t\t<\/div>\n\t\t\t\t<\/div>\n\t\t\t\t<div class=\"elementor-element elementor-element-299ff1e color-scheme-inherit text-left elementor-widget elementor-widget-text-editor\" data-id=\"299ff1e\" data-element_type=\"widget\" data-e-type=\"widget\" data-widget_type=\"text-editor.default\">\n\t\t\t\t<div class=\"elementor-widget-container\">\n\t\t\t\t\t\t\t\t\t<p>Il y a d\u00e9tournement de fonds lorsqu'une personne refuse de restituer un bien \u00e0 son propri\u00e9taire, souvent apr\u00e8s que ce bien a \u00e9t\u00e9 lou\u00e9 ou pr\u00eat\u00e9. Le d\u00e9tournement de fonds est consid\u00e9r\u00e9 comme une infraction p\u00e9nale et est class\u00e9 comme un d\u00e9lit. Quant aux peines encourues, elles sont d\u00e9termin\u00e9es par les tribunaux en fonction des circonstances sp\u00e9cifiques de l'affaire.<\/p>\t\t\t\t\t\t\t\t<\/div>\n\t\t\t\t<\/div>\n\t\t\t\t<div class=\"elementor-element elementor-element-27eaca6 elementor-widget elementor-widget-spacer\" data-id=\"27eaca6\" data-element_type=\"widget\" data-e-type=\"widget\" data-widget_type=\"spacer.default\">\n\t\t\t\t<div class=\"elementor-widget-container\">\n\t\t\t\t\t\t\t<div class=\"elementor-spacer\">\n\t\t\t<div class=\"elementor-spacer-inner\"><\/div>\n\t\t<\/div>\n\t\t\t\t\t\t<\/div>\n\t\t\t\t<\/div>\n\t\t\t\t<div class=\"elementor-element elementor-element-2135461 elementor-widget elementor-widget-heading\" data-id=\"2135461\" data-element_type=\"widget\" data-e-type=\"widget\" data-widget_type=\"heading.default\">\n\t\t\t\t<div class=\"elementor-widget-container\">\n\t\t\t\t\t<h3 class=\"elementor-heading-title elementor-size-default\">Sanctions pour d\u00e9tournement de fonds <\/h3>\t\t\t\t<\/div>\n\t\t\t\t<\/div>\n\t\t\t\t<div class=\"elementor-element elementor-element-06e4f8b color-scheme-inherit text-left elementor-widget elementor-widget-text-editor\" data-id=\"06e4f8b\" data-element_type=\"widget\" data-e-type=\"widget\" data-widget_type=\"text-editor.default\">\n\t\t\t\t<div class=\"elementor-widget-container\">\n\t\t\t\t\t\t\t\t\t<p>Le d\u00e9tournement de fonds est passible d'une peine de trois ans d'emprisonnement ou d'une amende pouvant aller jusqu'\u00e0 la 5e cat\u00e9gorie, soit 90 000 euros.<\/p><p>Dans certains cas, une peine plus lourde peut \u00eatre impos\u00e9e, par exemple dans des circonstances plus graves :<\/p><ul><li><strong>Le terrorisme :<\/strong> d\u00e9tournement de fonds \u00e0 des fins terroristes <a href=\"https:\/\/www.derbedrosian.nl\/fr\/juridictions\/droit-penal\/crimes\/\">crime<\/a> \u00e0 pr\u00e9parer (quatre ans d'emprisonnement).<\/li><li><strong>Appel :<\/strong> le d\u00e9tournement de fonds dans l'exercice de sa profession (quatre ans d'emprisonnement), par exemple une personne travaillant comme comptable et transf\u00e9rant de l'argent sur ses propres comptes.<\/li><\/ul>\t\t\t\t\t\t\t\t<\/div>\n\t\t\t\t<\/div>\n\t\t\t\t<div class=\"elementor-element elementor-element-ab7ae9d elementor-widget elementor-widget-spacer\" data-id=\"ab7ae9d\" data-element_type=\"widget\" data-e-type=\"widget\" data-widget_type=\"spacer.default\">\n\t\t\t\t<div class=\"elementor-widget-container\">\n\t\t\t\t\t\t\t<div class=\"elementor-spacer\">\n\t\t\t<div class=\"elementor-spacer-inner\"><\/div>\n\t\t<\/div>\n\t\t\t\t\t\t<\/div>\n\t\t\t\t<\/div>\n\t\t\t\t<div class=\"elementor-element elementor-element-03ece1c elementor-widget elementor-widget-heading\" data-id=\"03ece1c\" data-element_type=\"widget\" data-e-type=\"widget\" data-widget_type=\"heading.default\">\n\t\t\t\t<div class=\"elementor-widget-container\">\n\t\t\t\t\t<h3 class=\"elementor-heading-title elementor-size-default\">Quelle est la diff\u00e9rence entre le d\u00e9tournement de fonds et le vol ?\n<\/h3>\t\t\t\t<\/div>\n\t\t\t\t<\/div>\n\t\t\t\t<div class=\"elementor-element elementor-element-90a1c97 color-scheme-inherit text-left elementor-widget elementor-widget-text-editor\" data-id=\"90a1c97\" data-element_type=\"widget\" data-e-type=\"widget\" data-widget_type=\"text-editor.default\">\n\t\t\t\t<div class=\"elementor-widget-container\">\n\t\t\t\t\t\t\t\t\t<p><a href=\"https:\/\/www.derbedrosian.nl\/fr\/juridictions\/droit-penal\/vol\/\">Vol<\/a> et le d\u00e9tournement de fonds sont initialement tr\u00e8s similaires. Dans le vol, vous prenez quelque chose qui ne vous appartient pas ; vous n'avez aucun droit sur cette chose. Dans le d\u00e9tournement de fonds, en revanche, vous aviez l\u00e9galement le bien en votre possession, mais vous ne le rendez pas. Un exemple simple de d\u00e9tournement de fonds est le fait de ne pas rendre un livre emprunt\u00e9 \u00e0 la biblioth\u00e8que. Vous \u00e9tiez autoris\u00e9 \u00e0 emprunter le livre, il vous appartenait donc l\u00e9galement. Si vous ne le rendez pas, vous commettez un d\u00e9tournement de fonds. Dans la plupart des cas, cet exemple ne fait pas l'objet de poursuites p\u00e9nales. Mais si, par exemple, il s'agit de ne pas rendre une voiture lou\u00e9e, cela devient plus grave.<\/p><p>Si nous appliquons le m\u00eame exemple au vol, le livre devrait \u00eatre vol\u00e9. Il y a vol lorsque, par exemple, quelqu'un prend le livre \u00e0 la biblioth\u00e8que sans \u00eatre membre de cette biblioth\u00e8que. En tout \u00e9tat de cause, le voleur n'avait pas le droit d'utiliser ou de prendre le livre.<\/p>\t\t\t\t\t\t\t\t<\/div>\n\t\t\t\t<\/div>\n\t\t\t\t<div class=\"elementor-element elementor-element-8c304be elementor-widget elementor-widget-spacer\" data-id=\"8c304be\" data-element_type=\"widget\" data-e-type=\"widget\" data-widget_type=\"spacer.default\">\n\t\t\t\t<div class=\"elementor-widget-container\">\n\t\t\t\t\t\t\t<div class=\"elementor-spacer\">\n\t\t\t<div class=\"elementor-spacer-inner\"><\/div>\n\t\t<\/div>\n\t\t\t\t\t\t<\/div>\n\t\t\t\t<\/div>\n\t\t\t\t<div class=\"elementor-element elementor-element-dbc25d7 elementor-widget elementor-widget-heading\" data-id=\"dbc25d7\" data-element_type=\"widget\" data-e-type=\"widget\" data-widget_type=\"heading.default\">\n\t\t\t\t<div class=\"elementor-widget-container\">\n\t\t\t\t\t<h3 class=\"elementor-heading-title elementor-size-default\">D\u00e9tournement de fonds de l'emploi\n<\/h3>\t\t\t\t<\/div>\n\t\t\t\t<\/div>\n\t\t\t\t<div class=\"elementor-element elementor-element-34a7223 color-scheme-inherit text-left elementor-widget elementor-widget-text-editor\" data-id=\"34a7223\" data-element_type=\"widget\" data-e-type=\"widget\" data-widget_type=\"text-editor.default\">\n\t\t\t\t<div class=\"elementor-widget-container\">\n\t\t\t\t\t\t\t\t\t<p>Les cas o\u00f9 une personne a vol\u00e9 des biens ou de l'argent \u00e0 son employeur sont appel\u00e9s \"d\u00e9tournement de fonds\". Ce type de d\u00e9tournement est puni plus s\u00e9v\u00e8rement et peut donner lieu \u00e0 des amendes substantielles.<a href=\"https:\/\/www.derbedrosian.nl\/fr\/juridictions\/droit-penal\/conversion-au-service-communautaire\/\"> service communautaire<\/a>. La sanction finale d\u00e9pend de plusieurs facteurs.<\/p><p>Outre les amendes pouvant aller jusqu'\u00e0 la 5e classe, le tribunal peut \u00e9galement imposer des peines compl\u00e9mentaires, ce qui signifie que certains droits peuvent \u00eatre retir\u00e9s \u00e0 la personne condamn\u00e9e.<\/p>\t\t\t\t\t\t\t\t<\/div>\n\t\t\t\t<\/div>\n\t\t\t\t<div class=\"elementor-element elementor-element-dcda209 elementor-widget elementor-widget-spacer\" data-id=\"dcda209\" data-element_type=\"widget\" data-e-type=\"widget\" data-widget_type=\"spacer.default\">\n\t\t\t\t<div class=\"elementor-widget-container\">\n\t\t\t\t\t\t\t<div class=\"elementor-spacer\">\n\t\t\t<div class=\"elementor-spacer-inner\"><\/div>\n\t\t<\/div>\n\t\t\t\t\t\t<\/div>\n\t\t\t\t<\/div>\n\t\t\t\t<div class=\"elementor-element elementor-element-c9eb235 elementor-widget elementor-widget-heading\" data-id=\"c9eb235\" data-element_type=\"widget\" data-e-type=\"widget\" data-widget_type=\"heading.default\">\n\t\t\t\t<div class=\"elementor-widget-container\">\n\t\t\t\t\t<h3 class=\"elementor-heading-title elementor-size-default\">Interrogatoire de la police<\/h3>\t\t\t\t<\/div>\n\t\t\t\t<\/div>\n\t\t\t\t<div class=\"elementor-element elementor-element-98a1a78 color-scheme-inherit text-left elementor-widget elementor-widget-text-editor\" data-id=\"98a1a78\" data-element_type=\"widget\" data-e-type=\"widget\" data-widget_type=\"text-editor.default\">\n\t\t\t\t<div class=\"elementor-widget-container\">\n\t\t\t\t\t\t\t\t\t<p>L'audition d'un policier pour d\u00e9tournement de fonds est un \u00e9l\u00e9ment important de l'enqu\u00eate sur les cas de d\u00e9tournement de fonds pr\u00e9sum\u00e9s.<\/p><p>Au cours de l'interrogatoire, des questions sont pos\u00e9es sur ce qui s'est pass\u00e9 dans le cadre du d\u00e9tournement de fonds, sur les t\u00e9moins \u00e9ventuels et sur les preuves. L'objectif est de clarifier les faits et d'\u00e9valuer s'il y a suffisamment de preuves pour porter l'affaire devant les tribunaux.<\/p><p>Il est fortement recommand\u00e9 que les suspects soient assist\u00e9s d'un avocat lors des interrogatoires de police. Cela permet de s'assurer que leurs droits sont prot\u00e9g\u00e9s et qu'ils re\u00e7oivent des conseils sur la mani\u00e8re de r\u00e9pondre aux questions pos\u00e9es.<\/p>\t\t\t\t\t\t\t\t<\/div>\n\t\t\t\t<\/div>\n\t\t\t\t<div class=\"elementor-element elementor-element-7ae8273 elementor-widget elementor-widget-spacer\" data-id=\"7ae8273\" data-element_type=\"widget\" data-e-type=\"widget\" data-widget_type=\"spacer.default\">\n\t\t\t\t<div class=\"elementor-widget-container\">\n\t\t\t\t\t\t\t<div class=\"elementor-spacer\">\n\t\t\t<div class=\"elementor-spacer-inner\"><\/div>\n\t\t<\/div>\n\t\t\t\t\t\t<\/div>\n\t\t\t\t<\/div>\n\t\t\t\t<div class=\"elementor-element elementor-element-c2a6ea1 elementor-widget elementor-widget-heading\" data-id=\"c2a6ea1\" data-element_type=\"widget\" data-e-type=\"widget\" data-widget_type=\"heading.default\">\n\t\t\t\t<div class=\"elementor-widget-container\">\n\t\t\t\t\t<h3 class=\"elementor-heading-title elementor-size-default\">Audience TOM<\/h3>\t\t\t\t<\/div>\n\t\t\t\t<\/div>\n\t\t\t\t<div class=\"elementor-element elementor-element-43c2069 color-scheme-inherit text-left elementor-widget elementor-widget-text-editor\" data-id=\"43c2069\" data-element_type=\"widget\" data-e-type=\"widget\" data-widget_type=\"text-editor.default\">\n\t\t\t\t<div class=\"elementor-widget-container\">\n\t\t\t\t\t\t\t\t\t<p>Il arrive qu'une personne soit invit\u00e9e \u00e0 une \"audition TOM\" dans le cadre d'un d\u00e9tournement de fonds. Lors d'une audition TOM, le suspect rencontre son avocat et un procureur. Au cours de cette r\u00e9union, l'affaire est discut\u00e9e et, si un accord est trouv\u00e9, l'accus\u00e9 peut accepter une proposition de transaction. Cette proposition peut consister \u00e0 payer une amende, \u00e0 suivre certaines mesures ou \u00e0 faire un don \u00e0 une organisation caritative. Si le suspect accepte la proposition et remplit les conditions convenues, l'affaire est class\u00e9e sans autre forme de proc\u00e8s.<\/p><p>L'objectif principal de l'audience TOM est d'acc\u00e9l\u00e9rer le traitement de certaines affaires p\u00e9nales et de r\u00e9duire la charge de travail des tribunaux. Elle s'applique g\u00e9n\u00e9ralement \u00e0 des affaires mineures<a href=\"https:\/\/www.derbedrosian.nl\/fr\/juridictions\/droit-penal\/crimes\/\"> crimes<\/a> lorsqu'une solution rapide et relativement simple est souhaitable. Cependant, il est important de noter que toutes les affaires p\u00e9nales ne peuvent pas faire l'objet d'une audience TOM et que la d\u00e9cision de recourir \u00e0 cette proc\u00e9dure est prise par le minist\u00e8re public.<\/p>\t\t\t\t\t\t\t\t<\/div>\n\t\t\t\t<\/div>\n\t\t\t\t<div class=\"elementor-element elementor-element-f74017e elementor-widget elementor-widget-spacer\" data-id=\"f74017e\" data-element_type=\"widget\" data-e-type=\"widget\" data-widget_type=\"spacer.default\">\n\t\t\t\t<div class=\"elementor-widget-container\">\n\t\t\t\t\t\t\t<div class=\"elementor-spacer\">\n\t\t\t<div class=\"elementor-spacer-inner\"><\/div>\n\t\t<\/div>\n\t\t\t\t\t\t<\/div>\n\t\t\t\t<\/div>\n\t\t\t\t<div class=\"elementor-element elementor-element-3b0aca3 elementor-widget elementor-widget-heading\" data-id=\"3b0aca3\" data-element_type=\"widget\" data-e-type=\"widget\" data-widget_type=\"heading.default\">\n\t\t\t\t<div class=\"elementor-widget-container\">\n\t\t\t\t\t<h3 class=\"elementor-heading-title elementor-size-default\">Avocat pour d\u00e9tournement de fonds<\/h3>\t\t\t\t<\/div>\n\t\t\t\t<\/div>\n\t\t\t\t<div class=\"elementor-element elementor-element-e5991b3 color-scheme-inherit text-left elementor-widget elementor-widget-text-editor\" data-id=\"e5991b3\" data-element_type=\"widget\" data-e-type=\"widget\" data-widget_type=\"text-editor.default\">\n\t\t\t\t<div class=\"elementor-widget-container\">\n\t\t\t\t\t\t\t\t\t<p>Si vous faites l'objet d'all\u00e9gations de d\u00e9tournement de fonds, il est essentiel de demander imm\u00e9diatement une assistance juridique.<\/p><p>En contactant l'un des <a href=\"https:\/\/www.derbedrosian.nl\/fr\/avocats\/\">nos avocats sp\u00e9cialis\u00e9s<\/a> Si vous nous contactez, nous vous garantissons un acc\u00e8s direct \u00e0 un avocat exp\u00e9riment\u00e9 qui s'occupera personnellement de votre dossier. Cet avocat ne se contentera pas de prot\u00e9ger vos droits, il vous offrira \u00e9galement des conseils et une orientation compl\u00e8te tout au long de la proc\u00e9dure judiciaire.<\/p><p>Vous pouvez compter sur l'expertise et le d\u00e9vouement du cabinet d'avocats Derbedrosian lorsque vous traversez une p\u00e9riode difficile.<\/p>\t\t\t\t\t\t\t\t<\/div>\n\t\t\t\t<\/div>\n\t\t\t\t\t<\/div>\n\t\t\t\t<\/div>\n\t\t\t\t<\/div>","protected":false},"excerpt":{"rendered":"<p>verduistering advocaat verduistering straf verschil verduistering en diefstal TOM zitting Verduistering in Nederland is een misdrijf begrip dat in de<\/p>","protected":false},"author":1,"featured_media":0,"parent":10047,"menu_order":0,"comment_status":"closed","ping_status":"closed","template":"","meta":{"footnotes":""},"class_list":["post-10607","page","type-page","status-publish","hentry"],"_links":{"self":[{"href":"https:\/\/www.derbedrosian.nl\/fr\/wp-json\/wp\/v2\/pages\/10607","targetHints":{"allow":["GET"]}}],"collection":[{"href":"https:\/\/www.derbedrosian.nl\/fr\/wp-json\/wp\/v2\/pages"}],"about":[{"href":"https:\/\/www.derbedrosian.nl\/fr\/wp-json\/wp\/v2\/types\/page"}],"author":[{"embeddable":true,"href":"https:\/\/www.derbedrosian.nl\/fr\/wp-json\/wp\/v2\/users\/1"}],"replies":[{"embeddable":true,"href":"https:\/\/www.derbedrosian.nl\/fr\/wp-json\/wp\/v2\/comments?post=10607"}],"version-history":[{"count":0,"href":"https:\/\/www.derbedrosian.nl\/fr\/wp-json\/wp\/v2\/pages\/10607\/revisions"}],"up":[{"embeddable":true,"href":"https:\/\/www.derbedrosian.nl\/fr\/wp-json\/wp\/v2\/pages\/10047"}],"wp:attachment":[{"href":"https:\/\/www.derbedrosian.nl\/fr\/wp-json\/wp\/v2\/media?parent=10607"}],"curies":[{"name":"wp","href":"https:\/\/api.w.org\/{rel}","templated":true}]}}