{"id":10547,"date":"2023-05-26T10:18:03","date_gmt":"2023-05-26T08:18:03","guid":{"rendered":"https:\/\/derbedrosian.nl\/?page_id=10547"},"modified":"2025-12-21T14:45:31","modified_gmt":"2025-12-21T12:45:31","slug":"confiscation-du-permis-de-conduire","status":"publish","type":"page","link":"https:\/\/www.derbedrosian.nl\/fr\/rechtsgebieden\/strafrecht\/rijbewijs-in-beslag-genomen\/","title":{"rendered":"Confiscation du permis de conduire"},"content":{"rendered":"<div data-elementor-type=\"wp-page\" data-elementor-id=\"10547\" class=\"elementor elementor-10547\" data-elementor-post-type=\"page\">\n\t\t\t\t<div class=\"wd-negative-gap elementor-element elementor-element-f1b907f e-flex e-con-boxed e-con e-parent\" data-id=\"f1b907f\" data-element_type=\"container\" data-e-type=\"container\">\n\t\t\t\t\t<div class=\"e-con-inner\">\n\t\t\t\t<div class=\"elementor-element elementor-element-87a6118 elementor-hidden-desktop elementor-hidden-tablet elementor-hidden-mobile elementor-widget elementor-widget-wd_image_or_svg\" data-id=\"87a6118\" data-element_type=\"widget\" data-e-type=\"widget\" id=\"seo-word\" data-widget_type=\"wd_image_or_svg.default\">\n\t\t\t\t<div class=\"elementor-widget-container\">\n\t\t\t\t\t\n\t\t<div class=\"wd-image text-left\">\n\t\t\t\t\t\t\t\t<img loading=\"lazy\" decoding=\"async\" width=\"1000\" height=\"667\" src=\"https:\/\/www.derbedrosian.nl\/wp-content\/uploads\/rechtsgebied-rijbewijs-in-beslag-genomen.jpg\" class=\"attachment-full size-full\" alt=\"permis de conduire confisqu\u00e9 que faire avocat permis de conduire confisqu\u00e9 p\u00e9nalit\u00e9\" srcset=\"https:\/\/www.derbedrosian.nl\/wp-content\/uploads\/rechtsgebied-rijbewijs-in-beslag-genomen.jpg 1000w, https:\/\/www.derbedrosian.nl\/wp-content\/uploads\/rechtsgebied-rijbewijs-in-beslag-genomen-400x267.jpg 400w, https:\/\/www.derbedrosian.nl\/wp-content\/uploads\/rechtsgebied-rijbewijs-in-beslag-genomen-768x512.jpg 768w\" sizes=\"auto, (max-width: 1000px) 100vw, 1000px\" title=\"\">\t\t\t\t\t<\/div>\n\n\t\t\t\t\t\t<\/div>\n\t\t\t\t<\/div>\n\t\t\t\t<div class=\"elementor-element elementor-element-8dc8f81 elementor-hidden-desktop elementor-hidden-tablet elementor-hidden-mobile elementor-widget elementor-widget-heading\" data-id=\"8dc8f81\" data-element_type=\"widget\" data-e-type=\"widget\" id=\"seo-word\" data-widget_type=\"heading.default\">\n\t\t\t\t<div class=\"elementor-widget-container\">\n\t\t\t\t\t<h2 class=\"elementor-heading-title elementor-size-default\">conduite en \u00e9tat d'ivresse<\/h2>\t\t\t\t<\/div>\n\t\t\t\t<\/div>\n\t\t\t\t<div class=\"elementor-element elementor-element-b678394 elementor-hidden-desktop elementor-hidden-tablet elementor-hidden-mobile elementor-widget elementor-widget-heading\" data-id=\"b678394\" data-element_type=\"widget\" data-e-type=\"widget\" id=\"seo-word\" data-widget_type=\"heading.default\">\n\t\t\t\t<div class=\"elementor-widget-container\">\n\t\t\t\t\t<h5 class=\"elementor-heading-title elementor-size-default\">permis de conduire confisqu\u00e9 saisi<\/h5>\t\t\t\t<\/div>\n\t\t\t\t<\/div>\n\t\t\t\t<div class=\"elementor-element elementor-element-0e5519a elementor-hidden-desktop elementor-hidden-tablet elementor-hidden-mobile elementor-widget elementor-widget-heading\" data-id=\"0e5519a\" data-element_type=\"widget\" data-e-type=\"widget\" id=\"seo-word\" data-widget_type=\"heading.default\">\n\t\t\t\t<div class=\"elementor-widget-container\">\n\t\t\t\t\t<h5 class=\"elementor-heading-title elementor-size-default\">mon permis de conduire a \u00e9t\u00e9 confisqu\u00e9 que faire ? <\/h5>\t\t\t\t<\/div>\n\t\t\t\t<\/div>\n\t\t\t\t<div class=\"elementor-element elementor-element-d24e106 elementor-hidden-desktop elementor-hidden-tablet elementor-hidden-mobile elementor-widget elementor-widget-heading\" data-id=\"d24e106\" data-element_type=\"widget\" data-e-type=\"widget\" id=\"seo-word\" data-widget_type=\"heading.default\">\n\t\t\t\t<div class=\"elementor-widget-container\">\n\t\t\t\t\t<h5 class=\"elementor-heading-title elementor-size-default\">plainte saisie permis de conduire saisi<\/h5>\t\t\t\t<\/div>\n\t\t\t\t<\/div>\n\t\t\t\t<div class=\"elementor-element elementor-element-4ed80a9 elementor-hidden-desktop elementor-hidden-tablet elementor-hidden-mobile elementor-widget elementor-widget-heading\" data-id=\"4ed80a9\" data-element_type=\"widget\" data-e-type=\"widget\" id=\"seo-word\" data-widget_type=\"heading.default\">\n\t\t\t\t<div class=\"elementor-widget-container\">\n\t\t\t\t\t<h5 class=\"elementor-heading-title elementor-size-default\">permis de conduire confisqu\u00e9 avocat mon permis r\u00e9cup\u00e9r\u00e9<\/h5>\t\t\t\t<\/div>\n\t\t\t\t<\/div>\n\t\t\t\t<div class=\"elementor-element elementor-element-e284f31 elementor-hidden-desktop elementor-hidden-tablet elementor-hidden-mobile elementor-widget elementor-widget-heading\" data-id=\"e284f31\" data-element_type=\"widget\" data-e-type=\"widget\" id=\"seo-word\" data-widget_type=\"heading.default\">\n\t\t\t\t<div class=\"elementor-widget-container\">\n\t\t\t\t\t<h5 class=\"elementor-heading-title elementor-size-default\">permis de conduire confisqu\u00e9 au procureur proc\u00e9dure de r\u00e9cup\u00e9ration du permis de conduire<\/h5>\t\t\t\t<\/div>\n\t\t\t\t<\/div>\n\t\t\t\t<div class=\"elementor-element elementor-element-b533a03 elementor-hidden-desktop elementor-hidden-tablet elementor-hidden-mobile elementor-widget elementor-widget-heading\" data-id=\"b533a03\" data-element_type=\"widget\" data-e-type=\"widget\" id=\"seo-word\" data-widget_type=\"heading.default\">\n\t\t\t\t<div class=\"elementor-widget-container\">\n\t\t\t\t\t<h5 class=\"elementor-heading-title elementor-size-default\">envoi du bureau central des permis de conduire<\/h5>\t\t\t\t<\/div>\n\t\t\t\t<\/div>\n\t\t\t\t<div class=\"elementor-element elementor-element-b38fe6f elementor-hidden-desktop elementor-hidden-tablet elementor-hidden-mobile elementor-widget elementor-widget-heading\" data-id=\"b38fe6f\" data-element_type=\"widget\" data-e-type=\"widget\" id=\"seo-word\" data-widget_type=\"heading.default\">\n\t\t\t\t<div class=\"elementor-widget-container\">\n\t\t\t\t\t<h5 class=\"elementor-heading-title elementor-size-default\">avocat droit p\u00e9nal overijssel<\/h5>\t\t\t\t<\/div>\n\t\t\t\t<\/div>\n\t\t\t\t<div class=\"elementor-element elementor-element-43a5ac6 elementor-hidden-desktop elementor-hidden-tablet elementor-hidden-mobile elementor-widget elementor-widget-heading\" data-id=\"43a5ac6\" data-element_type=\"widget\" data-e-type=\"widget\" id=\"seo-word\" data-widget_type=\"heading.default\">\n\t\t\t\t<div class=\"elementor-widget-container\">\n\t\t\t\t\t<h5 class=\"elementor-heading-title elementor-size-default\">avocat droit p\u00e9nal enschede<\/h5>\t\t\t\t<\/div>\n\t\t\t\t<\/div>\n\t\t\t\t<div class=\"elementor-element elementor-element-23051d2 elementor-hidden-desktop elementor-hidden-tablet elementor-hidden-mobile elementor-widget elementor-widget-heading\" data-id=\"23051d2\" data-element_type=\"widget\" data-e-type=\"widget\" id=\"seo-word\" data-widget_type=\"heading.default\">\n\t\t\t\t<div class=\"elementor-widget-container\">\n\t\t\t\t\t<h5 class=\"elementor-heading-title elementor-size-default\">droit p\u00e9nal enschede<\/h5>\t\t\t\t<\/div>\n\t\t\t\t<\/div>\n\t\t\t\t<div class=\"elementor-element elementor-element-471a272 elementor-hidden-desktop elementor-hidden-tablet elementor-hidden-mobile elementor-widget elementor-widget-heading\" data-id=\"471a272\" data-element_type=\"widget\" data-e-type=\"widget\" id=\"seo-word\" data-widget_type=\"heading.default\">\n\t\t\t\t<div class=\"elementor-widget-container\">\n\t\t\t\t\t<h5 class=\"elementor-heading-title elementor-size-default\">avocat p\u00e9nal enschede<\/h5>\t\t\t\t<\/div>\n\t\t\t\t<\/div>\n\t\t\t\t<div class=\"elementor-element elementor-element-8332f45 elementor-hidden-desktop elementor-hidden-tablet elementor-hidden-mobile elementor-widget elementor-widget-heading\" data-id=\"8332f45\" data-element_type=\"widget\" data-e-type=\"widget\" id=\"seo-word\" data-widget_type=\"heading.default\">\n\t\t\t\t<div class=\"elementor-widget-container\">\n\t\t\t\t\t<h5 class=\"elementor-heading-title elementor-size-default\">Si vous vous trouvez \u00e0 Enschede et que vous avez besoin d'une assistance juridique concernant la conduite en \u00e9tat d'ivresse et la confiscation de votre permis de conduire, vous pouvez compter sur les avocats p\u00e9nalistes de Derbedrosian Criminal Lawyers. Nos avocats \u00e0 Enschede, Overijssel, jouissent d'une excellente r\u00e9putation et sont des experts en affaires p\u00e9nales.\n\nLorsque votre permis de conduire a \u00e9t\u00e9 retir\u00e9 par le procureur, il est essentiel de savoir ce qu'il faut faire. La proc\u00e9dure de r\u00e9cup\u00e9ration du permis de conduire peut \u00eatre complexe. Votre permis de conduire est souvent envoy\u00e9 au Bureau central des permis de conduire. Dans une telle situation, il est essentiel de demander un avis juridique.\n\nNos avocats \u00e0 Enschede peuvent vous conseiller et vous assister dans la proc\u00e9dure de r\u00e9cup\u00e9ration de votre permis de conduire apr\u00e8s confiscation. Si vous \u00eates confront\u00e9 \u00e0 cette situation, n'h\u00e9sitez pas \u00e0 contacter Derbedrosian Criminal Lawyers pour obtenir une assistance juridique professionnelle.\n\n\n\n\n<\/h5>\t\t\t\t<\/div>\n\t\t\t\t<\/div>\n\t\t\t\t<div class=\"elementor-element elementor-element-83779cf color-scheme-inherit text-left elementor-widget elementor-widget-text-editor\" data-id=\"83779cf\" data-element_type=\"widget\" data-e-type=\"widget\" data-widget_type=\"text-editor.default\">\n\t\t\t\t<div class=\"elementor-widget-container\">\n\t\t\t\t\t\t\t\t\t<p><strong>Permis de conduire confisqu\u00e9 ? La confiscation de votre permis de conduire peut s'av\u00e9rer particuli\u00e8rement p\u00e9nible. En cons\u00e9quence, il se peut que vous ne soyez pas autoris\u00e9 \u00e0 conduire un v\u00e9hicule pendant une longue p\u00e9riode. Comment cela s'est-il produit et que pouvez-vous faire pour le r\u00e9cup\u00e9rer le plus rapidement possible ?<\/strong><\/p>\t\t\t\t\t\t\t\t<\/div>\n\t\t\t\t<\/div>\n\t\t\t\t<div class=\"elementor-element elementor-element-a1858b7 elementor-widget elementor-widget-spacer\" data-id=\"a1858b7\" data-element_type=\"widget\" data-e-type=\"widget\" data-widget_type=\"spacer.default\">\n\t\t\t\t<div class=\"elementor-widget-container\">\n\t\t\t\t\t\t\t<div class=\"elementor-spacer\">\n\t\t\t<div class=\"elementor-spacer-inner\"><\/div>\n\t\t<\/div>\n\t\t\t\t\t\t<\/div>\n\t\t\t\t<\/div>\n\t\t\t\t<div class=\"elementor-element elementor-element-e1fc263 elementor-widget elementor-widget-heading\" data-id=\"e1fc263\" data-element_type=\"widget\" data-e-type=\"widget\" data-widget_type=\"heading.default\">\n\t\t\t\t<div class=\"elementor-widget-container\">\n\t\t\t\t\t<h3 class=\"elementor-heading-title elementor-size-default\">Qu'entend-on exactement par \"permis de conduire confisqu\u00e9\" ?<\/h3>\t\t\t\t<\/div>\n\t\t\t\t<\/div>\n\t\t\t\t<div class=\"elementor-element elementor-element-d3d5628 color-scheme-inherit text-left elementor-widget elementor-widget-text-editor\" data-id=\"d3d5628\" data-element_type=\"widget\" data-e-type=\"widget\" data-widget_type=\"text-editor.default\">\n\t\t\t\t<div class=\"elementor-widget-container\">\n\t\t\t\t\t\t\t\t\t<p>La confiscation du permis de conduire entra\u00eene une interdiction temporaire de conduire, qui peut d\u00e9boucher sur d'autres mesures juridiques, telles que des amendes, des proc\u00e9dures judiciaires ou l'obligation de suivre un cours avant de r\u00e9cup\u00e9rer son permis. L'objectif de cette mesure est g\u00e9n\u00e9ralement d'assurer la s\u00e9curit\u00e9 routi\u00e8re et de veiller \u00e0 ce que les conducteurs qui enfreignent le code de la route ou qui conduisent sous l'influence de l'alcool soient temporairement exclus de la circulation.<\/p>\t\t\t\t\t\t\t\t<\/div>\n\t\t\t\t<\/div>\n\t\t\t\t<div class=\"elementor-element elementor-element-5114db3 elementor-widget elementor-widget-spacer\" data-id=\"5114db3\" data-element_type=\"widget\" data-e-type=\"widget\" data-widget_type=\"spacer.default\">\n\t\t\t\t<div class=\"elementor-widget-container\">\n\t\t\t\t\t\t\t<div class=\"elementor-spacer\">\n\t\t\t<div class=\"elementor-spacer-inner\"><\/div>\n\t\t<\/div>\n\t\t\t\t\t\t<\/div>\n\t\t\t\t<\/div>\n\t\t\t\t<div class=\"elementor-element elementor-element-8af88ff elementor-widget elementor-widget-heading\" data-id=\"8af88ff\" data-element_type=\"widget\" data-e-type=\"widget\" data-widget_type=\"heading.default\">\n\t\t\t\t<div class=\"elementor-widget-container\">\n\t\t\t\t\t<h3 class=\"elementor-heading-title elementor-size-default\">Motifs de saisie des preuves<\/h3>\t\t\t\t<\/div>\n\t\t\t\t<\/div>\n\t\t\t\t<div class=\"elementor-element elementor-element-82d3e6c color-scheme-inherit text-left elementor-widget elementor-widget-text-editor\" data-id=\"82d3e6c\" data-element_type=\"widget\" data-e-type=\"widget\" data-widget_type=\"text-editor.default\">\n\t\t\t\t<div class=\"elementor-widget-container\">\n\t\t\t\t\t\t\t\t\t<p>La police peut d\u00e9cider de confisquer votre permis de conduire si votre comportement pr\u00e9sente des risques importants pour la s\u00e9curit\u00e9 routi\u00e8re. Voici quelques situations dans lesquelles votre permis de conduire peut \u00eatre confisqu\u00e9, entre autres :<\/p><ul><li><strong>Consommation de drogues :<\/strong>\u00a0si vous conduisez sous l'influence de drogues et d\u00e9passez les limites fix\u00e9es \u00e0 50 microgrammes d'amph\u00e9tamine, 3 microgrammes de cannabis, 20 microgrammes de morphine ou 10 milligrammes de GHB.<\/li><li><strong>Teneur en alcool :<\/strong>\u00a0lorsque votre taux d'alcool\u00e9mie d\u00e9passe 1,3 promille. Pour les conducteurs novices, la limite est de 0,8 promille.<\/li><li><strong>Refus de se soumettre \u00e0 un test d'alcool\u00e9mie :<\/strong>\u00a0lorsque vous refusez de coop\u00e9rer \u00e0 un test d'alcool\u00e9mie, tel qu'un alcootest ou une prise de sang.<\/li><li><strong>Conduite dangereuse :<\/strong>\u00a0pour conduite dangereuse mettant en p\u00e9ril la s\u00e9curit\u00e9 routi\u00e8re.<\/li><li><strong>Exc\u00e8s de vitesse :<\/strong>\u00a0si vous d\u00e9passez de 50 kilom\u00e8tres par heure ou plus la limite de vitesse applicable. Pour les cyclomoteurs, cette mesure s'applique si vous d\u00e9passez de 30 kilom\u00e8tres par heure ou plus.<\/li><\/ul><p>La confiscation du permis de conduire dans ces situations a pour but d'assurer la s\u00e9curit\u00e9 routi\u00e8re et de r\u00e9duire les risques pour vous et les autres usagers de la route. Il est important de conduire de mani\u00e8re responsable et de respecter les r\u00e8gles de circulation applicables pour \u00e9viter tout probl\u00e8me avec votre permis de conduire.<\/p>\t\t\t\t\t\t\t\t<\/div>\n\t\t\t\t<\/div>\n\t\t\t\t<div class=\"elementor-element elementor-element-ff56a78 elementor-widget elementor-widget-spacer\" data-id=\"ff56a78\" data-element_type=\"widget\" data-e-type=\"widget\" data-widget_type=\"spacer.default\">\n\t\t\t\t<div class=\"elementor-widget-container\">\n\t\t\t\t\t\t\t<div class=\"elementor-spacer\">\n\t\t\t<div class=\"elementor-spacer-inner\"><\/div>\n\t\t<\/div>\n\t\t\t\t\t\t<\/div>\n\t\t\t\t<\/div>\n\t\t\t\t<div class=\"elementor-element elementor-element-3ced62d elementor-widget elementor-widget-heading\" data-id=\"3ced62d\" data-element_type=\"widget\" data-e-type=\"widget\" data-widget_type=\"heading.default\">\n\t\t\t\t<div class=\"elementor-widget-container\">\n\t\t\t\t\t<h3 class=\"elementor-heading-title elementor-size-default\">Y a-t-il une chance que je r\u00e9cup\u00e8re mon permis de conduire ?  <\/h3>\t\t\t\t<\/div>\n\t\t\t\t<\/div>\n\t\t\t\t<div class=\"elementor-element elementor-element-76aa59e color-scheme-inherit text-left elementor-widget elementor-widget-text-editor\" data-id=\"76aa59e\" data-element_type=\"widget\" data-e-type=\"widget\" data-widget_type=\"text-editor.default\">\n\t\t\t\t<div class=\"elementor-widget-container\">\n\t\t\t\t\t\t\t\t\t<p>Il est important de noter clairement les quelques d\u00e9tails suivants dans la plainte :<\/p><ul><li><strong>Justification de l'objection :<\/strong> Votre demande doit expliquer soigneusement pourquoi vous n'\u00eates pas d'accord avec le retrait de votre permis de conduire.<\/li><li><strong>Cons\u00e9quences suppl\u00e9mentaires :<\/strong> Vous devez \u00e9galement expliquer clairement pourquoi la saisie provisoire de votre permis de conduire aura un effet suppl\u00e9mentaire sur vous, par exemple pour des raisons m\u00e9dicales, parce que vous avez besoin de votre permis pour travailler ou parce que vous avez des obligations sociales.<\/li><li><strong>Date et signature :<\/strong> Cl\u00f4turez votre demande en indiquant la date correcte et en apposant votre signature pour qu'elle soit compl\u00e8te.<\/li><\/ul><p>Une demande bien fond\u00e9e et respectant ces lignes directrices peut vous aider \u00e0 r\u00e9cup\u00e9rer votre permis de conduire qui vous a \u00e9t\u00e9 confisqu\u00e9, en particulier pour conduite en \u00e9tat d'ivresse. Il est tr\u00e8s important de prendre cette proc\u00e9dure au s\u00e9rieux et de fournir correctement toutes les informations requises pour augmenter vos chances de succ\u00e8s.<\/p>\t\t\t\t\t\t\t\t<\/div>\n\t\t\t\t<\/div>\n\t\t\t\t<div class=\"elementor-element elementor-element-4f7609e elementor-widget elementor-widget-spacer\" data-id=\"4f7609e\" data-element_type=\"widget\" data-e-type=\"widget\" data-widget_type=\"spacer.default\">\n\t\t\t\t<div class=\"elementor-widget-container\">\n\t\t\t\t\t\t\t<div class=\"elementor-spacer\">\n\t\t\t<div class=\"elementor-spacer-inner\"><\/div>\n\t\t<\/div>\n\t\t\t\t\t\t<\/div>\n\t\t\t\t<\/div>\n\t\t\t\t<div class=\"elementor-element elementor-element-14babba elementor-widget elementor-widget-heading\" data-id=\"14babba\" data-element_type=\"widget\" data-e-type=\"widget\" data-widget_type=\"heading.default\">\n\t\t\t\t<div class=\"elementor-widget-container\">\n\t\t\t\t\t<h3 class=\"elementor-heading-title elementor-size-default\">Exon\u00e9r\u00e9<\/h3>\t\t\t\t<\/div>\n\t\t\t\t<\/div>\n\t\t\t\t<div class=\"elementor-element elementor-element-0753ab5 color-scheme-inherit text-left elementor-widget elementor-widget-text-editor\" data-id=\"0753ab5\" data-element_type=\"widget\" data-e-type=\"widget\" data-widget_type=\"text-editor.default\">\n\t\t\t\t<div class=\"elementor-widget-container\">\n\t\t\t\t\t\t\t\t\t<p>Quand serai-je acquitt\u00e9 ?<br \/>Si votre permis de conduire vous a \u00e9t\u00e9 retir\u00e9 et que vous \u00eates acquitt\u00e9 par le juge, ou si le procureur d\u00e9cide de ne pas prononcer de sanction, vous avez le droit de demander une indemnisation. Cette demande concerne le pr\u00e9judice financier que vous avez subi parce que vous n'avez pas pu conduire en raison du retrait de votre permis de conduire. Cette demande d'indemnisation est \u00e9galement r\u00e9dig\u00e9e et introduite en votre nom par l'avocat.<\/p>\t\t\t\t\t\t\t\t<\/div>\n\t\t\t\t<\/div>\n\t\t\t\t<div class=\"elementor-element elementor-element-22f2d46 elementor-widget elementor-widget-spacer\" data-id=\"22f2d46\" data-element_type=\"widget\" data-e-type=\"widget\" data-widget_type=\"spacer.default\">\n\t\t\t\t<div class=\"elementor-widget-container\">\n\t\t\t\t\t\t\t<div class=\"elementor-spacer\">\n\t\t\t<div class=\"elementor-spacer-inner\"><\/div>\n\t\t<\/div>\n\t\t\t\t\t\t<\/div>\n\t\t\t\t<\/div>\n\t\t\t\t<div class=\"elementor-element elementor-element-22a8b6e elementor-widget elementor-widget-heading\" data-id=\"22a8b6e\" data-element_type=\"widget\" data-e-type=\"widget\" data-widget_type=\"heading.default\">\n\t\t\t\t<div class=\"elementor-widget-container\">\n\t\t\t\t\t<h3 class=\"elementor-heading-title elementor-size-default\">Le retrait du permis de conduire entra\u00eene-t-il la constitution d'un casier judiciaire ?<\/h3>\t\t\t\t<\/div>\n\t\t\t\t<\/div>\n\t\t\t\t<div class=\"elementor-element elementor-element-df51862 color-scheme-inherit text-left elementor-widget elementor-widget-text-editor\" data-id=\"df51862\" data-element_type=\"widget\" data-e-type=\"widget\" data-widget_type=\"text-editor.default\">\n\t\t\t\t<div class=\"elementor-widget-container\">\n\t\t\t\t\t\t\t\t\t<p>Non, le fait que votre permis ait \u00e9t\u00e9 retir\u00e9 temporairement ou qu'il vous ait \u00e9t\u00e9 retir\u00e9 ne signifie pas automatiquement que vous aurez un casier judiciaire. Le retrait du permis de conduire est g\u00e9n\u00e9ralement une mesure administrative prise en raison d'infractions au code de la route, telles que la conduite en \u00e9tat d'ivresse ou les grands exc\u00e8s de vitesse. Cette mesure n'a pas d'incidence directe sur votre casier judiciaire.<\/p><p>Toutefois, si vous \u00eates condamn\u00e9 pour une infraction grave au code de la route entra\u00eenant le retrait de votre permis de conduire, cette condamnation peut figurer dans votre casier judiciaire, en fonction des lois et r\u00e9glementations en vigueur dans votre pays. Un casier judiciaire est g\u00e9n\u00e9ralement le r\u00e9sultat d'une condamnation p\u00e9nale pour des activit\u00e9s criminelles, et pas seulement pour des infractions routi\u00e8res.<\/p>\t\t\t\t\t\t\t\t<\/div>\n\t\t\t\t<\/div>\n\t\t\t\t<div class=\"elementor-element elementor-element-17a54f5 elementor-widget elementor-widget-spacer\" data-id=\"17a54f5\" data-element_type=\"widget\" data-e-type=\"widget\" data-widget_type=\"spacer.default\">\n\t\t\t\t<div class=\"elementor-widget-container\">\n\t\t\t\t\t\t\t<div class=\"elementor-spacer\">\n\t\t\t<div class=\"elementor-spacer-inner\"><\/div>\n\t\t<\/div>\n\t\t\t\t\t\t<\/div>\n\t\t\t\t<\/div>\n\t\t\t\t<div class=\"elementor-element elementor-element-feae0a4 elementor-widget elementor-widget-heading\" data-id=\"feae0a4\" data-element_type=\"widget\" data-e-type=\"widget\" data-widget_type=\"heading.default\">\n\t\t\t\t<div class=\"elementor-widget-container\">\n\t\t\t\t\t<h3 class=\"elementor-heading-title elementor-size-default\">Avocat charg\u00e9 de la saisie du permis de conduire<\/h3>\t\t\t\t<\/div>\n\t\t\t\t<\/div>\n\t\t\t\t<div class=\"elementor-element elementor-element-478a783 color-scheme-inherit text-left elementor-widget elementor-widget-text-editor\" data-id=\"478a783\" data-element_type=\"widget\" data-e-type=\"widget\" data-widget_type=\"text-editor.default\">\n\t\t\t\t<div class=\"elementor-widget-container\">\n\t\t\t\t\t\t\t\t\t<p>La perte de votre permis de conduire, qu'elle soit temporaire ou permanente, peut avoir un impact significatif sur votre mobilit\u00e9 et votre mode de vie. Lorsque votre permis de conduire a \u00e9t\u00e9 confisqu\u00e9, il est essentiel de demander un conseil juridique rapide et efficace.<\/p><p>Si, apr\u00e8s les 10 jours, le procureur d\u00e9cide de ne pas accorder la restitution malgr\u00e9 votre demande, le juge entendra votre plainte, qui est \u00e9galement connue du procureur, lors d'une audience. C'est \u00e0 cette occasion qu'il d\u00e9cidera d'accorder ou non la restitution provisoire. Lors de l'audience, le juge d\u00e9cidera si vous r\u00e9cup\u00e9rerez ou non votre permis de conduire. Si vous faites appel \u00e0 l'un de nos avocats sp\u00e9cialis\u00e9s dans le domaine de la <a href=\"https:\/\/www.derbedrosian.nl\/fr\/juridictions\/droit-penal\/\">droit p\u00e9nal<\/a>Ils travailleront avec vous pour essayer de r\u00e9cup\u00e9rer votre permis de conduire le plus rapidement possible.<\/p><p>D\u00e8s que vous contactez <a href=\"https:\/\/www.derbedrosian.nl\/fr\/avocats\/\">nos avocats<\/a>Nous prendrons imm\u00e9diatement des mesures pour r\u00e9cup\u00e9rer votre permis de conduire.\u00a0<\/p>\t\t\t\t\t\t\t\t<\/div>\n\t\t\t\t<\/div>\n\t\t\t\t\t<\/div>\n\t\t\t\t<\/div>\n\t\t\t\t<\/div>","protected":false},"excerpt":{"rendered":"<p>conduite sous influence confiscation du permis de conduire mon permis de conduire a \u00e9t\u00e9 confisqu\u00e9 que faire maintenant plainte contre la confiscation du permis de conduire<\/p>","protected":false},"author":1,"featured_media":0,"parent":10047,"menu_order":0,"comment_status":"closed","ping_status":"closed","template":"","meta":{"footnotes":""},"class_list":["post-10547","page","type-page","status-publish","hentry"],"_links":{"self":[{"href":"https:\/\/www.derbedrosian.nl\/fr\/wp-json\/wp\/v2\/pages\/10547","targetHints":{"allow":["GET"]}}],"collection":[{"href":"https:\/\/www.derbedrosian.nl\/fr\/wp-json\/wp\/v2\/pages"}],"about":[{"href":"https:\/\/www.derbedrosian.nl\/fr\/wp-json\/wp\/v2\/types\/page"}],"author":[{"embeddable":true,"href":"https:\/\/www.derbedrosian.nl\/fr\/wp-json\/wp\/v2\/users\/1"}],"replies":[{"embeddable":true,"href":"https:\/\/www.derbedrosian.nl\/fr\/wp-json\/wp\/v2\/comments?post=10547"}],"version-history":[{"count":0,"href":"https:\/\/www.derbedrosian.nl\/fr\/wp-json\/wp\/v2\/pages\/10547\/revisions"}],"up":[{"embeddable":true,"href":"https:\/\/www.derbedrosian.nl\/fr\/wp-json\/wp\/v2\/pages\/10047"}],"wp:attachment":[{"href":"https:\/\/www.derbedrosian.nl\/fr\/wp-json\/wp\/v2\/media?parent=10547"}],"curies":[{"name":"wp","href":"https:\/\/api.w.org\/{rel}","templated":true}]}}