{"id":10533,"date":"2023-05-26T10:10:12","date_gmt":"2023-05-26T08:10:12","guid":{"rendered":"https:\/\/derbedrosian.nl\/?page_id=10533"},"modified":"2025-12-21T14:43:14","modified_gmt":"2025-12-21T12:43:14","slug":"conversion-au-service-communautaire","status":"publish","type":"page","link":"https:\/\/www.derbedrosian.nl\/fr\/rechtsgebieden\/strafrecht\/omzetting-taakstraf\/","title":{"rendered":"Conversion des travaux d'int\u00e9r\u00eat g\u00e9n\u00e9ral"},"content":{"rendered":"<div data-elementor-type=\"wp-page\" data-elementor-id=\"10533\" class=\"elementor elementor-10533\" data-elementor-post-type=\"page\">\n\t\t\t\t<div class=\"wd-negative-gap elementor-element elementor-element-403d65c e-flex e-con-boxed e-con e-parent\" data-id=\"403d65c\" data-element_type=\"container\" data-e-type=\"container\">\n\t\t\t\t\t<div class=\"e-con-inner\">\n\t\t\t\t<div class=\"elementor-element elementor-element-2bb423b elementor-hidden-desktop elementor-hidden-tablet elementor-hidden-mobile elementor-widget elementor-widget-wd_image_or_svg\" data-id=\"2bb423b\" data-element_type=\"widget\" data-e-type=\"widget\" id=\"seo-word\" data-widget_type=\"wd_image_or_svg.default\">\n\t\t\t\t<div class=\"elementor-widget-container\">\n\t\t\t\t\t\n\t\t<div class=\"wd-image text-left\">\n\t\t\t\t\t\t\t\t<img loading=\"lazy\" decoding=\"async\" width=\"1000\" height=\"667\" src=\"https:\/\/www.derbedrosian.nl\/wp-content\/uploads\/rechtsgebied-omzetting-taakstraf.jpg\" class=\"attachment-full size-full\" alt=\"Conversion travail d&#039;int\u00e9r\u00eat g\u00e9n\u00e9ral avocat peine objection \u00e0 une peine de prison\" srcset=\"https:\/\/www.derbedrosian.nl\/wp-content\/uploads\/rechtsgebied-omzetting-taakstraf.jpg 1000w, https:\/\/www.derbedrosian.nl\/wp-content\/uploads\/rechtsgebied-omzetting-taakstraf-400x267.jpg 400w, https:\/\/www.derbedrosian.nl\/wp-content\/uploads\/rechtsgebied-omzetting-taakstraf-768x512.jpg 768w\" sizes=\"auto, (max-width: 1000px) 100vw, 1000px\" title=\"\">\t\t\t\t\t<\/div>\n\n\t\t\t\t\t\t<\/div>\n\t\t\t\t<\/div>\n\t\t\t\t<div class=\"elementor-element elementor-element-d969056 elementor-hidden-desktop elementor-hidden-tablet elementor-hidden-mobile elementor-widget elementor-widget-heading\" data-id=\"d969056\" data-element_type=\"widget\" data-e-type=\"widget\" id=\"seo-word\" data-widget_type=\"heading.default\">\n\t\t\t\t<div class=\"elementor-widget-container\">\n\t\t\t\t\t<h2 class=\"elementor-heading-title elementor-size-default\">service communautaire <\/h2>\t\t\t\t<\/div>\n\t\t\t\t<\/div>\n\t\t\t\t<div class=\"elementor-element elementor-element-f918450 elementor-hidden-desktop elementor-hidden-tablet elementor-hidden-mobile elementor-widget elementor-widget-heading\" data-id=\"f918450\" data-element_type=\"widget\" data-e-type=\"widget\" id=\"seo-word\" data-widget_type=\"heading.default\">\n\t\t\t\t<div class=\"elementor-widget-container\">\n\t\t\t\t\t<h5 class=\"elementor-heading-title elementor-size-default\">d\u00e9tention<\/h5>\t\t\t\t<\/div>\n\t\t\t\t<\/div>\n\t\t\t\t<div class=\"elementor-element elementor-element-0766c99 elementor-hidden-desktop elementor-hidden-tablet elementor-hidden-mobile elementor-widget elementor-widget-heading\" data-id=\"0766c99\" data-element_type=\"widget\" data-e-type=\"widget\" id=\"seo-word\" data-widget_type=\"heading.default\">\n\t\t\t\t<div class=\"elementor-widget-container\">\n\t\t\t\t\t<h5 class=\"elementor-heading-title elementor-size-default\">avocat sp\u00e9cialis\u00e9 dans les travaux d'int\u00e9r\u00eat g\u00e9n\u00e9ral<\/h5>\t\t\t\t<\/div>\n\t\t\t\t<\/div>\n\t\t\t\t<div class=\"elementor-element elementor-element-8c493de elementor-hidden-desktop elementor-hidden-tablet elementor-hidden-mobile elementor-widget elementor-widget-heading\" data-id=\"8c493de\" data-element_type=\"widget\" data-e-type=\"widget\" id=\"seo-word\" data-widget_type=\"heading.default\">\n\t\t\t\t<div class=\"elementor-widget-container\">\n\t\t\t\t\t<h5 class=\"elementor-heading-title elementor-size-default\">objection conversion service communautaire<\/h5>\t\t\t\t<\/div>\n\t\t\t\t<\/div>\n\t\t\t\t<div class=\"elementor-element elementor-element-7875193 elementor-hidden-desktop elementor-hidden-tablet elementor-hidden-mobile elementor-widget elementor-widget-heading\" data-id=\"7875193\" data-element_type=\"widget\" data-e-type=\"widget\" id=\"seo-word\" data-widget_type=\"heading.default\">\n\t\t\t\t<div class=\"elementor-widget-container\">\n\t\t\t\t\t<h5 class=\"elementor-heading-title elementor-size-default\">d\u00e9cision de la cour de justice sur la conversion du travail d'int\u00e9r\u00eat g\u00e9n\u00e9ral en d\u00e9tention alternative recours contre la conversion du travail d'int\u00e9r\u00eat g\u00e9n\u00e9ral<\/h5>\t\t\t\t<\/div>\n\t\t\t\t<\/div>\n\t\t\t\t<div class=\"elementor-element elementor-element-c589aee elementor-hidden-desktop elementor-hidden-tablet elementor-hidden-mobile elementor-widget elementor-widget-heading\" data-id=\"c589aee\" data-element_type=\"widget\" data-e-type=\"widget\" id=\"seo-word\" data-widget_type=\"heading.default\">\n\t\t\t\t<div class=\"elementor-widget-container\">\n\t\t\t\t\t<h5 class=\"elementor-heading-title elementor-size-default\">la justice d\u00e9cide de convertir le travail d'int\u00e9r\u00eat g\u00e9n\u00e9ral<\/h5>\t\t\t\t<\/div>\n\t\t\t\t<\/div>\n\t\t\t\t<div class=\"elementor-element elementor-element-33515d8 elementor-hidden-desktop elementor-hidden-tablet elementor-hidden-mobile elementor-widget elementor-widget-heading\" data-id=\"33515d8\" data-element_type=\"widget\" data-e-type=\"widget\" id=\"seo-word\" data-widget_type=\"heading.default\">\n\t\t\t\t<div class=\"elementor-widget-container\">\n\t\t\t\t\t<h5 class=\"elementor-heading-title elementor-size-default\">objection \u00e0 la conversion<\/h5>\t\t\t\t<\/div>\n\t\t\t\t<\/div>\n\t\t\t\t<div class=\"elementor-element elementor-element-9979f10 color-scheme-inherit text-left elementor-widget elementor-widget-text-editor\" data-id=\"9979f10\" data-element_type=\"widget\" data-e-type=\"widget\" data-widget_type=\"text-editor.default\">\n\t\t\t\t<div class=\"elementor-widget-container\">\n\t\t\t\t\t\t\t\t\t<p><strong>Une conversion de travail d'int\u00e9r\u00eat g\u00e9n\u00e9ral se produit lorsque l'ex\u00e9cution du travail d'int\u00e9r\u00eat g\u00e9n\u00e9ral ne se d\u00e9roule pas comme pr\u00e9vu ou n'est pas achev\u00e9e \u00e0 temps. Aux Pays-Bas, le syst\u00e8me du travail d'int\u00e9r\u00eat g\u00e9n\u00e9ral est une forme courante de condamnation pour les d\u00e9lits mineurs.<\/strong><\/p><p><strong>Dans ce texte, nous d\u00e9veloppons la conversion des peines de travail d'int\u00e9r\u00eat g\u00e9n\u00e9ral aux Pays-Bas, les situations dans lesquelles cela peut se produire et comment s'opposer \u00e0 une telle conversion.<\/strong><\/p>\t\t\t\t\t\t\t\t<\/div>\n\t\t\t\t<\/div>\n\t\t\t\t<div class=\"elementor-element elementor-element-8629b9d elementor-widget elementor-widget-spacer\" data-id=\"8629b9d\" data-element_type=\"widget\" data-e-type=\"widget\" data-widget_type=\"spacer.default\">\n\t\t\t\t<div class=\"elementor-widget-container\">\n\t\t\t\t\t\t\t<div class=\"elementor-spacer\">\n\t\t\t<div class=\"elementor-spacer-inner\"><\/div>\n\t\t<\/div>\n\t\t\t\t\t\t<\/div>\n\t\t\t\t<\/div>\n\t\t\t\t<div class=\"elementor-element elementor-element-41d21d2 elementor-widget elementor-widget-heading\" data-id=\"41d21d2\" data-element_type=\"widget\" data-e-type=\"widget\" data-widget_type=\"heading.default\">\n\t\t\t\t<div class=\"elementor-widget-container\">\n\t\t\t\t\t<h3 class=\"elementor-heading-title elementor-size-default\">Qu'est-ce que le service communautaire ? <\/h3>\t\t\t\t<\/div>\n\t\t\t\t<\/div>\n\t\t\t\t<div class=\"elementor-element elementor-element-2884d5e color-scheme-inherit text-left elementor-widget elementor-widget-text-editor\" data-id=\"2884d5e\" data-element_type=\"widget\" data-e-type=\"widget\" data-widget_type=\"text-editor.default\">\n\t\t\t\t<div class=\"elementor-widget-container\">\n\t\t\t\t\t\t\t\t\t<p>Le travail d'int\u00e9r\u00eat g\u00e9n\u00e9ral est une forme de sanction utilis\u00e9e pour les d\u00e9lits mineurs. Lorsque vous \u00eates condamn\u00e9 \u00e0 un travail d'int\u00e9r\u00eat g\u00e9n\u00e9ral, vous devez effectuer un travail non r\u00e9mun\u00e9r\u00e9. Aux Pays-Bas, un juge peut prononcer un maximum de 240 heures de travail d'int\u00e9r\u00eat g\u00e9n\u00e9ral pour une infraction. D'autres peines peuvent \u00eatre prononc\u00e9es en plus du travail d'int\u00e9r\u00eat g\u00e9n\u00e9ral, la peine d'emprisonnement maximale combin\u00e9e au travail d'int\u00e9r\u00eat g\u00e9n\u00e9ral \u00e9tant de 6 mois.<\/p>\t\t\t\t\t\t\t\t<\/div>\n\t\t\t\t<\/div>\n\t\t\t\t<div class=\"elementor-element elementor-element-714b365 elementor-widget elementor-widget-spacer\" data-id=\"714b365\" data-element_type=\"widget\" data-e-type=\"widget\" data-widget_type=\"spacer.default\">\n\t\t\t\t<div class=\"elementor-widget-container\">\n\t\t\t\t\t\t\t<div class=\"elementor-spacer\">\n\t\t\t<div class=\"elementor-spacer-inner\"><\/div>\n\t\t<\/div>\n\t\t\t\t\t\t<\/div>\n\t\t\t\t<\/div>\n\t\t\t\t<div class=\"elementor-element elementor-element-7a9f2e5 elementor-widget elementor-widget-heading\" data-id=\"7a9f2e5\" data-element_type=\"widget\" data-e-type=\"widget\" data-widget_type=\"heading.default\">\n\t\t\t\t<div class=\"elementor-widget-container\">\n\t\t\t\t\t<h3 class=\"elementor-heading-title elementor-size-default\">Conversion des travaux d'int\u00e9r\u00eat g\u00e9n\u00e9ral<\/h3>\t\t\t\t<\/div>\n\t\t\t\t<\/div>\n\t\t\t\t<div class=\"elementor-element elementor-element-65b8c0f color-scheme-inherit text-left elementor-widget elementor-widget-text-editor\" data-id=\"65b8c0f\" data-element_type=\"widget\" data-e-type=\"widget\" data-widget_type=\"text-editor.default\">\n\t\t\t\t<div class=\"elementor-widget-container\">\n\t\t\t\t\t\t\t\t\t<p>En g\u00e9n\u00e9ral, le travail d'int\u00e9r\u00eat g\u00e9n\u00e9ral aux Pays-Bas est bien ex\u00e9cut\u00e9, ce qui est important pour notre syst\u00e8me judiciaire. Mais parfois, malheureusement, les choses ne se passent pas comme pr\u00e9vu. Si une personne ne termine pas son travail d'int\u00e9r\u00eat g\u00e9n\u00e9ral \u00e0 temps ou si le service de probation estime qu'il ne s'est pas bien d\u00e9roul\u00e9, il se produit ce qui suit :<\/p><p>Tout d'abord, le service de probation donne un avis n\u00e9gatif au procureur g\u00e9n\u00e9ral (OM). Cela signifie qu'il estime que la personne n'a pas bien ex\u00e9cut\u00e9 son travail d'int\u00e9r\u00eat g\u00e9n\u00e9ral. Plusieurs choses peuvent alors se produire :<\/p><ul><li><strong>Travaux d'int\u00e9r\u00eat g\u00e9n\u00e9ral suppl\u00e9mentaires :<\/strong> Le procureur peut d\u00e9cider de confier \u00e0 la personne des t\u00e2ches suppl\u00e9mentaires pour compl\u00e9ter le travail d'int\u00e9r\u00eat g\u00e9n\u00e9ral initial.<\/li><li><strong>Peine d'emprisonnement :<\/strong> Parfois, le minist\u00e8re public peut d\u00e9cider de remplacer le travail d'int\u00e9r\u00eat g\u00e9n\u00e9ral par une p\u00e9riode d'emprisonnement si la personne ne fait toujours pas ce qui lui est demand\u00e9.<\/li><\/ul><p>Il est important de rappeler que le service de probation et le minist\u00e8re public s'efforcent toujours d'\u00eatre justes et \u00e9quitables. Ils examinent la situation de la personne et tentent de trouver des solutions qui prot\u00e8gent la soci\u00e9t\u00e9 et aident la personne \u00e0 remplir ses obligations. En cas de probl\u00e8me avec le travail d'int\u00e9r\u00eat g\u00e9n\u00e9ral, il est judicieux de demander un avis juridique afin de savoir ce qu'il faut faire et ce qui peut arriver.<\/p>\t\t\t\t\t\t\t\t<\/div>\n\t\t\t\t<\/div>\n\t\t\t\t<div class=\"elementor-element elementor-element-3c7c1c1 elementor-widget elementor-widget-spacer\" data-id=\"3c7c1c1\" data-element_type=\"widget\" data-e-type=\"widget\" data-widget_type=\"spacer.default\">\n\t\t\t\t<div class=\"elementor-widget-container\">\n\t\t\t\t\t\t\t<div class=\"elementor-spacer\">\n\t\t\t<div class=\"elementor-spacer-inner\"><\/div>\n\t\t<\/div>\n\t\t\t\t\t\t<\/div>\n\t\t\t\t<\/div>\n\t\t\t\t<div class=\"elementor-element elementor-element-ed68faa elementor-widget elementor-widget-heading\" data-id=\"ed68faa\" data-element_type=\"widget\" data-e-type=\"widget\" data-widget_type=\"heading.default\">\n\t\t\t\t<div class=\"elementor-widget-container\">\n\t\t\t\t\t<h3 class=\"elementor-heading-title elementor-size-default\">Quand obtenez-vous un travail d'int\u00e9r\u00eat g\u00e9n\u00e9ral ? <\/h3>\t\t\t\t<\/div>\n\t\t\t\t<\/div>\n\t\t\t\t<div class=\"elementor-element elementor-element-37dae41 color-scheme-inherit text-left elementor-widget elementor-widget-text-editor\" data-id=\"37dae41\" data-element_type=\"widget\" data-e-type=\"widget\" data-widget_type=\"text-editor.default\">\n\t\t\t\t<div class=\"elementor-widget-container\">\n\t\t\t\t\t\t\t\t\t<p>Le travail d'int\u00e9r\u00eat g\u00e9n\u00e9ral est une sanction pour les infractions mineures qui vous obligent \u00e0 effectuer un travail non r\u00e9mun\u00e9r\u00e9. Le tribunal peut imposer jusqu'\u00e0 240 heures de travail d'int\u00e9r\u00eat g\u00e9n\u00e9ral pour une infraction, souvent en combinaison avec d'autres sanctions telles que l'emprisonnement, le contr\u00f4le judiciaire ou les amendes. Lorsqu'elle est combin\u00e9e \u00e0 un travail d'int\u00e9r\u00eat g\u00e9n\u00e9ral, la peine d'emprisonnement maximale est de 6 mois.<\/p>\t\t\t\t\t\t\t\t<\/div>\n\t\t\t\t<\/div>\n\t\t\t\t<div class=\"elementor-element elementor-element-f9d5486 elementor-widget elementor-widget-spacer\" data-id=\"f9d5486\" data-element_type=\"widget\" data-e-type=\"widget\" data-widget_type=\"spacer.default\">\n\t\t\t\t<div class=\"elementor-widget-container\">\n\t\t\t\t\t\t\t<div class=\"elementor-spacer\">\n\t\t\t<div class=\"elementor-spacer-inner\"><\/div>\n\t\t<\/div>\n\t\t\t\t\t\t<\/div>\n\t\t\t\t<\/div>\n\t\t\t\t<div class=\"elementor-element elementor-element-0454f61 elementor-widget elementor-widget-heading\" data-id=\"0454f61\" data-element_type=\"widget\" data-e-type=\"widget\" data-widget_type=\"heading.default\">\n\t\t\t\t<div class=\"elementor-widget-container\">\n\t\t\t\t\t<h3 class=\"elementor-heading-title elementor-size-default\">D\u00e9tention<\/h3>\t\t\t\t<\/div>\n\t\t\t\t<\/div>\n\t\t\t\t<div class=\"elementor-element elementor-element-262b18b color-scheme-inherit text-left elementor-widget elementor-widget-text-editor\" data-id=\"262b18b\" data-element_type=\"widget\" data-e-type=\"widget\" data-widget_type=\"text-editor.default\">\n\t\t\t\t<div class=\"elementor-widget-container\">\n\t\t\t\t\t\t\t\t\t<p>Dans presque tous les cas, le procureur d\u00e9cidera que la partie du travail d'int\u00e9r\u00eat g\u00e9n\u00e9ral non ex\u00e9cut\u00e9e sera remplac\u00e9e par une garde de substitution. C'est ce qu'on appelle la conversion du travail d'int\u00e9r\u00eat g\u00e9n\u00e9ral en d\u00e9tention de substitution. Cela signifie que pour 2 heures non effectu\u00e9es dans le cadre du travail d'int\u00e9r\u00eat g\u00e9n\u00e9ral, 1 jour de d\u00e9tention de substitution sera ex\u00e9cut\u00e9.<\/p><p>La personne doit alors passer un certain temps en prison au lieu d'effectuer le travail d'int\u00e9r\u00eat g\u00e9n\u00e9ral restant. La dur\u00e9e exacte de la d\u00e9tention de substitution est souvent calcul\u00e9e sur la base d'un ratio, par exemple 1 jour de d\u00e9tention pour 2 heures de travail d'int\u00e9r\u00eat g\u00e9n\u00e9ral non effectu\u00e9es.<\/p>\t\t\t\t\t\t\t\t<\/div>\n\t\t\t\t<\/div>\n\t\t\t\t<div class=\"elementor-element elementor-element-b8767c6 elementor-widget elementor-widget-spacer\" data-id=\"b8767c6\" data-element_type=\"widget\" data-e-type=\"widget\" data-widget_type=\"spacer.default\">\n\t\t\t\t<div class=\"elementor-widget-container\">\n\t\t\t\t\t\t\t<div class=\"elementor-spacer\">\n\t\t\t<div class=\"elementor-spacer-inner\"><\/div>\n\t\t<\/div>\n\t\t\t\t\t\t<\/div>\n\t\t\t\t<\/div>\n\t\t\t\t<div class=\"elementor-element elementor-element-b306af1 elementor-widget elementor-widget-heading\" data-id=\"b306af1\" data-element_type=\"widget\" data-e-type=\"widget\" data-widget_type=\"heading.default\">\n\t\t\t\t<div class=\"elementor-widget-container\">\n\t\t\t\t\t<h3 class=\"elementor-heading-title elementor-size-default\">Objection \u00e0 la conversion du travail d'int\u00e9r\u00eat g\u00e9n\u00e9ral  <\/h3>\t\t\t\t<\/div>\n\t\t\t\t<\/div>\n\t\t\t\t<div class=\"elementor-element elementor-element-f6bf1d4 color-scheme-inherit text-left elementor-widget elementor-widget-text-editor\" data-id=\"f6bf1d4\" data-element_type=\"widget\" data-e-type=\"widget\" data-widget_type=\"text-editor.default\">\n\t\t\t\t<div class=\"elementor-widget-container\">\n\t\t\t\t\t\t\t\t\t<p>Une fois que la personne condamn\u00e9e a \u00e9t\u00e9 inform\u00e9e de la conversion, elle dispose d'un d\u00e9lai de 14 jours pour faire appel de cette d\u00e9cision. Pendant cette p\u00e9riode cruciale, il est fortement recommand\u00e9 de demander l'avis d'un juriste professionnel.<\/p><p>L'acte d'appel, qui est un document juridique important, peut \u00eatre d\u00e9pos\u00e9 aupr\u00e8s du juge qui a prononc\u00e9 la peine \u00e0 l'origine. Pour r\u00e9diger correctement cet acte d'appel, il faut avoir une connaissance approfondie de la proc\u00e9dure judiciaire et des lois applicables.<\/p><p>Le cabinet d'avocats Derbedrosian a <a href=\"https:\/\/www.derbedrosian.nl\/fr\/avocats\/\">avocats sp\u00e9cialis\u00e9s en droit p\u00e9nal<\/a> qui savent comment pr\u00e9senter au mieux votre dossier pour \u00e9viter que votre peine de travail d'int\u00e9r\u00eat g\u00e9n\u00e9ral ne soit commu\u00e9e. Nous sommes pr\u00eats \u00e0 vous aider et \u00e0 d\u00e9fendre vos int\u00e9r\u00eats.<\/p>\t\t\t\t\t\t\t\t<\/div>\n\t\t\t\t<\/div>\n\t\t\t\t\t<\/div>\n\t\t\t\t<\/div>\n\t\t\t\t<\/div>","protected":false},"excerpt":{"rendered":"<p>service d'int\u00e9r\u00eat g\u00e9n\u00e9ral d\u00e9tention service d'int\u00e9r\u00eat g\u00e9n\u00e9ral avocat objection \u00e0 la conversion du service d'int\u00e9r\u00eat g\u00e9n\u00e9ral de la justice d\u00e9cision de convertir le service d'int\u00e9r\u00eat g\u00e9n\u00e9ral en d\u00e9tention provisoire objection \u00e0 la conversion du service d'int\u00e9r\u00eat g\u00e9n\u00e9ral de la justice.<\/p>","protected":false},"author":1,"featured_media":0,"parent":10047,"menu_order":0,"comment_status":"closed","ping_status":"closed","template":"","meta":{"footnotes":""},"class_list":["post-10533","page","type-page","status-publish","hentry"],"_links":{"self":[{"href":"https:\/\/www.derbedrosian.nl\/fr\/wp-json\/wp\/v2\/pages\/10533","targetHints":{"allow":["GET"]}}],"collection":[{"href":"https:\/\/www.derbedrosian.nl\/fr\/wp-json\/wp\/v2\/pages"}],"about":[{"href":"https:\/\/www.derbedrosian.nl\/fr\/wp-json\/wp\/v2\/types\/page"}],"author":[{"embeddable":true,"href":"https:\/\/www.derbedrosian.nl\/fr\/wp-json\/wp\/v2\/users\/1"}],"replies":[{"embeddable":true,"href":"https:\/\/www.derbedrosian.nl\/fr\/wp-json\/wp\/v2\/comments?post=10533"}],"version-history":[{"count":0,"href":"https:\/\/www.derbedrosian.nl\/fr\/wp-json\/wp\/v2\/pages\/10533\/revisions"}],"up":[{"embeddable":true,"href":"https:\/\/www.derbedrosian.nl\/fr\/wp-json\/wp\/v2\/pages\/10047"}],"wp:attachment":[{"href":"https:\/\/www.derbedrosian.nl\/fr\/wp-json\/wp\/v2\/media?parent=10533"}],"curies":[{"name":"wp","href":"https:\/\/api.w.org\/{rel}","templated":true}]}}