{"id":10528,"date":"2023-05-26T10:02:17","date_gmt":"2023-05-26T08:02:17","guid":{"rendered":"https:\/\/derbedrosian.nl\/?page_id=10528"},"modified":"2025-12-21T14:40:36","modified_gmt":"2025-12-21T12:40:36","slug":"a-laudition-de-la-decision-de-sanction","status":"publish","type":"page","link":"https:\/\/www.derbedrosian.nl\/fr\/rechtsgebieden\/strafrecht\/om-zitting-strafbeschikking\/","title":{"rendered":"Audience du procureur g\u00e9n\u00e9ral \/ ordonnance de sanction"},"content":{"rendered":"<div data-elementor-type=\"wp-page\" data-elementor-id=\"10528\" class=\"elementor elementor-10528\" data-elementor-post-type=\"page\">\n\t\t\t\t<div class=\"wd-negative-gap elementor-element elementor-element-0b266c1 e-flex e-con-boxed e-con e-parent\" data-id=\"0b266c1\" data-element_type=\"container\" data-e-type=\"container\">\n\t\t\t\t\t<div class=\"e-con-inner\">\n\t\t\t\t<div class=\"elementor-element elementor-element-fe57f7f elementor-hidden-desktop elementor-hidden-tablet elementor-hidden-mobile elementor-widget elementor-widget-wd_image_or_svg\" data-id=\"fe57f7f\" data-element_type=\"widget\" data-e-type=\"widget\" id=\"seo-word\" data-widget_type=\"wd_image_or_svg.default\">\n\t\t\t\t<div class=\"elementor-widget-container\">\n\t\t\t\t\t\n\t\t<div class=\"wd-image text-left\">\n\t\t\t\t\t\t\t\t<img loading=\"lazy\" decoding=\"async\" width=\"1000\" height=\"667\" src=\"https:\/\/www.derbedrosian.nl\/wp-content\/uploads\/rechtsgebied-om-zitting-strafbeschikking.jpg\" class=\"attachment-full size-full\" alt=\"Procureur public audience sanction avocat indemnisation travail d&#039;int\u00e9r\u00eat g\u00e9n\u00e9ral procureur\" srcset=\"https:\/\/www.derbedrosian.nl\/wp-content\/uploads\/rechtsgebied-om-zitting-strafbeschikking.jpg 1000w, https:\/\/www.derbedrosian.nl\/wp-content\/uploads\/rechtsgebied-om-zitting-strafbeschikking-400x267.jpg 400w, https:\/\/www.derbedrosian.nl\/wp-content\/uploads\/rechtsgebied-om-zitting-strafbeschikking-768x512.jpg 768w\" sizes=\"auto, (max-width: 1000px) 100vw, 1000px\" title=\"\">\t\t\t\t\t<\/div>\n\n\t\t\t\t\t\t<\/div>\n\t\t\t\t<\/div>\n\t\t\t\t<div class=\"elementor-element elementor-element-99bc5a8 elementor-hidden-desktop elementor-hidden-tablet elementor-hidden-mobile elementor-widget elementor-widget-heading\" data-id=\"99bc5a8\" data-element_type=\"widget\" data-e-type=\"widget\" id=\"seo-word\" data-widget_type=\"heading.default\">\n\t\t\t\t<div class=\"elementor-widget-container\">\n\t\t\t\t\t<h2 class=\"elementor-heading-title elementor-size-default\">punition<\/h2>\t\t\t\t<\/div>\n\t\t\t\t<\/div>\n\t\t\t\t<div class=\"elementor-element elementor-element-6bf90c9 elementor-hidden-desktop elementor-hidden-tablet elementor-hidden-mobile elementor-widget elementor-widget-heading\" data-id=\"6bf90c9\" data-element_type=\"widget\" data-e-type=\"widget\" id=\"seo-word\" data-widget_type=\"heading.default\">\n\t\t\t\t<div class=\"elementor-widget-container\">\n\t\t\t\t\t<h5 class=\"elementor-heading-title elementor-size-default\">avocat sp\u00e9cialis\u00e9 dans les condamnations p\u00e9nales<\/h5>\t\t\t\t<\/div>\n\t\t\t\t<\/div>\n\t\t\t\t<div class=\"elementor-element elementor-element-bf79948 elementor-hidden-desktop elementor-hidden-tablet elementor-hidden-mobile elementor-widget elementor-widget-heading\" data-id=\"bf79948\" data-element_type=\"widget\" data-e-type=\"widget\" id=\"seo-word\" data-widget_type=\"heading.default\">\n\t\t\t\t<div class=\"elementor-widget-container\">\n\t\t\t\t\t<h5 class=\"elementor-heading-title elementor-size-default\">casier judiciaire<\/h5>\t\t\t\t<\/div>\n\t\t\t\t<\/div>\n\t\t\t\t<div class=\"elementor-element elementor-element-9f71664 elementor-hidden-desktop elementor-hidden-tablet elementor-hidden-mobile elementor-widget elementor-widget-heading\" data-id=\"9f71664\" data-element_type=\"widget\" data-e-type=\"widget\" id=\"seo-word\" data-widget_type=\"heading.default\">\n\t\t\t\t<div class=\"elementor-widget-container\">\n\t\t\t\t\t<h5 class=\"elementor-heading-title elementor-size-default\">disposition p\u00e9nale <\/h5>\t\t\t\t<\/div>\n\t\t\t\t<\/div>\n\t\t\t\t<div class=\"elementor-element elementor-element-910a13e elementor-hidden-desktop elementor-hidden-tablet elementor-hidden-mobile elementor-widget elementor-widget-heading\" data-id=\"910a13e\" data-element_type=\"widget\" data-e-type=\"widget\" id=\"seo-word\" data-widget_type=\"heading.default\">\n\t\t\t\t<div class=\"elementor-widget-container\">\n\t\t\t\t\t<h5 class=\"elementor-heading-title elementor-size-default\">avocat p\u00e9nal enschede<\/h5>\t\t\t\t<\/div>\n\t\t\t\t<\/div>\n\t\t\t\t<div class=\"elementor-element elementor-element-782b207 elementor-hidden-desktop elementor-hidden-tablet elementor-hidden-mobile elementor-widget elementor-widget-heading\" data-id=\"782b207\" data-element_type=\"widget\" data-e-type=\"widget\" id=\"seo-word\" data-widget_type=\"heading.default\">\n\t\t\t\t<div class=\"elementor-widget-container\">\n\t\t\t\t\t<h5 class=\"elementor-heading-title elementor-size-default\">avocat droit p\u00e9nal enschede<\/h5>\t\t\t\t<\/div>\n\t\t\t\t<\/div>\n\t\t\t\t<div class=\"elementor-element elementor-element-35e004e elementor-hidden-desktop elementor-hidden-tablet elementor-hidden-mobile elementor-widget elementor-widget-heading\" data-id=\"35e004e\" data-element_type=\"widget\" data-e-type=\"widget\" id=\"seo-word\" data-widget_type=\"heading.default\">\n\t\t\t\t<div class=\"elementor-widget-container\">\n\t\t\t\t\t<h5 class=\"elementor-heading-title elementor-size-default\">droit p\u00e9nal enschede<\/h5>\t\t\t\t<\/div>\n\t\t\t\t<\/div>\n\t\t\t\t<div class=\"elementor-element elementor-element-7a93bac elementor-hidden-desktop elementor-hidden-tablet elementor-hidden-mobile elementor-widget elementor-widget-heading\" data-id=\"7a93bac\" data-element_type=\"widget\" data-e-type=\"widget\" id=\"seo-word\" data-widget_type=\"heading.default\">\n\t\t\t\t<div class=\"elementor-widget-container\">\n\t\t\t\t\t<h5 class=\"elementor-heading-title elementor-size-default\">avocat droit p\u00e9nal overijssel<\/h5>\t\t\t\t<\/div>\n\t\t\t\t<\/div>\n\t\t\t\t<div class=\"elementor-element elementor-element-1e463a4 elementor-hidden-desktop elementor-hidden-tablet elementor-hidden-mobile elementor-widget elementor-widget-heading\" data-id=\"1e463a4\" data-element_type=\"widget\" data-e-type=\"widget\" id=\"seo-word\" data-widget_type=\"heading.default\">\n\t\t\t\t<div class=\"elementor-widget-container\">\n\t\t\t\t\t<h5 class=\"elementor-heading-title elementor-size-default\">parquet de district parquet de district maison de s\u00e9curit\u00e9 qu'est-ce qu'une audience de conversion qu'est-ce qu'une audience de conversion<\/h5>\t\t\t\t<\/div>\n\t\t\t\t<\/div>\n\t\t\t\t<div class=\"elementor-element elementor-element-60a8f6c elementor-hidden-desktop elementor-hidden-tablet elementor-hidden-mobile elementor-widget elementor-widget-heading\" data-id=\"60a8f6c\" data-element_type=\"widget\" data-e-type=\"widget\" id=\"seo-word\" data-widget_type=\"heading.default\">\n\t\t\t\t<div class=\"elementor-widget-container\">\n\t\t\t\t\t<h5 class=\"elementor-heading-title elementor-size-default\">transaction p\u00e9nale qu'est-ce qu'une session de l'om quand<\/h5>\t\t\t\t<\/div>\n\t\t\t\t<\/div>\n\t\t\t\t<div class=\"elementor-element elementor-element-a4fa625 color-scheme-inherit text-left elementor-widget elementor-widget-text-editor\" data-id=\"a4fa625\" data-element_type=\"widget\" data-e-type=\"widget\" data-widget_type=\"text-editor.default\">\n\t\t\t\t<div class=\"elementor-widget-container\">\n\t\t\t\t\t\t\t\t\t<p><strong>Aux Pays-Bas, l'audience OM \/ l'ordonnance de sanction joue un r\u00f4le important dans le processus de justice p\u00e9nale. Cette proc\u00e9dure permet aux d\u00e9fendeurs de r\u00e9gler certaines affaires sans avoir \u00e0 compara\u00eetre devant le tribunal. L'ordonnance de sanction est poursuivie par un procureur. Dans ce texte, nous expliquerons ce qu'est une audience du procureur, comment elle fonctionne et quelles peuvent \u00eatre les cons\u00e9quences pour les personnes concern\u00e9es.<\/strong><\/p>\t\t\t\t\t\t\t\t<\/div>\n\t\t\t\t<\/div>\n\t\t\t\t<div class=\"elementor-element elementor-element-5690a34 elementor-widget elementor-widget-spacer\" data-id=\"5690a34\" data-element_type=\"widget\" data-e-type=\"widget\" data-widget_type=\"spacer.default\">\n\t\t\t\t<div class=\"elementor-widget-container\">\n\t\t\t\t\t\t\t<div class=\"elementor-spacer\">\n\t\t\t<div class=\"elementor-spacer-inner\"><\/div>\n\t\t<\/div>\n\t\t\t\t\t\t<\/div>\n\t\t\t\t<\/div>\n\t\t\t\t<div class=\"elementor-element elementor-element-9601cdf elementor-widget elementor-widget-heading\" data-id=\"9601cdf\" data-element_type=\"widget\" data-e-type=\"widget\" data-widget_type=\"heading.default\">\n\t\t\t\t<div class=\"elementor-widget-container\">\n\t\t\t\t\t<h3 class=\"elementor-heading-title elementor-size-default\">Qu'est-ce qu'une audition\/ordonnance de sanction ?\n<\/h3>\t\t\t\t<\/div>\n\t\t\t\t<\/div>\n\t\t\t\t<div class=\"elementor-element elementor-element-21b2bb4 color-scheme-inherit text-left elementor-widget elementor-widget-text-editor\" data-id=\"21b2bb4\" data-element_type=\"widget\" data-e-type=\"widget\" data-widget_type=\"text-editor.default\">\n\t\t\t\t<div class=\"elementor-widget-container\">\n\t\t\t\t\t\t\t\t\t<p>Une audience d'OM, \u00e9galement connue sous le nom d'ordonnance de sanction, est une proc\u00e9dure judiciaire au cours de laquelle un pr\u00e9venu rencontre le procureur pour discuter des points suivants<\/p><p>Dans le cadre d'une transaction p\u00e9nale, l'affaire est r\u00e9gl\u00e9e sans juge. Cette proc\u00e9dure est g\u00e9n\u00e9ralement utilis\u00e9e dans les cas d'infractions mineures o\u00f9 le procureur estime qu'une ordonnance punitive est appropri\u00e9e. Dans cet article, nous allons examiner de plus pr\u00e8s ce qu'implique une audience de MO ou une ordonnance de condamnation, ce qui se passe au cours d'une telle audience et comment elle affecte votre casier judiciaire.<\/p><p>Aujourd'hui, le procureur peut vous envoyer une lettre vous demandant de vous rendre \u00e0 un entretien, appel\u00e9 audience d'OM. La lettre indique qu'il envisage de vous condamner. Avant de le faire, il veut d'abord vous parler. Cette peine s'appelle une ordonnance de sanction et peut contenir diff\u00e9rentes choses, comme des amendes ou des r\u00e8gles \u00e0 respecter. Le procureur doit vous parler avant d'imposer cette sanction. Si vous acceptez l'ordre de punition, vous ne devez pas vous pr\u00e9senter au tribunal.<\/p><p>Il est important de noter que si vous avez re\u00e7u une citation \u00e0 compara\u00eetre pour une audience ou une ordonnance de sanction, il est conseill\u00e9 de prendre rapidement contact avec un avocat. Un avocat peut vous conseiller sur vos droits et options et vous assister pendant la proc\u00e9dure.<\/p>\t\t\t\t\t\t\t\t<\/div>\n\t\t\t\t<\/div>\n\t\t\t\t<div class=\"elementor-element elementor-element-222306a elementor-widget elementor-widget-spacer\" data-id=\"222306a\" data-element_type=\"widget\" data-e-type=\"widget\" data-widget_type=\"spacer.default\">\n\t\t\t\t<div class=\"elementor-widget-container\">\n\t\t\t\t\t\t\t<div class=\"elementor-spacer\">\n\t\t\t<div class=\"elementor-spacer-inner\"><\/div>\n\t\t<\/div>\n\t\t\t\t\t\t<\/div>\n\t\t\t\t<\/div>\n\t\t\t\t<div class=\"elementor-element elementor-element-d23d450 elementor-widget elementor-widget-heading\" data-id=\"d23d450\" data-element_type=\"widget\" data-e-type=\"widget\" data-widget_type=\"heading.default\">\n\t\t\t\t<div class=\"elementor-widget-container\">\n\t\t\t\t\t<h3 class=\"elementor-heading-title elementor-size-default\">Casier judiciaire apr\u00e8s l'audience de l'OM \/ l'ordonnance de sanction ?\n<\/h3>\t\t\t\t<\/div>\n\t\t\t\t<\/div>\n\t\t\t\t<div class=\"elementor-element elementor-element-54e17cc color-scheme-inherit text-left elementor-widget elementor-widget-text-editor\" data-id=\"54e17cc\" data-element_type=\"widget\" data-e-type=\"widget\" data-widget_type=\"text-editor.default\">\n\t\t\t\t<div class=\"elementor-widget-container\">\n\t\t\t\t\t\t\t\t\t<p><span style=\"font-size: 17.6px;\">Si vous acceptez une condamnation p\u00e9nale, cela signifie que vous obtiendrez une mention sur votre dossier judiciaire. Ce document est \u00e9galement connu sous le nom de casier judiciaire. Votre culpabilit\u00e9 est alors \u00e9tablie. Si vous avez un casier judiciaire, cela peut poser des probl\u00e8mes, par exemple, pour demander un certificat de bonne conduite (VOG), dont vous avez souvent besoin pour obtenir un nouvel emploi. Il est donc important que vous en soyez conscient.\u00a0<\/span><\/p><p><span style=\"font-size: 17.6px;\">Pourtant, les gens acceptent souvent l'ordre de punition impos\u00e9, car sinon ils peuvent s'attendre \u00e0 une peine plus lourde lors de l'audience. Ce n'est pas le cas. Souvent, dans les affaires p\u00e9nales, le procureur n'exige pas une peine plus lourde. Ce qui est encore plus rare, c'est qu'une peine impos\u00e9e par le tribunal soit plus lourde que l'ordre de punition initial. Dans la plupart des cas, un juge vous imposera une peine beaucoup moins lourde que le procureur, car les lignes directrices du minist\u00e8re de la Justice en mati\u00e8re de peines sont plus strictes que celles du juge. Dans certains cas, vous pouvez m\u00eame \u00eatre acquitt\u00e9 par le juge.<\/span><span style=\"font-size: 17.6px; letter-spacing: var( --e-global-typography-text-letter-spacing ); text-transform: var( --e-global-typography-text-text-transform ); word-spacing: var( --e-global-typography-text-word-spacing ); color: var(--wd-text-color);\">\u00a0<\/span><\/p>\t\t\t\t\t\t\t\t<\/div>\n\t\t\t\t<\/div>\n\t\t\t\t<div class=\"elementor-element elementor-element-6015f4e elementor-widget elementor-widget-spacer\" data-id=\"6015f4e\" data-element_type=\"widget\" data-e-type=\"widget\" data-widget_type=\"spacer.default\">\n\t\t\t\t<div class=\"elementor-widget-container\">\n\t\t\t\t\t\t\t<div class=\"elementor-spacer\">\n\t\t\t<div class=\"elementor-spacer-inner\"><\/div>\n\t\t<\/div>\n\t\t\t\t\t\t<\/div>\n\t\t\t\t<\/div>\n\t\t\t\t<div class=\"elementor-element elementor-element-0d14e04 elementor-widget elementor-widget-heading\" data-id=\"0d14e04\" data-element_type=\"widget\" data-e-type=\"widget\" data-widget_type=\"heading.default\">\n\t\t\t\t<div class=\"elementor-widget-container\">\n\t\t\t\t\t<h3 class=\"elementor-heading-title elementor-size-default\">Sanctions Audience de l'OM<\/h3>\t\t\t\t<\/div>\n\t\t\t\t<\/div>\n\t\t\t\t<div class=\"elementor-element elementor-element-6f99a2f color-scheme-inherit text-left elementor-widget elementor-widget-text-editor\" data-id=\"6f99a2f\" data-element_type=\"widget\" data-e-type=\"widget\" data-widget_type=\"text-editor.default\">\n\t\t\t\t<div class=\"elementor-widget-container\">\n\t\t\t\t\t\t\t\t\t<p>Lors d'une audience de MO, diff\u00e9rentes sanctions et mesures peuvent \u00eatre impos\u00e9es, en fonction de la nature de l'affaire et des circonstances.<\/p><p>Vous trouverez ci-dessous un aper\u00e7u des sanctions possibles qui peuvent \u00eatre impos\u00e9es lors d'une audience de contr\u00f4le de l'immigration :<\/p><ul><li><a href=\"https:\/\/www.derbedrosian.nl\/fr\/juridictions\/droit-penal\/confiscation-du-permis-de-conduire\/\"><strong>Interdiction de conduire :<\/strong> <\/a>L'une des sanctions possibles est l'interdiction de conduire une voiture, qui peut aller de quelques mois \u00e0 six mois. Cette interdiction peut \u00eatre impos\u00e9e si l'accus\u00e9 a \u00e9t\u00e9 impliqu\u00e9 dans des infractions au code de la route ou dans des accidents de la route graves.<\/li><li><a href=\"https:\/\/www.derbedrosian.nl\/fr\/juridictions\/droit-penal\/conversion-au-service-communautaire\/\"><strong>service \u00e0 la communaut\u00e9 :<\/strong><\/a> le travail d'int\u00e9r\u00eat g\u00e9n\u00e9ral fait \u00e9galement partie des options possibles lors de l'audience du procureur. Cette peine comprend l'ex\u00e9cution d'un travail non r\u00e9mun\u00e9r\u00e9 au profit de la soci\u00e9t\u00e9. La dur\u00e9e du travail d'int\u00e9r\u00eat g\u00e9n\u00e9ral peut aller jusqu'\u00e0 180 heures, en fonction de la gravit\u00e9 de l'infraction.<\/li><li><strong>R\u00e9mun\u00e9ration :<\/strong> les victimes d'infractions p\u00e9nales ont droit \u00e0 une indemnisation pour les dommages subis. Lors de l'audience du minist\u00e8re public, celui-ci peut imposer une indemnisation \u00e0 l'accus\u00e9 dans le cadre de l'ordre de punition. Cette indemnit\u00e9 sert \u00e0 compenser les dommages mat\u00e9riels et immat\u00e9riels subis par la victime.<\/li><li><strong>Indicateur de comportement :<\/strong> une autre mesure qui peut \u00eatre impos\u00e9e est une ordonnance de comportement. Il peut s'agir, par exemple, d'une ordonnance restrictive interdisant \u00e0 l'accus\u00e9 d'entrer en contact avec certaines personnes ou de se rendre dans certains lieux. L'objectif d'une ordonnance comportementale est d'emp\u00eacher la r\u00e9p\u00e9tition d'un comportement criminel et de prot\u00e9ger la soci\u00e9t\u00e9.<\/li><li><strong>Combinaison de sanctions :\u00a0<\/strong>dans certains cas, le procureur peut choisir d'imposer une combinaison des sanctions ci-dessus. Cela peut d\u00e9pendre de la gravit\u00e9 de l'affaire et de la situation personnelle de l'accus\u00e9. Une combinaison de sanctions peut \u00eatre un moyen efficace de rendre justice \u00e0 la situation sp\u00e9cifique.<\/li><\/ul><p>Il est important de noter qu'au cours d'une audience de MO, le procureur \u00e9value soigneusement les peines et les mesures appropri\u00e9es, en tenant compte de la loi et des int\u00e9r\u00eats de l'accus\u00e9 et de la victime.<\/p>\t\t\t\t\t\t\t\t<\/div>\n\t\t\t\t<\/div>\n\t\t\t\t<div class=\"elementor-element elementor-element-eea6c26 elementor-widget elementor-widget-spacer\" data-id=\"eea6c26\" data-element_type=\"widget\" data-e-type=\"widget\" data-widget_type=\"spacer.default\">\n\t\t\t\t<div class=\"elementor-widget-container\">\n\t\t\t\t\t\t\t<div class=\"elementor-spacer\">\n\t\t\t<div class=\"elementor-spacer-inner\"><\/div>\n\t\t<\/div>\n\t\t\t\t\t\t<\/div>\n\t\t\t\t<\/div>\n\t\t\t\t<div class=\"elementor-element elementor-element-7d79924 elementor-widget elementor-widget-heading\" data-id=\"7d79924\" data-element_type=\"widget\" data-e-type=\"widget\" data-widget_type=\"heading.default\">\n\t\t\t\t<div class=\"elementor-widget-container\">\n\t\t\t\t\t<h3 class=\"elementor-heading-title elementor-size-default\">D\u00e9fense d'une condamnation p\u00e9nale<\/h3>\t\t\t\t<\/div>\n\t\t\t\t<\/div>\n\t\t\t\t<div class=\"elementor-element elementor-element-9418306 color-scheme-inherit text-left elementor-widget elementor-widget-text-editor\" data-id=\"9418306\" data-element_type=\"widget\" data-e-type=\"widget\" data-widget_type=\"text-editor.default\">\n\t\t\t\t<div class=\"elementor-widget-container\">\n\t\t\t\t\t\t\t\t\t<p>Si vous estimez par la suite que la sanction est trop s\u00e9v\u00e8re ou si vous vous croyez innocent, vous avez la possibilit\u00e9 de faire opposition dans les 14 jours suivant l'imposition de la sanction. Dans l'avis d'opposition, vous expliquerez pourquoi vous n'\u00eates pas d'accord avec la d\u00e9cision impos\u00e9e. Si vous faites opposition, l'ordre de punition ne peut pas \u00eatre ex\u00e9cut\u00e9 imm\u00e9diatement. Le procureur doit alors renvoyer l'affaire devant le tribunal. Veuillez noter que l'opposition \u00e0 un ordre de punition doit \u00eatre faite dans un d\u00e9lai de 2 semaines.<\/p><p>Si vous \u00eates en retard, on consid\u00e8re automatiquement que vous reconnaissez votre culpabilit\u00e9 et l'ordre de punition devient d\u00e9finitif. Soyez donc \u00e0 l'heure si vous voulez changer quoi que ce soit !<\/p>\t\t\t\t\t\t\t\t<\/div>\n\t\t\t\t<\/div>\n\t\t\t\t<div class=\"elementor-element elementor-element-38a01e9 elementor-widget elementor-widget-spacer\" data-id=\"38a01e9\" data-element_type=\"widget\" data-e-type=\"widget\" data-widget_type=\"spacer.default\">\n\t\t\t\t<div class=\"elementor-widget-container\">\n\t\t\t\t\t\t\t<div class=\"elementor-spacer\">\n\t\t\t<div class=\"elementor-spacer-inner\"><\/div>\n\t\t<\/div>\n\t\t\t\t\t\t<\/div>\n\t\t\t\t<\/div>\n\t\t\t\t<div class=\"elementor-element elementor-element-bb45b56 elementor-widget elementor-widget-heading\" data-id=\"bb45b56\" data-element_type=\"widget\" data-e-type=\"widget\" data-widget_type=\"heading.default\">\n\t\t\t\t<div class=\"elementor-widget-container\">\n\t\t\t\t\t<h3 class=\"elementor-heading-title elementor-size-default\">Avocat charg\u00e9 de l'audience des poursuites\/de l'ordonnance du tribunal<\/h3>\t\t\t\t<\/div>\n\t\t\t\t<\/div>\n\t\t\t\t<div class=\"elementor-element elementor-element-6d21cb2 color-scheme-inherit text-left elementor-widget elementor-widget-text-editor\" data-id=\"6d21cb2\" data-element_type=\"widget\" data-e-type=\"widget\" data-widget_type=\"text-editor.default\">\n\t\t\t\t<div class=\"elementor-widget-container\">\n\t\t\t\t\t\t\t\t\t<p>L'acceptation d'une condamnation p\u00e9nale peut avoir une incidence sur votre casier judiciaire, ce qui peut poser des probl\u00e8mes lors de la demande d'un certificat de bonne vie et m\u0153urs (VOG). En outre, les mentions port\u00e9es sur votre casier judiciaire peuvent affecter vos chances d'obtenir un emploi ou un stage. Il est donc essentiel de demander l'avis d'un expert juridique.<\/p><p>Les avocats du cabinet Derbedrosian Law Firm comprennent la complexit\u00e9 de cette proc\u00e9dure et savent comment d\u00e9fendre votre cas. Si vous avez re\u00e7u une convocation pour une audience de l'OM ou une accusation p\u00e9nale, n'h\u00e9sitez pas \u00e0 nous contacter. <a href=\"https:\/\/www.derbedrosian.nl\/fr\/avocats\/\">Nos avocats exp\u00e9riment\u00e9s<\/a> peut vous guider, vous conseiller sur vos droits et vous aider \u00e0 prendre les meilleures mesures pour d\u00e9fendre votre cas et minimiser les cons\u00e9quences possibles sur votre casier judiciaire.<\/p><p>Vous n'\u00eates pas seul, et nous sommes l\u00e0 pour vous soutenir dans cette affaire juridique.<\/p>\t\t\t\t\t\t\t\t<\/div>\n\t\t\t\t<\/div>\n\t\t\t\t\t<\/div>\n\t\t\t\t<\/div>\n\t\t\t\t<\/div>","protected":false},"excerpt":{"rendered":"<p>d\u00e9cision p\u00e9nale d\u00e9cision p\u00e9nale avocat casier judiciaire d\u00e9cision p\u00e9nale d\u00e9termination de la peine avocat p\u00e9naliste enschede avocat p\u00e9naliste enschede droit p\u00e9nal enschede avocat p\u00e9naliste overijssel minist\u00e8re public parquet de l'arrondissement maison de la s\u00e9curit\u00e9<\/p>","protected":false},"author":1,"featured_media":0,"parent":10047,"menu_order":0,"comment_status":"closed","ping_status":"closed","template":"","meta":{"footnotes":""},"class_list":["post-10528","page","type-page","status-publish","hentry"],"_links":{"self":[{"href":"https:\/\/www.derbedrosian.nl\/fr\/wp-json\/wp\/v2\/pages\/10528","targetHints":{"allow":["GET"]}}],"collection":[{"href":"https:\/\/www.derbedrosian.nl\/fr\/wp-json\/wp\/v2\/pages"}],"about":[{"href":"https:\/\/www.derbedrosian.nl\/fr\/wp-json\/wp\/v2\/types\/page"}],"author":[{"embeddable":true,"href":"https:\/\/www.derbedrosian.nl\/fr\/wp-json\/wp\/v2\/users\/1"}],"replies":[{"embeddable":true,"href":"https:\/\/www.derbedrosian.nl\/fr\/wp-json\/wp\/v2\/comments?post=10528"}],"version-history":[{"count":0,"href":"https:\/\/www.derbedrosian.nl\/fr\/wp-json\/wp\/v2\/pages\/10528\/revisions"}],"up":[{"embeddable":true,"href":"https:\/\/www.derbedrosian.nl\/fr\/wp-json\/wp\/v2\/pages\/10047"}],"wp:attachment":[{"href":"https:\/\/www.derbedrosian.nl\/fr\/wp-json\/wp\/v2\/media?parent=10528"}],"curies":[{"name":"wp","href":"https:\/\/api.w.org\/{rel}","templated":true}]}}