{"id":10523,"date":"2023-05-26T09:57:41","date_gmt":"2023-05-26T07:57:41","guid":{"rendered":"https:\/\/derbedrosian.nl\/?page_id=10523"},"modified":"2025-12-21T15:40:17","modified_gmt":"2025-12-21T13:40:17","slug":"vol","status":"publish","type":"page","link":"https:\/\/www.derbedrosian.nl\/fr\/rechtsgebieden\/strafrecht\/diefstal\/","title":{"rendered":"Vol"},"content":{"rendered":"<div data-elementor-type=\"wp-page\" data-elementor-id=\"10523\" class=\"elementor elementor-10523\" data-elementor-post-type=\"page\">\n\t\t\t\t<div class=\"wd-negative-gap elementor-element elementor-element-7fff01d e-flex e-con-boxed e-con e-parent\" data-id=\"7fff01d\" data-element_type=\"container\" data-e-type=\"container\">\n\t\t\t\t\t<div class=\"e-con-inner\">\n\t\t\t\t<div class=\"elementor-element elementor-element-6fe2a61 elementor-hidden-desktop elementor-hidden-tablet elementor-hidden-mobile elementor-widget elementor-widget-wd_image_or_svg\" data-id=\"6fe2a61\" data-element_type=\"widget\" data-e-type=\"widget\" id=\"seo-word\" data-widget_type=\"wd_image_or_svg.default\">\n\t\t\t\t<div class=\"elementor-widget-container\">\n\t\t\t\t\t\n\t\t<div class=\"wd-image text-left\">\n\t\t\t\t\t\t\t\t<img loading=\"lazy\" decoding=\"async\" width=\"1000\" height=\"750\" src=\"https:\/\/www.derbedrosian.nl\/wp-content\/uploads\/rechtsgebied-diefstal.jpg\" class=\"attachment-full size-full\" alt=\"vol sanction avocat assurance d\u00e9claration police droit p\u00e9nal\" srcset=\"https:\/\/www.derbedrosian.nl\/wp-content\/uploads\/rechtsgebied-diefstal.jpg 1000w, https:\/\/www.derbedrosian.nl\/wp-content\/uploads\/rechtsgebied-diefstal-400x300.jpg 400w, https:\/\/www.derbedrosian.nl\/wp-content\/uploads\/rechtsgebied-diefstal-768x576.jpg 768w\" sizes=\"auto, (max-width: 1000px) 100vw, 1000px\" title=\"\">\t\t\t\t\t<\/div>\n\n\t\t\t\t\t\t<\/div>\n\t\t\t\t<\/div>\n\t\t\t\t<div class=\"elementor-element elementor-element-9bc99d8 elementor-hidden-desktop elementor-hidden-tablet elementor-hidden-mobile elementor-widget elementor-widget-heading\" data-id=\"9bc99d8\" data-element_type=\"widget\" data-e-type=\"widget\" id=\"seo-word\" data-widget_type=\"heading.default\">\n\t\t\t\t<div class=\"elementor-widget-container\">\n\t\t\t\t\t<h5 class=\"elementor-heading-title elementor-size-default\">p\u00e9nalit\u00e9 vol<\/h5>\t\t\t\t<\/div>\n\t\t\t\t<\/div>\n\t\t\t\t<div class=\"elementor-element elementor-element-75ec799 elementor-hidden-desktop elementor-hidden-tablet elementor-hidden-mobile elementor-widget elementor-widget-heading\" data-id=\"75ec799\" data-element_type=\"widget\" data-e-type=\"widget\" id=\"seo-word\" data-widget_type=\"heading.default\">\n\t\t\t\t<div class=\"elementor-widget-container\">\n\t\t\t\t\t<h5 class=\"elementor-heading-title elementor-size-default\">avocat sp\u00e9cialis\u00e9 dans le vol <\/h5>\t\t\t\t<\/div>\n\t\t\t\t<\/div>\n\t\t\t\t<div class=\"elementor-element elementor-element-d2fa426 elementor-hidden-desktop elementor-hidden-tablet elementor-hidden-mobile elementor-widget elementor-widget-heading\" data-id=\"d2fa426\" data-element_type=\"widget\" data-e-type=\"widget\" id=\"seo-word\" data-widget_type=\"heading.default\">\n\t\t\t\t<div class=\"elementor-widget-container\">\n\t\t\t\t\t<h5 class=\"elementor-heading-title elementor-size-default\">d\u00e9claration de vol police <\/h5>\t\t\t\t<\/div>\n\t\t\t\t<\/div>\n\t\t\t\t<div class=\"elementor-element elementor-element-c8022ec elementor-hidden-desktop elementor-hidden-tablet elementor-hidden-mobile elementor-widget elementor-widget-heading\" data-id=\"c8022ec\" data-element_type=\"widget\" data-e-type=\"widget\" id=\"seo-word\" data-widget_type=\"heading.default\">\n\t\t\t\t<div class=\"elementor-widget-container\">\n\t\t\t\t\t<h5 class=\"elementor-heading-title elementor-size-default\">assurance contre le vol<\/h5>\t\t\t\t<\/div>\n\t\t\t\t<\/div>\n\t\t\t\t<div class=\"elementor-element elementor-element-62a93d5 elementor-hidden-desktop elementor-hidden-tablet elementor-hidden-mobile elementor-widget elementor-widget-heading\" data-id=\"62a93d5\" data-element_type=\"widget\" data-e-type=\"widget\" id=\"seo-word\" data-widget_type=\"heading.default\">\n\t\t\t\t<div class=\"elementor-widget-container\">\n\t\t\t\t\t<h5 class=\"elementor-heading-title elementor-size-default\">d\u00e9tournement de fonds fraude<\/h5>\t\t\t\t<\/div>\n\t\t\t\t<\/div>\n\t\t\t\t<div class=\"elementor-element elementor-element-b4012a8 elementor-hidden-desktop elementor-hidden-tablet elementor-hidden-mobile elementor-widget elementor-widget-heading\" data-id=\"b4012a8\" data-element_type=\"widget\" data-e-type=\"widget\" id=\"seo-word\" data-widget_type=\"heading.default\">\n\t\t\t\t<div class=\"elementor-widget-container\">\n\t\t\t\t\t<h5 class=\"elementor-heading-title elementor-size-default\">diff\u00e9rence entre vol, fraude, recel et d\u00e9tournement<\/h5>\t\t\t\t<\/div>\n\t\t\t\t<\/div>\n\t\t\t\t<div class=\"elementor-element elementor-element-71e6575 color-scheme-inherit text-left elementor-widget elementor-widget-text-editor\" data-id=\"71e6575\" data-element_type=\"widget\" data-e-type=\"widget\" data-widget_type=\"text-editor.default\">\n\t\t\t\t<div class=\"elementor-widget-container\">\n\t\t\t\t\t\t\t\t\t<p><strong>Le vol est une infraction p\u00e9nale prise au s\u00e9rieux aux Pays-Bas. Comme il repr\u00e9sente environ la moiti\u00e9 de tous les d\u00e9lits aux Pays-Bas, c'est aussi le premier type de d\u00e9lit le plus fr\u00e9quent.<\/strong><\/p>\t\t\t\t\t\t\t\t<\/div>\n\t\t\t\t<\/div>\n\t\t\t\t<div class=\"elementor-element elementor-element-8c6bfbd elementor-widget elementor-widget-spacer\" data-id=\"8c6bfbd\" data-element_type=\"widget\" data-e-type=\"widget\" data-widget_type=\"spacer.default\">\n\t\t\t\t<div class=\"elementor-widget-container\">\n\t\t\t\t\t\t\t<div class=\"elementor-spacer\">\n\t\t\t<div class=\"elementor-spacer-inner\"><\/div>\n\t\t<\/div>\n\t\t\t\t\t\t<\/div>\n\t\t\t\t<\/div>\n\t\t\t\t<div class=\"elementor-element elementor-element-2302821 elementor-widget elementor-widget-heading\" data-id=\"2302821\" data-element_type=\"widget\" data-e-type=\"widget\" data-widget_type=\"heading.default\">\n\t\t\t\t<div class=\"elementor-widget-container\">\n\t\t\t\t\t<h3 class=\"elementor-heading-title elementor-size-default\">Qu'est-ce qui rel\u00e8ve du vol ?<\/h3>\t\t\t\t<\/div>\n\t\t\t\t<\/div>\n\t\t\t\t<div class=\"elementor-element elementor-element-c080a89 color-scheme-inherit text-left elementor-widget elementor-widget-text-editor\" data-id=\"c080a89\" data-element_type=\"widget\" data-e-type=\"widget\" data-widget_type=\"text-editor.default\">\n\t\t\t\t<div class=\"elementor-widget-container\">\n\t\t\t\t\t\t\t\t\t<p>Selon l'article 310 du code p\u00e9nal, le vol fait partie des crimes suivants : \"Celui qui s'empare d'un bien appartenant en tout ou en partie \u00e0 autrui, dans l'intention de se l'approprier ill\u00e9galement\".<\/p><p>Cela signifie qu'un voleur prend quelque chose \u00e0 une autre personne sans sa permission. Il peut s'agir de choses que l'on peut physiquement saisir (objets mat\u00e9riels), comme un scooter et un t\u00e9l\u00e9phone, ou de choses que l'on ne peut pas toucher (objets immat\u00e9riels), comme des biens en ligne et de l'\u00e9lectricit\u00e9.<\/p>\t\t\t\t\t\t\t\t<\/div>\n\t\t\t\t<\/div>\n\t\t\t\t<div class=\"elementor-element elementor-element-06792ed elementor-widget elementor-widget-spacer\" data-id=\"06792ed\" data-element_type=\"widget\" data-e-type=\"widget\" data-widget_type=\"spacer.default\">\n\t\t\t\t<div class=\"elementor-widget-container\">\n\t\t\t\t\t\t\t<div class=\"elementor-spacer\">\n\t\t\t<div class=\"elementor-spacer-inner\"><\/div>\n\t\t<\/div>\n\t\t\t\t\t\t<\/div>\n\t\t\t\t<\/div>\n\t\t\t\t<div class=\"elementor-element elementor-element-8f42e4b elementor-widget elementor-widget-heading\" data-id=\"8f42e4b\" data-element_type=\"widget\" data-e-type=\"widget\" data-widget_type=\"heading.default\">\n\t\t\t\t<div class=\"elementor-widget-container\">\n\t\t\t\t\t<h3 class=\"elementor-heading-title elementor-size-default\">Quelle est la diff\u00e9rence entre le vol, la fraude, la manipulation et le d\u00e9tournement de fonds ?<\/h3>\t\t\t\t<\/div>\n\t\t\t\t<\/div>\n\t\t\t\t<div class=\"elementor-element elementor-element-272881e color-scheme-inherit text-left elementor-widget elementor-widget-text-editor\" data-id=\"272881e\" data-element_type=\"widget\" data-e-type=\"widget\" data-widget_type=\"text-editor.default\">\n\t\t\t\t<div class=\"elementor-widget-container\">\n\t\t\t\t\t\t\t\t\t<p>Comme mentionn\u00e9 plus haut, on parle de vol lorsqu'un voleur s'empare d'une chose appartenant \u00e0 autrui sans en avoir eu la permission.<\/p><ul><li><strong>Fraude<\/strong>La fraude est \u00e9galement une forme de vol, o\u00f9 la falsification ou la tromperie peut \u00eatre utilis\u00e9e pour obtenir un avantage en perdant la victime, qui peut \u00eatre non seulement une personne mais aussi une entreprise.<\/li><li><strong><a href=\"https:\/\/www.derbedrosian.nl\/fr\/juridictions\/droit-penal\/black-out\/\">Blackout :<\/a><\/strong> un voleur emporte quelque chose, alors qu'un d\u00e9tourneur est d\u00e9j\u00e0 en possession l\u00e9gale du bien. Par exemple, si vous prenez un livre dans une biblioth\u00e8que sans autorisation, il s'agit d'un vol. Mais si vous empruntez ce livre et que vous ne le rendez pas d\u00e9lib\u00e9r\u00e9ment, il s'agit d'un d\u00e9tournement de fonds.<\/li><li><a href=\"https:\/\/www.derbedrosian.nl\/fr\/juridictions\/droit-penal\/guerison\/\"><strong>Gu\u00e9rison :<\/strong> <\/a>Il y a recel lorsque vous acqu\u00e9rez, poss\u00e9dez ou transf\u00e9rez un bien alors que vous saviez ou auriez d\u00fb savoir que ce bien provenait d'un d\u00e9lit. Ainsi, si vous achetez un v\u00e9lo vol\u00e9, vous \u00eates coupable de recel. Il en va de m\u00eame si vous achetez un v\u00e9lo \u00e0 une personne que vous soup\u00e7onnez d'\u00eatre un voleur.<\/li><\/ul><p>Il est compr\u00e9hensible que tous ces termes et diff\u00e9rences puissent \u00eatre source de confusion pour vous. Lorsque vous nous contactez, vous pouvez nous poser d'autres questions.<\/p>\t\t\t\t\t\t\t\t<\/div>\n\t\t\t\t<\/div>\n\t\t\t\t<div class=\"elementor-element elementor-element-bcf8d38 elementor-widget elementor-widget-spacer\" data-id=\"bcf8d38\" data-element_type=\"widget\" data-e-type=\"widget\" data-widget_type=\"spacer.default\">\n\t\t\t\t<div class=\"elementor-widget-container\">\n\t\t\t\t\t\t\t<div class=\"elementor-spacer\">\n\t\t\t<div class=\"elementor-spacer-inner\"><\/div>\n\t\t<\/div>\n\t\t\t\t\t\t<\/div>\n\t\t\t\t<\/div>\n\t\t\t\t<div class=\"elementor-element elementor-element-5771058 elementor-widget elementor-widget-heading\" data-id=\"5771058\" data-element_type=\"widget\" data-e-type=\"widget\" data-widget_type=\"heading.default\">\n\t\t\t\t<div class=\"elementor-widget-container\">\n\t\t\t\t\t<h3 class=\"elementor-heading-title elementor-size-default\">Sanctions pour vol<\/h3>\t\t\t\t<\/div>\n\t\t\t\t<\/div>\n\t\t\t\t<div class=\"elementor-element elementor-element-3a03a8a color-scheme-inherit text-left elementor-widget elementor-widget-text-editor\" data-id=\"3a03a8a\" data-element_type=\"widget\" data-e-type=\"widget\" data-widget_type=\"text-editor.default\">\n\t\t\t\t<div class=\"elementor-widget-container\">\n\t\t\t\t\t\t\t\t\tPour un vol \"ordinaire\", le juge peut imposer un maximum de quatre ans d'emprisonnement ou une amende pouvant aller jusqu'\u00e0 plus de 20 000 euros, \u00e9galement appel\u00e9e amende de 4\u00e8me cat\u00e9gorie. Si vous avez vol\u00e9 avec quelqu'un d'autre, vous risquez jusqu'\u00e0 six ans de prison. Le cambriolage, le vol dans la rue ou le vol avec violence peuvent entra\u00eener des peines plus lourdes, allant jusqu'\u00e0 neuf ans d'emprisonnement ou des amendes pouvant atteindre 75 000 euros. Lorsqu'il y a eu recours \u00e0 la violence et que la victime a \u00e9t\u00e9 bless\u00e9e ou est d\u00e9c\u00e9d\u00e9e, la peine peut aller jusqu'\u00e0 15 ans d'emprisonnement.\t\t\t\t\t\t\t\t<\/div>\n\t\t\t\t<\/div>\n\t\t\t\t<div class=\"elementor-element elementor-element-f6e89bf elementor-widget elementor-widget-spacer\" data-id=\"f6e89bf\" data-element_type=\"widget\" data-e-type=\"widget\" data-widget_type=\"spacer.default\">\n\t\t\t\t<div class=\"elementor-widget-container\">\n\t\t\t\t\t\t\t<div class=\"elementor-spacer\">\n\t\t\t<div class=\"elementor-spacer-inner\"><\/div>\n\t\t<\/div>\n\t\t\t\t\t\t<\/div>\n\t\t\t\t<\/div>\n\t\t\t\t<div class=\"elementor-element elementor-element-f081a6e elementor-widget elementor-widget-heading\" data-id=\"f081a6e\" data-element_type=\"widget\" data-e-type=\"widget\" data-widget_type=\"heading.default\">\n\t\t\t\t<div class=\"elementor-widget-container\">\n\t\t\t\t\t<h3 class=\"elementor-heading-title elementor-size-default\">Simple ou qualifi\u00e9<\/h3>\t\t\t\t<\/div>\n\t\t\t\t<\/div>\n\t\t\t\t<div class=\"elementor-element elementor-element-b826a12 color-scheme-inherit text-left elementor-widget elementor-widget-text-editor\" data-id=\"b826a12\" data-element_type=\"widget\" data-e-type=\"widget\" data-widget_type=\"text-editor.default\">\n\t\t\t\t<div class=\"elementor-widget-container\">\n\t\t\t\t\t\t\t\t\t<p>Le juge examine \u00e9galement le type de vol commis. Il en existe deux, \u00e0 savoir le vol simple et le vol qualifi\u00e9.<\/p><ul><li><strong>Vol simple :<\/strong> Pour un vol simple, on peut penser au vol d'un t\u00e9l\u00e9phone ou \u00e0 un vol \u00e0 l'\u00e9talage. Ici, il n'y a pas de circonstances aggravantes suppl\u00e9mentaires telles que l'utilisation d'une arme \u00e0 feu, le fait que la victime ait subi des blessures, l'entr\u00e9e par effraction dans une propri\u00e9t\u00e9 priv\u00e9e sans autorisation.<\/li><li><strong>Vol qualifi\u00e9 :<\/strong> Lorsque nous parlons de vol aggrav\u00e9, nous parlons de vol o\u00f9 ces circonstances aggravantes punitives existent tout simplement.<\/li><\/ul>\t\t\t\t\t\t\t\t<\/div>\n\t\t\t\t<\/div>\n\t\t\t\t<div class=\"elementor-element elementor-element-55eda99 elementor-widget elementor-widget-spacer\" data-id=\"55eda99\" data-element_type=\"widget\" data-e-type=\"widget\" data-widget_type=\"spacer.default\">\n\t\t\t\t<div class=\"elementor-widget-container\">\n\t\t\t\t\t\t\t<div class=\"elementor-spacer\">\n\t\t\t<div class=\"elementor-spacer-inner\"><\/div>\n\t\t<\/div>\n\t\t\t\t\t\t<\/div>\n\t\t\t\t<\/div>\n\t\t\t\t<div class=\"elementor-element elementor-element-5dffb30 elementor-widget elementor-widget-heading\" data-id=\"5dffb30\" data-element_type=\"widget\" data-e-type=\"widget\" data-widget_type=\"heading.default\">\n\t\t\t\t<div class=\"elementor-widget-container\">\n\t\t\t\t\t<h3 class=\"elementor-heading-title elementor-size-default\">Demande de privation<\/h3>\t\t\t\t<\/div>\n\t\t\t\t<\/div>\n\t\t\t\t<div class=\"elementor-element elementor-element-1528668 color-scheme-inherit text-left elementor-widget elementor-widget-text-editor\" data-id=\"1528668\" data-element_type=\"widget\" data-e-type=\"widget\" data-widget_type=\"text-editor.default\">\n\t\t\t\t<div class=\"elementor-widget-container\">\n\t\t\t\t\t\t\t\t\t<p>Outre les sanctions habituelles que le minist\u00e8re public peut imposer, il peut \u00e9galement vous demander de rembourser l'argent ou les biens vol\u00e9s. Si vous ne le faites pas, d'autres probl\u00e8mes peuvent survenir.<\/p>\t\t\t\t\t\t\t\t<\/div>\n\t\t\t\t<\/div>\n\t\t\t\t<div class=\"elementor-element elementor-element-e82c6a8 elementor-widget elementor-widget-spacer\" data-id=\"e82c6a8\" data-element_type=\"widget\" data-e-type=\"widget\" data-widget_type=\"spacer.default\">\n\t\t\t\t<div class=\"elementor-widget-container\">\n\t\t\t\t\t\t\t<div class=\"elementor-spacer\">\n\t\t\t<div class=\"elementor-spacer-inner\"><\/div>\n\t\t<\/div>\n\t\t\t\t\t\t<\/div>\n\t\t\t\t<\/div>\n\t\t\t\t<div class=\"elementor-element elementor-element-656f271 elementor-widget elementor-widget-heading\" data-id=\"656f271\" data-element_type=\"widget\" data-e-type=\"widget\" data-widget_type=\"heading.default\">\n\t\t\t\t<div class=\"elementor-widget-container\">\n\t\t\t\t\t<h3 class=\"elementor-heading-title elementor-size-default\">Soup\u00e7on de vol et police <\/h3>\t\t\t\t<\/div>\n\t\t\t\t<\/div>\n\t\t\t\t<div class=\"elementor-element elementor-element-b03fbec color-scheme-inherit text-left elementor-widget elementor-widget-text-editor\" data-id=\"b03fbec\" data-element_type=\"widget\" data-e-type=\"widget\" data-widget_type=\"text-editor.default\">\n\t\t\t\t<div class=\"elementor-widget-container\">\n\t\t\t\t\t\t\t\t\t<p>Vous \u00eates soup\u00e7onn\u00e9 de vol ? Si la police pense que vous avez vol\u00e9 quelque chose, il est sage d'exercer le droit de garder le silence jusqu'\u00e0 ce que vous ayez parl\u00e9 \u00e0 un avocat. En effet, ce qui est dit peut \u00eatre utilis\u00e9 contre vous plus tard.<br \/>La police utilise souvent des preuves telles que des images de cam\u00e9ras, des empreintes digitales ou de l'ADN pour d\u00e9montrer que vous avez vol\u00e9 quelque chose.\u00a0<\/p>\t\t\t\t\t\t\t\t<\/div>\n\t\t\t\t<\/div>\n\t\t\t\t<div class=\"elementor-element elementor-element-8efa27b elementor-widget elementor-widget-spacer\" data-id=\"8efa27b\" data-element_type=\"widget\" data-e-type=\"widget\" data-widget_type=\"spacer.default\">\n\t\t\t\t<div class=\"elementor-widget-container\">\n\t\t\t\t\t\t\t<div class=\"elementor-spacer\">\n\t\t\t<div class=\"elementor-spacer-inner\"><\/div>\n\t\t<\/div>\n\t\t\t\t\t\t<\/div>\n\t\t\t\t<\/div>\n\t\t\t\t<div class=\"elementor-element elementor-element-8f9a942 elementor-widget elementor-widget-heading\" data-id=\"8f9a942\" data-element_type=\"widget\" data-e-type=\"widget\" data-widget_type=\"heading.default\">\n\t\t\t\t<div class=\"elementor-widget-container\">\n\t\t\t\t\t<h3 class=\"elementor-heading-title elementor-size-default\">Besoin d'un avocat pour le vol<\/h3>\t\t\t\t<\/div>\n\t\t\t\t<\/div>\n\t\t\t\t<div class=\"elementor-element elementor-element-a798277 color-scheme-inherit text-left elementor-widget elementor-widget-text-editor\" data-id=\"a798277\" data-element_type=\"widget\" data-e-type=\"widget\" data-widget_type=\"text-editor.default\">\n\t\t\t\t<div class=\"elementor-widget-container\">\n\t\t\t\t\t\t\t\t\t<p>Il arrive que le parquet traite les affaires de vol \u00e0 l'amiable, avec une proposition de transaction ou une ordonnance de sanction, qui peut d\u00e9boucher sur un casier judiciaire. Une condamnation pour vol peut entra\u00eener des probl\u00e8mes pour votre avenir, comme l'obtention d'un casier judiciaire et d'un certificat de bonne conduite (VOG).<\/p><p>Une d\u00e9fense solide est essentielle si vous \u00eates accus\u00e9 de vol afin d'\u00e9viter des cons\u00e9quences n\u00e9gatives pour vous. L'\u00e9quipe exp\u00e9riment\u00e9e de <a href=\"https:\/\/www.derbedrosian.nl\/fr\/avocats\/\">avocats p\u00e9nalistes<\/a> du cabinet d'avocats Der Bedrosian sont sp\u00e9cialis\u00e9s dans le domaine du vol.<\/p><p>N'h\u00e9sitez donc pas \u00e0 nous contacter pour obtenir des conseils gratuits et une assistance juridique suppl\u00e9mentaire dans votre cas.<\/p>\t\t\t\t\t\t\t\t<\/div>\n\t\t\t\t<\/div>\n\t\t\t\t\t<\/div>\n\t\t\t\t<\/div>\n\t\t\t\t<\/div>","protected":false},"excerpt":{"rendered":"<p>straf diefstal diefstal advocaat diefstal aangifte politie diefstal verzekering heling verduistering fraude verschil tussen diefstal, fraude, heling en verduistering Diefstal<\/p>","protected":false},"author":1,"featured_media":0,"parent":10047,"menu_order":1,"comment_status":"closed","ping_status":"closed","template":"","meta":{"footnotes":""},"class_list":["post-10523","page","type-page","status-publish","hentry"],"_links":{"self":[{"href":"https:\/\/www.derbedrosian.nl\/fr\/wp-json\/wp\/v2\/pages\/10523","targetHints":{"allow":["GET"]}}],"collection":[{"href":"https:\/\/www.derbedrosian.nl\/fr\/wp-json\/wp\/v2\/pages"}],"about":[{"href":"https:\/\/www.derbedrosian.nl\/fr\/wp-json\/wp\/v2\/types\/page"}],"author":[{"embeddable":true,"href":"https:\/\/www.derbedrosian.nl\/fr\/wp-json\/wp\/v2\/users\/1"}],"replies":[{"embeddable":true,"href":"https:\/\/www.derbedrosian.nl\/fr\/wp-json\/wp\/v2\/comments?post=10523"}],"version-history":[{"count":0,"href":"https:\/\/www.derbedrosian.nl\/fr\/wp-json\/wp\/v2\/pages\/10523\/revisions"}],"up":[{"embeddable":true,"href":"https:\/\/www.derbedrosian.nl\/fr\/wp-json\/wp\/v2\/pages\/10047"}],"wp:attachment":[{"href":"https:\/\/www.derbedrosian.nl\/fr\/wp-json\/wp\/v2\/media?parent=10523"}],"curies":[{"name":"wp","href":"https:\/\/api.w.org\/{rel}","templated":true}]}}