{"id":10515,"date":"2023-05-26T09:51:48","date_gmt":"2023-05-26T07:51:48","guid":{"rendered":"https:\/\/derbedrosian.nl\/?page_id=10515"},"modified":"2025-12-21T14:39:16","modified_gmt":"2025-12-21T12:39:16","slug":"crimes","status":"publish","type":"page","link":"https:\/\/www.derbedrosian.nl\/fr\/rechtsgebieden\/strafrecht\/misdrijven\/","title":{"rendered":"Crimes"},"content":{"rendered":"<div data-elementor-type=\"wp-page\" data-elementor-id=\"10515\" class=\"elementor elementor-10515\" data-elementor-post-type=\"page\">\n\t\t\t\t<div class=\"wd-negative-gap elementor-element elementor-element-3d15730 e-flex e-con-boxed e-con e-parent\" data-id=\"3d15730\" data-element_type=\"container\" data-e-type=\"container\">\n\t\t\t\t\t<div class=\"e-con-inner\">\n\t\t\t\t<div class=\"elementor-element elementor-element-e654be2 elementor-hidden-desktop elementor-hidden-tablet elementor-hidden-mobile elementor-widget elementor-widget-wd_image_or_svg\" data-id=\"e654be2\" data-element_type=\"widget\" data-e-type=\"widget\" id=\"seo-word\" data-widget_type=\"wd_image_or_svg.default\">\n\t\t\t\t<div class=\"elementor-widget-container\">\n\t\t\t\t\t\n\t\t<div class=\"wd-image text-left\">\n\t\t\t\t\t\t\t\t<img loading=\"lazy\" decoding=\"async\" width=\"1000\" height=\"667\" src=\"https:\/\/www.derbedrosian.nl\/wp-content\/uploads\/rechtsgebied-misdrijven.jpg\" class=\"attachment-full size-full\" alt=\"crimes diff\u00e9rence entre d\u00e9lit et crime article avocat proc\u00e9dure p\u00e9nale\" srcset=\"https:\/\/www.derbedrosian.nl\/wp-content\/uploads\/rechtsgebied-misdrijven.jpg 1000w, https:\/\/www.derbedrosian.nl\/wp-content\/uploads\/rechtsgebied-misdrijven-400x267.jpg 400w, https:\/\/www.derbedrosian.nl\/wp-content\/uploads\/rechtsgebied-misdrijven-768x512.jpg 768w\" sizes=\"auto, (max-width: 1000px) 100vw, 1000px\" title=\"\">\t\t\t\t\t<\/div>\n\n\t\t\t\t\t\t<\/div>\n\t\t\t\t<\/div>\n\t\t\t\t<div class=\"elementor-element elementor-element-8e7e5f8 elementor-hidden-desktop elementor-hidden-tablet elementor-hidden-mobile elementor-widget elementor-widget-heading\" data-id=\"8e7e5f8\" data-element_type=\"widget\" data-e-type=\"widget\" id=\"seo-word\" data-widget_type=\"heading.default\">\n\t\t\t\t<div class=\"elementor-widget-container\">\n\t\t\t\t\t<h2 class=\"elementor-heading-title elementor-size-default\">diff\u00e9rence entre crime et d\u00e9lit<\/h2>\t\t\t\t<\/div>\n\t\t\t\t<\/div>\n\t\t\t\t<div class=\"elementor-element elementor-element-72e5205 elementor-hidden-desktop elementor-hidden-tablet elementor-hidden-mobile elementor-widget elementor-widget-heading\" data-id=\"72e5205\" data-element_type=\"widget\" data-e-type=\"widget\" id=\"seo-word\" data-widget_type=\"heading.default\">\n\t\t\t\t<div class=\"elementor-widget-container\">\n\t\t\t\t\t<h5 class=\"elementor-heading-title elementor-size-default\">avocat sp\u00e9cialis\u00e9 en droit p\u00e9nal<\/h5>\t\t\t\t<\/div>\n\t\t\t\t<\/div>\n\t\t\t\t<div class=\"elementor-element elementor-element-8837e9f elementor-hidden-desktop elementor-hidden-tablet elementor-hidden-mobile elementor-widget elementor-widget-heading\" data-id=\"8837e9f\" data-element_type=\"widget\" data-e-type=\"widget\" id=\"seo-word\" data-widget_type=\"heading.default\">\n\t\t\t\t<div class=\"elementor-widget-container\">\n\t\t\t\t\t<h5 class=\"elementor-heading-title elementor-size-default\">crime peine<\/h5>\t\t\t\t<\/div>\n\t\t\t\t<\/div>\n\t\t\t\t<div class=\"elementor-element elementor-element-cb8f093 elementor-hidden-desktop elementor-hidden-tablet elementor-hidden-mobile elementor-widget elementor-widget-heading\" data-id=\"cb8f093\" data-element_type=\"widget\" data-e-type=\"widget\" id=\"seo-word\" data-widget_type=\"heading.default\">\n\t\t\t\t<div class=\"elementor-widget-container\">\n\t\t\t\t\t<h5 class=\"elementor-heading-title elementor-size-default\">crimes de guerre crimes contre l'humanit\u00e9 torture et disparitions forc\u00e9es<\/h5>\t\t\t\t<\/div>\n\t\t\t\t<\/div>\n\t\t\t\t<div class=\"elementor-element elementor-element-c2ff327 elementor-hidden-desktop elementor-hidden-tablet elementor-hidden-mobile elementor-widget elementor-widget-heading\" data-id=\"c2ff327\" data-element_type=\"widget\" data-e-type=\"widget\" id=\"seo-word\" data-widget_type=\"heading.default\">\n\t\t\t\t<div class=\"elementor-widget-container\">\n\t\t\t\t\t<h5 class=\"elementor-heading-title elementor-size-default\">avocat droit p\u00e9nal enschede<\/h5>\t\t\t\t<\/div>\n\t\t\t\t<\/div>\n\t\t\t\t<div class=\"elementor-element elementor-element-b745110 elementor-hidden-desktop elementor-hidden-tablet elementor-hidden-mobile elementor-widget elementor-widget-heading\" data-id=\"b745110\" data-element_type=\"widget\" data-e-type=\"widget\" id=\"seo-word\" data-widget_type=\"heading.default\">\n\t\t\t\t<div class=\"elementor-widget-container\">\n\t\t\t\t\t<h5 class=\"elementor-heading-title elementor-size-default\">avocat droit p\u00e9nal overijssel<\/h5>\t\t\t\t<\/div>\n\t\t\t\t<\/div>\n\t\t\t\t<div class=\"elementor-element elementor-element-e84888f elementor-hidden-desktop elementor-hidden-tablet elementor-hidden-mobile elementor-widget elementor-widget-heading\" data-id=\"e84888f\" data-element_type=\"widget\" data-e-type=\"widget\" id=\"seo-word\" data-widget_type=\"heading.default\">\n\t\t\t\t<div class=\"elementor-widget-container\">\n\t\t\t\t\t<h5 class=\"elementor-heading-title elementor-size-default\">avocat p\u00e9nal enschede<\/h5>\t\t\t\t<\/div>\n\t\t\t\t<\/div>\n\t\t\t\t<div class=\"elementor-element elementor-element-11872f9 elementor-hidden-desktop elementor-hidden-tablet elementor-hidden-mobile elementor-widget elementor-widget-heading\" data-id=\"11872f9\" data-element_type=\"widget\" data-e-type=\"widget\" id=\"seo-word\" data-widget_type=\"heading.default\">\n\t\t\t\t<div class=\"elementor-widget-container\">\n\t\t\t\t\t<h5 class=\"elementor-heading-title elementor-size-default\">droit p\u00e9nal enschede<\/h5>\t\t\t\t<\/div>\n\t\t\t\t<\/div>\n\t\t\t\t<div class=\"elementor-element elementor-element-f9ae890 elementor-hidden-desktop elementor-hidden-tablet elementor-hidden-mobile elementor-widget elementor-widget-heading\" data-id=\"f9ae890\" data-element_type=\"widget\" data-e-type=\"widget\" id=\"seo-word\" data-widget_type=\"heading.default\">\n\t\t\t\t<div class=\"elementor-widget-container\">\n\t\t\t\t\t<h5 class=\"elementor-heading-title elementor-size-default\">A Enschede, vous pouvez compter sur l'expertise des avocats p\u00e9nalistes de Derbedrosian Criminal Lawyers. Nos avocats \u00e0 Enschede sont sp\u00e9cialis\u00e9s dans les affaires p\u00e9nales et offrent une assistance juridique professionnelle.\n\nLe droit p\u00e9nal couvre un large \u00e9ventail de questions, y compris les crimes et les d\u00e9lits. Un avocat sp\u00e9cialis\u00e9 en droit p\u00e9nal \u00e0 Enschede peut vous aider dans des affaires telles que les crimes de guerre et les crimes contre l'humanit\u00e9, y compris les cas de torture et de disparitions forc\u00e9es. Ces accusations graves rel\u00e8vent de la cat\u00e9gorie des crimes et peuvent donner lieu \u00e0 des sanctions s\u00e9v\u00e8res.\n\nLa diff\u00e9rence entre un crime et une infraction r\u00e9side g\u00e9n\u00e9ralement dans la gravit\u00e9 de la violation de la loi. Les crimes sont des infractions plus graves que les d\u00e9lits et peuvent donner lieu \u00e0 des sanctions plus s\u00e9v\u00e8res.\n\nSi vous avez besoin de conseils juridiques sur des crimes, des d\u00e9lits ou d'autres affaires p\u00e9nales \u00e0 Enschede ou Overijssel, contactez Derbedrosian Criminal Lawyers. Nos avocats vous assisteront et vous fourniront les conseils ad\u00e9quats pour traiter votre affaire.<\/h5>\t\t\t\t<\/div>\n\t\t\t\t<\/div>\n\t\t\t\t<div class=\"elementor-element elementor-element-bb254ab color-scheme-inherit text-left elementor-widget elementor-widget-text-editor\" data-id=\"bb254ab\" data-element_type=\"widget\" data-e-type=\"widget\" data-widget_type=\"text-editor.default\">\n\t\t\t\t<div class=\"elementor-widget-container\">\n\t\t\t\t\t\t\t\t\t<p><strong>La criminalit\u00e9 \u00e9rode les fondements de notre soci\u00e9t\u00e9. Ils vont d'actes violents comme le meurtre \u00e0 des d\u00e9lits financiers complexes comme la fraude.<\/strong><\/p>\t\t\t\t\t\t\t\t<\/div>\n\t\t\t\t<\/div>\n\t\t\t\t<div class=\"elementor-element elementor-element-4848a7e elementor-widget elementor-widget-spacer\" data-id=\"4848a7e\" data-element_type=\"widget\" data-e-type=\"widget\" data-widget_type=\"spacer.default\">\n\t\t\t\t<div class=\"elementor-widget-container\">\n\t\t\t\t\t\t\t<div class=\"elementor-spacer\">\n\t\t\t<div class=\"elementor-spacer-inner\"><\/div>\n\t\t<\/div>\n\t\t\t\t\t\t<\/div>\n\t\t\t\t<\/div>\n\t\t\t\t<div class=\"elementor-element elementor-element-e4534e7 elementor-widget elementor-widget-heading\" data-id=\"e4534e7\" data-element_type=\"widget\" data-e-type=\"widget\" data-widget_type=\"heading.default\">\n\t\t\t\t<div class=\"elementor-widget-container\">\n\t\t\t\t\t<h3 class=\"elementor-heading-title elementor-size-default\">Qu'est-ce qu'un crime ?<\/h3>\t\t\t\t<\/div>\n\t\t\t\t<\/div>\n\t\t\t\t<div class=\"elementor-element elementor-element-93ad992 color-scheme-inherit text-left elementor-widget elementor-widget-text-editor\" data-id=\"93ad992\" data-element_type=\"widget\" data-e-type=\"widget\" data-widget_type=\"text-editor.default\">\n\t\t\t\t<div class=\"elementor-widget-container\">\n\t\t\t\t\t\t\t\t\t<p>Les crimes sont des violations graves de la loi qui entra\u00eenent des sanctions plus lourdes que les d\u00e9lits. Ils sont consid\u00e9r\u00e9s comme des violations graves de la loi et ont des cons\u00e9quences juridiques graves pour ceux qui les commettent.<\/p><ul><li><strong>Crimes contre la s\u00e9curit\u00e9 de l'\u00c9tat :<\/strong>\u00a0visent \u00e0 porter atteinte \u00e0 la stabilit\u00e9 et \u00e0 la s\u00e9curit\u00e9 d'un pays. Le terrorisme, l'espionnage et la trahison en sont des exemples. Ces crimes sont consid\u00e9r\u00e9s comme particuli\u00e8rement graves car ils peuvent menacer la s\u00e9curit\u00e9 nationale.<\/li><li><strong>Crimes contre l'ordre public :<\/strong>\u00a0dans ce cas, la libert\u00e9 g\u00e9n\u00e9rale des personnes ou des biens est menac\u00e9e et la paix et la s\u00e9curit\u00e9 publiques sont perturb\u00e9es. Les menaces, les meurtres, les vols, le vandalisme et les agressions en sont des exemples. Ces d\u00e9lits peuvent \u00eatre plus ou moins graves, mais ils ont tous en commun de porter atteinte \u00e0 l'ordre public et peuvent avoir des cons\u00e9quences graves pour les victimes comme pour les auteurs.<\/li><\/ul>\t\t\t\t\t\t\t\t<\/div>\n\t\t\t\t<\/div>\n\t\t\t\t<div class=\"elementor-element elementor-element-30efda1 elementor-widget elementor-widget-spacer\" data-id=\"30efda1\" data-element_type=\"widget\" data-e-type=\"widget\" data-widget_type=\"spacer.default\">\n\t\t\t\t<div class=\"elementor-widget-container\">\n\t\t\t\t\t\t\t<div class=\"elementor-spacer\">\n\t\t\t<div class=\"elementor-spacer-inner\"><\/div>\n\t\t<\/div>\n\t\t\t\t\t\t<\/div>\n\t\t\t\t<\/div>\n\t\t\t\t<div class=\"elementor-element elementor-element-f040823 elementor-widget elementor-widget-heading\" data-id=\"f040823\" data-element_type=\"widget\" data-e-type=\"widget\" data-widget_type=\"heading.default\">\n\t\t\t\t<div class=\"elementor-widget-container\">\n\t\t\t\t\t<h3 class=\"elementor-heading-title elementor-size-default\">Qu'est-ce qui est inclus dans les crimes ?<\/h3>\t\t\t\t<\/div>\n\t\t\t\t<\/div>\n\t\t\t\t<div class=\"elementor-element elementor-element-cc4809b color-scheme-inherit text-left elementor-widget elementor-widget-text-editor\" data-id=\"cc4809b\" data-element_type=\"widget\" data-e-type=\"widget\" data-widget_type=\"text-editor.default\">\n\t\t\t\t<div class=\"elementor-widget-container\">\n\t\t\t\t\t\t\t\t\t<p>Les d\u00e9lits impliquent des comportements graves. Nous avons \u00e9num\u00e9r\u00e9 ci-dessous les plus graves d'entre eux :<\/p><ul><li><strong><a href=\"https:\/\/www.derbedrosian.nl\/fr\/juridictions\/droit-penal\/vol\/\">Vol :<\/a> <\/strong>On parle de vol lorsqu'une personne prend quelque chose \u00e0 une autre sans sa permission. Il peut s'agir de choses que l'on peut toucher physiquement (objets mat\u00e9riels), comme un scooter et un t\u00e9l\u00e9phone, ou de choses que l'on ne peut pas toucher (objets immat\u00e9riels), comme des biens en ligne et de l'\u00e9lectricit\u00e9.<\/li><li><strong><a href=\"https:\/\/www.derbedrosian.nl\/fr\/juridictions\/droit-penal\/crimes\/drogues\/\">Possession de drogue :\u00a0<\/a><\/strong>La possession de drogues d\u00e9signe la possession ill\u00e9gale de stup\u00e9fiants ou de drogues. Cela signifie qu'une personne transporte des drogues telles que le cannabis, la coca\u00efne, l'h\u00e9ro\u00efne, l'ecstasy, la m\u00e9thamph\u00e9tamine ou d'autres substances interdites sans permis ou autorisation des autorit\u00e9s.<\/li><li><strong><a href=\"https:\/\/www.derbedrosian.nl\/fr\/juridictions\/droit-penal\/crimes\/agression\/\">Abus :<\/a><\/strong> La maltraitance consiste \u00e0 infliger des dommages physiques, \u00e9motionnels ou psychologiques \u00e0 une personne par le biais d'actes intentionnels de violence, de n\u00e9gligence ou d'intimidation. La forme la plus courante de maltraitance est la maltraitance \u00e9motionnelle.<\/li><li><strong><a href=\"https:\/\/www.derbedrosian.nl\/fr\/juridictions\/droit-penal\/crimes\/meurtre-et-homicide-involontaire\/\">Meurtre et homicide involontaire :<\/a> <\/strong>Le meurtre d\u00e9signe l'assassinat d\u00e9lib\u00e9r\u00e9 d'une personne avec pr\u00e9m\u00e9ditation et sans justification ou excuse l\u00e9gale. Il implique qu'une personne ayant l'intention de tuer quelqu'un d'autre a r\u00e9ellement pris des mesures pour atteindre cet objectif. Le meurtre est consid\u00e9r\u00e9 par beaucoup comme le pire des crimes.<\/li><li><a href=\"https:\/\/www.derbedrosian.nl\/fr\/juridictions\/droit-penal\/insulte\/\"><strong>Insulte :<\/strong><\/a> Une insulte est simplement quelque chose que les gens disent ou font pour ridiculiser ou rabaisser quelqu'un. Cela peut \u00eatre fait intentionnellement ou accidentellement, mais le but est g\u00e9n\u00e9ralement d'humilier l'autre personne.<\/li><\/ul><ul><li><strong>Destruction :<\/strong> La destruction d\u00e9signe le fait d'endommager ou de d\u00e9truire d\u00e9lib\u00e9r\u00e9ment les biens d'autrui sans leur consentement. Il peut s'agir, par exemple, d'endommager des voitures, des meubles, des \u00e9quipements, des installations publiques ou des biens personnels. La destruction peut \u00eatre le r\u00e9sultat d'une mauvaise conduite, de vandalisme, de col\u00e8re, de vengeance ou d'autres motifs, mais elle implique toujours de causer d\u00e9lib\u00e9r\u00e9ment des dommages \u00e0 la propri\u00e9t\u00e9 d'autrui.<\/li><li><strong>Menace :<\/strong>\u00a0La menace se r\u00e9f\u00e8re \u00e0 la prononciation de mots, de gestes, de communications \u00e9crites ou de comportements qui ont pour but d'effrayer, d'intimider, de craindre pour la s\u00e9curit\u00e9 d'une autre personne ou d'annoncer un pr\u00e9judice ou des cons\u00e9quences n\u00e9gatives. Les menaces peuvent \u00eatre verbales ou non verbales et peuvent varier en gravit\u00e9 et en forme.<\/li><\/ul>\t\t\t\t\t\t\t\t<\/div>\n\t\t\t\t<\/div>\n\t\t\t\t<div class=\"elementor-element elementor-element-7813323 elementor-widget elementor-widget-spacer\" data-id=\"7813323\" data-element_type=\"widget\" data-e-type=\"widget\" data-widget_type=\"spacer.default\">\n\t\t\t\t<div class=\"elementor-widget-container\">\n\t\t\t\t\t\t\t<div class=\"elementor-spacer\">\n\t\t\t<div class=\"elementor-spacer-inner\"><\/div>\n\t\t<\/div>\n\t\t\t\t\t\t<\/div>\n\t\t\t\t<\/div>\n\t\t\t\t<div class=\"elementor-element elementor-element-d683f60 elementor-widget elementor-widget-heading\" data-id=\"d683f60\" data-element_type=\"widget\" data-e-type=\"widget\" data-widget_type=\"heading.default\">\n\t\t\t\t<div class=\"elementor-widget-container\">\n\t\t\t\t\t<h3 class=\"elementor-heading-title elementor-size-default\">Diff\u00e9rence entre un d\u00e9lit et un crime<\/h3>\t\t\t\t<\/div>\n\t\t\t\t<\/div>\n\t\t\t\t<div class=\"elementor-element elementor-element-f0b9e77 color-scheme-inherit text-left elementor-widget elementor-widget-text-editor\" data-id=\"f0b9e77\" data-element_type=\"widget\" data-e-type=\"widget\" data-widget_type=\"text-editor.default\">\n\t\t\t\t<div class=\"elementor-widget-container\">\n\t\t\t\t\t\t\t\t\t<p>La principale diff\u00e9rence entre un d\u00e9lit et un crime est li\u00e9e \u00e0 la gravit\u00e9 de la violation de la loi et aux cons\u00e9quences juridiques qui en d\u00e9coulent.<\/p><p>Les crimes comprennent tous les actes contraires aux normes et aux valeurs de la soci\u00e9t\u00e9. Les exemples incluent le meurtre, le viol, le vol et l'extorsion. Les infractions, quant \u00e0 elles, concernent des comportements moins graves, tels que l'ivresse publique et le fait d'uriner en public.<\/p>\t\t\t\t\t\t\t\t<\/div>\n\t\t\t\t<\/div>\n\t\t\t\t<div class=\"elementor-element elementor-element-c5327b4 elementor-widget elementor-widget-spacer\" data-id=\"c5327b4\" data-element_type=\"widget\" data-e-type=\"widget\" data-widget_type=\"spacer.default\">\n\t\t\t\t<div class=\"elementor-widget-container\">\n\t\t\t\t\t\t\t<div class=\"elementor-spacer\">\n\t\t\t<div class=\"elementor-spacer-inner\"><\/div>\n\t\t<\/div>\n\t\t\t\t\t\t<\/div>\n\t\t\t\t<\/div>\n\t\t\t\t<div class=\"elementor-element elementor-element-e7e679f elementor-widget elementor-widget-heading\" data-id=\"e7e679f\" data-element_type=\"widget\" data-e-type=\"widget\" data-widget_type=\"heading.default\">\n\t\t\t\t<div class=\"elementor-widget-container\">\n\t\t\t\t\t<h3 class=\"elementor-heading-title elementor-size-default\">Comment se d\u00e9roule la proc\u00e9dure en cas de crime ?<\/h3>\t\t\t\t<\/div>\n\t\t\t\t<\/div>\n\t\t\t\t<div class=\"elementor-element elementor-element-299df01 color-scheme-inherit text-left elementor-widget elementor-widget-text-editor\" data-id=\"299df01\" data-element_type=\"widget\" data-e-type=\"widget\" data-widget_type=\"text-editor.default\">\n\t\t\t\t<div class=\"elementor-widget-container\">\n\t\t\t\t\t\t\t\t\t<p>Dans le cas d'un crime tel qu'une agression, l'enqu\u00eate de police commence lorsque la victime porte plainte. Dans d'autres situations, comme une enqu\u00eate sur un meurtre, la police commence l'enqu\u00eate pour retrouver un suspect sans avoir d'abord signal\u00e9 le crime. La police et le procureur g\u00e9n\u00e9ral (OM) enqu\u00eatent d'abord sur les responsables du crime.\u00a0<\/p><p>Si un suspect est identifi\u00e9, l'accusation le traduit souvent devant le tribunal. Si vous \u00eates l'accus\u00e9 dans le proc\u00e8s, vous recevrez une citation \u00e0 compara\u00eetre de l'accusation indiquant quand et o\u00f9 vous devez vous pr\u00e9senter au tribunal. C'est ce qu'on appelle le d\u00e9but du proc\u00e8s.<\/p><p>Verdict : \u00e0 l'issue du proc\u00e8s, le juge prononce la sentence. Si l'accus\u00e9 est reconnu coupable, la peine peut varier en fonction de la gravit\u00e9 du crime et d'autres circonstances.<\/p>\t\t\t\t\t\t\t\t<\/div>\n\t\t\t\t<\/div>\n\t\t\t\t<div class=\"elementor-element elementor-element-3889175 elementor-widget elementor-widget-spacer\" data-id=\"3889175\" data-element_type=\"widget\" data-e-type=\"widget\" data-widget_type=\"spacer.default\">\n\t\t\t\t<div class=\"elementor-widget-container\">\n\t\t\t\t\t\t\t<div class=\"elementor-spacer\">\n\t\t\t<div class=\"elementor-spacer-inner\"><\/div>\n\t\t<\/div>\n\t\t\t\t\t\t<\/div>\n\t\t\t\t<\/div>\n\t\t\t\t<div class=\"elementor-element elementor-element-189f553 elementor-widget elementor-widget-heading\" data-id=\"189f553\" data-element_type=\"widget\" data-e-type=\"widget\" data-widget_type=\"heading.default\">\n\t\t\t\t<div class=\"elementor-widget-container\">\n\t\t\t\t\t<h3 class=\"elementor-heading-title elementor-size-default\">Sanctions en cas d'infraction<\/h3>\t\t\t\t<\/div>\n\t\t\t\t<\/div>\n\t\t\t\t<div class=\"elementor-element elementor-element-931fb74 color-scheme-inherit text-left elementor-widget elementor-widget-text-editor\" data-id=\"931fb74\" data-element_type=\"widget\" data-e-type=\"widget\" data-widget_type=\"text-editor.default\">\n\t\t\t\t<div class=\"elementor-widget-container\">\n\t\t\t\t\t\t\t\t\t<p>Les crimes sont souvent passibles de lourdes peines d'emprisonnement. Les peines les plus courantes sont de 6, 12 et 20 ans. Le montant de la peine d'emprisonnement d\u00e9pend de la gravit\u00e9 du crime commis.<\/p>\t\t\t\t\t\t\t\t<\/div>\n\t\t\t\t<\/div>\n\t\t\t\t<div class=\"elementor-element elementor-element-ee35813 elementor-widget elementor-widget-spacer\" data-id=\"ee35813\" data-element_type=\"widget\" data-e-type=\"widget\" data-widget_type=\"spacer.default\">\n\t\t\t\t<div class=\"elementor-widget-container\">\n\t\t\t\t\t\t\t<div class=\"elementor-spacer\">\n\t\t\t<div class=\"elementor-spacer-inner\"><\/div>\n\t\t<\/div>\n\t\t\t\t\t\t<\/div>\n\t\t\t\t<\/div>\n\t\t\t\t<div class=\"elementor-element elementor-element-12c09ea elementor-widget elementor-widget-heading\" data-id=\"12c09ea\" data-element_type=\"widget\" data-e-type=\"widget\" data-widget_type=\"heading.default\">\n\t\t\t\t<div class=\"elementor-widget-container\">\n\t\t\t\t\t<h3 class=\"elementor-heading-title elementor-size-default\">Avocat sp\u00e9cialis\u00e9 dans les d\u00e9lits<\/h3>\t\t\t\t<\/div>\n\t\t\t\t<\/div>\n\t\t\t\t<div class=\"elementor-element elementor-element-e1ccc6e color-scheme-inherit text-left elementor-widget elementor-widget-text-editor\" data-id=\"e1ccc6e\" data-element_type=\"widget\" data-e-type=\"widget\" data-widget_type=\"text-editor.default\">\n\t\t\t\t<div class=\"elementor-widget-container\">\n\t\t\t\t\t\t\t\t\t<p>Un avocat p\u00e9naliste peut conseiller et assister un pr\u00e9venu lors d'une audience. Souvent, en tant que suspect, vous avez du mal \u00e0 vous d\u00e9fendre vous-m\u00eame - vous \u00eates g\u00e9n\u00e9ralement trop impliqu\u00e9 \u00e9motionnellement et vous n\u00e9gligez donc souvent des questions importantes. Tout le monde a droit \u00e0 un avocat, y compris les suspects. N'h\u00e9sitez donc pas \u00e0 contacter l'un de nos avocats.<\/p><p>Lorsque vous \u00eates accus\u00e9 d'un crime, il est tr\u00e8s important de rechercher une aide juridique rapide et cibl\u00e9e. Dans des situations similaires, vous pouvez compter sur le cabinet d'avocats Derbedrosian, dont les avocats exp\u00e9riment\u00e9s seront heureux de vous aider. Notre cabinet est pr\u00eat \u00e0 vous guider et \u00e0 vous fournir des conseils juridiques sp\u00e9cifiques \u00e0 votre situation, car nous comprenons que chaque cas est unique et n\u00e9cessite une expertise.<br \/>Nous sommes l\u00e0 pour vous aider \u00e0 comprendre vos droits, \u00e0 construire votre d\u00e9fense et \u00e0 vous guider tout au long de la proc\u00e9dure. Contactez-nous d\u00e8s aujourd'hui et faites le premier pas vers une d\u00e9fense efficace.<\/p>\t\t\t\t\t\t\t\t<\/div>\n\t\t\t\t<\/div>\n\t\t\t\t\t<\/div>\n\t\t\t\t<\/div>\n\t\t\t\t<\/div>","protected":false},"excerpt":{"rendered":"<p>diff\u00e9rence entre crime et d\u00e9lit avocat d\u00e9lit p\u00e9nal crimes de guerre crimes contre l'humanit\u00e9 torture et disparitions forc\u00e9es avocat droit p\u00e9nal enschede<\/p>","protected":false},"author":1,"featured_media":0,"parent":10047,"menu_order":0,"comment_status":"closed","ping_status":"closed","template":"","meta":{"footnotes":""},"class_list":["post-10515","page","type-page","status-publish","hentry"],"_links":{"self":[{"href":"https:\/\/www.derbedrosian.nl\/fr\/wp-json\/wp\/v2\/pages\/10515","targetHints":{"allow":["GET"]}}],"collection":[{"href":"https:\/\/www.derbedrosian.nl\/fr\/wp-json\/wp\/v2\/pages"}],"about":[{"href":"https:\/\/www.derbedrosian.nl\/fr\/wp-json\/wp\/v2\/types\/page"}],"author":[{"embeddable":true,"href":"https:\/\/www.derbedrosian.nl\/fr\/wp-json\/wp\/v2\/users\/1"}],"replies":[{"embeddable":true,"href":"https:\/\/www.derbedrosian.nl\/fr\/wp-json\/wp\/v2\/comments?post=10515"}],"version-history":[{"count":0,"href":"https:\/\/www.derbedrosian.nl\/fr\/wp-json\/wp\/v2\/pages\/10515\/revisions"}],"up":[{"embeddable":true,"href":"https:\/\/www.derbedrosian.nl\/fr\/wp-json\/wp\/v2\/pages\/10047"}],"wp:attachment":[{"href":"https:\/\/www.derbedrosian.nl\/fr\/wp-json\/wp\/v2\/media?parent=10515"}],"curies":[{"name":"wp","href":"https:\/\/api.w.org\/{rel}","templated":true}]}}