{"id":10507,"date":"2023-05-25T16:50:17","date_gmt":"2023-05-25T14:50:17","guid":{"rendered":"https:\/\/derbedrosian.nl\/?page_id=10507"},"modified":"2025-12-20T18:21:53","modified_gmt":"2025-12-20T16:21:53","slug":"marchandises-saisies","status":"publish","type":"page","link":"https:\/\/www.derbedrosian.nl\/fr\/rechtsgebieden\/strafrecht\/in-beslag-genomen-goederen\/","title":{"rendered":"Biens confisqu\u00e9s"},"content":{"rendered":"<div data-elementor-type=\"wp-page\" data-elementor-id=\"10507\" class=\"elementor elementor-10507\" data-elementor-post-type=\"page\">\n\t\t\t\t<div class=\"wd-negative-gap elementor-element elementor-element-b747771 e-flex e-con-boxed e-con e-parent\" data-id=\"b747771\" data-element_type=\"container\" data-e-type=\"container\">\n\t\t\t\t\t<div class=\"e-con-inner\">\n\t\t\t\t<div class=\"elementor-element elementor-element-b41868c elementor-hidden-desktop elementor-hidden-tablet elementor-hidden-mobile elementor-widget elementor-widget-wd_image_or_svg\" data-id=\"b41868c\" data-element_type=\"widget\" data-e-type=\"widget\" id=\"seo-word\" data-widget_type=\"wd_image_or_svg.default\">\n\t\t\t\t<div class=\"elementor-widget-container\">\n\t\t\t\t\t\n\t\t<div class=\"wd-image text-left\">\n\t\t\t\t\t\t\t\t<img loading=\"lazy\" decoding=\"async\" width=\"1000\" height=\"667\" src=\"https:\/\/www.derbedrosian.nl\/wp-content\/uploads\/rechtsgebied-in-beslag-genomen-goederen.jpg\" class=\"attachment-full size-full\" alt=\"biens confisqu\u00e9s police r\u00e9cup\u00e9rer avocat\" srcset=\"https:\/\/www.derbedrosian.nl\/wp-content\/uploads\/rechtsgebied-in-beslag-genomen-goederen.jpg 1000w, https:\/\/www.derbedrosian.nl\/wp-content\/uploads\/rechtsgebied-in-beslag-genomen-goederen-400x267.jpg 400w, https:\/\/www.derbedrosian.nl\/wp-content\/uploads\/rechtsgebied-in-beslag-genomen-goederen-768x512.jpg 768w\" sizes=\"auto, (max-width: 1000px) 100vw, 1000px\" title=\"\">\t\t\t\t\t<\/div>\n\n\t\t\t\t\t\t<\/div>\n\t\t\t\t<\/div>\n\t\t\t\t<div class=\"elementor-element elementor-element-dfeeedc elementor-hidden-desktop elementor-hidden-tablet elementor-hidden-mobile elementor-widget elementor-widget-heading\" data-id=\"dfeeedc\" data-element_type=\"widget\" data-e-type=\"widget\" id=\"seo-word\" data-widget_type=\"heading.default\">\n\t\t\t\t<div class=\"elementor-widget-container\">\n\t\t\t\t\t<h2 class=\"elementor-heading-title elementor-size-default\">marchandises saisies<\/h2>\t\t\t\t<\/div>\n\t\t\t\t<\/div>\n\t\t\t\t<div class=\"elementor-element elementor-element-fbda500 elementor-hidden-desktop elementor-hidden-tablet elementor-hidden-mobile elementor-widget elementor-widget-heading\" data-id=\"fbda500\" data-element_type=\"widget\" data-e-type=\"widget\" id=\"seo-word\" data-widget_type=\"heading.default\">\n\t\t\t\t<div class=\"elementor-widget-container\">\n\t\t\t\t\t<h5 class=\"elementor-heading-title elementor-size-default\">r\u00e9cup\u00e9rer les biens saisis <\/h5>\t\t\t\t<\/div>\n\t\t\t\t<\/div>\n\t\t\t\t<div class=\"elementor-element elementor-element-7d2ca9a elementor-hidden-desktop elementor-hidden-tablet elementor-hidden-mobile elementor-widget elementor-widget-heading\" data-id=\"7d2ca9a\" data-element_type=\"widget\" data-e-type=\"widget\" id=\"seo-word\" data-widget_type=\"heading.default\">\n\t\t\t\t<div class=\"elementor-widget-container\">\n\t\t\t\t\t<h5 class=\"elementor-heading-title elementor-size-default\">r\u00e9cup\u00e9rer les biens confisqu\u00e9s police <\/h5>\t\t\t\t<\/div>\n\t\t\t\t<\/div>\n\t\t\t\t<div class=\"elementor-element elementor-element-e299bc3 elementor-hidden-desktop elementor-hidden-tablet elementor-hidden-mobile elementor-widget elementor-widget-heading\" data-id=\"e299bc3\" data-element_type=\"widget\" data-e-type=\"widget\" id=\"seo-word\" data-widget_type=\"heading.default\">\n\t\t\t\t<div class=\"elementor-widget-container\">\n\t\t\t\t\t<h5 class=\"elementor-heading-title elementor-size-default\">avocat sp\u00e9cialis\u00e9 dans les marchandises saisies<\/h5>\t\t\t\t<\/div>\n\t\t\t\t<\/div>\n\t\t\t\t<div class=\"elementor-element elementor-element-b77bbd9 elementor-hidden-desktop elementor-hidden-tablet elementor-hidden-mobile elementor-widget elementor-widget-heading\" data-id=\"b77bbd9\" data-element_type=\"widget\" data-e-type=\"widget\" id=\"seo-word\" data-widget_type=\"heading.default\">\n\t\t\t\t<div class=\"elementor-widget-container\">\n\t\t\t\t\t<h5 class=\"elementor-heading-title elementor-size-default\">voiture de saisie<\/h5>\t\t\t\t<\/div>\n\t\t\t\t<\/div>\n\t\t\t\t<div class=\"elementor-element elementor-element-879421c elementor-hidden-desktop elementor-hidden-tablet elementor-hidden-mobile elementor-widget elementor-widget-heading\" data-id=\"879421c\" data-element_type=\"widget\" data-e-type=\"widget\" id=\"seo-word\" data-widget_type=\"heading.default\">\n\t\t\t\t<div class=\"elementor-widget-container\">\n\t\t\t\t\t<h5 class=\"elementor-heading-title elementor-size-default\">avocat droit p\u00e9nal overijssel<\/h5>\t\t\t\t<\/div>\n\t\t\t\t<\/div>\n\t\t\t\t<div class=\"elementor-element elementor-element-f3497a8 elementor-hidden-desktop elementor-hidden-tablet elementor-hidden-mobile elementor-widget elementor-widget-heading\" data-id=\"f3497a8\" data-element_type=\"widget\" data-e-type=\"widget\" id=\"seo-word\" data-widget_type=\"heading.default\">\n\t\t\t\t<div class=\"elementor-widget-container\">\n\t\t\t\t\t<h5 class=\"elementor-heading-title elementor-size-default\">avocat droit p\u00e9nal enschede<\/h5>\t\t\t\t<\/div>\n\t\t\t\t<\/div>\n\t\t\t\t<div class=\"elementor-element elementor-element-1fc277a elementor-hidden-desktop elementor-hidden-tablet elementor-hidden-mobile elementor-widget elementor-widget-heading\" data-id=\"1fc277a\" data-element_type=\"widget\" data-e-type=\"widget\" id=\"seo-word\" data-widget_type=\"heading.default\">\n\t\t\t\t<div class=\"elementor-widget-container\">\n\t\t\t\t\t<h5 class=\"elementor-heading-title elementor-size-default\">avocat p\u00e9nal enschede<\/h5>\t\t\t\t<\/div>\n\t\t\t\t<\/div>\n\t\t\t\t<div class=\"elementor-element elementor-element-f62ee6d elementor-hidden-desktop elementor-hidden-tablet elementor-hidden-mobile elementor-widget elementor-widget-heading\" data-id=\"f62ee6d\" data-element_type=\"widget\" data-e-type=\"widget\" id=\"seo-word\" data-widget_type=\"heading.default\">\n\t\t\t\t<div class=\"elementor-widget-container\">\n\t\t\t\t\t<h5 class=\"elementor-heading-title elementor-size-default\">Si vous vous trouvez \u00e0 Enschede et que vous avez besoin d'une assistance juridique concernant les biens saisis, vous pouvez compter sur l'expertise des avocats p\u00e9nalistes de Derbedrosian Criminal Lawyers. Nos avocats \u00e0 Enschede sont des professionnels exp\u00e9riment\u00e9s dans les affaires p\u00e9nales et connaissent bien le processus de saisie des biens.\n\nLorsque vos biens ont \u00e9t\u00e9 saisis par la police, il peut \u00eatre crucial de demander une aide juridique pour tenter de les r\u00e9cup\u00e9rer. La r\u00e9cup\u00e9ration des biens saisis peut \u00eatre complexe, mais avec l'assistance juridique ad\u00e9quate, nous pouvons vous aider dans cette proc\u00e9dure.\n\nNos avocats \u00e0 Overijssel sont pr\u00eats \u00e0 vous conseiller et \u00e0 vous aider \u00e0 r\u00e9cup\u00e9rer les biens saisis. Contactez Derbedrosian Criminal Lawyers \u00e0 Enschede pour obtenir une assistance professionnelle dans ce type d'affaires.<\/h5>\t\t\t\t<\/div>\n\t\t\t\t<\/div>\n\t\t\t\t<div class=\"elementor-element elementor-element-0ed46b8 elementor-widget elementor-widget-spacer\" data-id=\"0ed46b8\" data-element_type=\"widget\" data-e-type=\"widget\" data-widget_type=\"spacer.default\">\n\t\t\t\t<div class=\"elementor-widget-container\">\n\t\t\t\t\t\t\t<div class=\"elementor-spacer\">\n\t\t\t<div class=\"elementor-spacer-inner\"><\/div>\n\t\t<\/div>\n\t\t\t\t\t\t<\/div>\n\t\t\t\t<\/div>\n\t\t\t\t<div class=\"elementor-element elementor-element-bb41afc elementor-widget elementor-widget-heading\" data-id=\"bb41afc\" data-element_type=\"widget\" data-e-type=\"widget\" data-widget_type=\"heading.default\">\n\t\t\t\t<div class=\"elementor-widget-container\">\n\t\t\t\t\t<h2 class=\"elementor-heading-title elementor-size-default\">Qu'est-ce qu'une marchandise saisie ?<\/h2>\t\t\t\t<\/div>\n\t\t\t\t<\/div>\n\t\t\t\t<div class=\"elementor-element elementor-element-3ccf9f4 color-scheme-inherit text-left elementor-widget elementor-widget-text-editor\" data-id=\"3ccf9f4\" data-element_type=\"widget\" data-e-type=\"widget\" data-widget_type=\"text-editor.default\">\n\t\t\t\t<div class=\"elementor-widget-container\">\n\t\t\t\t\t\t\t\t\t<p>Les biens saisis d\u00e9signent divers objets saisis pour prouver qu'ils ont \u00e9t\u00e9 obtenus ill\u00e9galement parce qu'ils ont \u00e9t\u00e9 pay\u00e9s avec de l'argent d'origine criminelle.<\/p><p>La confiscation a lieu lorsque cela est n\u00e9cessaire dans l'int\u00e9r\u00eat de la justice p\u00e9nale.<\/p>\t\t\t\t\t\t\t\t<\/div>\n\t\t\t\t<\/div>\n\t\t\t\t<div class=\"elementor-element elementor-element-edf3262 elementor-widget elementor-widget-spacer\" data-id=\"edf3262\" data-element_type=\"widget\" data-e-type=\"widget\" data-widget_type=\"spacer.default\">\n\t\t\t\t<div class=\"elementor-widget-container\">\n\t\t\t\t\t\t\t<div class=\"elementor-spacer\">\n\t\t\t<div class=\"elementor-spacer-inner\"><\/div>\n\t\t<\/div>\n\t\t\t\t\t\t<\/div>\n\t\t\t\t<\/div>\n\t\t\t\t<div class=\"elementor-element elementor-element-796f259 elementor-widget elementor-widget-heading\" data-id=\"796f259\" data-element_type=\"widget\" data-e-type=\"widget\" data-widget_type=\"heading.default\">\n\t\t\t\t<div class=\"elementor-widget-container\">\n\t\t\t\t\t<h3 class=\"elementor-heading-title elementor-size-default\">Confiscation des biens<\/h3>\t\t\t\t<\/div>\n\t\t\t\t<\/div>\n\t\t\t\t<div class=\"elementor-element elementor-element-9d04149 color-scheme-inherit text-left elementor-widget elementor-widget-text-editor\" data-id=\"9d04149\" data-element_type=\"widget\" data-e-type=\"widget\" data-widget_type=\"text-editor.default\">\n\t\t\t\t<div class=\"elementor-widget-container\">\n\t\t\t\t\t\t\t\t\t<p>Il existe plusieurs raisons pour lesquelles la police ou les services d'enqu\u00eate peuvent saisir des objets ou des v\u00e9hicules. Ces saisies peuvent \u00eatre effectu\u00e9es pour les raisons suivantes :<\/p><ul><li><strong>Refuser la circulation :<\/strong>\u00a0dans certains cas, les biens sont retir\u00e9s de la circulation, c'est-\u00e0-dire qu'ils sont d\u00e9finitivement hors d'usage.<\/li><li><strong>Dire la v\u00e9rit\u00e9 :<\/strong>\u00a0Les biens saisis peuvent servir de preuves dans les affaires p\u00e9nales, comme des armes, des drogues, des biens vol\u00e9s ou d'autres objets li\u00e9s \u00e0 un crime.<\/li><\/ul><ul><li><strong>Soup\u00e7on de profit provenant d'infractions p\u00e9nales :<\/strong>\u00a0Parfois, des saisies sont effectu\u00e9es \u00e0 titre de garantie pour le paiement d'\u00e9ventuelles amendes ou mesures de privation \u00e0 l'avenir.<\/li><\/ul>\t\t\t\t\t\t\t\t<\/div>\n\t\t\t\t<\/div>\n\t\t\t\t<div class=\"elementor-element elementor-element-0f76e18 elementor-widget elementor-widget-spacer\" data-id=\"0f76e18\" data-element_type=\"widget\" data-e-type=\"widget\" data-widget_type=\"spacer.default\">\n\t\t\t\t<div class=\"elementor-widget-container\">\n\t\t\t\t\t\t\t<div class=\"elementor-spacer\">\n\t\t\t<div class=\"elementor-spacer-inner\"><\/div>\n\t\t<\/div>\n\t\t\t\t\t\t<\/div>\n\t\t\t\t<\/div>\n\t\t\t\t<div class=\"elementor-element elementor-element-51e0710 elementor-widget elementor-widget-heading\" data-id=\"51e0710\" data-element_type=\"widget\" data-e-type=\"widget\" data-widget_type=\"heading.default\">\n\t\t\t\t<div class=\"elementor-widget-container\">\n\t\t\t\t\t<h3 class=\"elementor-heading-title elementor-size-default\">Qu'advient-il de mes biens s'ils sont saisis ?\n<\/h3>\t\t\t\t<\/div>\n\t\t\t\t<\/div>\n\t\t\t\t<div class=\"elementor-element elementor-element-8d58c0e color-scheme-inherit text-left elementor-widget elementor-widget-text-editor\" data-id=\"8d58c0e\" data-element_type=\"widget\" data-e-type=\"widget\" data-widget_type=\"text-editor.default\">\n\t\t\t\t<div class=\"elementor-widget-container\">\n\t\t\t\t\t\t\t\t\t<p>En cas de saisie, un re\u00e7u vous est remis. Vos biens sont d'abord conserv\u00e9s au poste de police, puis emmen\u00e9s dans un lieu de stockage sp\u00e9cial. Chaque unit\u00e9 de police dispose de son propre lieu de stockage des objets saisis, \u00e0 l'exception de l'unit\u00e9 nationale.<\/p><p>Dans un proc\u00e8s-verbal de saisie, la police indique en d\u00e9tail les raisons pour lesquelles elle a saisi vos biens et qui en est le propri\u00e9taire. Il est important de noter que ce n'est pas la police qui d\u00e9cide du sort de vos biens, mais le minist\u00e8re public.<\/p>\t\t\t\t\t\t\t\t<\/div>\n\t\t\t\t<\/div>\n\t\t\t\t<div class=\"elementor-element elementor-element-3b391b2 elementor-widget elementor-widget-spacer\" data-id=\"3b391b2\" data-element_type=\"widget\" data-e-type=\"widget\" data-widget_type=\"spacer.default\">\n\t\t\t\t<div class=\"elementor-widget-container\">\n\t\t\t\t\t\t\t<div class=\"elementor-spacer\">\n\t\t\t<div class=\"elementor-spacer-inner\"><\/div>\n\t\t<\/div>\n\t\t\t\t\t\t<\/div>\n\t\t\t\t<\/div>\n\t\t\t\t<div class=\"elementor-element elementor-element-314478c elementor-widget elementor-widget-heading\" data-id=\"314478c\" data-element_type=\"widget\" data-e-type=\"widget\" data-widget_type=\"heading.default\">\n\t\t\t\t<div class=\"elementor-widget-container\">\n\t\t\t\t\t<h3 class=\"elementor-heading-title elementor-size-default\">Vente de biens saisis<\/h3>\t\t\t\t<\/div>\n\t\t\t\t<\/div>\n\t\t\t\t<div class=\"elementor-element elementor-element-10f734d color-scheme-inherit text-left elementor-widget elementor-widget-text-editor\" data-id=\"10f734d\" data-element_type=\"widget\" data-e-type=\"widget\" data-widget_type=\"text-editor.default\">\n\t\t\t\t<div class=\"elementor-widget-container\">\n\t\t\t\t\t\t\t\t\t<p>Il est de la plus haute importance de contacter l'un de nos avocats imm\u00e9diatement apr\u00e8s la saisie de vos biens. Ceci est important en partie \u00e0 cause de l'article 117 Sv, qui stipule que le procureur peut vendre les biens saisis imm\u00e9diatement, et que les biens peuvent \u00eatre d\u00e9truits avant que l'affaire n'ait \u00e9t\u00e9 entendue au fond par le tribunal.<\/p>\t\t\t\t\t\t\t\t<\/div>\n\t\t\t\t<\/div>\n\t\t\t\t<div class=\"elementor-element elementor-element-4cb11b2 elementor-widget elementor-widget-spacer\" data-id=\"4cb11b2\" data-element_type=\"widget\" data-e-type=\"widget\" data-widget_type=\"spacer.default\">\n\t\t\t\t<div class=\"elementor-widget-container\">\n\t\t\t\t\t\t\t<div class=\"elementor-spacer\">\n\t\t\t<div class=\"elementor-spacer-inner\"><\/div>\n\t\t<\/div>\n\t\t\t\t\t\t<\/div>\n\t\t\t\t<\/div>\n\t\t\t\t<div class=\"elementor-element elementor-element-b9ce831 elementor-widget elementor-widget-heading\" data-id=\"b9ce831\" data-element_type=\"widget\" data-e-type=\"widget\" data-widget_type=\"heading.default\">\n\t\t\t\t<div class=\"elementor-widget-container\">\n\t\t\t\t\t<h3 class=\"elementor-heading-title elementor-size-default\">Proc\u00e9dure de saisie des marchandises<\/h3>\t\t\t\t<\/div>\n\t\t\t\t<\/div>\n\t\t\t\t<div class=\"elementor-element elementor-element-6369039 color-scheme-inherit text-left elementor-widget elementor-widget-text-editor\" data-id=\"6369039\" data-element_type=\"widget\" data-e-type=\"widget\" data-widget_type=\"text-editor.default\">\n\t\t\t\t<div class=\"elementor-widget-container\">\n\t\t\t\t\t\t\t\t\t<p>Lors de la saisie, vous recevrez un r\u00e9c\u00e9piss\u00e9. Celui-ci mentionne tout ce qui a \u00e9t\u00e9 saisi et la date \u00e0 laquelle la saisie a \u00e9t\u00e9 effectu\u00e9e.<\/p><p>Imm\u00e9diatement apr\u00e8s la saisie, l'avocat d\u00e9posera une demande aupr\u00e8s du procureur afin d'obtenir la restitution des biens. Il commencera par demander tous les documents relatifs \u00e0 la proc\u00e9dure afin de comprendre les raisons de la saisie. Les chances d'obtenir la restitution sont alors \u00e9lev\u00e9es, ce qui est essentiel pour d\u00e9terminer la strat\u00e9gie de d\u00e9fense.\u00a0Si le procureur refuse, l'avocat peut d\u00e9poser une plainte, demandant au juge de se prononcer sur la restitution des biens saisis.<\/p><p>Cette requ\u00eate est con\u00e7ue pour que vous puissiez r\u00e9cup\u00e9rer vos biens le plus rapidement possible. En effet, c'est le seul moyen de contraindre le minist\u00e8re public \u00e0 vous restituer vos biens.<\/p>\t\t\t\t\t\t\t\t<\/div>\n\t\t\t\t<\/div>\n\t\t\t\t<div class=\"elementor-element elementor-element-21cbf25 elementor-widget elementor-widget-spacer\" data-id=\"21cbf25\" data-element_type=\"widget\" data-e-type=\"widget\" data-widget_type=\"spacer.default\">\n\t\t\t\t<div class=\"elementor-widget-container\">\n\t\t\t\t\t\t\t<div class=\"elementor-spacer\">\n\t\t\t<div class=\"elementor-spacer-inner\"><\/div>\n\t\t<\/div>\n\t\t\t\t\t\t<\/div>\n\t\t\t\t<\/div>\n\t\t\t\t<div class=\"elementor-element elementor-element-7ec3aa1 elementor-widget elementor-widget-heading\" data-id=\"7ec3aa1\" data-element_type=\"widget\" data-e-type=\"widget\" data-widget_type=\"heading.default\">\n\t\t\t\t<div class=\"elementor-widget-container\">\n\t\t\t\t\t<h3 class=\"elementor-heading-title elementor-size-default\">Avocat sp\u00e9cialis\u00e9 dans les biens saisis\n<\/h3>\t\t\t\t<\/div>\n\t\t\t\t<\/div>\n\t\t\t\t<div class=\"elementor-element elementor-element-037de6a color-scheme-inherit text-left elementor-widget elementor-widget-text-editor\" data-id=\"037de6a\" data-element_type=\"widget\" data-e-type=\"widget\" data-widget_type=\"text-editor.default\">\n\t\t\t\t<div class=\"elementor-widget-container\">\n\t\t\t\t\t\t\t\t\t<p>Dans la pratique, il arrive souvent que la police confisque des objets tels que de l'argent, une voiture ou un t\u00e9l\u00e9phone portable, m\u00eame s'il est \u00e9vident que ces objets n'ont rien \u00e0 voir avec les soup\u00e7ons. Cette situation peut s'av\u00e9rer tr\u00e8s d\u00e9sagr\u00e9able pour la personne \u00e0 qui ces objets ont \u00e9t\u00e9 confisqu\u00e9s.<\/p><p>C'est pourquoi il est fortement recommand\u00e9 de faire appel \u00e0 un avocat exp\u00e9riment\u00e9 afin de r\u00e9cup\u00e9rer vos biens saisis dans les plus brefs d\u00e9lais. Le cabinet d'avocats Der Bedrosian dispose d'avocats sp\u00e9cialis\u00e9s qui ont une grande exp\u00e9rience des affaires de saisie et qui mettront leur expertise \u00e0 votre service afin d'obtenir le meilleur r\u00e9sultat possible.<\/p><p>N'h\u00e9sitez donc pas \u00e0 nous contacter pour discuter des d\u00e9marches \u00e0 entreprendre.<\/p>\t\t\t\t\t\t\t\t<\/div>\n\t\t\t\t<\/div>\n\t\t\t\t\t<\/div>\n\t\t\t\t<\/div>\n\t\t\t\t<\/div>","protected":false},"excerpt":{"rendered":"<p>biens saisis r\u00e9cup\u00e9rer les biens saisis r\u00e9cup\u00e9rer les biens saisis biens saisis par la police avocat<\/p>","protected":false},"author":1,"featured_media":0,"parent":10047,"menu_order":0,"comment_status":"closed","ping_status":"closed","template":"","meta":{"footnotes":""},"class_list":["post-10507","page","type-page","status-publish","hentry"],"_links":{"self":[{"href":"https:\/\/www.derbedrosian.nl\/fr\/wp-json\/wp\/v2\/pages\/10507","targetHints":{"allow":["GET"]}}],"collection":[{"href":"https:\/\/www.derbedrosian.nl\/fr\/wp-json\/wp\/v2\/pages"}],"about":[{"href":"https:\/\/www.derbedrosian.nl\/fr\/wp-json\/wp\/v2\/types\/page"}],"author":[{"embeddable":true,"href":"https:\/\/www.derbedrosian.nl\/fr\/wp-json\/wp\/v2\/users\/1"}],"replies":[{"embeddable":true,"href":"https:\/\/www.derbedrosian.nl\/fr\/wp-json\/wp\/v2\/comments?post=10507"}],"version-history":[{"count":0,"href":"https:\/\/www.derbedrosian.nl\/fr\/wp-json\/wp\/v2\/pages\/10507\/revisions"}],"up":[{"embeddable":true,"href":"https:\/\/www.derbedrosian.nl\/fr\/wp-json\/wp\/v2\/pages\/10047"}],"wp:attachment":[{"href":"https:\/\/www.derbedrosian.nl\/fr\/wp-json\/wp\/v2\/media?parent=10507"}],"curies":[{"name":"wp","href":"https:\/\/api.w.org\/{rel}","templated":true}]}}