{"id":10502,"date":"2023-05-25T16:40:29","date_gmt":"2023-05-25T14:40:29","guid":{"rendered":"https:\/\/derbedrosian.nl\/?page_id=10502"},"modified":"2025-12-20T18:20:23","modified_gmt":"2025-12-20T16:20:23","slug":"objection-prelevement-dadn","status":"publish","type":"page","link":"https:\/\/www.derbedrosian.nl\/fr\/rechtsgebieden\/strafrecht\/bezwaarschrift-dna-afname\/","title":{"rendered":"Objection Pr\u00e9l\u00e8vement d'ADN"},"content":{"rendered":"<div data-elementor-type=\"wp-page\" data-elementor-id=\"10502\" class=\"elementor elementor-10502\" data-elementor-post-type=\"page\">\n\t\t\t\t<div class=\"wd-negative-gap elementor-element elementor-element-71f047d e-flex e-con-boxed e-con e-parent\" data-id=\"71f047d\" data-element_type=\"container\" data-e-type=\"container\">\n\t\t\t\t\t<div class=\"e-con-inner\">\n\t\t\t\t<div class=\"elementor-element elementor-element-c7384f5 elementor-hidden-desktop elementor-hidden-tablet elementor-hidden-mobile elementor-widget elementor-widget-wd_image_or_svg\" data-id=\"c7384f5\" data-element_type=\"widget\" data-e-type=\"widget\" id=\"seo-word\" data-widget_type=\"wd_image_or_svg.default\">\n\t\t\t\t<div class=\"elementor-widget-container\">\n\t\t\t\t\t\n\t\t<div class=\"wd-image text-left\">\n\t\t\t\t\t\t\t\t<img loading=\"lazy\" decoding=\"async\" width=\"1000\" height=\"667\" src=\"https:\/\/www.derbedrosian.nl\/wp-content\/uploads\/rechtsgebied-bezwaar-dna-afname.jpg\" class=\"attachment-full size-full\" alt=\"Objection Pr\u00e9l\u00e8vement d&#039;ADN\" srcset=\"https:\/\/www.derbedrosian.nl\/wp-content\/uploads\/rechtsgebied-bezwaar-dna-afname.jpg 1000w, https:\/\/www.derbedrosian.nl\/wp-content\/uploads\/rechtsgebied-bezwaar-dna-afname-400x267.jpg 400w, https:\/\/www.derbedrosian.nl\/wp-content\/uploads\/rechtsgebied-bezwaar-dna-afname-768x512.jpg 768w\" sizes=\"auto, (max-width: 1000px) 100vw, 1000px\" title=\"\">\t\t\t\t\t<\/div>\n\n\t\t\t\t\t\t<\/div>\n\t\t\t\t<\/div>\n\t\t\t\t<div class=\"elementor-element elementor-element-afc34cc elementor-hidden-desktop elementor-hidden-tablet elementor-hidden-mobile elementor-widget elementor-widget-heading\" data-id=\"afc34cc\" data-element_type=\"widget\" data-e-type=\"widget\" id=\"seo-word\" data-widget_type=\"heading.default\">\n\t\t\t\t<div class=\"elementor-widget-container\">\n\t\t\t\t\t<h2 class=\"elementor-heading-title elementor-size-default\">Objection \u00e0 la collecte d'ADN<\/h2>\t\t\t\t<\/div>\n\t\t\t\t<\/div>\n\t\t\t\t<div class=\"elementor-element elementor-element-949e49b elementor-hidden-desktop elementor-hidden-tablet elementor-hidden-mobile elementor-widget elementor-widget-heading\" data-id=\"949e49b\" data-element_type=\"widget\" data-e-type=\"widget\" id=\"seo-word\" data-widget_type=\"heading.default\">\n\t\t\t\t<div class=\"elementor-widget-container\">\n\t\t\t\t\t<h5 class=\"elementor-heading-title elementor-size-default\">collecte d'adn police <\/h5>\t\t\t\t<\/div>\n\t\t\t\t<\/div>\n\t\t\t\t<div class=\"elementor-element elementor-element-3a88eb4 elementor-hidden-desktop elementor-hidden-tablet elementor-hidden-mobile elementor-widget elementor-widget-heading\" data-id=\"3a88eb4\" data-element_type=\"widget\" data-e-type=\"widget\" id=\"seo-word\" data-widget_type=\"heading.default\">\n\t\t\t\t<div class=\"elementor-widget-container\">\n\t\t\t\t\t<h5 class=\"elementor-heading-title elementor-size-default\">pr\u00e9l\u00e8vement d'adn obligatoire<\/h5>\t\t\t\t<\/div>\n\t\t\t\t<\/div>\n\t\t\t\t<div class=\"elementor-element elementor-element-3d80e7a elementor-hidden-desktop elementor-hidden-tablet elementor-hidden-mobile elementor-widget elementor-widget-heading\" data-id=\"3d80e7a\" data-element_type=\"widget\" data-e-type=\"widget\" id=\"seo-word\" data-widget_type=\"heading.default\">\n\t\t\t\t<div class=\"elementor-widget-container\">\n\t\t\t\t\t<h5 class=\"elementor-heading-title elementor-size-default\">pr\u00e9l\u00e8vement d'adn proc\u00e9dure p\u00e9nale<\/h5>\t\t\t\t<\/div>\n\t\t\t\t<\/div>\n\t\t\t\t<div class=\"elementor-element elementor-element-e33d098 elementor-hidden-desktop elementor-hidden-tablet elementor-hidden-mobile elementor-widget elementor-widget-heading\" data-id=\"e33d098\" data-element_type=\"widget\" data-e-type=\"widget\" id=\"seo-word\" data-widget_type=\"heading.default\">\n\t\t\t\t<div class=\"elementor-widget-container\">\n\t\t\t\t\t<h5 class=\"elementor-heading-title elementor-size-default\">droit recherche d'adn sur les personnes condamn\u00e9es article de loi<\/h5>\t\t\t\t<\/div>\n\t\t\t\t<\/div>\n\t\t\t\t<div class=\"elementor-element elementor-element-78f7f5c elementor-hidden-desktop elementor-hidden-tablet elementor-hidden-mobile elementor-widget elementor-widget-heading\" data-id=\"78f7f5c\" data-element_type=\"widget\" data-e-type=\"widget\" id=\"seo-word\" data-widget_type=\"heading.default\">\n\t\t\t\t<div class=\"elementor-widget-container\">\n\t\t\t\t\t<h5 class=\"elementor-heading-title elementor-size-default\">avocat de l'enschede<\/h5>\t\t\t\t<\/div>\n\t\t\t\t<\/div>\n\t\t\t\t<div class=\"elementor-element elementor-element-9b28a06 elementor-hidden-desktop elementor-hidden-tablet elementor-hidden-mobile elementor-widget elementor-widget-heading\" data-id=\"9b28a06\" data-element_type=\"widget\" data-e-type=\"widget\" id=\"seo-word\" data-widget_type=\"heading.default\">\n\t\t\t\t<div class=\"elementor-widget-container\">\n\t\t\t\t\t<h5 class=\"elementor-heading-title elementor-size-default\">avocats p\u00e9nalistes<\/h5>\t\t\t\t<\/div>\n\t\t\t\t<\/div>\n\t\t\t\t<div class=\"elementor-element elementor-element-7627543 elementor-hidden-desktop elementor-hidden-tablet elementor-hidden-mobile elementor-widget elementor-widget-heading\" data-id=\"7627543\" data-element_type=\"widget\" data-e-type=\"widget\" id=\"seo-word\" data-widget_type=\"heading.default\">\n\t\t\t\t<div class=\"elementor-widget-container\">\n\t\t\t\t\t<h5 class=\"elementor-heading-title elementor-size-default\">avocat overijssel<\/h5>\t\t\t\t<\/div>\n\t\t\t\t<\/div>\n\t\t\t\t<div class=\"elementor-element elementor-element-1316a43 elementor-hidden-desktop elementor-hidden-tablet elementor-hidden-mobile elementor-widget elementor-widget-heading\" data-id=\"1316a43\" data-element_type=\"widget\" data-e-type=\"widget\" id=\"seo-word\" data-widget_type=\"heading.default\">\n\t\t\t\t<div class=\"elementor-widget-container\">\n\t\t\t\t\t<h5 class=\"elementor-heading-title elementor-size-default\">avocat enschede<\/h5>\t\t\t\t<\/div>\n\t\t\t\t<\/div>\n\t\t\t\t<div class=\"elementor-element elementor-element-11c89a1 elementor-hidden-desktop elementor-hidden-tablet elementor-hidden-mobile elementor-widget elementor-widget-heading\" data-id=\"11c89a1\" data-element_type=\"widget\" data-e-type=\"widget\" id=\"seo-word\" data-widget_type=\"heading.default\">\n\t\t\t\t<div class=\"elementor-widget-container\">\n\t\t\t\t\t<h5 class=\"elementor-heading-title elementor-size-default\">Si vous vous trouvez \u00e0 Enschede et que vous avez besoin d'une assistance juridique, les avocats p\u00e9nalistes de Derbedrosian Criminal Lawyers sont les experts que vous recherchez. Nos avocats \u00e0 Enschede jouissent d'une excellente r\u00e9putation dans la r\u00e9gion d'Overijssel et sont pr\u00eats \u00e0 vous aider dans votre affaire juridique.\n\nIl peut arriver qu'une affaire judiciaire implique des questions li\u00e9es \u00e0 l'ADN, comme un pr\u00e9l\u00e8vement d'ADN par la police. Dans ce cas, il est important de demander un avis juridique et \u00e9ventuellement de s'opposer au pr\u00e9l\u00e8vement d'ADN. Ceci est bas\u00e9 sur la loi relative \u00e0 l'analyse de l'ADN des personnes condamn\u00e9es. Un avocat exp\u00e9riment\u00e9 \u00e0 Enschede peut vous aider dans ces proc\u00e9dures juridiques complexes et prot\u00e9ger vos droits.\n\nContactez les avocats d'Overijssel chez Derbedrosian Criminal Lawyers pour une assistance juridique professionnelle.<\/h5>\t\t\t\t<\/div>\n\t\t\t\t<\/div>\n\t\t\t\t<div class=\"elementor-element elementor-element-624198a color-scheme-inherit text-left elementor-widget elementor-widget-text-editor\" data-id=\"624198a\" data-element_type=\"widget\" data-e-type=\"widget\" data-widget_type=\"text-editor.default\">\n\t\t\t\t<div class=\"elementor-widget-container\">\n\t\t\t\t\t\t\t\t\t<p><strong>Les pr\u00e9l\u00e8vements d'ADN jouent un r\u00f4le majeur dans la r\u00e9solution des crimes. Les traces d'ADN sont souvent la cl\u00e9 de l'\u00e9lucidation de crimes de toutes sortes. Prenons l'exemple des traces de sang sur les couteaux des suspects de crimes violents.<\/strong><\/p>\t\t\t\t\t\t\t\t<\/div>\n\t\t\t\t<\/div>\n\t\t\t\t<div class=\"elementor-element elementor-element-0698241 elementor-widget elementor-widget-spacer\" data-id=\"0698241\" data-element_type=\"widget\" data-e-type=\"widget\" data-widget_type=\"spacer.default\">\n\t\t\t\t<div class=\"elementor-widget-container\">\n\t\t\t\t\t\t\t<div class=\"elementor-spacer\">\n\t\t\t<div class=\"elementor-spacer-inner\"><\/div>\n\t\t<\/div>\n\t\t\t\t\t\t<\/div>\n\t\t\t\t<\/div>\n\t\t\t\t<div class=\"elementor-element elementor-element-c9d6d80 elementor-widget elementor-widget-heading\" data-id=\"c9d6d80\" data-element_type=\"widget\" data-e-type=\"widget\" data-widget_type=\"heading.default\">\n\t\t\t\t<div class=\"elementor-widget-container\">\n\t\t\t\t\t<h3 class=\"elementor-heading-title elementor-size-default\">Le pr\u00e9l\u00e8vement d'ADN est-il obligatoire ?<\/h3>\t\t\t\t<\/div>\n\t\t\t\t<\/div>\n\t\t\t\t<div class=\"elementor-element elementor-element-10da252 color-scheme-inherit text-left elementor-widget elementor-widget-text-editor\" data-id=\"10da252\" data-element_type=\"widget\" data-e-type=\"widget\" data-widget_type=\"text-editor.default\">\n\t\t\t\t<div class=\"elementor-widget-container\">\n\t\t\t\t\t\t\t\t\tSi le procureur estime que les conditions sont remplies, vous devez donner votre ADN et vous ne pouvez pas refuser. Si vous ne coop\u00e9rez pas, vous pouvez \u00eatre arr\u00eat\u00e9 et le pr\u00e9l\u00e8vement peut m\u00eame \u00eatre effectu\u00e9 sous la contrainte. Vous pouvez toutefois vous opposer \u00e0 l'enregistrement de votre profil ADN.\nIl existe deux exceptions au pr\u00e9l\u00e8vement d'ADN : si votre profil ADN est d\u00e9j\u00e0 connu dans la base de donn\u00e9es ADN ou s'il n'est pas utile de conserver votre profil ADN pour la d\u00e9tection d'autres infractions, compte tenu du type d'infraction et des circonstances. Par exemple, pour les d\u00e9lits \u00e9conomiques, le pr\u00e9l\u00e8vement d'ADN n'a pas de sens parce qu'ils ne peuvent pas \u00eatre r\u00e9solus avec l'ADN.\t\t\t\t\t\t\t\t<\/div>\n\t\t\t\t<\/div>\n\t\t\t\t<div class=\"elementor-element elementor-element-a10eeb1 elementor-widget elementor-widget-spacer\" data-id=\"a10eeb1\" data-element_type=\"widget\" data-e-type=\"widget\" data-widget_type=\"spacer.default\">\n\t\t\t\t<div class=\"elementor-widget-container\">\n\t\t\t\t\t\t\t<div class=\"elementor-spacer\">\n\t\t\t<div class=\"elementor-spacer-inner\"><\/div>\n\t\t<\/div>\n\t\t\t\t\t\t<\/div>\n\t\t\t\t<\/div>\n\t\t\t\t<div class=\"elementor-element elementor-element-cadfb83 elementor-widget elementor-widget-heading\" data-id=\"cadfb83\" data-element_type=\"widget\" data-e-type=\"widget\" data-widget_type=\"heading.default\">\n\t\t\t\t<div class=\"elementor-widget-container\">\n\t\t\t\t\t<h3 class=\"elementor-heading-title elementor-size-default\">Comment fonctionne le pr\u00e9l\u00e8vement d'ADN ?<\/h3>\t\t\t\t<\/div>\n\t\t\t\t<\/div>\n\t\t\t\t<div class=\"elementor-element elementor-element-85d5c73 color-scheme-inherit text-left elementor-widget elementor-widget-text-editor\" data-id=\"85d5c73\" data-element_type=\"widget\" data-e-type=\"widget\" data-widget_type=\"text-editor.default\">\n\t\t\t\t<div class=\"elementor-widget-container\">\n\t\t\t\t\t\t\t\t\t<p>Apr\u00e8s ta condamnation, tu recevras une lettre du procureur concernant le pr\u00e9l\u00e8vement d'ADN. Si tu es en prison, le pr\u00e9l\u00e8vement sera effectu\u00e9 l\u00e0-bas, sinon tu seras convoqu\u00e9 au poste de police.<\/p><p>Lors du pr\u00e9l\u00e8vement d'\u00e9chantillons d'ADN, il est courant d'utiliser un coton-tige dans la bouche en raison de sa simplicit\u00e9 et de son caract\u00e8re non invasif. Cependant, dans les situations o\u00f9 le pr\u00e9l\u00e8vement buccal n'est pas possible pour des raisons m\u00e9dicales, le sang ou les cheveux peuvent \u00eatre utilis\u00e9s comme sources alternatives. En ce qui concerne la personne qui effectue le pr\u00e9l\u00e8vement d'ADN, il s'agit g\u00e9n\u00e9ralement d'un agent de police, mais il est important de savoir que vous avez le droit de choisir un m\u00e9decin ou une infirmi\u00e8re pour effectuer cette proc\u00e9dure, et cette demande ne peut \u00eatre refus\u00e9e. Cela garantit \u00e0 la fois l'int\u00e9grit\u00e9 du processus et votre confort personnel pendant la proc\u00e9dure.<\/p>\t\t\t\t\t\t\t\t<\/div>\n\t\t\t\t<\/div>\n\t\t\t\t<div class=\"elementor-element elementor-element-e454a07 elementor-widget elementor-widget-spacer\" data-id=\"e454a07\" data-element_type=\"widget\" data-e-type=\"widget\" data-widget_type=\"spacer.default\">\n\t\t\t\t<div class=\"elementor-widget-container\">\n\t\t\t\t\t\t\t<div class=\"elementor-spacer\">\n\t\t\t<div class=\"elementor-spacer-inner\"><\/div>\n\t\t<\/div>\n\t\t\t\t\t\t<\/div>\n\t\t\t\t<\/div>\n\t\t\t\t<div class=\"elementor-element elementor-element-cd2b0a7 elementor-widget elementor-widget-heading\" data-id=\"cd2b0a7\" data-element_type=\"widget\" data-e-type=\"widget\" data-widget_type=\"heading.default\">\n\t\t\t\t<div class=\"elementor-widget-container\">\n\t\t\t\t\t<h3 class=\"elementor-heading-title elementor-size-default\">Tests ADN sur les condamn\u00e9s<\/h3>\t\t\t\t<\/div>\n\t\t\t\t<\/div>\n\t\t\t\t<div class=\"elementor-element elementor-element-c1995c9 color-scheme-inherit text-left elementor-widget elementor-widget-text-editor\" data-id=\"c1995c9\" data-element_type=\"widget\" data-e-type=\"widget\" data-widget_type=\"text-editor.default\">\n\t\t\t\t<div class=\"elementor-widget-container\">\n\t\t\t\t\t\t\t\t\t<p>Si vous avez \u00e9t\u00e9 condamn\u00e9 \u00e0 une peine d'emprisonnement ou \u00e0 un travail d'int\u00e9r\u00eat g\u00e9n\u00e9ral pour un d\u00e9lit pour lequel la d\u00e9tention provisoire est possible, le minist\u00e8re public peut ordonner la remise de l'ADN en vertu de la loi sur l'analyse g\u00e9n\u00e9tique en cas de condamnation. Cette loi s'applique aussi bien aux condamn\u00e9s adultes qu'aux condamn\u00e9s mineurs.<\/p>\n<p>Apr\u00e8s une condamnation, l'ADN peut \u00eatre pr\u00e9lev\u00e9 conform\u00e9ment \u00e0 la loi sur l'analyse g\u00e9n\u00e9tique des personnes condamn\u00e9es. Si vous \u00eates acquitt\u00e9 ou si vous n'avez pas \u00e9t\u00e9 condamn\u00e9 \u00e0 une peine ou \u00e0 une mesure, aucun pr\u00e9l\u00e8vement d'ADN ne sera effectu\u00e9. Des pr\u00e9l\u00e8vements d'ADN peuvent \u00e9galement \u00eatre effectu\u00e9s sur des mineurs condamn\u00e9s.<\/p>\t\t\t\t\t\t\t\t<\/div>\n\t\t\t\t<\/div>\n\t\t\t\t<div class=\"elementor-element elementor-element-b1e5f92 elementor-widget elementor-widget-spacer\" data-id=\"b1e5f92\" data-element_type=\"widget\" data-e-type=\"widget\" data-widget_type=\"spacer.default\">\n\t\t\t\t<div class=\"elementor-widget-container\">\n\t\t\t\t\t\t\t<div class=\"elementor-spacer\">\n\t\t\t<div class=\"elementor-spacer-inner\"><\/div>\n\t\t<\/div>\n\t\t\t\t\t\t<\/div>\n\t\t\t\t<\/div>\n\t\t\t\t<div class=\"elementor-element elementor-element-22b2a12 elementor-widget elementor-widget-heading\" data-id=\"22b2a12\" data-element_type=\"widget\" data-e-type=\"widget\" data-widget_type=\"heading.default\">\n\t\t\t\t<div class=\"elementor-widget-container\">\n\t\t\t\t\t<h3 class=\"elementor-heading-title elementor-size-default\">Qu'advient-il du mat\u00e9riel g\u00e9n\u00e9tique apr\u00e8s le pr\u00e9l\u00e8vement ?<\/h3>\t\t\t\t<\/div>\n\t\t\t\t<\/div>\n\t\t\t\t<div class=\"elementor-element elementor-element-8675dcd color-scheme-inherit text-left elementor-widget elementor-widget-text-editor\" data-id=\"8675dcd\" data-element_type=\"widget\" data-e-type=\"widget\" data-widget_type=\"text-editor.default\">\n\t\t\t\t<div class=\"elementor-widget-container\">\n\t\t\t\t\t\t\t\t\t<p>Avec votre ADN, un profil g\u00e9n\u00e9tique est cr\u00e9\u00e9 et plac\u00e9 dans la base de donn\u00e9es ADN. Celle-ci est utilis\u00e9e dans le cadre des enqu\u00eates criminelles. Si du mat\u00e9riel g\u00e9n\u00e9tique est trouv\u00e9 sur une sc\u00e8ne de crime, il est v\u00e9rifi\u00e9 pour voir s'il correspond \u00e0 un profil d'ADN dans la base de donn\u00e9es.<\/p><p>La dur\u00e9e de conservation de votre profil ADN dans la base de donn\u00e9es d\u00e9pend de votre condamnation, de votre peine et de votre casier judiciaire. Pour les crimes passibles d'une peine d'emprisonnement maximale de six ans ou plus, le profil sera d\u00e9truit au bout de 30 ans, et au bout de 20 ans au maximum dans les autres cas. Si vous \u00eates acquitt\u00e9 en appel, votre profil ADN sera imm\u00e9diatement d\u00e9truit.<\/p>\t\t\t\t\t\t\t\t<\/div>\n\t\t\t\t<\/div>\n\t\t\t\t<div class=\"elementor-element elementor-element-161c030 elementor-widget elementor-widget-spacer\" data-id=\"161c030\" data-element_type=\"widget\" data-e-type=\"widget\" data-widget_type=\"spacer.default\">\n\t\t\t\t<div class=\"elementor-widget-container\">\n\t\t\t\t\t\t\t<div class=\"elementor-spacer\">\n\t\t\t<div class=\"elementor-spacer-inner\"><\/div>\n\t\t<\/div>\n\t\t\t\t\t\t<\/div>\n\t\t\t\t<\/div>\n\t\t\t\t<div class=\"elementor-element elementor-element-ff5a403 elementor-widget elementor-widget-heading\" data-id=\"ff5a403\" data-element_type=\"widget\" data-e-type=\"widget\" data-widget_type=\"heading.default\">\n\t\t\t\t<div class=\"elementor-widget-container\">\n\t\t\t\t\t<h3 class=\"elementor-heading-title elementor-size-default\">Objection Pr\u00e9l\u00e8vement d'ADN avocat<\/h3>\t\t\t\t<\/div>\n\t\t\t\t<\/div>\n\t\t\t\t<div class=\"elementor-element elementor-element-af722bc color-scheme-inherit text-left elementor-widget elementor-widget-text-editor\" data-id=\"af722bc\" data-element_type=\"widget\" data-e-type=\"widget\" data-widget_type=\"text-editor.default\">\n\t\t\t\t<div class=\"elementor-widget-container\">\n\t\t\t\t\t\t\t\t\t<p>Des centaines d'ordonnances de pr\u00e9l\u00e8vement d'ADN sont \u00e9mises chaque ann\u00e9e, m\u00eame dans des cas o\u00f9 les tests ADN ne sont pas pertinents. Cela entra\u00eene des atteintes \u00e0 la vie priv\u00e9e. Il est donc judicieux de consulter un juriste exp\u00e9riment\u00e9 pour voir, par exemple, si cela s'applique \u00e0 votre situation.<\/p><p>Il est conseill\u00e9 de consulter un avocat sp\u00e9cialis\u00e9 en droit p\u00e9nal si vous souhaitez vous opposer \u00e0 l'enregistrement de votre profil ADN. L'avocat peut \u00e9valuer si les conditions de la collecte d'ADN sont remplies.<\/p><p>Le <a title=\"avocats p\u00e9nalistes\" href=\"https:\/\/www.derbedrosian.nl\/fr\/avocats\/\">avocats sp\u00e9cialis\u00e9s<\/a> de Der Bedrosian Law Firm offrent une assistance juridique professionnelle. N'h\u00e9sitez donc pas \u00e0 nous contacter et vous serez mis en relation directe avec l'un de nos avocats exp\u00e9riment\u00e9s.<\/p>\t\t\t\t\t\t\t\t<\/div>\n\t\t\t\t<\/div>\n\t\t\t\t\t<\/div>\n\t\t\t\t<\/div>\n\t\t\t\t<\/div>","protected":false},"excerpt":{"rendered":"<p>Objection pr\u00e9l\u00e8vement d'adn pr\u00e9l\u00e8vement d'adn par la police pr\u00e9l\u00e8vement d'adn obligatoire pr\u00e9l\u00e8vement d'adn droit de proc\u00e9dure p\u00e9nale recherche d'adn chez les condamn\u00e9s article de loi enschede avocat<\/p>","protected":false},"author":1,"featured_media":0,"parent":10047,"menu_order":0,"comment_status":"closed","ping_status":"closed","template":"","meta":{"footnotes":""},"class_list":["post-10502","page","type-page","status-publish","hentry"],"_links":{"self":[{"href":"https:\/\/www.derbedrosian.nl\/fr\/wp-json\/wp\/v2\/pages\/10502","targetHints":{"allow":["GET"]}}],"collection":[{"href":"https:\/\/www.derbedrosian.nl\/fr\/wp-json\/wp\/v2\/pages"}],"about":[{"href":"https:\/\/www.derbedrosian.nl\/fr\/wp-json\/wp\/v2\/types\/page"}],"author":[{"embeddable":true,"href":"https:\/\/www.derbedrosian.nl\/fr\/wp-json\/wp\/v2\/users\/1"}],"replies":[{"embeddable":true,"href":"https:\/\/www.derbedrosian.nl\/fr\/wp-json\/wp\/v2\/comments?post=10502"}],"version-history":[{"count":0,"href":"https:\/\/www.derbedrosian.nl\/fr\/wp-json\/wp\/v2\/pages\/10502\/revisions"}],"up":[{"embeddable":true,"href":"https:\/\/www.derbedrosian.nl\/fr\/wp-json\/wp\/v2\/pages\/10047"}],"wp:attachment":[{"href":"https:\/\/www.derbedrosian.nl\/fr\/wp-json\/wp\/v2\/media?parent=10502"}],"curies":[{"name":"wp","href":"https:\/\/api.w.org\/{rel}","templated":true}]}}