{"id":10496,"date":"2023-05-25T15:48:45","date_gmt":"2023-05-25T13:48:45","guid":{"rendered":"https:\/\/derbedrosian.nl\/?page_id=10496"},"modified":"2025-12-20T18:19:36","modified_gmt":"2025-12-20T16:19:36","slug":"partie-lesee","status":"publish","type":"page","link":"https:\/\/www.derbedrosian.nl\/fr\/rechtsgebieden\/strafrecht\/benadeelde-partij\/","title":{"rendered":"Partie l\u00e9s\u00e9e"},"content":{"rendered":"<div data-elementor-type=\"wp-page\" data-elementor-id=\"10496\" class=\"elementor elementor-10496\" data-elementor-post-type=\"page\">\n\t\t\t\t<div class=\"wd-negative-gap elementor-element elementor-element-fec9aae elementor-hidden-desktop elementor-hidden-tablet elementor-hidden-mobile e-flex e-con-boxed e-con e-parent\" data-id=\"fec9aae\" data-element_type=\"container\" data-e-type=\"container\" id=\"seo-word\">\n\t\t\t\t\t<div class=\"e-con-inner\">\n\t\t\t\t<div class=\"elementor-element elementor-element-1b7eb8a elementor-widget elementor-widget-wd_image_or_svg\" data-id=\"1b7eb8a\" data-element_type=\"widget\" data-e-type=\"widget\" id=\"seo-word\" data-widget_type=\"wd_image_or_svg.default\">\n\t\t\t\t<div class=\"elementor-widget-container\">\n\t\t\t\t\t\n\t\t<div class=\"wd-image text-left\">\n\t\t\t\t\t\t\t\t<img loading=\"lazy\" decoding=\"async\" width=\"1000\" height=\"667\" src=\"https:\/\/www.derbedrosian.nl\/wp-content\/uploads\/rechtsgebied-benadeelde-partij.jpg\" class=\"attachment-full size-full\" alt=\"partie l\u00e9s\u00e9e\" srcset=\"https:\/\/www.derbedrosian.nl\/wp-content\/uploads\/rechtsgebied-benadeelde-partij.jpg 1000w, https:\/\/www.derbedrosian.nl\/wp-content\/uploads\/rechtsgebied-benadeelde-partij-400x267.jpg 400w, https:\/\/www.derbedrosian.nl\/wp-content\/uploads\/rechtsgebied-benadeelde-partij-768x512.jpg 768w\" sizes=\"auto, (max-width: 1000px) 100vw, 1000px\" title=\"\">\t\t\t\t\t<\/div>\n\n\t\t\t\t\t\t<\/div>\n\t\t\t\t<\/div>\n\t\t\t\t<div class=\"elementor-element elementor-element-4c2bd62 elementor-widget elementor-widget-heading\" data-id=\"4c2bd62\" data-element_type=\"widget\" data-e-type=\"widget\" id=\"seo-word\" data-widget_type=\"heading.default\">\n\t\t\t\t<div class=\"elementor-widget-container\">\n\t\t\t\t\t<h2 class=\"elementor-heading-title elementor-size-default\">Partie l\u00e9s\u00e9e <\/h2>\t\t\t\t<\/div>\n\t\t\t\t<\/div>\n\t\t\t\t<div class=\"elementor-element elementor-element-13eb15d elementor-widget elementor-widget-heading\" data-id=\"13eb15d\" data-element_type=\"widget\" data-e-type=\"widget\" id=\"seo-word\" data-widget_type=\"heading.default\">\n\t\t\t\t<div class=\"elementor-widget-container\">\n\t\t\t\t\t<h5 class=\"elementor-heading-title elementor-size-default\">Partie l\u00e9s\u00e9e d\u00e9c\u00e9d\u00e9e <\/h5>\t\t\t\t<\/div>\n\t\t\t\t<\/div>\n\t\t\t\t<div class=\"elementor-element elementor-element-55dbaa4 elementor-widget elementor-widget-heading\" data-id=\"55dbaa4\" data-element_type=\"widget\" data-e-type=\"widget\" id=\"seo-word\" data-widget_type=\"heading.default\">\n\t\t\t\t<div class=\"elementor-widget-container\">\n\t\t\t\t\t<h5 class=\"elementor-heading-title elementor-size-default\">Personne l\u00e9s\u00e9e <\/h5>\t\t\t\t<\/div>\n\t\t\t\t<\/div>\n\t\t\t\t<div class=\"elementor-element elementor-element-cf86d78 elementor-widget elementor-widget-heading\" data-id=\"cf86d78\" data-element_type=\"widget\" data-e-type=\"widget\" id=\"seo-word\" data-widget_type=\"heading.default\">\n\t\t\t\t<div class=\"elementor-widget-container\">\n\t\t\t\t\t<h5 class=\"elementor-heading-title elementor-size-default\">traitement s\u00e9par\u00e9 de la demande de la personne l\u00e9s\u00e9e<\/h5>\t\t\t\t<\/div>\n\t\t\t\t<\/div>\n\t\t\t\t<div class=\"elementor-element elementor-element-da0da32 elementor-widget elementor-widget-heading\" data-id=\"da0da32\" data-element_type=\"widget\" data-e-type=\"widget\" id=\"seo-word\" data-widget_type=\"heading.default\">\n\t\t\t\t<div class=\"elementor-widget-container\">\n\t\t\t\t\t<h5 class=\"elementor-heading-title elementor-size-default\">de la demande partie l\u00e9s\u00e9e<\/h5>\t\t\t\t<\/div>\n\t\t\t\t<\/div>\n\t\t\t\t<div class=\"elementor-element elementor-element-545a396 elementor-widget elementor-widget-heading\" data-id=\"545a396\" data-element_type=\"widget\" data-e-type=\"widget\" id=\"seo-word\" data-widget_type=\"heading.default\">\n\t\t\t\t<div class=\"elementor-widget-container\">\n\t\t\t\t\t<h5 class=\"elementor-heading-title elementor-size-default\">avocat p\u00e9nal enschede<\/h5>\t\t\t\t<\/div>\n\t\t\t\t<\/div>\n\t\t\t\t<div class=\"elementor-element elementor-element-e5c8cdf elementor-widget elementor-widget-heading\" data-id=\"e5c8cdf\" data-element_type=\"widget\" data-e-type=\"widget\" id=\"seo-word\" data-widget_type=\"heading.default\">\n\t\t\t\t<div class=\"elementor-widget-container\">\n\t\t\t\t\t<h5 class=\"elementor-heading-title elementor-size-default\">avocat droit p\u00e9nal overijssel<\/h5>\t\t\t\t<\/div>\n\t\t\t\t<\/div>\n\t\t\t\t<div class=\"elementor-element elementor-element-c84ea82 elementor-widget elementor-widget-heading\" data-id=\"c84ea82\" data-element_type=\"widget\" data-e-type=\"widget\" id=\"seo-word\" data-widget_type=\"heading.default\">\n\t\t\t\t<div class=\"elementor-widget-container\">\n\t\t\t\t\t<h5 class=\"elementor-heading-title elementor-size-default\">avocat p\u00e9nal enschede<\/h5>\t\t\t\t<\/div>\n\t\t\t\t<\/div>\n\t\t\t\t<div class=\"elementor-element elementor-element-bc7cba2 elementor-widget elementor-widget-heading\" data-id=\"bc7cba2\" data-element_type=\"widget\" data-e-type=\"widget\" id=\"seo-word\" data-widget_type=\"heading.default\">\n\t\t\t\t<div class=\"elementor-widget-container\">\n\t\t\t\t\t<h5 class=\"elementor-heading-title elementor-size-default\">proc\u00e9dure de la partie l\u00e9s\u00e9e <\/h5>\t\t\t\t<\/div>\n\t\t\t\t<\/div>\n\t\t\t\t<div class=\"elementor-element elementor-element-baf9e4d elementor-widget elementor-widget-heading\" data-id=\"baf9e4d\" data-element_type=\"widget\" data-e-type=\"widget\" id=\"seo-word\" data-widget_type=\"heading.default\">\n\t\t\t\t<div class=\"elementor-widget-container\">\n\t\t\t\t\t<h5 class=\"elementor-heading-title elementor-size-default\">En droit p\u00e9nal, la partie l\u00e9s\u00e9e joue un r\u00f4le crucial dans la proc\u00e9dure. Lorsqu'une personne a subi des dommages \u00e0 la suite d'une infraction p\u00e9nale, elle peut se joindre \u00e0 la proc\u00e9dure p\u00e9nale en tant que partie l\u00e9s\u00e9e. La proc\u00e9dure de la partie l\u00e9s\u00e9e permet de demander une indemnisation \u00e0 l'auteur de l'infraction.\n\nDans certains cas, la partie l\u00e9s\u00e9e peut \u00eatre d\u00e9c\u00e9d\u00e9e. Dans ce cas, le plus proche parent peut jouer le r\u00f4le de partie l\u00e9s\u00e9e pour demander une indemnisation. Il est tr\u00e8s important de demander un avis juridique dans de telles situations, en particulier si vous vous trouvez dans la r\u00e9gion d'Enschede, Overijssel. Un avocat exp\u00e9riment\u00e9 \u00e0 Enschede, Overijssel, peut vous assister dans la proc\u00e9dure relative \u00e0 la partie l\u00e9s\u00e9e et vous aider \u00e0 obtenir une indemnisation \u00e9quitable.<\/h5>\t\t\t\t<\/div>\n\t\t\t\t<\/div>\n\t\t\t\t\t<\/div>\n\t\t\t\t<\/div>\n\t\t<div class=\"wd-negative-gap elementor-element elementor-element-5543b11 e-flex e-con-boxed e-con e-parent\" data-id=\"5543b11\" data-element_type=\"container\" data-e-type=\"container\">\n\t\t\t\t\t<div class=\"e-con-inner\">\n\t\t\t\t<div class=\"elementor-element elementor-element-43bdcd8 color-scheme-inherit text-left elementor-widget elementor-widget-text-editor\" data-id=\"43bdcd8\" data-element_type=\"widget\" data-e-type=\"widget\" data-widget_type=\"text-editor.default\">\n\t\t\t\t<div class=\"elementor-widget-container\">\n\t\t\t\t\t\t\t\t\t<p><strong>Vous \u00eates victime d'un d\u00e9lit ? Dans ce cas, vous pouvez vous inscrire en tant que partie l\u00e9s\u00e9e.<\/strong><\/p><p><strong>Il est conseill\u00e9 de se faire assister dans cette d\u00e9marche par l'un de nos avocats p\u00e9nalistes, qui pourra remplir le formulaire en votre nom et vous aider \u00e0 demander une indemnisation pour pr\u00e9judice personnel et douleur morale.<\/strong><\/p>\t\t\t\t\t\t\t\t<\/div>\n\t\t\t\t<\/div>\n\t\t\t\t<div class=\"elementor-element elementor-element-fb9776e elementor-widget elementor-widget-spacer\" data-id=\"fb9776e\" data-element_type=\"widget\" data-e-type=\"widget\" data-widget_type=\"spacer.default\">\n\t\t\t\t<div class=\"elementor-widget-container\">\n\t\t\t\t\t\t\t<div class=\"elementor-spacer\">\n\t\t\t<div class=\"elementor-spacer-inner\"><\/div>\n\t\t<\/div>\n\t\t\t\t\t\t<\/div>\n\t\t\t\t<\/div>\n\t\t\t\t<div class=\"elementor-element elementor-element-ed045b2 elementor-widget elementor-widget-heading\" data-id=\"ed045b2\" data-element_type=\"widget\" data-e-type=\"widget\" data-widget_type=\"heading.default\">\n\t\t\t\t<div class=\"elementor-widget-container\">\n\t\t\t\t\t<h3 class=\"elementor-heading-title elementor-size-default\">Qu'est-ce qu'une partie l\u00e9s\u00e9e ?<\/h3>\t\t\t\t<\/div>\n\t\t\t\t<\/div>\n\t\t\t\t<div class=\"elementor-element elementor-element-1c7e99e color-scheme-inherit text-left elementor-widget elementor-widget-text-editor\" data-id=\"1c7e99e\" data-element_type=\"widget\" data-e-type=\"widget\" data-widget_type=\"text-editor.default\">\n\t\t\t\t<div class=\"elementor-widget-container\">\n\t\t\t\t\t\t\t\t\t<p>Une partie l\u00e9s\u00e9e est une personne qui a subi un pr\u00e9judice du fait d'une infraction p\u00e9nale et qui peut demander une indemnisation au d\u00e9fendeur dans le cadre de la proc\u00e9dure p\u00e9nale. Il peut s'agir de dommages mat\u00e9riels, tels que des v\u00eatements cass\u00e9s et des biens endommag\u00e9s, ainsi que de dommages \u00e9motionnels. La demande d'indemnisation est introduite au moyen d'un formulaire de d\u00e9claration de dommages ou d'un num\u00e9ro de jonction.<\/p>\t\t\t\t\t\t\t\t<\/div>\n\t\t\t\t<\/div>\n\t\t\t\t<div class=\"elementor-element elementor-element-f983b12 elementor-widget elementor-widget-spacer\" data-id=\"f983b12\" data-element_type=\"widget\" data-e-type=\"widget\" data-widget_type=\"spacer.default\">\n\t\t\t\t<div class=\"elementor-widget-container\">\n\t\t\t\t\t\t\t<div class=\"elementor-spacer\">\n\t\t\t<div class=\"elementor-spacer-inner\"><\/div>\n\t\t<\/div>\n\t\t\t\t\t\t<\/div>\n\t\t\t\t<\/div>\n\t\t\t\t<div class=\"elementor-element elementor-element-fb22814 elementor-widget elementor-widget-heading\" data-id=\"fb22814\" data-element_type=\"widget\" data-e-type=\"widget\" data-widget_type=\"heading.default\">\n\t\t\t\t<div class=\"elementor-widget-container\">\n\t\t\t\t\t<h3 class=\"elementor-heading-title elementor-size-default\">Qu'est-ce qu'un formulaire de jointure ?<\/h3>\t\t\t\t<\/div>\n\t\t\t\t<\/div>\n\t\t\t\t<div class=\"elementor-element elementor-element-d85f3d6 color-scheme-inherit text-left elementor-widget elementor-widget-text-editor\" data-id=\"d85f3d6\" data-element_type=\"widget\" data-e-type=\"widget\" data-widget_type=\"text-editor.default\">\n\t\t\t\t<div class=\"elementor-widget-container\">\n\t\t\t\t\t\t\t\t\t<p>Un formulaire de jonction est simplement un formulaire que vous remplissez si vous \u00eates victime d'un d\u00e9lit et que vous souhaitez participer au proc\u00e8s de la personne qui a commis le d\u00e9lit. Ce formulaire vous permet de demander une indemnisation pour les dommages que vous avez subis du fait de l'infraction. Il vous aide \u00e0 prot\u00e9ger vos droits et \u00e0 participer au proc\u00e8s contre l'auteur de l'infraction.<\/p>\t\t\t\t\t\t\t\t<\/div>\n\t\t\t\t<\/div>\n\t\t\t\t<div class=\"elementor-element elementor-element-0130b7a elementor-widget elementor-widget-spacer\" data-id=\"0130b7a\" data-element_type=\"widget\" data-e-type=\"widget\" data-widget_type=\"spacer.default\">\n\t\t\t\t<div class=\"elementor-widget-container\">\n\t\t\t\t\t\t\t<div class=\"elementor-spacer\">\n\t\t\t<div class=\"elementor-spacer-inner\"><\/div>\n\t\t<\/div>\n\t\t\t\t\t\t<\/div>\n\t\t\t\t<\/div>\n\t\t\t\t<div class=\"elementor-element elementor-element-64ae864 elementor-widget elementor-widget-heading\" data-id=\"64ae864\" data-element_type=\"widget\" data-e-type=\"widget\" data-widget_type=\"heading.default\">\n\t\t\t\t<div class=\"elementor-widget-container\">\n\t\t\t\t\t<h3 class=\"elementor-heading-title elementor-size-default\">R\u00e9clamation de la personne l\u00e9s\u00e9e<\/h3>\t\t\t\t<\/div>\n\t\t\t\t<\/div>\n\t\t\t\t<div class=\"elementor-element elementor-element-069524a color-scheme-inherit text-left elementor-widget elementor-widget-text-editor\" data-id=\"069524a\" data-element_type=\"widget\" data-e-type=\"widget\" data-widget_type=\"text-editor.default\">\n\t\t\t\t<div class=\"elementor-widget-container\">\n\t\t\t\t\t\t\t\t\t<p>Les parties l\u00e9s\u00e9es peuvent d\u00e9poser diff\u00e9rents types de demandes de dommages-int\u00e9r\u00eats. Nous avons \u00e9num\u00e9r\u00e9 ci-dessous tous les types de dommages.<\/p><ul><li><strong>Dommages mat\u00e9riels<\/strong>: il s'agit des dommages que vous pouvez mesurer en termes financiers, tels que les frais m\u00e9dicaux, la perte de revenus, les biens endommag\u00e9s ou tout autre \u00e9l\u00e9ment pour lequel vous avez besoin d'argent en raison d'un d\u00e9lit.<\/li><li><strong>Dommages intangibles :<\/strong> il s'agit de dommages que l'on ne peut pas mesurer avec de l'argent, tels que des sentiments de tristesse, d'anxi\u00e9t\u00e9 ou de stress dus \u00e0 ce qui s'est pass\u00e9.<\/li><li><strong>Dommages caus\u00e9s par les chocs<\/strong>: si vous avez \u00e9t\u00e9 profond\u00e9ment boulevers\u00e9 par un accident grave ou un crime, cela peut entra\u00eener des dommages \u00e9motionnels et du stress.<\/li><li><strong>Dommage affectif<\/strong>: il s'agit de la douleur \u00e9motionnelle ressentie par les membres de la famille, tels que les parents, les enfants, les partenaires et les fr\u00e8res et s\u0153urs, lorsqu'un proche est bless\u00e9 ou d\u00e9c\u00e8de.<\/li><li><strong>Frais de justice<\/strong>: il s'agit des frais que vous devez payer pour intenter une action en justice, tels que les honoraires d'avocat ou les frais de justice.<\/li><li><strong>Int\u00e9r\u00eat l\u00e9gal<\/strong>: il s'agit d'un montant suppl\u00e9mentaire ajout\u00e9 \u00e0 l'indemnit\u00e9 que vous recevez afin de compenser le fait que<\/li><li><strong>Mesure de r\u00e9paration<\/strong>: le coupable doit payer pour les dommages caus\u00e9s dans le cadre de sa peine. Cela aide la victime \u00e0 se r\u00e9tablir en recevant de l'argent de la part du coupable.<\/li><\/ul>\t\t\t\t\t\t\t\t<\/div>\n\t\t\t\t<\/div>\n\t\t\t\t<div class=\"elementor-element elementor-element-b749a1c elementor-widget elementor-widget-spacer\" data-id=\"b749a1c\" data-element_type=\"widget\" data-e-type=\"widget\" data-widget_type=\"spacer.default\">\n\t\t\t\t<div class=\"elementor-widget-container\">\n\t\t\t\t\t\t\t<div class=\"elementor-spacer\">\n\t\t\t<div class=\"elementor-spacer-inner\"><\/div>\n\t\t<\/div>\n\t\t\t\t\t\t<\/div>\n\t\t\t\t<\/div>\n\t\t\t\t<div class=\"elementor-element elementor-element-a06fffd elementor-widget elementor-widget-heading\" data-id=\"a06fffd\" data-element_type=\"widget\" data-e-type=\"widget\" data-widget_type=\"heading.default\">\n\t\t\t\t<div class=\"elementor-widget-container\">\n\t\t\t\t\t<h3 class=\"elementor-heading-title elementor-size-default\">Proc\u00e9dure de la partie l\u00e9s\u00e9e<\/h3>\t\t\t\t<\/div>\n\t\t\t\t<\/div>\n\t\t\t\t<div class=\"elementor-element elementor-element-df6336f color-scheme-inherit text-left elementor-widget elementor-widget-text-editor\" data-id=\"df6336f\" data-element_type=\"widget\" data-e-type=\"widget\" data-widget_type=\"text-editor.default\">\n\t\t\t\t<div class=\"elementor-widget-container\">\n\t\t\t\t\t\t\t\t\t<p>L'avocat vous dira s'il est n\u00e9cessaire que vous soyez pr\u00e9sent \u00e0 l'audience. Apr\u00e8s le verdict, l'avocat discutera de la d\u00e9cision avec vous et surveillera \u00e9galement si l'accus\u00e9 ou le procureur fera appel. Si c'est le cas, il est important qu'en tant que partie l\u00e9s\u00e9e, vous participiez \u00e0 l'appel afin d'obtenir le meilleur r\u00e9sultat possible.<\/p><p>Il est important de noter que la partie l\u00e9s\u00e9e ne peut pas augmenter sa demande en appel, ni invoquer de nouveaux dommages.<\/p>\t\t\t\t\t\t\t\t<\/div>\n\t\t\t\t<\/div>\n\t\t\t\t<div class=\"elementor-element elementor-element-3d4f5e6 elementor-widget elementor-widget-spacer\" data-id=\"3d4f5e6\" data-element_type=\"widget\" data-e-type=\"widget\" data-widget_type=\"spacer.default\">\n\t\t\t\t<div class=\"elementor-widget-container\">\n\t\t\t\t\t\t\t<div class=\"elementor-spacer\">\n\t\t\t<div class=\"elementor-spacer-inner\"><\/div>\n\t\t<\/div>\n\t\t\t\t\t\t<\/div>\n\t\t\t\t<\/div>\n\t\t\t\t<div class=\"elementor-element elementor-element-b4ea4a9 elementor-widget elementor-widget-heading\" data-id=\"b4ea4a9\" data-element_type=\"widget\" data-e-type=\"widget\" data-widget_type=\"heading.default\">\n\t\t\t\t<div class=\"elementor-widget-container\">\n\t\t\t\t\t<h3 class=\"elementor-heading-title elementor-size-default\">Droits particuliers en tant que personne l\u00e9s\u00e9e<\/h3>\t\t\t\t<\/div>\n\t\t\t\t<\/div>\n\t\t\t\t<div class=\"elementor-element elementor-element-61027f5 color-scheme-inherit text-left elementor-widget elementor-widget-text-editor\" data-id=\"61027f5\" data-element_type=\"widget\" data-e-type=\"widget\" data-widget_type=\"text-editor.default\">\n\t\t\t\t<div class=\"elementor-widget-container\">\n\t\t\t\t\t\t\t\t\t<p>En effet, en tant que personne l\u00e9s\u00e9e, vous avez plus de droits :<\/p><ul><li><strong>Copie du rapport officiel : <\/strong>vous pouvez demander une copie du proc\u00e8s-verbal \u00e0 la police. Vous obtiendrez alors toutes les d\u00e9clarations et tous les documents relatifs \u00e0 l'infraction.<\/li><li><strong>Participation \u00e0 toutes les sessions :<\/strong> vous pouvez assister \u00e0 toutes les audiences, y compris les audiences pour mineurs. Ces sessions pour les jeunes sont des sessions \u00e0 huis clos, mais en tant que partie l\u00e9s\u00e9e, vous avez toujours le droit d'y assister dans cette affaire.<\/li><\/ul>\t\t\t\t\t\t\t\t<\/div>\n\t\t\t\t<\/div>\n\t\t\t\t<div class=\"elementor-element elementor-element-4e5ae62 elementor-widget elementor-widget-spacer\" data-id=\"4e5ae62\" data-element_type=\"widget\" data-e-type=\"widget\" data-widget_type=\"spacer.default\">\n\t\t\t\t<div class=\"elementor-widget-container\">\n\t\t\t\t\t\t\t<div class=\"elementor-spacer\">\n\t\t\t<div class=\"elementor-spacer-inner\"><\/div>\n\t\t<\/div>\n\t\t\t\t\t\t<\/div>\n\t\t\t\t<\/div>\n\t\t\t\t<div class=\"elementor-element elementor-element-75ad9c9 elementor-widget elementor-widget-heading\" data-id=\"75ad9c9\" data-element_type=\"widget\" data-e-type=\"widget\" data-widget_type=\"heading.default\">\n\t\t\t\t<div class=\"elementor-widget-container\">\n\t\t\t\t\t<h3 class=\"elementor-heading-title elementor-size-default\">Le d\u00e9c\u00e8s de la personne l\u00e9s\u00e9e\n<\/h3>\t\t\t\t<\/div>\n\t\t\t\t<\/div>\n\t\t\t\t<div class=\"elementor-element elementor-element-559e5e4 color-scheme-inherit text-left elementor-widget elementor-widget-text-editor\" data-id=\"559e5e4\" data-element_type=\"widget\" data-e-type=\"widget\" data-widget_type=\"text-editor.default\">\n\t\t\t\t<div class=\"elementor-widget-container\">\n\t\t\t\t\t\t\t\t\t<p>Lorsque la victime (la partie l\u00e9s\u00e9e) est d\u00e9c\u00e9d\u00e9e \u00e0 la suite de l'infraction, les proches, tels que les membres de la famille, peuvent se joindre \u00e0 la partie l\u00e9s\u00e9e et demander une indemnisation dans le cadre de la proc\u00e9dure p\u00e9nale.<\/p><p>Veuillez noter que vous ne pouvez vous joindre \u00e0 l'affaire en tant que survivant que s'il est certain que la victime est effectivement d\u00e9c\u00e9d\u00e9e des suites de l'acte criminel.<\/p>\t\t\t\t\t\t\t\t<\/div>\n\t\t\t\t<\/div>\n\t\t\t\t<div class=\"elementor-element elementor-element-e9ddc44 elementor-widget elementor-widget-spacer\" data-id=\"e9ddc44\" data-element_type=\"widget\" data-e-type=\"widget\" data-widget_type=\"spacer.default\">\n\t\t\t\t<div class=\"elementor-widget-container\">\n\t\t\t\t\t\t\t<div class=\"elementor-spacer\">\n\t\t\t<div class=\"elementor-spacer-inner\"><\/div>\n\t\t<\/div>\n\t\t\t\t\t\t<\/div>\n\t\t\t\t<\/div>\n\t\t\t\t<div class=\"elementor-element elementor-element-405dfb0 elementor-widget elementor-widget-heading\" data-id=\"405dfb0\" data-element_type=\"widget\" data-e-type=\"widget\" data-widget_type=\"heading.default\">\n\t\t\t\t<div class=\"elementor-widget-container\">\n\t\t\t\t\t<h3 class=\"elementor-heading-title elementor-size-default\">Avocat de la partie l\u00e9s\u00e9e\n<\/h3>\t\t\t\t<\/div>\n\t\t\t\t<\/div>\n\t\t\t\t<div class=\"elementor-element elementor-element-4b29bf3 color-scheme-inherit text-left elementor-widget elementor-widget-text-editor\" data-id=\"4b29bf3\" data-element_type=\"widget\" data-e-type=\"widget\" data-widget_type=\"text-editor.default\">\n\t\t\t\t<div class=\"elementor-widget-container\">\n\t\t\t\t\t\t\t\t\t<p>Il est important de consulter un avocat avant de se joindre \u00e0 une affaire p\u00e9nale en tant que partie l\u00e9s\u00e9e. Vous pouvez discuter avec l'avocat de la meilleure fa\u00e7on de pr\u00e9senter votre demande, et l'avocat peut demander le dossier pour vous et vous informer des preuves contre l'accus\u00e9.<\/p><p>Vous pouvez compter sur nos avocats sp\u00e9cialis\u00e9s, que vous soyez accus\u00e9 ou victime.<\/p><p>Une fois que vous nous aurez contact\u00e9s, nous ferons en sorte que vous soyez mis en relation directe avec un <a href=\"https:\/\/www.derbedrosian.nl\/fr\/avocats\/\">avocat sp\u00e9cialis\u00e9<\/a> qui peut vous aider et vous conseiller en tant que partie l\u00e9s\u00e9e au cours de la proc\u00e9dure p\u00e9nale<\/p>\t\t\t\t\t\t\t\t<\/div>\n\t\t\t\t<\/div>\n\t\t\t\t\t<\/div>\n\t\t\t\t<\/div>\n\t\t\t\t<\/div>","protected":false},"excerpt":{"rendered":"<p>Partie l\u00e9s\u00e9e Partie l\u00e9s\u00e9e d\u00e9c\u00e9d\u00e9e Personne l\u00e9s\u00e9e traitement s\u00e9par\u00e9 de la demande partie l\u00e9s\u00e9e de la demande partie l\u00e9s\u00e9e avocat p\u00e9nal avocat enschede<\/p>","protected":false},"author":1,"featured_media":0,"parent":10047,"menu_order":0,"comment_status":"closed","ping_status":"closed","template":"","meta":{"footnotes":""},"class_list":["post-10496","page","type-page","status-publish","hentry"],"_links":{"self":[{"href":"https:\/\/www.derbedrosian.nl\/fr\/wp-json\/wp\/v2\/pages\/10496","targetHints":{"allow":["GET"]}}],"collection":[{"href":"https:\/\/www.derbedrosian.nl\/fr\/wp-json\/wp\/v2\/pages"}],"about":[{"href":"https:\/\/www.derbedrosian.nl\/fr\/wp-json\/wp\/v2\/types\/page"}],"author":[{"embeddable":true,"href":"https:\/\/www.derbedrosian.nl\/fr\/wp-json\/wp\/v2\/users\/1"}],"replies":[{"embeddable":true,"href":"https:\/\/www.derbedrosian.nl\/fr\/wp-json\/wp\/v2\/comments?post=10496"}],"version-history":[{"count":0,"href":"https:\/\/www.derbedrosian.nl\/fr\/wp-json\/wp\/v2\/pages\/10496\/revisions"}],"up":[{"embeddable":true,"href":"https:\/\/www.derbedrosian.nl\/fr\/wp-json\/wp\/v2\/pages\/10047"}],"wp:attachment":[{"href":"https:\/\/www.derbedrosian.nl\/fr\/wp-json\/wp\/v2\/media?parent=10496"}],"curies":[{"name":"wp","href":"https:\/\/api.w.org\/{rel}","templated":true}]}}