{"id":10488,"date":"2023-05-25T15:35:11","date_gmt":"2023-05-25T13:35:11","guid":{"rendered":"https:\/\/derbedrosian.nl\/?page_id=10488"},"modified":"2025-12-21T15:46:34","modified_gmt":"2025-12-21T13:46:34","slug":"insulte","status":"publish","type":"page","link":"https:\/\/www.derbedrosian.nl\/fr\/rechtsgebieden\/strafrecht\/belediging\/","title":{"rendered":"Insulte"},"content":{"rendered":"<div data-elementor-type=\"wp-page\" data-elementor-id=\"10488\" class=\"elementor elementor-10488\" data-elementor-post-type=\"page\">\n\t\t\t\t<div class=\"wd-negative-gap elementor-element elementor-element-f5caaf7 e-flex e-con-boxed e-con e-parent\" data-id=\"f5caaf7\" data-element_type=\"container\" data-e-type=\"container\">\n\t\t\t\t\t<div class=\"e-con-inner\">\n\t\t\t\t<div class=\"elementor-element elementor-element-450f538 elementor-hidden-desktop elementor-hidden-tablet elementor-hidden-mobile elementor-widget elementor-widget-wd_image_or_svg\" data-id=\"450f538\" data-element_type=\"widget\" data-e-type=\"widget\" id=\"seo-word\" data-widget_type=\"wd_image_or_svg.default\">\n\t\t\t\t<div class=\"elementor-widget-container\">\n\t\t\t\t\t\n\t\t<div class=\"wd-image text-center\">\n\t\t\t\t\t\t\t\t<img loading=\"lazy\" decoding=\"async\" width=\"1000\" height=\"667\" src=\"https:\/\/www.derbedrosian.nl\/wp-content\/uploads\/belediging-advocaat.jpg\" class=\"attachment-full size-full\" alt=\"diffamation fonctionnaire en fonction avocat\" srcset=\"https:\/\/www.derbedrosian.nl\/wp-content\/uploads\/belediging-advocaat.jpg 1000w, https:\/\/www.derbedrosian.nl\/wp-content\/uploads\/belediging-advocaat-400x267.jpg 400w, https:\/\/www.derbedrosian.nl\/wp-content\/uploads\/belediging-advocaat-768x512.jpg 768w\" sizes=\"auto, (max-width: 1000px) 100vw, 1000px\" title=\"\">\t\t\t\t\t<\/div>\n\n\t\t\t\t\t\t<\/div>\n\t\t\t\t<\/div>\n\t\t\t\t<div class=\"elementor-element elementor-element-49512f8 elementor-hidden-desktop elementor-hidden-tablet elementor-hidden-mobile elementor-widget elementor-widget-heading\" data-id=\"49512f8\" data-element_type=\"widget\" data-e-type=\"widget\" id=\"seo-word\" data-widget_type=\"heading.default\">\n\t\t\t\t<div class=\"elementor-widget-container\">\n\t\t\t\t\t<h2 class=\"elementor-heading-title elementor-size-default\">insulte diffamation calomnie<\/h2>\t\t\t\t<\/div>\n\t\t\t\t<\/div>\n\t\t\t\t<div class=\"elementor-element elementor-element-b7b9180 elementor-hidden-desktop elementor-hidden-tablet elementor-hidden-mobile elementor-widget elementor-widget-heading\" data-id=\"b7b9180\" data-element_type=\"widget\" data-e-type=\"widget\" id=\"seo-word\" data-widget_type=\"heading.default\">\n\t\t\t\t<div class=\"elementor-widget-container\">\n\t\t\t\t\t<h5 class=\"elementor-heading-title elementor-size-default\">insultes \u00e0 l'\u00e9gard d'un fonctionnaire en exercice<\/h5>\t\t\t\t<\/div>\n\t\t\t\t<\/div>\n\t\t\t\t<div class=\"elementor-element elementor-element-42c27a5 elementor-hidden-desktop elementor-hidden-tablet elementor-hidden-mobile elementor-widget elementor-widget-heading\" data-id=\"42c27a5\" data-element_type=\"widget\" data-e-type=\"widget\" id=\"seo-word\" data-widget_type=\"heading.default\">\n\t\t\t\t<div class=\"elementor-widget-container\">\n\t\t\t\t\t<h5 class=\"elementor-heading-title elementor-size-default\">offense insultante<\/h5>\t\t\t\t<\/div>\n\t\t\t\t<\/div>\n\t\t\t\t<div class=\"elementor-element elementor-element-713e47e elementor-hidden-desktop elementor-hidden-tablet elementor-hidden-mobile elementor-widget elementor-widget-heading\" data-id=\"713e47e\" data-element_type=\"widget\" data-e-type=\"widget\" id=\"seo-word\" data-widget_type=\"heading.default\">\n\t\t\t\t<div class=\"elementor-widget-container\">\n\t\t\t\t\t<h5 class=\"elementor-heading-title elementor-size-default\">avocat insultant<\/h5>\t\t\t\t<\/div>\n\t\t\t\t<\/div>\n\t\t\t\t<div class=\"elementor-element elementor-element-813d85e elementor-hidden-desktop elementor-hidden-tablet elementor-hidden-mobile elementor-widget elementor-widget-heading\" data-id=\"813d85e\" data-element_type=\"widget\" data-e-type=\"widget\" id=\"seo-word\" data-widget_type=\"heading.default\">\n\t\t\t\t<div class=\"elementor-widget-container\">\n\t\t\t\t\t<h5 class=\"elementor-heading-title elementor-size-default\">avocat p\u00e9nal enschede<\/h5>\t\t\t\t<\/div>\n\t\t\t\t<\/div>\n\t\t\t\t<div class=\"elementor-element elementor-element-b444ed6 elementor-hidden-desktop elementor-hidden-tablet elementor-hidden-mobile elementor-widget elementor-widget-heading\" data-id=\"b444ed6\" data-element_type=\"widget\" data-e-type=\"widget\" id=\"seo-word\" data-widget_type=\"heading.default\">\n\t\t\t\t<div class=\"elementor-widget-container\">\n\t\t\t\t\t<h5 class=\"elementor-heading-title elementor-size-default\">droit p\u00e9nal enschede<\/h5>\t\t\t\t<\/div>\n\t\t\t\t<\/div>\n\t\t\t\t<div class=\"elementor-element elementor-element-dc496f1 elementor-hidden-desktop elementor-hidden-tablet elementor-hidden-mobile elementor-widget elementor-widget-heading\" data-id=\"dc496f1\" data-element_type=\"widget\" data-e-type=\"widget\" id=\"seo-word\" data-widget_type=\"heading.default\">\n\t\t\t\t<div class=\"elementor-widget-container\">\n\t\t\t\t\t<h5 class=\"elementor-heading-title elementor-size-default\">avocat droit p\u00e9nal enschede\n<\/h5>\t\t\t\t<\/div>\n\t\t\t\t<\/div>\n\t\t\t\t<div class=\"elementor-element elementor-element-0dd2621 elementor-hidden-desktop elementor-hidden-tablet elementor-hidden-mobile elementor-widget elementor-widget-heading\" data-id=\"0dd2621\" data-element_type=\"widget\" data-e-type=\"widget\" id=\"seo-word\" data-widget_type=\"heading.default\">\n\t\t\t\t<div class=\"elementor-widget-container\">\n\t\t\t\t\t<h5 class=\"elementor-heading-title elementor-size-default\">avocat droit p\u00e9nal overijssel<\/h5>\t\t\t\t<\/div>\n\t\t\t\t<\/div>\n\t\t\t\t<div class=\"elementor-element elementor-element-b70cc7f elementor-hidden-desktop elementor-hidden-tablet elementor-hidden-mobile elementor-widget elementor-widget-heading\" data-id=\"b70cc7f\" data-element_type=\"widget\" data-e-type=\"widget\" id=\"seo-word\" data-widget_type=\"heading.default\">\n\t\t\t\t<div class=\"elementor-widget-container\">\n\t\t\t\t\t<h5 class=\"elementor-heading-title elementor-size-default\">A Enschede et Overijssel, les avocats experts en droit p\u00e9nal de Derbedrosian Criminal Lawyers sont pr\u00eats \u00e0 vous aider. Nos avocats \u00e0 Enschede ont une grande exp\u00e9rience dans les affaires p\u00e9nales, y compris les affaires d'insultes et de d\u00e9lits connexes.\n\nInsulter un fonctionnaire en exercice est un d\u00e9lit p\u00e9nal passible de sanctions l\u00e9gales. La diffamation, l'injure et la calomnie sont toutes des infractions p\u00e9nales qui portent atteinte \u00e0 la r\u00e9putation ou \u00e0 l'honneur d'une personne.\n\nIl est important de comprendre que la diffamation est une infraction p\u00e9nale et qu'elle peut avoir des cons\u00e9quences juridiques. Si vous faites l'objet d'all\u00e9gations de diffamation, de calomnie ou d'injure, il est tr\u00e8s important de demander un avis juridique et de prendre les mesures qui s'imposent.\n\nNos avocats \u00e0 Enschede sont \u00e0 votre disposition pour vous conseiller et repr\u00e9senter vos int\u00e9r\u00eats dans les affaires de diffamation et d'infractions connexes. Si vous avez besoin d'une assistance juridique, n'h\u00e9sitez pas \u00e0 contacter Derbedrosian Criminal Lawyers. Nous sommes l\u00e0 pour vous aider et traiter votre affaire.<\/h5>\t\t\t\t<\/div>\n\t\t\t\t<\/div>\n\t\t\t\t<div class=\"elementor-element elementor-element-9578370 color-scheme-inherit text-left elementor-widget elementor-widget-text-editor\" data-id=\"9578370\" data-element_type=\"widget\" data-e-type=\"widget\" data-widget_type=\"text-editor.default\">\n\t\t\t\t<div class=\"elementor-widget-container\">\n\t\t\t\t\t\t\t\t\t<p><strong>Aux Pays-Bas, vous pouvez exprimer librement votre opinion, mais tout n'est pas permis sans cons\u00e9quences. Les insultes, la calomnie et la diffamation peuvent aller de la violence verbale \u00e0 la diffamation en ligne et peuvent causer des dommages consid\u00e9rables \u00e0 l'honneur et \u00e0 la r\u00e9putation d'une personne.<\/strong><\/p><p><strong>Certaines r\u00e8gles du code p\u00e9nal imposent des restrictions sur ce que vous pouvez dire. Par exemple, les insultes sont interdites en vertu des articles 266 et 267. Ces lois visent \u00e0 prot\u00e9ger les personnes contre les atteintes \u00e0 leur r\u00e9putation.<\/strong><\/p>\t\t\t\t\t\t\t\t<\/div>\n\t\t\t\t<\/div>\n\t\t\t\t<div class=\"elementor-element elementor-element-b149e06 elementor-widget elementor-widget-spacer\" data-id=\"b149e06\" data-element_type=\"widget\" data-e-type=\"widget\" data-widget_type=\"spacer.default\">\n\t\t\t\t<div class=\"elementor-widget-container\">\n\t\t\t\t\t\t\t<div class=\"elementor-spacer\">\n\t\t\t<div class=\"elementor-spacer-inner\"><\/div>\n\t\t<\/div>\n\t\t\t\t\t\t<\/div>\n\t\t\t\t<\/div>\n\t\t\t\t<div class=\"elementor-element elementor-element-275714a elementor-widget elementor-widget-heading\" data-id=\"275714a\" data-element_type=\"widget\" data-e-type=\"widget\" data-widget_type=\"heading.default\">\n\t\t\t\t<div class=\"elementor-widget-container\">\n\t\t\t\t\t<h3 class=\"elementor-heading-title elementor-size-default\">Qu'est-ce qu'une insulte ?<\/h3>\t\t\t\t<\/div>\n\t\t\t\t<\/div>\n\t\t\t\t<div class=\"elementor-element elementor-element-1fa19c7 color-scheme-inherit text-left elementor-widget elementor-widget-text-editor\" data-id=\"1fa19c7\" data-element_type=\"widget\" data-e-type=\"widget\" data-widget_type=\"text-editor.default\">\n\t\t\t\t<div class=\"elementor-widget-container\">\n\t\t\t\t\t\t\t\t\t<p>Une insulte est simplement quelque chose que les gens disent ou font pour ridiculiser ou rabaisser quelqu'un. Cela peut \u00eatre fait intentionnellement ou accidentellement, mais le but est g\u00e9n\u00e9ralement d'humilier l'autre personne.<\/p>\t\t\t\t\t\t\t\t<\/div>\n\t\t\t\t<\/div>\n\t\t\t\t<div class=\"elementor-element elementor-element-4bbd213 elementor-widget elementor-widget-spacer\" data-id=\"4bbd213\" data-element_type=\"widget\" data-e-type=\"widget\" data-widget_type=\"spacer.default\">\n\t\t\t\t<div class=\"elementor-widget-container\">\n\t\t\t\t\t\t\t<div class=\"elementor-spacer\">\n\t\t\t<div class=\"elementor-spacer-inner\"><\/div>\n\t\t<\/div>\n\t\t\t\t\t\t<\/div>\n\t\t\t\t<\/div>\n\t\t\t\t<div class=\"elementor-element elementor-element-57b25d1 elementor-widget elementor-widget-heading\" data-id=\"57b25d1\" data-element_type=\"widget\" data-e-type=\"widget\" data-widget_type=\"heading.default\">\n\t\t\t\t<div class=\"elementor-widget-container\">\n\t\t\t\t\t<h3 class=\"elementor-heading-title elementor-size-default\">Quand les insultes sont-elles punissables ?<\/h3>\t\t\t\t<\/div>\n\t\t\t\t<\/div>\n\t\t\t\t<div class=\"elementor-element elementor-element-2bba180 color-scheme-inherit text-left elementor-widget elementor-widget-text-editor\" data-id=\"2bba180\" data-element_type=\"widget\" data-e-type=\"widget\" data-widget_type=\"text-editor.default\">\n\t\t\t\t<div class=\"elementor-widget-container\">\n\t\t\t\t\t\t\t\t\t<p>Bien que les insultes soient souvent per\u00e7ues comme choquantes et offensantes, de nombreuses d\u00e9clarations rel\u00e8vent encore de la libert\u00e9 d'expression, avec toutefois certaines restrictions. Dans le domaine de l'insulte, une distinction est faite entre les insultes intentionnelles et non intentionnelles. L'article 267 du code p\u00e9nal traite des cat\u00e9gories sp\u00e9cifiques s\u00e9par\u00e9ment :<\/p><ul><li><strong>Public :<\/strong> l'insulte \u00e0 l'\u00e9gard d'une autorit\u00e9 publique, d'un organisme public ou d'une institution publique.<\/li><li><strong>Fonctionnaire en poste :<\/strong> Insulter un fonctionnaire dans l'exercice de ses fonctions. Il peut s'agir d'un officier de police, par exemple.<\/li><li><strong>\u00c9tat ami :<\/strong> L'insulte \u00e0 un membre du gouvernement d'un \u00c9tat ami est \u00e9galement punissable.<\/li><\/ul>\t\t\t\t\t\t\t\t<\/div>\n\t\t\t\t<\/div>\n\t\t\t\t<div class=\"elementor-element elementor-element-4bbd088 elementor-widget elementor-widget-spacer\" data-id=\"4bbd088\" data-element_type=\"widget\" data-e-type=\"widget\" data-widget_type=\"spacer.default\">\n\t\t\t\t<div class=\"elementor-widget-container\">\n\t\t\t\t\t\t\t<div class=\"elementor-spacer\">\n\t\t\t<div class=\"elementor-spacer-inner\"><\/div>\n\t\t<\/div>\n\t\t\t\t\t\t<\/div>\n\t\t\t\t<\/div>\n\t\t\t\t<div class=\"elementor-element elementor-element-62e77f4 elementor-widget elementor-widget-heading\" data-id=\"62e77f4\" data-element_type=\"widget\" data-e-type=\"widget\" data-widget_type=\"heading.default\">\n\t\t\t\t<div class=\"elementor-widget-container\">\n\t\t\t\t\t<h3 class=\"elementor-heading-title elementor-size-default\">Diff\u00e9rents types d'insultes<\/h3>\t\t\t\t<\/div>\n\t\t\t\t<\/div>\n\t\t\t\t<div class=\"elementor-element elementor-element-3a8e1ad color-scheme-inherit text-left elementor-widget elementor-widget-text-editor\" data-id=\"3a8e1ad\" data-element_type=\"widget\" data-e-type=\"widget\" data-widget_type=\"text-editor.default\">\n\t\t\t\t<div class=\"elementor-widget-container\">\n\t\t\t\t\t\t\t\t\t<ul><li>Dans le code p\u00e9nal, l'insulte se pr\u00e9sente sous trois formes, \u00e0 savoir<\/li><li><strong>Insulte :<\/strong> Lorsque quelqu'un tente d\u00e9lib\u00e9r\u00e9ment de porter atteinte \u00e0 l'honneur ou \u00e0 la r\u00e9putation de quelqu'un. Cela peut se produire par le biais de mots, de textes \u00e9crits, mais aussi d'images, par exemple.<\/li><li><strong>Diffamation :<\/strong>\u00a0Lorsque quelqu'un tente de porter atteinte \u00e0 votre r\u00e9putation en diffusant des informations n\u00e9gatives \u00e0 votre sujet, m\u00eame si ces informations sont fausses. C'est le cas, par exemple, si vous avez \u00e9t\u00e9 en prison et que quelqu'un diffuse de fausses informations sur votre s\u00e9jour dans cet \u00e9tablissement.<\/li><li><strong>Calomnie :<\/strong> La diffamation est tr\u00e8s similaire \u00e0 la calomnie, sauf que dans le cas de la calomnie, il s'agit d'un mensonge au sujet d'une personne ou d'un groupe, qui s'av\u00e8re donc faux.<\/li><\/ul><p>Dans les trois cas, il s'agit d'infractions li\u00e9es \u00e0 des plaintes.<br \/>Une personne n'est poursuivie p\u00e9nalement que si la victime le demande.<\/p>\t\t\t\t\t\t\t\t<\/div>\n\t\t\t\t<\/div>\n\t\t\t\t<div class=\"elementor-element elementor-element-5cb15f3 elementor-widget elementor-widget-spacer\" data-id=\"5cb15f3\" data-element_type=\"widget\" data-e-type=\"widget\" data-widget_type=\"spacer.default\">\n\t\t\t\t<div class=\"elementor-widget-container\">\n\t\t\t\t\t\t\t<div class=\"elementor-spacer\">\n\t\t\t<div class=\"elementor-spacer-inner\"><\/div>\n\t\t<\/div>\n\t\t\t\t\t\t<\/div>\n\t\t\t\t<\/div>\n\t\t\t\t<div class=\"elementor-element elementor-element-78cf454 elementor-widget elementor-widget-heading\" data-id=\"78cf454\" data-element_type=\"widget\" data-e-type=\"widget\" data-widget_type=\"heading.default\">\n\t\t\t\t<div class=\"elementor-widget-container\">\n\t\t\t\t\t<h3 class=\"elementor-heading-title elementor-size-default\">Quand un comportement offensant est-il consid\u00e9r\u00e9 comme une infraction p\u00e9nale ?\n<\/h3>\t\t\t\t<\/div>\n\t\t\t\t<\/div>\n\t\t\t\t<div class=\"elementor-element elementor-element-a4ba26c color-scheme-inherit text-left elementor-widget elementor-widget-text-editor\" data-id=\"a4ba26c\" data-element_type=\"widget\" data-e-type=\"widget\" data-widget_type=\"text-editor.default\">\n\t\t\t\t<div class=\"elementor-widget-container\">\n\t\t\t\t\t\t\t\t\t<p>Quand un comportement offensant est-il consid\u00e9r\u00e9 comme une infraction p\u00e9nale ?<\/p><p>Pour d\u00e9terminer s'il s'agit d'une insulte, plusieurs facteurs doivent \u00eatre pris en compte.<\/p><ul><li><strong>Insulte r\u00e9elle :<\/strong>\u00a0l'expression doit \u00eatre v\u00e9ritablement offensante, c'est-\u00e0-dire qu'elle porte atteinte \u00e0 l'honneur, \u00e0 la r\u00e9putation ou \u00e0 la dignit\u00e9 d'une personne.<\/li><li><strong>Intention :<\/strong>\u00a0Cela signifie qu'il y a intention, c'est-\u00e0-dire que l'auteur de l'infraction avait l'intention d'offenser la personne ou le groupe.<\/li><li><strong>Mode d'expression :<\/strong>\u00a0Une insulte peut \u00eatre exprim\u00e9e de diff\u00e9rentes mani\u00e8res. Elles peuvent \u00eatre verbales (discours) ou \u00e9crites (lettre ou courriel).<\/li><\/ul>\t\t\t\t\t\t\t\t<\/div>\n\t\t\t\t<\/div>\n\t\t\t\t<div class=\"elementor-element elementor-element-dfdb17d elementor-widget elementor-widget-spacer\" data-id=\"dfdb17d\" data-element_type=\"widget\" data-e-type=\"widget\" data-widget_type=\"spacer.default\">\n\t\t\t\t<div class=\"elementor-widget-container\">\n\t\t\t\t\t\t\t<div class=\"elementor-spacer\">\n\t\t\t<div class=\"elementor-spacer-inner\"><\/div>\n\t\t<\/div>\n\t\t\t\t\t\t<\/div>\n\t\t\t\t<\/div>\n\t\t\t\t<div class=\"elementor-element elementor-element-b2e5270 elementor-widget elementor-widget-heading\" data-id=\"b2e5270\" data-element_type=\"widget\" data-e-type=\"widget\" data-widget_type=\"heading.default\">\n\t\t\t\t<div class=\"elementor-widget-container\">\n\t\t\t\t\t<h3 class=\"elementor-heading-title elementor-size-default\">Proc\u00e9dure d'injure, de diffamation ou de calomnie\n<\/h3>\t\t\t\t<\/div>\n\t\t\t\t<\/div>\n\t\t\t\t<div class=\"elementor-element elementor-element-27dcf70 color-scheme-inherit text-left elementor-widget elementor-widget-text-editor\" data-id=\"27dcf70\" data-element_type=\"widget\" data-e-type=\"widget\" data-widget_type=\"text-editor.default\">\n\t\t\t\t<div class=\"elementor-widget-container\">\n\t\t\t\t\t\t\t\t\t<p>Lorsqu'une personne est confront\u00e9e \u00e0 un proc\u00e8s pour injure, il est judicieux de mettre en place les deux \u00e9l\u00e9ments suivants.<\/p><ul><li><strong>Collecte des preuves :<\/strong> Faire des copies des documents n\u00e9cessaires, des photos, de l'historique des chats ou d'autres formes de preuves de l'infraction est la premi\u00e8re \u00e9tape d'une d\u00e9fense solide. Pensez aux messages qui ont caus\u00e9 un pr\u00e9judice financier \u00e0 la personne ou \u00e0 l'entreprise. L'enregistrement des appels t\u00e9l\u00e9phoniques et des courriels qu'une personne a re\u00e7us par le pass\u00e9 peut \u00e9galement s'av\u00e9rer utile dans le cadre d'une affaire p\u00e9nale.<\/li><li><strong>Rapport \u00e0 la police :<\/strong> apr\u00e8s avoir recueilli les preuves n\u00e9cessaires, vous pouvez porter plainte aupr\u00e8s de la police. Il est important de noter que la calomnie et la diffamation sont des d\u00e9lits de plainte. Cela signifie que la plainte peut encore \u00eatre retir\u00e9e dans les huit jours.<\/li><\/ul>\t\t\t\t\t\t\t\t<\/div>\n\t\t\t\t<\/div>\n\t\t\t\t<div class=\"elementor-element elementor-element-8296042 elementor-widget elementor-widget-spacer\" data-id=\"8296042\" data-element_type=\"widget\" data-e-type=\"widget\" data-widget_type=\"spacer.default\">\n\t\t\t\t<div class=\"elementor-widget-container\">\n\t\t\t\t\t\t\t<div class=\"elementor-spacer\">\n\t\t\t<div class=\"elementor-spacer-inner\"><\/div>\n\t\t<\/div>\n\t\t\t\t\t\t<\/div>\n\t\t\t\t<\/div>\n\t\t\t\t<div class=\"elementor-element elementor-element-c925f56 elementor-widget elementor-widget-heading\" data-id=\"c925f56\" data-element_type=\"widget\" data-e-type=\"widget\" data-widget_type=\"heading.default\">\n\t\t\t\t<div class=\"elementor-widget-container\">\n\t\t\t\t\t<h3 class=\"elementor-heading-title elementor-size-default\">Cons\u00e9quences d'une insulte<\/h3>\t\t\t\t<\/div>\n\t\t\t\t<\/div>\n\t\t\t\t<div class=\"elementor-element elementor-element-2205c26 color-scheme-inherit text-left elementor-widget elementor-widget-text-editor\" data-id=\"2205c26\" data-element_type=\"widget\" data-e-type=\"widget\" data-widget_type=\"text-editor.default\">\n\t\t\t\t<div class=\"elementor-widget-container\">\n\t\t\t\t\t\t\t\t\tNon seulement la personne qui commet l'erreur, mais aussi la victime, peuvent subir des dommages consid\u00e9rables. Par exemple, si l'on parle mal d'une entreprise, cela peut entra\u00eener des dommages financiers importants. Mais les individus peuvent \u00e9galement souffrir gravement de fausses accusations. Si une personne est d\u00e9peinte de mani\u00e8re tr\u00e8s n\u00e9gative sur l'internet, beaucoup moins de gens voudront travailler avec elle.\n\t\t\t\t\t\t\t\t<\/div>\n\t\t\t\t<\/div>\n\t\t\t\t<div class=\"elementor-element elementor-element-77fc7e9 elementor-widget elementor-widget-spacer\" data-id=\"77fc7e9\" data-element_type=\"widget\" data-e-type=\"widget\" data-widget_type=\"spacer.default\">\n\t\t\t\t<div class=\"elementor-widget-container\">\n\t\t\t\t\t\t\t<div class=\"elementor-spacer\">\n\t\t\t<div class=\"elementor-spacer-inner\"><\/div>\n\t\t<\/div>\n\t\t\t\t\t\t<\/div>\n\t\t\t\t<\/div>\n\t\t\t\t<div class=\"elementor-element elementor-element-cc22235 elementor-widget elementor-widget-heading\" data-id=\"cc22235\" data-element_type=\"widget\" data-e-type=\"widget\" data-widget_type=\"heading.default\">\n\t\t\t\t<div class=\"elementor-widget-container\">\n\t\t\t\t\t<h3 class=\"elementor-heading-title elementor-size-default\">Insulte \u00e0 l'avocat <\/h3>\t\t\t\t<\/div>\n\t\t\t\t<\/div>\n\t\t\t\t<div class=\"elementor-element elementor-element-9d840f9 color-scheme-inherit text-left elementor-widget elementor-widget-text-editor\" data-id=\"9d840f9\" data-element_type=\"widget\" data-e-type=\"widget\" data-widget_type=\"text-editor.default\">\n\t\t\t\t<div class=\"elementor-widget-container\">\n\t\t\t\t\t\t\t\t\t<p>Une condamnation pour outrage peut entra\u00eener l'inscription d'un casier judiciaire \u00e0 votre nom, ce qui vous emp\u00eache de demander un certificat de bonne conduite (VOG). C'est une chose que vous voulez \u00e9videmment \u00e9viter. Il est donc judicieux de demander l'aide d'un avocat exp\u00e9riment\u00e9 qui pourra vous aider lorsque vous \u00eates confront\u00e9 \u00e0 des insultes telles que la diffamation ou la calomnie.<\/p><p>Au cabinet d'avocats Der Bedrosian, nous avons <a href=\"https:\/\/www.derbedrosian.nl\/fr\/avocats\/\">avocats sp\u00e9cialis\u00e9s<\/a> dans le <a href=\"https:\/\/www.derbedrosian.nl\/fr\/juridictions\/droit-penal\/\">droit p\u00e9nal<\/a> leur permettre de vous offrir une aide professionnelle.\u00a0<\/p><p>Si vous n'h\u00e9sitez pas \u00e0 nous contacter, l'un de nos avocats vous aidera \u00e0 r\u00e9soudre votre probl\u00e8me dans les plus brefs d\u00e9lais.<\/p>\t\t\t\t\t\t\t\t<\/div>\n\t\t\t\t<\/div>\n\t\t\t\t\t<\/div>\n\t\t\t\t<\/div>\n\t\t\t\t<\/div>","protected":false},"excerpt":{"rendered":"<p>diffamation diffamation fonctionnaire en fonction diffamation infraction p\u00e9nale diffamation avocat droit p\u00e9nal enschede droit p\u00e9nal enschede avocat droit p\u00e9nal enschede avocat<\/p>","protected":false},"author":1,"featured_media":0,"parent":10047,"menu_order":5,"comment_status":"closed","ping_status":"closed","template":"","meta":{"footnotes":""},"class_list":["post-10488","page","type-page","status-publish","hentry"],"_links":{"self":[{"href":"https:\/\/www.derbedrosian.nl\/fr\/wp-json\/wp\/v2\/pages\/10488","targetHints":{"allow":["GET"]}}],"collection":[{"href":"https:\/\/www.derbedrosian.nl\/fr\/wp-json\/wp\/v2\/pages"}],"about":[{"href":"https:\/\/www.derbedrosian.nl\/fr\/wp-json\/wp\/v2\/types\/page"}],"author":[{"embeddable":true,"href":"https:\/\/www.derbedrosian.nl\/fr\/wp-json\/wp\/v2\/users\/1"}],"replies":[{"embeddable":true,"href":"https:\/\/www.derbedrosian.nl\/fr\/wp-json\/wp\/v2\/comments?post=10488"}],"version-history":[{"count":0,"href":"https:\/\/www.derbedrosian.nl\/fr\/wp-json\/wp\/v2\/pages\/10488\/revisions"}],"up":[{"embeddable":true,"href":"https:\/\/www.derbedrosian.nl\/fr\/wp-json\/wp\/v2\/pages\/10047"}],"wp:attachment":[{"href":"https:\/\/www.derbedrosian.nl\/fr\/wp-json\/wp\/v2\/media?parent=10488"}],"curies":[{"name":"wp","href":"https:\/\/api.w.org\/{rel}","templated":true}]}}