{"id":10455,"date":"2023-05-25T13:23:30","date_gmt":"2023-05-25T11:23:30","guid":{"rendered":"https:\/\/derbedrosian.nl\/?page_id=10455"},"modified":"2025-12-20T18:18:16","modified_gmt":"2025-12-20T16:18:16","slug":"plainte-et-non-poursuite","status":"publish","type":"page","link":"https:\/\/www.derbedrosian.nl\/fr\/rechtsgebieden\/strafrecht\/beklag-niet-vervolging\/","title":{"rendered":"Plainte et non poursuite"},"content":{"rendered":"<div data-elementor-type=\"wp-page\" data-elementor-id=\"10455\" class=\"elementor elementor-10455\" data-elementor-post-type=\"page\">\n\t\t\t\t<div class=\"wd-negative-gap elementor-element elementor-element-67d9b49 elementor-hidden-desktop elementor-hidden-tablet elementor-hidden-mobile e-flex e-con-boxed e-con e-parent\" data-id=\"67d9b49\" data-element_type=\"container\" data-e-type=\"container\" id=\"seo-word\">\n\t\t\t\t\t<div class=\"e-con-inner\">\n\t\t\t\t<div class=\"elementor-element elementor-element-42f2392 elementor-widget elementor-widget-wd_image_or_svg\" data-id=\"42f2392\" data-element_type=\"widget\" data-e-type=\"widget\" id=\"seo-word\" data-widget_type=\"wd_image_or_svg.default\">\n\t\t\t\t<div class=\"elementor-widget-container\">\n\t\t\t\t\t\n\t\t<div class=\"wd-image text-left\">\n\t\t\t\t\t\t\t\t<img loading=\"lazy\" decoding=\"async\" width=\"1000\" height=\"667\" src=\"https:\/\/www.derbedrosian.nl\/wp-content\/uploads\/beklag-niet-vervolging.jpeg\" class=\"attachment-full size-full\" alt=\"plainte non poursuivie, proc\u00e9dure de plainte, article 12 sv\" srcset=\"https:\/\/www.derbedrosian.nl\/wp-content\/uploads\/beklag-niet-vervolging.jpeg 1000w, https:\/\/www.derbedrosian.nl\/wp-content\/uploads\/beklag-niet-vervolging-400x267.jpeg 400w, https:\/\/www.derbedrosian.nl\/wp-content\/uploads\/beklag-niet-vervolging-768x512.jpeg 768w\" sizes=\"auto, (max-width: 1000px) 100vw, 1000px\" title=\"\">\t\t\t\t\t<\/div>\n\n\t\t\t\t\t\t<\/div>\n\t\t\t\t<\/div>\n\t\t\t\t<div class=\"elementor-element elementor-element-ae67129 elementor-widget elementor-widget-heading\" data-id=\"ae67129\" data-element_type=\"widget\" data-e-type=\"widget\" id=\"seo-word\" data-widget_type=\"heading.default\">\n\t\t\t\t<div class=\"elementor-widget-container\">\n\t\t\t\t\t<h2 class=\"elementor-heading-title elementor-size-default\">d\u00e9poser une plainte<\/h2>\t\t\t\t<\/div>\n\t\t\t\t<\/div>\n\t\t\t\t<div class=\"elementor-element elementor-element-d4750f2 elementor-widget elementor-widget-heading\" data-id=\"d4750f2\" data-element_type=\"widget\" data-e-type=\"widget\" id=\"seo-word\" data-widget_type=\"heading.default\">\n\t\t\t\t<div class=\"elementor-widget-container\">\n\t\t\t\t\t<h5 class=\"elementor-heading-title elementor-size-default\">d\u00e9lai de plainte et non de poursuite<\/h5>\t\t\t\t<\/div>\n\t\t\t\t<\/div>\n\t\t\t\t<div class=\"elementor-element elementor-element-0aa9aa6 elementor-widget elementor-widget-heading\" data-id=\"0aa9aa6\" data-element_type=\"widget\" data-e-type=\"widget\" id=\"seo-word\" data-widget_type=\"heading.default\">\n\t\t\t\t<div class=\"elementor-widget-container\">\n\t\t\t\t\t<h5 class=\"elementor-heading-title elementor-size-default\">plainte et non poursuite<\/h5>\t\t\t\t<\/div>\n\t\t\t\t<\/div>\n\t\t\t\t<div class=\"elementor-element elementor-element-86bbc4f elementor-widget elementor-widget-heading\" data-id=\"86bbc4f\" data-element_type=\"widget\" data-e-type=\"widget\" id=\"seo-word\" data-widget_type=\"heading.default\">\n\t\t\t\t<div class=\"elementor-widget-container\">\n\t\t\t\t\t<h5 class=\"elementor-heading-title elementor-size-default\">proc\u00e9dure de plainte avocat<\/h5>\t\t\t\t<\/div>\n\t\t\t\t<\/div>\n\t\t\t\t<div class=\"elementor-element elementor-element-56fd3aa elementor-widget elementor-widget-heading\" data-id=\"56fd3aa\" data-element_type=\"widget\" data-e-type=\"widget\" id=\"seo-word\" data-widget_type=\"heading.default\">\n\t\t\t\t<div class=\"elementor-widget-container\">\n\t\t\t\t\t<h5 class=\"elementor-heading-title elementor-size-default\">article 12 proc\u00e9dure sv<\/h5>\t\t\t\t<\/div>\n\t\t\t\t<\/div>\n\t\t\t\t<div class=\"elementor-element elementor-element-a16d22b elementor-widget elementor-widget-heading\" data-id=\"a16d22b\" data-element_type=\"widget\" data-e-type=\"widget\" id=\"seo-word\" data-widget_type=\"heading.default\">\n\t\t\t\t<div class=\"elementor-widget-container\">\n\t\t\t\t\t<h5 class=\"elementor-heading-title elementor-size-default\">avocat droit p\u00e9nal enschede<\/h5>\t\t\t\t<\/div>\n\t\t\t\t<\/div>\n\t\t\t\t<div class=\"elementor-element elementor-element-d08e2c2 elementor-widget elementor-widget-heading\" data-id=\"d08e2c2\" data-element_type=\"widget\" data-e-type=\"widget\" id=\"seo-word\" data-widget_type=\"heading.default\">\n\t\t\t\t<div class=\"elementor-widget-container\">\n\t\t\t\t\t<h5 class=\"elementor-heading-title elementor-size-default\">plaintes contre l'absence de poursuites article sv proc\u00e9dure plainte contre l'absence de poursuites<\/h5>\t\t\t\t<\/div>\n\t\t\t\t<\/div>\n\t\t\t\t<div class=\"elementor-element elementor-element-fcd3c74 elementor-widget elementor-widget-heading\" data-id=\"fcd3c74\" data-element_type=\"widget\" data-e-type=\"widget\" id=\"seo-word\" data-widget_type=\"heading.default\">\n\t\t\t\t<div class=\"elementor-widget-container\">\n\t\t\t\t\t<h5 class=\"elementor-heading-title elementor-size-default\">avocat droit p\u00e9nal overijssel<\/h5>\t\t\t\t<\/div>\n\t\t\t\t<\/div>\n\t\t\t\t<div class=\"elementor-element elementor-element-4e73962 elementor-widget elementor-widget-heading\" data-id=\"4e73962\" data-element_type=\"widget\" data-e-type=\"widget\" id=\"seo-word\" data-widget_type=\"heading.default\">\n\t\t\t\t<div class=\"elementor-widget-container\">\n\t\t\t\t\t<h5 class=\"elementor-heading-title elementor-size-default\">an art sv proc\u00e9dure de non-poursuite infraction p\u00e9nale base de l'arbre droit de la vie priv\u00e9e base de l'arbre<\/h5>\t\t\t\t<\/div>\n\t\t\t\t<\/div>\n\t\t\t\t<div class=\"elementor-element elementor-element-9c68fd8 elementor-widget elementor-widget-heading\" data-id=\"9c68fd8\" data-element_type=\"widget\" data-e-type=\"widget\" id=\"seo-word\" data-widget_type=\"heading.default\">\n\t\t\t\t<div class=\"elementor-widget-container\">\n\t\t\t\t\t<h5 class=\"elementor-heading-title elementor-size-default\">Si vous n'\u00eates pas satisfait de la d\u00e9cision du procureur de ne pas engager de poursuites p\u00e9nales, vous pouvez utiliser la proc\u00e9dure de plainte. Cette proc\u00e9dure, bas\u00e9e sur l'article 12 du Code de proc\u00e9dure p\u00e9nale (Sv), vous permet de d\u00e9poser une plainte contre l'absence de poursuites. Il est essentiel de faire appel \u00e0 un avocat p\u00e9naliste exp\u00e9riment\u00e9 pour cette proc\u00e9dure de plainte, surtout si vous vous trouvez dans la r\u00e9gion d'Overijssel, comme \u00e0 Enschede. L'avocat p\u00e9naliste \u00e0 Enschede peut vous donner des conseils avis\u00e9s et vous guider tout au long de la proc\u00e9dure de plainte. Choisissez un avocat p\u00e9naliste comp\u00e9tent dans la r\u00e9gion d'Overijssel pour que votre plainte contre l'absence de poursuites re\u00e7oive l'attention qu'elle m\u00e9rite.<\/h5>\t\t\t\t<\/div>\n\t\t\t\t<\/div>\n\t\t\t\t\t<\/div>\n\t\t\t\t<\/div>\n\t\t<div class=\"wd-negative-gap elementor-element elementor-element-53a4bad e-flex e-con-boxed e-con e-parent\" data-id=\"53a4bad\" data-element_type=\"container\" data-e-type=\"container\">\n\t\t\t\t\t<div class=\"e-con-inner\">\n\t\t\t\t<div class=\"elementor-element elementor-element-978a18a color-scheme-inherit text-left elementor-widget elementor-widget-text-editor\" data-id=\"978a18a\" data-element_type=\"widget\" data-e-type=\"widget\" data-widget_type=\"text-editor.default\">\n\t\t\t\t<div class=\"elementor-widget-container\">\n\t\t\t\t\t\t\t\t\t<p><strong>Une plainte sans poursuite, \u00e9galement appel\u00e9e proc\u00e9dure de plainte, concerne les situations dans lesquelles certaines mesures sont prises pour rouvrir une affaire p\u00e9nale.\u00a0<\/strong><\/p><p><strong>Le d\u00e9p\u00f4t d'une plainte sans poursuite est un moyen important pour les victimes de garantir leur droit \u00e0 la justice. Il leur offre la possibilit\u00e9 de contester la d\u00e9cision du minist\u00e8re public (OM) et de tenter malgr\u00e9 tout de traduire le suspect en justice.<\/strong><\/p>\t\t\t\t\t\t\t\t<\/div>\n\t\t\t\t<\/div>\n\t\t\t\t<div class=\"elementor-element elementor-element-e69be44 elementor-widget elementor-widget-spacer\" data-id=\"e69be44\" data-element_type=\"widget\" data-e-type=\"widget\" data-widget_type=\"spacer.default\">\n\t\t\t\t<div class=\"elementor-widget-container\">\n\t\t\t\t\t\t\t<div class=\"elementor-spacer\">\n\t\t\t<div class=\"elementor-spacer-inner\"><\/div>\n\t\t<\/div>\n\t\t\t\t\t\t<\/div>\n\t\t\t\t<\/div>\n\t\t\t\t<div class=\"elementor-element elementor-element-a8a8e73 elementor-widget elementor-widget-heading\" data-id=\"a8a8e73\" data-element_type=\"widget\" data-e-type=\"widget\" data-widget_type=\"heading.default\">\n\t\t\t\t<div class=\"elementor-widget-container\">\n\t\t\t\t\t<h3 class=\"elementor-heading-title elementor-size-default\">Qu'est-ce qu'une proc\u00e9dure de plainte ?<\/h3>\t\t\t\t<\/div>\n\t\t\t\t<\/div>\n\t\t\t\t<div class=\"elementor-element elementor-element-6ada32c color-scheme-inherit text-left elementor-widget elementor-widget-text-editor\" data-id=\"6ada32c\" data-element_type=\"widget\" data-e-type=\"widget\" data-widget_type=\"text-editor.default\">\n\t\t\t\t<div class=\"elementor-widget-container\">\n\t\t\t\t\t\t\t\t\t<p>La plainte sans poursuite (souvent appel\u00e9e proc\u00e9dure de plainte dans les affaires p\u00e9nales) fait r\u00e9f\u00e9rence \u00e0 l'article 12 du code de proc\u00e9dure p\u00e9nale, qui donne simplement \u00e0 une victime ou \u00e0 ses proches la possibilit\u00e9 de d\u00e9poser une plainte aupr\u00e8s du tribunal si le minist\u00e8re public a d\u00e9cid\u00e9 de ne pas poursuivre une infraction p\u00e9nale. Le d\u00e9p\u00f4t d'une plainte pour non-poursuite peut entra\u00eener la r\u00e9ouverture de l'enqu\u00eate p\u00e9nale ou l'engagement de poursuites.<\/p>\t\t\t\t\t\t\t\t<\/div>\n\t\t\t\t<\/div>\n\t\t\t\t<div class=\"elementor-element elementor-element-b020ece elementor-widget elementor-widget-spacer\" data-id=\"b020ece\" data-element_type=\"widget\" data-e-type=\"widget\" data-widget_type=\"spacer.default\">\n\t\t\t\t<div class=\"elementor-widget-container\">\n\t\t\t\t\t\t\t<div class=\"elementor-spacer\">\n\t\t\t<div class=\"elementor-spacer-inner\"><\/div>\n\t\t<\/div>\n\t\t\t\t\t\t<\/div>\n\t\t\t\t<\/div>\n\t\t\t\t<div class=\"elementor-element elementor-element-e645c9e elementor-widget elementor-widget-heading\" data-id=\"e645c9e\" data-element_type=\"widget\" data-e-type=\"widget\" data-widget_type=\"heading.default\">\n\t\t\t\t<div class=\"elementor-widget-container\">\n\t\t\t\t\t<h3 class=\"elementor-heading-title elementor-size-default\">Qu'est-ce qui peut amener le procureur \u00e0 d\u00e9cider de ne pas poursuivre une affaire ?<\/h3>\t\t\t\t<\/div>\n\t\t\t\t<\/div>\n\t\t\t\t<div class=\"elementor-element elementor-element-b77f782 color-scheme-inherit text-left elementor-widget elementor-widget-text-editor\" data-id=\"b77f782\" data-element_type=\"widget\" data-e-type=\"widget\" data-widget_type=\"text-editor.default\">\n\t\t\t\t<div class=\"elementor-widget-container\">\n\t\t\t\t\t\t\t\t\t<p>Un procureur peut d\u00e9cider de ne pas porter une affaire devant les tribunaux pour diverses raisons :<\/p><ul><li><strong>Preuves insuffisantes : <\/strong>\u00a0s'il n'y a pas suffisamment de preuves pour d\u00e9clarer l'accus\u00e9 coupable au-del\u00e0 de tout doute raisonnable, l'affaire n'est g\u00e9n\u00e9ralement pas rouverte.<\/li><li><strong>Pas assez d'importance pour la soci\u00e9t\u00e9 :<\/strong>\u00a0Parfois, le procureur estime que l'affaire n'est pas suffisamment importante pour la soci\u00e9t\u00e9 pour engager des poursuites.<\/li><li><strong>Autres solutions :<\/strong>\u00a0au lieu de rouvrir un dossier judiciaire, l'affaire peut \u00eatre r\u00e9solue d'une autre mani\u00e8re, par exemple en discutant avec les parties concern\u00e9es et en parvenant \u00e0 des accords.<\/li><li><strong>Comp\u00e9tence propre :<\/strong>\u00a0le procureur peut d\u00e9cider de ne pas poursuivre une affaire m\u00eame s'il existe des preuves, en raison de sa propre comp\u00e9tence et de sa propre politique.<\/li><li><strong>Prescription :<\/strong>\u00a0si trop de temps s'est \u00e9coul\u00e9 depuis l'infraction, l'affaire ne peut \u00eatre entendue.<\/li><li><strong>Situation personnelle :<\/strong>\u00a0Parfois, les circonstances personnelles du suspect, telles que son \u00e9tat de sant\u00e9 et son \u00e2ge, sont prises en compte.<\/li><\/ul><p>Il est important de comprendre que le fait de ne pas poursuivre une affaire ne signifie pas que l'accus\u00e9 est innocent, mais qu'il y a des raisons de ne pas porter l'affaire devant les tribunaux \u00e0 ce moment-l\u00e0. Les victimes et les proches peuvent, dans certains cas, s'opposer \u00e0 cette d\u00e9cision.<\/p>\t\t\t\t\t\t\t\t<\/div>\n\t\t\t\t<\/div>\n\t\t\t\t<div class=\"elementor-element elementor-element-866ed69 elementor-widget elementor-widget-spacer\" data-id=\"866ed69\" data-element_type=\"widget\" data-e-type=\"widget\" data-widget_type=\"spacer.default\">\n\t\t\t\t<div class=\"elementor-widget-container\">\n\t\t\t\t\t\t\t<div class=\"elementor-spacer\">\n\t\t\t<div class=\"elementor-spacer-inner\"><\/div>\n\t\t<\/div>\n\t\t\t\t\t\t<\/div>\n\t\t\t\t<\/div>\n\t\t\t\t<div class=\"elementor-element elementor-element-aaa77f7 elementor-widget elementor-widget-heading\" data-id=\"aaa77f7\" data-element_type=\"widget\" data-e-type=\"widget\" data-widget_type=\"heading.default\">\n\t\t\t\t<div class=\"elementor-widget-container\">\n\t\t\t\t\t<h3 class=\"elementor-heading-title elementor-size-default\">Conditions de la plainte<\/h3>\t\t\t\t<\/div>\n\t\t\t\t<\/div>\n\t\t\t\t<div class=\"elementor-element elementor-element-37c7e35 color-scheme-inherit text-left elementor-widget elementor-widget-text-editor\" data-id=\"37c7e35\" data-element_type=\"widget\" data-e-type=\"widget\" data-widget_type=\"text-editor.default\">\n\t\t\t\t<div class=\"elementor-widget-container\">\n\t\t\t\t\t\t\t\t\t<p>Avant de pouvoir d\u00e9poser une plainte aupr\u00e8s de la Cour, un certain nombre de conditions doivent \u00eatre remplies.<\/p><ul><li><strong>Engagement pour la cause :<\/strong>\u00a0dans la plupart des cas, le plaignant doit avoir un int\u00e9r\u00eat direct dans l'affaire, c'est-\u00e0-dire qu'il doit \u00eatre impliqu\u00e9 d'une mani\u00e8re ou d'une autre dans l'infraction ou la situation dont il se plaint.<\/li><li><strong>Motif valable de la plainte :<\/strong>\u00a0le plaignant doit avoir une raison valable de croire que l'accus\u00e9 n'est pas poursuivi \u00e0 tort. Cette raison peut \u00eatre fond\u00e9e, par exemple, sur de nouvelles preuves ou sur un manquement juridique dans la d\u00e9cision de ne pas poursuivre.<\/li><li><strong>D\u00e9lais : <\/strong>votre plainte doit \u00eatre d\u00e9pos\u00e9e aupr\u00e8s du tribunal dans le d\u00e9lai imparti. Ce d\u00e9lai peut varier de plusieurs semaines. En contactant nos avocats, vous pourrez obtenir une estimation de la dur\u00e9e r\u00e9elle de ce d\u00e9lai.\u00a0\u00a0<\/li><\/ul>\t\t\t\t\t\t\t\t<\/div>\n\t\t\t\t<\/div>\n\t\t\t\t<div class=\"elementor-element elementor-element-b3d946d elementor-widget elementor-widget-spacer\" data-id=\"b3d946d\" data-element_type=\"widget\" data-e-type=\"widget\" data-widget_type=\"spacer.default\">\n\t\t\t\t<div class=\"elementor-widget-container\">\n\t\t\t\t\t\t\t<div class=\"elementor-spacer\">\n\t\t\t<div class=\"elementor-spacer-inner\"><\/div>\n\t\t<\/div>\n\t\t\t\t\t\t<\/div>\n\t\t\t\t<\/div>\n\t\t\t\t<div class=\"elementor-element elementor-element-18d1c8b elementor-widget elementor-widget-heading\" data-id=\"18d1c8b\" data-element_type=\"widget\" data-e-type=\"widget\" data-widget_type=\"heading.default\">\n\t\t\t\t<div class=\"elementor-widget-container\">\n\t\t\t\t\t<h3 class=\"elementor-heading-title elementor-size-default\">Plainte<\/h3>\t\t\t\t<\/div>\n\t\t\t\t<\/div>\n\t\t\t\t<div class=\"elementor-element elementor-element-086a8e2 color-scheme-inherit text-left elementor-widget elementor-widget-text-editor\" data-id=\"086a8e2\" data-element_type=\"widget\" data-e-type=\"widget\" data-widget_type=\"text-editor.default\">\n\t\t\t\t<div class=\"elementor-widget-container\">\n\t\t\t\t\t\t\t\t\t<p>Lors de la r\u00e9daction de la lettre de r\u00e9clamation, il est important d'inclure les informations n\u00e9cessaires. La r\u00e9daction d'une lettre de r\u00e9clamation professionnelle peut prendre beaucoup de temps et d'efforts. Il est judicieux de confier cette t\u00e2che \u00e0 un avocat afin d'\u00e9viter les erreurs et les retards inutiles.<\/p><p>Les informations n\u00e9cessaires qui doivent figurer dans une telle plainte sont les suivantes :<\/p><ul><li>Parquet et num\u00e9ro de mutation : num\u00e9ro attribu\u00e9 \u00e0 l'affaire par le procureur (num\u00e9ro du parquet) ou par la police (num\u00e9ro de mutation).<\/li><li>L'infraction p\u00e9nale : la personne qui, selon vous, doit \u00eatre poursuivie (le pr\u00e9venu).<\/li><li>Motif de la plainte : pourquoi vous n'\u00eates pas d'accord avec la d\u00e9cision du procureur.<\/li><li>Coordonn\u00e9es : vous devrez indiquer vos coordonn\u00e9es dans la plainte afin que la cour puisse vous contacter.<\/li><\/ul>\t\t\t\t\t\t\t\t<\/div>\n\t\t\t\t<\/div>\n\t\t\t\t<div class=\"elementor-element elementor-element-5db459c elementor-widget elementor-widget-spacer\" data-id=\"5db459c\" data-element_type=\"widget\" data-e-type=\"widget\" data-widget_type=\"spacer.default\">\n\t\t\t\t<div class=\"elementor-widget-container\">\n\t\t\t\t\t\t\t<div class=\"elementor-spacer\">\n\t\t\t<div class=\"elementor-spacer-inner\"><\/div>\n\t\t<\/div>\n\t\t\t\t\t\t<\/div>\n\t\t\t\t<\/div>\n\t\t\t\t<div class=\"elementor-element elementor-element-259a9bd elementor-widget elementor-widget-heading\" data-id=\"259a9bd\" data-element_type=\"widget\" data-e-type=\"widget\" data-widget_type=\"heading.default\">\n\t\t\t\t<div class=\"elementor-widget-container\">\n\t\t\t\t\t<h3 class=\"elementor-heading-title elementor-size-default\">Proc\u00e9dure de plainte <\/h3>\t\t\t\t<\/div>\n\t\t\t\t<\/div>\n\t\t\t\t<div class=\"elementor-element elementor-element-98cb9e4 color-scheme-inherit text-left elementor-widget elementor-widget-text-editor\" data-id=\"98cb9e4\" data-element_type=\"widget\" data-e-type=\"widget\" data-widget_type=\"text-editor.default\">\n\t\t\t\t<div class=\"elementor-widget-container\">\n\t\t\t\t\t\t\t\t\t<p>Pour introduire une proc\u00e9dure de r\u00e9clamation avec succ\u00e8s, plusieurs \u00e9tapes doivent \u00eatre suivies. Vous trouverez ci-dessous un aper\u00e7u du d\u00e9roulement d'une telle proc\u00e9dure :<\/p><ul><li><strong>D\u00e9poser une plainte<\/strong>: tout d'abord, comme expliqu\u00e9 pr\u00e9c\u00e9demment, la plainte doit \u00eatre envoy\u00e9e \u00e0 la cour d'appel, en pr\u00e9cisant les raisons pour lesquelles le suspect doit \u00eatre poursuivi.<\/li><li><strong>Inscription<\/strong>: la cour d'appel enregistrera la plainte et en enverra une copie \u00e0 l'avocat g\u00e9n\u00e9ral. Il s'agit d'un repr\u00e9sentant du minist\u00e8re public aupr\u00e8s d'une cour d'appel qui a un r\u00f4le similaire \u00e0 celui d'un procureur.<br \/>Examen de la plainte : la cour d'appel examine si vous devez fournir des explications suppl\u00e9mentaires lors d'une audience.<\/li><li><strong>Si\u00e8ge<\/strong>: apr\u00e8s examen de la plainte, vous serez convoqu\u00e9 \u00e0 une audience devant la chambre des plaintes. Au cours de l'audience, la chambre des plaintes examinera votre plainte et vous posera des questions \u00e0 ce sujet.<\/li><li><strong>D\u00e9cision<\/strong>: dans les six semaines suivant l'audience, la chambre des saisies prend une d\u00e9cision quant \u00e0 l'acceptation ou au rejet de la plainte. Si la d\u00e9cision est n\u00e9gative, le d\u00e9fendeur ne fera l'objet d'aucune poursuite. Si la plainte est accept\u00e9e, le procureur devra rouvrir le dossier et poursuivre le d\u00e9fendeur.<\/li><li><strong>Aucun recours possible<\/strong>: une fois cette d\u00e9cision prise, il ne sera plus possible de faire appel.<\/li><\/ul>\t\t\t\t\t\t\t\t<\/div>\n\t\t\t\t<\/div>\n\t\t\t\t<div class=\"elementor-element elementor-element-27f2c24 elementor-widget elementor-widget-spacer\" data-id=\"27f2c24\" data-element_type=\"widget\" data-e-type=\"widget\" data-widget_type=\"spacer.default\">\n\t\t\t\t<div class=\"elementor-widget-container\">\n\t\t\t\t\t\t\t<div class=\"elementor-spacer\">\n\t\t\t<div class=\"elementor-spacer-inner\"><\/div>\n\t\t<\/div>\n\t\t\t\t\t\t<\/div>\n\t\t\t\t<\/div>\n\t\t\t\t<div class=\"elementor-element elementor-element-db3f046 elementor-widget elementor-widget-heading\" data-id=\"db3f046\" data-element_type=\"widget\" data-e-type=\"widget\" data-widget_type=\"heading.default\">\n\t\t\t\t<div class=\"elementor-widget-container\">\n\t\t\t\t\t<h3 class=\"elementor-heading-title elementor-size-default\">Plainte et non poursuite de l'avocat<\/h3>\t\t\t\t<\/div>\n\t\t\t\t<\/div>\n\t\t\t\t<div class=\"elementor-element elementor-element-90baef2 color-scheme-inherit text-left elementor-widget elementor-widget-text-editor\" data-id=\"90baef2\" data-element_type=\"widget\" data-e-type=\"widget\" data-widget_type=\"text-editor.default\">\n\t\t\t\t<div class=\"elementor-widget-container\">\n\t\t\t\t\t\t\t\t\t<p>Si vous avez des probl\u00e8mes avec une personne qui n'est pas poursuivie, ou si des plaintes ont \u00e9t\u00e9 d\u00e9pos\u00e9es contre vous, il est conseill\u00e9 de demander l'aide d'un avocat exp\u00e9riment\u00e9 afin de gagner un temps pr\u00e9cieux.<\/p><p>Au cabinet d'avocats Der Bedrosian, nous avons <a title=\"avocats sp\u00e9cialis\u00e9s plainte et non poursuite\" href=\"https:\/\/www.derbedrosian.nl\/fr\/avocats\/\">avocats sp\u00e9cialis\u00e9s<\/a> avec une grande exp\u00e9rience dans le domaine de la<a href=\"https:\/\/www.derbedrosian.nl\/fr\/juridictions\/droit-penal\/\"> droit p\u00e9nal<\/a> et peut donc vous aider, par exemple, \u00e0 d\u00e9poser votre plainte.<\/p><p>N'h\u00e9sitez donc pas \u00e0 nous contacter afin que l'un de nos avocats puisse vous aider dans votre dossier le plus rapidement possible.<\/p>\t\t\t\t\t\t\t\t<\/div>\n\t\t\t\t<\/div>\n\t\t\t\t\t<\/div>\n\t\t\t\t<\/div>\n\t\t\t\t<\/div>","protected":false},"excerpt":{"rendered":"<p>d\u00e9poser une plainte plainte non-lieu d\u00e9lai plainte non-lieu proc\u00e9dure de plainte avocat article 12 sv proc\u00e9dure avocat droit p\u00e9nal enschede plaintes contre<\/p>","protected":false},"author":1,"featured_media":0,"parent":10047,"menu_order":0,"comment_status":"closed","ping_status":"closed","template":"","meta":{"footnotes":""},"class_list":["post-10455","page","type-page","status-publish","hentry"],"_links":{"self":[{"href":"https:\/\/www.derbedrosian.nl\/fr\/wp-json\/wp\/v2\/pages\/10455","targetHints":{"allow":["GET"]}}],"collection":[{"href":"https:\/\/www.derbedrosian.nl\/fr\/wp-json\/wp\/v2\/pages"}],"about":[{"href":"https:\/\/www.derbedrosian.nl\/fr\/wp-json\/wp\/v2\/types\/page"}],"author":[{"embeddable":true,"href":"https:\/\/www.derbedrosian.nl\/fr\/wp-json\/wp\/v2\/users\/1"}],"replies":[{"embeddable":true,"href":"https:\/\/www.derbedrosian.nl\/fr\/wp-json\/wp\/v2\/comments?post=10455"}],"version-history":[{"count":0,"href":"https:\/\/www.derbedrosian.nl\/fr\/wp-json\/wp\/v2\/pages\/10455\/revisions"}],"up":[{"embeddable":true,"href":"https:\/\/www.derbedrosian.nl\/fr\/wp-json\/wp\/v2\/pages\/10047"}],"wp:attachment":[{"href":"https:\/\/www.derbedrosian.nl\/fr\/wp-json\/wp\/v2\/media?parent=10455"}],"curies":[{"name":"wp","href":"https:\/\/api.w.org\/{rel}","templated":true}]}}