{"id":10393,"date":"2023-05-25T11:32:24","date_gmt":"2023-05-25T09:32:24","guid":{"rendered":"https:\/\/derbedrosian.nl\/?page_id=10393"},"modified":"2025-12-20T18:06:28","modified_gmt":"2025-12-20T16:06:28","slug":"declaration-relative-aux-cookies","status":"publish","type":"page","link":"https:\/\/www.derbedrosian.nl\/fr\/cookieverklaring\/","title":{"rendered":"D\u00e9claration de cookie"},"content":{"rendered":"<div data-elementor-type=\"wp-page\" data-elementor-id=\"10393\" class=\"elementor elementor-10393\" data-elementor-post-type=\"page\">\n\t\t\t\t<div class=\"wd-negative-gap elementor-element elementor-element-60cc3e8 wd-section-stretch e-flex e-con-boxed e-con e-parent\" data-id=\"60cc3e8\" data-element_type=\"container\" data-e-type=\"container\" data-settings=\"{&quot;background_background&quot;:&quot;gradient&quot;}\">\n\t\t\t\t\t<div class=\"e-con-inner\">\n\t\t<div class=\"elementor-element elementor-element-c5b2166 e-con-full e-flex e-con e-child\" data-id=\"c5b2166\" data-element_type=\"container\" data-e-type=\"container\">\n\t\t\t\t<div class=\"elementor-element elementor-element-db0df80 elementor-hidden-tablet elementor-hidden-mobile wd-el-breadcrumbs text-left elementor-widget elementor-widget-wd_element_breadcrumbs\" data-id=\"db0df80\" data-element_type=\"widget\" data-e-type=\"widget\" data-widget_type=\"wd_element_breadcrumbs.default\">\n\t\t\t\t<div class=\"elementor-widget-container\">\n\t\t\t\t\t<nav class=\"wd-breadcrumbs\"><a href=\"https:\/\/www.derbedrosian.nl\/fr\/\">Accueil<\/a><span class=\"wd-delimiter\"><\/span><span class=\"wd-last\">Page<\/span><\/nav>\t\t\t\t<\/div>\n\t\t\t\t<\/div>\n\t\t\t\t<\/div>\n\t\t<div class=\"elementor-element elementor-element-83a4fe8 e-con-full e-flex e-con e-child\" data-id=\"83a4fe8\" data-element_type=\"container\" data-e-type=\"container\">\n\t\t\t\t<div class=\"elementor-element elementor-element-006c6cb elementor-widget-tablet__width-initial elementor-widget-mobile__width-inherit text-balance color-scheme-inherit text-left elementor-widget elementor-widget-text-editor\" data-id=\"006c6cb\" data-element_type=\"widget\" data-e-type=\"widget\" data-widget_type=\"text-editor.default\">\n\t\t\t\t<div class=\"elementor-widget-container\">\n\t\t\t\t\t\t\t\t\t<p>Der Bedrosian dispose d'avocats sp\u00e9cialis\u00e9s. Contactez-nous en cas d'urgence.<\/p>\t\t\t\t\t\t\t\t<\/div>\n\t\t\t\t<\/div>\n\t\t\t\t<div class=\"elementor-element elementor-element-3051c16 elementor-align-left btn-cta elementor-widget elementor-widget-button\" data-id=\"3051c16\" data-element_type=\"widget\" data-e-type=\"widget\" data-widget_type=\"button.default\">\n\t\t\t\t<div class=\"elementor-widget-container\">\n\t\t\t\t\t\t\t\t\t<div class=\"elementor-button-wrapper\">\n\t\t\t\t\t<a class=\"elementor-button elementor-button-link elementor-size-sm\" href=\"https:\/\/www.derbedrosian.nl\/fr\/contact\/\" alt=\"contact strafrecht advocaat\">\n\t\t\t\t\t\t<span class=\"elementor-button-content-wrapper\">\n\t\t\t\t\t\t<span class=\"elementor-button-icon\">\n\t\t\t\t<svg aria-hidden=\"true\" class=\"e-font-icon-svg e-fas-long-arrow-alt-down\" viewbox=\"0 0 256 512\" xmlns=\"http:\/\/www.w3.org\/2000\/svg\"><path d=\"M168 345.941V44c0-6.627-5.373-12-12-12h-56c-6.627 0-12 5.373-12 12v301.941H41.941c-21.382 0-32.09 25.851-16.971 40.971l86.059 86.059c9.373 9.373 24.569 9.373 33.941 0l86.059-86.059c15.119-15.119 4.411-40.971-16.971-40.971H168z\"><\/path><\/svg>\t\t\t<\/span>\n\t\t\t\t\t\t\t\t\t<span class=\"elementor-button-text\">Recevez des conseils sans engagement<\/span>\n\t\t\t\t\t<\/span>\n\t\t\t\t\t<\/a>\n\t\t\t\t<\/div>\n\t\t\t\t\t\t\t\t<\/div>\n\t\t\t\t<\/div>\n\t\t\t\t<\/div>\n\t\t\t\t\t<\/div>\n\t\t\t\t<\/div>\n\t\t<div class=\"wd-negative-gap elementor-element elementor-element-d643111 wd-section-stretch e-flex e-con-boxed e-con e-parent\" data-id=\"d643111\" data-element_type=\"container\" data-e-type=\"container\">\n\t\t\t\t\t<div class=\"e-con-inner\">\n\t\t\t\t<div class=\"elementor-element elementor-element-4202d0d elementor-widget elementor-widget-heading\" data-id=\"4202d0d\" data-element_type=\"widget\" data-e-type=\"widget\" data-widget_type=\"heading.default\">\n\t\t\t\t<div class=\"elementor-widget-container\">\n\t\t\t\t\t<h3 class=\"elementor-heading-title elementor-size-default\">Introduction<\/h3>\t\t\t\t<\/div>\n\t\t\t\t<\/div>\n\t\t\t\t<div class=\"elementor-element elementor-element-b4b45a7 color-scheme-inherit text-left elementor-widget elementor-widget-text-editor\" data-id=\"b4b45a7\" data-element_type=\"widget\" data-e-type=\"widget\" data-widget_type=\"text-editor.default\">\n\t\t\t\t<div class=\"elementor-widget-container\">\n\t\t\t\t\t\t\t\t\t<p>Ce document a pour but d'informer les utilisateurs sur les technologies utilis\u00e9es par ce site Web pour atteindre les objectifs d\u00e9crits ci-dessous. Ces technologies permettent au propri\u00e9taire d'obtenir et de stocker des informations, par exemple au moyen de cookies, ou d'utiliser des moyens, tels que l'ex\u00e9cution de scripts, sur l'appareil de l'utilisateur lorsque celui-ci interagit avec ce site web. Par souci de simplification, toutes ces technologies sont appel\u00e9es \u201ctraceurs\u201d dans le pr\u00e9sent document, \u00e0 moins qu'il n'y ait une raison sp\u00e9cifique de les diff\u00e9rencier. Bien que les cookies puissent \u00eatre utilis\u00e9s \u00e0 la fois sur les navigateurs web et mobiles, il serait inexact d'y faire r\u00e9f\u00e9rence dans le contexte des applications mobiles, puisqu'il s'agit d'un traceur bas\u00e9 sur un navigateur. C'est pourquoi le terme \u201ccookies\u201d n'est utilis\u00e9 dans le pr\u00e9sent document que lorsqu'il se r\u00e9f\u00e8re sp\u00e9cifiquement \u00e0 ce type de traceur. Certains objectifs pour lesquels les traceurs sont utilis\u00e9s peuvent n\u00e9cessiter le consentement de l'utilisateur. Lorsqu'un tel consentement est donn\u00e9, il peut \u00eatre librement retir\u00e9 \u00e0 tout moment, en suivant les instructions donn\u00e9es dans ce document. Ce site Web utilise des traceurs g\u00e9r\u00e9s directement par le propri\u00e9taire (commun\u00e9ment appel\u00e9s traceurs \u201cfirst-party\u201d) ainsi que des traceurs qui permettent l'utilisation de services tiers (commun\u00e9ment appel\u00e9s traceurs \u201cthird-party\u201d). Sauf indication contraire dans le pr\u00e9sent document, les fournisseurs tiers peuvent acc\u00e9der aux traceurs qu'ils g\u00e8rent et les utiliser. Les p\u00e9riodes de validit\u00e9 et d'expiration des cookies et autres traceurs similaires peuvent varier en fonction de la dur\u00e9e de vie fix\u00e9e par le propri\u00e9taire ou le fournisseur concern\u00e9. Certains de ces traceurs peuvent expirer apr\u00e8s la fin de la session de navigation de l'utilisateur. Outre les informations fournies dans chacune des cat\u00e9gories ci-dessous, les utilisateurs peuvent trouver des informations plus sp\u00e9cifiques et plus r\u00e9centes sur la sp\u00e9cification de la dur\u00e9e de vie, ainsi que d'autres informations pertinentes - telles que la pr\u00e9sence d'autres traceurs - dans les politiques de confidentialit\u00e9 des tiers respectifs ou en contactant le propri\u00e9taire.<\/p>\t\t\t\t\t\t\t\t<\/div>\n\t\t\t\t<\/div>\n\t\t\t\t<div class=\"elementor-element elementor-element-cae2f88 elementor-widget elementor-widget-spacer\" data-id=\"cae2f88\" data-element_type=\"widget\" data-e-type=\"widget\" data-widget_type=\"spacer.default\">\n\t\t\t\t<div class=\"elementor-widget-container\">\n\t\t\t\t\t\t\t<div class=\"elementor-spacer\">\n\t\t\t<div class=\"elementor-spacer-inner\"><\/div>\n\t\t<\/div>\n\t\t\t\t\t\t<\/div>\n\t\t\t\t<\/div>\n\t\t\t\t<div class=\"elementor-element elementor-element-d90850a elementor-widget elementor-widget-html\" data-id=\"d90850a\" data-element_type=\"widget\" data-e-type=\"widget\" data-widget_type=\"html.default\">\n\t\t\t\t<div class=\"elementor-widget-container\">\n\t\t\t\t\t<div id=\"cookiefirst-policy-page\"><\/div>\t\t\t\t<\/div>\n\t\t\t\t<\/div>\n\t\t\t\t<div class=\"elementor-element elementor-element-c8361c5 elementor-widget elementor-widget-html\" data-id=\"c8361c5\" data-element_type=\"widget\" data-e-type=\"widget\" data-widget_type=\"html.default\">\n\t\t\t\t<div class=\"elementor-widget-container\">\n\t\t\t\t\t<div id=\"cookiefirst-cookies-table\"><\/div>\t\t\t\t<\/div>\n\t\t\t\t<\/div>\n\t\t\t\t\t<\/div>\n\t\t\t\t<\/div>\n\t\t\t\t<\/div>","protected":false},"excerpt":{"rendered":"<p>HomePage Der Bedrosian dispose d'avocats sp\u00e9cialis\u00e9s. N'h\u00e9sitez pas \u00e0 nous contacter en cas d'urgence. Recevoir des conseils sans obligation Introduction Ce document est destin\u00e9 \u00e0<\/p>","protected":false},"author":1,"featured_media":0,"parent":0,"menu_order":22,"comment_status":"closed","ping_status":"closed","template":"","meta":{"footnotes":""},"class_list":["post-10393","page","type-page","status-publish","hentry"],"_links":{"self":[{"href":"https:\/\/www.derbedrosian.nl\/fr\/wp-json\/wp\/v2\/pages\/10393","targetHints":{"allow":["GET"]}}],"collection":[{"href":"https:\/\/www.derbedrosian.nl\/fr\/wp-json\/wp\/v2\/pages"}],"about":[{"href":"https:\/\/www.derbedrosian.nl\/fr\/wp-json\/wp\/v2\/types\/page"}],"author":[{"embeddable":true,"href":"https:\/\/www.derbedrosian.nl\/fr\/wp-json\/wp\/v2\/users\/1"}],"replies":[{"embeddable":true,"href":"https:\/\/www.derbedrosian.nl\/fr\/wp-json\/wp\/v2\/comments?post=10393"}],"version-history":[{"count":0,"href":"https:\/\/www.derbedrosian.nl\/fr\/wp-json\/wp\/v2\/pages\/10393\/revisions"}],"wp:attachment":[{"href":"https:\/\/www.derbedrosian.nl\/fr\/wp-json\/wp\/v2\/media?parent=10393"}],"curies":[{"name":"wp","href":"https:\/\/api.w.org\/{rel}","templated":true}]}}