{"id":10198,"date":"2023-05-24T12:43:51","date_gmt":"2023-05-24T10:43:51","guid":{"rendered":"https:\/\/derbedrosian.nl\/?page_id=10198"},"modified":"2025-12-20T16:59:56","modified_gmt":"2025-12-20T14:59:56","slug":"mecanisme-de-reclamation","status":"publish","type":"page","link":"https:\/\/www.derbedrosian.nl\/fr\/klachtenregeling\/","title":{"rendered":"Syst\u00e8me de plaintes"},"content":{"rendered":"<div data-elementor-type=\"wp-page\" data-elementor-id=\"10198\" class=\"elementor elementor-10198\" data-elementor-post-type=\"page\">\n\t\t\t\t<div class=\"wd-negative-gap elementor-element elementor-element-2c3948c wd-section-stretch e-flex e-con-boxed e-con e-parent\" data-id=\"2c3948c\" data-element_type=\"container\" data-e-type=\"container\" data-settings=\"{&quot;background_background&quot;:&quot;gradient&quot;}\">\n\t\t\t\t\t<div class=\"e-con-inner\">\n\t\t<div class=\"elementor-element elementor-element-de22118 e-con-full e-flex e-con e-child\" data-id=\"de22118\" data-element_type=\"container\" data-e-type=\"container\">\n\t\t\t\t<div class=\"elementor-element elementor-element-89ce566 elementor-hidden-tablet elementor-hidden-mobile wd-el-breadcrumbs text-left elementor-widget elementor-widget-wd_element_breadcrumbs\" data-id=\"89ce566\" data-element_type=\"widget\" data-e-type=\"widget\" data-widget_type=\"wd_element_breadcrumbs.default\">\n\t\t\t\t<div class=\"elementor-widget-container\">\n\t\t\t\t\t<nav class=\"wd-breadcrumbs\"><a href=\"https:\/\/www.derbedrosian.nl\/fr\/\">Accueil<\/a><span class=\"wd-delimiter\"><\/span><span class=\"wd-last\">Page<\/span><\/nav>\t\t\t\t<\/div>\n\t\t\t\t<\/div>\n\t\t\t\t<\/div>\n\t\t<div class=\"elementor-element elementor-element-2b91bf8 e-con-full e-flex e-con e-child\" data-id=\"2b91bf8\" data-element_type=\"container\" data-e-type=\"container\">\n\t\t\t\t<div class=\"elementor-element elementor-element-13db396 elementor-widget-tablet__width-initial elementor-widget-mobile__width-inherit text-balance color-scheme-inherit text-left elementor-widget elementor-widget-text-editor\" data-id=\"13db396\" data-element_type=\"widget\" data-e-type=\"widget\" data-widget_type=\"text-editor.default\">\n\t\t\t\t<div class=\"elementor-widget-container\">\n\t\t\t\t\t\t\t\t\t<p>Der Bedrosian dispose d'avocats sp\u00e9cialis\u00e9s. Contactez-nous en cas d'urgence.<\/p>\t\t\t\t\t\t\t\t<\/div>\n\t\t\t\t<\/div>\n\t\t\t\t<div class=\"elementor-element elementor-element-df7c59c elementor-align-left btn-cta elementor-widget elementor-widget-button\" data-id=\"df7c59c\" data-element_type=\"widget\" data-e-type=\"widget\" data-widget_type=\"button.default\">\n\t\t\t\t<div class=\"elementor-widget-container\">\n\t\t\t\t\t\t\t\t\t<div class=\"elementor-button-wrapper\">\n\t\t\t\t\t<a class=\"elementor-button elementor-button-link elementor-size-sm\" href=\"https:\/\/www.derbedrosian.nl\/fr\/contact\/\" alt=\"contact strafrecht advocaat\">\n\t\t\t\t\t\t<span class=\"elementor-button-content-wrapper\">\n\t\t\t\t\t\t<span class=\"elementor-button-icon\">\n\t\t\t\t<svg aria-hidden=\"true\" class=\"e-font-icon-svg e-fas-long-arrow-alt-down\" viewbox=\"0 0 256 512\" xmlns=\"http:\/\/www.w3.org\/2000\/svg\"><path d=\"M168 345.941V44c0-6.627-5.373-12-12-12h-56c-6.627 0-12 5.373-12 12v301.941H41.941c-21.382 0-32.09 25.851-16.971 40.971l86.059 86.059c9.373 9.373 24.569 9.373 33.941 0l86.059-86.059c15.119-15.119 4.411-40.971-16.971-40.971H168z\"><\/path><\/svg>\t\t\t<\/span>\n\t\t\t\t\t\t\t\t\t<span class=\"elementor-button-text\">Recevez des conseils sans engagement<\/span>\n\t\t\t\t\t<\/span>\n\t\t\t\t\t<\/a>\n\t\t\t\t<\/div>\n\t\t\t\t\t\t\t\t<\/div>\n\t\t\t\t<\/div>\n\t\t\t\t<\/div>\n\t\t\t\t\t<\/div>\n\t\t\t\t<\/div>\n\t\t<div class=\"wd-negative-gap elementor-element elementor-element-f3c1a1b wd-section-stretch e-flex e-con-boxed e-con e-parent\" data-id=\"f3c1a1b\" data-element_type=\"container\" data-e-type=\"container\">\n\t\t\t\t\t<div class=\"e-con-inner\">\n\t\t\t\t<div class=\"elementor-element elementor-element-3b125dd color-scheme-inherit text-left elementor-widget elementor-widget-text-editor\" data-id=\"3b125dd\" data-element_type=\"widget\" data-e-type=\"widget\" data-widget_type=\"text-editor.default\">\n\t\t\t\t<div class=\"elementor-widget-container\">\n\t\t\t\t\t\t\t\t\t<p>Proc\u00e9dure de r\u00e9clamation du cabinet d'avocats Der Bedrosian telle que d\u00e9finie \u00e0 l'article 6.28 du Voda.<\/p>\t\t\t\t\t\t\t\t<\/div>\n\t\t\t\t<\/div>\n\t\t\t\t<div class=\"elementor-element elementor-element-9ee84c9 elementor-widget elementor-widget-spacer\" data-id=\"9ee84c9\" data-element_type=\"widget\" data-e-type=\"widget\" data-widget_type=\"spacer.default\">\n\t\t\t\t<div class=\"elementor-widget-container\">\n\t\t\t\t\t\t\t<div class=\"elementor-spacer\">\n\t\t\t<div class=\"elementor-spacer-inner\"><\/div>\n\t\t<\/div>\n\t\t\t\t\t\t<\/div>\n\t\t\t\t<\/div>\n\t\t\t\t<div class=\"elementor-element elementor-element-e534e5f elementor-widget elementor-widget-heading\" data-id=\"e534e5f\" data-element_type=\"widget\" data-e-type=\"widget\" data-widget_type=\"heading.default\">\n\t\t\t\t<div class=\"elementor-widget-container\">\n\t\t\t\t\t<h3 class=\"elementor-heading-title elementor-size-default\">Article 1 - D\u00e9finitions<\/h3>\t\t\t\t<\/div>\n\t\t\t\t<\/div>\n\t\t\t\t<div class=\"elementor-element elementor-element-d27227f color-scheme-inherit text-left elementor-widget elementor-widget-text-editor\" data-id=\"d27227f\" data-element_type=\"widget\" data-e-type=\"widget\" data-widget_type=\"text-editor.default\">\n\t\t\t\t<div class=\"elementor-widget-container\">\n\t\t\t\t\t\t\t\t\t<p>Les d\u00e9finitions suivantes s'appliquent au pr\u00e9sent syst\u00e8me de plaintes contre l'office :<\/p><ul><li><em>plainte :<\/em> toute expression \u00e9crite d'insatisfaction par ou au nom du client \u00e0 l'\u00e9gard de l'avocat ou des personnes travaillant sous sa responsabilit\u00e9 concernant la conclusion et l'ex\u00e9cution d'un contrat de services, la qualit\u00e9 des services ou le montant des honoraires, \u00e0 l'exclusion des plaintes vis\u00e9es \u00e0 l'article 4 de la loi sur les avocats ;<\/li><li><em>plaignant :<\/em> le client ou son repr\u00e9sentant qui d\u00e9pose une plainte ;<\/li><li><em>responsable des plaintes : <\/em>l'avocat charg\u00e9 de traiter la plainte ;<\/li><\/ul>\t\t\t\t\t\t\t\t<\/div>\n\t\t\t\t<\/div>\n\t\t\t\t<div class=\"elementor-element elementor-element-70b7edf elementor-widget elementor-widget-spacer\" data-id=\"70b7edf\" data-element_type=\"widget\" data-e-type=\"widget\" data-widget_type=\"spacer.default\">\n\t\t\t\t<div class=\"elementor-widget-container\">\n\t\t\t\t\t\t\t<div class=\"elementor-spacer\">\n\t\t\t<div class=\"elementor-spacer-inner\"><\/div>\n\t\t<\/div>\n\t\t\t\t\t\t<\/div>\n\t\t\t\t<\/div>\n\t\t\t\t<div class=\"elementor-element elementor-element-a3ba184 elementor-widget elementor-widget-heading\" data-id=\"a3ba184\" data-element_type=\"widget\" data-e-type=\"widget\" data-widget_type=\"heading.default\">\n\t\t\t\t<div class=\"elementor-widget-container\">\n\t\t\t\t\t<h3 class=\"elementor-heading-title elementor-size-default\">Article 2 - Champ d'application<\/h3>\t\t\t\t<\/div>\n\t\t\t\t<\/div>\n\t\t\t\t<div class=\"elementor-element elementor-element-0e11f4a color-scheme-inherit text-left elementor-widget elementor-widget-text-editor\" data-id=\"0e11f4a\" data-element_type=\"widget\" data-e-type=\"widget\" data-widget_type=\"text-editor.default\">\n\t\t\t\t<div class=\"elementor-widget-container\">\n\t\t\t\t\t\t\t\t\t<ol><li>Ce syst\u00e8me de plainte s'applique \u00e0 tout contrat de mission entre l'avocat et le client.<\/li><li>L'avocat assure le traitement des plaintes conform\u00e9ment au syst\u00e8me de plaintes du cabinet.<\/li><\/ol>\t\t\t\t\t\t\t\t<\/div>\n\t\t\t\t<\/div>\n\t\t\t\t<div class=\"elementor-element elementor-element-6fcbfb1 elementor-widget elementor-widget-spacer\" data-id=\"6fcbfb1\" data-element_type=\"widget\" data-e-type=\"widget\" data-widget_type=\"spacer.default\">\n\t\t\t\t<div class=\"elementor-widget-container\">\n\t\t\t\t\t\t\t<div class=\"elementor-spacer\">\n\t\t\t<div class=\"elementor-spacer-inner\"><\/div>\n\t\t<\/div>\n\t\t\t\t\t\t<\/div>\n\t\t\t\t<\/div>\n\t\t\t\t<div class=\"elementor-element elementor-element-906f0ad elementor-widget elementor-widget-heading\" data-id=\"906f0ad\" data-element_type=\"widget\" data-e-type=\"widget\" data-widget_type=\"heading.default\">\n\t\t\t\t<div class=\"elementor-widget-container\">\n\t\t\t\t\t<h3 class=\"elementor-heading-title elementor-size-default\">Article 3 - Objectifs\n<\/h3>\t\t\t\t<\/div>\n\t\t\t\t<\/div>\n\t\t\t\t<div class=\"elementor-element elementor-element-4d34abc color-scheme-inherit text-left elementor-widget elementor-widget-text-editor\" data-id=\"4d34abc\" data-element_type=\"widget\" data-e-type=\"widget\" data-widget_type=\"text-editor.default\">\n\t\t\t\t<div class=\"elementor-widget-container\">\n\t\t\t\t\t\t\t\t\t<p>L'objectif de ce syst\u00e8me de plainte est de :<\/p><ol style=\"list-style: upper-alpha;\"><li>\u00c9tablir une proc\u00e9dure pour traiter de mani\u00e8re constructive les plaintes des clients dans un d\u00e9lai raisonnable ;<\/li><li>Mise en place d'une proc\u00e9dure d'identification des causes des plaintes des clients ;<\/li><li>maintenir et am\u00e9liorer les relations existantes en traitant correctement les plaintes ;<\/li><li>former le personnel \u00e0 une r\u00e9ponse aux plaintes centr\u00e9e sur le client ;<\/li><li>Am\u00e9liorer la qualit\u00e9 du service par le traitement et l'analyse des plaintes.<\/li><\/ol>\t\t\t\t\t\t\t\t<\/div>\n\t\t\t\t<\/div>\n\t\t\t\t<div class=\"elementor-element elementor-element-f0b23b2 elementor-widget elementor-widget-spacer\" data-id=\"f0b23b2\" data-element_type=\"widget\" data-e-type=\"widget\" data-widget_type=\"spacer.default\">\n\t\t\t\t<div class=\"elementor-widget-container\">\n\t\t\t\t\t\t\t<div class=\"elementor-spacer\">\n\t\t\t<div class=\"elementor-spacer-inner\"><\/div>\n\t\t<\/div>\n\t\t\t\t\t\t<\/div>\n\t\t\t\t<\/div>\n\t\t\t\t<div class=\"elementor-element elementor-element-19a1f20 elementor-widget elementor-widget-heading\" data-id=\"19a1f20\" data-element_type=\"widget\" data-e-type=\"widget\" data-widget_type=\"heading.default\">\n\t\t\t\t<div class=\"elementor-widget-container\">\n\t\t\t\t\t<h3 class=\"elementor-heading-title elementor-size-default\">Article 4 - Information au d\u00e9but de la prestation de services\n<\/h3>\t\t\t\t<\/div>\n\t\t\t\t<\/div>\n\t\t\t\t<div class=\"elementor-element elementor-element-2ceb748 color-scheme-inherit text-left elementor-widget elementor-widget-text-editor\" data-id=\"2ceb748\" data-element_type=\"widget\" data-e-type=\"widget\" data-widget_type=\"text-editor.default\">\n\t\t\t\t<div class=\"elementor-widget-container\">\n\t\t\t\t\t\t\t\t\t<ol><li>Ce syst\u00e8me de r\u00e9clamation a \u00e9t\u00e9 rendu public. Avant de conclure le contrat de services, l'avocat doit informer le client qu'il dispose d'un syst\u00e8me de plaintes professionnelles et qu'il s'applique aux services fournis.<\/li><li>L'avocat a inclus dans le contrat de mission via les conditions g\u00e9n\u00e9rales la partie ou l'organisme ind\u00e9pendant auquel une plainte qui n'est pas r\u00e9solue apr\u00e8s traitement peut \u00eatre soumise pour obtenir une d\u00e9cision contraignante et l'a fait savoir dans la confirmation de la mission.<\/li><li>Les plaintes vis\u00e9es \u00e0 l'article 1er du pr\u00e9sent r\u00e8glement qui ne sont pas r\u00e9solues apr\u00e8s traitement sont soumises \u00e0 un avis contraignant.<\/li><\/ol>\t\t\t\t\t\t\t\t<\/div>\n\t\t\t\t<\/div>\n\t\t\t\t<div class=\"elementor-element elementor-element-002676c elementor-widget elementor-widget-spacer\" data-id=\"002676c\" data-element_type=\"widget\" data-e-type=\"widget\" data-widget_type=\"spacer.default\">\n\t\t\t\t<div class=\"elementor-widget-container\">\n\t\t\t\t\t\t\t<div class=\"elementor-spacer\">\n\t\t\t<div class=\"elementor-spacer-inner\"><\/div>\n\t\t<\/div>\n\t\t\t\t\t\t<\/div>\n\t\t\t\t<\/div>\n\t\t\t\t<div class=\"elementor-element elementor-element-9c62260 elementor-widget elementor-widget-heading\" data-id=\"9c62260\" data-element_type=\"widget\" data-e-type=\"widget\" data-widget_type=\"heading.default\">\n\t\t\t\t<div class=\"elementor-widget-container\">\n\t\t\t\t\t<h3 class=\"elementor-heading-title elementor-size-default\">Article 5 - Proc\u00e9dure de r\u00e9clamation interne<\/h3>\t\t\t\t<\/div>\n\t\t\t\t<\/div>\n\t\t\t\t<div class=\"elementor-element elementor-element-f8daacc color-scheme-inherit text-left elementor-widget elementor-widget-text-editor\" data-id=\"f8daacc\" data-element_type=\"widget\" data-e-type=\"widget\" data-widget_type=\"text-editor.default\">\n\t\t\t\t<div class=\"elementor-widget-container\">\n\t\t\t\t\t\t\t\t\t<ol><li>Si un client s'adresse \u00e0 l'avocat pour d\u00e9poser une plainte, celle-ci sera transmise \u00e0 un autre avocat du cabinet, qui agira alors en tant que responsable des plaintes. Si cette personne n'existe pas, c'est Thomas Der Bedrosian qui fait office de responsable des plaintes.<\/li><li>Le responsable des plaintes notifie \u00e0 la personne faisant l'objet de la plainte le d\u00e9p\u00f4t de celle-ci et donne au plaignant et \u00e0 la personne faisant l'objet de la plainte la possibilit\u00e9 de s'expliquer.<\/li><li>La personne faisant l'objet d'une plainte tente de trouver une solution avec le client, que ce soit ou non apr\u00e8s l'intervention du responsable des plaintes.<\/li><li>Le responsable des plaintes r\u00e8gle la plainte dans un d\u00e9lai de quatre semaines \u00e0 compter de la r\u00e9ception de la plainte ou informe le plaignant de tout \u00e9cart par rapport \u00e0 ce d\u00e9lai, en indiquant le d\u00e9lai dans lequel un avis sur la plainte sera rendu.<\/li><li>Le responsable des plaintes notifie par \u00e9crit au plaignant et \u00e0 la personne vis\u00e9e par la plainte l'avis sur le bien-fond\u00e9 de la plainte, qu'il soit ou non assorti de recommandations.<\/li><li>Si la plainte est r\u00e9gl\u00e9e de mani\u00e8re satisfaisante, le plaignant, le responsable des plaintes et la personne vis\u00e9e par la plainte signent le jugement sur le bien-fond\u00e9 de la plainte.<\/li><\/ol>\t\t\t\t\t\t\t\t<\/div>\n\t\t\t\t<\/div>\n\t\t\t\t<div class=\"elementor-element elementor-element-9833dad elementor-widget elementor-widget-spacer\" data-id=\"9833dad\" data-element_type=\"widget\" data-e-type=\"widget\" data-widget_type=\"spacer.default\">\n\t\t\t\t<div class=\"elementor-widget-container\">\n\t\t\t\t\t\t\t<div class=\"elementor-spacer\">\n\t\t\t<div class=\"elementor-spacer-inner\"><\/div>\n\t\t<\/div>\n\t\t\t\t\t\t<\/div>\n\t\t\t\t<\/div>\n\t\t\t\t<div class=\"elementor-element elementor-element-629c851 elementor-widget elementor-widget-heading\" data-id=\"629c851\" data-element_type=\"widget\" data-e-type=\"widget\" data-widget_type=\"heading.default\">\n\t\t\t\t<div class=\"elementor-widget-container\">\n\t\t\t\t\t<h3 class=\"elementor-heading-title elementor-size-default\">Article 6 - Confidentialit\u00e9 et traitement gratuit des plaintes<\/h3>\t\t\t\t<\/div>\n\t\t\t\t<\/div>\n\t\t\t\t<div class=\"elementor-element elementor-element-64fb9ad color-scheme-inherit text-left elementor-widget elementor-widget-text-editor\" data-id=\"64fb9ad\" data-element_type=\"widget\" data-e-type=\"widget\" data-widget_type=\"text-editor.default\">\n\t\t\t\t<div class=\"elementor-widget-container\">\n\t\t\t\t\t\t\t\t\t<ol><li>Le responsable des plaintes et la personne faisant l'objet de la plainte respectent la confidentialit\u00e9 dans le traitement des plaintes.<\/li><li>Le plaignant n'est pas tenu de payer des frais pour le traitement de la plainte.<\/li><\/ol>\t\t\t\t\t\t\t\t<\/div>\n\t\t\t\t<\/div>\n\t\t\t\t<div class=\"elementor-element elementor-element-a4386c7 elementor-widget elementor-widget-spacer\" data-id=\"a4386c7\" data-element_type=\"widget\" data-e-type=\"widget\" data-widget_type=\"spacer.default\">\n\t\t\t\t<div class=\"elementor-widget-container\">\n\t\t\t\t\t\t\t<div class=\"elementor-spacer\">\n\t\t\t<div class=\"elementor-spacer-inner\"><\/div>\n\t\t<\/div>\n\t\t\t\t\t\t<\/div>\n\t\t\t\t<\/div>\n\t\t\t\t<div class=\"elementor-element elementor-element-42c7e68 elementor-widget elementor-widget-heading\" data-id=\"42c7e68\" data-element_type=\"widget\" data-e-type=\"widget\" data-widget_type=\"heading.default\">\n\t\t\t\t<div class=\"elementor-widget-container\">\n\t\t\t\t\t<h3 class=\"elementor-heading-title elementor-size-default\">Article 7 - Responsabilit\u00e9s<\/h3>\t\t\t\t<\/div>\n\t\t\t\t<\/div>\n\t\t\t\t<div class=\"elementor-element elementor-element-d909d71 color-scheme-inherit text-left elementor-widget elementor-widget-text-editor\" data-id=\"d909d71\" data-element_type=\"widget\" data-e-type=\"widget\" data-widget_type=\"text-editor.default\">\n\t\t\t\t<div class=\"elementor-widget-container\">\n\t\t\t\t\t\t\t\t\t<ol><li>Le responsable des plaintes est charg\u00e9 de la r\u00e9solution rapide de la plainte.<\/li><li>La personne faisant l'objet de la plainte tiendra le responsable des plaintes inform\u00e9 de tout contact et de toute r\u00e9solution possible.<\/li><li>Le responsable des plaintes tiendra le plaignant inform\u00e9 du traitement de la plainte.<\/li><li>Le responsable des plaintes conserve le dossier de plainte.<\/li><\/ol>\t\t\t\t\t\t\t\t<\/div>\n\t\t\t\t<\/div>\n\t\t\t\t<div class=\"elementor-element elementor-element-178ecee elementor-widget elementor-widget-spacer\" data-id=\"178ecee\" data-element_type=\"widget\" data-e-type=\"widget\" data-widget_type=\"spacer.default\">\n\t\t\t\t<div class=\"elementor-widget-container\">\n\t\t\t\t\t\t\t<div class=\"elementor-spacer\">\n\t\t\t<div class=\"elementor-spacer-inner\"><\/div>\n\t\t<\/div>\n\t\t\t\t\t\t<\/div>\n\t\t\t\t<\/div>\n\t\t\t\t<div class=\"elementor-element elementor-element-dc58579 elementor-widget elementor-widget-heading\" data-id=\"dc58579\" data-element_type=\"widget\" data-e-type=\"widget\" data-widget_type=\"heading.default\">\n\t\t\t\t<div class=\"elementor-widget-container\">\n\t\t\t\t\t<h3 class=\"elementor-heading-title elementor-size-default\">Article 8 - Enregistrement des plaintes<\/h3>\t\t\t\t<\/div>\n\t\t\t\t<\/div>\n\t\t\t\t<div class=\"elementor-element elementor-element-c6bd825 color-scheme-inherit text-left elementor-widget elementor-widget-text-editor\" data-id=\"c6bd825\" data-element_type=\"widget\" data-e-type=\"widget\" data-widget_type=\"text-editor.default\">\n\t\t\t\t<div class=\"elementor-widget-container\">\n\t\t\t\t\t\t\t\t\t<ol><li>Le responsable des plaintes enregistre la plainte en indiquant l'objet de la plainte.<\/li><li>Une plainte peut \u00eatre divis\u00e9e en plusieurs th\u00e8mes.<\/li><li>Le responsable des plaintes rend compte p\u00e9riodiquement du traitement des plaintes et formule des recommandations visant \u00e0 pr\u00e9venir de nouvelles plaintes et \u00e0 am\u00e9liorer les proc\u00e9dures.<\/li><li>Au moins une fois par an, les rapports et les recommandations sont discut\u00e9s au bureau et soumis pour d\u00e9cision.<\/li><\/ol>\t\t\t\t\t\t\t\t<\/div>\n\t\t\t\t<\/div>\n\t\t\t\t<div class=\"elementor-element elementor-element-e700f59 elementor-widget elementor-widget-spacer\" data-id=\"e700f59\" data-element_type=\"widget\" data-e-type=\"widget\" data-widget_type=\"spacer.default\">\n\t\t\t\t<div class=\"elementor-widget-container\">\n\t\t\t\t\t\t\t<div class=\"elementor-spacer\">\n\t\t\t<div class=\"elementor-spacer-inner\"><\/div>\n\t\t<\/div>\n\t\t\t\t\t\t<\/div>\n\t\t\t\t<\/div>\n\t\t\t\t<div class=\"elementor-element elementor-element-c66f003 color-scheme-inherit text-left elementor-widget elementor-widget-text-editor\" data-id=\"c66f003\" data-element_type=\"widget\" data-e-type=\"widget\" data-widget_type=\"text-editor.default\">\n\t\t\t\t<div class=\"elementor-widget-container\">\n\t\t\t\t\t\t\t\t\t<p>Le cas \u00e9ch\u00e9ant, la plainte sera \u00e9galement signal\u00e9e \u00e0 l'assureur responsabilit\u00e9 civile concern\u00e9.<\/p>\t\t\t\t\t\t\t\t<\/div>\n\t\t\t\t<\/div>\n\t\t\t\t<div class=\"elementor-element elementor-element-3fa7570 elementor-align-left elementor-widget elementor-widget-button\" data-id=\"3fa7570\" data-element_type=\"widget\" data-e-type=\"widget\" data-widget_type=\"button.default\">\n\t\t\t\t<div class=\"elementor-widget-container\">\n\t\t\t\t\t\t\t\t\t<div class=\"elementor-button-wrapper\">\n\t\t\t\t\t<a class=\"elementor-button elementor-button-link elementor-size-sm\" href=\"https:\/\/www.derbedrosian.nl\/wp-content\/uploads\/kantoor-klachtenregeling.pdf\" target=\"_blank\" alt=\"kantoorklachtenregeling advocatenkantoor der bedrosian\">\n\t\t\t\t\t\t<span class=\"elementor-button-content-wrapper\">\n\t\t\t\t\t\t<span class=\"elementor-button-icon\">\n\t\t\t\t<svg aria-hidden=\"true\" class=\"e-font-icon-svg e-far-file-pdf\" viewbox=\"0 0 384 512\" xmlns=\"http:\/\/www.w3.org\/2000\/svg\"><path d=\"M369.9 97.9L286 14C277 5 264.8-.1 252.1-.1H48C21.5 0 0 21.5 0 48v416c0 26.5 21.5 48 48 48h288c26.5 0 48-21.5 48-48V131.9c0-12.7-5.1-25-14.1-34zM332.1 128H256V51.9l76.1 76.1zM48 464V48h160v104c0 13.3 10.7 24 24 24h104v288H48zm250.2-143.7c-12.2-12-47-8.7-64.4-6.5-17.2-10.5-28.7-25-36.8-46.3 3.9-16.1 10.1-40.6 5.4-56-4.2-26.2-37.8-23.6-42.6-5.9-4.4 16.1-.4 38.5 7 67.1-10 23.9-24.9 56-35.4 74.4-20 10.3-47 26.2-51 46.2-3.3 15.8 26 55.2 76.1-31.2 22.4-7.4 46.8-16.5 68.4-20.1 18.9 10.2 41 17 55.8 17 25.5 0 28-28.2 17.5-38.7zm-198.1 77.8c5.1-13.7 24.5-29.5 30.4-35-19 30.3-30.4 35.7-30.4 35zm81.6-190.6c7.4 0 6.7 32.1 1.8 40.8-4.4-13.9-4.3-40.8-1.8-40.8zm-24.4 136.6c9.7-16.9 18-37 24.7-54.7 8.3 15.1 18.9 27.2 30.1 35.5-20.8 4.3-38.9 13.1-54.8 19.2zm131.6-5s-5 6-37.3-7.8c35.1-2.6 40.9 5.4 37.3 7.8z\"><\/path><\/svg>\t\t\t<\/span>\n\t\t\t\t\t\t\t\t\t<span class=\"elementor-button-text\">T\u00e9l\u00e9charger la proc\u00e9dure de r\u00e9clamation<\/span>\n\t\t\t\t\t<\/span>\n\t\t\t\t\t<\/a>\n\t\t\t\t<\/div>\n\t\t\t\t\t\t\t\t<\/div>\n\t\t\t\t<\/div>\n\t\t\t\t<div class=\"elementor-element elementor-element-3029daa color-scheme-inherit text-left elementor-widget elementor-widget-text-editor\" data-id=\"3029daa\" data-element_type=\"widget\" data-e-type=\"widget\" data-widget_type=\"text-editor.default\">\n\t\t\t\t<div class=\"elementor-widget-container\">\n\t\t\t\t\t\t\t\t\t<p>Derni\u00e8re mise \u00e0 jour : 21 juin 2023<\/p>\t\t\t\t\t\t\t\t<\/div>\n\t\t\t\t<\/div>\n\t\t\t\t\t<\/div>\n\t\t\t\t<\/div>\n\t\t\t\t<\/div>","protected":false},"excerpt":{"rendered":"<p>HomePage Der Bedrosian dispose d'avocats sp\u00e9cialis\u00e9s. Contactez-nous en cas d'urgence. Recevoir des conseils gratuits Proc\u00e9dure de r\u00e9clamation du bureau Cabinet d'avocats Der Bedrosian comme<\/p>","protected":false},"author":1,"featured_media":0,"parent":0,"menu_order":8,"comment_status":"closed","ping_status":"closed","template":"","meta":{"footnotes":""},"class_list":["post-10198","page","type-page","status-publish","hentry"],"_links":{"self":[{"href":"https:\/\/www.derbedrosian.nl\/fr\/wp-json\/wp\/v2\/pages\/10198","targetHints":{"allow":["GET"]}}],"collection":[{"href":"https:\/\/www.derbedrosian.nl\/fr\/wp-json\/wp\/v2\/pages"}],"about":[{"href":"https:\/\/www.derbedrosian.nl\/fr\/wp-json\/wp\/v2\/types\/page"}],"author":[{"embeddable":true,"href":"https:\/\/www.derbedrosian.nl\/fr\/wp-json\/wp\/v2\/users\/1"}],"replies":[{"embeddable":true,"href":"https:\/\/www.derbedrosian.nl\/fr\/wp-json\/wp\/v2\/comments?post=10198"}],"version-history":[{"count":0,"href":"https:\/\/www.derbedrosian.nl\/fr\/wp-json\/wp\/v2\/pages\/10198\/revisions"}],"wp:attachment":[{"href":"https:\/\/www.derbedrosian.nl\/fr\/wp-json\/wp\/v2\/media?parent=10198"}],"curies":[{"name":"wp","href":"https:\/\/api.w.org\/{rel}","templated":true}]}}