{"id":10841,"date":"2023-05-29T10:03:27","date_gmt":"2023-05-29T08:03:27","guid":{"rendered":"https:\/\/derbedrosian.nl\/?page_id=10841"},"modified":"2025-12-20T18:22:19","modified_gmt":"2025-12-20T16:22:19","slug":"perjurio","status":"publish","type":"page","link":"https:\/\/www.derbedrosian.nl\/es\/rechtsgebieden\/strafrecht\/meineed\/","title":{"rendered":"Perjurio"},"content":{"rendered":"<div data-elementor-type=\"wp-page\" data-elementor-id=\"10841\" class=\"elementor elementor-10841\" data-elementor-post-type=\"page\">\n\t\t\t\t<div class=\"wd-negative-gap elementor-element elementor-element-651a0a4 e-flex e-con-boxed e-con e-parent\" data-id=\"651a0a4\" data-element_type=\"container\" data-e-type=\"container\">\n\t\t\t\t\t<div class=\"e-con-inner\">\n\t\t\t\t<div class=\"elementor-element elementor-element-0ca4073 elementor-hidden-desktop elementor-hidden-tablet elementor-hidden-mobile elementor-widget elementor-widget-wd_image_or_svg\" data-id=\"0ca4073\" data-element_type=\"widget\" data-e-type=\"widget\" id=\"seo-word\" data-widget_type=\"wd_image_or_svg.default\">\n\t\t\t\t<div class=\"elementor-widget-container\">\n\t\t\t\t\t\n\t\t<div class=\"wd-image text-left\">\n\t\t\t\t\t\t\t\t<img loading=\"lazy\" decoding=\"async\" width=\"1000\" height=\"700\" src=\"https:\/\/www.derbedrosian.nl\/wp-content\/uploads\/rechtsgebieden-meineed.jpg\" class=\"attachment-full size-full\" alt=\"perjurio pena cometer art\u00edculo derecho penal abogado delito\" srcset=\"https:\/\/www.derbedrosian.nl\/wp-content\/uploads\/rechtsgebieden-meineed.jpg 1000w, https:\/\/www.derbedrosian.nl\/wp-content\/uploads\/rechtsgebieden-meineed-400x280.jpg 400w, https:\/\/www.derbedrosian.nl\/wp-content\/uploads\/rechtsgebieden-meineed-768x538.jpg 768w\" sizes=\"auto, (max-width: 1000px) 100vw, 1000px\" title=\"\">\t\t\t\t\t<\/div>\n\n\t\t\t\t\t\t<\/div>\n\t\t\t\t<\/div>\n\t\t\t\t<div class=\"elementor-element elementor-element-7920906 elementor-hidden-desktop elementor-hidden-tablet elementor-hidden-mobile elementor-widget elementor-widget-heading\" data-id=\"7920906\" data-element_type=\"widget\" data-e-type=\"widget\" id=\"seo-word\" data-widget_type=\"heading.default\">\n\t\t\t\t<div class=\"elementor-widget-container\">\n\t\t\t\t\t<h2 class=\"elementor-heading-title elementor-size-default\">perjurio qu\u00e9 es<\/h2>\t\t\t\t<\/div>\n\t\t\t\t<\/div>\n\t\t\t\t<div class=\"elementor-element elementor-element-c709174 elementor-hidden-desktop elementor-hidden-tablet elementor-hidden-mobile elementor-widget elementor-widget-heading\" data-id=\"c709174\" data-element_type=\"widget\" data-e-type=\"widget\" id=\"seo-word\" data-widget_type=\"heading.default\">\n\t\t\t\t<div class=\"elementor-widget-container\">\n\t\t\t\t\t<h5 class=\"elementor-heading-title elementor-size-default\">el perjurio es punible<\/h5>\t\t\t\t<\/div>\n\t\t\t\t<\/div>\n\t\t\t\t<div class=\"elementor-element elementor-element-56aea83 elementor-hidden-desktop elementor-hidden-tablet elementor-hidden-mobile elementor-widget elementor-widget-heading\" data-id=\"56aea83\" data-element_type=\"widget\" data-e-type=\"widget\" id=\"seo-word\" data-widget_type=\"heading.default\">\n\t\t\t\t<div class=\"elementor-widget-container\">\n\t\t\t\t\t<h5 class=\"elementor-heading-title elementor-size-default\">Abogado especializado en perjurio<\/h5>\t\t\t\t<\/div>\n\t\t\t\t<\/div>\n\t\t\t\t<div class=\"elementor-element elementor-element-2c2cd33 elementor-hidden-desktop elementor-hidden-tablet elementor-hidden-mobile elementor-widget elementor-widget-heading\" data-id=\"2c2cd33\" data-element_type=\"widget\" data-e-type=\"widget\" id=\"seo-word\" data-widget_type=\"heading.default\">\n\t\t\t\t<div class=\"elementor-widget-container\">\n\t\t\t\t\t<h5 class=\"elementor-heading-title elementor-size-default\">Pena por perjurio<\/h5>\t\t\t\t<\/div>\n\t\t\t\t<\/div>\n\t\t\t\t<div class=\"elementor-element elementor-element-d1dcecf elementor-hidden-desktop elementor-hidden-tablet elementor-hidden-mobile elementor-widget elementor-widget-heading\" data-id=\"d1dcecf\" data-element_type=\"widget\" data-e-type=\"widget\" id=\"seo-word\" data-widget_type=\"heading.default\">\n\t\t\t\t<div class=\"elementor-widget-container\">\n\t\t\t\t\t<h5 class=\"elementor-heading-title elementor-size-default\">cometer perjurio<\/h5>\t\t\t\t<\/div>\n\t\t\t\t<\/div>\n\t\t\t\t<div class=\"elementor-element elementor-element-f52e98d elementor-hidden-desktop elementor-hidden-tablet elementor-hidden-mobile elementor-widget elementor-widget-heading\" data-id=\"f52e98d\" data-element_type=\"widget\" data-e-type=\"widget\" id=\"seo-word\" data-widget_type=\"heading.default\">\n\t\t\t\t<div class=\"elementor-widget-container\">\n\t\t\t\t\t<h5 class=\"elementor-heading-title elementor-size-default\">pruebas de perjurio<\/h5>\t\t\t\t<\/div>\n\t\t\t\t<\/div>\n\t\t\t\t<div class=\"elementor-element elementor-element-38364df elementor-hidden-desktop elementor-hidden-tablet elementor-hidden-mobile elementor-widget elementor-widget-heading\" data-id=\"38364df\" data-element_type=\"widget\" data-e-type=\"widget\" id=\"seo-word\" data-widget_type=\"heading.default\">\n\t\t\t\t<div class=\"elementor-widget-container\">\n\t\t\t\t\t<h5 class=\"elementor-heading-title elementor-size-default\">derecho a guardar silencio perjurio<\/h5>\t\t\t\t<\/div>\n\t\t\t\t<\/div>\n\t\t\t\t<div class=\"elementor-element elementor-element-99a5c98 elementor-hidden-desktop elementor-hidden-tablet elementor-hidden-mobile elementor-widget elementor-widget-heading\" data-id=\"99a5c98\" data-element_type=\"widget\" data-e-type=\"widget\" id=\"seo-word\" data-widget_type=\"heading.default\">\n\t\t\t\t<div class=\"elementor-widget-container\">\n\t\t\t\t\t<h5 class=\"elementor-heading-title elementor-size-default\">abogado penalista enschede<\/h5>\t\t\t\t<\/div>\n\t\t\t\t<\/div>\n\t\t\t\t<div class=\"elementor-element elementor-element-dcac325 elementor-hidden-desktop elementor-hidden-tablet elementor-hidden-mobile elementor-widget elementor-widget-heading\" data-id=\"dcac325\" data-element_type=\"widget\" data-e-type=\"widget\" id=\"seo-word\" data-widget_type=\"heading.default\">\n\t\t\t\t<div class=\"elementor-widget-container\">\n\t\t\t\t\t<h5 class=\"elementor-heading-title elementor-size-default\">abogado derecho penal enschede<\/h5>\t\t\t\t<\/div>\n\t\t\t\t<\/div>\n\t\t\t\t<div class=\"elementor-element elementor-element-a0e7b45 elementor-hidden-desktop elementor-hidden-tablet elementor-hidden-mobile elementor-widget elementor-widget-heading\" data-id=\"a0e7b45\" data-element_type=\"widget\" data-e-type=\"widget\" id=\"seo-word\" data-widget_type=\"heading.default\">\n\t\t\t\t<div class=\"elementor-widget-container\">\n\t\t\t\t\t<h5 class=\"elementor-heading-title elementor-size-default\">abogado derecho penal overijssel<\/h5>\t\t\t\t<\/div>\n\t\t\t\t<\/div>\n\t\t\t\t<div class=\"elementor-element elementor-element-a9d3254 elementor-hidden-desktop elementor-hidden-tablet elementor-hidden-mobile elementor-widget elementor-widget-heading\" data-id=\"a9d3254\" data-element_type=\"widget\" data-e-type=\"widget\" id=\"seo-word\" data-widget_type=\"heading.default\">\n\t\t\t\t<div class=\"elementor-widget-container\">\n\t\t\t\t\t<h5 class=\"elementor-heading-title elementor-size-default\">cometi\u00f3 perjurio asesoramiento jur\u00eddico hizo deliberadamente una declaraci\u00f3n falsa que el acusado hizo una declaraci\u00f3n bajo juramento<\/h5>\t\t\t\t<\/div>\n\t\t\t\t<\/div>\n\t\t\t\t<div class=\"elementor-element elementor-element-7507472 elementor-hidden-desktop elementor-hidden-tablet elementor-hidden-mobile elementor-widget elementor-widget-heading\" data-id=\"7507472\" data-element_type=\"widget\" data-e-type=\"widget\" id=\"seo-word\" data-widget_type=\"heading.default\">\n\t\t\t\t<div class=\"elementor-widget-container\">\n\t\t\t\t\t<h5 class=\"elementor-heading-title elementor-size-default\">En Enschede, los abogados penalistas de Derbedrosian Criminal Lawyers ofrecen asistencia jur\u00eddica experta. Si se ve implicado en un proceso judicial en Enschede, es aconsejable contratar a un abogado con experiencia, especialmente en asuntos penales.\n\nUn aspecto importante de los casos penales es el derecho a guardar silencio. El derecho al silencio significa que un acusado tiene derecho a guardar silencio y no puede ser obligado a hacer una declaraci\u00f3n que pueda ser utilizada en su contra. El perjurio, por otro lado, consiste en cometer perjurio haciendo deliberadamente una declaraci\u00f3n falsa bajo juramento. El perjurio es punible y puede tener graves consecuencias legales.\n\nSi necesita asesoramiento jur\u00eddico en relaci\u00f3n con el perjurio u otros asuntos penales, puede confiar en los abogados de Overijssel de Derbedrosian Abogados Penalistas. Nuestros abogados en Enschede le ayudar\u00e1n y le proporcionar\u00e1n el asesoramiento adecuado para proteger sus derechos y determinar el mejor curso de acci\u00f3n para su situaci\u00f3n.<\/h5>\t\t\t\t<\/div>\n\t\t\t\t<\/div>\n\t\t\t\t<div class=\"elementor-element elementor-element-6fe5149 color-scheme-inherit text-left elementor-widget elementor-widget-text-editor\" data-id=\"6fe5149\" data-element_type=\"widget\" data-e-type=\"widget\" data-widget_type=\"text-editor.default\">\n\t\t\t\t<div class=\"elementor-widget-container\">\n\t\t\t\t\t\t\t\t\t<p><strong>El perjurio desempe\u00f1a un papel muy negativo durante un juicio penal. La verdad tiene un gran valor ante un tribunal. Es lo que marca el curso de un caso penal. Pero, \u00bfqu\u00e9 ocurre cuando esta verdad es deliberadamente distorsionada por alguien? En este art\u00edculo, profundizamos en lo que se entiende exactamente por perjurio, examinamos las penas en el \u00e1mbito jur\u00eddico y mostramos el da\u00f1o que puede causar a una persona o empresa.\u00a0<\/strong><\/p>\t\t\t\t\t\t\t\t<\/div>\n\t\t\t\t<\/div>\n\t\t\t\t<div class=\"elementor-element elementor-element-fed21e1 elementor-widget elementor-widget-spacer\" data-id=\"fed21e1\" data-element_type=\"widget\" data-e-type=\"widget\" data-widget_type=\"spacer.default\">\n\t\t\t\t<div class=\"elementor-widget-container\">\n\t\t\t\t\t\t\t<div class=\"elementor-spacer\">\n\t\t\t<div class=\"elementor-spacer-inner\"><\/div>\n\t\t<\/div>\n\t\t\t\t\t\t<\/div>\n\t\t\t\t<\/div>\n\t\t\t\t<div class=\"elementor-element elementor-element-73254d9 elementor-widget elementor-widget-heading\" data-id=\"73254d9\" data-element_type=\"widget\" data-e-type=\"widget\" data-widget_type=\"heading.default\">\n\t\t\t\t<div class=\"elementor-widget-container\">\n\t\t\t\t\t<h3 class=\"elementor-heading-title elementor-size-default\">\n\u00bfQu\u00e9 es el perjurio?\n<\/h3>\t\t\t\t<\/div>\n\t\t\t\t<\/div>\n\t\t\t\t<div class=\"elementor-element elementor-element-31fccf4 color-scheme-inherit text-left elementor-widget elementor-widget-text-editor\" data-id=\"31fccf4\" data-element_type=\"widget\" data-e-type=\"widget\" data-widget_type=\"text-editor.default\">\n\t\t\t\t<div class=\"elementor-widget-container\">\n\t\t\t\t\t\t\t\t\t<p>El perjurio es un <a href=\"https:\/\/www.derbedrosian.nl\/es\/jurisdicciones\/derecho-penal\/delitos\/\">delito<\/a> En el que alguien declara falsedades a sabiendas. S\u00f3lo las personas que han prestado juramento o hecho una promesa pueden ser culpables de perjurio. Esto puede ocurrir, por ejemplo, al testificar ante un tribunal, ante funcionarios, agentes de polic\u00eda o ante una comisi\u00f3n de investigaci\u00f3n parlamentaria. Cometer perjurio se castiga con hasta nueve a\u00f1os de prisi\u00f3n. Si se sospecha que ha cometido perjurio, es aconsejable que consulte a un abogado penalista para que le asesore lo antes posible.<\/p>\t\t\t\t\t\t\t\t<\/div>\n\t\t\t\t<\/div>\n\t\t\t\t<div class=\"elementor-element elementor-element-485e3c9 elementor-widget elementor-widget-spacer\" data-id=\"485e3c9\" data-element_type=\"widget\" data-e-type=\"widget\" data-widget_type=\"spacer.default\">\n\t\t\t\t<div class=\"elementor-widget-container\">\n\t\t\t\t\t\t\t<div class=\"elementor-spacer\">\n\t\t\t<div class=\"elementor-spacer-inner\"><\/div>\n\t\t<\/div>\n\t\t\t\t\t\t<\/div>\n\t\t\t\t<\/div>\n\t\t\t\t<div class=\"elementor-element elementor-element-b8c3d59 elementor-widget elementor-widget-heading\" data-id=\"b8c3d59\" data-element_type=\"widget\" data-e-type=\"widget\" data-widget_type=\"heading.default\">\n\t\t\t\t<div class=\"elementor-widget-container\">\n\t\t\t\t\t<h3 class=\"elementor-heading-title elementor-size-default\">El prop\u00f3sito de prestar juramento<\/h3>\t\t\t\t<\/div>\n\t\t\t\t<\/div>\n\t\t\t\t<div class=\"elementor-element elementor-element-9cda2ac color-scheme-inherit text-left elementor-widget elementor-widget-text-editor\" data-id=\"9cda2ac\" data-element_type=\"widget\" data-e-type=\"widget\" data-widget_type=\"text-editor.default\">\n\t\t\t\t<div class=\"elementor-widget-container\">\n\t\t\t\t\t\t\t\t\t<p>Cuando la gente jura algo, normalmente significa que promete decir la verdad. Esto significa simplemente que el que \"jura\" est\u00e1 demostrando que entiende que ocupa un lugar especial en la sociedad. No est\u00e1 permitido porque viola la promesa de ser honesto y complica la b\u00fasqueda de la verdad en los tribunales. Si alguien miente bajo juramento, puede causar problemas a todos los implicados en un caso judicial.<\/p>\t\t\t\t\t\t\t\t<\/div>\n\t\t\t\t<\/div>\n\t\t\t\t<div class=\"elementor-element elementor-element-2f6d061 elementor-widget elementor-widget-spacer\" data-id=\"2f6d061\" data-element_type=\"widget\" data-e-type=\"widget\" data-widget_type=\"spacer.default\">\n\t\t\t\t<div class=\"elementor-widget-container\">\n\t\t\t\t\t\t\t<div class=\"elementor-spacer\">\n\t\t\t<div class=\"elementor-spacer-inner\"><\/div>\n\t\t<\/div>\n\t\t\t\t\t\t<\/div>\n\t\t\t\t<\/div>\n\t\t\t\t<div class=\"elementor-element elementor-element-063e776 elementor-widget elementor-widget-heading\" data-id=\"063e776\" data-element_type=\"widget\" data-e-type=\"widget\" data-widget_type=\"heading.default\">\n\t\t\t\t<div class=\"elementor-widget-container\">\n\t\t\t\t\t<h3 class=\"elementor-heading-title elementor-size-default\">Perjurio C\u00f3digo Penal<\/h3>\t\t\t\t<\/div>\n\t\t\t\t<\/div>\n\t\t\t\t<div class=\"elementor-element elementor-element-8f78eee color-scheme-inherit text-left elementor-widget elementor-widget-text-editor\" data-id=\"8f78eee\" data-element_type=\"widget\" data-e-type=\"widget\" data-widget_type=\"text-editor.default\">\n\t\t\t\t<div class=\"elementor-widget-container\">\n\t\t\t\t\t\t\t\t\t<p>El perjurio es un delito penal grave y directamente contrario a la ley. Las disposiciones legales relativas al perjurio se recogen en las secciones 207, 207a y 207b del C\u00f3digo Penal. Estas secciones espec\u00edficas de la ley explican qu\u00e9 se considera perjurio y establecen su punibilidad.<\/p><p>Cuando una persona es sorprendida cometiendo perjurio, existen severas consecuencias legales en vigor. Seg\u00fan la ley, una persona declarada culpable de perjurio puede enfrentarse a una pena de hasta seis a\u00f1os de prisi\u00f3n. Adem\u00e1s, el tribunal puede imponerle una multa perteneciente a la 5\u00aa categor\u00eda, lo que significa que la multa puede ser considerable. Esta pena puede agravarse a\u00fan m\u00e1s si se demuestra que el perjurio ha causado un da\u00f1o significativo a un caso, a una persona o al sistema jur\u00eddico en su conjunto.<\/p><p>Por lo tanto, es de suma importancia mantener la honestidad y la veracidad en todos los juicios y declaraciones para evitar las graves consecuencias del perjurio.<\/p>\t\t\t\t\t\t\t\t<\/div>\n\t\t\t\t<\/div>\n\t\t\t\t<div class=\"elementor-element elementor-element-bc1c950 elementor-widget elementor-widget-spacer\" data-id=\"bc1c950\" data-element_type=\"widget\" data-e-type=\"widget\" data-widget_type=\"spacer.default\">\n\t\t\t\t<div class=\"elementor-widget-container\">\n\t\t\t\t\t\t\t<div class=\"elementor-spacer\">\n\t\t\t<div class=\"elementor-spacer-inner\"><\/div>\n\t\t<\/div>\n\t\t\t\t\t\t<\/div>\n\t\t\t\t<\/div>\n\t\t\t\t<div class=\"elementor-element elementor-element-c0f6a4c elementor-widget elementor-widget-heading\" data-id=\"c0f6a4c\" data-element_type=\"widget\" data-e-type=\"widget\" data-widget_type=\"heading.default\">\n\t\t\t\t<div class=\"elementor-widget-container\">\n\t\t\t\t\t<h3 class=\"elementor-heading-title elementor-size-default\">Derecho al silencio en caso de perjurio<\/h3>\t\t\t\t<\/div>\n\t\t\t\t<\/div>\n\t\t\t\t<div class=\"elementor-element elementor-element-36313f2 color-scheme-inherit text-left elementor-widget elementor-widget-text-editor\" data-id=\"36313f2\" data-element_type=\"widget\" data-e-type=\"widget\" data-widget_type=\"text-editor.default\">\n\t\t\t\t<div class=\"elementor-widget-container\">\n\t\t\t\t\t\t\t\t\t<p>Cuando alguien es acusado de un delito penal, esa persona tiene derecho a guardar silencio y no tiene que decir nada que pueda ser utilizado en su contra.<\/p><p>Es lo que se conoce como derecho al silencio, un derecho fundamental en el sistema jur\u00eddico. En cambio, este derecho no se aplica a los testigos. Los testigos est\u00e1n obligados a responder a las preguntas del juez, y deben hacerlo con sinceridad y exactitud.<\/p><p>Esta diferencia de derechos entre acusados y testigos refleja el delicado equilibrio entre proteger los derechos individuales y garantizar la veracidad del proceso judicial.<\/p>\t\t\t\t\t\t\t\t<\/div>\n\t\t\t\t<\/div>\n\t\t\t\t<div class=\"elementor-element elementor-element-ce42919 elementor-widget elementor-widget-spacer\" data-id=\"ce42919\" data-element_type=\"widget\" data-e-type=\"widget\" data-widget_type=\"spacer.default\">\n\t\t\t\t<div class=\"elementor-widget-container\">\n\t\t\t\t\t\t\t<div class=\"elementor-spacer\">\n\t\t\t<div class=\"elementor-spacer-inner\"><\/div>\n\t\t<\/div>\n\t\t\t\t\t\t<\/div>\n\t\t\t\t<\/div>\n\t\t\t\t<div class=\"elementor-element elementor-element-1ebeaa4 elementor-widget elementor-widget-heading\" data-id=\"1ebeaa4\" data-element_type=\"widget\" data-e-type=\"widget\" data-widget_type=\"heading.default\">\n\t\t\t\t<div class=\"elementor-widget-container\">\n\t\t\t\t\t<h3 class=\"elementor-heading-title elementor-size-default\">El abogado sospecha de perjurio<\/h3>\t\t\t\t<\/div>\n\t\t\t\t<\/div>\n\t\t\t\t<div class=\"elementor-element elementor-element-58e1d52 color-scheme-inherit text-left elementor-widget elementor-widget-text-editor\" data-id=\"58e1d52\" data-element_type=\"widget\" data-e-type=\"widget\" data-widget_type=\"text-editor.default\">\n\t\t\t\t<div class=\"elementor-widget-container\">\n\t\t\t\t\t\t\t\t\t<p>Si usted es sospechoso, tiene derecho a guardar silencio. Pero los testigos no tienen ese derecho. Deben responder siempre con sinceridad a las preguntas del juez.<\/p><p>Si est\u00e1 siendo investigado por perjurio o necesita m\u00e1s ayuda legal, p\u00f3ngase en contacto con <a href=\"https:\/\/www.derbedrosian.nl\/es\/abogados\/\">nuestros abogados especializados<\/a>\u00a0con experiencia en el<a href=\"https:\/\/www.derbedrosian.nl\/es\/jurisdicciones\/derecho-penal\/\"> derecho penal<\/a> puede asesorarle y ayudarle durante el proceso para evitarle problemas. Sus intereses legales son importantes y nuestros abogados est\u00e1n aqu\u00ed para ayudarle.<\/p>\t\t\t\t\t\t\t\t<\/div>\n\t\t\t\t<\/div>\n\t\t\t\t\t<\/div>\n\t\t\t\t<\/div>\n\t\t\t\t<\/div>","protected":false},"excerpt":{"rendered":"<p>perjurio \u00bfqu\u00e9 es el perjurio? \u00bfes punible el perjurio? abogado especializado en perjurio castigo por perjurio cometer perjurio demostrar perjurio derecho a guardar silencio abogado penalista en Enschede abogado penalista<\/p>","protected":false},"author":1,"featured_media":0,"parent":10047,"menu_order":0,"comment_status":"closed","ping_status":"closed","template":"","meta":{"footnotes":""},"class_list":["post-10841","page","type-page","status-publish","hentry"],"_links":{"self":[{"href":"https:\/\/www.derbedrosian.nl\/es\/wp-json\/wp\/v2\/pages\/10841","targetHints":{"allow":["GET"]}}],"collection":[{"href":"https:\/\/www.derbedrosian.nl\/es\/wp-json\/wp\/v2\/pages"}],"about":[{"href":"https:\/\/www.derbedrosian.nl\/es\/wp-json\/wp\/v2\/types\/page"}],"author":[{"embeddable":true,"href":"https:\/\/www.derbedrosian.nl\/es\/wp-json\/wp\/v2\/users\/1"}],"replies":[{"embeddable":true,"href":"https:\/\/www.derbedrosian.nl\/es\/wp-json\/wp\/v2\/comments?post=10841"}],"version-history":[{"count":0,"href":"https:\/\/www.derbedrosian.nl\/es\/wp-json\/wp\/v2\/pages\/10841\/revisions"}],"up":[{"embeddable":true,"href":"https:\/\/www.derbedrosian.nl\/es\/wp-json\/wp\/v2\/pages\/10047"}],"wp:attachment":[{"href":"https:\/\/www.derbedrosian.nl\/es\/wp-json\/wp\/v2\/media?parent=10841"}],"curies":[{"name":"wp","href":"https:\/\/api.w.org\/{rel}","templated":true}]}}