{"id":10821,"date":"2023-05-29T09:56:02","date_gmt":"2023-05-29T07:56:02","guid":{"rendered":"https:\/\/derbedrosian.nl\/?page_id=10821"},"modified":"2025-12-21T16:42:07","modified_gmt":"2025-12-21T14:42:07","slug":"creacion-de-una-empresa-holandesa","status":"publish","type":"page","link":"https:\/\/www.derbedrosian.nl\/es\/rechtsgebieden\/zakelijke-dienstverlening\/opzetten-van-nederlands-onderneming\/","title":{"rendered":"Creaci\u00f3n de una empresa neerlandesa"},"content":{"rendered":"<div data-elementor-type=\"wp-page\" data-elementor-id=\"10821\" class=\"elementor elementor-10821\" data-elementor-post-type=\"page\">\n\t\t\t\t<div class=\"wd-negative-gap elementor-element elementor-element-f28fca6 e-flex e-con-boxed e-con e-parent\" data-id=\"f28fca6\" data-element_type=\"container\" data-e-type=\"container\">\n\t\t\t\t\t<div class=\"e-con-inner\">\n\t\t\t\t<div class=\"elementor-element elementor-element-a4419ac elementor-hidden-desktop elementor-hidden-tablet elementor-hidden-mobile elementor-widget elementor-widget-wd_image_or_svg\" data-id=\"a4419ac\" data-element_type=\"widget\" data-e-type=\"widget\" id=\"seo-word\" data-widget_type=\"wd_image_or_svg.default\">\n\t\t\t\t<div class=\"elementor-widget-container\">\n\t\t\t\t\t\n\t\t<div class=\"wd-image text-left\">\n\t\t\t\t\t\t\t\t<img loading=\"lazy\" decoding=\"async\" width=\"1000\" height=\"659\" src=\"https:\/\/www.derbedrosian.nl\/wp-content\/uploads\/rechtsgebied-opzetten-van-nederlands-onderneming.jpg\" class=\"attachment-full size-full\" alt=\"Creaci\u00f3n de una empresa neerlandesa abogado business services bv kvk\" srcset=\"https:\/\/www.derbedrosian.nl\/wp-content\/uploads\/rechtsgebied-opzetten-van-nederlands-onderneming.jpg 1000w, https:\/\/www.derbedrosian.nl\/wp-content\/uploads\/rechtsgebied-opzetten-van-nederlands-onderneming-400x264.jpg 400w, https:\/\/www.derbedrosian.nl\/wp-content\/uploads\/rechtsgebied-opzetten-van-nederlands-onderneming-768x506.jpg 768w\" sizes=\"auto, (max-width: 1000px) 100vw, 1000px\" title=\"\">\t\t\t\t\t<\/div>\n\n\t\t\t\t\t\t<\/div>\n\t\t\t\t<\/div>\n\t\t\t\t<div class=\"elementor-element elementor-element-496c704 elementor-hidden-desktop elementor-hidden-tablet elementor-hidden-mobile elementor-widget elementor-widget-heading\" data-id=\"496c704\" data-element_type=\"widget\" data-e-type=\"widget\" id=\"seo-word\" data-widget_type=\"heading.default\">\n\t\t\t\t<div class=\"elementor-widget-container\">\n\t\t\t\t\t<h2 class=\"elementor-heading-title elementor-size-default\">Hoja de ruta para crear una empresa neerlandesa<\/h2>\t\t\t\t<\/div>\n\t\t\t\t<\/div>\n\t\t\t\t<div class=\"elementor-element elementor-element-0fc64c4 elementor-hidden-desktop elementor-hidden-tablet elementor-hidden-mobile elementor-widget elementor-widget-heading\" data-id=\"0fc64c4\" data-element_type=\"widget\" data-e-type=\"widget\" id=\"seo-word\" data-widget_type=\"heading.default\">\n\t\t\t\t<div class=\"elementor-widget-container\">\n\t\t\t\t\t<h5 class=\"elementor-heading-title elementor-size-default\">le ayudamos a crear una empresa<\/h5>\t\t\t\t<\/div>\n\t\t\t\t<\/div>\n\t\t\t\t<div class=\"elementor-element elementor-element-8fa8869 elementor-hidden-desktop elementor-hidden-tablet elementor-hidden-mobile elementor-widget elementor-widget-heading\" data-id=\"8fa8869\" data-element_type=\"widget\" data-e-type=\"widget\" id=\"seo-word\" data-widget_type=\"heading.default\">\n\t\t\t\t<div class=\"elementor-widget-container\">\n\t\t\t\t\t<h5 class=\"elementor-heading-title elementor-size-default\">oportunidades de negocio sino qu\u00e9 formas de empresa<\/h5>\t\t\t\t<\/div>\n\t\t\t\t<\/div>\n\t\t\t\t<div class=\"elementor-element elementor-element-b0749db elementor-hidden-desktop elementor-hidden-tablet elementor-hidden-mobile elementor-widget elementor-widget-heading\" data-id=\"b0749db\" data-element_type=\"widget\" data-e-type=\"widget\" id=\"seo-word\" data-widget_type=\"heading.default\">\n\t\t\t\t<div class=\"elementor-widget-container\">\n\t\t\t\t\t<h5 class=\"elementor-heading-title elementor-size-default\">registre sus obras en los pa\u00edses bajos<\/h5>\t\t\t\t<\/div>\n\t\t\t\t<\/div>\n\t\t\t\t<div class=\"elementor-element elementor-element-37131fc elementor-hidden-desktop elementor-hidden-tablet elementor-hidden-mobile elementor-widget elementor-widget-heading\" data-id=\"37131fc\" data-element_type=\"widget\" data-e-type=\"widget\" id=\"seo-word\" data-widget_type=\"heading.default\">\n\t\t\t\t<div class=\"elementor-widget-container\">\n\t\t\t\t\t<h5 class=\"elementor-heading-title elementor-size-default\">qu\u00e9 formularios comerciales existen<\/h5>\t\t\t\t<\/div>\n\t\t\t\t<\/div>\n\t\t\t\t<div class=\"elementor-element elementor-element-ad8e000 elementor-hidden-desktop elementor-hidden-tablet elementor-hidden-mobile elementor-widget elementor-widget-heading\" data-id=\"ad8e000\" data-element_type=\"widget\" data-e-type=\"widget\" id=\"seo-word\" data-widget_type=\"heading.default\">\n\t\t\t\t<div class=\"elementor-widget-container\">\n\t\t\t\t\t<h5 class=\"elementor-heading-title elementor-size-default\">pa\u00edses bajos aut\u00f3nomos<\/h5>\t\t\t\t<\/div>\n\t\t\t\t<\/div>\n\t\t\t\t<div class=\"elementor-element elementor-element-b88a74a elementor-hidden-desktop elementor-hidden-tablet elementor-hidden-mobile elementor-widget elementor-widget-heading\" data-id=\"b88a74a\" data-element_type=\"widget\" data-e-type=\"widget\" id=\"seo-word\" data-widget_type=\"heading.default\">\n\t\t\t\t<div class=\"elementor-widget-container\">\n\t\t\t\t\t<h5 class=\"elementor-heading-title elementor-size-default\">\u00bfQu\u00e9 necesita para crear una empresa en los Pa\u00edses Bajos?<\/h5>\t\t\t\t<\/div>\n\t\t\t\t<\/div>\n\t\t\t\t<div class=\"elementor-element elementor-element-c7ad9c0 elementor-hidden-desktop elementor-hidden-tablet elementor-hidden-mobile elementor-widget elementor-widget-heading\" data-id=\"c7ad9c0\" data-element_type=\"widget\" data-e-type=\"widget\" id=\"seo-word\" data-widget_type=\"heading.default\">\n\t\t\t\t<div class=\"elementor-widget-container\">\n\t\t\t\t\t<h5 class=\"elementor-heading-title elementor-size-default\">\u00bfC\u00f3mo se crea una empresa en los Pa\u00edses Bajos?<\/h5>\t\t\t\t<\/div>\n\t\t\t\t<\/div>\n\t\t\t\t<div class=\"elementor-element elementor-element-2cd7bde elementor-hidden-desktop elementor-hidden-tablet elementor-hidden-mobile elementor-widget elementor-widget-heading\" data-id=\"2cd7bde\" data-element_type=\"widget\" data-e-type=\"widget\" id=\"seo-word\" data-widget_type=\"heading.default\">\n\t\t\t\t<div class=\"elementor-widget-container\">\n\t\t\t\t\t<h5 class=\"elementor-heading-title elementor-size-default\">abogado de servicios empresariales enschede<\/h5>\t\t\t\t<\/div>\n\t\t\t\t<\/div>\n\t\t\t\t<div class=\"elementor-element elementor-element-591cedb elementor-hidden-desktop elementor-hidden-tablet elementor-hidden-mobile elementor-widget elementor-widget-heading\" data-id=\"591cedb\" data-element_type=\"widget\" data-e-type=\"widget\" id=\"seo-word\" data-widget_type=\"heading.default\">\n\t\t\t\t<div class=\"elementor-widget-container\">\n\t\t\t\t\t<h5 class=\"elementor-heading-title elementor-size-default\">servicios a empresas abogados overijssel<\/h5>\t\t\t\t<\/div>\n\t\t\t\t<\/div>\n\t\t\t\t<div class=\"elementor-element elementor-element-b8d9afa elementor-hidden-desktop elementor-hidden-tablet elementor-hidden-mobile elementor-widget elementor-widget-heading\" data-id=\"b8d9afa\" data-element_type=\"widget\" data-e-type=\"widget\" id=\"seo-word\" data-widget_type=\"heading.default\">\n\t\t\t\t<div class=\"elementor-widget-container\">\n\t\t\t\t\t<h5 class=\"elementor-heading-title elementor-size-default\">abogados de empresa derbedrosian<\/h5>\t\t\t\t<\/div>\n\t\t\t\t<\/div>\n\t\t\t\t<div class=\"elementor-element elementor-element-ba40882 elementor-hidden-desktop elementor-hidden-tablet elementor-hidden-mobile elementor-widget elementor-widget-heading\" data-id=\"ba40882\" data-element_type=\"widget\" data-e-type=\"widget\" id=\"seo-word\" data-widget_type=\"heading.default\">\n\t\t\t\t<div class=\"elementor-widget-container\">\n\t\t\t\t\t<h5 class=\"elementor-heading-title elementor-size-default\">abogados de empresa pa\u00edses bajos<\/h5>\t\t\t\t<\/div>\n\t\t\t\t<\/div>\n\t\t\t\t<div class=\"elementor-element elementor-element-bd4f0d9 elementor-hidden-desktop elementor-hidden-tablet elementor-hidden-mobile elementor-widget elementor-widget-heading\" data-id=\"bd4f0d9\" data-element_type=\"widget\" data-e-type=\"widget\" id=\"seo-word\" data-widget_type=\"heading.default\">\n\t\t\t\t<div class=\"elementor-widget-container\">\n\t\t\t\t\t<h5 class=\"elementor-heading-title elementor-size-default\">Crear una empresa en los Pa\u00edses Bajos es un paso importante para los empresarios aut\u00f3nomos. Los abogados especializados en servicios empresariales Derbedrosian, con sede en Enschede y que operan en Overijssel, conocen los aspectos jur\u00eddicos de los servicios empresariales y el derecho de sociedades en los Pa\u00edses Bajos. Nuestros abogados mercantiles pueden ayudarle en todas las fases del establecimiento de su empresa.\n\nEl proceso de creaci\u00f3n de una empresa en los Pa\u00edses Bajos implica varios pasos, como elegir la forma jur\u00eddica adecuada, registrar su empresa en la C\u00e1mara de Comercio, cumplir las obligaciones fiscales y redactar documentos jur\u00eddicamente vinculantes. Nuestros abogados tienen la experiencia necesaria para guiarle a trav\u00e9s de este proceso y garantizar que sus intereses empresariales est\u00e9n legalmente protegidos.\n\nComo empresario independiente que desea ofrecer servicios empresariales en los Pa\u00edses Bajos, es crucial dar los pasos legales adecuados. Los abogados especializados en servicios empresariales de Derbedrosian est\u00e1n aqu\u00ed para ayudarle a dar estos pasos y garantizar que su empresa cumpla todas las leyes y reglamentos aplicables.\n\nNo dude en ponerse en contacto con nosotros para obtener asesoramiento jur\u00eddico experto y asistencia en la creaci\u00f3n de su empresa en los Pa\u00edses Bajos. Nos comprometemos a apoyar sus objetivos empresariales y a garantizar una base jur\u00eddica s\u00f3lida para su empresa.<\/h5>\t\t\t\t<\/div>\n\t\t\t\t<\/div>\n\t\t\t\t<div class=\"elementor-element elementor-element-c5fb050 elementor-widget elementor-widget-heading\" data-id=\"c5fb050\" data-element_type=\"widget\" data-e-type=\"widget\" data-widget_type=\"heading.default\">\n\t\t\t\t<div class=\"elementor-widget-container\">\n\t\t\t\t\t<h3 class=\"elementor-heading-title elementor-size-default\">Creaci\u00f3n de una empresa holandesa<\/h3>\t\t\t\t<\/div>\n\t\t\t\t<\/div>\n\t\t\t\t<div class=\"elementor-element elementor-element-b5568ec color-scheme-inherit text-left elementor-widget elementor-widget-text-editor\" data-id=\"b5568ec\" data-element_type=\"widget\" data-e-type=\"widget\" data-widget_type=\"text-editor.default\">\n\t\t\t\t<div class=\"elementor-widget-container\">\n\t\t\t\t\t\t\t\t\t<p>Crear una empresa neerlandesa es algo que entusiasma a mucha gente. Requiere una cuidadosa planificaci\u00f3n y preparaci\u00f3n. Tanto si es usted un empresario experimentado como si se adentra en el mundo de los negocios por primera vez, comprender los pasos y consideraciones necesarios para crear una empresa holandesa es crucial para su \u00e9xito. A continuaci\u00f3n, hemos esbozado los pasos y consideraciones esenciales a seguir a la hora de crear su propia empresa:<\/p><ul><li><strong>Redacci\u00f3n del plan de empresa:<\/strong> Un plan de empresa es la columna vertebral de su negocio y sirve de gu\u00eda para sus operaciones. Es un documento que detalla sus objetivos empresariales, estrategias y proyecciones financieras. T\u00f3mese el tiempo necesario para definir claramente su visi\u00f3n y su misi\u00f3n.<\/li><li><strong>Realizaci\u00f3n de estudios de mercado:<\/strong> Realice un estudio de mercado exhaustivo para comprender su mercado objetivo y definir su estrategia empresarial. Esto incluye analizar a los competidores, las tendencias del mercado y las oportunidades. Identifique su punto de venta \u00fanico (PVE) para diferenciarse de los dem\u00e1s.<\/li><li><strong>Elaboraci\u00f3n de planes financieros:<\/strong> Preparar un plan financiero detallado es esencial para evaluar la viabilidad de su empresa. Incluye la elaboraci\u00f3n de presupuestos, el an\u00e1lisis de las inversiones y las previsiones de tesorer\u00eda. Le permite fijar sus objetivos financieros de forma realista.<\/li><li><strong>Nombre de la empresa Seleccione:<\/strong> Seleccione un nombre de empresa \u00fanico y apropiado que cumpla los requisitos legales y se ajuste a la identidad de su marca. Compruebe si el nombre elegido est\u00e1 disponible y reg\u00edstrelo si es necesario.<\/li><li><strong>Elecci\u00f3n de la forma jur\u00eddica:<\/strong> Determine qu\u00e9 forma jur\u00eddica se adapta mejor a su negocio, como empresario individual, sociedad colectiva (VOF), sociedad de responsabilidad limitada (BV) o sociedad an\u00f3nima (NV). La elecci\u00f3n afectar\u00e1 a sus obligaciones legales y fiscales.<\/li><li><strong>Mantenimiento y conservaci\u00f3n de registros:<\/strong> Mantenga registros financieros precisos de acuerdo con los requisitos legales. Aseg\u00farese de conservar los registros y la documentaci\u00f3n financiera, como facturas, recibos y extractos bancarios.<\/li><li><strong>Condiciones generales y modalidades de seguro:<\/strong> Establezca t\u00e9rminos y condiciones claros para protegerse a s\u00ed mismo y a sus clientes. Considere tambi\u00e9n qu\u00e9 seguros son necesarios, como el seguro de responsabilidad civil, para mitigar los riesgos.<\/li><li><strong>Cumplimiento de los requisitos legales:<\/strong> Investigue y comprenda los requisitos legales espec\u00edficos y los permisos aplicables a su industria. Cumplir con estos requisitos es crucial para evitar problemas legales y mantener su negocio operando legalmente.<\/li><\/ul><p>El asesoramiento y la orientaci\u00f3n profesionales a lo largo de este proceso pueden ayudarle a cumplir todos los aspectos legales, financieros y operativos. Crear su propia empresa ofrece oportunidades, pero tambi\u00e9n requiere una preparaci\u00f3n y una dedicaci\u00f3n minuciosas para tener \u00e9xito.<\/p>\t\t\t\t\t\t\t\t<\/div>\n\t\t\t\t<\/div>\n\t\t\t\t<div class=\"elementor-element elementor-element-613559a elementor-widget elementor-widget-spacer\" data-id=\"613559a\" data-element_type=\"widget\" data-e-type=\"widget\" data-widget_type=\"spacer.default\">\n\t\t\t\t<div class=\"elementor-widget-container\">\n\t\t\t\t\t\t\t<div class=\"elementor-spacer\">\n\t\t\t<div class=\"elementor-spacer-inner\"><\/div>\n\t\t<\/div>\n\t\t\t\t\t\t<\/div>\n\t\t\t\t<\/div>\n\t\t\t\t<div class=\"elementor-element elementor-element-6bf7b6e elementor-widget elementor-widget-heading\" data-id=\"6bf7b6e\" data-element_type=\"widget\" data-e-type=\"widget\" data-widget_type=\"heading.default\">\n\t\t\t\t<div class=\"elementor-widget-container\">\n\t\t\t\t\t<h3 class=\"elementor-heading-title elementor-size-default\">\u00bfCrear una empresa holandesa como extranjero?<\/h3>\t\t\t\t<\/div>\n\t\t\t\t<\/div>\n\t\t\t\t<div class=\"elementor-element elementor-element-589efc1 color-scheme-inherit text-left elementor-widget elementor-widget-text-editor\" data-id=\"589efc1\" data-element_type=\"widget\" data-e-type=\"widget\" data-widget_type=\"text-editor.default\">\n\t\t\t\t<div class=\"elementor-widget-container\">\n\t\t\t\t\t\t\t\t\t<p>Es posible que los extranjeros trabajen por cuenta propia en los Pa\u00edses Bajos, siempre que se cumplan determinadas condiciones. Estas condiciones tienen por objeto garantizar que su trabajo contribuya positivamente a la econom\u00eda neerlandesa. Si es usted un empresario aut\u00f3nomo, puede solicitar el <a href=\"https:\/\/www.derbedrosian.nl\/es\/jurisdicciones\/ley-de-inmigracion\/permiso-de-residencia-trabajador-por-cuenta-propia\/\">Permiso de residencia por \"trabajo aut\u00f3nomo<\/a> aplicaciones. A continuaci\u00f3n se detallan las principales condiciones:<\/p><ul><li><strong>T\u00e9rminos y condiciones:<\/strong> debe cumplir las condiciones generales que se aplican a todo el mundo cuando solicita un permiso de residencia en los Pa\u00edses Bajos. Esto incluye aspectos como su identidad, su estado de salud y sus posibles antecedentes penales.<\/li><li><strong>Importancia esencial para la econom\u00eda holandesa:<\/strong>\u00a0su trabajo debe tener un impacto sustancial en la econom\u00eda holandesa. Esto podr\u00eda incluir, por ejemplo, la creaci\u00f3n de empleo, la atracci\u00f3n de inversiones o la prestaci\u00f3n de servicios o productos innovadores.<\/li><li><strong>Inscripci\u00f3n en la C\u00e1mara de Comercio:<\/strong>\u00a0debe estar inscrito en el registro mercantil de la C\u00e1mara de Comercio. Este registro es importante para reconocer formalmente su empresa.<\/li><li><strong>Cumplir los requisitos de ingresos:<\/strong>\u00a0Deber\u00e1 cumplir unos requisitos de ingresos espec\u00edficos que podr\u00e1 demostrar en su plan de negocio. El plan de negocio debe proporcionar claridad sobre sus perspectivas financieras y c\u00f3mo se ganar\u00e1 la vida.<\/li><\/ul><p>Consultar asesoramiento jur\u00eddico puede ayudarle a asegurarse de que cumple todos los requisitos y puede llevar a cabo con \u00e9xito sus planes empresariales. La iniciativa empresarial no s\u00f3lo puede afectar a su propio futuro, sino tambi\u00e9n contribuir al crecimiento y desarrollo de la econom\u00eda holandesa.<\/p>\t\t\t\t\t\t\t\t<\/div>\n\t\t\t\t<\/div>\n\t\t\t\t<div class=\"elementor-element elementor-element-341ac2e elementor-widget elementor-widget-spacer\" data-id=\"341ac2e\" data-element_type=\"widget\" data-e-type=\"widget\" data-widget_type=\"spacer.default\">\n\t\t\t\t<div class=\"elementor-widget-container\">\n\t\t\t\t\t\t\t<div class=\"elementor-spacer\">\n\t\t\t<div class=\"elementor-spacer-inner\"><\/div>\n\t\t<\/div>\n\t\t\t\t\t\t<\/div>\n\t\t\t\t<\/div>\n\t\t\t\t<div class=\"elementor-element elementor-element-38925a8 elementor-widget elementor-widget-heading\" data-id=\"38925a8\" data-element_type=\"widget\" data-e-type=\"widget\" data-widget_type=\"heading.default\">\n\t\t\t\t<div class=\"elementor-widget-container\">\n\t\t\t\t\t<h3 class=\"elementor-heading-title elementor-size-default\">\u00bfCu\u00e1les son los costes si desea crear su propia empresa en los Pa\u00edses Bajos?<\/h3>\t\t\t\t<\/div>\n\t\t\t\t<\/div>\n\t\t\t\t<div class=\"elementor-element elementor-element-c45c0ca color-scheme-inherit text-left elementor-widget elementor-widget-text-editor\" data-id=\"c45c0ca\" data-element_type=\"widget\" data-e-type=\"widget\" data-widget_type=\"text-editor.default\">\n\t\t\t\t<div class=\"elementor-widget-container\">\n\t\t\t\t\t\t\t\t\t<p>Poner en marcha su propio negocio conlleva naturalmente gastos. Pero, \u00bfqu\u00e9 gastos puede esperar? A continuaci\u00f3n, hemos enumerado los costes m\u00e1s importantes para usted:<\/p><ul><li><strong>C\u00e1mara de Comercio (CdC):<\/strong>\u00a0El registro de su empresa en la C\u00e1mara de Comercio conlleva el pago de una tasa \u00fanica de 75 euros.<\/li><li><strong>Gastos de notar\u00eda:<\/strong>\u00a0Un notario prepara una escritura de constituci\u00f3n para su empresa. Los costes var\u00edan en funci\u00f3n de la complejidad de la escritura y de sus requisitos espec\u00edficos.<\/li><li><strong>Gastos de oficina:<\/strong>\u00a0El importe de estos costes depende del espacio que utilice como oficina. Puede ir desde una simple oficina en casa hasta el alquiler de una oficina comercial.<\/li><li><strong>Cargos por tenedur\u00eda de libros o contabilidad:<\/strong>\u00a0La cuant\u00eda de estos costes viene determinada por la medida en que se ocupe usted mismo de las cuentas y por la medida en que subcontrate las tareas a un contable o a un tenedor de libros. Los costes var\u00edan en funci\u00f3n de la complejidad de sus registros financieros y de las necesidades de su empresa.<\/li><\/ul><p>Consultar a un asesor financiero o a un contable para que le ayuden a analizar y gestionar estos costes es prudente para que pueda crear su empresa con confianza.<\/p>\t\t\t\t\t\t\t\t<\/div>\n\t\t\t\t<\/div>\n\t\t\t\t<div class=\"elementor-element elementor-element-0d475e6 elementor-widget elementor-widget-spacer\" data-id=\"0d475e6\" data-element_type=\"widget\" data-e-type=\"widget\" data-widget_type=\"spacer.default\">\n\t\t\t\t<div class=\"elementor-widget-container\">\n\t\t\t\t\t\t\t<div class=\"elementor-spacer\">\n\t\t\t<div class=\"elementor-spacer-inner\"><\/div>\n\t\t<\/div>\n\t\t\t\t\t\t<\/div>\n\t\t\t\t<\/div>\n\t\t\t\t<div class=\"elementor-element elementor-element-4e2298a elementor-widget elementor-widget-heading\" data-id=\"4e2298a\" data-element_type=\"widget\" data-e-type=\"widget\" data-widget_type=\"heading.default\">\n\t\t\t\t<div class=\"elementor-widget-container\">\n\t\t\t\t\t<h3 class=\"elementor-heading-title elementor-size-default\">Servicios empresariales para abogados<\/h3>\t\t\t\t<\/div>\n\t\t\t\t<\/div>\n\t\t\t\t<div class=\"elementor-element elementor-element-d75dd0e color-scheme-inherit text-left elementor-widget elementor-widget-text-editor\" data-id=\"d75dd0e\" data-element_type=\"widget\" data-e-type=\"widget\" data-widget_type=\"text-editor.default\">\n\t\t\t\t<div class=\"elementor-widget-container\">\n\t\t\t\t\t\t\t\t\t<p>Si crea y dirige una empresa en los Pa\u00edses Bajos, pueden surgirle todo tipo de retos y problemas jur\u00eddicos. Ya se trate de cuestiones con sus empleados, contratos o problemas empresariales internos, es importante tener acceso a un asesoramiento jur\u00eddico en el que pueda confiar.<\/p><p>Caracter\u00edsticas del bufete Der Bedrosian <a href=\"https:\/\/www.derbedrosian.nl\/es\/abogados\/\">abogados dedicados<\/a> tienen una amplia experiencia en <a href=\"https:\/\/www.derbedrosian.nl\/es\/jurisdicciones\/servicios-profesionales\/\">servicios profesionales<\/a> y estamos preparados para ayudarle a encontrar soluciones a sus retos empresariales. Tanto si est\u00e1 empezando su negocio como si ya es una empresa consolidada, estamos aqu\u00ed para servirle.<\/p><p>As\u00ed que no dude en ponerse en contacto con nosotros para obtener un asesoramiento jur\u00eddico profesional especialmente adaptado a su situaci\u00f3n personal.<\/p>\t\t\t\t\t\t\t\t<\/div>\n\t\t\t\t<\/div>\n\t\t\t\t\t<\/div>\n\t\t\t\t<\/div>\n\t\t\t\t<\/div>","protected":false},"excerpt":{"rendered":"<p>stappenplan opzetten van Nederlands onderneming wij helpen u op weg met het opzetten van een bedrijf zakelijke kansen maar welke<\/p>","protected":false},"author":1,"featured_media":0,"parent":10818,"menu_order":0,"comment_status":"closed","ping_status":"closed","template":"","meta":{"footnotes":""},"class_list":["post-10821","page","type-page","status-publish","hentry"],"_links":{"self":[{"href":"https:\/\/www.derbedrosian.nl\/es\/wp-json\/wp\/v2\/pages\/10821","targetHints":{"allow":["GET"]}}],"collection":[{"href":"https:\/\/www.derbedrosian.nl\/es\/wp-json\/wp\/v2\/pages"}],"about":[{"href":"https:\/\/www.derbedrosian.nl\/es\/wp-json\/wp\/v2\/types\/page"}],"author":[{"embeddable":true,"href":"https:\/\/www.derbedrosian.nl\/es\/wp-json\/wp\/v2\/users\/1"}],"replies":[{"embeddable":true,"href":"https:\/\/www.derbedrosian.nl\/es\/wp-json\/wp\/v2\/comments?post=10821"}],"version-history":[{"count":0,"href":"https:\/\/www.derbedrosian.nl\/es\/wp-json\/wp\/v2\/pages\/10821\/revisions"}],"up":[{"embeddable":true,"href":"https:\/\/www.derbedrosian.nl\/es\/wp-json\/wp\/v2\/pages\/10818"}],"wp:attachment":[{"href":"https:\/\/www.derbedrosian.nl\/es\/wp-json\/wp\/v2\/media?parent=10821"}],"curies":[{"name":"wp","href":"https:\/\/api.w.org\/{rel}","templated":true}]}}