{"id":10808,"date":"2023-05-29T09:51:20","date_gmt":"2023-05-29T07:51:20","guid":{"rendered":"https:\/\/derbedrosian.nl\/?page_id=10808"},"modified":"2025-12-21T16:39:02","modified_gmt":"2025-12-21T14:39:02","slug":"prestacion-social","status":"publish","type":"page","link":"https:\/\/www.derbedrosian.nl\/es\/rechtsgebieden\/sociaal-zekerheidsrecht\/bijstandsuitkering\/","title":{"rendered":"Prestaci\u00f3n de asistencia"},"content":{"rendered":"<div data-elementor-type=\"wp-page\" data-elementor-id=\"10808\" class=\"elementor elementor-10808\" data-elementor-post-type=\"page\">\n\t\t\t\t<div class=\"wd-negative-gap elementor-element elementor-element-57990e8 e-flex e-con-boxed e-con e-parent\" data-id=\"57990e8\" data-element_type=\"container\" data-e-type=\"container\">\n\t\t\t\t\t<div class=\"e-con-inner\">\n\t\t\t\t<div class=\"elementor-element elementor-element-a8dad2d elementor-hidden-desktop elementor-hidden-tablet elementor-hidden-mobile elementor-widget elementor-widget-wd_image_or_svg\" data-id=\"a8dad2d\" data-element_type=\"widget\" data-e-type=\"widget\" id=\"seo-word\" data-widget_type=\"wd_image_or_svg.default\">\n\t\t\t\t<div class=\"elementor-widget-container\">\n\t\t\t\t\t\n\t\t<div class=\"wd-image text-left\">\n\t\t\t\t\t\t\t\t<img loading=\"lazy\" decoding=\"async\" width=\"1000\" height=\"563\" src=\"https:\/\/www.derbedrosian.nl\/wp-content\/uploads\/rechtsgebied-bijstand-uitkering.jpg\" class=\"attachment-full size-full\" alt=\"Solicitud de prestaciones de la seguridad social abogado de la seguridad social soltero 2023\" srcset=\"https:\/\/www.derbedrosian.nl\/wp-content\/uploads\/rechtsgebied-bijstand-uitkering.jpg 1000w, https:\/\/www.derbedrosian.nl\/wp-content\/uploads\/rechtsgebied-bijstand-uitkering-400x225.jpg 400w, https:\/\/www.derbedrosian.nl\/wp-content\/uploads\/rechtsgebied-bijstand-uitkering-768x432.jpg 768w\" sizes=\"auto, (max-width: 1000px) 100vw, 1000px\" title=\"\">\t\t\t\t\t<\/div>\n\n\t\t\t\t\t\t<\/div>\n\t\t\t\t<\/div>\n\t\t\t\t<div class=\"elementor-element elementor-element-d7e646b elementor-hidden-desktop elementor-hidden-tablet elementor-hidden-mobile elementor-widget elementor-widget-heading\" data-id=\"d7e646b\" data-element_type=\"widget\" data-e-type=\"widget\" id=\"seo-word\" data-widget_type=\"heading.default\">\n\t\t\t\t<div class=\"elementor-widget-container\">\n\t\t\t\t\t<h2 class=\"elementor-heading-title elementor-size-default\">c\u00f3mo de alto es el beneficio yo no lo suficiente<\/h2>\t\t\t\t<\/div>\n\t\t\t\t<\/div>\n\t\t\t\t<div class=\"elementor-element elementor-element-91780e5 elementor-hidden-desktop elementor-hidden-tablet elementor-hidden-mobile elementor-widget elementor-widget-heading\" data-id=\"91780e5\" data-element_type=\"widget\" data-e-type=\"widget\" id=\"seo-word\" data-widget_type=\"heading.default\">\n\t\t\t\t<div class=\"elementor-widget-container\">\n\t\t\t\t\t<h5 class=\"elementor-heading-title elementor-size-default\">derecho a las prestaciones sociales<\/h5>\t\t\t\t<\/div>\n\t\t\t\t<\/div>\n\t\t\t\t<div class=\"elementor-element elementor-element-17dbc8d elementor-hidden-desktop elementor-hidden-tablet elementor-hidden-mobile elementor-widget elementor-widget-heading\" data-id=\"17dbc8d\" data-element_type=\"widget\" data-e-type=\"widget\" id=\"seo-word\" data-widget_type=\"heading.default\">\n\t\t\t\t<div class=\"elementor-widget-container\">\n\t\t\t\t\t<h5 class=\"elementor-heading-title elementor-size-default\">tiene derecho a asistencia<\/h5>\t\t\t\t<\/div>\n\t\t\t\t<\/div>\n\t\t\t\t<div class=\"elementor-element elementor-element-900ae5a elementor-hidden-desktop elementor-hidden-tablet elementor-hidden-mobile elementor-widget elementor-widget-heading\" data-id=\"900ae5a\" data-element_type=\"widget\" data-e-type=\"widget\" id=\"seo-word\" data-widget_type=\"heading.default\">\n\t\t\t\t<div class=\"elementor-widget-container\">\n\t\t\t\t\t<h5 class=\"elementor-heading-title elementor-size-default\">solicitar ayuda<\/h5>\t\t\t\t<\/div>\n\t\t\t\t<\/div>\n\t\t\t\t<div class=\"elementor-element elementor-element-6f7550b elementor-hidden-desktop elementor-hidden-tablet elementor-hidden-mobile elementor-widget elementor-widget-heading\" data-id=\"6f7550b\" data-element_type=\"widget\" data-e-type=\"widget\" id=\"seo-word\" data-widget_type=\"heading.default\">\n\t\t\t\t<div class=\"elementor-widget-container\">\n\t\t\t\t\t<h5 class=\"elementor-heading-title elementor-size-default\">ley de seguridad social<\/h5>\t\t\t\t<\/div>\n\t\t\t\t<\/div>\n\t\t\t\t<div class=\"elementor-element elementor-element-cd075ba elementor-hidden-desktop elementor-hidden-tablet elementor-hidden-mobile elementor-widget elementor-widget-heading\" data-id=\"cd075ba\" data-element_type=\"widget\" data-e-type=\"widget\" id=\"seo-word\" data-widget_type=\"heading.default\">\n\t\t\t\t<div class=\"elementor-widget-container\">\n\t\t\t\t\t<h5 class=\"elementor-heading-title elementor-size-default\">el beneficio en el que me estoy convirtiendo \u00bfqu\u00e9 debo organizar<\/h5>\t\t\t\t<\/div>\n\t\t\t\t<\/div>\n\t\t\t\t<div class=\"elementor-element elementor-element-492bea3 elementor-hidden-desktop elementor-hidden-tablet elementor-hidden-mobile elementor-widget elementor-widget-heading\" data-id=\"492bea3\" data-element_type=\"widget\" data-e-type=\"widget\" id=\"seo-word\" data-widget_type=\"heading.default\">\n\t\t\t\t<div class=\"elementor-widget-container\">\n\t\t\t\t\t<h5 class=\"elementor-heading-title elementor-size-default\">Derecho de la seguridad social abogado overijssel<\/h5>\t\t\t\t<\/div>\n\t\t\t\t<\/div>\n\t\t\t\t<div class=\"elementor-element elementor-element-9548e4a elementor-hidden-desktop elementor-hidden-tablet elementor-hidden-mobile elementor-widget elementor-widget-heading\" data-id=\"9548e4a\" data-element_type=\"widget\" data-e-type=\"widget\" id=\"seo-word\" data-widget_type=\"heading.default\">\n\t\t\t\t<div class=\"elementor-widget-container\">\n\t\t\t\t\t<h5 class=\"elementor-heading-title elementor-size-default\">abogado derecho de la seguridad social\nenschede<\/h5>\t\t\t\t<\/div>\n\t\t\t\t<\/div>\n\t\t\t\t<div class=\"elementor-element elementor-element-85e6caa elementor-hidden-desktop elementor-hidden-tablet elementor-hidden-mobile elementor-widget elementor-widget-heading\" data-id=\"85e6caa\" data-element_type=\"widget\" data-e-type=\"widget\" id=\"seo-word\" data-widget_type=\"heading.default\">\n\t\t\t\t<div class=\"elementor-widget-container\">\n\t\t\t\t\t<h5 class=\"elementor-heading-title elementor-size-default\">Derecho de la seguridad social abogado enschede<\/h5>\t\t\t\t<\/div>\n\t\t\t\t<\/div>\n\t\t\t\t<div class=\"elementor-element elementor-element-c39d5a1 elementor-hidden-desktop elementor-hidden-tablet elementor-hidden-mobile elementor-widget elementor-widget-heading\" data-id=\"c39d5a1\" data-element_type=\"widget\" data-e-type=\"widget\" id=\"seo-word\" data-widget_type=\"heading.default\">\n\t\t\t\t<div class=\"elementor-widget-container\">\n\t\t\t\t\t<h5 class=\"elementor-heading-title elementor-size-default\">el beneficio en el que me estoy convirtiendo \u00bfqu\u00e9 debo organizar<\/h5>\t\t\t\t<\/div>\n\t\t\t\t<\/div>\n\t\t\t\t<div class=\"elementor-element elementor-element-cdaf5d7 elementor-hidden-desktop elementor-hidden-tablet elementor-hidden-mobile elementor-widget elementor-widget-heading\" data-id=\"cdaf5d7\" data-element_type=\"widget\" data-e-type=\"widget\" id=\"seo-word\" data-widget_type=\"heading.default\">\n\t\t\t\t<div class=\"elementor-widget-container\">\n\t\t\t\t\t<h5 class=\"elementor-heading-title elementor-size-default\">Derbedrosian Social Security Lawyers, con sede en Enschede y que opera en la regi\u00f3n de Overijssel, ofrece asesoramiento jur\u00eddico especializado y representaci\u00f3n en el \u00e1mbito del derecho de la seguridad social. Nuestros abogados especializados comprenden las complejas normativas y procedimientos de este \u00e1mbito del derecho y est\u00e1n a su disposici\u00f3n para ayudarle en sus asuntos legales.\n\nSi quiere optar a prestaciones sociales y necesita ayuda con el proceso de solicitud, nuestros abogados pueden guiarle y asesorarle para garantizar que cumple todos los requisitos y que sus derechos est\u00e1n protegidos.\n\nTanto si se trata de solicitar prestaciones sociales como de otras cuestiones relacionadas con el derecho de la seguridad social, en Derbedrosian Social Security Lawyers est\u00e1 en manos expertas. No dude en ponerse en contacto con nosotros para recibir asistencia y asesoramiento jur\u00eddico a su medida. Estamos dispuestos a velar por sus intereses.<\/h5>\t\t\t\t<\/div>\n\t\t\t\t<\/div>\n\t\t\t\t<div class=\"elementor-element elementor-element-8af98b5 elementor-widget elementor-widget-heading\" data-id=\"8af98b5\" data-element_type=\"widget\" data-e-type=\"widget\" data-widget_type=\"heading.default\">\n\t\t\t\t<div class=\"elementor-widget-container\">\n\t\t\t\t\t<h3 class=\"elementor-heading-title elementor-size-default\">Qu\u00e9 es una prestaci\u00f3n de asistencia<\/h3>\t\t\t\t<\/div>\n\t\t\t\t<\/div>\n\t\t\t\t<div class=\"elementor-element elementor-element-1f4c741 color-scheme-inherit text-left elementor-widget elementor-widget-text-editor\" data-id=\"1f4c741\" data-element_type=\"widget\" data-e-type=\"widget\" data-widget_type=\"text-editor.default\">\n\t\t\t\t<div class=\"elementor-widget-container\">\n\t\t\t\t\t\t\t\t\t<p>La prestaci\u00f3n asistencial es una ayuda econ\u00f3mica que se concede en los Pa\u00edses Bajos a las personas cuyos ingresos son insuficientes para hacer frente a sus gastos b\u00e1sicos de subsistencia. Sirve de red de seguridad dentro del sistema de seguridad social y pueden solicitarla las personas y familias que atraviesan dificultades econ\u00f3micas temporales o a largo plazo.<\/p>\t\t\t\t\t\t\t\t<\/div>\n\t\t\t\t<\/div>\n\t\t\t\t<div class=\"elementor-element elementor-element-10cac1f elementor-widget elementor-widget-spacer\" data-id=\"10cac1f\" data-element_type=\"widget\" data-e-type=\"widget\" data-widget_type=\"spacer.default\">\n\t\t\t\t<div class=\"elementor-widget-container\">\n\t\t\t\t\t\t\t<div class=\"elementor-spacer\">\n\t\t\t<div class=\"elementor-spacer-inner\"><\/div>\n\t\t<\/div>\n\t\t\t\t\t\t<\/div>\n\t\t\t\t<\/div>\n\t\t\t\t<div class=\"elementor-element elementor-element-22fb611 elementor-widget elementor-widget-heading\" data-id=\"22fb611\" data-element_type=\"widget\" data-e-type=\"widget\" data-widget_type=\"heading.default\">\n\t\t\t\t<div class=\"elementor-widget-container\">\n\t\t\t\t\t<h3 class=\"elementor-heading-title elementor-size-default\">\u00bfTengo derecho a prestaciones sociales?<\/h3>\t\t\t\t<\/div>\n\t\t\t\t<\/div>\n\t\t\t\t<div class=\"elementor-element elementor-element-eeaf8f3 color-scheme-inherit text-left elementor-widget elementor-widget-text-editor\" data-id=\"eeaf8f3\" data-element_type=\"widget\" data-e-type=\"widget\" data-widget_type=\"text-editor.default\">\n\t\t\t\t<div class=\"elementor-widget-container\">\n\t\t\t\t\t\t\t\t\t<p>Una prestaci\u00f3n de asistencia es una ayuda econ\u00f3mica de la que pueden beneficiarse las personas que viven en Holanda y atraviesan dificultades econ\u00f3micas. Para tener derecho a una prestaci\u00f3n de asistencia, debe cumplir los siguientes requisitos:<\/p><ul><li><strong>Nacionalidad o permiso de residencia en vigor:\u00a0<\/strong> En primer lugar, debe tener la nacionalidad neerlandesa o ser titular de un permiso de residencia v\u00e1lido que le permita permanecer en los Pa\u00edses Bajos. Se trata de un requisito imprescindible para tener derecho a la ayuda.<\/li><li><strong>La edad:<\/strong> Debe tener 18 a\u00f1os o m\u00e1s para tener derecho a las prestaciones de asistencia. Esto significa que los menores no suelen tener derecho a la asistencia.<\/li><li><strong>Ingresos o activos insuficientes:<\/strong> Otro requisito es que no disponga de ingresos o bienes suficientes para mantenerse. Esto significa que si sus recursos econ\u00f3micos son insuficientes para cubrir los gastos b\u00e1sicos de subsistencia, como la vivienda y la alimentaci\u00f3n, puede optar a la ayuda.<\/li><li><strong>Sin derecho a otras prestaciones:<\/strong> tambi\u00e9n es importante que no tenga derecho a otra prestaci\u00f3n que cubra necesidades econ\u00f3micas similares. Esto puede incluir prestaciones como la Ley del Seguro de Desempleo (WW) o la Ley de Trabajo e Ingresos en funci\u00f3n de la Capacidad Laboral (WIA). Si tiene derecho a otra prestaci\u00f3n, normalmente no tendr\u00e1 derecho a las prestaciones sociales.<\/li><\/ul><p>Tambi\u00e9n es obligatorio que pueda demostrar que est\u00e1 haciendo esfuerzos para conservar o volver a trabajar. Esto incluye la b\u00fasqueda activa de trabajo o la participaci\u00f3n en programas de reinserci\u00f3n si son aplicables a su situaci\u00f3n.<\/p>\t\t\t\t\t\t\t\t<\/div>\n\t\t\t\t<\/div>\n\t\t\t\t<div class=\"elementor-element elementor-element-ec2b466 elementor-widget elementor-widget-spacer\" data-id=\"ec2b466\" data-element_type=\"widget\" data-e-type=\"widget\" data-widget_type=\"spacer.default\">\n\t\t\t\t<div class=\"elementor-widget-container\">\n\t\t\t\t\t\t\t<div class=\"elementor-spacer\">\n\t\t\t<div class=\"elementor-spacer-inner\"><\/div>\n\t\t<\/div>\n\t\t\t\t\t\t<\/div>\n\t\t\t\t<\/div>\n\t\t\t\t<div class=\"elementor-element elementor-element-12d129c elementor-widget elementor-widget-heading\" data-id=\"12d129c\" data-element_type=\"widget\" data-e-type=\"widget\" data-widget_type=\"heading.default\">\n\t\t\t\t<div class=\"elementor-widget-container\">\n\t\t\t\t\t<h3 class=\"elementor-heading-title elementor-size-default\">\u00bfCu\u00e1l es el capital m\u00e1ximo para tener derecho a las prestaciones sociales?<\/h3>\t\t\t\t<\/div>\n\t\t\t\t<\/div>\n\t\t\t\t<div class=\"elementor-element elementor-element-027f6f8 color-scheme-inherit text-left elementor-widget elementor-widget-text-editor\" data-id=\"027f6f8\" data-element_type=\"widget\" data-e-type=\"widget\" data-widget_type=\"text-editor.default\">\n\t\t\t\t<div class=\"elementor-widget-container\">\n\t\t\t\t\t\t\t\t\t<p>Cuando re\u00fane los requisitos para recibir prestaciones sociales, existen l\u00edmites en cuanto a sus recursos econ\u00f3micos y a los bienes que puede poseer. Estos l\u00edmites<span style=\"color: var(--wd-text-color); font-size: 17.6px; letter-spacing: var( --e-global-typography-text-letter-spacing ); text-transform: var( --e-global-typography-text-text-transform ); word-spacing: var( --e-global-typography-text-word-spacing );\">\u00a0para lo que una persona puede tener en ahorros y activos est\u00e1n ah\u00ed para garantizar que las prestaciones de asistencia social lleguen a las personas que realmente las necesitan econ\u00f3micamente. Los importes exactos de los l\u00edmites de activos se detallan a continuaci\u00f3n.<\/span><\/p><ul><li><strong>Matrimonios, parejas de hecho y familias monoparentales:<\/strong> Para este grupo, el l\u00edmite fijado para los activos es de 15.210 euros. Esto significa que si est\u00e1 casado, cohabita o es padre soltero, el importe total de sus ahorros y activos no debe superar esta cantidad para poder optar a la ayuda.<\/li><li><strong>Individuales:<\/strong> si es soltero, el l\u00edmite de activos es inferior, de 7.605 euros. Esto significa que los solteros deben mantener sus ahorros, bienes y propiedades como un coche o una herencia por debajo de esta cantidad para poder optar a la ayuda.<\/li><\/ul>\t\t\t\t\t\t\t\t<\/div>\n\t\t\t\t<\/div>\n\t\t\t\t<div class=\"elementor-element elementor-element-c7e717c elementor-widget elementor-widget-spacer\" data-id=\"c7e717c\" data-element_type=\"widget\" data-e-type=\"widget\" data-widget_type=\"spacer.default\">\n\t\t\t\t<div class=\"elementor-widget-container\">\n\t\t\t\t\t\t\t<div class=\"elementor-spacer\">\n\t\t\t<div class=\"elementor-spacer-inner\"><\/div>\n\t\t<\/div>\n\t\t\t\t\t\t<\/div>\n\t\t\t\t<\/div>\n\t\t\t\t<div class=\"elementor-element elementor-element-15265a2 elementor-widget elementor-widget-heading\" data-id=\"15265a2\" data-element_type=\"widget\" data-e-type=\"widget\" data-widget_type=\"heading.default\">\n\t\t\t\t<div class=\"elementor-widget-container\">\n\t\t\t\t\t<h3 class=\"elementor-heading-title elementor-size-default\">\u00bfCu\u00e1ndo no tengo derecho a la ayuda?<\/h3>\t\t\t\t<\/div>\n\t\t\t\t<\/div>\n\t\t\t\t<div class=\"elementor-element elementor-element-4965faa color-scheme-inherit text-left elementor-widget elementor-widget-text-editor\" data-id=\"4965faa\" data-element_type=\"widget\" data-e-type=\"widget\" data-widget_type=\"text-editor.default\">\n\t\t\t\t<div class=\"elementor-widget-container\">\n\t\t\t\t\t\t\t\t\t<p>Es importante tener claras las circunstancias en las que no tiene derecho a las prestaciones sociales. He aqu\u00ed algunas de esas situaciones:<\/p><ul><li><strong>Detenci\u00f3n:<\/strong> si est\u00e1 encarcelado como consecuencia de una condena penal, por lo general no tiene derecho a la ayuda.<\/li><li><strong>Posible detenci\u00f3n:<\/strong>\u00a0En el momento en que est\u00e9 a punto de ser encarcelado por una causa penal, su derecho a la asistencia suele suspenderse temporalmente.<\/li><li><strong>Servicio militar:<\/strong> si est\u00e1 prestando servicio militar y percibe ingresos como soldado, no suele tener derecho a la ayuda.<\/li><li><strong>No hay ingresos debido a la huelga:<\/strong>\u00a0si no tiene ingresos debido a su participaci\u00f3n en una huelga, no se considera una situaci\u00f3n en la que tenga derecho a recibir ayuda.<\/li><li><strong>Residencia de larga duraci\u00f3n fuera de los Pa\u00edses Bajos:<\/strong> Si permanece fuera de Holanda m\u00e1s de cuatro semanas, esto puede afectar a su derecho a la ayuda. Es aconsejable consultar las normas y requisitos espec\u00edficos relativos a la estancia en el extranjero.<\/li><li><strong>Financiaci\u00f3n para estudiantes:<\/strong> si tiene derecho a becas de estudios o ya las est\u00e1 recibiendo, esto puede afectar a su derecho a la ayuda.<\/li><li><strong>Edad y residencia en un centro:<\/strong> si tiene entre 18, 19 \u00f3 20 a\u00f1os y se encuentra en un centro, esto puede afectar a su derecho a la ayuda.<\/li><li><strong>Permiso no retribuido:<\/strong>\u00a0si ha disfrutado de un permiso no retribuido, es posible que no tenga derecho a asistencia durante ese periodo.<\/li><li><strong>Problemas de comportamiento menores de 27 a\u00f1os:<\/strong>\u00a0si tiene menos de 27 a\u00f1os y su comportamiento y actitud le impiden cumplir con sus obligaciones, esto puede limitar su derecho a la asistencia.<\/li><\/ul>\t\t\t\t\t\t\t\t<\/div>\n\t\t\t\t<\/div>\n\t\t\t\t<div class=\"elementor-element elementor-element-42f0ce1 elementor-widget elementor-widget-spacer\" data-id=\"42f0ce1\" data-element_type=\"widget\" data-e-type=\"widget\" data-widget_type=\"spacer.default\">\n\t\t\t\t<div class=\"elementor-widget-container\">\n\t\t\t\t\t\t\t<div class=\"elementor-spacer\">\n\t\t\t<div class=\"elementor-spacer-inner\"><\/div>\n\t\t<\/div>\n\t\t\t\t\t\t<\/div>\n\t\t\t\t<\/div>\n\t\t\t\t<div class=\"elementor-element elementor-element-525e02e elementor-widget elementor-widget-heading\" data-id=\"525e02e\" data-element_type=\"widget\" data-e-type=\"widget\" data-widget_type=\"heading.default\">\n\t\t\t\t<div class=\"elementor-widget-container\">\n\t\t\t\t\t<h3 class=\"elementor-heading-title elementor-size-default\">Abogado para prestaciones sociales<\/h3>\t\t\t\t<\/div>\n\t\t\t\t<\/div>\n\t\t\t\t<div class=\"elementor-element elementor-element-549b5a0 color-scheme-inherit text-left elementor-widget elementor-widget-text-editor\" data-id=\"549b5a0\" data-element_type=\"widget\" data-e-type=\"widget\" data-widget_type=\"text-editor.default\">\n\t\t\t\t<div class=\"elementor-widget-container\">\n\t\t\t\t\t\t\t\t\t<p>El derecho de la seguridad social es un campo complejo con muchas leyes y otras normas a las que hay que prestar atenci\u00f3n.<\/p><p>Para evitar tener problemas con sus prestaciones sociales, es aconsejable consultar a un abogado. El bufete de abogados Der Bedrosian ha <a href=\"https:\/\/www.derbedrosian.nl\/es\/abogados\/\">abogados especialistas<\/a> con experiencia en el <a href=\"https:\/\/www.derbedrosian.nl\/es\/jurisdicciones\/ley-de-seguridad-social\/\">ley de seguridad social<\/a>\u00a0y est\u00e1n preparados para proporcionarle apoyo profesional.<\/p><p>Cuando se ponga en contacto con nosotros, un abogado le orientar\u00e1 personalmente sobre su situaci\u00f3n.<\/p>\t\t\t\t\t\t\t\t<\/div>\n\t\t\t\t<\/div>\n\t\t\t\t\t<\/div>\n\t\t\t\t<\/div>\n\t\t\t\t<\/div>","protected":false},"excerpt":{"rendered":"<p>a cu\u00e1nto asciende la prestaci\u00f3n no cumplo los requisitos para percibir la prestaci\u00f3n social derecho a solicitar la prestaci\u00f3n social ley de seguridad social<\/p>","protected":false},"author":1,"featured_media":0,"parent":10804,"menu_order":0,"comment_status":"closed","ping_status":"closed","template":"","meta":{"footnotes":""},"class_list":["post-10808","page","type-page","status-publish","hentry"],"_links":{"self":[{"href":"https:\/\/www.derbedrosian.nl\/es\/wp-json\/wp\/v2\/pages\/10808","targetHints":{"allow":["GET"]}}],"collection":[{"href":"https:\/\/www.derbedrosian.nl\/es\/wp-json\/wp\/v2\/pages"}],"about":[{"href":"https:\/\/www.derbedrosian.nl\/es\/wp-json\/wp\/v2\/types\/page"}],"author":[{"embeddable":true,"href":"https:\/\/www.derbedrosian.nl\/es\/wp-json\/wp\/v2\/users\/1"}],"replies":[{"embeddable":true,"href":"https:\/\/www.derbedrosian.nl\/es\/wp-json\/wp\/v2\/comments?post=10808"}],"version-history":[{"count":0,"href":"https:\/\/www.derbedrosian.nl\/es\/wp-json\/wp\/v2\/pages\/10808\/revisions"}],"up":[{"embeddable":true,"href":"https:\/\/www.derbedrosian.nl\/es\/wp-json\/wp\/v2\/pages\/10804"}],"wp:attachment":[{"href":"https:\/\/www.derbedrosian.nl\/es\/wp-json\/wp\/v2\/media?parent=10808"}],"curies":[{"name":"wp","href":"https:\/\/api.w.org\/{rel}","templated":true}]}}