{"id":10799,"date":"2023-05-29T09:47:36","date_gmt":"2023-05-29T07:47:36","guid":{"rendered":"https:\/\/derbedrosian.nl\/?page_id=10799"},"modified":"2025-12-21T16:38:24","modified_gmt":"2025-12-21T14:38:24","slug":"procedimiento-medico","status":"publish","type":"page","link":"https:\/\/www.derbedrosian.nl\/es\/rechtsgebieden\/asielrecht\/medische-procedure\/","title":{"rendered":"Procedimiento m\u00e9dico"},"content":{"rendered":"<div data-elementor-type=\"wp-page\" data-elementor-id=\"10799\" class=\"elementor elementor-10799\" data-elementor-post-type=\"page\">\n\t\t\t\t<div class=\"wd-negative-gap elementor-element elementor-element-69754f4 e-flex e-con-boxed e-con e-parent\" data-id=\"69754f4\" data-element_type=\"container\" data-e-type=\"container\">\n\t\t\t\t\t<div class=\"e-con-inner\">\n\t\t\t\t<div class=\"elementor-element elementor-element-a97c004 color-scheme-inherit text-left elementor-widget elementor-widget-text-editor\" data-id=\"a97c004\" data-element_type=\"widget\" data-e-type=\"widget\" data-widget_type=\"text-editor.default\">\n\t\t\t\t<div class=\"elementor-widget-container\">\n\t\t\t\t\t\t\t\t\t<p><strong>El bufete Der Bedrosian cuenta con abogados especializados en el \u00e1mbito del procedimiento m\u00e9dico.<\/strong><\/p>\t\t\t\t\t\t\t\t<\/div>\n\t\t\t\t<\/div>\n\t\t\t\t<div class=\"elementor-element elementor-element-014b80a elementor-widget elementor-widget-spacer\" data-id=\"014b80a\" data-element_type=\"widget\" data-e-type=\"widget\" data-widget_type=\"spacer.default\">\n\t\t\t\t<div class=\"elementor-widget-container\">\n\t\t\t\t\t\t\t<div class=\"elementor-spacer\">\n\t\t\t<div class=\"elementor-spacer-inner\"><\/div>\n\t\t<\/div>\n\t\t\t\t\t\t<\/div>\n\t\t\t\t<\/div>\n\t\t\t\t<div class=\"elementor-element elementor-element-20731d3 elementor-widget elementor-widget-heading\" data-id=\"20731d3\" data-element_type=\"widget\" data-e-type=\"widget\" data-widget_type=\"heading.default\">\n\t\t\t\t<div class=\"elementor-widget-container\">\n\t\t\t\t\t<h3 class=\"elementor-heading-title elementor-size-default\">Permiso de residencia tratamiento m\u00e9dico<\/h3>\t\t\t\t<\/div>\n\t\t\t\t<\/div>\n\t\t\t\t<div class=\"elementor-element elementor-element-1530cd3 color-scheme-inherit text-left elementor-widget elementor-widget-text-editor\" data-id=\"1530cd3\" data-element_type=\"widget\" data-e-type=\"widget\" data-widget_type=\"text-editor.default\">\n\t\t\t\t<div class=\"elementor-widget-container\">\n\t\t\t\t\t\t\t\t\t<p>Puede que no se le permita permanecer m\u00e1s tiempo en Holanda, pero no puede abandonar Holanda por tratamiento m\u00e9dico. En determinadas situaciones, se le puede conceder la residencia por motivos m\u00e9dicos.<\/p><p><strong>Condici\u00f3n procedimiento m\u00e9dico<\/strong><\/p><ul><li>No puede viajar debido a su estado de salud o al de alguno de los miembros de su familia.<\/li><li>Si la interrupci\u00f3n del tratamiento m\u00e9dico da lugar a una emergencia m\u00e9dica<\/li><li>Si no puede recibir tratamiento m\u00e9dico en su pa\u00eds de origen.<\/li><\/ul>\t\t\t\t\t\t\t\t<\/div>\n\t\t\t\t<\/div>\n\t\t\t\t<div class=\"elementor-element elementor-element-9cbff0f elementor-widget elementor-widget-spacer\" data-id=\"9cbff0f\" data-element_type=\"widget\" data-e-type=\"widget\" data-widget_type=\"spacer.default\">\n\t\t\t\t<div class=\"elementor-widget-container\">\n\t\t\t\t\t\t\t<div class=\"elementor-spacer\">\n\t\t\t<div class=\"elementor-spacer-inner\"><\/div>\n\t\t<\/div>\n\t\t\t\t\t\t<\/div>\n\t\t\t\t<\/div>\n\t\t\t\t<div class=\"elementor-element elementor-element-3c76ff3 elementor-widget elementor-widget-heading\" data-id=\"3c76ff3\" data-element_type=\"widget\" data-e-type=\"widget\" data-widget_type=\"heading.default\">\n\t\t\t\t<div class=\"elementor-widget-container\">\n\t\t\t\t\t<h3 class=\"elementor-heading-title elementor-size-default\">Evaluaci\u00f3n IND<\/h3>\t\t\t\t<\/div>\n\t\t\t\t<\/div>\n\t\t\t\t<div class=\"elementor-element elementor-element-2340bca color-scheme-inherit text-left elementor-widget elementor-widget-text-editor\" data-id=\"2340bca\" data-element_type=\"widget\" data-e-type=\"widget\" data-widget_type=\"text-editor.default\">\n\t\t\t\t<div class=\"elementor-widget-container\">\n\t\t\t\t\t\t\t\t\tEl IND eval\u00faa la situaci\u00f3n m\u00e9dica de un extranjero en diferentes momentos. En primer lugar, el IND eval\u00faa la situaci\u00f3n m\u00e9dica en el momento de la decisi\u00f3n sobre la solicitud de residencia. Adem\u00e1s, el IND realiza un examen m\u00e9dico cuando el extranjero solicita un aplazamiento de la salida.\t\t\t\t\t\t\t\t<\/div>\n\t\t\t\t<\/div>\n\t\t\t\t<div class=\"elementor-element elementor-element-200194d elementor-widget elementor-widget-spacer\" data-id=\"200194d\" data-element_type=\"widget\" data-e-type=\"widget\" data-widget_type=\"spacer.default\">\n\t\t\t\t<div class=\"elementor-widget-container\">\n\t\t\t\t\t\t\t<div class=\"elementor-spacer\">\n\t\t\t<div class=\"elementor-spacer-inner\"><\/div>\n\t\t<\/div>\n\t\t\t\t\t\t<\/div>\n\t\t\t\t<\/div>\n\t\t\t\t<div class=\"elementor-element elementor-element-11a3f24 elementor-widget elementor-widget-heading\" data-id=\"11a3f24\" data-element_type=\"widget\" data-e-type=\"widget\" data-widget_type=\"heading.default\">\n\t\t\t\t<div class=\"elementor-widget-container\">\n\t\t\t\t\t<h3 class=\"elementor-heading-title elementor-size-default\">Oficina de Asesoramiento M\u00e9dico<\/h3>\t\t\t\t<\/div>\n\t\t\t\t<\/div>\n\t\t\t\t<div class=\"elementor-element elementor-element-785e670 color-scheme-inherit text-left elementor-widget elementor-widget-text-editor\" data-id=\"785e670\" data-element_type=\"widget\" data-e-type=\"widget\" data-widget_type=\"text-editor.default\">\n\t\t\t\t<div class=\"elementor-widget-container\">\n\t\t\t\t\t\t\t\t\t<p>La Oficina de Asesoramiento M\u00e9dico (BMA) desempe\u00f1a un papel importante en la evaluaci\u00f3n de las solicitudes de aplazamiento de la salida presentadas al Servicio de Inmigraci\u00f3n y Naturalizaci\u00f3n (IND). El IND dispone de personal especial que tramita estas solicitudes. El aplazamiento de la salida se concede en determinadas situaciones, a saber:<\/p><ul><li><strong>Tuberculosis:<\/strong> Si a la persona se le ha diagnosticado tuberculosis.<\/li><li><strong>Ingreso en un centro m\u00e9dico:<\/strong> cuando alguien es ingresado en una instituci\u00f3n m\u00e9dica y a\u00fan no puede salir.<\/li><li><strong>Las mujeres en la maternidad:<\/strong> si es probable que las mujeres den a luz en un plazo de seis semanas o se encuentran en periodo de maternidad.<\/li><\/ul><p>Para poder optar al aplazamiento de la salida, deben cumplirse unas condiciones espec\u00edficas, y el asesoramiento de la BMA desempe\u00f1a un papel fundamental en este sentido. La IND concede el aplazamiento cuando el consejo de la BMA demuestra que no se dispone de la atenci\u00f3n m\u00e9dica necesaria en el pa\u00eds de origen y que pronto puede surgir una situaci\u00f3n de emergencia que podr\u00eda provocar la muerte, discapacidad o da\u00f1os f\u00edsicos.<\/p><p>Si existen suficientes posibilidades de tratamiento m\u00e9dico en el pa\u00eds de origen, se rechazar\u00e1 la solicitud de aplazamiento. Adem\u00e1s, la BMA puede aconsejar que el viaje se realice en determinadas condiciones para garantizar la salud y la seguridad del interesado. En algunos casos, la BMA tambi\u00e9n puede recomendar que el extranjero sea trasladado a un m\u00e9dico o especialista para recibir atenci\u00f3n m\u00e9dica posterior a su llegada.<\/p><p>La BMA desempe\u00f1a un papel fundamental en la salvaguarda de la salud y el bienestar de las personas que solicitan la salida aplazada por motivos m\u00e9dicos. El proceso es cuidadoso y se basa en evaluaciones m\u00e9dicas para garantizar que se toman las decisiones correctas en estos asuntos tan delicados.\"<\/p>\t\t\t\t\t\t\t\t<\/div>\n\t\t\t\t<\/div>\n\t\t\t\t<div class=\"elementor-element elementor-element-0575ccc elementor-widget elementor-widget-spacer\" data-id=\"0575ccc\" data-element_type=\"widget\" data-e-type=\"widget\" data-widget_type=\"spacer.default\">\n\t\t\t\t<div class=\"elementor-widget-container\">\n\t\t\t\t\t\t\t<div class=\"elementor-spacer\">\n\t\t\t<div class=\"elementor-spacer-inner\"><\/div>\n\t\t<\/div>\n\t\t\t\t\t\t<\/div>\n\t\t\t\t<\/div>\n\t\t\t\t<div class=\"elementor-element elementor-element-528d009 elementor-widget elementor-widget-heading\" data-id=\"528d009\" data-element_type=\"widget\" data-e-type=\"widget\" data-widget_type=\"heading.default\">\n\t\t\t\t<div class=\"elementor-widget-container\">\n\t\t\t\t\t<h3 class=\"elementor-heading-title elementor-size-default\">Abogado permiso de residencia motivos m\u00e9dicos<\/h3>\t\t\t\t<\/div>\n\t\t\t\t<\/div>\n\t\t\t\t<div class=\"elementor-element elementor-element-4fda1d9 color-scheme-inherit text-left elementor-widget elementor-widget-text-editor\" data-id=\"4fda1d9\" data-element_type=\"widget\" data-e-type=\"widget\" data-widget_type=\"text-editor.default\">\n\t\t\t\t<div class=\"elementor-widget-container\">\n\t\t\t\t\t\t\t\t\t<p>El procedimiento de reclamaci\u00f3n de su abogado para obtener un permiso de residencia por motivos m\u00e9dicos consta de varios pasos. Nos gustar\u00eda explicarle claramente el proceso:<\/p><ul><li><strong>Queja:<\/strong> S\u00f3lo puede presentar su denuncia por escrito ante el tribunal. Ellos registrar\u00e1n su queja y enviar\u00e1n una copia al fiscal general.<\/li><li><strong>Evaluaci\u00f3n de la denuncia:<\/strong> la C\u00e1mara de Reclamaciones determinar\u00e1 si es necesario que usted d\u00e9 m\u00e1s explicaciones en una audiencia. Esto puede depender de la naturaleza de su queja.<\/li><li><strong>Convocatoria de sesi\u00f3n:<\/strong> si la C\u00e1mara de Reclamaciones decide que es necesaria una audiencia, recibir\u00e1 una citaci\u00f3n para asistir.<\/li><li><strong>Asiento:<\/strong> Durante la audiencia, la c\u00e1mara de quejas discutir\u00e1 su queja y le har\u00e1 todas las preguntas necesarias para comprender mejor su caso.<\/li><li><strong>Decisi\u00f3n:<\/strong> Tras la audiencia, la sala de embargos tomar\u00e1 una decisi\u00f3n que puede ser positiva o negativa . Su objetivo es hacerlo en las seis semanas siguientes a la audiencia.<\/li><li><strong>No cabe recurso:<\/strong> es importante saber que no hay posibilidad de apelar tras la decisi\u00f3n de la sala de embargos. Su decisi\u00f3n es definitiva.<\/li><\/ul>\t\t\t\t\t\t\t\t<\/div>\n\t\t\t\t<\/div>\n\t\t\t\t<div class=\"elementor-element elementor-element-09f6be3 elementor-widget elementor-widget-spacer\" data-id=\"09f6be3\" data-element_type=\"widget\" data-e-type=\"widget\" data-widget_type=\"spacer.default\">\n\t\t\t\t<div class=\"elementor-widget-container\">\n\t\t\t\t\t\t\t<div class=\"elementor-spacer\">\n\t\t\t<div class=\"elementor-spacer-inner\"><\/div>\n\t\t<\/div>\n\t\t\t\t\t\t<\/div>\n\t\t\t\t<\/div>\n\t\t\t\t<div class=\"elementor-element elementor-element-4ab6840 elementor-widget elementor-widget-heading\" data-id=\"4ab6840\" data-element_type=\"widget\" data-e-type=\"widget\" data-widget_type=\"heading.default\">\n\t\t\t\t<div class=\"elementor-widget-container\">\n\t\t\t\t\t<h3 class=\"elementor-heading-title elementor-size-default\">Procedimiento de reclamaci\u00f3n abogado <\/h3>\t\t\t\t<\/div>\n\t\t\t\t<\/div>\n\t\t\t\t<div class=\"elementor-element elementor-element-d510590 color-scheme-inherit text-left elementor-widget elementor-widget-text-editor\" data-id=\"d510590\" data-element_type=\"widget\" data-e-type=\"widget\" data-widget_type=\"text-editor.default\">\n\t\t\t\t<div class=\"elementor-widget-container\">\n\t\t\t\t\t\t\t\t\t<p>\u00bfEst\u00e1 usted actualmente enfermo o en tratamiento m\u00e9dico pero se enfrenta al reto de abandonar los Pa\u00edses Bajos? Entendemos que puede ser una situaci\u00f3n dif\u00edcil y nos gustar\u00eda aconsejarle que se ponga en contacto con nuestro bufete de abogados inmediatamente.<\/p><p>Nuestros experimentados abogados conocen bien las leyes relacionadas con la inmigraci\u00f3n y las cuestiones m\u00e9dicas. Est\u00e1n aqu\u00ed para apoyarle en el proceso de prolongaci\u00f3n de su estancia en los Pa\u00edses Bajos, incluso si actualmente necesita atenci\u00f3n m\u00e9dica.<\/p><p>P\u00f3ngase en contacto con nosotros hoy mismo para que podamos analizar la situaci\u00f3n con usted.<\/p>\t\t\t\t\t\t\t\t<\/div>\n\t\t\t\t<\/div>\n\t\t\t\t\t<\/div>\n\t\t\t\t<\/div>\n\t\t\t\t<\/div>","protected":false},"excerpt":{"rendered":"<p>El bufete Der Bedrosian cuenta con abogados especializados en el \u00e1mbito del procedimiento m\u00e9dico. Permiso de residencia tratamiento m\u00e9dico Puede ocurrir que<\/p>","protected":false},"author":1,"featured_media":0,"parent":10757,"menu_order":0,"comment_status":"closed","ping_status":"closed","template":"","meta":{"footnotes":""},"class_list":["post-10799","page","type-page","status-publish","hentry"],"_links":{"self":[{"href":"https:\/\/www.derbedrosian.nl\/es\/wp-json\/wp\/v2\/pages\/10799","targetHints":{"allow":["GET"]}}],"collection":[{"href":"https:\/\/www.derbedrosian.nl\/es\/wp-json\/wp\/v2\/pages"}],"about":[{"href":"https:\/\/www.derbedrosian.nl\/es\/wp-json\/wp\/v2\/types\/page"}],"author":[{"embeddable":true,"href":"https:\/\/www.derbedrosian.nl\/es\/wp-json\/wp\/v2\/users\/1"}],"replies":[{"embeddable":true,"href":"https:\/\/www.derbedrosian.nl\/es\/wp-json\/wp\/v2\/comments?post=10799"}],"version-history":[{"count":0,"href":"https:\/\/www.derbedrosian.nl\/es\/wp-json\/wp\/v2\/pages\/10799\/revisions"}],"up":[{"embeddable":true,"href":"https:\/\/www.derbedrosian.nl\/es\/wp-json\/wp\/v2\/pages\/10757"}],"wp:attachment":[{"href":"https:\/\/www.derbedrosian.nl\/es\/wp-json\/wp\/v2\/media?parent=10799"}],"curies":[{"name":"wp","href":"https:\/\/api.w.org\/{rel}","templated":true}]}}