{"id":10794,"date":"2023-05-29T09:45:51","date_gmt":"2023-05-29T07:45:51","guid":{"rendered":"https:\/\/derbedrosian.nl\/?page_id=10794"},"modified":"2025-12-21T16:36:26","modified_gmt":"2025-12-21T14:36:26","slug":"repetidas-solicitudes-de-asilo-hasa","status":"publish","type":"page","link":"https:\/\/www.derbedrosian.nl\/es\/rechtsgebieden\/asielrecht\/herhaalde-asielaanvragen-hasa\/","title":{"rendered":"Solicitudes de asilo repetidas HASA"},"content":{"rendered":"<div data-elementor-type=\"wp-page\" data-elementor-id=\"10794\" class=\"elementor elementor-10794\" data-elementor-post-type=\"page\">\n\t\t\t\t<div class=\"wd-negative-gap elementor-element elementor-element-25c683a e-flex e-con-boxed e-con e-parent\" data-id=\"25c683a\" data-element_type=\"container\" data-e-type=\"container\">\n\t\t\t\t\t<div class=\"e-con-inner\">\n\t\t\t\t<div class=\"elementor-element elementor-element-9d6b899 elementor-hidden-desktop elementor-hidden-tablet elementor-hidden-mobile elementor-widget elementor-widget-wd_image_or_svg\" data-id=\"9d6b899\" data-element_type=\"widget\" data-e-type=\"widget\" id=\"seo-word\" data-widget_type=\"wd_image_or_svg.default\">\n\t\t\t\t<div class=\"elementor-widget-container\">\n\t\t\t\t\t\n\t\t<div class=\"wd-image text-left\">\n\t\t\t\t\t\t\t\t<img loading=\"lazy\" decoding=\"async\" width=\"1000\" height=\"666\" src=\"https:\/\/www.derbedrosian.nl\/wp-content\/uploads\/rechtsgebied-herhaalde-asielaanvragen.jpg\" class=\"attachment-full size-full\" alt=\"solicitudes de asilo reiteradas formulario HASA abogado ley de asilo hasa ind\" srcset=\"https:\/\/www.derbedrosian.nl\/wp-content\/uploads\/rechtsgebied-herhaalde-asielaanvragen.jpg 1000w, https:\/\/www.derbedrosian.nl\/wp-content\/uploads\/rechtsgebied-herhaalde-asielaanvragen-400x266.jpg 400w, https:\/\/www.derbedrosian.nl\/wp-content\/uploads\/rechtsgebied-herhaalde-asielaanvragen-768x511.jpg 768w\" sizes=\"auto, (max-width: 1000px) 100vw, 1000px\" title=\"\">\t\t\t\t\t<\/div>\n\n\t\t\t\t\t\t<\/div>\n\t\t\t\t<\/div>\n\t\t\t\t<div class=\"elementor-element elementor-element-dde9491 elementor-hidden-desktop elementor-hidden-tablet elementor-hidden-mobile elementor-widget elementor-widget-heading\" data-id=\"dde9491\" data-element_type=\"widget\" data-e-type=\"widget\" id=\"seo-word\" data-widget_type=\"heading.default\">\n\t\t\t\t<div class=\"elementor-widget-container\">\n\t\t\t\t\t<h2 class=\"elementor-heading-title elementor-size-default\">derecho de asilo <\/h2>\t\t\t\t<\/div>\n\t\t\t\t<\/div>\n\t\t\t\t<div class=\"elementor-element elementor-element-c5268c6 elementor-hidden-desktop elementor-hidden-tablet elementor-hidden-mobile elementor-widget elementor-widget-heading\" data-id=\"c5268c6\" data-element_type=\"widget\" data-e-type=\"widget\" id=\"seo-word\" data-widget_type=\"heading.default\">\n\t\t\t\t<div class=\"elementor-widget-container\">\n\t\t\t\t\t<h5 class=\"elementor-heading-title elementor-size-default\">Repetir el formulario de solicitud de asilo<\/h5>\t\t\t\t<\/div>\n\t\t\t\t<\/div>\n\t\t\t\t<div class=\"elementor-element elementor-element-8c5eff1 elementor-hidden-desktop elementor-hidden-tablet elementor-hidden-mobile elementor-widget elementor-widget-heading\" data-id=\"8c5eff1\" data-element_type=\"widget\" data-e-type=\"widget\" id=\"seo-word\" data-widget_type=\"heading.default\">\n\t\t\t\t<div class=\"elementor-widget-container\">\n\t\t\t\t\t<h5 class=\"elementor-heading-title elementor-size-default\">ind<\/h5>\t\t\t\t<\/div>\n\t\t\t\t<\/div>\n\t\t\t\t<div class=\"elementor-element elementor-element-85f44a0 elementor-hidden-desktop elementor-hidden-tablet elementor-hidden-mobile elementor-widget elementor-widget-heading\" data-id=\"85f44a0\" data-element_type=\"widget\" data-e-type=\"widget\" id=\"seo-word\" data-widget_type=\"heading.default\">\n\t\t\t\t<div class=\"elementor-widget-container\">\n\t\t\t\t\t<h5 class=\"elementor-heading-title elementor-size-default\">abogado de asilo<\/h5>\t\t\t\t<\/div>\n\t\t\t\t<\/div>\n\t\t\t\t<div class=\"elementor-element elementor-element-9a3cb72 elementor-hidden-desktop elementor-hidden-mobile elementor-widget elementor-widget-heading\" data-id=\"9a3cb72\" data-element_type=\"widget\" data-e-type=\"widget\" id=\"seo-word\" data-widget_type=\"heading.default\">\n\t\t\t\t<div class=\"elementor-widget-container\">\n\t\t\t\t\t<h5 class=\"elementor-heading-title elementor-size-default\">diferencia entre derecho de refugiados y derecho de asilo<\/h5>\t\t\t\t<\/div>\n\t\t\t\t<\/div>\n\t\t\t\t<div class=\"elementor-element elementor-element-d06d2d9 elementor-hidden-desktop elementor-hidden-tablet elementor-hidden-mobile elementor-widget elementor-widget-heading\" data-id=\"d06d2d9\" data-element_type=\"widget\" data-e-type=\"widget\" id=\"seo-word\" data-widget_type=\"heading.default\">\n\t\t\t\t<div class=\"elementor-widget-container\">\n\t\t\t\t\t<h5 class=\"elementor-heading-title elementor-size-default\">repetida solicitud de asilo hasa<\/h5>\t\t\t\t<\/div>\n\t\t\t\t<\/div>\n\t\t\t\t<div class=\"elementor-element elementor-element-145a390 elementor-hidden-desktop elementor-hidden-tablet elementor-hidden-mobile elementor-widget elementor-widget-heading\" data-id=\"145a390\" data-element_type=\"widget\" data-e-type=\"widget\" id=\"seo-word\" data-widget_type=\"heading.default\">\n\t\t\t\t<div class=\"elementor-widget-container\">\n\t\t\t\t\t<h5 class=\"elementor-heading-title elementor-size-default\">carta de fuego a la segunda c\u00e1mara<\/h5>\t\t\t\t<\/div>\n\t\t\t\t<\/div>\n\t\t\t\t<div class=\"elementor-element elementor-element-62e6d20 elementor-hidden-desktop elementor-hidden-tablet elementor-hidden-mobile elementor-widget elementor-widget-heading\" data-id=\"62e6d20\" data-element_type=\"widget\" data-e-type=\"widget\" id=\"seo-word\" data-widget_type=\"heading.default\">\n\t\t\t\t<div class=\"elementor-widget-container\">\n\t\t\t\t\t<h5 class=\"elementor-heading-title elementor-size-default\">d\u00eda puntos v fase<\/h5>\t\t\t\t<\/div>\n\t\t\t\t<\/div>\n\t\t\t\t<div class=\"elementor-element elementor-element-8a580e3 elementor-hidden-desktop elementor-hidden-tablet elementor-hidden-mobile elementor-widget elementor-widget-heading\" data-id=\"8a580e3\" data-element_type=\"widget\" data-e-type=\"widget\" id=\"seo-word\" data-widget_type=\"heading.default\">\n\t\t\t\t<div class=\"elementor-widget-container\">\n\t\t\t\t\t<h5 class=\"elementor-heading-title elementor-size-default\">abogado enschede derecho de asilo<\/h5>\t\t\t\t<\/div>\n\t\t\t\t<\/div>\n\t\t\t\t<div class=\"elementor-element elementor-element-8cfdb2b elementor-hidden-desktop elementor-hidden-tablet elementor-hidden-mobile elementor-widget elementor-widget-heading\" data-id=\"8cfdb2b\" data-element_type=\"widget\" data-e-type=\"widget\" id=\"seo-word\" data-widget_type=\"heading.default\">\n\t\t\t\t<div class=\"elementor-widget-container\">\n\t\t\t\t\t<h5 class=\"elementor-heading-title elementor-size-default\">derecho de asilo enschede<\/h5>\t\t\t\t<\/div>\n\t\t\t\t<\/div>\n\t\t\t\t<div class=\"elementor-element elementor-element-ced9ced elementor-hidden-desktop elementor-hidden-tablet elementor-hidden-mobile elementor-widget elementor-widget-heading\" data-id=\"ced9ced\" data-element_type=\"widget\" data-e-type=\"widget\" id=\"seo-word\" data-widget_type=\"heading.default\">\n\t\t\t\t<div class=\"elementor-widget-container\">\n\t\t\t\t\t<h5 class=\"elementor-heading-title elementor-size-default\">derecho de asilo abogado overijssel<\/h5>\t\t\t\t<\/div>\n\t\t\t\t<\/div>\n\t\t\t\t<div class=\"elementor-element elementor-element-554c7a3 elementor-hidden-desktop elementor-hidden-tablet elementor-hidden-mobile elementor-widget elementor-widget-heading\" data-id=\"554c7a3\" data-element_type=\"widget\" data-e-type=\"widget\" id=\"seo-word\" data-widget_type=\"heading.default\">\n\t\t\t\t<div class=\"elementor-widget-container\">\n\t\t\t\t\t<h5 class=\"elementor-heading-title elementor-size-default\">derecho de asilo abogado enschede<\/h5>\t\t\t\t<\/div>\n\t\t\t\t<\/div>\n\t\t\t\t<div class=\"elementor-element elementor-element-e34074f elementor-hidden-desktop elementor-hidden-tablet elementor-hidden-mobile elementor-widget elementor-widget-heading\" data-id=\"e34074f\" data-element_type=\"widget\" data-e-type=\"widget\" id=\"seo-word\" data-widget_type=\"heading.default\">\n\t\t\t\t<div class=\"elementor-widget-container\">\n\t\t\t\t\t<h5 class=\"elementor-heading-title elementor-size-default\">segunda sala sobre el procedimiento de asilo<\/h5>\t\t\t\t<\/div>\n\t\t\t\t<\/div>\n\t\t\t\t<div class=\"elementor-element elementor-element-3cce8b2 elementor-hidden-desktop elementor-hidden-tablet elementor-hidden-mobile elementor-widget elementor-widget-heading\" data-id=\"3cce8b2\" data-element_type=\"widget\" data-e-type=\"widget\" id=\"seo-word\" data-widget_type=\"heading.default\">\n\t\t\t\t<div class=\"elementor-widget-container\">\n\t\t\t\t\t<h5 class=\"elementor-heading-title elementor-size-default\">Una solicitud de asilo reiterada, a menudo denominada solicitud de asilo repetida (HASA, por sus siglas en ingl\u00e9s), puede presentarse en situaciones en las que un solicitante de asilo tenga nueva informaci\u00f3n que demuestre que puede haber nuevos motivos de protecci\u00f3n. Puede tratarse de un proceso jur\u00eddico complejo y requiere asesoramiento y orientaci\u00f3n jur\u00eddicos especializados.\n\nDerbedrosian Vreemdelingenrecht Advocaten en Enschede y Overijssel comprende los retos a los que se enfrentan los solicitantes de asilo con solicitudes de asilo repetidas. Nuestro equipo de abogados especializados puede ayudarle a cumplimentar el formulario de solicitud de asilo reiterada y a presentar su solicitud de asilo reiterada.\n\nAdem\u00e1s, comprendemos la importancia de plantear estas cuestiones a los responsables pol\u00edticos, y podemos asesorarle en la redacci\u00f3n de una carta incendiaria a la C\u00e1mara de Representantes para llamar la atenci\u00f3n sobre su situaci\u00f3n.\n\nSi est\u00e1 considerando presentar una solicitud de asilo reiterada, necesita ayuda con el procedimiento o desea asesoramiento sobre c\u00f3mo comunicarse con los responsables pol\u00edticos, no dude en ponerse en contacto con Derbedrosian Immigration Lawyers. Estamos dispuestos a ayudarle y a proteger sus derechos.<\/h5>\t\t\t\t<\/div>\n\t\t\t\t<\/div>\n\t\t\t\t<div class=\"elementor-element elementor-element-1211059 color-scheme-inherit text-left elementor-widget elementor-widget-text-editor\" data-id=\"1211059\" data-element_type=\"widget\" data-e-type=\"widget\" data-widget_type=\"text-editor.default\">\n\t\t\t\t<div class=\"elementor-widget-container\">\n\t\t\t\t\t\t\t\t\t<p><strong>\u00bfHa presentado anteriormente una solicitud de asilo que fue rechazada, pero la situaci\u00f3n en su pa\u00eds de origen ha cambiado? La solicitud de asilo repetida HASA puede ser la soluci\u00f3n que est\u00e1 buscando. Con la HASA, tiene la oportunidad de que se vuelva a evaluar su caso para crear una nueva oportunidad de tener un futuro seguro en los Pa\u00edses Bajos.<\/strong><\/p>\t\t\t\t\t\t\t\t<\/div>\n\t\t\t\t<\/div>\n\t\t\t\t<div class=\"elementor-element elementor-element-7885935 elementor-widget elementor-widget-spacer\" data-id=\"7885935\" data-element_type=\"widget\" data-e-type=\"widget\" data-widget_type=\"spacer.default\">\n\t\t\t\t<div class=\"elementor-widget-container\">\n\t\t\t\t\t\t\t<div class=\"elementor-spacer\">\n\t\t\t<div class=\"elementor-spacer-inner\"><\/div>\n\t\t<\/div>\n\t\t\t\t\t\t<\/div>\n\t\t\t\t<\/div>\n\t\t\t\t<div class=\"elementor-element elementor-element-1e92872 elementor-widget elementor-widget-heading\" data-id=\"1e92872\" data-element_type=\"widget\" data-e-type=\"widget\" data-widget_type=\"heading.default\">\n\t\t\t\t<div class=\"elementor-widget-container\">\n\t\t\t\t\t<h3 class=\"elementor-heading-title elementor-size-default\">\u00bfCu\u00e1ndo hablamos de Solicitudes de Asilo Repetidas HASA?<\/h3>\t\t\t\t<\/div>\n\t\t\t\t<\/div>\n\t\t\t\t<div class=\"elementor-element elementor-element-045c632 color-scheme-inherit text-left elementor-widget elementor-widget-text-editor\" data-id=\"045c632\" data-element_type=\"widget\" data-e-type=\"widget\" data-widget_type=\"text-editor.default\">\n\t\t\t\t<div class=\"elementor-widget-container\">\n\t\t\t\t\t\t\t\t\t<p>Una nueva solicitud de asilo La HASA ofrece la oportunidad de volver a solicitar asilo en los Pa\u00edses Bajos si se han producido cambios significativos en su pa\u00eds de origen o en sus circunstancias personales. Este procedimiento est\u00e1 dise\u00f1ado para dar a las personas que han recibido previamente una denegaci\u00f3n la oportunidad de que se vuelva a evaluar su caso. El objetivo de la HASA es garantizar la imparcialidad y la diligencia debida a las personas que tengan motivos para creer que su solicitud de asilo anterior puede no haber sido evaluada correctamente.<\/p>\t\t\t\t\t\t\t\t<\/div>\n\t\t\t\t<\/div>\n\t\t\t\t<div class=\"elementor-element elementor-element-79c274a elementor-widget elementor-widget-spacer\" data-id=\"79c274a\" data-element_type=\"widget\" data-e-type=\"widget\" data-widget_type=\"spacer.default\">\n\t\t\t\t<div class=\"elementor-widget-container\">\n\t\t\t\t\t\t\t<div class=\"elementor-spacer\">\n\t\t\t<div class=\"elementor-spacer-inner\"><\/div>\n\t\t<\/div>\n\t\t\t\t\t\t<\/div>\n\t\t\t\t<\/div>\n\t\t\t\t<div class=\"elementor-element elementor-element-565ffb0 elementor-widget elementor-widget-heading\" data-id=\"565ffb0\" data-element_type=\"widget\" data-e-type=\"widget\" data-widget_type=\"heading.default\">\n\t\t\t\t<div class=\"elementor-widget-container\">\n\t\t\t\t\t<h3 class=\"elementor-heading-title elementor-size-default\">Repetici\u00f3n de solicitudes de asilo Condiciones HASA<\/h3>\t\t\t\t<\/div>\n\t\t\t\t<\/div>\n\t\t\t\t<div class=\"elementor-element elementor-element-ac344f8 color-scheme-inherit text-left elementor-widget elementor-widget-text-editor\" data-id=\"ac344f8\" data-element_type=\"widget\" data-e-type=\"widget\" data-widget_type=\"text-editor.default\">\n\t\t\t\t<div class=\"elementor-widget-container\">\n\t\t\t\t\t\t\t\t\t<p>Para tener derecho a una Solicitud de Asilo Repetida HASA en los Pa\u00edses Bajos, deben cumplirse ciertas condiciones generales. A continuaci\u00f3n, enumeramos las condiciones para una solicitud de asilo de este tipo.<\/p><ul><li><strong>F\u00edsicamente en territorio holand\u00e9s:<\/strong> En primer lugar, debe encontrarse en territorio holand\u00e9s en el momento de presentar la solicitud. Esto significa que debe estar f\u00edsicamente presente en los Pa\u00edses Bajos cuando tenga lugar la presentaci\u00f3n de la solicitud de la HASA.<\/li><li><strong>Denegaci\u00f3n o revocaci\u00f3n previa del permiso de residencia:<\/strong> que haya solicitado asilo anteriormente en los Pa\u00edses Bajos y que esta solicitud haya sido rechazada por el Servicio de Inmigraci\u00f3n y Naturalizaci\u00f3n (IND). Tambi\u00e9n puede aplicarse si su permiso de residencia por asilo fue revocado previamente por el IND.<\/li><li><strong>Cambios de situaci\u00f3n o de pa\u00eds de origen:<\/strong> Debe haber habido cambios en su situaci\u00f3n personal o en la situaci\u00f3n de su pa\u00eds de origen. Estos cambios pueden ir desde circunstancias personales hasta cambios en la pol\u00edtica del IND o nuevas sentencias judiciales relevantes para su caso....<\/li><\/ul>\t\t\t\t\t\t\t\t<\/div>\n\t\t\t\t<\/div>\n\t\t\t\t<div class=\"elementor-element elementor-element-c5e7b27 elementor-widget elementor-widget-spacer\" data-id=\"c5e7b27\" data-element_type=\"widget\" data-e-type=\"widget\" data-widget_type=\"spacer.default\">\n\t\t\t\t<div class=\"elementor-widget-container\">\n\t\t\t\t\t\t\t<div class=\"elementor-spacer\">\n\t\t\t<div class=\"elementor-spacer-inner\"><\/div>\n\t\t<\/div>\n\t\t\t\t\t\t<\/div>\n\t\t\t\t<\/div>\n\t\t\t\t<div class=\"elementor-element elementor-element-3e65d96 elementor-widget elementor-widget-heading\" data-id=\"3e65d96\" data-element_type=\"widget\" data-e-type=\"widget\" data-widget_type=\"heading.default\">\n\t\t\t\t<div class=\"elementor-widget-container\">\n\t\t\t\t\t<h3 class=\"elementor-heading-title elementor-size-default\">Decisi\u00f3n de IND<\/h3>\t\t\t\t<\/div>\n\t\t\t\t<\/div>\n\t\t\t\t<div class=\"elementor-element elementor-element-f0e41b4 color-scheme-inherit text-left elementor-widget elementor-widget-text-editor\" data-id=\"f0e41b4\" data-element_type=\"widget\" data-e-type=\"widget\" data-widget_type=\"text-editor.default\">\n\t\t\t\t<div class=\"elementor-widget-container\">\n\t\t\t\t\t\t\t\t\t<p>En la p\u00e1gina web del IND encontrar\u00e1 un formulario de solicitud. Es importante que este formulario se rellene completamente en neerland\u00e9s y se justifique en la medida de lo posible con pruebas pertinentes. Una vez que haya presentado la solicitud, corresponde al IND evaluar si se celebrar\u00e1 o no una audiencia.<\/p><p>Si la decisi\u00f3n es positiva, \u00e9sta se anunciar\u00e1 inmediatamente el mismo d\u00eda de la audiencia. Incluso en el caso de una decisi\u00f3n negativa, \u00e9sta tambi\u00e9n se anunciar\u00e1 el mismo d\u00eda. Tras este anuncio, su abogado dispondr\u00e1 de un d\u00eda para responder a la decisi\u00f3n. Al d\u00eda siguiente, el IND tomar\u00e1 otra decisi\u00f3n o indicar\u00e1 que necesita m\u00e1s tiempo, por ejemplo, para seguir investigando determinados documentos.<\/p>\t\t\t\t\t\t\t\t<\/div>\n\t\t\t\t<\/div>\n\t\t\t\t<div class=\"elementor-element elementor-element-52bfeb7 elementor-widget elementor-widget-spacer\" data-id=\"52bfeb7\" data-element_type=\"widget\" data-e-type=\"widget\" data-widget_type=\"spacer.default\">\n\t\t\t\t<div class=\"elementor-widget-container\">\n\t\t\t\t\t\t\t<div class=\"elementor-spacer\">\n\t\t\t<div class=\"elementor-spacer-inner\"><\/div>\n\t\t<\/div>\n\t\t\t\t\t\t<\/div>\n\t\t\t\t<\/div>\n\t\t\t\t<div class=\"elementor-element elementor-element-fcd6808 elementor-widget elementor-widget-heading\" data-id=\"fcd6808\" data-element_type=\"widget\" data-e-type=\"widget\" data-widget_type=\"heading.default\">\n\t\t\t\t<div class=\"elementor-widget-container\">\n\t\t\t\t\t<h3 class=\"elementor-heading-title elementor-size-default\">Recurso<\/h3>\t\t\t\t<\/div>\n\t\t\t\t<\/div>\n\t\t\t\t<div class=\"elementor-element elementor-element-7001e0b color-scheme-inherit text-left elementor-widget elementor-widget-text-editor\" data-id=\"7001e0b\" data-element_type=\"widget\" data-e-type=\"widget\" data-widget_type=\"text-editor.default\">\n\t\t\t\t<div class=\"elementor-widget-container\">\n\t\t\t\t\t\t\t\t\t<p>No s\u00f3lo cuando se rechazan sucesivas solicitudes de asilo, sino tambi\u00e9n cuando el Servicio de Inmigraci\u00f3n y Naturalizaci\u00f3n (IND) adopta una decisi\u00f3n negativa, tiene la opci\u00f3n de apelar ante el tribunal. En caso de que la decisi\u00f3n del tribunal tambi\u00e9n sea negativa, existe otra opci\u00f3n de apelar ante la Divisi\u00f3n de Derecho Administrativo del Consejo de Estado (ABvRS).<\/p><p>Este proceso de apelaci\u00f3n le ofrece una oportunidad adicional de que se revise su caso y de presentar argumentos y pruebas adicionales. El ABvRS es un organismo independiente que eval\u00faa si la decisi\u00f3n del IND fue legal.<\/p>\t\t\t\t\t\t\t\t<\/div>\n\t\t\t\t<\/div>\n\t\t\t\t<div class=\"elementor-element elementor-element-f29c2e6 elementor-widget elementor-widget-spacer\" data-id=\"f29c2e6\" data-element_type=\"widget\" data-e-type=\"widget\" data-widget_type=\"spacer.default\">\n\t\t\t\t<div class=\"elementor-widget-container\">\n\t\t\t\t\t\t\t<div class=\"elementor-spacer\">\n\t\t\t<div class=\"elementor-spacer-inner\"><\/div>\n\t\t<\/div>\n\t\t\t\t\t\t<\/div>\n\t\t\t\t<\/div>\n\t\t\t\t<div class=\"elementor-element elementor-element-d9c540a elementor-widget elementor-widget-heading\" data-id=\"d9c540a\" data-element_type=\"widget\" data-e-type=\"widget\" data-widget_type=\"heading.default\">\n\t\t\t\t<div class=\"elementor-widget-container\">\n\t\t\t\t\t<h3 class=\"elementor-heading-title elementor-size-default\">\u00bfC\u00f3mo se desarrolla un procedimiento de Solicitud de Asilo Repetida HASA?<\/h3>\t\t\t\t<\/div>\n\t\t\t\t<\/div>\n\t\t\t\t<div class=\"elementor-element elementor-element-79df8a5 color-scheme-inherit text-left elementor-widget elementor-widget-text-editor\" data-id=\"79df8a5\" data-element_type=\"widget\" data-e-type=\"widget\" data-widget_type=\"text-editor.default\">\n\t\t\t\t<div class=\"elementor-widget-container\">\n\t\t\t\t\t\t\t\t\t<p>El procedimiento de asilo en los Pa\u00edses Bajos consta de varios pasos. A continuaci\u00f3n le ofrecemos un resumen m\u00e1s detallado del procedimiento:<\/p><ul><li><strong>Compruebe las condiciones:<\/strong> Antes de presentar una solicitud HASA, es importante que compruebe si cumple las condiciones para presentar una solicitud de asilo reiterada. Estas condiciones pueden variar en funci\u00f3n de su situaci\u00f3n espec\u00edfica.<\/li><li><strong>Recopilaci\u00f3n de documentos:<\/strong>\u00a0Re\u00fana todos los documentos pertinentes que pueda utilizar para respaldar su solicitud de HASA. \u00c9stos podr\u00edan incluir nuevas pruebas que demuestren que su situaci\u00f3n ha cambiado desde la anterior solicitud de asilo.<\/li><li><strong>Hacer la solicitud:<\/strong>\u00a0el formulario de solicitud completo en neerland\u00e9s y pres\u00e9ntelo en el mostrador de HASA en Ter Apel. Aseg\u00farese de incluir todos los documentos requeridos.<\/li><li><strong>Verificaci\u00f3n de la solicitud:<\/strong>\u00a0El Servicio de Inmigraci\u00f3n y Naturalizaci\u00f3n (IND) evaluar\u00e1 su solicitud y comprobar\u00e1 que est\u00e9 completa. Si faltan documentos o informaci\u00f3n, el IND puede pedirle que los complete.<\/li><li><strong>Audiencia o no:<\/strong>\u00a0Si el IND determina que existen suficientes hechos nuevos o un cambio de circunstancias que justifiquen una reconsideraci\u00f3n, podr\u00e1 celebrarse una audiencia en la que se le dar\u00e1 la oportunidad de explicar mejor su caso. Esta audiencia tiene por objeto proporcionarle informaci\u00f3n adicional y responder a las preguntas que pueda plantearle el IND.<\/li><li><strong>Decisi\u00f3n sobre la solicitud:<\/strong>\u00a0Bas\u00e1ndose en los documentos presentados, la audiencia y otra informaci\u00f3n relevante, el IND tomar\u00e1 una decisi\u00f3n sobre su solicitud de HASA. Esta decisi\u00f3n puede ser positiva o negativa.<\/li><li><strong>Recoger el permiso de residencia:<\/strong>\u00a0Si se aprueba la solicitud de HASA, recibir\u00e1 un permiso de residencia. Puede recoger este permiso en el IND o en otra autoridad designada. Aseg\u00farese de seguir todos los pasos necesarios para recibir y activar su permiso de residencia.<\/li><\/ul>\t\t\t\t\t\t\t\t<\/div>\n\t\t\t\t<\/div>\n\t\t\t\t<div class=\"elementor-element elementor-element-86138b9 elementor-widget elementor-widget-spacer\" data-id=\"86138b9\" data-element_type=\"widget\" data-e-type=\"widget\" data-widget_type=\"spacer.default\">\n\t\t\t\t<div class=\"elementor-widget-container\">\n\t\t\t\t\t\t\t<div class=\"elementor-spacer\">\n\t\t\t<div class=\"elementor-spacer-inner\"><\/div>\n\t\t<\/div>\n\t\t\t\t\t\t<\/div>\n\t\t\t\t<\/div>\n\t\t\t\t<div class=\"elementor-element elementor-element-2a2a4fe elementor-widget elementor-widget-heading\" data-id=\"2a2a4fe\" data-element_type=\"widget\" data-e-type=\"widget\" data-widget_type=\"heading.default\">\n\t\t\t\t<div class=\"elementor-widget-container\">\n\t\t\t\t\t<h3 class=\"elementor-heading-title elementor-size-default\">Abogado para solicitudes de asilo reiteradas<\/h3>\t\t\t\t<\/div>\n\t\t\t\t<\/div>\n\t\t\t\t<div class=\"elementor-element elementor-element-1cd712b color-scheme-inherit text-left elementor-widget elementor-widget-text-editor\" data-id=\"1cd712b\" data-element_type=\"widget\" data-e-type=\"widget\" data-widget_type=\"text-editor.default\">\n\t\t\t\t<div class=\"elementor-widget-container\">\n\t\t\t\t\t\t\t\t\t<p>Es vital pasar por el proceso de asilo de forma precisa, lo que puede llevar mucho tiempo si no se contrata a un abogado con experiencia.<\/p><p>El bufete Der Bedrosian cuenta con abogados expertos en las \u00e1reas de <a href=\"https:\/\/www.derbedrosian.nl\/es\/jurisdicciones\/derecho-de-asilo\/\">derecho de asilo<\/a> y por ello le ofrecemos ayuda profesional a lo largo de todo su proceso.<\/p><p>As\u00ed que no dude en ponerse en contacto con nosotros para elaborar un <a href=\"https:\/\/www.derbedrosian.nl\/es\/abogados\/\">abogado con experiencia<\/a> discuta su situaci\u00f3n.<\/p>\t\t\t\t\t\t\t\t<\/div>\n\t\t\t\t<\/div>\n\t\t\t\t\t<\/div>\n\t\t\t\t<\/div>\n\t\t\t\t<\/div>","protected":false},"excerpt":{"rendered":"<p>derecho de asilo Formulario de solicitud de asilo repetida abogado especializado en derecho de asilo derecho de refugiados y derecho de asilo diferencia solicitud de asilo repetida carta urgente a la C\u00e1mara Baja d\u00eda<\/p>","protected":false},"author":1,"featured_media":0,"parent":10757,"menu_order":0,"comment_status":"closed","ping_status":"closed","template":"","meta":{"footnotes":""},"class_list":["post-10794","page","type-page","status-publish","hentry"],"_links":{"self":[{"href":"https:\/\/www.derbedrosian.nl\/es\/wp-json\/wp\/v2\/pages\/10794","targetHints":{"allow":["GET"]}}],"collection":[{"href":"https:\/\/www.derbedrosian.nl\/es\/wp-json\/wp\/v2\/pages"}],"about":[{"href":"https:\/\/www.derbedrosian.nl\/es\/wp-json\/wp\/v2\/types\/page"}],"author":[{"embeddable":true,"href":"https:\/\/www.derbedrosian.nl\/es\/wp-json\/wp\/v2\/users\/1"}],"replies":[{"embeddable":true,"href":"https:\/\/www.derbedrosian.nl\/es\/wp-json\/wp\/v2\/comments?post=10794"}],"version-history":[{"count":0,"href":"https:\/\/www.derbedrosian.nl\/es\/wp-json\/wp\/v2\/pages\/10794\/revisions"}],"up":[{"embeddable":true,"href":"https:\/\/www.derbedrosian.nl\/es\/wp-json\/wp\/v2\/pages\/10757"}],"wp:attachment":[{"href":"https:\/\/www.derbedrosian.nl\/es\/wp-json\/wp\/v2\/media?parent=10794"}],"curies":[{"name":"wp","href":"https:\/\/api.w.org\/{rel}","templated":true}]}}