{"id":10789,"date":"2023-05-29T09:44:21","date_gmt":"2023-05-29T07:44:21","guid":{"rendered":"https:\/\/derbedrosian.nl\/?page_id=10789"},"modified":"2025-12-21T16:35:30","modified_gmt":"2025-12-21T14:35:30","slug":"reagrupacion-familiar-post-reunion","status":"publish","type":"page","link":"https:\/\/www.derbedrosian.nl\/es\/rechtsgebieden\/asielrecht\/gezinshereniging-nareis\/","title":{"rendered":"Reagrupaci\u00f3n familiar (posterior al viaje)"},"content":{"rendered":"<div data-elementor-type=\"wp-page\" data-elementor-id=\"10789\" class=\"elementor elementor-10789\" data-elementor-post-type=\"page\">\n\t\t\t\t<div class=\"wd-negative-gap elementor-element elementor-element-fde68bb e-flex e-con-boxed e-con e-parent\" data-id=\"fde68bb\" data-element_type=\"container\" data-e-type=\"container\">\n\t\t\t\t\t<div class=\"e-con-inner\">\n\t\t\t\t<div class=\"elementor-element elementor-element-141c632 color-scheme-inherit text-left elementor-widget elementor-widget-text-editor\" data-id=\"141c632\" data-element_type=\"widget\" data-e-type=\"widget\" data-widget_type=\"text-editor.default\">\n\t\t\t\t<div class=\"elementor-widget-container\">\n\t\t\t\t\t\t\t\t\t<p><strong>El bufete Der Bedrosian cuenta con abogados especializados en el \u00e1mbito de la reagrupaci\u00f3n familiar (post-retorno).<\/strong><\/p>\t\t\t\t\t\t\t\t<\/div>\n\t\t\t\t<\/div>\n\t\t\t\t<div class=\"elementor-element elementor-element-f0240e2 elementor-widget elementor-widget-heading\" data-id=\"f0240e2\" data-element_type=\"widget\" data-e-type=\"widget\" data-widget_type=\"heading.default\">\n\t\t\t\t<div class=\"elementor-widget-container\">\n\t\t\t\t\t<h3 class=\"elementor-heading-title elementor-size-default\">\u00bfQu\u00e9 es una reuni\u00f3n familiar?<\/h3>\t\t\t\t<\/div>\n\t\t\t\t<\/div>\n\t\t\t\t<div class=\"elementor-element elementor-element-274f90e color-scheme-inherit text-left elementor-widget elementor-widget-text-editor\" data-id=\"274f90e\" data-element_type=\"widget\" data-e-type=\"widget\" data-widget_type=\"text-editor.default\">\n\t\t\t\t<div class=\"elementor-widget-container\">\n\t\t\t\t\t\t\t\t\t<p>La reagrupaci\u00f3n familiar es la reuni\u00f3n de una familia que ha quedado separada debido a la guerra o a sus consecuencias. Una vez que un refugiado ha obtenido un permiso de residencia, puede traer a sus familiares a los Pa\u00edses Bajos.<\/p>\t\t\t\t\t\t\t\t<\/div>\n\t\t\t\t<\/div>\n\t\t\t\t<div class=\"elementor-element elementor-element-09590f8 elementor-widget elementor-widget-spacer\" data-id=\"09590f8\" data-element_type=\"widget\" data-e-type=\"widget\" data-widget_type=\"spacer.default\">\n\t\t\t\t<div class=\"elementor-widget-container\">\n\t\t\t\t\t\t\t<div class=\"elementor-spacer\">\n\t\t\t<div class=\"elementor-spacer-inner\"><\/div>\n\t\t<\/div>\n\t\t\t\t\t\t<\/div>\n\t\t\t\t<\/div>\n\t\t\t\t<div class=\"elementor-element elementor-element-0542018 elementor-widget elementor-widget-heading\" data-id=\"0542018\" data-element_type=\"widget\" data-e-type=\"widget\" data-widget_type=\"heading.default\">\n\t\t\t\t<div class=\"elementor-widget-container\">\n\t\t\t\t\t<h3 class=\"elementor-heading-title elementor-size-default\">Periodo posterior al viaje<\/h3>\t\t\t\t<\/div>\n\t\t\t\t<\/div>\n\t\t\t\t<div class=\"elementor-element elementor-element-5bfee2e color-scheme-inherit text-left elementor-widget elementor-widget-text-editor\" data-id=\"5bfee2e\" data-element_type=\"widget\" data-e-type=\"widget\" data-widget_type=\"text-editor.default\">\n\t\t\t\t<div class=\"elementor-widget-container\">\n\t\t\t\t\t\t\t\t\tLa solicitud de reagrupaci\u00f3n familiar, la solicitud MVV post-viaje debe presentarse en un plazo de 3 meses despu\u00e9s de que se notifique al reagrupante que se le ha concedido un permiso de asilo. \t\t\t\t\t\t\t\t<\/div>\n\t\t\t\t<\/div>\n\t\t\t\t<div class=\"elementor-element elementor-element-7974393 elementor-widget elementor-widget-spacer\" data-id=\"7974393\" data-element_type=\"widget\" data-e-type=\"widget\" data-widget_type=\"spacer.default\">\n\t\t\t\t<div class=\"elementor-widget-container\">\n\t\t\t\t\t\t\t<div class=\"elementor-spacer\">\n\t\t\t<div class=\"elementor-spacer-inner\"><\/div>\n\t\t<\/div>\n\t\t\t\t\t\t<\/div>\n\t\t\t\t<\/div>\n\t\t\t\t<div class=\"elementor-element elementor-element-77380f5 elementor-widget elementor-widget-heading\" data-id=\"77380f5\" data-element_type=\"widget\" data-e-type=\"widget\" data-widget_type=\"heading.default\">\n\t\t\t\t<div class=\"elementor-widget-container\">\n\t\t\t\t\t<h3 class=\"elementor-heading-title elementor-size-default\">Condiciones<\/h3>\t\t\t\t<\/div>\n\t\t\t\t<\/div>\n\t\t\t\t<div class=\"elementor-element elementor-element-981610a color-scheme-inherit text-left elementor-widget elementor-widget-text-editor\" data-id=\"981610a\" data-element_type=\"widget\" data-e-type=\"widget\" data-widget_type=\"text-editor.default\">\n\t\t\t\t<div class=\"elementor-widget-container\">\n\t\t\t\t\t\t\t\t\t<ul><li>Tiene un permiso de residencia por asilo<\/li><li>S\u00f3lo puede presentar esta solicitud para : Su c\u00f3nyuge su pareja, su hijo (acogido) sus padres ( S\u00f3lo puede presentar esta solicitud para sus padres si era soltero y menor de 18 a\u00f1os cuando solicit\u00f3 el asilo.<\/li><li>Solicita el mvv para su familiar en los tres meses siguientes a recibir el permiso de asilo.<\/li><li>Su familiar pertenece a su familia y tambi\u00e9n perteneci\u00f3 a su familia en el extranjero.<\/li><li>Ambos deben tener 18 a\u00f1os o m\u00e1s si solicita el mvv para su c\u00f3nyuge o pareja<\/li><li>Su familiar no ha cometido ninguna infracci\u00f3n o delito<\/li><li>El progenitor rezagado del pa\u00eds de origen debe firmar un formulario de consentimiento. De este modo, el progenitor autoriza la salida del menor hacia los Pa\u00edses Bajos.<\/li><li>Deber\u00e1 demostrar con documentos la identidad y el parentesco de su familiar.<\/li><\/ul>\t\t\t\t\t\t\t\t<\/div>\n\t\t\t\t<\/div>\n\t\t\t\t<div class=\"elementor-element elementor-element-7f67a54 elementor-widget elementor-widget-spacer\" data-id=\"7f67a54\" data-element_type=\"widget\" data-e-type=\"widget\" data-widget_type=\"spacer.default\">\n\t\t\t\t<div class=\"elementor-widget-container\">\n\t\t\t\t\t\t\t<div class=\"elementor-spacer\">\n\t\t\t<div class=\"elementor-spacer-inner\"><\/div>\n\t\t<\/div>\n\t\t\t\t\t\t<\/div>\n\t\t\t\t<\/div>\n\t\t\t\t<div class=\"elementor-element elementor-element-720ebd7 elementor-widget elementor-widget-heading\" data-id=\"720ebd7\" data-element_type=\"widget\" data-e-type=\"widget\" data-widget_type=\"heading.default\">\n\t\t\t\t<div class=\"elementor-widget-container\">\n\t\t\t\t\t<h3 class=\"elementor-heading-title elementor-size-default\">Procedimiento Reagrupaci\u00f3n familiar<\/h3>\t\t\t\t<\/div>\n\t\t\t\t<\/div>\n\t\t\t\t<div class=\"elementor-element elementor-element-24d4bc0 color-scheme-inherit text-left elementor-widget elementor-widget-text-editor\" data-id=\"24d4bc0\" data-element_type=\"widget\" data-e-type=\"widget\" data-widget_type=\"text-editor.default\">\n\t\t\t\t<div class=\"elementor-widget-container\">\n\t\t\t\t\t\t\t\t\t<ul><li><strong>Compruebe las condiciones:<\/strong>\u00a0el primer punto importante en el procedimiento de reagrupaci\u00f3n familiar es comprobar cuidadosamente que cumple todos los requisitos antes de seguir adelante.<\/li><li><strong>Recopilaci\u00f3n de documentos:<\/strong>\u00a0Re\u00fana todos los documentos y justificantes necesarios para respaldar su solicitud. Esto incluye documentos de identidad, certificados de matrimonio, certificados de nacimiento de los hijos y otra documentaci\u00f3n pertinente.<\/li><li><strong>Presente su solicitud:<\/strong>\u00a0Presente su solicitud al Servicio de Inmigraci\u00f3n y Naturalizaci\u00f3n (IND). Cumplimente todos los formularios correctamente y aseg\u00farese de incluir todos los documentos requeridos.<\/li><li><strong>Pago de costes:<\/strong>\u00a0pague las tasas requeridas para su solicitud. Aseg\u00farese de conocer las tasas vigentes y de pagarlas a tiempo.<\/li><li><strong>A la espera de la decisi\u00f3n sobre la solicitud:<\/strong>\u00a0Tras presentar su solicitud, deber\u00e1 esperar pacientemente mientras el IND eval\u00faa su caso. Tenga en cuenta que esto puede llevar alg\u00fan tiempo, as\u00ed que sea paciente.<\/li><li><strong>Decisi\u00f3n sobre la solicitud:<\/strong>\u00a0Una vez que el IND haya tomado una decisi\u00f3n sobre su solicitud, se le notificar\u00e1 el resultado. \u00c9ste puede ser positivo o negativo, dependiendo de su situaci\u00f3n.<\/li><li><strong>Obtenga la Mvv y viaje a los Pa\u00edses Bajos:<\/strong> Si su solicitud es aprobada, puede solicitar un permiso de residencia provisional (MVV) en la embajada o consulado holand\u00e9s de su pa\u00eds de origen. El MVV le permite viajar a los Pa\u00edses Bajos.<\/li><li>Empadronamiento en Holanda: Una vez en Holanda, tendr\u00e1 que empadronarse en el municipio donde vaya a vivir. Aqu\u00ed dar\u00e1 otros pasos para oficializar su reagrupaci\u00f3n familiar e integrarse en la sociedad holandesa.<\/li><\/ul><p>Este procedimiento paso a paso le ofrece una visi\u00f3n general de lo que puede esperar durante el proceso de reagrupaci\u00f3n familiar en los Pa\u00edses Bajos. Es muy importante que proceda con precisi\u00f3n y paciencia en cada etapa para que su solicitud se desarrolle sin problemas.<\/p>\t\t\t\t\t\t\t\t<\/div>\n\t\t\t\t<\/div>\n\t\t\t\t<div class=\"elementor-element elementor-element-614c2d7 elementor-widget elementor-widget-spacer\" data-id=\"614c2d7\" data-element_type=\"widget\" data-e-type=\"widget\" data-widget_type=\"spacer.default\">\n\t\t\t\t<div class=\"elementor-widget-container\">\n\t\t\t\t\t\t\t<div class=\"elementor-spacer\">\n\t\t\t<div class=\"elementor-spacer-inner\"><\/div>\n\t\t<\/div>\n\t\t\t\t\t\t<\/div>\n\t\t\t\t<\/div>\n\t\t\t\t<div class=\"elementor-element elementor-element-eb094a8 elementor-widget elementor-widget-heading\" data-id=\"eb094a8\" data-element_type=\"widget\" data-e-type=\"widget\" data-widget_type=\"heading.default\">\n\t\t\t\t<div class=\"elementor-widget-container\">\n\t\t\t\t\t<h3 class=\"elementor-heading-title elementor-size-default\">Abogado Reagrupaci\u00f3n familiar tras la llegada<\/h3>\t\t\t\t<\/div>\n\t\t\t\t<\/div>\n\t\t\t\t<div class=\"elementor-element elementor-element-da6acdc color-scheme-inherit text-left elementor-widget elementor-widget-text-editor\" data-id=\"da6acdc\" data-element_type=\"widget\" data-e-type=\"widget\" data-widget_type=\"text-editor.default\">\n\t\t\t\t<div class=\"elementor-widget-container\">\n\t\t\t\t\t\t\t\t\tEl proceso de reagrupaci\u00f3n familiar puede complicarse r\u00e1pidamente si no se cumple alguno de los requisitos. Por ejemplo, si el Servicio de Inmigraci\u00f3n y Naturalizaci\u00f3n (IND) duda de la autenticidad de su relaci\u00f3n cuando \u00e9sta no est\u00e1 justificada. Los experimentados abogados del bufete Der Bedrosian tienen amplios conocimientos y experiencia en el campo de la reagrupaci\u00f3n familiar y est\u00e1n preparados para ayudarle a navegar por este proceso. En cuanto se ponga en contacto con nuestro bufete, le pondremos en contacto directo con un abogado especializado. Hacemos todo esto para apoyarle en su b\u00fasqueda de la reagrupaci\u00f3n familiar.\t\t\t\t\t\t\t\t<\/div>\n\t\t\t\t<\/div>\n\t\t\t\t\t<\/div>\n\t\t\t\t<\/div>\n\t\t\t\t<\/div>","protected":false},"excerpt":{"rendered":"<p>Advocatenkantoor Der Bedrosian beschikt over gespecialiseerde advocaten op het gebied van gezinshereniging (nareis). Wat is een gezinshereniging? Gezinshereniging is het<\/p>","protected":false},"author":1,"featured_media":0,"parent":10757,"menu_order":0,"comment_status":"closed","ping_status":"closed","template":"","meta":{"footnotes":""},"class_list":["post-10789","page","type-page","status-publish","hentry"],"_links":{"self":[{"href":"https:\/\/www.derbedrosian.nl\/es\/wp-json\/wp\/v2\/pages\/10789","targetHints":{"allow":["GET"]}}],"collection":[{"href":"https:\/\/www.derbedrosian.nl\/es\/wp-json\/wp\/v2\/pages"}],"about":[{"href":"https:\/\/www.derbedrosian.nl\/es\/wp-json\/wp\/v2\/types\/page"}],"author":[{"embeddable":true,"href":"https:\/\/www.derbedrosian.nl\/es\/wp-json\/wp\/v2\/users\/1"}],"replies":[{"embeddable":true,"href":"https:\/\/www.derbedrosian.nl\/es\/wp-json\/wp\/v2\/comments?post=10789"}],"version-history":[{"count":0,"href":"https:\/\/www.derbedrosian.nl\/es\/wp-json\/wp\/v2\/pages\/10789\/revisions"}],"up":[{"embeddable":true,"href":"https:\/\/www.derbedrosian.nl\/es\/wp-json\/wp\/v2\/pages\/10757"}],"wp:attachment":[{"href":"https:\/\/www.derbedrosian.nl\/es\/wp-json\/wp\/v2\/media?parent=10789"}],"curies":[{"name":"wp","href":"https:\/\/api.w.org\/{rel}","templated":true}]}}