{"id":10779,"date":"2023-05-27T14:33:07","date_gmt":"2023-05-27T12:33:07","guid":{"rendered":"https:\/\/derbedrosian.nl\/?page_id=10779"},"modified":"2025-12-21T16:34:41","modified_gmt":"2025-12-21T14:34:41","slug":"procedimiento-de-asilo-neerlandes","status":"publish","type":"page","link":"https:\/\/www.derbedrosian.nl\/es\/rechtsgebieden\/asielrecht\/dutch-asylum-procedure\/","title":{"rendered":"Procedimiento de asilo neerland\u00e9s"},"content":{"rendered":"<div data-elementor-type=\"wp-page\" data-elementor-id=\"10779\" class=\"elementor elementor-10779\" data-elementor-post-type=\"page\">\n\t\t\t\t<div class=\"wd-negative-gap elementor-element elementor-element-f40594e e-flex e-con-boxed e-con e-parent\" data-id=\"f40594e\" data-element_type=\"container\" data-e-type=\"container\">\n\t\t\t\t\t<div class=\"e-con-inner\">\n\t\t\t\t<div class=\"elementor-element elementor-element-8ed3410 elementor-hidden-desktop elementor-hidden-tablet elementor-hidden-mobile elementor-widget elementor-widget-wd_image_or_svg\" data-id=\"8ed3410\" data-element_type=\"widget\" data-e-type=\"widget\" id=\"seo-word\" data-widget_type=\"wd_image_or_svg.default\">\n\t\t\t\t<div class=\"elementor-widget-container\">\n\t\t\t\t\t\n\t\t<div class=\"wd-image text-left\">\n\t\t\t\t\t\t\t\t<img loading=\"lazy\" decoding=\"async\" width=\"1000\" height=\"667\" src=\"https:\/\/www.derbedrosian.nl\/wp-content\/uploads\/rechtsgebied-dutch-asylum-procedure.jpg\" class=\"attachment-full size-full\" alt=\"neerland\u00e9s procedimiento de asilo ind derecho de asilo abogado determinaci\u00f3n de la orientaci\u00f3n sexual\" srcset=\"https:\/\/www.derbedrosian.nl\/wp-content\/uploads\/rechtsgebied-dutch-asylum-procedure.jpg 1000w, https:\/\/www.derbedrosian.nl\/wp-content\/uploads\/rechtsgebied-dutch-asylum-procedure-400x267.jpg 400w, https:\/\/www.derbedrosian.nl\/wp-content\/uploads\/rechtsgebied-dutch-asylum-procedure-768x512.jpg 768w\" sizes=\"auto, (max-width: 1000px) 100vw, 1000px\" title=\"\">\t\t\t\t\t<\/div>\n\n\t\t\t\t\t\t<\/div>\n\t\t\t\t<\/div>\n\t\t\t\t<div class=\"elementor-element elementor-element-ba6fc08 elementor-hidden-desktop elementor-hidden-tablet elementor-hidden-mobile elementor-widget elementor-widget-heading\" data-id=\"ba6fc08\" data-element_type=\"widget\" data-e-type=\"widget\" id=\"seo-word\" data-widget_type=\"heading.default\">\n\t\t\t\t<div class=\"elementor-widget-container\">\n\t\t\t\t\t<h2 class=\"elementor-heading-title elementor-size-default\">Determinar la orientaci\u00f3n sexual<\/h2>\t\t\t\t<\/div>\n\t\t\t\t<\/div>\n\t\t\t\t<div class=\"elementor-element elementor-element-efaddac elementor-hidden-desktop elementor-hidden-tablet elementor-hidden-mobile elementor-widget elementor-widget-heading\" data-id=\"efaddac\" data-element_type=\"widget\" data-e-type=\"widget\" id=\"seo-word\" data-widget_type=\"heading.default\">\n\t\t\t\t<div class=\"elementor-widget-container\">\n\t\t\t\t\t<h5 class=\"elementor-heading-title elementor-size-default\">ind<\/h5>\t\t\t\t<\/div>\n\t\t\t\t<\/div>\n\t\t\t\t<div class=\"elementor-element elementor-element-9eea203 elementor-hidden-desktop elementor-hidden-tablet elementor-hidden-mobile elementor-widget elementor-widget-heading\" data-id=\"9eea203\" data-element_type=\"widget\" data-e-type=\"widget\" id=\"seo-word\" data-widget_type=\"heading.default\">\n\t\t\t\t<div class=\"elementor-widget-container\">\n\t\t\t\t\t<h5 class=\"elementor-heading-title elementor-size-default\">derecho de asilo<\/h5>\t\t\t\t<\/div>\n\t\t\t\t<\/div>\n\t\t\t\t<div class=\"elementor-element elementor-element-c7a1109 elementor-hidden-desktop elementor-hidden-tablet elementor-hidden-mobile elementor-widget elementor-widget-heading\" data-id=\"c7a1109\" data-element_type=\"widget\" data-e-type=\"widget\" id=\"seo-word\" data-widget_type=\"heading.default\">\n\t\t\t\t<div class=\"elementor-widget-container\">\n\t\t\t\t\t<h5 class=\"elementor-heading-title elementor-size-default\">derecho de asilo abogado enschede<\/h5>\t\t\t\t<\/div>\n\t\t\t\t<\/div>\n\t\t\t\t<div class=\"elementor-element elementor-element-1f5fb10 elementor-hidden-desktop elementor-hidden-tablet elementor-hidden-mobile elementor-widget elementor-widget-heading\" data-id=\"1f5fb10\" data-element_type=\"widget\" data-e-type=\"widget\" id=\"seo-word\" data-widget_type=\"heading.default\">\n\t\t\t\t<div class=\"elementor-widget-container\">\n\t\t\t\t\t<h5 class=\"elementor-heading-title elementor-size-default\">derecho de asilo abogado overijssel<\/h5>\t\t\t\t<\/div>\n\t\t\t\t<\/div>\n\t\t\t\t<div class=\"elementor-element elementor-element-a99d3c6 elementor-hidden-desktop elementor-hidden-tablet elementor-hidden-mobile elementor-widget elementor-widget-heading\" data-id=\"a99d3c6\" data-element_type=\"widget\" data-e-type=\"widget\" id=\"seo-word\" data-widget_type=\"heading.default\">\n\t\t\t\t<div class=\"elementor-widget-container\">\n\t\t\t\t\t<h5 class=\"elementor-heading-title elementor-size-default\">derecho de asilo enschede<\/h5>\t\t\t\t<\/div>\n\t\t\t\t<\/div>\n\t\t\t\t<div class=\"elementor-element elementor-element-f0990de elementor-hidden-desktop elementor-hidden-tablet elementor-hidden-mobile elementor-widget elementor-widget-heading\" data-id=\"f0990de\" data-element_type=\"widget\" data-e-type=\"widget\" id=\"seo-word\" data-widget_type=\"heading.default\">\n\t\t\t\t<div class=\"elementor-widget-container\">\n\t\t\t\t\t<h5 class=\"elementor-heading-title elementor-size-default\">abogado enschede derecho de asilo<\/h5>\t\t\t\t<\/div>\n\t\t\t\t<\/div>\n\t\t\t\t<div class=\"elementor-element elementor-element-bbf6404 elementor-hidden-desktop elementor-hidden-tablet elementor-hidden-mobile elementor-widget elementor-widget-heading\" data-id=\"bbf6404\" data-element_type=\"widget\" data-e-type=\"widget\" id=\"seo-word\" data-widget_type=\"heading.default\">\n\t\t\t\t<div class=\"elementor-widget-container\">\n\t\t\t\t\t<h5 class=\"elementor-heading-title elementor-size-default\">Solicitar asilo en Holanda<\/h5>\t\t\t\t<\/div>\n\t\t\t\t<\/div>\n\t\t\t\t<div class=\"elementor-element elementor-element-26fdffd elementor-hidden-desktop elementor-hidden-tablet elementor-hidden-mobile elementor-widget elementor-widget-heading\" data-id=\"26fdffd\" data-element_type=\"widget\" data-e-type=\"widget\" id=\"seo-word\" data-widget_type=\"heading.default\">\n\t\t\t\t<div class=\"elementor-widget-container\">\n\t\t\t\t\t<h5 class=\"elementor-heading-title elementor-size-default\">Establecer la propia orientaci\u00f3n sexual puede ser una cuesti\u00f3n crucial en los casos de asilo. En los Pa\u00edses Bajos, puede solicitar asilo por su orientaci\u00f3n sexual si puede demostrar que es perseguido en su pa\u00eds de origen a causa de su orientaci\u00f3n. El Servicio de Inmigraci\u00f3n y Naturalizaci\u00f3n (IND) es responsable de evaluar las solicitudes de asilo, incluidas las basadas en la orientaci\u00f3n sexual.\n\nDerbedrosian Immigration Lawyers en Enschede y Overijssel tiene experiencia en la representaci\u00f3n de solicitantes de asilo en los Pa\u00edses Bajos, incluidos los que solicitan asilo por su orientaci\u00f3n sexual. Comprendemos la complejidad del procedimiento de asilo neerland\u00e9s y ofrecemos asesoramiento jur\u00eddico experto y orientaci\u00f3n durante todo el proceso.\n\nSi tiene alguna pregunta sobre la solicitud de asilo en los Pa\u00edses Bajos por motivos de orientaci\u00f3n sexual, el procedimiento IND o necesita asistencia jur\u00eddica, no dude en ponerse en contacto con Derbedrosian Immigration Lawyers. Estamos dispuestos a ayudarle y a proteger sus derechos.<\/h5>\t\t\t\t<\/div>\n\t\t\t\t<\/div>\n\t\t\t\t<div class=\"elementor-element elementor-element-f72bc4b color-scheme-inherit text-left elementor-widget elementor-widget-text-editor\" data-id=\"f72bc4b\" data-element_type=\"widget\" data-e-type=\"widget\" data-widget_type=\"text-editor.default\">\n\t\t\t\t<div class=\"elementor-widget-container\">\n\t\t\t\t\t\t\t\t\t<p><strong>El procedimiento de asilo neerland\u00e9s, tambi\u00e9n conocido como procedimiento de asilo holand\u00e9s, forma parte de la pol\u00edtica de inmigraci\u00f3n y asilo de los Pa\u00edses Bajos. Este procedimiento est\u00e1 dise\u00f1ado para evaluar si las personas que buscan refugio en los Pa\u00edses Bajos debido a un peligro inminente en su pa\u00eds de origen cumplen los requisitos para recibir asilo y protecci\u00f3n.<\/strong><\/p>\t\t\t\t\t\t\t\t<\/div>\n\t\t\t\t<\/div>\n\t\t\t\t<div class=\"elementor-element elementor-element-46f76d8 elementor-widget elementor-widget-spacer\" data-id=\"46f76d8\" data-element_type=\"widget\" data-e-type=\"widget\" data-widget_type=\"spacer.default\">\n\t\t\t\t<div class=\"elementor-widget-container\">\n\t\t\t\t\t\t\t<div class=\"elementor-spacer\">\n\t\t\t<div class=\"elementor-spacer-inner\"><\/div>\n\t\t<\/div>\n\t\t\t\t\t\t<\/div>\n\t\t\t\t<\/div>\n\t\t\t\t<div class=\"elementor-element elementor-element-7341996 elementor-widget elementor-widget-heading\" data-id=\"7341996\" data-element_type=\"widget\" data-e-type=\"widget\" data-widget_type=\"heading.default\">\n\t\t\t\t<div class=\"elementor-widget-container\">\n\t\t\t\t\t<h3 class=\"elementor-heading-title elementor-size-default\">\u00bfCu\u00e1l es el procedimiento de asilo holand\u00e9s (LGBTI y conversos)?<\/h3>\t\t\t\t<\/div>\n\t\t\t\t<\/div>\n\t\t\t\t<div class=\"elementor-element elementor-element-168303d color-scheme-inherit text-left elementor-widget elementor-widget-text-editor\" data-id=\"168303d\" data-element_type=\"widget\" data-e-type=\"widget\" data-widget_type=\"text-editor.default\">\n\t\t\t\t<div class=\"elementor-widget-container\">\n\t\t\t\t\t\t\t\t\t<p>El procedimiento de asilo neerland\u00e9s, dirigido espec\u00edficamente a los solicitantes de asilo y conversos LGBT (lesbianas, gays, bisexuales, transexuales e intersexuales), se cre\u00f3 para abordar los retos y riesgos particulares a los que se enfrentan las personas LGBT y los conversos en sus pa\u00edses de origen.<\/p><p>A trav\u00e9s de este procedimiento especial, los solicitantes de asilo reciben informaci\u00f3n sobre sus derechos y el procedimiento de asilo en los Pa\u00edses Bajos. Tambi\u00e9n proporcionan apoyo emocional y orientaci\u00f3n a los solicitantes de asilo LGBT, que a menudo se enfrentan a experiencias traum\u00e1ticas y al miedo a la persecuci\u00f3n. Adem\u00e1s, pueden proporcionar asistencia jur\u00eddica y ayudar a preparar declaraciones de asilo cre\u00edbles que reflejen fielmente la situaci\u00f3n personal del solicitante de asilo.<\/p>\t\t\t\t\t\t\t\t<\/div>\n\t\t\t\t<\/div>\n\t\t\t\t<div class=\"elementor-element elementor-element-f21f580 elementor-widget elementor-widget-spacer\" data-id=\"f21f580\" data-element_type=\"widget\" data-e-type=\"widget\" data-widget_type=\"spacer.default\">\n\t\t\t\t<div class=\"elementor-widget-container\">\n\t\t\t\t\t\t\t<div class=\"elementor-spacer\">\n\t\t\t<div class=\"elementor-spacer-inner\"><\/div>\n\t\t<\/div>\n\t\t\t\t\t\t<\/div>\n\t\t\t\t<\/div>\n\t\t\t\t<div class=\"elementor-element elementor-element-5a99f7c elementor-widget elementor-widget-heading\" data-id=\"5a99f7c\" data-element_type=\"widget\" data-e-type=\"widget\" data-widget_type=\"heading.default\">\n\t\t\t\t<div class=\"elementor-widget-container\">\n\t\t\t\t\t<h3 class=\"elementor-heading-title elementor-size-default\">Determinar la orientaci\u00f3n sexual<\/h3>\t\t\t\t<\/div>\n\t\t\t\t<\/div>\n\t\t\t\t<div class=\"elementor-element elementor-element-0857c83 color-scheme-inherit text-left elementor-widget elementor-widget-text-editor\" data-id=\"0857c83\" data-element_type=\"widget\" data-e-type=\"widget\" data-widget_type=\"text-editor.default\">\n\t\t\t\t<div class=\"elementor-widget-container\">\n\t\t\t\t\t\t\t\t\t<p>Dado que la orientaci\u00f3n sexual de una persona no puede verificarse mediante documentos, el Servicio de Inmigraci\u00f3n y Naturalizaci\u00f3n (IND) ofrece a los solicitantes de asilo amplias oportunidades para hablar sobre su orientaci\u00f3n sexual o identidad de g\u00e9nero. Durante esta importante conversaci\u00f3n, se tratan varios temas, incluida la situaci\u00f3n de las personas LGBT (lesbianas, gays, bisexuales, transexuales e intersexuales) en el pa\u00eds de origen.<\/p><p>El objetivo de este proceso es garantizar que los solicitantes de asilo perseguidos, discriminados o amenazados por su orientaci\u00f3n sexual o identidad de g\u00e9nero reciban la protecci\u00f3n que necesitan.<\/p>\t\t\t\t\t\t\t\t<\/div>\n\t\t\t\t<\/div>\n\t\t\t\t<div class=\"elementor-element elementor-element-3a073aa elementor-widget elementor-widget-spacer\" data-id=\"3a073aa\" data-element_type=\"widget\" data-e-type=\"widget\" data-widget_type=\"spacer.default\">\n\t\t\t\t<div class=\"elementor-widget-container\">\n\t\t\t\t\t\t\t<div class=\"elementor-spacer\">\n\t\t\t<div class=\"elementor-spacer-inner\"><\/div>\n\t\t<\/div>\n\t\t\t\t\t\t<\/div>\n\t\t\t\t<\/div>\n\t\t\t\t<div class=\"elementor-element elementor-element-3350203 elementor-widget elementor-widget-heading\" data-id=\"3350203\" data-element_type=\"widget\" data-e-type=\"widget\" data-widget_type=\"heading.default\">\n\t\t\t\t<div class=\"elementor-widget-container\">\n\t\t\t\t\t<h3 class=\"elementor-heading-title elementor-size-default\">IND<\/h3>\t\t\t\t<\/div>\n\t\t\t\t<\/div>\n\t\t\t\t<div class=\"elementor-element elementor-element-a4f83ad color-scheme-inherit text-left elementor-widget elementor-widget-text-editor\" data-id=\"a4f83ad\" data-element_type=\"widget\" data-e-type=\"widget\" data-widget_type=\"text-editor.default\">\n\t\t\t\t<div class=\"elementor-widget-container\">\n\t\t\t\t\t\t\t\t\t<p>El IND eval\u00faa a los solicitantes de asilo que cumplen los requisitos para obtener un permiso de residencia debido a su orientaci\u00f3n sexual dentro del procedimiento de asilo neerland\u00e9s. Esta evaluaci\u00f3n requiere el examen de las declaraciones y manifestaciones relativas a la orientaci\u00f3n sexual del solicitante de asilo.<\/p><p>El empleado del IND que eval\u00faa el caso del solicitante de asilo tiene que examinar detenidamente si las cosas que dice el solicitante de asilo sobre su orientaci\u00f3n sexual son ciertas. Esto es dif\u00edcil porque a veces es dif\u00edcil saber si alguien est\u00e1 diciendo la verdad sobre sus sentimientos y sobre qui\u00e9n es.<\/p><p>Para llevar a cabo esta evaluaci\u00f3n de forma justa, el IND utiliza unas instrucciones de trabajo espec\u00edficas dise\u00f1adas para los casos en los que se invoca la orientaci\u00f3n LGBT (lesbianas, gays, bisexuales, transexuales e intersexuales) como motivo de asilo dentro del procedimiento de asilo neerland\u00e9s. Estas instrucciones contienen directrices y procedimientos para garantizar que la evaluaci\u00f3n se lleva a cabo de forma cuidadosa y justa, prestando especial atenci\u00f3n a la complejidad de estas cuestiones.<\/p>\t\t\t\t\t\t\t\t<\/div>\n\t\t\t\t<\/div>\n\t\t\t\t<div class=\"elementor-element elementor-element-14ef9e2 elementor-widget elementor-widget-spacer\" data-id=\"14ef9e2\" data-element_type=\"widget\" data-e-type=\"widget\" data-widget_type=\"spacer.default\">\n\t\t\t\t<div class=\"elementor-widget-container\">\n\t\t\t\t\t\t\t<div class=\"elementor-spacer\">\n\t\t\t<div class=\"elementor-spacer-inner\"><\/div>\n\t\t<\/div>\n\t\t\t\t\t\t<\/div>\n\t\t\t\t<\/div>\n\t\t\t\t<div class=\"elementor-element elementor-element-d94ed20 elementor-widget elementor-widget-heading\" data-id=\"d94ed20\" data-element_type=\"widget\" data-e-type=\"widget\" data-widget_type=\"heading.default\">\n\t\t\t\t<div class=\"elementor-widget-container\">\n\t\t\t\t\t<h3 class=\"elementor-heading-title elementor-size-default\">Procedimiento de asilo<\/h3>\t\t\t\t<\/div>\n\t\t\t\t<\/div>\n\t\t\t\t<div class=\"elementor-element elementor-element-b0330db color-scheme-inherit text-left elementor-widget elementor-widget-text-editor\" data-id=\"b0330db\" data-element_type=\"widget\" data-e-type=\"widget\" data-widget_type=\"text-editor.default\">\n\t\t\t\t<div class=\"elementor-widget-container\">\n\t\t\t\t\t\t\t\t\t<p>Esta pol\u00edtica se centra en proporcionar protecci\u00f3n a las personas amenazadas si regresan a sus pa\u00edses de origen.<\/p><ul><li><strong>Solicitud de asilo:<\/strong>\u00a0Este procedimiento comienza cuando una persona solicita asilo en los Pa\u00edses Bajos. Esto puede tener lugar en la frontera, en un aeropuerto o en un centro de solicitantes de asilo. Tras presentar la solicitud, comienza una evaluaci\u00f3n exhaustiva de la situaci\u00f3n del solicitante de asilo.<\/li><li><strong>Motivos para solicitar asilo:<\/strong>\u00a0En primer lugar, se examinan los motivos de la solicitud de asilo. Estos motivos pueden ir desde la persecuci\u00f3n pol\u00edtica hasta la discriminaci\u00f3n por motivos de g\u00e9nero, orientaci\u00f3n sexual o religi\u00f3n. Es crucial que el solicitante de asilo proporcione informaci\u00f3n detallada y honesta sobre sus antecedentes y los riesgos a los que se enfrenta en su pa\u00eds de origen.<\/li><li><strong>Evaluaci\u00f3n de la credibilidad:<\/strong>\u00a0Adem\u00e1s de investigar los motivos de la solicitud de asilo, se realizan entrevistas para evaluar la credibilidad de la historia del solicitante. Este proceso puede llevar alg\u00fan tiempo, ya que es muy importante conocer a fondo la situaci\u00f3n de la persona.<\/li><li><strong>Acciones legales:<\/strong>\u00a0Adem\u00e1s, se siguen los pasos legales para tramitar correctamente la solicitud. Los solicitantes de asilo tambi\u00e9n tienen la opci\u00f3n de impugnar las decisiones si no est\u00e1n de acuerdo con el resultado de su solicitud. Esto puede hacerse simplemente presentando una notificaci\u00f3n de objeci\u00f3n que contenga argumentos claros de por qu\u00e9 no est\u00e1 de acuerdo con el resultado.<\/li><\/ul>\t\t\t\t\t\t\t\t<\/div>\n\t\t\t\t<\/div>\n\t\t\t\t<div class=\"elementor-element elementor-element-adb87e8 elementor-widget elementor-widget-spacer\" data-id=\"adb87e8\" data-element_type=\"widget\" data-e-type=\"widget\" data-widget_type=\"spacer.default\">\n\t\t\t\t<div class=\"elementor-widget-container\">\n\t\t\t\t\t\t\t<div class=\"elementor-spacer\">\n\t\t\t<div class=\"elementor-spacer-inner\"><\/div>\n\t\t<\/div>\n\t\t\t\t\t\t<\/div>\n\t\t\t\t<\/div>\n\t\t\t\t<div class=\"elementor-element elementor-element-158756c elementor-widget elementor-widget-heading\" data-id=\"158756c\" data-element_type=\"widget\" data-e-type=\"widget\" data-widget_type=\"heading.default\">\n\t\t\t\t<div class=\"elementor-widget-container\">\n\t\t\t\t\t<h3 class=\"elementor-heading-title elementor-size-default\">Abogado holand\u00e9s especializado en asilo <\/h3>\t\t\t\t<\/div>\n\t\t\t\t<\/div>\n\t\t\t\t<div class=\"elementor-element elementor-element-2a105bb color-scheme-inherit text-left elementor-widget elementor-widget-text-editor\" data-id=\"2a105bb\" data-element_type=\"widget\" data-e-type=\"widget\" data-widget_type=\"text-editor.default\">\n\t\t\t\t<div class=\"elementor-widget-container\">\n\t\t\t\t\t\t\t\t\t<p>El proceso de solicitud de asilo puede ser bastante complicado. Implica muchas normas y leyes que deben cumplirse estrictamente. Por ello, es aconsejable contratar a un abogado con experiencia.<\/p><p>El <a href=\"https:\/\/www.derbedrosian.nl\/es\/abogados\/\">abogados con experiencia<\/a> del bufete der Bedrosian se especializan en la <a href=\"https:\/\/www.derbedrosian.nl\/es\/jurisdicciones\/derecho-de-asilo\/\">derecho de asilo<\/a> y, por lo tanto, puede ayudarle de muchas maneras<\/p><p>Adem\u00e1s, los abogados pueden informarle de cu\u00e1les son sus derechos. Tambi\u00e9n pueden prepararle para las preguntas que puede esperar. Si hay problemas, los abogados pueden hablar con las personas que deciden sobre el asilo.<\/p>\t\t\t\t\t\t\t\t<\/div>\n\t\t\t\t<\/div>\n\t\t\t\t\t<\/div>\n\t\t\t\t<\/div>\n\t\t\t\t<\/div>","protected":false},"excerpt":{"rendered":"<p>Determinar la orientaci\u00f3n sexual en el derecho de asilo abogado especializado en derecho de asilo en Enschede abogado especializado en derecho de asilo en Overijssel derecho de asilo en Enschede abogado en Enschede derecho de asilo solicitar asilo en los Pa\u00edses Bajos<\/p>","protected":false},"author":1,"featured_media":0,"parent":10757,"menu_order":0,"comment_status":"closed","ping_status":"closed","template":"","meta":{"footnotes":""},"class_list":["post-10779","page","type-page","status-publish","hentry"],"_links":{"self":[{"href":"https:\/\/www.derbedrosian.nl\/es\/wp-json\/wp\/v2\/pages\/10779","targetHints":{"allow":["GET"]}}],"collection":[{"href":"https:\/\/www.derbedrosian.nl\/es\/wp-json\/wp\/v2\/pages"}],"about":[{"href":"https:\/\/www.derbedrosian.nl\/es\/wp-json\/wp\/v2\/types\/page"}],"author":[{"embeddable":true,"href":"https:\/\/www.derbedrosian.nl\/es\/wp-json\/wp\/v2\/users\/1"}],"replies":[{"embeddable":true,"href":"https:\/\/www.derbedrosian.nl\/es\/wp-json\/wp\/v2\/comments?post=10779"}],"version-history":[{"count":0,"href":"https:\/\/www.derbedrosian.nl\/es\/wp-json\/wp\/v2\/pages\/10779\/revisions"}],"up":[{"embeddable":true,"href":"https:\/\/www.derbedrosian.nl\/es\/wp-json\/wp\/v2\/pages\/10757"}],"wp:attachment":[{"href":"https:\/\/www.derbedrosian.nl\/es\/wp-json\/wp\/v2\/media?parent=10779"}],"curies":[{"name":"wp","href":"https:\/\/api.w.org\/{rel}","templated":true}]}}