{"id":10727,"date":"2023-05-26T16:55:34","date_gmt":"2023-05-26T14:55:34","guid":{"rendered":"https:\/\/derbedrosian.nl\/?page_id=10727"},"modified":"2025-12-21T16:12:09","modified_gmt":"2025-12-21T14:12:09","slug":"detencion-de-inmigrantes","status":"publish","type":"page","link":"https:\/\/www.derbedrosian.nl\/es\/rechtsgebieden\/vreemdelingenrecht\/vreemdelingenbewaring\/","title":{"rendered":"Detenci\u00f3n de inmigrantes"},"content":{"rendered":"<div data-elementor-type=\"wp-page\" data-elementor-id=\"10727\" class=\"elementor elementor-10727\" data-elementor-post-type=\"page\">\n\t\t\t\t<div class=\"wd-negative-gap elementor-element elementor-element-dbfc251 e-flex e-con-boxed e-con e-parent\" data-id=\"dbfc251\" data-element_type=\"container\" data-e-type=\"container\">\n\t\t\t\t\t<div class=\"e-con-inner\">\n\t\t\t\t<div class=\"elementor-element elementor-element-bf87fe9 elementor-hidden-desktop elementor-hidden-tablet elementor-hidden-mobile elementor-widget elementor-widget-wd_image_or_svg\" data-id=\"bf87fe9\" data-element_type=\"widget\" data-e-type=\"widget\" id=\"seo-word\" data-widget_type=\"wd_image_or_svg.default\">\n\t\t\t\t<div class=\"elementor-widget-container\">\n\t\t\t\t\t\n\t\t<div class=\"wd-image text-left\">\n\t\t\t\t\t\t\t\t<img loading=\"lazy\" decoding=\"async\" width=\"1000\" height=\"667\" src=\"https:\/\/www.derbedrosian.nl\/wp-content\/uploads\/rechtsgebied-vreemdelingenbewaring.jpg\" class=\"attachment-full size-full\" alt=\"detenci\u00f3n de inmigrantes abogado ley de inmigraci\u00f3n ind IND procedimiento notificaci\u00f3n de objeci\u00f3n\" srcset=\"https:\/\/www.derbedrosian.nl\/wp-content\/uploads\/rechtsgebied-vreemdelingenbewaring.jpg 1000w, https:\/\/www.derbedrosian.nl\/wp-content\/uploads\/rechtsgebied-vreemdelingenbewaring-400x267.jpg 400w, https:\/\/www.derbedrosian.nl\/wp-content\/uploads\/rechtsgebied-vreemdelingenbewaring-768x512.jpg 768w\" sizes=\"auto, (max-width: 1000px) 100vw, 1000px\" title=\"\">\t\t\t\t\t<\/div>\n\n\t\t\t\t\t\t<\/div>\n\t\t\t\t<\/div>\n\t\t\t\t<div class=\"elementor-element elementor-element-de0b22f elementor-hidden-desktop elementor-hidden-tablet elementor-hidden-mobile elementor-widget elementor-widget-heading\" data-id=\"de0b22f\" data-element_type=\"widget\" data-e-type=\"widget\" id=\"seo-word\" data-widget_type=\"heading.default\">\n\t\t\t\t<div class=\"elementor-widget-container\">\n\t\t\t\t\t<h2 class=\"elementor-heading-title elementor-size-default\">ley de inmigraci\u00f3n<\/h2>\t\t\t\t<\/div>\n\t\t\t\t<\/div>\n\t\t\t\t<div class=\"elementor-element elementor-element-a0df7e7 elementor-hidden-desktop elementor-hidden-tablet elementor-hidden-mobile elementor-widget elementor-widget-heading\" data-id=\"a0df7e7\" data-element_type=\"widget\" data-e-type=\"widget\" id=\"seo-word\" data-widget_type=\"heading.default\">\n\t\t\t\t<div class=\"elementor-widget-container\">\n\t\t\t\t\t<h5 class=\"elementor-heading-title elementor-size-default\">centros de detenci\u00f3n<\/h5>\t\t\t\t<\/div>\n\t\t\t\t<\/div>\n\t\t\t\t<div class=\"elementor-element elementor-element-6cd189c elementor-hidden-desktop elementor-hidden-tablet elementor-hidden-mobile elementor-widget elementor-widget-heading\" data-id=\"6cd189c\" data-element_type=\"widget\" data-e-type=\"widget\" id=\"seo-word\" data-widget_type=\"heading.default\">\n\t\t\t\t<div class=\"elementor-widget-container\">\n\t\t\t\t\t<h5 class=\"elementor-heading-title elementor-size-default\">procedimiento de detenci\u00f3n de inmigrantes<\/h5>\t\t\t\t<\/div>\n\t\t\t\t<\/div>\n\t\t\t\t<div class=\"elementor-element elementor-element-2aca1c1 elementor-hidden-desktop elementor-hidden-tablet elementor-hidden-mobile elementor-widget elementor-widget-heading\" data-id=\"2aca1c1\" data-element_type=\"widget\" data-e-type=\"widget\" id=\"seo-word\" data-widget_type=\"heading.default\">\n\t\t\t\t<div class=\"elementor-widget-container\">\n\t\t\t\t\t<h5 class=\"elementor-heading-title elementor-size-default\">\u00bfQu\u00e9 es la detenci\u00f3n de inmigrantes?<\/h5>\t\t\t\t<\/div>\n\t\t\t\t<\/div>\n\t\t\t\t<div class=\"elementor-element elementor-element-263ceb7 elementor-hidden-desktop elementor-hidden-tablet elementor-hidden-mobile elementor-widget elementor-widget-heading\" data-id=\"263ceb7\" data-element_type=\"widget\" data-e-type=\"widget\" id=\"seo-word\" data-widget_type=\"heading.default\">\n\t\t\t\t<div class=\"elementor-widget-container\">\n\t\t\t\t\t<h5 class=\"elementor-heading-title elementor-size-default\">ley de retorno y detenci\u00f3n de inmigrantes del reglamento texto fuente editar texto fuente<\/h5>\t\t\t\t<\/div>\n\t\t\t\t<\/div>\n\t\t\t\t<div class=\"elementor-element elementor-element-3400175 elementor-hidden-desktop elementor-hidden-tablet elementor-hidden-mobile elementor-widget elementor-widget-heading\" data-id=\"3400175\" data-element_type=\"widget\" data-e-type=\"widget\" id=\"seo-word\" data-widget_type=\"heading.default\">\n\t\t\t\t<div class=\"elementor-widget-container\">\n\t\t\t\t\t<h5 class=\"elementor-heading-title elementor-size-default\">derecho de inmigraci\u00f3n abogado enschede<\/h5>\t\t\t\t<\/div>\n\t\t\t\t<\/div>\n\t\t\t\t<div class=\"elementor-element elementor-element-2fbf4f8 elementor-hidden-desktop elementor-hidden-tablet elementor-hidden-mobile elementor-widget elementor-widget-heading\" data-id=\"2fbf4f8\" data-element_type=\"widget\" data-e-type=\"widget\" id=\"seo-word\" data-widget_type=\"heading.default\">\n\t\t\t\t<div class=\"elementor-widget-container\">\n\t\t\t\t\t<h5 class=\"elementor-heading-title elementor-size-default\">derecho de inmigraci\u00f3n abogado overijssel<\/h5>\t\t\t\t<\/div>\n\t\t\t\t<\/div>\n\t\t\t\t<div class=\"elementor-element elementor-element-1927f21 elementor-hidden-desktop elementor-hidden-tablet elementor-hidden-mobile elementor-widget elementor-widget-heading\" data-id=\"1927f21\" data-element_type=\"widget\" data-e-type=\"widget\" id=\"seo-word\" data-widget_type=\"heading.default\">\n\t\t\t\t<div class=\"elementor-widget-container\">\n\t\t\t\t\t<h5 class=\"elementor-heading-title elementor-size-default\">ley de extranjer\u00eda enschede<\/h5>\t\t\t\t<\/div>\n\t\t\t\t<\/div>\n\t\t\t\t<div class=\"elementor-element elementor-element-cf98bea elementor-hidden-desktop elementor-hidden-tablet elementor-hidden-mobile elementor-widget elementor-widget-heading\" data-id=\"cf98bea\" data-element_type=\"widget\" data-e-type=\"widget\" id=\"seo-word\" data-widget_type=\"heading.default\">\n\t\t\t\t<div class=\"elementor-widget-container\">\n\t\t\t\t\t<h5 class=\"elementor-heading-title elementor-size-default\">abogado enschede derecho de extranjer\u00eda<\/h5>\t\t\t\t<\/div>\n\t\t\t\t<\/div>\n\t\t\t\t<div class=\"elementor-element elementor-element-c13de8e elementor-hidden-desktop elementor-hidden-tablet elementor-hidden-mobile elementor-widget elementor-widget-heading\" data-id=\"c13de8e\" data-element_type=\"widget\" data-e-type=\"widget\" id=\"seo-word\" data-widget_type=\"heading.default\">\n\t\t\t\t<div class=\"elementor-widget-container\">\n\t\t\t\t\t<h5 class=\"elementor-heading-title elementor-size-default\">ilegal en los pa\u00edses bajos<\/h5>\t\t\t\t<\/div>\n\t\t\t\t<\/div>\n\t\t\t\t<div class=\"elementor-element elementor-element-b205c34 elementor-widget elementor-widget-heading\" data-id=\"b205c34\" data-element_type=\"widget\" data-e-type=\"widget\" data-widget_type=\"heading.default\">\n\t\t\t\t<div class=\"elementor-widget-container\">\n\t\t\t\t\t<h3 class=\"elementor-heading-title elementor-size-default\">\u00bfCu\u00e1ndo hablamos de detenci\u00f3n de inmigrantes?<\/h3>\t\t\t\t<\/div>\n\t\t\t\t<\/div>\n\t\t\t\t<div class=\"elementor-element elementor-element-861d1dd color-scheme-inherit text-left elementor-widget elementor-widget-text-editor\" data-id=\"861d1dd\" data-element_type=\"widget\" data-e-type=\"widget\" data-widget_type=\"text-editor.default\">\n\t\t\t\t<div class=\"elementor-widget-container\">\n\t\t\t\t\t\t\t\t\t<p>La detenci\u00f3n de inmigrantes es una medida legal que se aplica a un extranjero que ya no tiene un permiso de residencia v\u00e1lido para permanecer en los Pa\u00edses Bajos. Como consecuencia, el extranjero ser\u00e1 internado. Esto puede deberse a varias causas, como la caducidad o revocaci\u00f3n, o el incumplimiento de los requisitos de residencia.\u00a0<\/p><p><span style=\"color: var(--wd-text-color); font-size: 17.6px; letter-spacing: var( --e-global-typography-text-letter-spacing ); text-transform: var( --e-global-typography-text-text-transform ); word-spacing: var( --e-global-typography-text-word-spacing );\">Durante este proceso, se respetan cuidadosamente los derechos de la persona afectada, incluido el derecho a la representaci\u00f3n legal y el derecho a oponerse a la retenci\u00f3n.<\/span><\/p>\t\t\t\t\t\t\t\t<\/div>\n\t\t\t\t<\/div>\n\t\t\t\t<div class=\"elementor-element elementor-element-9e935c8 elementor-widget elementor-widget-spacer\" data-id=\"9e935c8\" data-element_type=\"widget\" data-e-type=\"widget\" data-widget_type=\"spacer.default\">\n\t\t\t\t<div class=\"elementor-widget-container\">\n\t\t\t\t\t\t\t<div class=\"elementor-spacer\">\n\t\t\t<div class=\"elementor-spacer-inner\"><\/div>\n\t\t<\/div>\n\t\t\t\t\t\t<\/div>\n\t\t\t\t<\/div>\n\t\t\t\t<div class=\"elementor-element elementor-element-506a64c elementor-widget elementor-widget-heading\" data-id=\"506a64c\" data-element_type=\"widget\" data-e-type=\"widget\" data-widget_type=\"heading.default\">\n\t\t\t\t<div class=\"elementor-widget-container\">\n\t\t\t\t\t<h3 class=\"elementor-heading-title elementor-size-default\">\u00bfCu\u00e1l es el objetivo de la \"detenci\u00f3n de extranjeros\"?<\/h3>\t\t\t\t<\/div>\n\t\t\t\t<\/div>\n\t\t\t\t<div class=\"elementor-element elementor-element-128cb4f color-scheme-inherit text-left elementor-widget elementor-widget-text-editor\" data-id=\"128cb4f\" data-element_type=\"widget\" data-e-type=\"widget\" data-widget_type=\"text-editor.default\">\n\t\t\t\t<div class=\"elementor-widget-container\">\n\t\t\t\t\t\t\t\t\t<p>El principal objetivo de la detenci\u00f3n de inmigrantes es evitar que la persona en cuesti\u00f3n se resista a la deportaci\u00f3n. No se considera un castigo, sino una medida para garantizar que la persona siga estando disponible para un retorno previsto a su pa\u00eds de origen. La medida se basa en la idea de que una persona ya no puede residir legalmente en los Pa\u00edses Bajos, lo que puede deberse, por ejemplo, a un permiso de residencia no v\u00e1lido. La detenci\u00f3n de inmigrantes se utiliza, por tanto, para garantizar el cumplimiento de las leyes de inmigraci\u00f3n aplicables y permitir una deportaci\u00f3n ordenada.<\/p>\t\t\t\t\t\t\t\t<\/div>\n\t\t\t\t<\/div>\n\t\t\t\t<div class=\"elementor-element elementor-element-e582d9e elementor-widget elementor-widget-spacer\" data-id=\"e582d9e\" data-element_type=\"widget\" data-e-type=\"widget\" data-widget_type=\"spacer.default\">\n\t\t\t\t<div class=\"elementor-widget-container\">\n\t\t\t\t\t\t\t<div class=\"elementor-spacer\">\n\t\t\t<div class=\"elementor-spacer-inner\"><\/div>\n\t\t<\/div>\n\t\t\t\t\t\t<\/div>\n\t\t\t\t<\/div>\n\t\t\t\t<div class=\"elementor-element elementor-element-ba5e27f elementor-widget elementor-widget-heading\" data-id=\"ba5e27f\" data-element_type=\"widget\" data-e-type=\"widget\" data-widget_type=\"heading.default\">\n\t\t\t\t<div class=\"elementor-widget-container\">\n\t\t\t\t\t<h3 class=\"elementor-heading-title elementor-size-default\">Procedimiento detenci\u00f3n de inmigrantes ind<\/h3>\t\t\t\t<\/div>\n\t\t\t\t<\/div>\n\t\t\t\t<div class=\"elementor-element elementor-element-a49a196 color-scheme-inherit text-left elementor-widget elementor-widget-text-editor\" data-id=\"a49a196\" data-element_type=\"widget\" data-e-type=\"widget\" data-widget_type=\"text-editor.default\">\n\t\t\t\t<div class=\"elementor-widget-container\">\n\t\t\t\t\t\t\t\t\t<p>El procedimiento de detenci\u00f3n de inmigrantes consta de muchos pasos. A continuaci\u00f3n, hemos enumerado el proceso general.<\/p><ul><li><strong>Abogado:<\/strong> Cuando se le ingrese en un centro de detenci\u00f3n de inmigrantes, se le proporcionar\u00e1 un abogado para que le asista legalmente. Este abogado empezar\u00e1 inmediatamente a preparar su recurso.<\/li><li><strong>Presentaci\u00f3n de un escrito de recurso:<\/strong>\u00a0su abogado asignado iniciar\u00e1 el procedimiento presentando un escrito de recurso digitalmente a trav\u00e9s de la plataforma denominada \"Mi Judicatura\". Este recurso es un documento legal oficial en el que constan sus objeciones a la detenci\u00f3n de inmigrantes.<\/li><li><strong>Asiento:<\/strong>\u00a0Dentro de los 14 d\u00edas siguientes a la presentaci\u00f3n de la notificaci\u00f3n de apelaci\u00f3n, el tribunal enviar\u00e1 una citaci\u00f3n a su abogado. Dado que se encuentra bajo custodia, no acudir\u00e1 al tribunal por su cuenta. Ser\u00e1 escoltado hasta el tribunal, donde se oir\u00e1 su caso.<\/li><li><strong>Veredicto:<\/strong>\u00a0Tras la vista, el juez emitir\u00e1 un fallo. Si el juez decide estimar su recurso, esto significa que usted ha sido reivindicado por el juez. En ese caso, el juez levantar\u00e1 la medida de detenci\u00f3n de inmigrantes, y esto significa que ya no podr\u00e1 ser detenido. Sin embargo, si el juez decide declarar su apelaci\u00f3n infundada, usted permanecer\u00e1 detenido y la medida de detenci\u00f3n de inmigrantes seguir\u00e1 en vigor.<\/li><li><strong>Llamamiento de seguimiento:<\/strong>\u00a0es importante que sepa que siempre tiene derecho a apelar la continuaci\u00f3n de la detenci\u00f3n por motivos de inmigraci\u00f3n. Esto se conoce como presentar un recurso de seguimiento. Su abogado presentar\u00e1 de nuevo un recurso en el que expondr\u00e1 por qu\u00e9 la detenci\u00f3n debe declararse ilegal.<\/li><li><strong>Apelaci\u00f3n:<\/strong> Tanto usted como el Servicio de Inmigraci\u00f3n y Naturalizaci\u00f3n (IND) tienen la posibilidad de recurrir. De este recurso se encarga la Divisi\u00f3n de Derecho Administrativo del Consejo de Estado, un alto \u00f3rgano judicial. Aqu\u00ed se reeval\u00faa su caso bas\u00e1ndose en argumentos jur\u00eddicos y pruebas.<\/li><\/ul>\t\t\t\t\t\t\t\t<\/div>\n\t\t\t\t<\/div>\n\t\t\t\t<div class=\"elementor-element elementor-element-f831bae elementor-widget elementor-widget-spacer\" data-id=\"f831bae\" data-element_type=\"widget\" data-e-type=\"widget\" data-widget_type=\"spacer.default\">\n\t\t\t\t<div class=\"elementor-widget-container\">\n\t\t\t\t\t\t\t<div class=\"elementor-spacer\">\n\t\t\t<div class=\"elementor-spacer-inner\"><\/div>\n\t\t<\/div>\n\t\t\t\t\t\t<\/div>\n\t\t\t\t<\/div>\n\t\t\t\t<div class=\"elementor-element elementor-element-a0161b8 elementor-widget elementor-widget-heading\" data-id=\"a0161b8\" data-element_type=\"widget\" data-e-type=\"widget\" data-widget_type=\"heading.default\">\n\t\t\t\t<div class=\"elementor-widget-container\">\n\t\t\t\t\t<h3 class=\"elementor-heading-title elementor-size-default\">Abogado de detenci\u00f3n de inmigrantes<\/h3>\t\t\t\t<\/div>\n\t\t\t\t<\/div>\n\t\t\t\t<div class=\"elementor-element elementor-element-8c43dd1 color-scheme-inherit text-left elementor-widget elementor-widget-text-editor\" data-id=\"8c43dd1\" data-element_type=\"widget\" data-e-type=\"widget\" data-widget_type=\"text-editor.default\">\n\t\t\t\t<div class=\"elementor-widget-container\">\n\t\t\t\t\t\t\t\t\t<p>El ordenamiento jur\u00eddico le permite recurrir ante el tribunal la imposici\u00f3n de la medida de detenci\u00f3n. Se trata de un paso importante para recuperar su libertad o mejorar las condiciones de su detenci\u00f3n.<\/p><p>El <a href=\"https:\/\/www.derbedrosian.nl\/es\/abogados\/\">abogados especializados en inmigraci\u00f3n<\/a> del bufete de abogados Der Bedrosian tienen la experiencia y los conocimientos necesarios para ayudar a los clientes en este tipo de asuntos. Le guiar\u00e1n a lo largo de todo el proceso legal, desde la presentaci\u00f3n de recursos hasta la representaci\u00f3n de su caso ante los tribunales.<\/p><p>P\u00f3ngase en contacto con nosotros hoy mismo y haremos todo lo posible para ayudarle en su proceso.<\/p>\t\t\t\t\t\t\t\t<\/div>\n\t\t\t\t<\/div>\n\t\t\t\t\t<\/div>\n\t\t\t\t<\/div>\n\t\t\t\t<\/div>","protected":false},"excerpt":{"rendered":"<p>ley de inmigraci\u00f3n centros de detenci\u00f3n procedimiento detenci\u00f3n de inmigraci\u00f3n \u00bfQu\u00e9 es una detenci\u00f3n de inmigraci\u00f3n? retorno y detenci\u00f3n de inmigraci\u00f3n de la ley de r\u00e9gimen texto fuente editar texto fuente ley de inmigraci\u00f3n abogado<\/p>","protected":false},"author":1,"featured_media":0,"parent":10627,"menu_order":0,"comment_status":"closed","ping_status":"closed","template":"","meta":{"footnotes":""},"class_list":["post-10727","page","type-page","status-publish","hentry"],"_links":{"self":[{"href":"https:\/\/www.derbedrosian.nl\/es\/wp-json\/wp\/v2\/pages\/10727","targetHints":{"allow":["GET"]}}],"collection":[{"href":"https:\/\/www.derbedrosian.nl\/es\/wp-json\/wp\/v2\/pages"}],"about":[{"href":"https:\/\/www.derbedrosian.nl\/es\/wp-json\/wp\/v2\/types\/page"}],"author":[{"embeddable":true,"href":"https:\/\/www.derbedrosian.nl\/es\/wp-json\/wp\/v2\/users\/1"}],"replies":[{"embeddable":true,"href":"https:\/\/www.derbedrosian.nl\/es\/wp-json\/wp\/v2\/comments?post=10727"}],"version-history":[{"count":0,"href":"https:\/\/www.derbedrosian.nl\/es\/wp-json\/wp\/v2\/pages\/10727\/revisions"}],"up":[{"embeddable":true,"href":"https:\/\/www.derbedrosian.nl\/es\/wp-json\/wp\/v2\/pages\/10627"}],"wp:attachment":[{"href":"https:\/\/www.derbedrosian.nl\/es\/wp-json\/wp\/v2\/media?parent=10727"}],"curies":[{"name":"wp","href":"https:\/\/api.w.org\/{rel}","templated":true}]}}