{"id":10717,"date":"2023-05-26T16:50:04","date_gmt":"2023-05-26T14:50:04","guid":{"rendered":"https:\/\/derbedrosian.nl\/?page_id=10717"},"modified":"2025-12-21T16:08:47","modified_gmt":"2025-12-21T14:08:47","slug":"permiso-de-residencia-trabajador-por-cuenta-propia","status":"publish","type":"page","link":"https:\/\/www.derbedrosian.nl\/es\/rechtsgebieden\/vreemdelingenrecht\/verblijfsvergunning-zelfstandige-ondernemer\/","title":{"rendered":"Permiso de residencia empresario aut\u00f3nomo"},"content":{"rendered":"<div data-elementor-type=\"wp-page\" data-elementor-id=\"10717\" class=\"elementor elementor-10717\" data-elementor-post-type=\"page\">\n\t\t\t\t<div class=\"wd-negative-gap elementor-element elementor-element-88bd715 e-flex e-con-boxed e-con e-parent\" data-id=\"88bd715\" data-element_type=\"container\" data-e-type=\"container\">\n\t\t\t\t\t<div class=\"e-con-inner\">\n\t\t\t\t<div class=\"elementor-element elementor-element-d086250 elementor-hidden-desktop elementor-hidden-tablet elementor-hidden-mobile elementor-widget elementor-widget-wd_image_or_svg\" data-id=\"d086250\" data-element_type=\"widget\" data-e-type=\"widget\" id=\"seo-word\" data-widget_type=\"wd_image_or_svg.default\">\n\t\t\t\t<div class=\"elementor-widget-container\">\n\t\t\t\t\t\n\t\t<div class=\"wd-image text-left\">\n\t\t\t\t\t\t\t\t<img loading=\"lazy\" decoding=\"async\" width=\"1000\" height=\"667\" src=\"https:\/\/www.derbedrosian.nl\/wp-content\/uploads\/rechtsgebied-verblijfsvergunning-zelfstandige-ondernemer.jpg\" class=\"attachment-full size-full\" alt=\"solicitar permiso de residencia aut\u00f3nomo ind abogado derecho de extranjer\u00eda\" srcset=\"https:\/\/www.derbedrosian.nl\/wp-content\/uploads\/rechtsgebied-verblijfsvergunning-zelfstandige-ondernemer.jpg 1000w, https:\/\/www.derbedrosian.nl\/wp-content\/uploads\/rechtsgebied-verblijfsvergunning-zelfstandige-ondernemer-400x267.jpg 400w, https:\/\/www.derbedrosian.nl\/wp-content\/uploads\/rechtsgebied-verblijfsvergunning-zelfstandige-ondernemer-768x512.jpg 768w\" sizes=\"auto, (max-width: 1000px) 100vw, 1000px\" title=\"\">\t\t\t\t\t<\/div>\n\n\t\t\t\t\t\t<\/div>\n\t\t\t\t<\/div>\n\t\t\t\t<div class=\"elementor-element elementor-element-8756ea9 elementor-hidden-desktop elementor-hidden-tablet elementor-hidden-mobile elementor-widget elementor-widget-heading\" data-id=\"8756ea9\" data-element_type=\"widget\" data-e-type=\"widget\" id=\"seo-word\" data-widget_type=\"heading.default\">\n\t\t\t\t<div class=\"elementor-widget-container\">\n\t\t\t\t\t<h2 class=\"elementor-heading-title elementor-size-default\">ley de inmigraci\u00f3n<\/h2>\t\t\t\t<\/div>\n\t\t\t\t<\/div>\n\t\t\t\t<div class=\"elementor-element elementor-element-cc89742 elementor-hidden-desktop elementor-hidden-tablet elementor-hidden-mobile elementor-widget elementor-widget-heading\" data-id=\"cc89742\" data-element_type=\"widget\" data-e-type=\"widget\" id=\"seo-word\" data-widget_type=\"heading.default\">\n\t\t\t\t<div class=\"elementor-widget-container\">\n\t\t\t\t\t<h5 class=\"elementor-heading-title elementor-size-default\">solicitar un permiso de residencia para trabajar por cuenta propia<\/h5>\t\t\t\t<\/div>\n\t\t\t\t<\/div>\n\t\t\t\t<div class=\"elementor-element elementor-element-bc46928 elementor-hidden-desktop elementor-hidden-tablet elementor-hidden-mobile elementor-widget elementor-widget-heading\" data-id=\"bc46928\" data-element_type=\"widget\" data-e-type=\"widget\" id=\"seo-word\" data-widget_type=\"heading.default\">\n\t\t\t\t<div class=\"elementor-widget-container\">\n\t\t\t\t\t<h5 class=\"elementor-heading-title elementor-size-default\">permiso de residencia ind trabajador por cuenta propia<\/h5>\t\t\t\t<\/div>\n\t\t\t\t<\/div>\n\t\t\t\t<div class=\"elementor-element elementor-element-14ad2ae elementor-hidden-desktop elementor-hidden-tablet elementor-hidden-mobile elementor-widget elementor-widget-heading\" data-id=\"14ad2ae\" data-element_type=\"widget\" data-e-type=\"widget\" id=\"seo-word\" data-widget_type=\"heading.default\">\n\t\t\t\t<div class=\"elementor-widget-container\">\n\t\t\t\t\t<h5 class=\"elementor-heading-title elementor-size-default\">sistema de puntos<\/h5>\t\t\t\t<\/div>\n\t\t\t\t<\/div>\n\t\t\t\t<div class=\"elementor-element elementor-element-4efe020 elementor-hidden-desktop elementor-hidden-tablet elementor-hidden-mobile elementor-widget elementor-widget-heading\" data-id=\"4efe020\" data-element_type=\"widget\" data-e-type=\"widget\" id=\"seo-word\" data-widget_type=\"heading.default\">\n\t\t\t\t<div class=\"elementor-widget-container\">\n\t\t\t\t\t<h5 class=\"elementor-heading-title elementor-size-default\">derecho de inmigraci\u00f3n abogado enschede<\/h5>\t\t\t\t<\/div>\n\t\t\t\t<\/div>\n\t\t\t\t<div class=\"elementor-element elementor-element-8097bb2 elementor-hidden-desktop elementor-hidden-tablet elementor-hidden-mobile elementor-widget elementor-widget-heading\" data-id=\"8097bb2\" data-element_type=\"widget\" data-e-type=\"widget\" id=\"seo-word\" data-widget_type=\"heading.default\">\n\t\t\t\t<div class=\"elementor-widget-container\">\n\t\t\t\t\t<h5 class=\"elementor-heading-title elementor-size-default\">derecho de inmigraci\u00f3n abogado overijssel<\/h5>\t\t\t\t<\/div>\n\t\t\t\t<\/div>\n\t\t\t\t<div class=\"elementor-element elementor-element-873cf86 elementor-hidden-desktop elementor-hidden-tablet elementor-hidden-mobile elementor-widget elementor-widget-heading\" data-id=\"873cf86\" data-element_type=\"widget\" data-e-type=\"widget\" id=\"seo-word\" data-widget_type=\"heading.default\">\n\t\t\t\t<div class=\"elementor-widget-container\">\n\t\t\t\t\t<h5 class=\"elementor-heading-title elementor-size-default\">ley de extranjer\u00eda enschede<\/h5>\t\t\t\t<\/div>\n\t\t\t\t<\/div>\n\t\t\t\t<div class=\"elementor-element elementor-element-e56016a elementor-hidden-desktop elementor-hidden-tablet elementor-hidden-mobile elementor-widget elementor-widget-heading\" data-id=\"e56016a\" data-element_type=\"widget\" data-e-type=\"widget\" id=\"seo-word\" data-widget_type=\"heading.default\">\n\t\t\t\t<div class=\"elementor-widget-container\">\n\t\t\t\t\t<h5 class=\"elementor-heading-title elementor-size-default\">abogado enschede derecho de extranjer\u00eda<\/h5>\t\t\t\t<\/div>\n\t\t\t\t<\/div>\n\t\t\t\t<div class=\"elementor-element elementor-element-ec191a7 elementor-hidden-desktop elementor-hidden-tablet elementor-hidden-mobile elementor-widget elementor-widget-heading\" data-id=\"ec191a7\" data-element_type=\"widget\" data-e-type=\"widget\" id=\"seo-word\" data-widget_type=\"heading.default\">\n\t\t\t\t<div class=\"elementor-widget-container\">\n\t\t\t\t\t<h5 class=\"elementor-heading-title elementor-size-default\">como empresario extranjero por un precio fijo y el derecho de privilegio en legal por transmitir<\/h5>\t\t\t\t<\/div>\n\t\t\t\t<\/div>\n\t\t\t\t<div class=\"elementor-element elementor-element-5740c84 elementor-hidden-desktop elementor-hidden-tablet elementor-hidden-mobile elementor-widget elementor-widget-heading\" data-id=\"5740c84\" data-element_type=\"widget\" data-e-type=\"widget\" id=\"seo-word\" data-widget_type=\"heading.default\">\n\t\t\t\t<div class=\"elementor-widget-container\">\n\t\t\t\t\t<h5 class=\"elementor-heading-title elementor-size-default\">La solicitud de un permiso de residencia como trabajador aut\u00f3nomo en los Pa\u00edses Bajos es un procedimiento basado en el sistema de puntos. El Servicio de Inmigraci\u00f3n y Naturalizaci\u00f3n (IND) tiene criterios espec\u00edficos que debe cumplir para poder optar a dicho permiso de residencia.\n\nLos abogados de extranjer\u00eda de Derbedrosian en Enschede y Overijssel comprenden la importancia de solicitar correctamente un permiso de residencia como trabajador aut\u00f3nomo y de cumplir con el sistema de puntos. Nuestros abogados especializados en extranjer\u00eda pueden asesorarle y guiarle durante todo el proceso para garantizar que cumple los requisitos.\n\nTanto si est\u00e1 en proceso de solicitar el IND como si desea m\u00e1s informaci\u00f3n sobre el sistema de puntos y los requisitos para obtener un permiso de residencia como empresario aut\u00f3nomo, no dude en ponerse en contacto con Derbedrosian Immigration Lawyers. Estamos dispuestos a ayudarle y a asegurarnos de que su solicitud cumple todos los requisitos legales para que pueda permanecer en los Pa\u00edses Bajos como empresario aut\u00f3nomo.<\/h5>\t\t\t\t<\/div>\n\t\t\t\t<\/div>\n\t\t\t\t<div class=\"elementor-element elementor-element-6786bb8 elementor-widget elementor-widget-heading\" data-id=\"6786bb8\" data-element_type=\"widget\" data-e-type=\"widget\" data-widget_type=\"heading.default\">\n\t\t\t\t<div class=\"elementor-widget-container\">\n\t\t\t\t\t<h3 class=\"elementor-heading-title elementor-size-default\">\u00bfQu\u00e9 se entiende por \"empresario aut\u00f3nomo con permiso de residencia\"?<\/h3>\t\t\t\t<\/div>\n\t\t\t\t<\/div>\n\t\t\t\t<div class=\"elementor-element elementor-element-38ba973 color-scheme-inherit text-left elementor-widget elementor-widget-text-editor\" data-id=\"38ba973\" data-element_type=\"widget\" data-e-type=\"widget\" data-widget_type=\"text-editor.default\">\n\t\t\t\t<div class=\"elementor-widget-container\">\n\t\t\t\t\t\t\t\t\t<p>Un \"permiso de residencia empresario aut\u00f3nomo\" en los Pa\u00edses Bajos es un permiso que otorga a los empresarios extranjeros el derecho a vivir aqu\u00ed y dirigir su propio negocio. Este permiso pretende dar a los empresarios la oportunidad de contribuir a la econom\u00eda y la innovaci\u00f3n neerlandesas. Para optar a este permiso, los solicitantes deben cumplir unas condiciones estrictas, entre las que se incluye la obtenci\u00f3n de puntos en un sistema de puntos.<\/p>\t\t\t\t\t\t\t\t<\/div>\n\t\t\t\t<\/div>\n\t\t\t\t<div class=\"elementor-element elementor-element-789e398 elementor-widget elementor-widget-spacer\" data-id=\"789e398\" data-element_type=\"widget\" data-e-type=\"widget\" data-widget_type=\"spacer.default\">\n\t\t\t\t<div class=\"elementor-widget-container\">\n\t\t\t\t\t\t\t<div class=\"elementor-spacer\">\n\t\t\t<div class=\"elementor-spacer-inner\"><\/div>\n\t\t<\/div>\n\t\t\t\t\t\t<\/div>\n\t\t\t\t<\/div>\n\t\t\t\t<div class=\"elementor-element elementor-element-67f26fa elementor-widget elementor-widget-heading\" data-id=\"67f26fa\" data-element_type=\"widget\" data-e-type=\"widget\" data-widget_type=\"heading.default\">\n\t\t\t\t<div class=\"elementor-widget-container\">\n\t\t\t\t\t<h3 class=\"elementor-heading-title elementor-size-default\">Condiciones del permiso de residencia para empresarios aut\u00f3nomos<\/h3>\t\t\t\t<\/div>\n\t\t\t\t<\/div>\n\t\t\t\t<div class=\"elementor-element elementor-element-3a442a2 color-scheme-inherit text-left elementor-widget elementor-widget-text-editor\" data-id=\"3a442a2\" data-element_type=\"widget\" data-e-type=\"widget\" data-widget_type=\"text-editor.default\">\n\t\t\t\t<div class=\"elementor-widget-container\">\n\t\t\t\t\t\t\t\t\t<p>Para tener derecho a un permiso de residencia como trabajador aut\u00f3nomo en los Pa\u00edses Bajos, debe cumplir unas condiciones espec\u00edficas que debe observar cuidadosamente. A continuaci\u00f3n le explicamos estas condiciones con m\u00e1s detalle:<\/p><ul><li><strong>Contribuci\u00f3n positiva a la econom\u00eda de mercado:<\/strong>\u00a0En primer lugar, su empresa debe contribuir de forma claramente positiva al desarrollo econ\u00f3mico de los Pa\u00edses Bajos. Sus actividades empresariales deben estar encaminadas a generar valor a\u00f1adido y crecimiento, y debe contar con una estrategia s\u00f3lida para alcanzar estos objetivos.<\/li><li><strong>Pa\u00eds de origen:<\/strong>\u00a0El pa\u00eds de origen puede afectar a su solicitud. Es importante tener en cuenta que hay algunos pa\u00edses europeos, como Noruega, Islandia, Suiza y Liechtenstein, cuyos residentes pueden venir a Holanda a trabajar como aut\u00f3nomos sin necesidad de un permiso espec\u00edfico. Si no procede de uno de estos pa\u00edses, deber\u00e1 cumplir unas normas y condiciones estrictas para poder optar a un permiso de residencia.<\/li><li><strong>El sistema de puntos:\u00a0<\/strong>Para obtener un permiso de residencia como empresario independiente en los Pa\u00edses Bajos, tiene que demostrar que su empresa es realmente \u00fatil para los Pa\u00edses Bajos. Para ello, el Servicio de Inmigraci\u00f3n y Naturalizaci\u00f3n (IND) utiliza un \"sistema de puntos\". Este sistema tiene en cuenta varias cosas, como su plan de negocio, su experiencia y c\u00f3mo su negocio ayudar\u00e1 a la econom\u00eda holandesa. A continuaci\u00f3n hablaremos del sistema de puntos por separado.<\/li><\/ul>\t\t\t\t\t\t\t\t<\/div>\n\t\t\t\t<\/div>\n\t\t\t\t<div class=\"elementor-element elementor-element-152233f elementor-widget elementor-widget-spacer\" data-id=\"152233f\" data-element_type=\"widget\" data-e-type=\"widget\" data-widget_type=\"spacer.default\">\n\t\t\t\t<div class=\"elementor-widget-container\">\n\t\t\t\t\t\t\t<div class=\"elementor-spacer\">\n\t\t\t<div class=\"elementor-spacer-inner\"><\/div>\n\t\t<\/div>\n\t\t\t\t\t\t<\/div>\n\t\t\t\t<\/div>\n\t\t\t\t<div class=\"elementor-element elementor-element-fbf620d elementor-widget elementor-widget-heading\" data-id=\"fbf620d\" data-element_type=\"widget\" data-e-type=\"widget\" data-widget_type=\"heading.default\">\n\t\t\t\t<div class=\"elementor-widget-container\">\n\t\t\t\t\t<h3 class=\"elementor-heading-title elementor-size-default\">El sistema de puntos<\/h3>\t\t\t\t<\/div>\n\t\t\t\t<\/div>\n\t\t\t\t<div class=\"elementor-element elementor-element-eb8d7e5 color-scheme-inherit text-left elementor-widget elementor-widget-text-editor\" data-id=\"eb8d7e5\" data-element_type=\"widget\" data-e-type=\"widget\" data-widget_type=\"text-editor.default\">\n\t\t\t\t<div class=\"elementor-widget-container\">\n\t\t\t\t\t\t\t\t\t<p>Para permanecer en los Pa\u00edses Bajos como empresario independiente, debe demostrar que su empresa aporta valor a y para los Pa\u00edses Bajos. El IND lo eval\u00faa mediante un \"sistema de puntos\".<br \/>El sistema de puntos consta de tres partes:<\/p><ul><li><strong>Plan de empresa:<\/strong> se trata de los planes para su empresa, por ejemplo, a cu\u00e1ntas personas piensa llegar, c\u00f3mo la organizar\u00e1 y c\u00f3mo la financiar\u00e1.<\/li><li><strong>Experiencia personal:<\/strong> Para ello, se fijan en su conocimiento de los Pa\u00edses Bajos, su formaci\u00f3n y su experiencia como empresario.<\/li><li><strong>Valor a\u00f1adido para los Pa\u00edses Bajos:<\/strong> Esto significa que se fijan en lo innovador que eres o en si creas puestos de trabajo.<\/li><\/ul><p>Para obtener una licencia como aut\u00f3nomo, necesita obtener al menos 90 puntos en total, y debe obtener al menos 30 puntos por cada secci\u00f3n. Si tiene una buena formaci\u00f3n y obtiene al menos 45 puntos en las dos primeras secciones (Plan de empresa y Experiencia personal), no necesitar\u00e1 obtener m\u00e1s puntos en la tercera secci\u00f3n.<\/p>\t\t\t\t\t\t\t\t<\/div>\n\t\t\t\t<\/div>\n\t\t\t\t<div class=\"elementor-element elementor-element-af86f84 elementor-widget elementor-widget-spacer\" data-id=\"af86f84\" data-element_type=\"widget\" data-e-type=\"widget\" data-widget_type=\"spacer.default\">\n\t\t\t\t<div class=\"elementor-widget-container\">\n\t\t\t\t\t\t\t<div class=\"elementor-spacer\">\n\t\t\t<div class=\"elementor-spacer-inner\"><\/div>\n\t\t<\/div>\n\t\t\t\t\t\t<\/div>\n\t\t\t\t<\/div>\n\t\t\t\t<div class=\"elementor-element elementor-element-7c0e3d5 elementor-widget elementor-widget-heading\" data-id=\"7c0e3d5\" data-element_type=\"widget\" data-e-type=\"widget\" data-widget_type=\"heading.default\">\n\t\t\t\t<div class=\"elementor-widget-container\">\n\t\t\t\t\t<h3 class=\"elementor-heading-title elementor-size-default\">Procedimiento del permiso de residencia para empresarios aut\u00f3nomos<\/h3>\t\t\t\t<\/div>\n\t\t\t\t<\/div>\n\t\t\t\t<div class=\"elementor-element elementor-element-2777105 color-scheme-inherit text-left elementor-widget elementor-widget-text-editor\" data-id=\"2777105\" data-element_type=\"widget\" data-e-type=\"widget\" data-widget_type=\"text-editor.default\">\n\t\t\t\t<div class=\"elementor-widget-container\">\n\t\t\t\t\t\t\t\t\t<p>El procedimiento para obtener un permiso de residencia para trabajar por cuenta propia en los Pa\u00edses Bajos implica varios pasos, que explicamos brevemente a continuaci\u00f3n.<\/p><ul><li><strong>Recopilaci\u00f3n de documentos:<\/strong>\u00a0El primer paso requiere que compruebe y re\u00fana cuidadosamente todos los documentos requeridos. Es importante que todos los documentos oficiales extranjeros est\u00e9n legalizados y traducidos al neerland\u00e9s antes de presentarlos.<\/li><li><strong>Presente su solicitud:<\/strong>\u00a0a continuaci\u00f3n, presente una solicitud por escrito para obtener el permiso de residencia. Esta solicitud debe presentarse en un plazo de 3 meses tras la llegada a los Pa\u00edses Bajos. Deber\u00e1 adjuntar a la solicitud toda la documentaci\u00f3n necesaria. la tasa de solicitud es de<\/li><li><strong>Pago:<\/strong>\u00a0Tenga en cuenta que la solicitud conlleva el pago de una tasa de 350,00 euros. Es importante abonar correctamente esta tasa.<\/li><li><strong>Decisi\u00f3n de IND:<\/strong>\u00a0El Servicio de Inmigraci\u00f3n y Naturalizaci\u00f3n (IND) evaluar\u00e1 su solicitud y est\u00e1 obligado por ley a tomar una decisi\u00f3n en un plazo de 90 d\u00edas. El IND le notificar\u00e1 si la decisi\u00f3n se prolonga o si falta informaci\u00f3n en su solicitud.<\/li><li><strong>Decisi\u00f3n recibida:<\/strong>\u00a0Tras la evaluaci\u00f3n, recibir\u00e1 una notificaci\u00f3n por escrito con la decisi\u00f3n, que puede ser positiva o negativa. En caso de una decisi\u00f3n positiva, recibir\u00e1 el \"Permiso de residencia empresario aut\u00f3nomo\". En caso de una decisi\u00f3n negativa, tendr\u00e1 la oportunidad de oponerse a la decisi\u00f3n del IND.<\/li><li><strong>Recogida del permiso de residencia:<\/strong>\u00a0si la decisi\u00f3n del IND es positiva, recibir\u00e1 una notificaci\u00f3n por escrito en la que se le indicar\u00e1 cu\u00e1ndo podr\u00e1 recoger el permiso de residencia en el mostrador del IND. Tenga en cuenta que la recogida del permiso de residencia s\u00f3lo es posible con cita previa.<\/li><\/ul>\t\t\t\t\t\t\t\t<\/div>\n\t\t\t\t<\/div>\n\t\t\t\t<div class=\"elementor-element elementor-element-7b3abb0 elementor-widget elementor-widget-spacer\" data-id=\"7b3abb0\" data-element_type=\"widget\" data-e-type=\"widget\" data-widget_type=\"spacer.default\">\n\t\t\t\t<div class=\"elementor-widget-container\">\n\t\t\t\t\t\t\t<div class=\"elementor-spacer\">\n\t\t\t<div class=\"elementor-spacer-inner\"><\/div>\n\t\t<\/div>\n\t\t\t\t\t\t<\/div>\n\t\t\t\t<\/div>\n\t\t\t\t<div class=\"elementor-element elementor-element-6e135cf elementor-widget elementor-widget-heading\" data-id=\"6e135cf\" data-element_type=\"widget\" data-e-type=\"widget\" data-widget_type=\"heading.default\">\n\t\t\t\t<div class=\"elementor-widget-container\">\n\t\t\t\t\t<h3 class=\"elementor-heading-title elementor-size-default\">Permiso de residencia para abogado aut\u00f3nomo<\/h3>\t\t\t\t<\/div>\n\t\t\t\t<\/div>\n\t\t\t\t<div class=\"elementor-element elementor-element-fa51cf7 color-scheme-inherit text-left elementor-widget elementor-widget-text-editor\" data-id=\"fa51cf7\" data-element_type=\"widget\" data-e-type=\"widget\" data-widget_type=\"text-editor.default\">\n\t\t\t\t<div class=\"elementor-widget-container\">\n\t\t\t\t\t\t\t\t\t<p>Todo este proceso puede ocupar una cantidad considerable de su valioso tiempo. El bufete Der Bedrosian est\u00e1 formado por<a href=\"https:\/\/www.derbedrosian.nl\/es\/abogados\/\"> abogados con experiencia<\/a> con especializaci\u00f3n en el <a href=\"https:\/\/www.derbedrosian.nl\/es\/jurisdicciones\/ley-de-inmigracion\/\">ley de inmigraci\u00f3n.<\/a><\/p><p>P\u00f3ngase en contacto con nosotros hoy mismo y perm\u00edtanos ayudarle en su camino hacia una solicitud exitosa.<\/p>\t\t\t\t\t\t\t\t<\/div>\n\t\t\t\t<\/div>\n\t\t\t\t\t<\/div>\n\t\t\t\t<\/div>\n\t\t\t\t<\/div>","protected":false},"excerpt":{"rendered":"<p>vreemdelingenrecht verblijfsvergunning zelfstandig ondernemer aanvragen ind verblijfsvergunning zelfstandig ondernemer puntensysteem vreemdelingenrecht advocaat enschede vreemdelingenrecht advocaat overijssel vreemdelingenrecht enschede advocaat enschede<\/p>","protected":false},"author":1,"featured_media":0,"parent":10627,"menu_order":0,"comment_status":"closed","ping_status":"closed","template":"","meta":{"footnotes":""},"class_list":["post-10717","page","type-page","status-publish","hentry"],"_links":{"self":[{"href":"https:\/\/www.derbedrosian.nl\/es\/wp-json\/wp\/v2\/pages\/10717","targetHints":{"allow":["GET"]}}],"collection":[{"href":"https:\/\/www.derbedrosian.nl\/es\/wp-json\/wp\/v2\/pages"}],"about":[{"href":"https:\/\/www.derbedrosian.nl\/es\/wp-json\/wp\/v2\/types\/page"}],"author":[{"embeddable":true,"href":"https:\/\/www.derbedrosian.nl\/es\/wp-json\/wp\/v2\/users\/1"}],"replies":[{"embeddable":true,"href":"https:\/\/www.derbedrosian.nl\/es\/wp-json\/wp\/v2\/comments?post=10717"}],"version-history":[{"count":0,"href":"https:\/\/www.derbedrosian.nl\/es\/wp-json\/wp\/v2\/pages\/10717\/revisions"}],"up":[{"embeddable":true,"href":"https:\/\/www.derbedrosian.nl\/es\/wp-json\/wp\/v2\/pages\/10627"}],"wp:attachment":[{"href":"https:\/\/www.derbedrosian.nl\/es\/wp-json\/wp\/v2\/media?parent=10717"}],"curies":[{"name":"wp","href":"https:\/\/api.w.org\/{rel}","templated":true}]}}