{"id":10712,"date":"2023-05-26T16:47:20","date_gmt":"2023-05-26T14:47:20","guid":{"rendered":"https:\/\/derbedrosian.nl\/?page_id=10712"},"modified":"2025-12-21T16:07:56","modified_gmt":"2025-12-21T14:07:56","slug":"estudio-del-permiso-de-residencia","status":"publish","type":"page","link":"https:\/\/www.derbedrosian.nl\/es\/rechtsgebieden\/vreemdelingenrecht\/verblijfsvergunning-studie\/","title":{"rendered":"Estudio del permiso de residencia"},"content":{"rendered":"<div data-elementor-type=\"wp-page\" data-elementor-id=\"10712\" class=\"elementor elementor-10712\" data-elementor-post-type=\"page\">\n\t\t\t\t<div class=\"wd-negative-gap elementor-element elementor-element-f296063 e-flex e-con-boxed e-con e-parent\" data-id=\"f296063\" data-element_type=\"container\" data-e-type=\"container\">\n\t\t\t\t\t<div class=\"e-con-inner\">\n\t\t\t\t<div class=\"elementor-element elementor-element-a76e188 elementor-hidden-desktop elementor-hidden-tablet elementor-hidden-mobile elementor-widget elementor-widget-wd_image_or_svg\" data-id=\"a76e188\" data-element_type=\"widget\" data-e-type=\"widget\" id=\"seo-word\" data-widget_type=\"wd_image_or_svg.default\">\n\t\t\t\t<div class=\"elementor-widget-container\">\n\t\t\t\t\t\n\t\t<div class=\"wd-image text-left\">\n\t\t\t\t\t\t\t\t<img loading=\"lazy\" decoding=\"async\" width=\"1000\" height=\"563\" src=\"https:\/\/www.derbedrosian.nl\/wp-content\/uploads\/rechtsgebieden-verblijfsvergunning-studie.jpg\" class=\"attachment-full size-full\" alt=\"permiso de residencia solicitudes de estudio abogado extranjeros rechazados derecho\" srcset=\"https:\/\/www.derbedrosian.nl\/wp-content\/uploads\/rechtsgebieden-verblijfsvergunning-studie.jpg 1000w, https:\/\/www.derbedrosian.nl\/wp-content\/uploads\/rechtsgebieden-verblijfsvergunning-studie-400x225.jpg 400w, https:\/\/www.derbedrosian.nl\/wp-content\/uploads\/rechtsgebieden-verblijfsvergunning-studie-768x432.jpg 768w\" sizes=\"auto, (max-width: 1000px) 100vw, 1000px\" title=\"\">\t\t\t\t\t<\/div>\n\n\t\t\t\t\t\t<\/div>\n\t\t\t\t<\/div>\n\t\t\t\t<div class=\"elementor-element elementor-element-97a8044 elementor-hidden-desktop elementor-hidden-tablet elementor-hidden-mobile elementor-widget elementor-widget-heading\" data-id=\"97a8044\" data-element_type=\"widget\" data-e-type=\"widget\" id=\"seo-word\" data-widget_type=\"heading.default\">\n\t\t\t\t<div class=\"elementor-widget-container\">\n\t\t\t\t\t<h2 class=\"elementor-heading-title elementor-size-default\">Derecho de inmigraci\u00f3n<\/h2>\t\t\t\t<\/div>\n\t\t\t\t<\/div>\n\t\t\t\t<div class=\"elementor-element elementor-element-0509621 elementor-hidden-desktop elementor-hidden-tablet elementor-hidden-mobile elementor-widget elementor-widget-heading\" data-id=\"0509621\" data-element_type=\"widget\" data-e-type=\"widget\" id=\"seo-word\" data-widget_type=\"heading.default\">\n\t\t\t\t<div class=\"elementor-widget-container\">\n\t\t\t\t\t<h5 class=\"elementor-heading-title elementor-size-default\">Procedimiento de estudio del permiso de residencia<\/h5>\t\t\t\t<\/div>\n\t\t\t\t<\/div>\n\t\t\t\t<div class=\"elementor-element elementor-element-c177cae elementor-hidden-desktop elementor-hidden-tablet elementor-hidden-mobile elementor-widget elementor-widget-heading\" data-id=\"c177cae\" data-element_type=\"widget\" data-e-type=\"widget\" id=\"seo-word\" data-widget_type=\"heading.default\">\n\t\t\t\t<div class=\"elementor-widget-container\">\n\t\t\t\t\t<h5 class=\"elementor-heading-title elementor-size-default\">abogado Estudio del permiso de residencia<\/h5>\t\t\t\t<\/div>\n\t\t\t\t<\/div>\n\t\t\t\t<div class=\"elementor-element elementor-element-785dacf elementor-hidden-desktop elementor-hidden-tablet elementor-hidden-mobile elementor-widget elementor-widget-heading\" data-id=\"785dacf\" data-element_type=\"widget\" data-e-type=\"widget\" id=\"seo-word\" data-widget_type=\"heading.default\">\n\t\t\t\t<div class=\"elementor-widget-container\">\n\t\t\t\t\t<h5 class=\"elementor-heading-title elementor-size-default\">Solicitar un permiso de residencia para estudiar<\/h5>\t\t\t\t<\/div>\n\t\t\t\t<\/div>\n\t\t\t\t<div class=\"elementor-element elementor-element-8d5c259 elementor-hidden-desktop elementor-hidden-tablet elementor-hidden-mobile elementor-widget elementor-widget-heading\" data-id=\"8d5c259\" data-element_type=\"widget\" data-e-type=\"widget\" id=\"seo-word\" data-widget_type=\"heading.default\">\n\t\t\t\t<div class=\"elementor-widget-container\">\n\t\t\t\t\t<h5 class=\"elementor-heading-title elementor-size-default\">derecho de inmigraci\u00f3n abogado enschede<\/h5>\t\t\t\t<\/div>\n\t\t\t\t<\/div>\n\t\t\t\t<div class=\"elementor-element elementor-element-1fd74ed elementor-hidden-desktop elementor-hidden-tablet elementor-hidden-mobile elementor-widget elementor-widget-heading\" data-id=\"1fd74ed\" data-element_type=\"widget\" data-e-type=\"widget\" id=\"seo-word\" data-widget_type=\"heading.default\">\n\t\t\t\t<div class=\"elementor-widget-container\">\n\t\t\t\t\t<h5 class=\"elementor-heading-title elementor-size-default\">ley de extranjer\u00eda enschede<\/h5>\t\t\t\t<\/div>\n\t\t\t\t<\/div>\n\t\t\t\t<div class=\"elementor-element elementor-element-f4d276d elementor-hidden-desktop elementor-hidden-tablet elementor-hidden-mobile elementor-widget elementor-widget-heading\" data-id=\"f4d276d\" data-element_type=\"widget\" data-e-type=\"widget\" id=\"seo-word\" data-widget_type=\"heading.default\">\n\t\t\t\t<div class=\"elementor-widget-container\">\n\t\t\t\t\t<h5 class=\"elementor-heading-title elementor-size-default\">derecho de inmigraci\u00f3n abogado overijssel<\/h5>\t\t\t\t<\/div>\n\t\t\t\t<\/div>\n\t\t\t\t<div class=\"elementor-element elementor-element-f819ebd elementor-hidden-desktop elementor-hidden-tablet elementor-hidden-mobile elementor-widget elementor-widget-heading\" data-id=\"f819ebd\" data-element_type=\"widget\" data-e-type=\"widget\" id=\"seo-word\" data-widget_type=\"heading.default\">\n\t\t\t\t<div class=\"elementor-widget-container\">\n\t\t\t\t\t<h5 class=\"elementor-heading-title elementor-size-default\">abogado enschede derecho de extranjer\u00eda<\/h5>\t\t\t\t<\/div>\n\t\t\t\t<\/div>\n\t\t\t\t<div class=\"elementor-element elementor-element-168a51d elementor-hidden-desktop elementor-hidden-tablet elementor-hidden-mobile elementor-widget elementor-widget-heading\" data-id=\"168a51d\" data-element_type=\"widget\" data-e-type=\"widget\" id=\"seo-word\" data-widget_type=\"heading.default\">\n\t\t\t\t<div class=\"elementor-widget-container\">\n\t\t\t\t\t<h5 class=\"elementor-heading-title elementor-size-default\">cu\u00e1les son las normas sobre la normalizaci\u00f3n del progreso de los estudios debido al permiso de residencia en relaci\u00f3n con la direcci\u00f3n de estudios residencia regular y ciudadan\u00eda neerlandesa<\/h5>\t\t\t\t<\/div>\n\t\t\t\t<\/div>\n\t\t\t\t<div class=\"elementor-element elementor-element-d54f1ee elementor-hidden-desktop elementor-hidden-tablet elementor-hidden-mobile elementor-widget elementor-widget-heading\" data-id=\"d54f1ee\" data-element_type=\"widget\" data-e-type=\"widget\" id=\"seo-word\" data-widget_type=\"heading.default\">\n\t\t\t\t<div class=\"elementor-widget-container\">\n\t\t\t\t\t<h5 class=\"elementor-heading-title elementor-size-default\">El permiso de residencia por estudios es un permiso importante para los estudiantes internacionales que quieren venir a Holanda a estudiar. La solicitud de un permiso de residencia por estudios puede ser un procedimiento complejo y requiere prestar mucha atenci\u00f3n a las modalidades de normalizaci\u00f3n del progreso de los estudios.\n\nEl procedimiento para solicitar un permiso de residencia por estudios implica pasos y requisitos espec\u00edficos que deben seguirse. Los estudiantes internacionales deben cumplir ciertas normas relativas a su progreso de estudios para mantener su estatus de residencia.\n\nLos abogados de inmigraci\u00f3n de Derbedrosian en Enschede y Overijssel comprenden la complejidad de estos procedimientos y est\u00e1n preparados para asesorar y ayudar a los estudiantes internacionales a solicitar un permiso de residencia por estudios, cumpliendo al mismo tiempo las normas sobre la normalizaci\u00f3n del progreso de los estudios.\n\nSi tiene alguna pregunta sobre el procedimiento de solicitud de un permiso de residencia por estudios, la normalizaci\u00f3n del progreso de los estudios u otras cuestiones de derecho de inmigraci\u00f3n relacionadas con los estudios, no dude en ponerse en contacto con Derbedrosian Immigration Lawyers. Estamos aqu\u00ed para ayudarle y asegurarnos de que su situaci\u00f3n de residencia en los Pa\u00edses Bajos se resuelva de acuerdo con las normas y reglamentos aplicables.\n\n\n\n\n<\/h5>\t\t\t\t<\/div>\n\t\t\t\t<\/div>\n\t\t\t\t<div class=\"elementor-element elementor-element-6cb8d0b color-scheme-inherit text-left elementor-widget elementor-widget-text-editor\" data-id=\"6cb8d0b\" data-element_type=\"widget\" data-e-type=\"widget\" data-widget_type=\"text-editor.default\">\n\t\t\t\t<div class=\"elementor-widget-container\">\n\t\t\t\t\t\t\t\t\t<p><strong>Un permiso de residencia para estudiar en los Pa\u00edses Bajos le abre las puertas a un mundo de oportunidades acad\u00e9micas y enriquecimiento cultural. Para los estudiantes internacionales, la obtenci\u00f3n de este permiso es un paso crucial para estudiar legalmente en los Pa\u00edses Bajos.<\/strong><\/p>\t\t\t\t\t\t\t\t<\/div>\n\t\t\t\t<\/div>\n\t\t\t\t<div class=\"elementor-element elementor-element-763b869 elementor-widget elementor-widget-spacer\" data-id=\"763b869\" data-element_type=\"widget\" data-e-type=\"widget\" data-widget_type=\"spacer.default\">\n\t\t\t\t<div class=\"elementor-widget-container\">\n\t\t\t\t\t\t\t<div class=\"elementor-spacer\">\n\t\t\t<div class=\"elementor-spacer-inner\"><\/div>\n\t\t<\/div>\n\t\t\t\t\t\t<\/div>\n\t\t\t\t<\/div>\n\t\t\t\t<div class=\"elementor-element elementor-element-980fea9 elementor-widget elementor-widget-heading\" data-id=\"980fea9\" data-element_type=\"widget\" data-e-type=\"widget\" data-widget_type=\"heading.default\">\n\t\t\t\t<div class=\"elementor-widget-container\">\n\t\t\t\t\t<h3 class=\"elementor-heading-title elementor-size-default\">\u00bfEn qu\u00e9 consiste el \"estudio del permiso de residencia\"?<\/h3>\t\t\t\t<\/div>\n\t\t\t\t<\/div>\n\t\t\t\t<div class=\"elementor-element elementor-element-cb9e355 color-scheme-inherit text-left elementor-widget elementor-widget-text-editor\" data-id=\"cb9e355\" data-element_type=\"widget\" data-e-type=\"widget\" data-widget_type=\"text-editor.default\">\n\t\t\t\t<div class=\"elementor-widget-container\">\n\t\t\t\t\t\t\t\t\t<p>Si quiere venir a Holanda a estudiar, necesita un permiso de residencia para estudiar en una escuela superior o universidad. S\u00f3lo puede solicitarlo el colegio o la universidad donde tiene previsto estudiar.<\/p><p>Un \"permiso de residencia por estudios\" es un permiso oficial que se concede a los estudiantes internacionales para residir y estudiar legalmente en otro pa\u00eds. En el caso de los Pa\u00edses Bajos, un permiso de residencia estudio significa que se concede a un estudiante extranjero el derecho a vivir y estudiar en los Pa\u00edses Bajos durante un periodo de tiempo determinado, normalmente la duraci\u00f3n del curso al que asiste.<\/p>\t\t\t\t\t\t\t\t<\/div>\n\t\t\t\t<\/div>\n\t\t\t\t<div class=\"elementor-element elementor-element-ec3ff2d elementor-widget elementor-widget-spacer\" data-id=\"ec3ff2d\" data-element_type=\"widget\" data-e-type=\"widget\" data-widget_type=\"spacer.default\">\n\t\t\t\t<div class=\"elementor-widget-container\">\n\t\t\t\t\t\t\t<div class=\"elementor-spacer\">\n\t\t\t<div class=\"elementor-spacer-inner\"><\/div>\n\t\t<\/div>\n\t\t\t\t\t\t<\/div>\n\t\t\t\t<\/div>\n\t\t\t\t<div class=\"elementor-element elementor-element-e0e5b20 elementor-widget elementor-widget-heading\" data-id=\"e0e5b20\" data-element_type=\"widget\" data-e-type=\"widget\" data-widget_type=\"heading.default\">\n\t\t\t\t<div class=\"elementor-widget-container\">\n\t\t\t\t\t<h3 class=\"elementor-heading-title elementor-size-default\">Condiciones de estudio del permiso de residencia<\/h3>\t\t\t\t<\/div>\n\t\t\t\t<\/div>\n\t\t\t\t<div class=\"elementor-element elementor-element-97ee548 color-scheme-inherit text-left elementor-widget elementor-widget-text-editor\" data-id=\"97ee548\" data-element_type=\"widget\" data-e-type=\"widget\" data-widget_type=\"text-editor.default\">\n\t\t\t\t<div class=\"elementor-widget-container\">\n\t\t\t\t\t\t\t\t\t<p>Para obtener un permiso de residencia para estudiar en los Pa\u00edses Bajos, deben cumplirse algunas normas estrictas. Estas condiciones se presentan convenientemente a continuaci\u00f3n:<\/p><ul><li><strong>Inscripci\u00f3n:<\/strong> Uno de los requisitos m\u00e1s b\u00e1sicos es que debe matricularse en un curso diurno a tiempo completo en un centro educativo neerland\u00e9s reconocido. Es importante tener en cuenta que los cursos nocturnos o escritos no dan derecho a este permiso. El estudio a tiempo completo es esencial en este caso.<\/li><li><strong>Seguridad financiera:<\/strong> Otro factor cr\u00edtico se refiere a su situaci\u00f3n financiera. Al solicitar el permiso de residencia, debe poder demostrar que dispone de recursos financieros suficientes para al menos 12 meses. Si tiene previsto estudiar menos de un a\u00f1o, deber\u00e1 demostrar que puede financiar todo el periodo de estudios. Esto le garantiza que no tendr\u00e1 problemas econ\u00f3micos durante sus estudios en los Pa\u00edses Bajos.<\/li><li><strong>Restricci\u00f3n de las horas de trabajo:<\/strong>\u00a0Una vez que disponga de un permiso de residencia para estudiar en los Pa\u00edses Bajos, existen restricciones en cuanto al n\u00famero de horas que puede trabajar. Durante el curso acad\u00e9mico regular, que suele ir de septiembre a junio, se le permite trabajar un m\u00e1ximo de 16 horas semanales. Estas normas est\u00e1n en vigor para garantizar que los estudios sigan siendo su ocupaci\u00f3n principal y que disponga de tiempo suficiente para cumplir con sus obligaciones acad\u00e9micas. Sin embargo, durante las vacaciones de verano, normalmente en julio y agosto, se le permite trabajar a tiempo completo.<\/li><\/ul><p>Es muy importante seguir cuidadosamente estas condiciones para poder obtener y seguir disfrutando de un permiso de residencia para estudiar en los Pa\u00edses Bajos. De este modo, podr\u00e1 aprovechar al m\u00e1ximo las oportunidades acad\u00e9micas y la riqueza cultural que le ofrecen los Pa\u00edses Bajos durante su estancia.<\/p>\t\t\t\t\t\t\t\t<\/div>\n\t\t\t\t<\/div>\n\t\t\t\t<div class=\"elementor-element elementor-element-7a228ea elementor-widget elementor-widget-spacer\" data-id=\"7a228ea\" data-element_type=\"widget\" data-e-type=\"widget\" data-widget_type=\"spacer.default\">\n\t\t\t\t<div class=\"elementor-widget-container\">\n\t\t\t\t\t\t\t<div class=\"elementor-spacer\">\n\t\t\t<div class=\"elementor-spacer-inner\"><\/div>\n\t\t<\/div>\n\t\t\t\t\t\t<\/div>\n\t\t\t\t<\/div>\n\t\t\t\t<div class=\"elementor-element elementor-element-b2a7089 elementor-widget elementor-widget-heading\" data-id=\"b2a7089\" data-element_type=\"widget\" data-e-type=\"widget\" data-widget_type=\"heading.default\">\n\t\t\t\t<div class=\"elementor-widget-container\">\n\t\t\t\t\t<h3 class=\"elementor-heading-title elementor-size-default\">Procedimiento de estudio del permiso de residencia <\/h3>\t\t\t\t<\/div>\n\t\t\t\t<\/div>\n\t\t\t\t<div class=\"elementor-element elementor-element-975ddfc color-scheme-inherit text-left elementor-widget elementor-widget-text-editor\" data-id=\"975ddfc\" data-element_type=\"widget\" data-e-type=\"widget\" data-widget_type=\"text-editor.default\">\n\t\t\t\t<div class=\"elementor-widget-container\">\n\t\t\t\t\t\t\t\t\t<p>Si est\u00e1 pensando en estudiar en los Pa\u00edses Bajos, hay varios pasos cruciales que debe seguir para obtener un permiso de residencia por estudios.<\/p><ul><li><strong>Recopilaci\u00f3n de documentos:<\/strong>\u00a0La primera etapa importante en la solicitud de un permiso de residencia por estudios requiere una cuidadosa documentaci\u00f3n. Adem\u00e1s, estos documentos deben estar traducidos al neerland\u00e9s, ingl\u00e9s, franc\u00e9s o alem\u00e1n, en funci\u00f3n de la normativa de su centro de ense\u00f1anza y de las autoridades de inmigraci\u00f3n.<\/li><li><strong>Presente su solicitud:<\/strong> Una vez recopilados todos los documentos requeridos, su instituci\u00f3n educativa presentar\u00e1 la solicitud de permiso de residencia al Servicio de Inmigraci\u00f3n y Naturalizaci\u00f3n (IND) en su nombre. Este proceso est\u00e1 estrechamente supervisado y gestionado por la instituci\u00f3n educativa en colaboraci\u00f3n con el IND para garantizar que su solicitud se presenta correctamente. La tasa de solicitud de dicho permiso de residencia es actualmente de 210,00 euros.<\/li><li><strong>Decisi\u00f3n de IND:<\/strong>\u00a0Tras presentar su solicitud, el IND dispone legalmente de 60 d\u00edas para tomar una decisi\u00f3n sobre su permiso de residencia. Su instituci\u00f3n educativa se mantendr\u00e1 informada del progreso de su solicitud y le informar\u00e1 de cualquier retraso.<\/li><li><strong>Decisi\u00f3n recibida:<\/strong>\u00a0Una vez que el IND haya tomado una decisi\u00f3n, su centro de estudios recibir\u00e1 una comunicaci\u00f3n oficial por escrito con la decisi\u00f3n, que puede ser positiva o negativa. En caso de una decisi\u00f3n positiva, recibir\u00e1 el \"permiso de residencia por estudios\", que le permite residir y estudiar legalmente en los Pa\u00edses Bajos. En caso de una decisi\u00f3n negativa, tiene derecho a oponerse a la decisi\u00f3n del IND.<\/li><li><strong>Recogida del permiso de residencia:<\/strong>\u00a0si la decisi\u00f3n del IND es positiva y usted ha obtenido el permiso de residencia, su instituci\u00f3n educativa le notificar\u00e1 cu\u00e1ndo est\u00e1 listo el permiso para que lo recoja en el mostrador del IND. La recogida del permiso requiere una cita concertada previamente, as\u00ed que aseg\u00farese de seguir las instrucciones de su instituci\u00f3n educativa para recoger el permiso de residencia a la hora designada.<\/li><\/ul>\t\t\t\t\t\t\t\t<\/div>\n\t\t\t\t<\/div>\n\t\t\t\t<div class=\"elementor-element elementor-element-ed79bba elementor-widget elementor-widget-spacer\" data-id=\"ed79bba\" data-element_type=\"widget\" data-e-type=\"widget\" data-widget_type=\"spacer.default\">\n\t\t\t\t<div class=\"elementor-widget-container\">\n\t\t\t\t\t\t\t<div class=\"elementor-spacer\">\n\t\t\t<div class=\"elementor-spacer-inner\"><\/div>\n\t\t<\/div>\n\t\t\t\t\t\t<\/div>\n\t\t\t\t<\/div>\n\t\t\t\t<div class=\"elementor-element elementor-element-dd7efc4 elementor-widget elementor-widget-heading\" data-id=\"dd7efc4\" data-element_type=\"widget\" data-e-type=\"widget\" data-widget_type=\"heading.default\">\n\t\t\t\t<div class=\"elementor-widget-container\">\n\t\t\t\t\t<h3 class=\"elementor-heading-title elementor-size-default\">Abogado para el estudio del permiso de residencia<\/h3>\t\t\t\t<\/div>\n\t\t\t\t<\/div>\n\t\t\t\t<div class=\"elementor-element elementor-element-2211ee4 color-scheme-inherit text-left elementor-widget elementor-widget-text-editor\" data-id=\"2211ee4\" data-element_type=\"widget\" data-e-type=\"widget\" data-widget_type=\"text-editor.default\">\n\t\t\t\t<div class=\"elementor-widget-container\">\n\t\t\t\t\t\t\t\t\t<p>Solicitar un permiso de residencia por estudios suele ser un proceso complicado.<\/p><p>El <a href=\"https:\/\/www.derbedrosian.nl\/es\/abogados\/\">abogados<\/a> del bufete Der Bedrosian evaluar\u00e1 detenidamente su caso y le proporcionar\u00e1 un asesoramiento a medida que se adapte a su situaci\u00f3n espec\u00edfica. Tanto si es usted un futuro estudiante que se dispone a venir a los Pa\u00edses Bajos como si ya reside en este pa\u00eds y desea prolongar su estancia de estudios.<\/p><p>Una vez que se ponga en contacto con nosotros, le pondremos directamente en contacto con uno de <a href=\"https:\/\/www.derbedrosian.nl\/es\/abogados\/\">nuestros abogados especializados.<\/a><\/p>\t\t\t\t\t\t\t\t<\/div>\n\t\t\t\t<\/div>\n\t\t\t\t\t<\/div>\n\t\t\t\t<\/div>\n\t\t\t\t<\/div>","protected":false},"excerpt":{"rendered":"<p>Derecho de extranjer\u00eda Procedimiento de estudio del permiso de residencia abogado Procedimiento de estudio del permiso de residencia Solicitud de estudio del permiso de residencia derecho de extranjer\u00eda abogado enschede derecho de extranjer\u00eda enschede derecho de extranjer\u00eda abogado overijssel abogado<\/p>","protected":false},"author":1,"featured_media":0,"parent":10627,"menu_order":0,"comment_status":"closed","ping_status":"closed","template":"","meta":{"footnotes":""},"class_list":["post-10712","page","type-page","status-publish","hentry"],"_links":{"self":[{"href":"https:\/\/www.derbedrosian.nl\/es\/wp-json\/wp\/v2\/pages\/10712","targetHints":{"allow":["GET"]}}],"collection":[{"href":"https:\/\/www.derbedrosian.nl\/es\/wp-json\/wp\/v2\/pages"}],"about":[{"href":"https:\/\/www.derbedrosian.nl\/es\/wp-json\/wp\/v2\/types\/page"}],"author":[{"embeddable":true,"href":"https:\/\/www.derbedrosian.nl\/es\/wp-json\/wp\/v2\/users\/1"}],"replies":[{"embeddable":true,"href":"https:\/\/www.derbedrosian.nl\/es\/wp-json\/wp\/v2\/comments?post=10712"}],"version-history":[{"count":0,"href":"https:\/\/www.derbedrosian.nl\/es\/wp-json\/wp\/v2\/pages\/10712\/revisions"}],"up":[{"embeddable":true,"href":"https:\/\/www.derbedrosian.nl\/es\/wp-json\/wp\/v2\/pages\/10627"}],"wp:attachment":[{"href":"https:\/\/www.derbedrosian.nl\/es\/wp-json\/wp\/v2\/media?parent=10712"}],"curies":[{"name":"wp","href":"https:\/\/api.w.org\/{rel}","templated":true}]}}