{"id":10707,"date":"2023-05-26T16:45:58","date_gmt":"2023-05-26T14:45:58","guid":{"rendered":"https:\/\/derbedrosian.nl\/?page_id=10707"},"modified":"2025-12-21T16:07:17","modified_gmt":"2025-12-21T14:07:17","slug":"permiso-de-residencia-motivos-medicos","status":"publish","type":"page","link":"https:\/\/www.derbedrosian.nl\/es\/rechtsgebieden\/vreemdelingenrecht\/verblijfsvergunning-medische-gronden\/","title":{"rendered":"Permiso de residencia por motivos m\u00e9dicos"},"content":{"rendered":"<div data-elementor-type=\"wp-page\" data-elementor-id=\"10707\" class=\"elementor elementor-10707\" data-elementor-post-type=\"page\">\n\t\t\t\t<div class=\"wd-negative-gap elementor-element elementor-element-254e15f e-flex e-con-boxed e-con e-parent\" data-id=\"254e15f\" data-element_type=\"container\" data-e-type=\"container\">\n\t\t\t\t\t<div class=\"e-con-inner\">\n\t\t\t\t<div class=\"elementor-element elementor-element-35687d7 elementor-hidden-desktop elementor-hidden-tablet elementor-hidden-mobile elementor-widget elementor-widget-wd_image_or_svg\" data-id=\"35687d7\" data-element_type=\"widget\" data-e-type=\"widget\" id=\"seo-word\" data-widget_type=\"wd_image_or_svg.default\">\n\t\t\t\t<div class=\"elementor-widget-container\">\n\t\t\t\t\t\n\t\t<div class=\"wd-image text-left\">\n\t\t\t\t\t\t\t\t<img loading=\"lazy\" decoding=\"async\" width=\"1000\" height=\"503\" src=\"https:\/\/www.derbedrosian.nl\/wp-content\/uploads\/rechtsgebied-verblijfsvergunning-medische-gronden.jpg\" class=\"attachment-full size-full\" alt=\"Permiso de residencia motivos m\u00e9dicos solicitud abogado ind IND visado Autorizaci\u00f3n de estancia temporal mvv\" srcset=\"https:\/\/www.derbedrosian.nl\/wp-content\/uploads\/rechtsgebied-verblijfsvergunning-medische-gronden.jpg 1000w, https:\/\/www.derbedrosian.nl\/wp-content\/uploads\/rechtsgebied-verblijfsvergunning-medische-gronden-400x201.jpg 400w, https:\/\/www.derbedrosian.nl\/wp-content\/uploads\/rechtsgebied-verblijfsvergunning-medische-gronden-768x386.jpg 768w\" sizes=\"auto, (max-width: 1000px) 100vw, 1000px\" title=\"\">\t\t\t\t\t<\/div>\n\n\t\t\t\t\t\t<\/div>\n\t\t\t\t<\/div>\n\t\t\t\t<div class=\"elementor-element elementor-element-f588a40 elementor-hidden-desktop elementor-hidden-tablet elementor-hidden-mobile elementor-widget elementor-widget-heading\" data-id=\"f588a40\" data-element_type=\"widget\" data-e-type=\"widget\" id=\"seo-word\" data-widget_type=\"heading.default\">\n\t\t\t\t<div class=\"elementor-widget-container\">\n\t\t\t\t\t<h2 class=\"elementor-heading-title elementor-size-default\">Solicitud de permiso de residencia <\/h2>\t\t\t\t<\/div>\n\t\t\t\t<\/div>\n\t\t\t\t<div class=\"elementor-element elementor-element-16c8d68 elementor-hidden-desktop elementor-hidden-tablet elementor-hidden-mobile elementor-widget elementor-widget-heading\" data-id=\"16c8d68\" data-element_type=\"widget\" data-e-type=\"widget\" id=\"seo-word\" data-widget_type=\"heading.default\">\n\t\t\t\t<div class=\"elementor-widget-container\">\n\t\t\t\t\t<h5 class=\"elementor-heading-title elementor-size-default\">IND<\/h5>\t\t\t\t<\/div>\n\t\t\t\t<\/div>\n\t\t\t\t<div class=\"elementor-element elementor-element-9962d59 elementor-hidden-desktop elementor-hidden-tablet elementor-hidden-mobile elementor-widget elementor-widget-heading\" data-id=\"9962d59\" data-element_type=\"widget\" data-e-type=\"widget\" id=\"seo-word\" data-widget_type=\"heading.default\">\n\t\t\t\t<div class=\"elementor-widget-container\">\n\t\t\t\t\t<h5 class=\"elementor-heading-title elementor-size-default\">abogado permiso de residencia motivos m\u00e9dicos<\/h5>\t\t\t\t<\/div>\n\t\t\t\t<\/div>\n\t\t\t\t<div class=\"elementor-element elementor-element-e2c149a elementor-hidden-desktop elementor-hidden-tablet elementor-hidden-mobile elementor-widget elementor-widget-heading\" data-id=\"e2c149a\" data-element_type=\"widget\" data-e-type=\"widget\" id=\"seo-word\" data-widget_type=\"heading.default\">\n\t\t\t\t<div class=\"elementor-widget-container\">\n\t\t\t\t\t<h5 class=\"elementor-heading-title elementor-size-default\">condiciones para solicitar un permiso de residencia<\/h5>\t\t\t\t<\/div>\n\t\t\t\t<\/div>\n\t\t\t\t<div class=\"elementor-element elementor-element-bdb239f elementor-hidden-desktop elementor-hidden-tablet elementor-hidden-mobile elementor-widget elementor-widget-heading\" data-id=\"bdb239f\" data-element_type=\"widget\" data-e-type=\"widget\" id=\"seo-word\" data-widget_type=\"heading.default\">\n\t\t\t\t<div class=\"elementor-widget-container\">\n\t\t\t\t\t<h5 class=\"elementor-heading-title elementor-size-default\">Permiso de residencia provisional (mvv)<\/h5>\t\t\t\t<\/div>\n\t\t\t\t<\/div>\n\t\t\t\t<div class=\"elementor-element elementor-element-f4b6948 elementor-hidden-desktop elementor-hidden-tablet elementor-hidden-mobile elementor-widget elementor-widget-heading\" data-id=\"f4b6948\" data-element_type=\"widget\" data-e-type=\"widget\" id=\"seo-word\" data-widget_type=\"heading.default\">\n\t\t\t\t<div class=\"elementor-widget-container\">\n\t\t\t\t\t<h5 class=\"elementor-heading-title elementor-size-default\">derecho de inmigraci\u00f3n abogado enschede<\/h5>\t\t\t\t<\/div>\n\t\t\t\t<\/div>\n\t\t\t\t<div class=\"elementor-element elementor-element-9cd1810 elementor-hidden-desktop elementor-hidden-tablet elementor-hidden-mobile elementor-widget elementor-widget-heading\" data-id=\"9cd1810\" data-element_type=\"widget\" data-e-type=\"widget\" id=\"seo-word\" data-widget_type=\"heading.default\">\n\t\t\t\t<div class=\"elementor-widget-container\">\n\t\t\t\t\t<h5 class=\"elementor-heading-title elementor-size-default\">derecho de inmigraci\u00f3n abogado overijssel<\/h5>\t\t\t\t<\/div>\n\t\t\t\t<\/div>\n\t\t\t\t<div class=\"elementor-element elementor-element-5f4aa4b elementor-hidden-desktop elementor-hidden-tablet elementor-hidden-mobile elementor-widget elementor-widget-heading\" data-id=\"5f4aa4b\" data-element_type=\"widget\" data-e-type=\"widget\" id=\"seo-word\" data-widget_type=\"heading.default\">\n\t\t\t\t<div class=\"elementor-widget-container\">\n\t\t\t\t\t<h5 class=\"elementor-heading-title elementor-size-default\">ley de extranjer\u00eda enschede<\/h5>\t\t\t\t<\/div>\n\t\t\t\t<\/div>\n\t\t\t\t<div class=\"elementor-element elementor-element-999e2e0 elementor-hidden-desktop elementor-hidden-tablet elementor-hidden-mobile elementor-widget elementor-widget-heading\" data-id=\"999e2e0\" data-element_type=\"widget\" data-e-type=\"widget\" id=\"seo-word\" data-widget_type=\"heading.default\">\n\t\t\t\t<div class=\"elementor-widget-container\">\n\t\t\t\t\t<h5 class=\"elementor-heading-title elementor-size-default\">abogado enschede derecho de extranjer\u00eda<\/h5>\t\t\t\t<\/div>\n\t\t\t\t<\/div>\n\t\t\t\t<div class=\"elementor-element elementor-element-885bfaa elementor-hidden-desktop elementor-hidden-tablet elementor-hidden-mobile elementor-widget elementor-widget-heading\" data-id=\"885bfaa\" data-element_type=\"widget\" data-e-type=\"widget\" id=\"seo-word\" data-widget_type=\"heading.default\">\n\t\t\t\t<div class=\"elementor-widget-container\">\n\t\t\t\t\t<h5 class=\"elementor-heading-title elementor-size-default\">permiso de residencia tratamiento m\u00e9dico mvv requisito condiciones permiso de residencia m\u00e9dico permiso de residencia por motivos m\u00e9dicos mvv requisito condiciones permiso de residencia tratamiento m\u00e9dico aplazamiento<\/h5>\t\t\t\t<\/div>\n\t\t\t\t<\/div>\n\t\t\t\t<div class=\"elementor-element elementor-element-af02908 elementor-hidden-desktop elementor-hidden-tablet elementor-hidden-mobile elementor-widget elementor-widget-heading\" data-id=\"af02908\" data-element_type=\"widget\" data-e-type=\"widget\" id=\"seo-word\" data-widget_type=\"heading.default\">\n\t\t\t\t<div class=\"elementor-widget-container\">\n\t\t\t\t\t<h5 class=\"elementor-heading-title elementor-size-default\">El permiso de residencia para recibir tratamiento m\u00e9dico es un aspecto importante de la ley de inmigraci\u00f3n. Este permiso est\u00e1 destinado a las personas que desean venir a los Pa\u00edses Bajos para recibir tratamiento m\u00e9dico. La solicitud de un permiso de residencia por razones m\u00e9dicas puede ser compleja y debe cumplir condiciones espec\u00edficas, incluido el requisito del MVV.\n\nEl requisito MVV significa que debe solicitar un permiso de residencia provisional (MVV) antes de poder venir a Holanda para recibir tratamiento m\u00e9dico. La obtenci\u00f3n de este permiso requiere una preparaci\u00f3n cuidadosa y orientaci\u00f3n jur\u00eddica.\n\nLos abogados de inmigraci\u00f3n Derbedrosian en Enschede y Overijssel comprenden la complejidad de estos procedimientos y est\u00e1n preparados para asesorarle y guiarle en la solicitud de un permiso de residencia para tratamiento m\u00e9dico y la obtenci\u00f3n de un MVV. Nos aseguramos de que su solicitud cumpla todos los requisitos legales y de que sus derechos est\u00e9n protegidos durante todo el proceso.\n\nSi tiene alguna pregunta sobre los permisos de residencia para tratamiento m\u00e9dico, los requisitos del MVV u otros asuntos de la ley de inmigraci\u00f3n, no dude en ponerse en contacto con Derbedrosian Immigration Lawyers. Estamos aqu\u00ed para ayudarle y proteger sus derechos, especialmente en situaciones en las que el tratamiento m\u00e9dico es vital.\n\n\n\n\n<\/h5>\t\t\t\t<\/div>\n\t\t\t\t<\/div>\n\t\t\t\t\t<\/div>\n\t\t\t\t<\/div>\n\t\t<div class=\"wd-negative-gap elementor-element elementor-element-0109d6e e-flex e-con-boxed e-con e-parent\" data-id=\"0109d6e\" data-element_type=\"container\" data-e-type=\"container\">\n\t\t\t\t\t<div class=\"e-con-inner\">\n\t\t\t\t<div class=\"elementor-element elementor-element-bb3482e color-scheme-inherit text-left elementor-widget elementor-widget-text-editor\" data-id=\"bb3482e\" data-element_type=\"widget\" data-e-type=\"widget\" data-widget_type=\"text-editor.default\">\n\t\t\t\t<div class=\"elementor-widget-container\">\n\t\t\t\t\t\t\t\t\t<p><strong>Es posible que usted, o alguien de su familia, no pueda marcharse debido a sus problemas de salud. Tal vez necesite atenci\u00f3n m\u00e9dica que no est\u00e1 disponible en su pa\u00eds de origen. Si se encuentra en Holanda y recibe un tratamiento m\u00e9dico que no es posible en su pa\u00eds de origen, puede solicitar un permiso de residencia como extranjero por motivos m\u00e9dicos.<\/strong><\/p>\t\t\t\t\t\t\t\t<\/div>\n\t\t\t\t<\/div>\n\t\t\t\t<div class=\"elementor-element elementor-element-f92d0d6 elementor-widget elementor-widget-spacer\" data-id=\"f92d0d6\" data-element_type=\"widget\" data-e-type=\"widget\" data-widget_type=\"spacer.default\">\n\t\t\t\t<div class=\"elementor-widget-container\">\n\t\t\t\t\t\t\t<div class=\"elementor-spacer\">\n\t\t\t<div class=\"elementor-spacer-inner\"><\/div>\n\t\t<\/div>\n\t\t\t\t\t\t<\/div>\n\t\t\t\t<\/div>\n\t\t\t\t<div class=\"elementor-element elementor-element-9234123 elementor-widget elementor-widget-heading\" data-id=\"9234123\" data-element_type=\"widget\" data-e-type=\"widget\" data-widget_type=\"heading.default\">\n\t\t\t\t<div class=\"elementor-widget-container\">\n\t\t\t\t\t<h3 class=\"elementor-heading-title elementor-size-default\">Permiso de residencia por motivos m\u00e9dicos <\/h3>\t\t\t\t<\/div>\n\t\t\t\t<\/div>\n\t\t\t\t<div class=\"elementor-element elementor-element-5efe0eb color-scheme-inherit text-left elementor-widget elementor-widget-text-editor\" data-id=\"5efe0eb\" data-element_type=\"widget\" data-e-type=\"widget\" data-widget_type=\"text-editor.default\">\n\t\t\t\t<div class=\"elementor-widget-container\">\n\t\t\t\t\t\t\t\t\t<p>Un \"Permiso de residencia por razones m\u00e9dicas\" es un permiso especial que se concede a las personas que no pueden regresar a su pa\u00eds de origen por razones m\u00e9dicas. Este permiso les permite permanecer en los Pa\u00edses Bajos y recibir atenci\u00f3n m\u00e9dica que no est\u00e1 disponible en su pa\u00eds de origen. El objetivo de este permiso es garantizar que las personas con afecciones m\u00e9dicas graves tengan acceso al tratamiento m\u00e9dico necesario y que su salud y bienestar est\u00e9n protegidos. Se trata de un aspecto importante de la pol\u00edtica de inmigraci\u00f3n neerlandesa que hace hincapi\u00e9 en la atenci\u00f3n humanitaria a las personas con necesidades m\u00e9dicas.<\/p>\t\t\t\t\t\t\t\t<\/div>\n\t\t\t\t<\/div>\n\t\t\t\t<div class=\"elementor-element elementor-element-e3fdfe8 elementor-widget elementor-widget-spacer\" data-id=\"e3fdfe8\" data-element_type=\"widget\" data-e-type=\"widget\" data-widget_type=\"spacer.default\">\n\t\t\t\t<div class=\"elementor-widget-container\">\n\t\t\t\t\t\t\t<div class=\"elementor-spacer\">\n\t\t\t<div class=\"elementor-spacer-inner\"><\/div>\n\t\t<\/div>\n\t\t\t\t\t\t<\/div>\n\t\t\t\t<\/div>\n\t\t\t\t<div class=\"elementor-element elementor-element-f80b306 elementor-widget elementor-widget-heading\" data-id=\"f80b306\" data-element_type=\"widget\" data-e-type=\"widget\" data-widget_type=\"heading.default\">\n\t\t\t\t<div class=\"elementor-widget-container\">\n\t\t\t\t\t<h3 class=\"elementor-heading-title elementor-size-default\">Condiciones permiso de residencia motivos m\u00e9dicos<\/h3>\t\t\t\t<\/div>\n\t\t\t\t<\/div>\n\t\t\t\t<div class=\"elementor-element elementor-element-f021817 color-scheme-inherit text-left elementor-widget elementor-widget-text-editor\" data-id=\"f021817\" data-element_type=\"widget\" data-e-type=\"widget\" data-widget_type=\"text-editor.default\">\n\t\t\t\t<div class=\"elementor-widget-container\">\n\t\t\t\t\t\t\t\t\t<p>Para optar a esta licencia, debe cumplir algunas condiciones espec\u00edficas. Estas condiciones tienen por objeto garantizar que la concesi\u00f3n de la licencia est\u00e9 justificada:<\/p><ul><li><strong>Emergencia m\u00e9dica:<\/strong>\u00a0es necesario que se encuentre en una situaci\u00f3n de urgencia m\u00e9dica. Esto significa que el tratamiento m\u00e9dico que necesita en Holanda es vital para su salud y no est\u00e1 disponible en su pa\u00eds de origen. Esta condici\u00f3n subraya la importancia de su salud y de sus necesidades m\u00e9dicas.<\/li><li><strong>Identificaci\u00f3n v\u00e1lida<\/strong>Otro requisito es poseer documentos de identificaci\u00f3n v\u00e1lidos. Debe estar en posesi\u00f3n de un documento de viaje, pasaporte o tarjeta de identidad v\u00e1lidos para su identificaci\u00f3n y para cumplir con los requisitos administrativos legales.<\/li><li><strong>No hay peligro para la seguridad nacional:<\/strong>\u00a0es de suma importancia que usted no suponga una amenaza para la seguridad nacional. Esto significa que no se dedique a actividades delictivas y que no altere el orden p\u00fablico. Esta condici\u00f3n tiene por objeto garantizar la seguridad y la estabilidad generales.<\/li><li><strong>Investigaci\u00f3n sobre la tuberculosis:<\/strong>\u00a0Por \u00faltimo, debe estar preparado para someterse a una prueba de tuberculosis. La tuberculosis es una enfermedad infecciosa grave causada por una bacteria, normalmente localizada en los pulmones. Este examen sirve como medida preventiva para evitar la propagaci\u00f3n de esta enfermedad y salvaguardar la salud p\u00fablica.<\/li><\/ul>\t\t\t\t\t\t\t\t<\/div>\n\t\t\t\t<\/div>\n\t\t\t\t<div class=\"elementor-element elementor-element-136a37d elementor-widget elementor-widget-spacer\" data-id=\"136a37d\" data-element_type=\"widget\" data-e-type=\"widget\" data-widget_type=\"spacer.default\">\n\t\t\t\t<div class=\"elementor-widget-container\">\n\t\t\t\t\t\t\t<div class=\"elementor-spacer\">\n\t\t\t<div class=\"elementor-spacer-inner\"><\/div>\n\t\t<\/div>\n\t\t\t\t\t\t<\/div>\n\t\t\t\t<\/div>\n\t\t\t\t<div class=\"elementor-element elementor-element-2563659 elementor-widget elementor-widget-heading\" data-id=\"2563659\" data-element_type=\"widget\" data-e-type=\"widget\" data-widget_type=\"heading.default\">\n\t\t\t\t<div class=\"elementor-widget-container\">\n\t\t\t\t\t<h3 class=\"elementor-heading-title elementor-size-default\">Permiso de residencia provisional (mvv) <\/h3>\t\t\t\t<\/div>\n\t\t\t\t<\/div>\n\t\t\t\t<div class=\"elementor-element elementor-element-eeacbad color-scheme-inherit text-left elementor-widget elementor-widget-text-editor\" data-id=\"eeacbad\" data-element_type=\"widget\" data-e-type=\"widget\" data-widget_type=\"text-editor.default\">\n\t\t\t\t<div class=\"elementor-widget-container\">\n\t\t\t\t\t\t\t\t\t<p>Si procede de un pa\u00eds fuera de la Uni\u00f3n Europea, normalmente se requiere un visado para entrar en los Pa\u00edses Bajos. Este visado espec\u00edfico se conoce como MVV, que significa \u2018Machtiging tot Voorlopig Verblijf\u2019 (autorizaci\u00f3n de residencia provisional).<\/p><p>El MVV es, en realidad, un permiso que le permite viajar a los Pa\u00edses Bajos con el objetivo principal de solicitar all\u00ed un permiso de residencia. Este es el primer paso del proceso para obtener finalmente un permiso de residencia.<\/p><p>En algunos casos, es posible que su recurso ante el Servicio de Inmigraci\u00f3n y Naturalizaci\u00f3n (IND) no sea aceptado. En ese caso, tiene derecho a presentar un recurso ante el tribunal en un plazo de cuatro semanas. Si el tribunal tambi\u00e9n rechaza su recurso, a\u00fan existe la posibilidad de presentar un recurso ante la Sala de lo Contencioso-Administrativo del Consejo de Estado.<\/p><p>Es importante destacar que el proceso para obtener un permiso de residencia puede ser complejo, especialmente para las personas de fuera de la UE. Por lo tanto, es aconsejable buscar asesoramiento legal y, tal vez, consultar a un abogado especializado para que le gu\u00ede a lo largo de este proceso y garantice sus derechos.\u201d<\/p>\t\t\t\t\t\t\t\t<\/div>\n\t\t\t\t<\/div>\n\t\t\t\t<div class=\"elementor-element elementor-element-b86b75e elementor-widget elementor-widget-spacer\" data-id=\"b86b75e\" data-element_type=\"widget\" data-e-type=\"widget\" data-widget_type=\"spacer.default\">\n\t\t\t\t<div class=\"elementor-widget-container\">\n\t\t\t\t\t\t\t<div class=\"elementor-spacer\">\n\t\t\t<div class=\"elementor-spacer-inner\"><\/div>\n\t\t<\/div>\n\t\t\t\t\t\t<\/div>\n\t\t\t\t<\/div>\n\t\t\t\t<div class=\"elementor-element elementor-element-997f9da elementor-widget elementor-widget-heading\" data-id=\"997f9da\" data-element_type=\"widget\" data-e-type=\"widget\" data-widget_type=\"heading.default\">\n\t\t\t\t<div class=\"elementor-widget-container\">\n\t\t\t\t\t<h3 class=\"elementor-heading-title elementor-size-default\">Rechazada mi solicitud de permiso de residencia por motivos m\u00e9dicos<\/h3>\t\t\t\t<\/div>\n\t\t\t\t<\/div>\n\t\t\t\t<div class=\"elementor-element elementor-element-52f0506 color-scheme-inherit text-left elementor-widget elementor-widget-text-editor\" data-id=\"52f0506\" data-element_type=\"widget\" data-e-type=\"widget\" data-widget_type=\"text-editor.default\">\n\t\t\t\t<div class=\"elementor-widget-container\">\n\t\t\t\t\t\t\t\t\t<p>Si su solicitud de permiso de residencia es rechazada por motivos m\u00e9dicos, hay pasos que puede dar para seguir defendiendo su caso. En primer lugar, tiene derecho a presentar una notificaci\u00f3n de objeci\u00f3n ante el Servicio de Inmigraci\u00f3n y Naturalizaci\u00f3n (IND) en un plazo de cuatro semanas a partir de la denegaci\u00f3n. Esto le permite impugnar los motivos del rechazo y aportar informaci\u00f3n adicional que pueda apoyar su caso.<\/p><p>Si su recurso contra la decisi\u00f3n del IND no es aceptado y se declara infundado, puede presentar un recurso ante el tribunal en un plazo de otras cuatro semanas. Esto le permitir\u00e1 presentar su caso ante el tribunal, donde tendr\u00e1 lugar una evaluaci\u00f3n independiente. Con la ayuda de un abogado experimentado, podr\u00e1 presentar argumentos y pruebas s\u00f3lidas para impugnar la decisi\u00f3n del IND.<\/p><p>\u00a0<\/p>\t\t\t\t\t\t\t\t<\/div>\n\t\t\t\t<\/div>\n\t\t\t\t<div class=\"elementor-element elementor-element-261373e elementor-widget elementor-widget-spacer\" data-id=\"261373e\" data-element_type=\"widget\" data-e-type=\"widget\" data-widget_type=\"spacer.default\">\n\t\t\t\t<div class=\"elementor-widget-container\">\n\t\t\t\t\t\t\t<div class=\"elementor-spacer\">\n\t\t\t<div class=\"elementor-spacer-inner\"><\/div>\n\t\t<\/div>\n\t\t\t\t\t\t<\/div>\n\t\t\t\t<\/div>\n\t\t\t\t<div class=\"elementor-element elementor-element-e07c084 elementor-widget elementor-widget-heading\" data-id=\"e07c084\" data-element_type=\"widget\" data-e-type=\"widget\" data-widget_type=\"heading.default\">\n\t\t\t\t<div class=\"elementor-widget-container\">\n\t\t\t\t\t<h3 class=\"elementor-heading-title elementor-size-default\">Permiso de residencia por motivos m\u00e9dicos abogado\n<\/h3>\t\t\t\t<\/div>\n\t\t\t\t<\/div>\n\t\t\t\t<div class=\"elementor-element elementor-element-d6b508d color-scheme-inherit text-left elementor-widget elementor-widget-text-editor\" data-id=\"d6b508d\" data-element_type=\"widget\" data-e-type=\"widget\" data-widget_type=\"text-editor.default\">\n\t\t\t\t<div class=\"elementor-widget-container\">\n\t\t\t\t\t\t\t\t\t<p>Si se ve obligado a abandonar los Pa\u00edses Bajos pero necesita un tratamiento m\u00e9dico urgente que no est\u00e1 disponible en su pa\u00eds de origen, es aconsejable buscar la ayuda de profesionales del derecho.<\/p><p>El bufete de abogados Der Bedrosian ha <a href=\"https:\/\/www.derbedrosian.nl\/es\/abogados\/\">abogados especialistas<\/a> en el campo de la ley de inmigraci\u00f3n, que estar\u00e1n encantados de atenderle. As\u00ed que no dude en ponerse en contacto con nosotros para que uno de nuestros abogados pueda ayudarle y evitar la deportaci\u00f3n forzosa.<\/p>\t\t\t\t\t\t\t\t<\/div>\n\t\t\t\t<\/div>\n\t\t\t\t\t<\/div>\n\t\t\t\t<\/div>\n\t\t\t\t<\/div>","protected":false},"excerpt":{"rendered":"<p>Solicitar permiso de residencia Abogado especializado en permisos de residencia Permiso de residencia por motivos m\u00e9dicos Requisitos para solicitar un permiso de residencia Autorizaci\u00f3n de residencia provisional (mvv) Derecho de extranjer\u00eda Abogado especializado en derecho de extranjer\u00eda en Enschede Derecho de extranjer\u00eda<\/p>","protected":false},"author":1,"featured_media":0,"parent":10627,"menu_order":0,"comment_status":"closed","ping_status":"closed","template":"","meta":{"footnotes":""},"class_list":["post-10707","page","type-page","status-publish","hentry"],"_links":{"self":[{"href":"https:\/\/www.derbedrosian.nl\/es\/wp-json\/wp\/v2\/pages\/10707","targetHints":{"allow":["GET"]}}],"collection":[{"href":"https:\/\/www.derbedrosian.nl\/es\/wp-json\/wp\/v2\/pages"}],"about":[{"href":"https:\/\/www.derbedrosian.nl\/es\/wp-json\/wp\/v2\/types\/page"}],"author":[{"embeddable":true,"href":"https:\/\/www.derbedrosian.nl\/es\/wp-json\/wp\/v2\/users\/1"}],"replies":[{"embeddable":true,"href":"https:\/\/www.derbedrosian.nl\/es\/wp-json\/wp\/v2\/comments?post=10707"}],"version-history":[{"count":0,"href":"https:\/\/www.derbedrosian.nl\/es\/wp-json\/wp\/v2\/pages\/10707\/revisions"}],"up":[{"embeddable":true,"href":"https:\/\/www.derbedrosian.nl\/es\/wp-json\/wp\/v2\/pages\/10627"}],"wp:attachment":[{"href":"https:\/\/www.derbedrosian.nl\/es\/wp-json\/wp\/v2\/media?parent=10707"}],"curies":[{"name":"wp","href":"https:\/\/api.w.org\/{rel}","templated":true}]}}