{"id":10702,"date":"2023-05-26T16:04:57","date_gmt":"2023-05-26T14:04:57","guid":{"rendered":"https:\/\/derbedrosian.nl\/?page_id=10702"},"modified":"2025-12-21T16:06:18","modified_gmt":"2025-12-21T14:06:18","slug":"permiso-de-residencia-para-inmigrantes-cualificados","status":"publish","type":"page","link":"https:\/\/www.derbedrosian.nl\/es\/rechtsgebieden\/vreemdelingenrecht\/verblijfsvergunning-kennismigrant\/","title":{"rendered":"Permiso de residencia conocimiento migrante"},"content":{"rendered":"<div data-elementor-type=\"wp-page\" data-elementor-id=\"10702\" class=\"elementor elementor-10702\" data-elementor-post-type=\"page\">\n\t\t\t\t<div class=\"wd-negative-gap elementor-element elementor-element-299fda3 e-flex e-con-boxed e-con e-parent\" data-id=\"299fda3\" data-element_type=\"container\" data-e-type=\"container\">\n\t\t\t\t\t<div class=\"e-con-inner\">\n\t\t\t\t<div class=\"elementor-element elementor-element-275733a elementor-hidden-desktop elementor-hidden-tablet elementor-hidden-mobile elementor-widget elementor-widget-wd_image_or_svg\" data-id=\"275733a\" data-element_type=\"widget\" data-e-type=\"widget\" id=\"seo-word\" data-widget_type=\"wd_image_or_svg.default\">\n\t\t\t\t<div class=\"elementor-widget-container\">\n\t\t\t\t\t\n\t\t<div class=\"wd-image text-center\">\n\t\t\t\t\t\t\t\t<img loading=\"lazy\" decoding=\"async\" width=\"1000\" height=\"667\" src=\"https:\/\/www.derbedrosian.nl\/wp-content\/uploads\/verblijfsvergunning-kennismigrant.jpg\" class=\"attachment-full size-full\" alt=\"Permiso de residencia conocimiento migrante\" srcset=\"https:\/\/www.derbedrosian.nl\/wp-content\/uploads\/verblijfsvergunning-kennismigrant.jpg 1000w, https:\/\/www.derbedrosian.nl\/wp-content\/uploads\/verblijfsvergunning-kennismigrant-400x267.jpg 400w, https:\/\/www.derbedrosian.nl\/wp-content\/uploads\/verblijfsvergunning-kennismigrant-768x512.jpg 768w\" sizes=\"auto, (max-width: 1000px) 100vw, 1000px\" title=\"\">\t\t\t\t\t<\/div>\n\n\t\t\t\t\t\t<\/div>\n\t\t\t\t<\/div>\n\t\t\t\t<div class=\"elementor-element elementor-element-900f7aa elementor-hidden-desktop elementor-hidden-tablet elementor-hidden-mobile elementor-widget elementor-widget-heading\" data-id=\"900f7aa\" data-element_type=\"widget\" data-e-type=\"widget\" id=\"seo-word\" data-widget_type=\"heading.default\">\n\t\t\t\t<div class=\"elementor-widget-container\">\n\t\t\t\t\t<h2 class=\"elementor-heading-title elementor-size-default\">abogado para la solicitud del permiso de residencia<\/h2>\t\t\t\t<\/div>\n\t\t\t\t<\/div>\n\t\t\t\t<div class=\"elementor-element elementor-element-df1eaaa elementor-hidden-desktop elementor-hidden-tablet elementor-hidden-mobile elementor-widget elementor-widget-heading\" data-id=\"df1eaaa\" data-element_type=\"widget\" data-e-type=\"widget\" id=\"seo-word\" data-widget_type=\"heading.default\">\n\t\t\t\t<div class=\"elementor-widget-container\">\n\t\t\t\t\t<h5 class=\"elementor-heading-title elementor-size-default\">abogado para la renovaci\u00f3n del permiso de residencia<\/h5>\t\t\t\t<\/div>\n\t\t\t\t<\/div>\n\t\t\t\t<div class=\"elementor-element elementor-element-44278cb elementor-hidden-desktop elementor-hidden-tablet elementor-hidden-mobile elementor-widget elementor-widget-heading\" data-id=\"44278cb\" data-element_type=\"widget\" data-e-type=\"widget\" id=\"seo-word\" data-widget_type=\"heading.default\">\n\t\t\t\t<div class=\"elementor-widget-container\">\n\t\t\t\t\t<h5 class=\"elementor-heading-title elementor-size-default\">abogado para el permiso de residencia permanente<\/h5>\t\t\t\t<\/div>\n\t\t\t\t<\/div>\n\t\t\t\t<div class=\"elementor-element elementor-element-6bb0f5b elementor-hidden-desktop elementor-hidden-tablet elementor-hidden-mobile elementor-widget elementor-widget-heading\" data-id=\"6bb0f5b\" data-element_type=\"widget\" data-e-type=\"widget\" id=\"seo-word\" data-widget_type=\"heading.default\">\n\t\t\t\t<div class=\"elementor-widget-container\">\n\t\t\t\t\t<h5 class=\"elementor-heading-title elementor-size-default\">visado para inmigrantes cualificados<\/h5>\t\t\t\t<\/div>\n\t\t\t\t<\/div>\n\t\t\t\t<div class=\"elementor-element elementor-element-e236d03 elementor-hidden-desktop elementor-hidden-tablet elementor-hidden-mobile elementor-widget elementor-widget-heading\" data-id=\"e236d03\" data-element_type=\"widget\" data-e-type=\"widget\" id=\"seo-word\" data-widget_type=\"heading.default\">\n\t\t\t\t<div class=\"elementor-widget-container\">\n\t\t\t\t\t<h5 class=\"elementor-heading-title elementor-size-default\">Salario de los emigrantes del conocimiento 2023<\/h5>\t\t\t\t<\/div>\n\t\t\t\t<\/div>\n\t\t\t\t<div class=\"elementor-element elementor-element-0bd94f3 elementor-hidden-desktop elementor-hidden-tablet elementor-hidden-mobile elementor-widget elementor-widget-heading\" data-id=\"0bd94f3\" data-element_type=\"widget\" data-e-type=\"widget\" id=\"seo-word\" data-widget_type=\"heading.default\">\n\t\t\t\t<div class=\"elementor-widget-container\">\n\t\t\t\t\t<h5 class=\"elementor-heading-title elementor-size-default\">adjuntar permiso de trabajo en vigor<\/h5>\t\t\t\t<\/div>\n\t\t\t\t<\/div>\n\t\t\t\t<div class=\"elementor-element elementor-element-51caa46 elementor-hidden-desktop elementor-hidden-tablet elementor-hidden-mobile elementor-widget elementor-widget-heading\" data-id=\"51caa46\" data-element_type=\"widget\" data-e-type=\"widget\" id=\"seo-word\" data-widget_type=\"heading.default\">\n\t\t\t\t<div class=\"elementor-widget-container\">\n\t\t\t\t\t<h5 class=\"elementor-heading-title elementor-size-default\">derecho de inmigraci\u00f3n abogado enschede<\/h5>\t\t\t\t<\/div>\n\t\t\t\t<\/div>\n\t\t\t\t<div class=\"elementor-element elementor-element-5cc258e elementor-hidden-desktop elementor-hidden-tablet elementor-hidden-mobile elementor-widget elementor-widget-heading\" data-id=\"5cc258e\" data-element_type=\"widget\" data-e-type=\"widget\" id=\"seo-word\" data-widget_type=\"heading.default\">\n\t\t\t\t<div class=\"elementor-widget-container\">\n\t\t\t\t\t<h5 class=\"elementor-heading-title elementor-size-default\">derecho de inmigraci\u00f3n abogado overijssel<\/h5>\t\t\t\t<\/div>\n\t\t\t\t<\/div>\n\t\t\t\t<div class=\"elementor-element elementor-element-80f4509 elementor-hidden-desktop elementor-hidden-tablet elementor-hidden-mobile elementor-widget elementor-widget-heading\" data-id=\"80f4509\" data-element_type=\"widget\" data-e-type=\"widget\" id=\"seo-word\" data-widget_type=\"heading.default\">\n\t\t\t\t<div class=\"elementor-widget-container\">\n\t\t\t\t\t<h5 class=\"elementor-heading-title elementor-size-default\">ley de extranjer\u00eda enschede<\/h5>\t\t\t\t<\/div>\n\t\t\t\t<\/div>\n\t\t\t\t<div class=\"elementor-element elementor-element-9627050 elementor-hidden-desktop elementor-hidden-tablet elementor-hidden-mobile elementor-widget elementor-widget-heading\" data-id=\"9627050\" data-element_type=\"widget\" data-e-type=\"widget\" id=\"seo-word\" data-widget_type=\"heading.default\">\n\t\t\t\t<div class=\"elementor-widget-container\">\n\t\t\t\t\t<h5 class=\"elementor-heading-title elementor-size-default\">abogado enschede derecho de extranjer\u00eda<\/h5>\t\t\t\t<\/div>\n\t\t\t\t<\/div>\n\t\t\t\t<div class=\"elementor-element elementor-element-3659afb elementor-hidden-desktop elementor-hidden-tablet elementor-hidden-mobile elementor-widget elementor-widget-heading\" data-id=\"3659afb\" data-element_type=\"widget\" data-e-type=\"widget\" id=\"seo-word\" data-widget_type=\"heading.default\">\n\t\t\t\t<div class=\"elementor-widget-container\">\n\t\t\t\t\t<h5 class=\"elementor-heading-title elementor-size-default\">documentos que env\u00ede validez ayudados por esta informaci\u00f3n h\u00e1ganoslo saber <\/h5>\t\t\t\t<\/div>\n\t\t\t\t<\/div>\n\t\t\t\t<div class=\"elementor-element elementor-element-e7e0043 elementor-hidden-desktop elementor-hidden-tablet elementor-hidden-mobile elementor-widget elementor-widget-heading\" data-id=\"e7e0043\" data-element_type=\"widget\" data-e-type=\"widget\" id=\"seo-word\" data-widget_type=\"heading.default\">\n\t\t\t\t<div class=\"elementor-widget-container\">\n\t\t\t\t\t<h5 class=\"elementor-heading-title elementor-size-default\">Prorrogar un permiso de residencia, especialmente un permiso de residencia permanente, es un paso importante en la ley de inmigraci\u00f3n. Si reside en los Pa\u00edses Bajos con un permiso temporal y desea prorrogar su permiso de residencia o solicitar un permiso de residencia permanente, la asistencia jur\u00eddica de un abogado especializado en inmigraci\u00f3n de Derbedrosian Vreemdelingenrecht Advocaten en Enschede y Overijssel puede serle de gran ayuda.\n\nUn visado de inmigrante cualificado puede ser una opci\u00f3n para los trabajadores altamente cualificados que deseen trabajar en los Pa\u00edses Bajos. Este visado tiene condiciones y requisitos espec\u00edficos que deben cumplirse.\n\nNuestros abogados especializados en inmigraci\u00f3n comprenden la complejidad de estos procedimientos y est\u00e1n preparados para asesorarle y guiarle en la pr\u00f3rroga de su permiso de residencia, la solicitud de un permiso de residencia permanente o la obtenci\u00f3n de un visado de inmigrante con conocimientos. Nos aseguramos de que su solicitud cumpla todos los requisitos legales y de que sus derechos est\u00e9n protegidos durante todo el proceso.\n\nSi tiene alguna pregunta sobre la pr\u00f3rroga de su permiso de residencia, la solicitud de un permiso de residencia indefinido u otros asuntos relacionados con la ley de inmigraci\u00f3n, no dude en ponerse en contacto con Derbedrosian Immigration Lawyers. Estamos dispuestos a ayudarle y a garantizar que su situaci\u00f3n de residencia en los Pa\u00edses Bajos est\u00e9 debidamente regulada.<\/h5>\t\t\t\t<\/div>\n\t\t\t\t<\/div>\n\t\t\t\t<div class=\"elementor-element elementor-element-5ff9cb8 color-scheme-inherit text-left elementor-widget elementor-widget-text-editor\" data-id=\"5ff9cb8\" data-element_type=\"widget\" data-e-type=\"widget\" data-widget_type=\"text-editor.default\">\n\t\t\t\t<div class=\"elementor-widget-container\">\n\t\t\t\t\t\t\t\t\t<p><strong>\u00bfBusca un abogado que pueda ayudarle a solicitar un Permiso de Residencia Migrante Conocido? El bufete Der Bedrosian cuenta con abogados con amplia experiencia en derecho de extranjer\u00eda y, por tanto, pueden ayudarle en su caso.<\/strong><\/p>\t\t\t\t\t\t\t\t<\/div>\n\t\t\t\t<\/div>\n\t\t\t\t<div class=\"elementor-element elementor-element-c7347a5 elementor-widget elementor-widget-spacer\" data-id=\"c7347a5\" data-element_type=\"widget\" data-e-type=\"widget\" data-widget_type=\"spacer.default\">\n\t\t\t\t<div class=\"elementor-widget-container\">\n\t\t\t\t\t\t\t<div class=\"elementor-spacer\">\n\t\t\t<div class=\"elementor-spacer-inner\"><\/div>\n\t\t<\/div>\n\t\t\t\t\t\t<\/div>\n\t\t\t\t<\/div>\n\t\t\t\t<div class=\"elementor-element elementor-element-d75d389 elementor-widget elementor-widget-heading\" data-id=\"d75d389\" data-element_type=\"widget\" data-e-type=\"widget\" data-widget_type=\"heading.default\">\n\t\t\t\t<div class=\"elementor-widget-container\">\n\t\t\t\t\t<h3 class=\"elementor-heading-title elementor-size-default\">\u00bfQu\u00e9 se entiende por emigrante del conocimiento?<\/h3>\t\t\t\t<\/div>\n\t\t\t\t<\/div>\n\t\t\t\t<div class=\"elementor-element elementor-element-b5874b7 color-scheme-inherit text-left elementor-widget elementor-widget-text-editor\" data-id=\"b5874b7\" data-element_type=\"widget\" data-e-type=\"widget\" data-widget_type=\"text-editor.default\">\n\t\t\t\t<div class=\"elementor-widget-container\">\n\t\t\t\t\t\t\t\t\t<p>En el mercado laboral actual, resulta muy atractivo para las empresas neerlandesas contratar a inmigrantes altamente cualificados. Se trata de personas con un alto nivel de formaci\u00f3n fuera de Europa que desean venir a los Pa\u00edses Bajos para trabajar. Por ejemplo, cient\u00edficos, investigadores y profesores. Pero para poder trabajar aqu\u00ed necesitan un permiso de trabajo especial. Lo llamamos \u2018permiso de residencia para trabajar como inmigrante altamente cualificado\u2019.\u00a0Todo el proceso relacionado con ello se denomina \u00abmigraci\u00f3n de trabajadores cualificados\u00bb.<\/p>\t\t\t\t\t\t\t\t<\/div>\n\t\t\t\t<\/div>\n\t\t\t\t<div class=\"elementor-element elementor-element-7d41da8 elementor-widget elementor-widget-spacer\" data-id=\"7d41da8\" data-element_type=\"widget\" data-e-type=\"widget\" data-widget_type=\"spacer.default\">\n\t\t\t\t<div class=\"elementor-widget-container\">\n\t\t\t\t\t\t\t<div class=\"elementor-spacer\">\n\t\t\t<div class=\"elementor-spacer-inner\"><\/div>\n\t\t<\/div>\n\t\t\t\t\t\t<\/div>\n\t\t\t\t<\/div>\n\t\t\t\t<div class=\"elementor-element elementor-element-061b7a3 elementor-widget elementor-widget-heading\" data-id=\"061b7a3\" data-element_type=\"widget\" data-e-type=\"widget\" data-widget_type=\"heading.default\">\n\t\t\t\t<div class=\"elementor-widget-container\">\n\t\t\t\t\t<h3 class=\"elementor-heading-title elementor-size-default\">\u00bfCu\u00e1nto deber\u00eda ganar como m\u00ednimo un emigrante del conocimiento?<\/h3>\t\t\t\t<\/div>\n\t\t\t\t<\/div>\n\t\t\t\t<div class=\"elementor-element elementor-element-88f4e70 color-scheme-inherit text-left elementor-widget elementor-widget-text-editor\" data-id=\"88f4e70\" data-element_type=\"widget\" data-e-type=\"widget\" data-widget_type=\"text-editor.default\">\n\t\t\t\t<div class=\"elementor-widget-container\">\n\t\t\t\t\t\t\t\t\t<p>Es importante saber que, a partir del 1 de enero de 2022, los requisitos para obtener un permiso de residencia para migrantes altamente cualificados variar\u00e1n en funci\u00f3n de la edad y los ingresos. Si tienes menos de 30 a\u00f1os, durante los tres primeros a\u00f1os tras tu graduaci\u00f3n se aplicar\u00e1 un umbral salarial de 2543 \u20ac al mes, lo que equivale a un salario bruto anual de 30 516 \u20ac. Si tienes 30 a\u00f1os o m\u00e1s, debes tener un salario bruto mensual de 4840 \u20ac, lo que equivale a un salario bruto anual m\u00ednimo de 58 080 \u20ac.<\/p><p>Tenga en cuenta que estos importes no incluyen el complemento por vacaciones 8%.<\/p>\t\t\t\t\t\t\t\t<\/div>\n\t\t\t\t<\/div>\n\t\t\t\t<div class=\"elementor-element elementor-element-a2c362b elementor-widget elementor-widget-spacer\" data-id=\"a2c362b\" data-element_type=\"widget\" data-e-type=\"widget\" data-widget_type=\"spacer.default\">\n\t\t\t\t<div class=\"elementor-widget-container\">\n\t\t\t\t\t\t\t<div class=\"elementor-spacer\">\n\t\t\t<div class=\"elementor-spacer-inner\"><\/div>\n\t\t<\/div>\n\t\t\t\t\t\t<\/div>\n\t\t\t\t<\/div>\n\t\t\t\t<div class=\"elementor-element elementor-element-e416ba5 elementor-widget elementor-widget-heading\" data-id=\"e416ba5\" data-element_type=\"widget\" data-e-type=\"widget\" data-widget_type=\"heading.default\">\n\t\t\t\t<div class=\"elementor-widget-container\">\n\t\t\t\t\t<h3 class=\"elementor-heading-title elementor-size-default\">\u00bfCu\u00e1nto tiempo puede permanecer en los Pa\u00edses Bajos como inmigrante del conocimiento?<\/h3>\t\t\t\t<\/div>\n\t\t\t\t<\/div>\n\t\t\t\t<div class=\"elementor-element elementor-element-91ad552 color-scheme-inherit text-left elementor-widget elementor-widget-text-editor\" data-id=\"91ad552\" data-element_type=\"widget\" data-e-type=\"widget\" data-widget_type=\"text-editor.default\">\n\t\t\t\t<div class=\"elementor-widget-container\">\n\t\t\t\t\t\t\t\t\t<p>Cuando se encuentra en los Pa\u00edses Bajos como inmigrante altamente cualificado, en principio puede permanecer en el pa\u00eds un m\u00e1ximo de cinco a\u00f1os. Este periodo puede prorrogarse si sigue cumpliendo las condiciones. Si desea permanecer m\u00e1s tiempo en los Pa\u00edses Bajos tras el r\u00e9gimen de emigrante del conocimiento, es posible que tenga que solicitar otro permiso de residencia o plantearse la posibilidad de convertirse en ciudadano neerland\u00e9s. Es aconsejable que se ponga en contacto con uno de nuestros abogados para obtener informaci\u00f3n y orientaci\u00f3n sobre su situaci\u00f3n.<\/p>\t\t\t\t\t\t\t\t<\/div>\n\t\t\t\t<\/div>\n\t\t\t\t<div class=\"elementor-element elementor-element-343f1e8 elementor-widget elementor-widget-spacer\" data-id=\"343f1e8\" data-element_type=\"widget\" data-e-type=\"widget\" data-widget_type=\"spacer.default\">\n\t\t\t\t<div class=\"elementor-widget-container\">\n\t\t\t\t\t\t\t<div class=\"elementor-spacer\">\n\t\t\t<div class=\"elementor-spacer-inner\"><\/div>\n\t\t<\/div>\n\t\t\t\t\t\t<\/div>\n\t\t\t\t<\/div>\n\t\t\t\t<div class=\"elementor-element elementor-element-a5bddba elementor-widget elementor-widget-heading\" data-id=\"a5bddba\" data-element_type=\"widget\" data-e-type=\"widget\" data-widget_type=\"heading.default\">\n\t\t\t\t<div class=\"elementor-widget-container\">\n\t\t\t\t\t<h3 class=\"elementor-heading-title elementor-size-default\">Condiciones para obtener un permiso de residencia para inmigrantes altamente cualificados<\/h3>\t\t\t\t<\/div>\n\t\t\t\t<\/div>\n\t\t\t\t<div class=\"elementor-element elementor-element-9c11f63 color-scheme-inherit text-left elementor-widget elementor-widget-text-editor\" data-id=\"9c11f63\" data-element_type=\"widget\" data-e-type=\"widget\" data-widget_type=\"text-editor.default\">\n\t\t\t\t<div class=\"elementor-widget-container\">\n\t\t\t\t\t\t\t\t\t<p>Para solicitar un permiso de residencia para inmigrantes por motivos de conocimiento, primero debe cumplir las condiciones que se enumeran a continuaci\u00f3n:<\/p><ul><li><strong>Id:<\/strong> dispone de un documento de viaje v\u00e1lido, pasaporte o documento de identidad para identificarse.<\/li><li><strong>Vivienda:<\/strong> usted vive principalmente en los Pa\u00edses Bajos y pasa all\u00ed la mayor parte de su tiempo.<\/li><li><strong>Peligro:<\/strong> no representa un peligro para el orden p\u00fablico o la seguridad nacional por haber cometido un delito en el pasado, por ejemplo.<\/li><li><strong>Permiso de residencia v\u00e1lido:<\/strong> ya es titular de un permiso de residencia v\u00e1lido y renovable. Su permiso de residencia actual tampoco debe contener informaci\u00f3n falsa.<\/li><\/ul>\t\t\t\t\t\t\t\t<\/div>\n\t\t\t\t<\/div>\n\t\t\t\t<div class=\"elementor-element elementor-element-e02016e elementor-widget elementor-widget-spacer\" data-id=\"e02016e\" data-element_type=\"widget\" data-e-type=\"widget\" data-widget_type=\"spacer.default\">\n\t\t\t\t<div class=\"elementor-widget-container\">\n\t\t\t\t\t\t\t<div class=\"elementor-spacer\">\n\t\t\t<div class=\"elementor-spacer-inner\"><\/div>\n\t\t<\/div>\n\t\t\t\t\t\t<\/div>\n\t\t\t\t<\/div>\n\t\t\t\t<div class=\"elementor-element elementor-element-0cc72d8 elementor-widget elementor-widget-heading\" data-id=\"0cc72d8\" data-element_type=\"widget\" data-e-type=\"widget\" data-widget_type=\"heading.default\">\n\t\t\t\t<div class=\"elementor-widget-container\">\n\t\t\t\t\t<h3 class=\"elementor-heading-title elementor-size-default\">\u00bfQu\u00e9 debe cumplir un emigrante del conocimiento seg\u00fan las condiciones?<\/h3>\t\t\t\t<\/div>\n\t\t\t\t<\/div>\n\t\t\t\t<div class=\"elementor-element elementor-element-525ed33 color-scheme-inherit text-left elementor-widget elementor-widget-text-editor\" data-id=\"525ed33\" data-element_type=\"widget\" data-e-type=\"widget\" data-widget_type=\"text-editor.default\">\n\t\t\t\t<div class=\"elementor-widget-container\">\n\t\t\t\t\t\t\t\t\t<p>Adem\u00e1s de las condiciones generales, tambi\u00e9n existen condiciones espec\u00edficas aplicables a usted y a su empleador:<\/p><ul><li><strong>Contrato de trabajo:<\/strong> Tiene un contrato de trabajo con una empresa o instituci\u00f3n de investigaci\u00f3n en los Pa\u00edses Bajos.<\/li><li><strong>Empresario autorizado:<\/strong> Su empleador debe estar reconocido por el Servicio de Inmigraci\u00f3n y Naturalizaci\u00f3n (IND) para evitar una decisi\u00f3n negativa, salvo si tiene nacionalidad turca. En ese caso, puede presentar la solicitud usted mismo.<\/li><li><strong>Registro BIG<\/strong>Si desea trabajar en la asistencia sanitaria individual, debe estar inscrito en el registro BIG. Este registro permite a su empleador autorizar a un profesional sanitario con un diploma extranjero a trabajar de forma independiente<\/li><\/ul>\t\t\t\t\t\t\t\t<\/div>\n\t\t\t\t<\/div>\n\t\t\t\t<div class=\"elementor-element elementor-element-8bd9ba0 elementor-widget elementor-widget-spacer\" data-id=\"8bd9ba0\" data-element_type=\"widget\" data-e-type=\"widget\" data-widget_type=\"spacer.default\">\n\t\t\t\t<div class=\"elementor-widget-container\">\n\t\t\t\t\t\t\t<div class=\"elementor-spacer\">\n\t\t\t<div class=\"elementor-spacer-inner\"><\/div>\n\t\t<\/div>\n\t\t\t\t\t\t<\/div>\n\t\t\t\t<\/div>\n\t\t\t\t<div class=\"elementor-element elementor-element-141cc68 elementor-widget elementor-widget-heading\" data-id=\"141cc68\" data-element_type=\"widget\" data-e-type=\"widget\" data-widget_type=\"heading.default\">\n\t\t\t\t<div class=\"elementor-widget-container\">\n\t\t\t\t\t<h3 class=\"elementor-heading-title elementor-size-default\">Conocimiento del procedimiento del permiso de residencia para inmigrantes<\/h3>\t\t\t\t<\/div>\n\t\t\t\t<\/div>\n\t\t\t\t<div class=\"elementor-element elementor-element-0f42503 color-scheme-inherit text-left elementor-widget elementor-widget-text-editor\" data-id=\"0f42503\" data-element_type=\"widget\" data-e-type=\"widget\" data-widget_type=\"text-editor.default\">\n\t\t\t\t<div class=\"elementor-widget-container\">\n\t\t\t\t\t\t\t\t\t<p>Hay una serie de pasos que debe dar para obtener finalmente su permiso de residencia. A continuaci\u00f3n enumeramos estos pasos.<\/p><ul><li><span style=\"font-size: 17.6px;\"><b>\u00bfQu\u00e9 documentos env\u00eda junto con<\/b><\/span><b>:<\/b> Compruebe qu\u00e9 documentos son necesarios y re\u00fanalos antes de que la instituci\u00f3n educativa presente la solicitud. Aseg\u00farese de que los documentos oficiales extranjeros est\u00e1n legalizados y traducidos al neerland\u00e9s para evitar retrasos.<\/li><li><strong>Presente su solicitud:<\/strong>\u00a0Presente la solicitud de permiso de residencia al Servicio de Inmigraci\u00f3n y Naturalizaci\u00f3n (IND).<\/li><li><strong>Pago:<\/strong>\u00a0paga la tasa habitual de solicitud de un permiso de residencia como inmigrante altamente cualificado. Esto cuesta 350<\/li><li><strong>Decisi\u00f3n IND:<\/strong>\u00a0El IND dispone de 90 d\u00edas para tomar una decisi\u00f3n. En algunos casos, la decisi\u00f3n puede tardar m\u00e1s, por ejemplo si la solicitud no est\u00e1 completa. Recibir\u00e1 una carta con la decisi\u00f3n, que puede ser positiva o negativa. En caso de decisi\u00f3n positiva, recibir\u00e1 el \"permiso de residencia conocimiento emigrante\". En caso de una decisi\u00f3n negativa, tiene la posibilidad de oponerse a la decisi\u00f3n del IND.<\/li><li><strong>Recogida del permiso de residencia:<\/strong>\u00a0si la decisi\u00f3n del IND es positiva, recibir\u00e1 una notificaci\u00f3n cuando el permiso de residencia est\u00e9 listo en el mostrador del IND. La recogida s\u00f3lo puede hacerse con cita previa.<\/li><\/ul>\t\t\t\t\t\t\t\t<\/div>\n\t\t\t\t<\/div>\n\t\t\t\t<div class=\"elementor-element elementor-element-b422f5c elementor-widget elementor-widget-spacer\" data-id=\"b422f5c\" data-element_type=\"widget\" data-e-type=\"widget\" data-widget_type=\"spacer.default\">\n\t\t\t\t<div class=\"elementor-widget-container\">\n\t\t\t\t\t\t\t<div class=\"elementor-spacer\">\n\t\t\t<div class=\"elementor-spacer-inner\"><\/div>\n\t\t<\/div>\n\t\t\t\t\t\t<\/div>\n\t\t\t\t<\/div>\n\t\t\t\t<div class=\"elementor-element elementor-element-1c0f48c elementor-widget elementor-widget-heading\" data-id=\"1c0f48c\" data-element_type=\"widget\" data-e-type=\"widget\" data-widget_type=\"heading.default\">\n\t\t\t\t<div class=\"elementor-widget-container\">\n\t\t\t\t\t<h3 class=\"elementor-heading-title elementor-size-default\">Conocimiento del permiso de residencia abogado migrante<\/h3>\t\t\t\t<\/div>\n\t\t\t\t<\/div>\n\t\t\t\t<div class=\"elementor-element elementor-element-6bdaafc color-scheme-inherit text-left elementor-widget elementor-widget-text-editor\" data-id=\"6bdaafc\" data-element_type=\"widget\" data-e-type=\"widget\" data-widget_type=\"text-editor.default\">\n\t\t\t\t<div class=\"elementor-widget-container\">\n\t\t\t\t\t\t\t\t\t<p>Todas estas normas, condiciones y pasos del procedimiento pueden llevar mucho tiempo.<\/p><p>Por ello, siempre es aconsejable buscar la ayuda de un abogado con experiencia. En el bufete de abogados Der Bedrosian contamos con abogados especializados y con amplia experiencia en derecho de inmigraci\u00f3n, por lo que podemos ayudarle a\u00fan m\u00e1s a solicitar un permiso de residencia para inmigrantes por motivos de conocimiento.<\/p><p>No dude en ponerse en contacto con nosotros para concertar una cita con uno de nuestros abogados, que estar\u00e1n encantados de asesorarle y orientarle.<\/p>\t\t\t\t\t\t\t\t<\/div>\n\t\t\t\t<\/div>\n\t\t\t\t\t<\/div>\n\t\t\t\t<\/div>\n\t\t<div class=\"wd-negative-gap elementor-element elementor-element-f08288c e-flex e-con-boxed e-con e-parent\" data-id=\"f08288c\" data-element_type=\"container\" data-e-type=\"container\">\n\t\t\t\t\t<div class=\"e-con-inner\">\n\t\t\t\t\t<\/div>\n\t\t\t\t<\/div>\n\t\t\t\t<\/div>","protected":false},"excerpt":{"rendered":"<p>solicitar permiso de residencia abogado renovar permiso de residencia abogado permiso de residencia indefinido abogado visado para migrantes altamente cualificados salario para migrantes altamente cualificados 2023 \u00bfme env\u00eda la validez del permiso de trabajo?<\/p>","protected":false},"author":1,"featured_media":0,"parent":10627,"menu_order":0,"comment_status":"closed","ping_status":"closed","template":"","meta":{"footnotes":""},"class_list":["post-10702","page","type-page","status-publish","hentry"],"_links":{"self":[{"href":"https:\/\/www.derbedrosian.nl\/es\/wp-json\/wp\/v2\/pages\/10702","targetHints":{"allow":["GET"]}}],"collection":[{"href":"https:\/\/www.derbedrosian.nl\/es\/wp-json\/wp\/v2\/pages"}],"about":[{"href":"https:\/\/www.derbedrosian.nl\/es\/wp-json\/wp\/v2\/types\/page"}],"author":[{"embeddable":true,"href":"https:\/\/www.derbedrosian.nl\/es\/wp-json\/wp\/v2\/users\/1"}],"replies":[{"embeddable":true,"href":"https:\/\/www.derbedrosian.nl\/es\/wp-json\/wp\/v2\/comments?post=10702"}],"version-history":[{"count":0,"href":"https:\/\/www.derbedrosian.nl\/es\/wp-json\/wp\/v2\/pages\/10702\/revisions"}],"up":[{"embeddable":true,"href":"https:\/\/www.derbedrosian.nl\/es\/wp-json\/wp\/v2\/pages\/10627"}],"wp:attachment":[{"href":"https:\/\/www.derbedrosian.nl\/es\/wp-json\/wp\/v2\/media?parent=10702"}],"curies":[{"name":"wp","href":"https:\/\/api.w.org\/{rel}","templated":true}]}}