{"id":10697,"date":"2023-05-26T16:03:51","date_gmt":"2023-05-26T14:03:51","guid":{"rendered":"https:\/\/derbedrosian.nl\/?page_id=10697"},"modified":"2025-12-21T16:04:53","modified_gmt":"2025-12-21T14:04:53","slug":"permiso-de-residencia-por-causas-ajenas-a-su-voluntad","status":"publish","type":"page","link":"https:\/\/www.derbedrosian.nl\/es\/rechtsgebieden\/vreemdelingenrecht\/verblijfsvergunning-buiten-schuld\/","title":{"rendered":"Permiso de residencia Por causas ajenas a su voluntad"},"content":{"rendered":"<div data-elementor-type=\"wp-page\" data-elementor-id=\"10697\" class=\"elementor elementor-10697\" data-elementor-post-type=\"page\">\n\t\t\t\t<div class=\"wd-negative-gap elementor-element elementor-element-4e82d63 e-flex e-con-boxed e-con e-parent\" data-id=\"4e82d63\" data-element_type=\"container\" data-e-type=\"container\">\n\t\t\t\t\t<div class=\"e-con-inner\">\n\t\t\t\t<div class=\"elementor-element elementor-element-77beea1 elementor-hidden-desktop elementor-hidden-tablet elementor-hidden-mobile elementor-widget elementor-widget-wd_image_or_svg\" data-id=\"77beea1\" data-element_type=\"widget\" data-e-type=\"widget\" id=\"seo-word\" data-widget_type=\"wd_image_or_svg.default\">\n\t\t\t\t<div class=\"elementor-widget-container\">\n\t\t\t\t\t\n\t\t<div class=\"wd-image text-left\">\n\t\t\t\t\t\t\t\t<img loading=\"lazy\" decoding=\"async\" width=\"1000\" height=\"667\" src=\"https:\/\/www.derbedrosian.nl\/wp-content\/uploads\/rechtsgebied-verblijfsvergunning-buiten-schuld.jpg\" class=\"attachment-full size-full\" alt=\"Permiso de residencia por causas ajenas al abogado DT&amp;V (Servicio de Repatriaci\u00f3n y Salida) condiciones visado ley de extranjer\u00eda\" srcset=\"https:\/\/www.derbedrosian.nl\/wp-content\/uploads\/rechtsgebied-verblijfsvergunning-buiten-schuld.jpg 1000w, https:\/\/www.derbedrosian.nl\/wp-content\/uploads\/rechtsgebied-verblijfsvergunning-buiten-schuld-400x267.jpg 400w, https:\/\/www.derbedrosian.nl\/wp-content\/uploads\/rechtsgebied-verblijfsvergunning-buiten-schuld-768x512.jpg 768w\" sizes=\"auto, (max-width: 1000px) 100vw, 1000px\" title=\"\">\t\t\t\t\t<\/div>\n\n\t\t\t\t\t\t<\/div>\n\t\t\t\t<\/div>\n\t\t\t\t<div class=\"elementor-element elementor-element-3b78b60 elementor-hidden-desktop elementor-hidden-tablet elementor-hidden-mobile elementor-widget elementor-widget-heading\" data-id=\"3b78b60\" data-element_type=\"widget\" data-e-type=\"widget\" id=\"seo-word\" data-widget_type=\"heading.default\">\n\t\t\t\t<div class=\"elementor-widget-container\">\n\t\t\t\t\t<h2 class=\"elementor-heading-title elementor-size-default\">abogado Permiso de residencia por causas ajenas a su voluntad<\/h2>\t\t\t\t<\/div>\n\t\t\t\t<\/div>\n\t\t\t\t<div class=\"elementor-element elementor-element-58aa2cf elementor-hidden-desktop elementor-hidden-tablet elementor-hidden-mobile elementor-widget elementor-widget-heading\" data-id=\"58aa2cf\" data-element_type=\"widget\" data-e-type=\"widget\" id=\"seo-word\" data-widget_type=\"heading.default\">\n\t\t\t\t<div class=\"elementor-widget-container\">\n\t\t\t\t\t<h5 class=\"elementor-heading-title elementor-size-default\">Solicitar el permiso de residencia sin tener culpa alguna<\/h5>\t\t\t\t<\/div>\n\t\t\t\t<\/div>\n\t\t\t\t<div class=\"elementor-element elementor-element-c53fd78 elementor-hidden-desktop elementor-hidden-tablet elementor-hidden-mobile elementor-widget elementor-widget-heading\" data-id=\"c53fd78\" data-element_type=\"widget\" data-e-type=\"widget\" id=\"seo-word\" data-widget_type=\"heading.default\">\n\t\t\t\t<div class=\"elementor-widget-container\">\n\t\t\t\t\t<h5 class=\"elementor-heading-title elementor-size-default\">Servicio de Repatriaci\u00f3n y Salida (DT&amp;V)\n<\/h5>\t\t\t\t<\/div>\n\t\t\t\t<\/div>\n\t\t\t\t<div class=\"elementor-element elementor-element-9e79ca4 elementor-hidden-desktop elementor-hidden-tablet elementor-hidden-mobile elementor-widget elementor-widget-heading\" data-id=\"9e79ca4\" data-element_type=\"widget\" data-e-type=\"widget\" id=\"seo-word\" data-widget_type=\"heading.default\">\n\t\t\t\t<div class=\"elementor-widget-container\">\n\t\t\t\t\t<h5 class=\"elementor-heading-title elementor-size-default\">Derecho de inmigraci\u00f3n<\/h5>\t\t\t\t<\/div>\n\t\t\t\t<\/div>\n\t\t\t\t<div class=\"elementor-element elementor-element-efe2b47 elementor-hidden-desktop elementor-hidden-tablet elementor-hidden-mobile elementor-widget elementor-widget-heading\" data-id=\"efe2b47\" data-element_type=\"widget\" data-e-type=\"widget\" id=\"seo-word\" data-widget_type=\"heading.default\">\n\t\t\t\t<div class=\"elementor-widget-container\">\n\t\t\t\t\t<h5 class=\"elementor-heading-title elementor-size-default\">derecho de inmigraci\u00f3n abogado enschede<\/h5>\t\t\t\t<\/div>\n\t\t\t\t<\/div>\n\t\t\t\t<div class=\"elementor-element elementor-element-d7de649 elementor-hidden-desktop elementor-hidden-tablet elementor-hidden-mobile elementor-widget elementor-widget-heading\" data-id=\"d7de649\" data-element_type=\"widget\" data-e-type=\"widget\" id=\"seo-word\" data-widget_type=\"heading.default\">\n\t\t\t\t<div class=\"elementor-widget-container\">\n\t\t\t\t\t<h5 class=\"elementor-heading-title elementor-size-default\">derecho de inmigraci\u00f3n abogado overijssel<\/h5>\t\t\t\t<\/div>\n\t\t\t\t<\/div>\n\t\t\t\t<div class=\"elementor-element elementor-element-dac1cab elementor-hidden-desktop elementor-hidden-tablet elementor-hidden-mobile elementor-widget elementor-widget-heading\" data-id=\"dac1cab\" data-element_type=\"widget\" data-e-type=\"widget\" id=\"seo-word\" data-widget_type=\"heading.default\">\n\t\t\t\t<div class=\"elementor-widget-container\">\n\t\t\t\t\t<h5 class=\"elementor-heading-title elementor-size-default\">ley de extranjer\u00eda enschede<\/h5>\t\t\t\t<\/div>\n\t\t\t\t<\/div>\n\t\t\t\t<div class=\"elementor-element elementor-element-df5865a elementor-hidden-desktop elementor-hidden-tablet elementor-hidden-mobile elementor-widget elementor-widget-heading\" data-id=\"df5865a\" data-element_type=\"widget\" data-e-type=\"widget\" id=\"seo-word\" data-widget_type=\"heading.default\">\n\t\t\t\t<div class=\"elementor-widget-container\">\n\t\t\t\t\t<h5 class=\"elementor-heading-title elementor-size-default\">abogado enschede derecho de extranjer\u00eda<\/h5>\t\t\t\t<\/div>\n\t\t\t\t<\/div>\n\t\t\t\t<div class=\"elementor-element elementor-element-72c00aa elementor-hidden-desktop elementor-hidden-tablet elementor-hidden-mobile elementor-widget elementor-widget-heading\" data-id=\"72c00aa\" data-element_type=\"widget\" data-e-type=\"widget\" id=\"seo-word\" data-widget_type=\"heading.default\">\n\t\t\t\t<div class=\"elementor-widget-container\">\n\t\t\t\t\t<h5 class=\"elementor-heading-title elementor-size-default\">\u00bfqu\u00e9 es un no puede salir de los pa\u00edses bajos existe un permiso de residencia especial<\/h5>\t\t\t\t<\/div>\n\t\t\t\t<\/div>\n\t\t\t\t<div class=\"elementor-element elementor-element-76d0107 elementor-hidden-desktop elementor-hidden-tablet elementor-hidden-mobile elementor-widget elementor-widget-heading\" data-id=\"76d0107\" data-element_type=\"widget\" data-e-type=\"widget\" id=\"seo-word\" data-widget_type=\"heading.default\">\n\t\t\t\t<div class=\"elementor-widget-container\">\n\t\t\t\t\t<h5 class=\"elementor-heading-title elementor-size-default\">El permiso de residencia \"por causas ajenas a su voluntad\" es un instrumento jur\u00eddico importante dentro del derecho de extranjer\u00eda. Este permiso est\u00e1 destinado a las personas que no pueden abandonar los Pa\u00edses Bajos por causas ajenas a su voluntad. Solicitar un permiso de residencia \"Por causas ajenas a su voluntad\" puede ser un procedimiento complejo, que tiene en cuenta criterios y normas espec\u00edficos.\n\nEl Servicio de Repatriaci\u00f3n y Salida (DT&amp;V) interviene en el proceso de obtenci\u00f3n del permiso de residencia y de retorno. Es importante buscar asesoramiento jur\u00eddico y asistencia de abogados especializados en inmigraci\u00f3n como Derbedrosian Vreemdelingenrecht Advocaten en Enschede y Overijssel cuando se plantee solicitar un permiso de residencia \"Sin culpa propia\" o cuando tenga que tratar con el DT&amp;V.\n\nNuestros abogados comprenden la complejidad de estos procedimientos y est\u00e1n dispuestos a asesorarle y guiarle durante el proceso de solicitud y la comunicaci\u00f3n con el DT&amp;V. Si necesita ayuda en relaci\u00f3n con los permisos de residencia \"Sin culpa propia\" u otros asuntos de derecho de inmigraci\u00f3n, no dude en ponerse en contacto con Derbedrosian Immigration Lawyers. Estamos aqu\u00ed para ayudarle y proteger sus derechos.<\/h5>\t\t\t\t<\/div>\n\t\t\t\t<\/div>\n\t\t\t\t<div class=\"elementor-element elementor-element-9b79d93 elementor-widget elementor-widget-heading\" data-id=\"9b79d93\" data-element_type=\"widget\" data-e-type=\"widget\" data-widget_type=\"heading.default\">\n\t\t\t\t<div class=\"elementor-widget-container\">\n\t\t\t\t\t<h3 class=\"elementor-heading-title elementor-size-default\">\u00bfQu\u00e9 se entiende por permiso de residencia intachable?<\/h3>\t\t\t\t<\/div>\n\t\t\t\t<\/div>\n\t\t\t\t<div class=\"elementor-element elementor-element-01f9d0a color-scheme-inherit text-left elementor-widget elementor-widget-text-editor\" data-id=\"01f9d0a\" data-element_type=\"widget\" data-e-type=\"widget\" data-widget_type=\"text-editor.default\">\n\t\t\t\t<div class=\"elementor-widget-container\">\n\t\t\t\t\t\t\t\t\t<p>Seg\u00fan la Ley de Extranjer\u00eda, una persona en situaci\u00f3n irregular que permanezca en los Pa\u00edses Bajos debe marcharse. Con un permiso de residencia denominado \"Permiso de residencia sin papeles\", es posible que la persona que quiere abandonar los Pa\u00edses Bajos permanezca en el pa\u00eds incluso sin tener un documento de identidad o si el pa\u00eds del que procede la persona no coopera con su salida de los Pa\u00edses Bajos. En estos casos, este permiso ofrece una soluci\u00f3n legal y humanitaria a una situaci\u00f3n compleja.<\/p>\t\t\t\t\t\t\t\t<\/div>\n\t\t\t\t<\/div>\n\t\t\t\t<div class=\"elementor-element elementor-element-7ac62af elementor-widget elementor-widget-spacer\" data-id=\"7ac62af\" data-element_type=\"widget\" data-e-type=\"widget\" data-widget_type=\"spacer.default\">\n\t\t\t\t<div class=\"elementor-widget-container\">\n\t\t\t\t\t\t\t<div class=\"elementor-spacer\">\n\t\t\t<div class=\"elementor-spacer-inner\"><\/div>\n\t\t<\/div>\n\t\t\t\t\t\t<\/div>\n\t\t\t\t<\/div>\n\t\t\t\t<div class=\"elementor-element elementor-element-30f83de elementor-widget elementor-widget-heading\" data-id=\"30f83de\" data-element_type=\"widget\" data-e-type=\"widget\" data-widget_type=\"heading.default\">\n\t\t\t\t<div class=\"elementor-widget-container\">\n\t\t\t\t\t<h3 class=\"elementor-heading-title elementor-size-default\">\u00bfTengo derecho a un permiso de residencia por causas ajenas a mi voluntad?<\/h3>\t\t\t\t<\/div>\n\t\t\t\t<\/div>\n\t\t\t\t<div class=\"elementor-element elementor-element-96d932d color-scheme-inherit text-left elementor-widget elementor-widget-text-editor\" data-id=\"96d932d\" data-element_type=\"widget\" data-e-type=\"widget\" data-widget_type=\"text-editor.default\">\n\t\t\t\t<div class=\"elementor-widget-container\">\n\t\t\t\t\t\t\t\t\t<p>Para poder optar a un \"Permiso de residencia por causas ajenas a su voluntad\", debe demostrar de forma convincente que las circunstancias que le impiden salir de los Pa\u00edses Bajos son totalmente ajenas a su voluntad y que no es culpa suya que no pueda marcharse.<\/p><p>A continuaci\u00f3n se detallan las condiciones espec\u00edficas para obtener esta licencia:<\/p><ul><li><strong>Identificaci\u00f3n (ID):<\/strong> es crucial que cualquiera pueda establecer su nacionalidad e identidad sin lugar a dudas. Para ello es necesario que disponga de documentos v\u00e1lidos y verificables que confirmen su nacionalidad e identidad. La ausencia de dicha documentaci\u00f3n puede dificultar la obtenci\u00f3n de este permiso.<\/li><li><strong>Cooperaci\u00f3n con (DT&amp;V):<\/strong> Durante su estancia en los Pa\u00edses Bajos, se espera que haya realizado esfuerzos continuos para cooperar con el Servicio de Repatriaci\u00f3n y Salida (DT&amp;V) para abandonar los Pa\u00edses Bajos. Esto incluye participar en las entrevistas, proporcionar la informaci\u00f3n pertinente y seguir las instrucciones dadas para facilitar su salida.<\/li><li><strong>Motivaci\u00f3n:<\/strong> Debe existir una motivaci\u00f3n demostrable para regresar a su pa\u00eds de origen. Esto puede justificarse con una declaraci\u00f3n cre\u00edble que explique por qu\u00e9 est\u00e1 dispuesto a regresar y los pasos que ha dado para conseguirlo. Una motivaci\u00f3n clara para regresar es un elemento crucial en la solicitud de un \"Permiso de residencia por causas ajenas a su voluntad\".<\/li><\/ul>\t\t\t\t\t\t\t\t<\/div>\n\t\t\t\t<\/div>\n\t\t\t\t<div class=\"elementor-element elementor-element-b0770ce elementor-widget elementor-widget-spacer\" data-id=\"b0770ce\" data-element_type=\"widget\" data-e-type=\"widget\" data-widget_type=\"spacer.default\">\n\t\t\t\t<div class=\"elementor-widget-container\">\n\t\t\t\t\t\t\t<div class=\"elementor-spacer\">\n\t\t\t<div class=\"elementor-spacer-inner\"><\/div>\n\t\t<\/div>\n\t\t\t\t\t\t<\/div>\n\t\t\t\t<\/div>\n\t\t\t\t<div class=\"elementor-element elementor-element-5d32e89 elementor-widget elementor-widget-heading\" data-id=\"5d32e89\" data-element_type=\"widget\" data-e-type=\"widget\" data-widget_type=\"heading.default\">\n\t\t\t\t<div class=\"elementor-widget-container\">\n\t\t\t\t\t<h3 class=\"elementor-heading-title elementor-size-default\">Miembros de la familia<\/h3>\t\t\t\t<\/div>\n\t\t\t\t<\/div>\n\t\t\t\t<div class=\"elementor-element elementor-element-1172612 color-scheme-inherit text-left elementor-widget elementor-widget-text-editor\" data-id=\"1172612\" data-element_type=\"widget\" data-e-type=\"widget\" data-widget_type=\"text-editor.default\">\n\t\t\t\t<div class=\"elementor-widget-container\">\n\t\t\t\t\t\t\t\t\t<p>A veces es posible que los miembros de su familia, como su pareja y sus hijos menores de 18 a\u00f1os, tambi\u00e9n se queden en Holanda. En esos casos, se aplican normas espec\u00edficas que tanto usted como los miembros de su familia deben cumplir. A continuaci\u00f3n se enumeran las condiciones que se aplican a usted y a los miembros de su familia.<\/p><ul><li><strong>Estancia conjunta:<\/strong> es un requisito que tanto usted como sus familiares est\u00e9n presentes en Holanda al mismo tiempo. Esto significa que no puede residir en el pa\u00eds por separado mientras sus familiares est\u00e9n en otro lugar. La convivencia en Holanda es imprescindible para que sus familiares puedan optar a la estancia.<\/li><li><strong>Relaci\u00f3n familiar:<\/strong> debe existir una certeza absoluta sobre la situaci\u00f3n familiar de las personas implicadas. Esto significa poder demostrar el parentesco mediante documentos oficiales, como certificados de nacimiento o de matrimonio. Es muy importante poder demostrar que los lazos familiares son leg\u00edtimos e indiscutibles.<\/li><\/ul>\t\t\t\t\t\t\t\t<\/div>\n\t\t\t\t<\/div>\n\t\t\t\t<div class=\"elementor-element elementor-element-b75afe6 elementor-widget elementor-widget-spacer\" data-id=\"b75afe6\" data-element_type=\"widget\" data-e-type=\"widget\" data-widget_type=\"spacer.default\">\n\t\t\t\t<div class=\"elementor-widget-container\">\n\t\t\t\t\t\t\t<div class=\"elementor-spacer\">\n\t\t\t<div class=\"elementor-spacer-inner\"><\/div>\n\t\t<\/div>\n\t\t\t\t\t\t<\/div>\n\t\t\t\t<\/div>\n\t\t\t\t<div class=\"elementor-element elementor-element-50bdf4b elementor-widget elementor-widget-heading\" data-id=\"50bdf4b\" data-element_type=\"widget\" data-e-type=\"widget\" data-widget_type=\"heading.default\">\n\t\t\t\t<div class=\"elementor-widget-container\">\n\t\t\t\t\t<h2 class=\"elementor-heading-title elementor-size-default\">Procedimiento <\/h2>\t\t\t\t<\/div>\n\t\t\t\t<\/div>\n\t\t\t\t<div class=\"elementor-element elementor-element-68e0642 color-scheme-inherit text-left elementor-widget elementor-widget-text-editor\" data-id=\"68e0642\" data-element_type=\"widget\" data-e-type=\"widget\" data-widget_type=\"text-editor.default\">\n\t\t\t\t<div class=\"elementor-widget-container\">\n\t\t\t\t\t\t\t\t\t<ul><li><strong>Presentaci\u00f3n de la solicitud:<\/strong>&nbsp;el primer paso para obtener un permiso de residencia \"por causas ajenas a su voluntad\" es presentar una solicitud oficial. Debe hacerlo un extranjero que no pueda salir de los Pa\u00edses Bajos por motivos ajenos a su voluntad. La solicitud puede presentarse en el Servicio de Inmigraci\u00f3n y Naturalizaci\u00f3n (IND), el organismo encargado de tramitar estas solicitudes.<\/li>\n<li><strong>Investigaci\u00f3n y evaluaci\u00f3n:<\/strong>&nbsp;Una vez presentada la solicitud, el IND llevar\u00e1 a cabo una investigaci\u00f3n exhaustiva y evaluar\u00e1 la situaci\u00f3n. Esto incluye recabar informaci\u00f3n para verificar si el extranjero es realmente incapaz de regresar a su pa\u00eds de origen debido a circunstancias insuperables.<\/li>\n<li><strong>Carga de la prueba:<\/strong>&nbsp;es esencial que el extranjero aporte pruebas convincentes que justifiquen su situaci\u00f3n. Estas pruebas pueden variar en funci\u00f3n de las circunstancias individuales, pero deben demostrar que no existe ninguna posibilidad razonable de regresar al pa\u00eds de origen.<\/li>\n<li><strong>Toma de decisiones:<\/strong>&nbsp;Bas\u00e1ndose en la investigaci\u00f3n y la evaluaci\u00f3n realizadas, el IND tomar\u00e1 una decisi\u00f3n sobre la solicitud de permiso de residencia \"sin falta\". Si el extranjero cumple los requisitos exigidos y las pruebas presentadas son convincentes, se le conceder\u00e1 el permiso. Si se aprueba la solicitud, el extranjero podr\u00e1 permanecer legalmente en los Pa\u00edses Bajos y beneficiarse de determinados derechos y facilidades.<\/li><\/ul>\t\t\t\t\t\t\t\t<\/div>\n\t\t\t\t<\/div>\n\t\t\t\t<div class=\"elementor-element elementor-element-5e90d2c elementor-widget elementor-widget-spacer\" data-id=\"5e90d2c\" data-element_type=\"widget\" data-e-type=\"widget\" data-widget_type=\"spacer.default\">\n\t\t\t\t<div class=\"elementor-widget-container\">\n\t\t\t\t\t\t\t<div class=\"elementor-spacer\">\n\t\t\t<div class=\"elementor-spacer-inner\"><\/div>\n\t\t<\/div>\n\t\t\t\t\t\t<\/div>\n\t\t\t\t<\/div>\n\t\t\t\t<div class=\"elementor-element elementor-element-89298ce elementor-widget elementor-widget-heading\" data-id=\"89298ce\" data-element_type=\"widget\" data-e-type=\"widget\" data-widget_type=\"heading.default\">\n\t\t\t\t<div class=\"elementor-widget-container\">\n\t\t\t\t\t<h3 class=\"elementor-heading-title elementor-size-default\">Servicio de Repatriaci\u00f3n y Salida (DT&amp;V)<\/h3>\t\t\t\t<\/div>\n\t\t\t\t<\/div>\n\t\t\t\t<div class=\"elementor-element elementor-element-d31607e color-scheme-inherit text-left elementor-widget elementor-widget-text-editor\" data-id=\"d31607e\" data-element_type=\"widget\" data-e-type=\"widget\" data-widget_type=\"text-editor.default\">\n\t\t\t\t<div class=\"elementor-widget-container\">\n\t\t\t\t\t\t\t\t\t<p>El Servicio de Repatriaci\u00f3n y Salida (DT&amp;V) se encarga de garantizar que las personas que deben abandonar los Pa\u00edses Bajos lo hagan realmente. La obtenci\u00f3n de un permiso de residencia en estos casos puede ser a menudo un procedimiento complejo. En ocasiones, el DT&amp;V puede dudar del verdadero deseo de una persona de regresar a su pa\u00eds de origen y de si ha hecho los esfuerzos suficientes para cumplir los requisitos legales. Por lo tanto, es extremadamente importante ponerse en contacto con el DT&amp;V a tiempo y seguir sus instrucciones al pie de la letra.<\/p>\t\t\t\t\t\t\t\t<\/div>\n\t\t\t\t<\/div>\n\t\t\t\t<div class=\"elementor-element elementor-element-9edd9a6 elementor-widget elementor-widget-spacer\" data-id=\"9edd9a6\" data-element_type=\"widget\" data-e-type=\"widget\" data-widget_type=\"spacer.default\">\n\t\t\t\t<div class=\"elementor-widget-container\">\n\t\t\t\t\t\t\t<div class=\"elementor-spacer\">\n\t\t\t<div class=\"elementor-spacer-inner\"><\/div>\n\t\t<\/div>\n\t\t\t\t\t\t<\/div>\n\t\t\t\t<\/div>\n\t\t\t\t<div class=\"elementor-element elementor-element-cd70734 elementor-widget elementor-widget-heading\" data-id=\"cd70734\" data-element_type=\"widget\" data-e-type=\"widget\" data-widget_type=\"heading.default\">\n\t\t\t\t<div class=\"elementor-widget-container\">\n\t\t\t\t\t<h3 class=\"elementor-heading-title elementor-size-default\">Permiso de residencia sin culpa del abogado<\/h3>\t\t\t\t<\/div>\n\t\t\t\t<\/div>\n\t\t\t\t<div class=\"elementor-element elementor-element-07ff750 color-scheme-inherit text-left elementor-widget elementor-widget-text-editor\" data-id=\"07ff750\" data-element_type=\"widget\" data-e-type=\"widget\" data-widget_type=\"text-editor.default\">\n\t\t\t\t<div class=\"elementor-widget-container\">\n\t\t\t\t\t\t\t\t\t<p>Obtener un permiso de residencia sin culpa es un proceso que llevar\u00e1 bastante tiempo si no se contrata a un abogado con experiencia. El sitio<a href=\"https:\/\/www.derbedrosian.nl\/es\/abogados\/\"> abogados<\/a> del bufete Der Bedrosian se especializan en la <a href=\"https:\/\/www.derbedrosian.nl\/es\/jurisdicciones\/ley-de-inmigracion\/\">ley de inmigraci\u00f3n<\/a>\u00a0y proporcionar asistencia jur\u00eddica integral.<\/p><p>As\u00ed que no dude en ponerse en contacto con nosotros para recibir asesoramiento gratuito.<\/p>\t\t\t\t\t\t\t\t<\/div>\n\t\t\t\t<\/div>\n\t\t\t\t\t<\/div>\n\t\t\t\t<\/div>\n\t\t\t\t<\/div>","protected":false},"excerpt":{"rendered":"<p>Abogado Permiso de residencia Sin culpa Solicitar permiso de residencia Sin culpa Servicio de Retorno y Salida (DT&amp;V) Derecho de extranjer\u00eda Abogado especializado en derecho de extranjer\u00eda Enschede Abogado especializado en derecho de extranjer\u00eda Overijssel<\/p>","protected":false},"author":1,"featured_media":0,"parent":10627,"menu_order":0,"comment_status":"closed","ping_status":"closed","template":"","meta":{"footnotes":""},"class_list":["post-10697","page","type-page","status-publish","hentry"],"_links":{"self":[{"href":"https:\/\/www.derbedrosian.nl\/es\/wp-json\/wp\/v2\/pages\/10697","targetHints":{"allow":["GET"]}}],"collection":[{"href":"https:\/\/www.derbedrosian.nl\/es\/wp-json\/wp\/v2\/pages"}],"about":[{"href":"https:\/\/www.derbedrosian.nl\/es\/wp-json\/wp\/v2\/types\/page"}],"author":[{"embeddable":true,"href":"https:\/\/www.derbedrosian.nl\/es\/wp-json\/wp\/v2\/users\/1"}],"replies":[{"embeddable":true,"href":"https:\/\/www.derbedrosian.nl\/es\/wp-json\/wp\/v2\/comments?post=10697"}],"version-history":[{"count":0,"href":"https:\/\/www.derbedrosian.nl\/es\/wp-json\/wp\/v2\/pages\/10697\/revisions"}],"up":[{"embeddable":true,"href":"https:\/\/www.derbedrosian.nl\/es\/wp-json\/wp\/v2\/pages\/10627"}],"wp:attachment":[{"href":"https:\/\/www.derbedrosian.nl\/es\/wp-json\/wp\/v2\/media?parent=10697"}],"curies":[{"name":"wp","href":"https:\/\/api.w.org\/{rel}","templated":true}]}}