{"id":10687,"date":"2023-05-26T16:00:31","date_gmt":"2023-05-26T14:00:31","guid":{"rendered":"https:\/\/derbedrosian.nl\/?page_id=10687"},"modified":"2025-12-21T16:03:21","modified_gmt":"2025-12-21T14:03:21","slug":"permiso-de-trabajo","status":"publish","type":"page","link":"https:\/\/www.derbedrosian.nl\/es\/rechtsgebieden\/vreemdelingenrecht\/tewerkstellingsvergunning\/","title":{"rendered":"Permiso de trabajo"},"content":{"rendered":"<div data-elementor-type=\"wp-page\" data-elementor-id=\"10687\" class=\"elementor elementor-10687\" data-elementor-post-type=\"page\">\n\t\t\t\t<div class=\"wd-negative-gap elementor-element elementor-element-cb29eb1 e-flex e-con-boxed e-con e-parent\" data-id=\"cb29eb1\" data-element_type=\"container\" data-e-type=\"container\">\n\t\t\t\t\t<div class=\"e-con-inner\">\n\t\t\t\t<div class=\"elementor-element elementor-element-c9696ed elementor-hidden-desktop elementor-hidden-tablet elementor-hidden-mobile elementor-widget elementor-widget-wd_image_or_svg\" data-id=\"c9696ed\" data-element_type=\"widget\" data-e-type=\"widget\" id=\"seo-word\" data-widget_type=\"wd_image_or_svg.default\">\n\t\t\t\t<div class=\"elementor-widget-container\">\n\t\t\t\t\t\n\t\t<div class=\"wd-image text-left\">\n\t\t\t\t\t\t\t\t<img loading=\"lazy\" decoding=\"async\" width=\"1000\" height=\"667\" src=\"https:\/\/www.derbedrosian.nl\/wp-content\/uploads\/rechtsgebied-tewerkstellingsvergunning.jpg\" class=\"attachment-full size-full\" alt=\"solicitud de permiso de trabajo ucrania ind abogado\" srcset=\"https:\/\/www.derbedrosian.nl\/wp-content\/uploads\/rechtsgebied-tewerkstellingsvergunning.jpg 1000w, https:\/\/www.derbedrosian.nl\/wp-content\/uploads\/rechtsgebied-tewerkstellingsvergunning-400x267.jpg 400w, https:\/\/www.derbedrosian.nl\/wp-content\/uploads\/rechtsgebied-tewerkstellingsvergunning-768x512.jpg 768w\" sizes=\"auto, (max-width: 1000px) 100vw, 1000px\" title=\"\">\t\t\t\t\t<\/div>\n\n\t\t\t\t\t\t<\/div>\n\t\t\t\t<\/div>\n\t\t\t\t<div class=\"elementor-element elementor-element-7ec710d elementor-hidden-desktop elementor-hidden-tablet elementor-hidden-mobile elementor-widget elementor-widget-heading\" data-id=\"7ec710d\" data-element_type=\"widget\" data-e-type=\"widget\" id=\"seo-word\" data-widget_type=\"heading.default\">\n\t\t\t\t<div class=\"elementor-widget-container\">\n\t\t\t\t\t<h2 class=\"elementor-heading-title elementor-size-default\">Abogado para permisos de trabajo<\/h2>\t\t\t\t<\/div>\n\t\t\t\t<\/div>\n\t\t\t\t<div class=\"elementor-element elementor-element-2291545 elementor-hidden-desktop elementor-hidden-tablet elementor-hidden-mobile elementor-widget elementor-widget-heading\" data-id=\"2291545\" data-element_type=\"widget\" data-e-type=\"widget\" id=\"seo-word\" data-widget_type=\"heading.default\">\n\t\t\t\t<div class=\"elementor-widget-container\">\n\t\t\t\t\t<h5 class=\"elementor-heading-title elementor-size-default\">Permiso de trabajo en Ucrania<\/h5>\t\t\t\t<\/div>\n\t\t\t\t<\/div>\n\t\t\t\t<div class=\"elementor-element elementor-element-4cbc071 elementor-hidden-desktop elementor-hidden-tablet elementor-hidden-mobile elementor-widget elementor-widget-heading\" data-id=\"4cbc071\" data-element_type=\"widget\" data-e-type=\"widget\" id=\"seo-word\" data-widget_type=\"heading.default\">\n\t\t\t\t<div class=\"elementor-widget-container\">\n\t\t\t\t\t<h5 class=\"elementor-heading-title elementor-size-default\">Condiciones del permiso de trabajo<\/h5>\t\t\t\t<\/div>\n\t\t\t\t<\/div>\n\t\t\t\t<div class=\"elementor-element elementor-element-5a2693f elementor-hidden-desktop elementor-hidden-tablet elementor-hidden-mobile elementor-widget elementor-widget-heading\" data-id=\"5a2693f\" data-element_type=\"widget\" data-e-type=\"widget\" id=\"seo-word\" data-widget_type=\"heading.default\">\n\t\t\t\t<div class=\"elementor-widget-container\">\n\t\t\t\t\t<h5 class=\"elementor-heading-title elementor-size-default\">ley de inmigraci\u00f3n<\/h5>\t\t\t\t<\/div>\n\t\t\t\t<\/div>\n\t\t\t\t<div class=\"elementor-element elementor-element-d9d3038 elementor-hidden-desktop elementor-hidden-tablet elementor-hidden-mobile elementor-widget elementor-widget-heading\" data-id=\"d9d3038\" data-element_type=\"widget\" data-e-type=\"widget\" id=\"seo-word\" data-widget_type=\"heading.default\">\n\t\t\t\t<div class=\"elementor-widget-container\">\n\t\t\t\t\t<h5 class=\"elementor-heading-title elementor-size-default\">solicitud de permiso de trabajo uwv<\/h5>\t\t\t\t<\/div>\n\t\t\t\t<\/div>\n\t\t\t\t<div class=\"elementor-element elementor-element-f7c53d2 elementor-hidden-desktop elementor-hidden-tablet elementor-hidden-mobile elementor-widget elementor-widget-heading\" data-id=\"f7c53d2\" data-element_type=\"widget\" data-e-type=\"widget\" id=\"seo-word\" data-widget_type=\"heading.default\">\n\t\t\t\t<div class=\"elementor-widget-container\">\n\t\t\t\t\t<h5 class=\"elementor-heading-title elementor-size-default\">derecho de inmigraci\u00f3n abogado enschede<\/h5>\t\t\t\t<\/div>\n\t\t\t\t<\/div>\n\t\t\t\t<div class=\"elementor-element elementor-element-fd4e24b elementor-hidden-desktop elementor-hidden-tablet elementor-hidden-mobile elementor-widget elementor-widget-heading\" data-id=\"fd4e24b\" data-element_type=\"widget\" data-e-type=\"widget\" id=\"seo-word\" data-widget_type=\"heading.default\">\n\t\t\t\t<div class=\"elementor-widget-container\">\n\t\t\t\t\t<h5 class=\"elementor-heading-title elementor-size-default\">derecho de inmigraci\u00f3n abogado overijssel<\/h5>\t\t\t\t<\/div>\n\t\t\t\t<\/div>\n\t\t\t\t<div class=\"elementor-element elementor-element-df024ef elementor-hidden-desktop elementor-hidden-tablet elementor-hidden-mobile elementor-widget elementor-widget-heading\" data-id=\"df024ef\" data-element_type=\"widget\" data-e-type=\"widget\" id=\"seo-word\" data-widget_type=\"heading.default\">\n\t\t\t\t<div class=\"elementor-widget-container\">\n\t\t\t\t\t<h5 class=\"elementor-heading-title elementor-size-default\">ley de extranjer\u00eda enschede<\/h5>\t\t\t\t<\/div>\n\t\t\t\t<\/div>\n\t\t\t\t<div class=\"elementor-element elementor-element-c1c50b9 elementor-hidden-desktop elementor-hidden-tablet elementor-hidden-mobile elementor-widget elementor-widget-heading\" data-id=\"c1c50b9\" data-element_type=\"widget\" data-e-type=\"widget\" id=\"seo-word\" data-widget_type=\"heading.default\">\n\t\t\t\t<div class=\"elementor-widget-container\">\n\t\t\t\t\t<h5 class=\"elementor-heading-title elementor-size-default\">abogado enschede derecho de extranjer\u00eda<\/h5>\t\t\t\t<\/div>\n\t\t\t\t<\/div>\n\t\t\t\t<div class=\"elementor-element elementor-element-3cedad2 elementor-hidden-desktop elementor-hidden-tablet elementor-hidden-mobile elementor-widget elementor-widget-heading\" data-id=\"3cedad2\" data-element_type=\"widget\" data-e-type=\"widget\" id=\"seo-word\" data-widget_type=\"heading.default\">\n\t\t\t\t<div class=\"elementor-widget-container\">\n\t\t\t\t\t<h5 class=\"elementor-heading-title elementor-size-default\">permiso de trabajo o un permiso combinado permiso de trabajo de retirada o un permiso combinado de residencia y un permiso combinado debido al prop\u00f3sito de<\/h5>\t\t\t\t<\/div>\n\t\t\t\t<\/div>\n\t\t\t\t<div class=\"elementor-element elementor-element-82f4103 elementor-hidden-desktop elementor-hidden-tablet elementor-hidden-mobile elementor-widget elementor-widget-heading\" data-id=\"82f4103\" data-element_type=\"widget\" data-e-type=\"widget\" id=\"seo-word\" data-widget_type=\"heading.default\">\n\t\t\t\t<div class=\"elementor-widget-container\">\n\t\t\t\t\t<h5 class=\"elementor-heading-title elementor-size-default\">En Enschede y Overijssel, puede confiar en los abogados de inmigraci\u00f3n de Derbedrosian Immigration Lawyers, que pueden ayudarle en casos relacionados con permisos de trabajo y cuestiones afines.\n\nUn permiso de trabajo es un permiso crucial para las personas que quieren venir a los Pa\u00edses Bajos desde Ucrania para trabajar. Hay condiciones espec\u00edficas que deben cumplirse al solicitar un permiso de trabajo, y el UWV desempe\u00f1a un papel en este proceso.\n\nNuestros abogados de inmigraci\u00f3n en Enschede tienen amplia experiencia en este tipo de solicitudes y pueden asesorarle sobre las condiciones y los procedimientos para obtener un permiso de trabajo.\n\nSi tiene alguna pregunta sobre permisos de trabajo, solicitud al UWV, retirada de permisos u otros asuntos relacionados con la ley de inmigraci\u00f3n, no dude en ponerse en contacto con Derbedrosian Immigration Lawyers. Estamos dispuestos a ayudarle y a garantizar la protecci\u00f3n de sus derechos en el contexto de los permisos de trabajo y licencias afines.\n<\/h5>\t\t\t\t<\/div>\n\t\t\t\t<\/div>\n\t\t\t\t<div class=\"elementor-element elementor-element-d8ac0c7 color-scheme-inherit text-left elementor-widget elementor-widget-text-editor\" data-id=\"d8ac0c7\" data-element_type=\"widget\" data-e-type=\"widget\" data-widget_type=\"text-editor.default\">\n\t\t\t\t<div class=\"elementor-widget-container\">\n\t\t\t\t\t\t\t\t\t<p><strong>A veces es necesario tener un permiso especial para trabajar en los Pa\u00edses Bajos. Este permiso se denomina \u2018permiso de trabajo\u2019 (TWV). Normalmente, los ciudadanos de terceros pa\u00edses (personas que no pertenecen a la UE) necesitan este permiso.<\/strong><\/p>\t\t\t\t\t\t\t\t<\/div>\n\t\t\t\t<\/div>\n\t\t\t\t<div class=\"elementor-element elementor-element-1e21452 elementor-widget elementor-widget-spacer\" data-id=\"1e21452\" data-element_type=\"widget\" data-e-type=\"widget\" data-widget_type=\"spacer.default\">\n\t\t\t\t<div class=\"elementor-widget-container\">\n\t\t\t\t\t\t\t<div class=\"elementor-spacer\">\n\t\t\t<div class=\"elementor-spacer-inner\"><\/div>\n\t\t<\/div>\n\t\t\t\t\t\t<\/div>\n\t\t\t\t<\/div>\n\t\t\t\t<div class=\"elementor-element elementor-element-c0835ec elementor-widget elementor-widget-heading\" data-id=\"c0835ec\" data-element_type=\"widget\" data-e-type=\"widget\" data-widget_type=\"heading.default\">\n\t\t\t\t<div class=\"elementor-widget-container\">\n\t\t\t\t\t<h3 class=\"elementor-heading-title elementor-size-default\">\u00bfQu\u00e9 es un permiso de trabajo?<\/h3>\t\t\t\t<\/div>\n\t\t\t\t<\/div>\n\t\t\t\t<div class=\"elementor-element elementor-element-2664ed6 color-scheme-inherit text-left elementor-widget elementor-widget-text-editor\" data-id=\"2664ed6\" data-element_type=\"widget\" data-e-type=\"widget\" data-widget_type=\"text-editor.default\">\n\t\t\t\t<div class=\"elementor-widget-container\">\n\t\t\t\t\t\t\t\t\t<p>El permiso de trabajo (TWV) puede considerarse una autorizaci\u00f3n necesaria que necesitan los trabajadores extranjeros para trabajar legalmente en los Pa\u00edses Bajos. El proceso requiere un cuidadoso cumplimiento de las leyes y reglamentos. Tanto los empresarios como los trabajadores deben estar bien informados sobre este proceso para mantener una relaci\u00f3n laboral satisfactoria y legal.<\/p>\t\t\t\t\t\t\t\t<\/div>\n\t\t\t\t<\/div>\n\t\t\t\t<div class=\"elementor-element elementor-element-d52921b elementor-widget elementor-widget-spacer\" data-id=\"d52921b\" data-element_type=\"widget\" data-e-type=\"widget\" data-widget_type=\"spacer.default\">\n\t\t\t\t<div class=\"elementor-widget-container\">\n\t\t\t\t\t\t\t<div class=\"elementor-spacer\">\n\t\t\t<div class=\"elementor-spacer-inner\"><\/div>\n\t\t<\/div>\n\t\t\t\t\t\t<\/div>\n\t\t\t\t<\/div>\n\t\t\t\t<div class=\"elementor-element elementor-element-c3d1e8d elementor-widget elementor-widget-heading\" data-id=\"c3d1e8d\" data-element_type=\"widget\" data-e-type=\"widget\" data-widget_type=\"heading.default\">\n\t\t\t\t<div class=\"elementor-widget-container\">\n\t\t\t\t\t<h3 class=\"elementor-heading-title elementor-size-default\">Condiciones del permiso de trabajo (TWV)<\/h3>\t\t\t\t<\/div>\n\t\t\t\t<\/div>\n\t\t\t\t<div class=\"elementor-element elementor-element-718c8cd color-scheme-inherit text-left elementor-widget elementor-widget-text-editor\" data-id=\"718c8cd\" data-element_type=\"widget\" data-e-type=\"widget\" data-widget_type=\"text-editor.default\">\n\t\t\t\t<div class=\"elementor-widget-container\">\n\t\t\t\t\t\t\t\t\t<p>Para obtener un permiso de trabajo (TWV), deben cumplirse algunas condiciones importantes. A continuaci\u00f3n enumeramos estas condiciones:<\/p><ul><li><strong>Cumplimiento de las condiciones de trabajo y de la legislaci\u00f3n:<\/strong> el empresario debe mantener en todo momento las condiciones de trabajo aplicables y no infringir la legislaci\u00f3n laboral. Esto incluye aspectos como el cumplimiento de la normativa sobre salario m\u00ednimo, la garant\u00eda de unas condiciones de trabajo adecuadas y la observancia de las horas de trabajo de acuerdo con las disposiciones legales. Es de suma importancia que el lugar de trabajo cumpla las normas legales.<\/li><li><strong>Permiso de residencia v\u00e1lido:<\/strong>\u00a0Un requisito fundamental es que el empleado ya disponga de un permiso de residencia v\u00e1lido para residir y trabajar en los Pa\u00edses Bajos.<\/li><\/ul><p>Si, como empresario, desea solicitar una TWV, debe presentar esta solicitud al UWV (Uitvoeringsinstituut Werknemersverzekeringen). Tenga en cuenta que pueden pasar varias semanas antes de que se tome una decisi\u00f3n sobre su solicitud.<\/p><p>No solicitar un VET puede tener graves consecuencias para una empresa, incluidas multas de hasta 8.000 euros por emplear a trabajadores sin el permiso necesario. Por lo tanto, es de suma importancia que los empresarios sigan de cerca las leyes y reglamentos relativos a los permisos de trabajo para evitar problemas legales y sanciones econ\u00f3micas.<\/p>\t\t\t\t\t\t\t\t<\/div>\n\t\t\t\t<\/div>\n\t\t\t\t<div class=\"elementor-element elementor-element-92e0758 elementor-widget elementor-widget-spacer\" data-id=\"92e0758\" data-element_type=\"widget\" data-e-type=\"widget\" data-widget_type=\"spacer.default\">\n\t\t\t\t<div class=\"elementor-widget-container\">\n\t\t\t\t\t\t\t<div class=\"elementor-spacer\">\n\t\t\t<div class=\"elementor-spacer-inner\"><\/div>\n\t\t<\/div>\n\t\t\t\t\t\t<\/div>\n\t\t\t\t<\/div>\n\t\t\t\t<div class=\"elementor-element elementor-element-2369330 elementor-widget elementor-widget-heading\" data-id=\"2369330\" data-element_type=\"widget\" data-e-type=\"widget\" data-widget_type=\"heading.default\">\n\t\t\t\t<div class=\"elementor-widget-container\">\n\t\t\t\t\t<h3 class=\"elementor-heading-title elementor-size-default\">\u00bfC\u00f3mo solicitar un permiso de trabajo como empresario?<\/h3>\t\t\t\t<\/div>\n\t\t\t\t<\/div>\n\t\t\t\t<div class=\"elementor-element elementor-element-3e68711 color-scheme-inherit text-left elementor-widget elementor-widget-text-editor\" data-id=\"3e68711\" data-element_type=\"widget\" data-e-type=\"widget\" data-widget_type=\"text-editor.default\">\n\t\t\t\t<div class=\"elementor-widget-container\">\n\t\t\t\t\t\t\t\t\t<ul><li><strong>Solicitud a la UWV:<\/strong> En el UWV, el empleador tiene la posibilidad de solicitar el Permiso de Trabajo. Es importante tener en cuenta que este permiso es a la vez personal y laboral, lo que significa que es v\u00e1lido espec\u00edficamente para un empleado y un puesto de trabajo concretos.<\/li><li><strong>Evaluaci\u00f3n del UWV:<\/strong> el UWV evaluar\u00e1 la solicitud y tomar\u00e1 una decisi\u00f3n sobre la concesi\u00f3n del permiso en un plazo m\u00e1ximo de cinco semanas.<\/li><\/ul>\t\t\t\t\t\t\t\t<\/div>\n\t\t\t\t<\/div>\n\t\t\t\t<div class=\"elementor-element elementor-element-d6af95f elementor-widget elementor-widget-spacer\" data-id=\"d6af95f\" data-element_type=\"widget\" data-e-type=\"widget\" data-widget_type=\"spacer.default\">\n\t\t\t\t<div class=\"elementor-widget-container\">\n\t\t\t\t\t\t\t<div class=\"elementor-spacer\">\n\t\t\t<div class=\"elementor-spacer-inner\"><\/div>\n\t\t<\/div>\n\t\t\t\t\t\t<\/div>\n\t\t\t\t<\/div>\n\t\t\t\t<div class=\"elementor-element elementor-element-9797714 elementor-widget elementor-widget-heading\" data-id=\"9797714\" data-element_type=\"widget\" data-e-type=\"widget\" data-widget_type=\"heading.default\">\n\t\t\t\t<div class=\"elementor-widget-container\">\n\t\t\t\t\t<h3 class=\"elementor-heading-title elementor-size-default\">Permiso de trabajo Ucrania<\/h3>\t\t\t\t<\/div>\n\t\t\t\t<\/div>\n\t\t\t\t<div class=\"elementor-element elementor-element-cbd87c1 color-scheme-inherit text-left elementor-widget elementor-widget-text-editor\" data-id=\"cbd87c1\" data-element_type=\"widget\" data-e-type=\"widget\" data-widget_type=\"text-editor.default\">\n\t\t\t\t<div class=\"elementor-widget-container\">\n\t\t\t\t\t\t\t\t\t<p>Los trabajadores de Ucrania est\u00e1n sujetos a una normativa espec\u00edfica y favorable en materia de permisos de trabajo en los Pa\u00edses Bajos. A diferencia de otros ciudadanos no comunitarios, no es necesario solicitar un permiso de trabajo para los trabajadores ucranianos si cumplen determinados criterios. Estos criterios son los siguientes:<\/p><ul><li><strong>En virtud de la Directiva de Protecci\u00f3n Temporal de la Uni\u00f3n Europea:<\/strong>\u00a0En primer lugar, su empleado debe estar amparado por la \"Directiva de protecci\u00f3n temporal de la Uni\u00f3n Europea\". Esta directiva se aplica a los ciudadanos ucranianos que buscan protecci\u00f3n temporal en la UE debido a circunstancias especiales en su pa\u00eds de origen. Este puede ser el caso, por ejemplo, en casos de inestabilidad pol\u00edtica, conflicto armado o violaciones graves de los derechos humanos en Ucrania.<\/li><li><strong>Contrato de trabajo:<\/strong>\u00a0En segundo lugar, es esencial que su empleado ucraniano tenga un contrato de trabajo v\u00e1lido. Esto significa que debe existir un acuerdo escrito entre el empleado y el empleador en el que se establezcan las condiciones de empleo, como el salario, el horario de trabajo y la descripci\u00f3n del puesto. Este contrato de trabajo debe cumplir los requisitos legales que se aplican a los contratos de trabajo en los Pa\u00edses Bajos.<\/li><\/ul>\t\t\t\t\t\t\t\t<\/div>\n\t\t\t\t<\/div>\n\t\t\t\t<div class=\"elementor-element elementor-element-e9eb7f5 elementor-widget elementor-widget-spacer\" data-id=\"e9eb7f5\" data-element_type=\"widget\" data-e-type=\"widget\" data-widget_type=\"spacer.default\">\n\t\t\t\t<div class=\"elementor-widget-container\">\n\t\t\t\t\t\t\t<div class=\"elementor-spacer\">\n\t\t\t<div class=\"elementor-spacer-inner\"><\/div>\n\t\t<\/div>\n\t\t\t\t\t\t<\/div>\n\t\t\t\t<\/div>\n\t\t\t\t<div class=\"elementor-element elementor-element-fa39963 elementor-widget elementor-widget-heading\" data-id=\"fa39963\" data-element_type=\"widget\" data-e-type=\"widget\" data-widget_type=\"heading.default\">\n\t\t\t\t<div class=\"elementor-widget-container\">\n\t\t\t\t\t<h3 class=\"elementor-heading-title elementor-size-default\">\u00bfDurante cu\u00e1nto tiempo es v\u00e1lido un permiso de trabajo (TWV)?<\/h3>\t\t\t\t<\/div>\n\t\t\t\t<\/div>\n\t\t\t\t<div class=\"elementor-element elementor-element-0373861 color-scheme-inherit text-left elementor-widget elementor-widget-text-editor\" data-id=\"0373861\" data-element_type=\"widget\" data-e-type=\"widget\" data-widget_type=\"text-editor.default\">\n\t\t\t\t<div class=\"elementor-widget-container\">\n\t\t\t\t\t\t\t\t\t<p>Por lo general, un permiso de trabajo (TWV) tiene una validez m\u00e1xima de un a\u00f1o. Este es el per\u00edodo est\u00e1ndar establecido para garantizar que tanto el empleador como el empleado sigan cumpliendo las condiciones y para permitir controles peri\u00f3dicos del cumplimiento de la legislaci\u00f3n en materia de extranjer\u00eda. Es importante se\u00f1alar que hay casos en los que se puede prorrogar la validez de un TWV y, en algunas situaciones, esta pr\u00f3rroga puede llegar a ser de hasta tres a\u00f1os.<\/p><p>La posibilidad de renovar un TWV depende de varios factores, como la situaci\u00f3n laboral espec\u00edfica y las leyes y regulaciones vigentes en el momento de la renovaci\u00f3n. El Servicio de Inmigraci\u00f3n y Naturalizaci\u00f3n (IND) aplica directrices y requisitos estrictos a la hora de conceder pr\u00f3rrogas. Es fundamental seguirlos al pie de la letra para poder obtener una pr\u00f3rroga satisfactoria.<\/p>\t\t\t\t\t\t\t\t<\/div>\n\t\t\t\t<\/div>\n\t\t\t\t<div class=\"elementor-element elementor-element-fc468f6 elementor-widget elementor-widget-spacer\" data-id=\"fc468f6\" data-element_type=\"widget\" data-e-type=\"widget\" data-widget_type=\"spacer.default\">\n\t\t\t\t<div class=\"elementor-widget-container\">\n\t\t\t\t\t\t\t<div class=\"elementor-spacer\">\n\t\t\t<div class=\"elementor-spacer-inner\"><\/div>\n\t\t<\/div>\n\t\t\t\t\t\t<\/div>\n\t\t\t\t<\/div>\n\t\t\t\t<div class=\"elementor-element elementor-element-5809e3f elementor-widget elementor-widget-heading\" data-id=\"5809e3f\" data-element_type=\"widget\" data-e-type=\"widget\" data-widget_type=\"heading.default\">\n\t\t\t\t<div class=\"elementor-widget-container\">\n\t\t\t\t\t<h3 class=\"elementor-heading-title elementor-size-default\">Situaciones especiales<\/h3>\t\t\t\t<\/div>\n\t\t\t\t<\/div>\n\t\t\t\t<div class=\"elementor-element elementor-element-511e4b7 color-scheme-inherit text-left elementor-widget elementor-widget-text-editor\" data-id=\"511e4b7\" data-element_type=\"widget\" data-e-type=\"widget\" data-widget_type=\"text-editor.default\">\n\t\t\t\t<div class=\"elementor-widget-container\">\n\t\t\t\t\t\t\t\t\tHay excepciones para situaciones espec\u00edficas. Por ejemplo, existe un r\u00e9gimen especial para los cocineros de restaurantes asi\u00e1ticos, que les facilita la obtenci\u00f3n de un VET bajo ciertas condiciones estrictas. Otras categor\u00edas especiales tambi\u00e9n se aplican bajo ciertas condiciones, como los m\u00fasicos o los profesores de colegios y universidades internacionales.\t\t\t\t\t\t\t\t<\/div>\n\t\t\t\t<\/div>\n\t\t\t\t<div class=\"elementor-element elementor-element-443e13f elementor-widget elementor-widget-spacer\" data-id=\"443e13f\" data-element_type=\"widget\" data-e-type=\"widget\" data-widget_type=\"spacer.default\">\n\t\t\t\t<div class=\"elementor-widget-container\">\n\t\t\t\t\t\t\t<div class=\"elementor-spacer\">\n\t\t\t<div class=\"elementor-spacer-inner\"><\/div>\n\t\t<\/div>\n\t\t\t\t\t\t<\/div>\n\t\t\t\t<\/div>\n\t\t\t\t<div class=\"elementor-element elementor-element-721cbed elementor-widget elementor-widget-heading\" data-id=\"721cbed\" data-element_type=\"widget\" data-e-type=\"widget\" data-widget_type=\"heading.default\">\n\t\t\t\t<div class=\"elementor-widget-container\">\n\t\t\t\t\t<h3 class=\"elementor-heading-title elementor-size-default\">Abogado para permisos de trabajo<\/h3>\t\t\t\t<\/div>\n\t\t\t\t<\/div>\n\t\t\t\t<div class=\"elementor-element elementor-element-ecdef05 color-scheme-inherit text-left elementor-widget elementor-widget-text-editor\" data-id=\"ecdef05\" data-element_type=\"widget\" data-e-type=\"widget\" data-widget_type=\"text-editor.default\">\n\t\t\t\t<div class=\"elementor-widget-container\">\n\t\t\t\t\t\t\t\t\t<p>Solicitar un permiso de trabajo (TWV) no es un proceso sencillo y puede llevar bastante tiempo.<\/p><p>Es aconsejable contratar a uno de nuestros abogados lo antes posible. <a href=\"https:\/\/www.derbedrosian.nl\/es\/abogados\/\">Nuestros abogados<\/a> est\u00e1n especializados en el <a href=\"https:\/\/www.derbedrosian.nl\/es\/jurisdicciones\/ley-de-inmigracion\/\">ley de inmigraci\u00f3n<\/a> y podemos ayudarle a solicitar una TWV. As\u00ed que no dude en ponerse en contacto con nosotros para obtener m\u00e1s ayuda legal.<\/p>\t\t\t\t\t\t\t\t<\/div>\n\t\t\t\t<\/div>\n\t\t\t\t\t<\/div>\n\t\t\t\t<\/div>\n\t\t\t\t<\/div>","protected":false},"excerpt":{"rendered":"<p>Advocaat tewerkstellingsvergunning Oekra\u00efne tewerkstellingsvergunning Voorwaarden tewerkstellingsvergunning vreemdelingenrecht tewerkstellingsvergunning aanvragen uwv vreemdelingenrecht advocaat enschede vreemdelingenrecht advocaat overijssel vreemdelingenrecht enschede advocaat enschede<\/p>","protected":false},"author":1,"featured_media":0,"parent":10627,"menu_order":0,"comment_status":"closed","ping_status":"closed","template":"","meta":{"footnotes":""},"class_list":["post-10687","page","type-page","status-publish","hentry"],"_links":{"self":[{"href":"https:\/\/www.derbedrosian.nl\/es\/wp-json\/wp\/v2\/pages\/10687","targetHints":{"allow":["GET"]}}],"collection":[{"href":"https:\/\/www.derbedrosian.nl\/es\/wp-json\/wp\/v2\/pages"}],"about":[{"href":"https:\/\/www.derbedrosian.nl\/es\/wp-json\/wp\/v2\/types\/page"}],"author":[{"embeddable":true,"href":"https:\/\/www.derbedrosian.nl\/es\/wp-json\/wp\/v2\/users\/1"}],"replies":[{"embeddable":true,"href":"https:\/\/www.derbedrosian.nl\/es\/wp-json\/wp\/v2\/comments?post=10687"}],"version-history":[{"count":0,"href":"https:\/\/www.derbedrosian.nl\/es\/wp-json\/wp\/v2\/pages\/10687\/revisions"}],"up":[{"embeddable":true,"href":"https:\/\/www.derbedrosian.nl\/es\/wp-json\/wp\/v2\/pages\/10627"}],"wp:attachment":[{"href":"https:\/\/www.derbedrosian.nl\/es\/wp-json\/wp\/v2\/media?parent=10687"}],"curies":[{"name":"wp","href":"https:\/\/api.w.org\/{rel}","templated":true}]}}