{"id":10682,"date":"2023-05-26T15:50:36","date_gmt":"2023-05-26T13:50:36","guid":{"rendered":"https:\/\/derbedrosian.nl\/?page_id=10682"},"modified":"2025-12-21T16:01:40","modified_gmt":"2025-12-21T14:01:40","slug":"decision-de-retorno","status":"publish","type":"page","link":"https:\/\/www.derbedrosian.nl\/es\/rechtsgebieden\/vreemdelingenrecht\/terugkeerbesluit\/","title":{"rendered":"Decisi\u00f3n de retorno"},"content":{"rendered":"<div data-elementor-type=\"wp-page\" data-elementor-id=\"10682\" class=\"elementor elementor-10682\" data-elementor-post-type=\"page\">\n\t\t\t\t<div class=\"wd-negative-gap elementor-element elementor-element-a587312 e-flex e-con-boxed e-con e-parent\" data-id=\"a587312\" data-element_type=\"container\" data-e-type=\"container\">\n\t\t\t\t\t<div class=\"e-con-inner\">\n\t\t\t\t<div class=\"elementor-element elementor-element-bf3d679 elementor-hidden-desktop elementor-hidden-tablet elementor-hidden-mobile elementor-widget elementor-widget-wd_image_or_svg\" data-id=\"bf3d679\" data-element_type=\"widget\" data-e-type=\"widget\" id=\"seo-word\" data-widget_type=\"wd_image_or_svg.default\">\n\t\t\t\t<div class=\"elementor-widget-container\">\n\t\t\t\t\t\n\t\t<div class=\"wd-image text-left\">\n\t\t\t\t\t\t\t\t<img loading=\"lazy\" decoding=\"async\" width=\"1000\" height=\"668\" src=\"https:\/\/www.derbedrosian.nl\/wp-content\/uploads\/rechtsgebied-terugkeerbesluit.jpg\" class=\"attachment-full size-full\" alt=\"decisi\u00f3n de retorno levantada decisi\u00f3n del abogado recurso decisi\u00f3n de retorno\" srcset=\"https:\/\/www.derbedrosian.nl\/wp-content\/uploads\/rechtsgebied-terugkeerbesluit.jpg 1000w, https:\/\/www.derbedrosian.nl\/wp-content\/uploads\/rechtsgebied-terugkeerbesluit-400x267.jpg 400w, https:\/\/www.derbedrosian.nl\/wp-content\/uploads\/rechtsgebied-terugkeerbesluit-768x513.jpg 768w\" sizes=\"auto, (max-width: 1000px) 100vw, 1000px\" title=\"\">\t\t\t\t\t<\/div>\n\n\t\t\t\t\t\t<\/div>\n\t\t\t\t<\/div>\n\t\t\t\t<div class=\"elementor-element elementor-element-d4b308a elementor-hidden-desktop elementor-hidden-tablet elementor-hidden-mobile elementor-widget elementor-widget-heading\" data-id=\"d4b308a\" data-element_type=\"widget\" data-e-type=\"widget\" id=\"seo-word\" data-widget_type=\"heading.default\">\n\t\t\t\t<div class=\"elementor-widget-container\">\n\t\t\t\t\t<h2 class=\"elementor-heading-title elementor-size-default\">decisi\u00f3n de devoluci\u00f3n del abogado<\/h2>\t\t\t\t<\/div>\n\t\t\t\t<\/div>\n\t\t\t\t<div class=\"elementor-element elementor-element-4755776 elementor-hidden-desktop elementor-hidden-tablet elementor-hidden-mobile elementor-widget elementor-widget-heading\" data-id=\"4755776\" data-element_type=\"widget\" data-e-type=\"widget\" id=\"seo-word\" data-widget_type=\"heading.default\">\n\t\t\t\t<div class=\"elementor-widget-container\">\n\t\t\t\t\t<h5 class=\"elementor-heading-title elementor-size-default\">decisi\u00f3n de devoluci\u00f3n sentencia<\/h5>\t\t\t\t<\/div>\n\t\t\t\t<\/div>\n\t\t\t\t<div class=\"elementor-element elementor-element-57b379b elementor-hidden-desktop elementor-hidden-tablet elementor-hidden-mobile elementor-widget elementor-widget-heading\" data-id=\"57b379b\" data-element_type=\"widget\" data-e-type=\"widget\" id=\"seo-word\" data-widget_type=\"heading.default\">\n\t\t\t\t<div class=\"elementor-widget-container\">\n\t\t\t\t\t<h5 class=\"elementor-heading-title elementor-size-default\">recurrir la decisi\u00f3n de devoluci\u00f3n<\/h5>\t\t\t\t<\/div>\n\t\t\t\t<\/div>\n\t\t\t\t<div class=\"elementor-element elementor-element-dea1465 elementor-hidden-desktop elementor-hidden-tablet elementor-hidden-mobile elementor-widget elementor-widget-heading\" data-id=\"dea1465\" data-element_type=\"widget\" data-e-type=\"widget\" id=\"seo-word\" data-widget_type=\"heading.default\">\n\t\t\t\t<div class=\"elementor-widget-container\">\n\t\t\t\t\t<h5 class=\"elementor-heading-title elementor-size-default\">levantamiento de la decisi\u00f3n de retorno<\/h5>\t\t\t\t<\/div>\n\t\t\t\t<\/div>\n\t\t\t\t<div class=\"elementor-element elementor-element-e9d6bb1 elementor-hidden-desktop elementor-hidden-tablet elementor-hidden-mobile elementor-widget elementor-widget-heading\" data-id=\"e9d6bb1\" data-element_type=\"widget\" data-e-type=\"widget\" id=\"seo-word\" data-widget_type=\"heading.default\">\n\t\t\t\t<div class=\"elementor-widget-container\">\n\t\t\t\t\t<h5 class=\"elementor-heading-title elementor-size-default\">ley de inmigraci\u00f3n<\/h5>\t\t\t\t<\/div>\n\t\t\t\t<\/div>\n\t\t\t\t<div class=\"elementor-element elementor-element-5ccea5a elementor-hidden-desktop elementor-hidden-tablet elementor-hidden-mobile elementor-widget elementor-widget-heading\" data-id=\"5ccea5a\" data-element_type=\"widget\" data-e-type=\"widget\" id=\"seo-word\" data-widget_type=\"heading.default\">\n\t\t\t\t<div class=\"elementor-widget-container\">\n\t\t\t\t\t<h5 class=\"elementor-heading-title elementor-size-default\">derecho de inmigraci\u00f3n abogado enschede<\/h5>\t\t\t\t<\/div>\n\t\t\t\t<\/div>\n\t\t\t\t<div class=\"elementor-element elementor-element-3129534 elementor-hidden-desktop elementor-hidden-tablet elementor-hidden-mobile elementor-widget elementor-widget-heading\" data-id=\"3129534\" data-element_type=\"widget\" data-e-type=\"widget\" id=\"seo-word\" data-widget_type=\"heading.default\">\n\t\t\t\t<div class=\"elementor-widget-container\">\n\t\t\t\t\t<h5 class=\"elementor-heading-title elementor-size-default\">derecho de inmigraci\u00f3n abogado overijssel<\/h5>\t\t\t\t<\/div>\n\t\t\t\t<\/div>\n\t\t\t\t<div class=\"elementor-element elementor-element-3189326 elementor-hidden-desktop elementor-hidden-tablet elementor-hidden-mobile elementor-widget elementor-widget-heading\" data-id=\"3189326\" data-element_type=\"widget\" data-e-type=\"widget\" id=\"seo-word\" data-widget_type=\"heading.default\">\n\t\t\t\t<div class=\"elementor-widget-container\">\n\t\t\t\t\t<h5 class=\"elementor-heading-title elementor-size-default\">ley de extranjer\u00eda enschede<\/h5>\t\t\t\t<\/div>\n\t\t\t\t<\/div>\n\t\t\t\t<div class=\"elementor-element elementor-element-1d82020 color-scheme-inherit text-left elementor-widget elementor-widget-text-editor\" data-id=\"1d82020\" data-element_type=\"widget\" data-e-type=\"widget\" id=\"seo-word\" data-widget_type=\"text-editor.default\">\n\t\t\t\t<div class=\"elementor-widget-container\">\n\t\t\t\t\t\t\t\t\t<p>Decisi\u00f3n de retorno y prohibici\u00f3n de entrada en los Pa\u00edses Bajos por iniciativa propia, es decir, el proceso y los pasos que se siguen para regresar al pa\u00eds de origen, y las condiciones y normativas espec\u00edficas que se aplican a la decisi\u00f3n de retorno y a la prohibici\u00f3n de entrada.<\/p>\t\t\t\t\t\t\t\t<\/div>\n\t\t\t\t<\/div>\n\t\t\t\t<div class=\"elementor-element elementor-element-09494fd elementor-hidden-desktop elementor-hidden-tablet elementor-hidden-mobile elementor-widget elementor-widget-heading\" data-id=\"09494fd\" data-element_type=\"widget\" data-e-type=\"widget\" id=\"seo-word\" data-widget_type=\"heading.default\">\n\t\t\t\t<div class=\"elementor-widget-container\">\n\t\t\t\t\t<h5 class=\"elementor-heading-title elementor-size-default\">abogado enschede derecho de extranjer\u00eda<\/h5>\t\t\t\t<\/div>\n\t\t\t\t<\/div>\n\t\t\t\t<div class=\"elementor-element elementor-element-7811f20 color-scheme-inherit text-left elementor-widget elementor-widget-text-editor\" data-id=\"7811f20\" data-element_type=\"widget\" data-e-type=\"widget\" data-widget_type=\"text-editor.default\">\n\t\t\t\t<div class=\"elementor-widget-container\">\n\t\t\t\t\t\t\t\t\t<p><strong>En los Pa\u00edses Bajos, la \"decisi\u00f3n de retorno\" se refiere a un procedimiento legal espec\u00edfico aplicable a las personas que se encuentran en el pa\u00eds sin el estatus de residencia requerido. Esta decisi\u00f3n tiene importantes implicaciones jur\u00eddicas y afecta a la estancia de las personas en los Pa\u00edses Bajos.<\/strong><\/p>\t\t\t\t\t\t\t\t<\/div>\n\t\t\t\t<\/div>\n\t\t\t\t<div class=\"elementor-element elementor-element-dd3db22 elementor-widget elementor-widget-spacer\" data-id=\"dd3db22\" data-element_type=\"widget\" data-e-type=\"widget\" data-widget_type=\"spacer.default\">\n\t\t\t\t<div class=\"elementor-widget-container\">\n\t\t\t\t\t\t\t<div class=\"elementor-spacer\">\n\t\t\t<div class=\"elementor-spacer-inner\"><\/div>\n\t\t<\/div>\n\t\t\t\t\t\t<\/div>\n\t\t\t\t<\/div>\n\t\t\t\t<div class=\"elementor-element elementor-element-692aab6 elementor-widget elementor-widget-heading\" data-id=\"692aab6\" data-element_type=\"widget\" data-e-type=\"widget\" data-widget_type=\"heading.default\">\n\t\t\t\t<div class=\"elementor-widget-container\">\n\t\t\t\t\t<h3 class=\"elementor-heading-title elementor-size-default\">\u00bfQu\u00e9 es una decisi\u00f3n de retorno?<\/h3>\t\t\t\t<\/div>\n\t\t\t\t<\/div>\n\t\t\t\t<div class=\"elementor-element elementor-element-fb6855a color-scheme-inherit text-left elementor-widget elementor-widget-text-editor\" data-id=\"fb6855a\" data-element_type=\"widget\" data-e-type=\"widget\" data-widget_type=\"text-editor.default\">\n\t\t\t\t<div class=\"elementor-widget-container\">\n\t\t\t\t\t\t\t\t\t<p>Una decisi\u00f3n de retorno es una declaraci\u00f3n legal que simplemente significa que su estancia en los Pa\u00edses Bajos es ilegal y que est\u00e1 obligado a abandonar el pa\u00eds, as\u00ed como todos los pa\u00edses de la UE\/EEE y Suiza. Esta situaci\u00f3n se produce cuando se rechaza su solicitud de visado de residencia temporal y, a veces, puede incluso imponerse una prohibici\u00f3n de entrada, lo que significa que no se le permite volver a entrar en el pa\u00eds durante un periodo de tiempo determinado. Este es especialmente el caso si el rechazo est\u00e1 relacionado con la alteraci\u00f3n del orden p\u00fablico.<\/p>\t\t\t\t\t\t\t\t<\/div>\n\t\t\t\t<\/div>\n\t\t\t\t<div class=\"elementor-element elementor-element-9130cb7 elementor-widget elementor-widget-spacer\" data-id=\"9130cb7\" data-element_type=\"widget\" data-e-type=\"widget\" data-widget_type=\"spacer.default\">\n\t\t\t\t<div class=\"elementor-widget-container\">\n\t\t\t\t\t\t\t<div class=\"elementor-spacer\">\n\t\t\t<div class=\"elementor-spacer-inner\"><\/div>\n\t\t<\/div>\n\t\t\t\t\t\t<\/div>\n\t\t\t\t<\/div>\n\t\t\t\t<div class=\"elementor-element elementor-element-c76a020 elementor-widget elementor-widget-heading\" data-id=\"c76a020\" data-element_type=\"widget\" data-e-type=\"widget\" data-widget_type=\"heading.default\">\n\t\t\t\t<div class=\"elementor-widget-container\">\n\t\t\t\t\t<h3 class=\"elementor-heading-title elementor-size-default\">\u00bfA qui\u00e9n se aplica una decisi\u00f3n de retorno?\n<\/h3>\t\t\t\t<\/div>\n\t\t\t\t<\/div>\n\t\t\t\t<div class=\"elementor-element elementor-element-85d8417 color-scheme-inherit text-left elementor-widget elementor-widget-text-editor\" data-id=\"85d8417\" data-element_type=\"widget\" data-e-type=\"widget\" data-widget_type=\"text-editor.default\">\n\t\t\t\t<div class=\"elementor-widget-container\">\n\t\t\t\t\t\t\t\t\t<p>La decisi\u00f3n de retorno es una medida legal aplicable a las personas que no son nacionales de un pa\u00eds de la UE\/EEE o de Suiza y que se encuentran en los Pa\u00edses Bajos. Existen varias situaciones en las que se puede emitir dicha decisi\u00f3n de retorno:<\/p><ul><li><strong>Rechazo de la solicitud de permiso de residencia:<\/strong> Una de las situaciones en las que puede recibir una decisi\u00f3n de retorno es cuando el Servicio de Inmigraci\u00f3n y Naturalizaci\u00f3n (IND) rechaza su solicitud de permiso de residencia. La decisi\u00f3n de retorno puede formar parte de esta decisi\u00f3n negativa. Esto puede ocurrir si su solicitud no cumple los requisitos establecidos o si existen otros motivos legales para el rechazo.<\/li><li><strong>Revocaci\u00f3n del permiso de residencia:<\/strong> Otra situaci\u00f3n en la que puede tomarse una decisi\u00f3n de retorno es cuando el IND decide revocar su permiso de residencia. La decisi\u00f3n de retorno forma entonces parte de esta decisi\u00f3n. Esto puede ocurrir si ha infringido las condiciones de su permiso de residencia, por ejemplo, infringiendo la ley o incumpliendo las normas relativas a su estancia.<\/li><li><strong>Residencia ilegal determinada por las autoridades: <\/strong>si la polic\u00eda o la Real Polic\u00eda Militar le encuentran en la frontera o en los Pa\u00edses Bajos y llegan a la conclusi\u00f3n de que se encuentra en el pa\u00eds ilegalmente. Esto puede ocurrir si no tiene un permiso de residencia v\u00e1lido o no lo ha solicitado. La decisi\u00f3n de retorno se utiliza en esta situaci\u00f3n como medida legal para garantizar que usted abandona el pa\u00eds.<\/li><\/ul><p>Es de suma importancia comprender que una decisi\u00f3n de restituci\u00f3n es un asunto jur\u00eddico serio. El cumplimiento de los plazos y procedimientos establecidos en ella es muy importante. Si no est\u00e1 de acuerdo con una decisi\u00f3n de retorno, tiene derecho a oponerse o recurrir, como ya se ha mencionado. Es aconsejable buscar asesoramiento jur\u00eddico y tomar las medidas adecuadas para comprender y gestionar su situaci\u00f3n dentro de los l\u00edmites de la ley. Esto puede ayudarle a proteger sus derechos y evitar cualquier complicaci\u00f3n legal.<\/p>\t\t\t\t\t\t\t\t<\/div>\n\t\t\t\t<\/div>\n\t\t\t\t<div class=\"elementor-element elementor-element-37fad05 elementor-widget elementor-widget-spacer\" data-id=\"37fad05\" data-element_type=\"widget\" data-e-type=\"widget\" data-widget_type=\"spacer.default\">\n\t\t\t\t<div class=\"elementor-widget-container\">\n\t\t\t\t\t\t\t<div class=\"elementor-spacer\">\n\t\t\t<div class=\"elementor-spacer-inner\"><\/div>\n\t\t<\/div>\n\t\t\t\t\t\t<\/div>\n\t\t\t\t<\/div>\n\t\t\t\t<div class=\"elementor-element elementor-element-a26fa5a elementor-widget elementor-widget-heading\" data-id=\"a26fa5a\" data-element_type=\"widget\" data-e-type=\"widget\" data-widget_type=\"heading.default\">\n\t\t\t\t<div class=\"elementor-widget-container\">\n\t\t\t\t\t<h3 class=\"elementor-heading-title elementor-size-default\">Efectos adversos de la decisi\u00f3n de retorno<\/h3>\t\t\t\t<\/div>\n\t\t\t\t<\/div>\n\t\t\t\t<div class=\"elementor-element elementor-element-fa71844 color-scheme-inherit text-left elementor-widget elementor-widget-text-editor\" data-id=\"fa71844\" data-element_type=\"widget\" data-e-type=\"widget\" data-widget_type=\"text-editor.default\">\n\t\t\t\t<div class=\"elementor-widget-container\">\n\t\t\t\t\t\t\t\t\t<p>Una decisi\u00f3n de retorno puede tener efectos importantes para la persona afectada. He aqu\u00ed algunos posibles efectos de una decisi\u00f3n de retorno:<\/p><ul><li><strong>Salida obligatoria:<\/strong> Una decisi\u00f3n de retorno significa que la persona debe abandonar los Pa\u00edses Bajos y regresar a su pa\u00eds de origen o a otro pa\u00eds en el que est\u00e9 legalmente autorizada a residir. El incumplimiento de esta decisi\u00f3n puede acarrear consecuencias legales, como la prohibici\u00f3n de entrada.<\/li><li><strong>Procedimiento de expulsi\u00f3n:<\/strong> si la persona no se marcha voluntariamente, puede iniciarse un procedimiento de expulsi\u00f3n para efectuar el retorno forzoso. Esto puede implicar retener a la persona en un centro de detenci\u00f3n hasta que pueda llevarse a cabo la deportaci\u00f3n.<\/li><li><a href=\"https:\/\/www.derbedrosian.nl\/es\/jurisdicciones\/ley-de-inmigracion\/prohibicion-de-entrada\/\"><strong>Prohibici\u00f3n de entrada:<\/strong><\/a>\u00a0Tambi\u00e9n se puede imponer una prohibici\u00f3n de entrada, lo que significa que la persona no puede entrar en los Pa\u00edses Bajos durante un periodo de tiempo determinado. El incumplimiento de esta prohibici\u00f3n de entrada puede acarrear consecuencias penales, como una multa o una pena de prisi\u00f3n.<\/li><\/ul>\t\t\t\t\t\t\t\t<\/div>\n\t\t\t\t<\/div>\n\t\t\t\t<div class=\"elementor-element elementor-element-a044565 elementor-widget elementor-widget-spacer\" data-id=\"a044565\" data-element_type=\"widget\" data-e-type=\"widget\" data-widget_type=\"spacer.default\">\n\t\t\t\t<div class=\"elementor-widget-container\">\n\t\t\t\t\t\t\t<div class=\"elementor-spacer\">\n\t\t\t<div class=\"elementor-spacer-inner\"><\/div>\n\t\t<\/div>\n\t\t\t\t\t\t<\/div>\n\t\t\t\t<\/div>\n\t\t\t\t<div class=\"elementor-element elementor-element-bdf7b45 elementor-widget elementor-widget-heading\" data-id=\"bdf7b45\" data-element_type=\"widget\" data-e-type=\"widget\" data-widget_type=\"heading.default\">\n\t\t\t\t<div class=\"elementor-widget-container\">\n\t\t\t\t\t<h3 class=\"elementor-heading-title elementor-size-default\">Objeci\u00f3n a la decisi\u00f3n de retorno<\/h3>\t\t\t\t<\/div>\n\t\t\t\t<\/div>\n\t\t\t\t<div class=\"elementor-element elementor-element-f9c76d3 color-scheme-inherit text-left elementor-widget elementor-widget-text-editor\" data-id=\"f9c76d3\" data-element_type=\"widget\" data-e-type=\"widget\" data-widget_type=\"text-editor.default\">\n\t\t\t\t<div class=\"elementor-widget-container\">\n\t\t\t\t\t\t\t\t\t<p>Si no est\u00e1 de acuerdo con una decisi\u00f3n de devoluci\u00f3n, existe la posibilidad de presentar una objeci\u00f3n a la decisi\u00f3n o de apelar. En la notificaci\u00f3n oficial de la decisi\u00f3n se explica detalladamente c\u00f3mo puede presentar una objeci\u00f3n ante el Servicio de Inmigraci\u00f3n y Naturalizaci\u00f3n (IND) o recurrir ante los tribunales.<\/p><p>Sin embargo, hay circunstancias en las que no est\u00e1 obligado a abandonar el pa\u00eds inmediatamente despu\u00e9s de que se haya tomado una decisi\u00f3n de retorno:<\/p><ul><li><strong>Solicitud de permiso de residencia:<\/strong>\u00a0si, tras recibir una decisi\u00f3n de retorno, opta por solicitar un permiso de residencia y se le permite permanecer en los Pa\u00edses Bajos a la espera de que se eval\u00fae su solicitud. Esto le da la oportunidad de presentar su caso y esperar la decisi\u00f3n sobre su estatuto de residencia.<\/li><li><strong>Apelaci\u00f3n u objeci\u00f3n:<\/strong>\u00a0Si ha recibido una denegaci\u00f3n de su solicitud de permiso de residencia y apela u objeta esta decisi\u00f3n dentro del plazo estipulado, no est\u00e1 obligado a marcharse inmediatamente. Durante el procedimiento de apelaci\u00f3n u objeci\u00f3n, puede permanecer en los Pa\u00edses Bajos hasta que se adopte una decisi\u00f3n definitiva.<\/li><\/ul><p>Es importante saber que si no tiene un estatuto de residencia v\u00e1lido en los Pa\u00edses Bajos y no toma medidas para adecuar su situaci\u00f3n a la ley, corre el riesgo de que le internen en un centro especial llamado \"centro de internamiento\". Este centro de detenci\u00f3n se parece a una celda de prisi\u00f3n y se utiliza para detener a personas que no cumplen los requisitos de residencia en los Pa\u00edses Bajos.<\/p>\t\t\t\t\t\t\t\t<\/div>\n\t\t\t\t<\/div>\n\t\t\t\t<div class=\"elementor-element elementor-element-0013d6a elementor-widget elementor-widget-spacer\" data-id=\"0013d6a\" data-element_type=\"widget\" data-e-type=\"widget\" data-widget_type=\"spacer.default\">\n\t\t\t\t<div class=\"elementor-widget-container\">\n\t\t\t\t\t\t\t<div class=\"elementor-spacer\">\n\t\t\t<div class=\"elementor-spacer-inner\"><\/div>\n\t\t<\/div>\n\t\t\t\t\t\t<\/div>\n\t\t\t\t<\/div>\n\t\t\t\t<div class=\"elementor-element elementor-element-750046e elementor-widget elementor-widget-heading\" data-id=\"750046e\" data-element_type=\"widget\" data-e-type=\"widget\" data-widget_type=\"heading.default\">\n\t\t\t\t<div class=\"elementor-widget-container\">\n\t\t\t\t\t<h3 class=\"elementor-heading-title elementor-size-default\">Decisi\u00f3n de devoluci\u00f3n del abogado<\/h3>\t\t\t\t<\/div>\n\t\t\t\t<\/div>\n\t\t\t\t<div class=\"elementor-element elementor-element-d562b0b color-scheme-inherit text-left elementor-widget elementor-widget-text-editor\" data-id=\"d562b0b\" data-element_type=\"widget\" data-e-type=\"widget\" data-widget_type=\"text-editor.default\">\n\t\t\t\t<div class=\"elementor-widget-container\">\n\t\t\t\t\t\t\t\t\t<p>Si se enfrenta a una decisi\u00f3n de retorno, es importante que se ponga en contacto con un abogado inmediatamente. Tanto si tiene preguntas sobre sus derechos, como si quiere oponerse a una decisi\u00f3n de retorno o necesita tomar medidas para mejorar su situaci\u00f3n, estamos aqu\u00ed para ayudarle.<\/p><p>Caracter\u00edsticas del bufete Der Bedrosian <a href=\"https:\/\/www.derbedrosian.nl\/es\/abogados\/\">abogados especialistas<\/a> en el <a href=\"https:\/\/www.derbedrosian.nl\/es\/jurisdicciones\/ley-de-inmigracion\/\">ley de inmigraci\u00f3n<\/a> y estaremos encantados de ayudarle durante el proceso. No dude en llamarnos para hablar de su situaci\u00f3n.<\/p>\t\t\t\t\t\t\t\t<\/div>\n\t\t\t\t<\/div>\n\t\t\t\t\t<\/div>\n\t\t\t\t<\/div>\n\t\t\t\t<\/div>","protected":false},"excerpt":{"rendered":"<p>abogado decisi\u00f3n de retorno decisi\u00f3n de retorno sentencia recurso decisi\u00f3n de retorno revocar decisi\u00f3n de retorno derecho de extranjer\u00eda derecho de extranjer\u00eda abogado enschede derecho de extranjer\u00eda abogado overijssel derecho de extranjer\u00eda enschede decisi\u00f3n de retorno y prohibici\u00f3n de entrada<\/p>","protected":false},"author":1,"featured_media":0,"parent":10627,"menu_order":0,"comment_status":"closed","ping_status":"closed","template":"","meta":{"footnotes":""},"class_list":["post-10682","page","type-page","status-publish","hentry"],"_links":{"self":[{"href":"https:\/\/www.derbedrosian.nl\/es\/wp-json\/wp\/v2\/pages\/10682","targetHints":{"allow":["GET"]}}],"collection":[{"href":"https:\/\/www.derbedrosian.nl\/es\/wp-json\/wp\/v2\/pages"}],"about":[{"href":"https:\/\/www.derbedrosian.nl\/es\/wp-json\/wp\/v2\/types\/page"}],"author":[{"embeddable":true,"href":"https:\/\/www.derbedrosian.nl\/es\/wp-json\/wp\/v2\/users\/1"}],"replies":[{"embeddable":true,"href":"https:\/\/www.derbedrosian.nl\/es\/wp-json\/wp\/v2\/comments?post=10682"}],"version-history":[{"count":0,"href":"https:\/\/www.derbedrosian.nl\/es\/wp-json\/wp\/v2\/pages\/10682\/revisions"}],"up":[{"embeddable":true,"href":"https:\/\/www.derbedrosian.nl\/es\/wp-json\/wp\/v2\/pages\/10627"}],"wp:attachment":[{"href":"https:\/\/www.derbedrosian.nl\/es\/wp-json\/wp\/v2\/media?parent=10682"}],"curies":[{"name":"wp","href":"https:\/\/api.w.org\/{rel}","templated":true}]}}