{"id":10677,"date":"2023-05-26T15:48:18","date_gmt":"2023-05-26T13:48:18","guid":{"rendered":"https:\/\/derbedrosian.nl\/?page_id=10677"},"modified":"2025-12-21T15:58:40","modified_gmt":"2025-12-21T13:58:40","slug":"declaracion-no-deseada","status":"publish","type":"page","link":"https:\/\/www.derbedrosian.nl\/es\/rechtsgebieden\/vreemdelingenrecht\/ongewenstverklaring\/","title":{"rendered":"Declaraci\u00f3n no deseada"},"content":{"rendered":"<div data-elementor-type=\"wp-page\" data-elementor-id=\"10677\" class=\"elementor elementor-10677\" data-elementor-post-type=\"page\">\n\t\t\t\t<div class=\"wd-negative-gap elementor-element elementor-element-76dd1dd e-flex e-con-boxed e-con e-parent\" data-id=\"76dd1dd\" data-element_type=\"container\" data-e-type=\"container\">\n\t\t\t\t\t<div class=\"e-con-inner\">\n\t\t\t\t<div class=\"elementor-element elementor-element-77f8a99 elementor-hidden-desktop elementor-hidden-tablet elementor-hidden-mobile elementor-widget elementor-widget-wd_image_or_svg\" data-id=\"77f8a99\" data-element_type=\"widget\" data-e-type=\"widget\" id=\"seo-word\" data-widget_type=\"wd_image_or_svg.default\">\n\t\t\t\t<div class=\"elementor-widget-container\">\n\t\t\t\t\t\n\t\t<div class=\"wd-image text-left\">\n\t\t\t\t\t\t\t\t<img loading=\"lazy\" decoding=\"async\" width=\"1000\" height=\"667\" src=\"https:\/\/www.derbedrosian.nl\/wp-content\/uploads\/rechtsgebied-ongewenstverklaring.jpg\" class=\"attachment-full size-full\" alt=\"indeseabilidad cancelaci\u00f3n prohibici\u00f3n de entrada abogado permiso de residencia IND\" srcset=\"https:\/\/www.derbedrosian.nl\/wp-content\/uploads\/rechtsgebied-ongewenstverklaring.jpg 1000w, https:\/\/www.derbedrosian.nl\/wp-content\/uploads\/rechtsgebied-ongewenstverklaring-400x267.jpg 400w, https:\/\/www.derbedrosian.nl\/wp-content\/uploads\/rechtsgebied-ongewenstverklaring-768x512.jpg 768w\" sizes=\"auto, (max-width: 1000px) 100vw, 1000px\" title=\"\">\t\t\t\t\t<\/div>\n\n\t\t\t\t\t\t<\/div>\n\t\t\t\t<\/div>\n\t\t\t\t<div class=\"elementor-element elementor-element-82078fc elementor-hidden-desktop elementor-hidden-tablet elementor-hidden-mobile elementor-widget elementor-widget-heading\" data-id=\"82078fc\" data-element_type=\"widget\" data-e-type=\"widget\" id=\"seo-word\" data-widget_type=\"heading.default\">\n\t\t\t\t<div class=\"elementor-widget-container\">\n\t\t\t\t\t<h2 class=\"elementor-heading-title elementor-size-default\">prohibici\u00f3n de entrada declaraci\u00f3n no deseada<\/h2>\t\t\t\t<\/div>\n\t\t\t\t<\/div>\n\t\t\t\t<div class=\"elementor-element elementor-element-d5480f4 elementor-hidden-desktop elementor-hidden-tablet elementor-hidden-mobile elementor-widget elementor-widget-heading\" data-id=\"d5480f4\" data-element_type=\"widget\" data-e-type=\"widget\" id=\"seo-word\" data-widget_type=\"heading.default\">\n\t\t\t\t<div class=\"elementor-widget-container\">\n\t\t\t\t\t<h5 class=\"elementor-heading-title elementor-size-default\">pronunciamiento de indeseabilidad en derecho penal<\/h5>\t\t\t\t<\/div>\n\t\t\t\t<\/div>\n\t\t\t\t<div class=\"elementor-element elementor-element-3ffba1e elementor-hidden-desktop elementor-hidden-tablet elementor-hidden-mobile elementor-widget elementor-widget-heading\" data-id=\"3ffba1e\" data-element_type=\"widget\" data-e-type=\"widget\" id=\"seo-word\" data-widget_type=\"heading.default\">\n\t\t\t\t<div class=\"elementor-widget-container\">\n\t\t\t\t\t<h5 class=\"elementor-heading-title elementor-size-default\">solicitar una declaraci\u00f3n de indeseabilidad<\/h5>\t\t\t\t<\/div>\n\t\t\t\t<\/div>\n\t\t\t\t<div class=\"elementor-element elementor-element-2ff1edd elementor-hidden-desktop elementor-hidden-tablet elementor-hidden-mobile elementor-widget elementor-widget-heading\" data-id=\"2ff1edd\" data-element_type=\"widget\" data-e-type=\"widget\" id=\"seo-word\" data-widget_type=\"heading.default\">\n\t\t\t\t<div class=\"elementor-widget-container\">\n\t\t\t\t\t<h5 class=\"elementor-heading-title elementor-size-default\">criminalizaci\u00f3n de la indeseabilidad<\/h5>\t\t\t\t<\/div>\n\t\t\t\t<\/div>\n\t\t\t\t<div class=\"elementor-element elementor-element-d641bd3 elementor-hidden-desktop elementor-hidden-tablet elementor-hidden-mobile elementor-widget elementor-widget-heading\" data-id=\"d641bd3\" data-element_type=\"widget\" data-e-type=\"widget\" id=\"seo-word\" data-widget_type=\"heading.default\">\n\t\t\t\t<div class=\"elementor-widget-container\">\n\t\t\t\t\t<h5 class=\"elementor-heading-title elementor-size-default\">certificado de indeseabilidad y\/o prohibici\u00f3n de entrada restricci\u00f3n mercado de trabajo refrendo y per\u00edodo de validez levantamiento antiguo certificado de indeseabilidad impuesto antes antiguo certificado de indeseabilidad impuesto antes de diciembre de<\/h5>\t\t\t\t<\/div>\n\t\t\t\t<\/div>\n\t\t\t\t<div class=\"elementor-element elementor-element-772e6ec elementor-hidden-desktop elementor-hidden-tablet elementor-hidden-mobile elementor-widget elementor-widget-heading\" data-id=\"772e6ec\" data-element_type=\"widget\" data-e-type=\"widget\" id=\"seo-word\" data-widget_type=\"heading.default\">\n\t\t\t\t<div class=\"elementor-widget-container\">\n\t\t\t\t\t<h5 class=\"elementor-heading-title elementor-size-default\">normas pol\u00edticas para el levantamiento temporal de la decisi\u00f3n de emitir una alerta<\/h5>\t\t\t\t<\/div>\n\t\t\t\t<\/div>\n\t\t\t\t<div class=\"elementor-element elementor-element-c66054e elementor-hidden-desktop elementor-hidden-tablet elementor-hidden-mobile elementor-widget elementor-widget-heading\" data-id=\"c66054e\" data-element_type=\"widget\" data-e-type=\"widget\" id=\"seo-word\" data-widget_type=\"heading.default\">\n\t\t\t\t<div class=\"elementor-widget-container\">\n\t\t\t\t\t<h5 class=\"elementor-heading-title elementor-size-default\">derecho de inmigraci\u00f3n abogado enschede<\/h5>\t\t\t\t<\/div>\n\t\t\t\t<\/div>\n\t\t\t\t<div class=\"elementor-element elementor-element-9ae2ef2 elementor-hidden-desktop elementor-hidden-tablet elementor-hidden-mobile elementor-widget elementor-widget-heading\" data-id=\"9ae2ef2\" data-element_type=\"widget\" data-e-type=\"widget\" id=\"seo-word\" data-widget_type=\"heading.default\">\n\t\t\t\t<div class=\"elementor-widget-container\">\n\t\t\t\t\t<h5 class=\"elementor-heading-title elementor-size-default\">derecho de inmigraci\u00f3n abogado overijssel<\/h5>\t\t\t\t<\/div>\n\t\t\t\t<\/div>\n\t\t\t\t<div class=\"elementor-element elementor-element-a9cd106 elementor-hidden-desktop elementor-hidden-tablet elementor-hidden-mobile elementor-widget elementor-widget-heading\" data-id=\"a9cd106\" data-element_type=\"widget\" data-e-type=\"widget\" id=\"seo-word\" data-widget_type=\"heading.default\">\n\t\t\t\t<div class=\"elementor-widget-container\">\n\t\t\t\t\t<h5 class=\"elementor-heading-title elementor-size-default\">ley de extranjer\u00eda enschede<\/h5>\t\t\t\t<\/div>\n\t\t\t\t<\/div>\n\t\t\t\t<div class=\"elementor-element elementor-element-6ea98cf elementor-hidden-desktop elementor-hidden-tablet elementor-hidden-mobile elementor-widget elementor-widget-heading\" data-id=\"6ea98cf\" data-element_type=\"widget\" data-e-type=\"widget\" id=\"seo-word\" data-widget_type=\"heading.default\">\n\t\t\t\t<div class=\"elementor-widget-container\">\n\t\t\t\t\t<h5 class=\"elementor-heading-title elementor-size-default\">abogado enschede derecho de extranjer\u00eda<\/h5>\t\t\t\t<\/div>\n\t\t\t\t<\/div>\n\t\t\t\t<div class=\"elementor-element elementor-element-3800064 elementor-hidden-desktop elementor-hidden-tablet elementor-hidden-mobile elementor-widget elementor-widget-heading\" data-id=\"3800064\" data-element_type=\"widget\" data-e-type=\"widget\" id=\"seo-word\" data-widget_type=\"heading.default\">\n\t\t\t\t<div class=\"elementor-widget-container\">\n\t\t\t\t\t<h5 class=\"elementor-heading-title elementor-size-default\">En Enschede y Overijssel, puede contar con los abogados expertos en inmigraci\u00f3n de Derbedrosian Immigration Lawyers. Entendemos que la indeseabilidad es una cuesti\u00f3n jur\u00eddica compleja en la ley de inmigraci\u00f3n.\n\nUn pronunciamiento de indeseabilidad significa que alguien ya no es bienvenido en los Pa\u00edses Bajos y puede tener graves consecuencias. Puede dar lugar a cargos penales y otros problemas legales.\n\nSolicitar el levantamiento de un pronunciamiento de indeseabilidad es un procedimiento legal que debe seguirse cuidadosamente. Existen normas pol\u00edticas sobre el levantamiento temporal de una declaraci\u00f3n de indeseabilidad, pero dependen de las circunstancias espec\u00edficas del caso.\n\nNuestros abogados de inmigraci\u00f3n en Enschede est\u00e1n a su disposici\u00f3n para asesorarle y guiarle en casos relacionados con declaraciones de indeseabilidad y solicitudes para su retirada. Comprendemos la complejidad de estas situaciones y le ayudaremos a garantizar que se respeten sus derechos.\n\nSi necesita asistencia jur\u00eddica en relaci\u00f3n con la declaraci\u00f3n de indeseabilidad, no dude en ponerse en contacto con Derbedrosian Immigration Lawyers. Estamos aqu\u00ed para ayudarle y llevar su caso, con el objetivo de minimizar las consecuencias de ser declarado indeseable y proteger sus derechos.<\/h5>\t\t\t\t<\/div>\n\t\t\t\t<\/div>\n\t\t\t\t<div class=\"elementor-element elementor-element-6202735 color-scheme-inherit text-left elementor-widget elementor-widget-text-editor\" data-id=\"6202735\" data-element_type=\"widget\" data-e-type=\"widget\" data-widget_type=\"text-editor.default\">\n\t\t\t\t<div class=\"elementor-widget-container\">\n\t\t\t\t\t\t\t\t\t<p><strong>La medida de \"declaraci\u00f3n no deseada\" se aplica a los extranjeros que no son bienvenidos. en los Pa\u00edses Bajos. Esta medida puede imponerse por diversos motivos, como condenas penales, problemas de seguridad nacional o infracciones de la ley de inmigraci\u00f3n. El objetivo de la declaraci\u00f3n de indeseabilidad es mantener alejadas a las personas consideradas una amenaza para el orden p\u00fablico o la seguridad nacional.<\/strong><\/p>\t\t\t\t\t\t\t\t<\/div>\n\t\t\t\t<\/div>\n\t\t\t\t<div class=\"elementor-element elementor-element-9371e37 elementor-widget elementor-widget-spacer\" data-id=\"9371e37\" data-element_type=\"widget\" data-e-type=\"widget\" data-widget_type=\"spacer.default\">\n\t\t\t\t<div class=\"elementor-widget-container\">\n\t\t\t\t\t\t\t<div class=\"elementor-spacer\">\n\t\t\t<div class=\"elementor-spacer-inner\"><\/div>\n\t\t<\/div>\n\t\t\t\t\t\t<\/div>\n\t\t\t\t<\/div>\n\t\t\t\t<div class=\"elementor-element elementor-element-fb5b297 elementor-widget elementor-widget-heading\" data-id=\"fb5b297\" data-element_type=\"widget\" data-e-type=\"widget\" data-widget_type=\"heading.default\">\n\t\t\t\t<div class=\"elementor-widget-container\">\n\t\t\t\t\t<h3 class=\"elementor-heading-title elementor-size-default\">\u00bfQu\u00e9 significa una declaraci\u00f3n de indeseabilidad? <\/h3>\t\t\t\t<\/div>\n\t\t\t\t<\/div>\n\t\t\t\t<div class=\"elementor-element elementor-element-e658e17 color-scheme-inherit text-left elementor-widget elementor-widget-text-editor\" data-id=\"e658e17\" data-element_type=\"widget\" data-e-type=\"widget\" data-widget_type=\"text-editor.default\">\n\t\t\t\t<div class=\"elementor-widget-container\">\n\t\t\t\t\t\t\t\t\t<p>Una declaraci\u00f3n de indeseable es la decisi\u00f3n de que usted es un extranjero indeseable en los Pa\u00edses Bajos. El gobierno holand\u00e9s considera que usted no deber\u00eda estar en Holanda. Las personas indeseables deben abandonar los Pa\u00edses Bajos inmediatamente, lo que significa que ya no se les permite permanecer en los Pa\u00edses Bajos.Esto puede ser, por ejemplo, porque usted ha sido condenado por un delito. Suele tratarse de personas que representan un peligro para los Pa\u00edses Bajos.<\/p>\t\t\t\t\t\t\t\t<\/div>\n\t\t\t\t<\/div>\n\t\t\t\t<div class=\"elementor-element elementor-element-cd7ba9b elementor-widget elementor-widget-spacer\" data-id=\"cd7ba9b\" data-element_type=\"widget\" data-e-type=\"widget\" data-widget_type=\"spacer.default\">\n\t\t\t\t<div class=\"elementor-widget-container\">\n\t\t\t\t\t\t\t<div class=\"elementor-spacer\">\n\t\t\t<div class=\"elementor-spacer-inner\"><\/div>\n\t\t<\/div>\n\t\t\t\t\t\t<\/div>\n\t\t\t\t<\/div>\n\t\t\t\t<div class=\"elementor-element elementor-element-7821fde elementor-widget elementor-widget-heading\" data-id=\"7821fde\" data-element_type=\"widget\" data-e-type=\"widget\" data-widget_type=\"heading.default\">\n\t\t\t\t<div class=\"elementor-widget-container\">\n\t\t\t\t\t<h3 class=\"elementor-heading-title elementor-size-default\">Consecuencias de ser declarado indeseable<\/h3>\t\t\t\t<\/div>\n\t\t\t\t<\/div>\n\t\t\t\t<div class=\"elementor-element elementor-element-5cfcaf7 color-scheme-inherit text-left elementor-widget elementor-widget-text-editor\" data-id=\"5cfcaf7\" data-element_type=\"widget\" data-e-type=\"widget\" data-widget_type=\"text-editor.default\">\n\t\t\t\t<div class=\"elementor-widget-container\">\n\t\t\t\t\t\t\t\t\t<p>Si se enfrenta a una declaraci\u00f3n de indeseabilidad, es imprescindible que abandone los Pa\u00edses Bajos inmediatamente. Si aun as\u00ed intenta regresar a Holanda, se arriesga a una pena de prisi\u00f3n de hasta 6 meses o a una multa. En algunos casos, las autoridades holandesas pueden incluso decidir deportarle al otro lado de la frontera.<\/p><p>En cuanto a las complicaciones relativas a una declaraci\u00f3n de indeseabilidad, no existe una fecha de finalizaci\u00f3n predeterminada. S\u00f3lo el Servicio de Inmigraci\u00f3n y Naturalizaci\u00f3n (IND) tiene autoridad para decidir cu\u00e1ndo finaliza la declaraci\u00f3n de indeseabilidad.<\/p>\t\t\t\t\t\t\t\t<\/div>\n\t\t\t\t<\/div>\n\t\t\t\t<div class=\"elementor-element elementor-element-be55a29 elementor-widget elementor-widget-spacer\" data-id=\"be55a29\" data-element_type=\"widget\" data-e-type=\"widget\" data-widget_type=\"spacer.default\">\n\t\t\t\t<div class=\"elementor-widget-container\">\n\t\t\t\t\t\t\t<div class=\"elementor-spacer\">\n\t\t\t<div class=\"elementor-spacer-inner\"><\/div>\n\t\t<\/div>\n\t\t\t\t\t\t<\/div>\n\t\t\t\t<\/div>\n\t\t\t\t<div class=\"elementor-element elementor-element-082d019 elementor-widget elementor-widget-heading\" data-id=\"082d019\" data-element_type=\"widget\" data-e-type=\"widget\" data-widget_type=\"heading.default\">\n\t\t\t\t<div class=\"elementor-widget-container\">\n\t\t\t\t\t<h3 class=\"elementor-heading-title elementor-size-default\">\u00bfA qui\u00e9n se aplica una declaraci\u00f3n indeseable?\n<\/h3>\t\t\t\t<\/div>\n\t\t\t\t<\/div>\n\t\t\t\t<div class=\"elementor-element elementor-element-bd87fc2 color-scheme-inherit text-left elementor-widget elementor-widget-text-editor\" data-id=\"bd87fc2\" data-element_type=\"widget\" data-e-type=\"widget\" data-widget_type=\"text-editor.default\">\n\t\t\t\t<div class=\"elementor-widget-container\">\n\t\t\t\t\t\t\t\t\t<p>Actualmente, la declaraci\u00f3n de inadmisibilidad solo se aplica a personas procedentes de la Uni\u00f3n Europea (UE). Dado que los ciudadanos de la UE suelen poder viajar libremente dentro de la UE, deben existir razones muy fundadas para denegarles este derecho. Una medida de este tipo solo se adopta cuando una persona representa en ese momento una amenaza clara y grave para el orden p\u00fablico.<\/p><p>Para las personas que no pertenecen a la UE, a menudo denominadas \u00abterceros pa\u00edses\u00bb, no se aplica la declaraci\u00f3n de inadmisibilidad. En su lugar, en circunstancias espec\u00edficas, se puede imponer una prohibici\u00f3n de entrada. Esta prohibici\u00f3n de entrada puede variar en duraci\u00f3n y, por lo general, se aplica cuando existen razones demostrables para denegar el acceso a los Pa\u00edses Bajos o a la UE.<\/p><p>Es importante se\u00f1alar que tanto la declaraci\u00f3n de persona no deseada como la prohibici\u00f3n de entrada son medidas legales graves y est\u00e1n sujetas a procedimientos legales estrictos. En tales casos, es aconsejable buscar asesoramiento legal para comprender y proteger plenamente sus derechos y opciones.<\/p>\t\t\t\t\t\t\t\t<\/div>\n\t\t\t\t<\/div>\n\t\t\t\t<div class=\"elementor-element elementor-element-32291b5 elementor-widget elementor-widget-spacer\" data-id=\"32291b5\" data-element_type=\"widget\" data-e-type=\"widget\" data-widget_type=\"spacer.default\">\n\t\t\t\t<div class=\"elementor-widget-container\">\n\t\t\t\t\t\t\t<div class=\"elementor-spacer\">\n\t\t\t<div class=\"elementor-spacer-inner\"><\/div>\n\t\t<\/div>\n\t\t\t\t\t\t<\/div>\n\t\t\t\t<\/div>\n\t\t\t\t<div class=\"elementor-element elementor-element-d2d9bec elementor-widget elementor-widget-heading\" data-id=\"d2d9bec\" data-element_type=\"widget\" data-e-type=\"widget\" data-widget_type=\"heading.default\">\n\t\t\t\t<div class=\"elementor-widget-container\">\n\t\t\t\t\t<h3 class=\"elementor-heading-title elementor-size-default\">Anulaci\u00f3n de una declaraci\u00f3n no deseada<\/h3>\t\t\t\t<\/div>\n\t\t\t\t<\/div>\n\t\t\t\t<div class=\"elementor-element elementor-element-44e4571 color-scheme-inherit text-left elementor-widget elementor-widget-text-editor\" data-id=\"44e4571\" data-element_type=\"widget\" data-e-type=\"widget\" data-widget_type=\"text-editor.default\">\n\t\t\t\t<div class=\"elementor-widget-container\">\n\t\t\t\t\t\t\t\t\t<p>Transcurrido un tiempo, puede solicitar que se levante la \"declaraci\u00f3n de indeseabilidad\". En esta solicitud, debe demostrar que ha residido realmente fuera de los Pa\u00edses Bajos durante un periodo de tiempo determinado. La duraci\u00f3n de este periodo depende de la gravedad del delito por el que se le impuso la declaraci\u00f3n de indeseabilidad. Tambi\u00e9n es importante que no haya cometido nuevos delitos durante este tiempo.<\/p><p>En algunos casos, la \"declaraci\u00f3n de indeseabilidad\" puede levantarse temporalmente, por ejemplo en situaciones con circunstancias familiares graves o cuando necesite testificar en un caso judicial en curso. Esto se considera una dispensa temporal para adaptarse a circunstancias espec\u00edficas.<\/p><p>Es crucial comprender que el proceso para levantar o suspender temporalmente una \"orden de indeseabilidad\" debe seguirse cuidadosamente y que a menudo es necesaria una orientaci\u00f3n jur\u00eddica profesional para lograr los mejores resultados.<\/p>\t\t\t\t\t\t\t\t<\/div>\n\t\t\t\t<\/div>\n\t\t\t\t<div class=\"elementor-element elementor-element-fc4fd6f elementor-widget elementor-widget-spacer\" data-id=\"fc4fd6f\" data-element_type=\"widget\" data-e-type=\"widget\" data-widget_type=\"spacer.default\">\n\t\t\t\t<div class=\"elementor-widget-container\">\n\t\t\t\t\t\t\t<div class=\"elementor-spacer\">\n\t\t\t<div class=\"elementor-spacer-inner\"><\/div>\n\t\t<\/div>\n\t\t\t\t\t\t<\/div>\n\t\t\t\t<\/div>\n\t\t\t\t<div class=\"elementor-element elementor-element-1129e00 elementor-widget elementor-widget-heading\" data-id=\"1129e00\" data-element_type=\"widget\" data-e-type=\"widget\" data-widget_type=\"heading.default\">\n\t\t\t\t<div class=\"elementor-widget-container\">\n\t\t\t\t\t<h3 class=\"elementor-heading-title elementor-size-default\">Abogado especializado en derecho de inmigraci\u00f3n<\/h3>\t\t\t\t<\/div>\n\t\t\t\t<\/div>\n\t\t\t\t<div class=\"elementor-element elementor-element-450038b color-scheme-inherit text-left elementor-widget elementor-widget-text-editor\" data-id=\"450038b\" data-element_type=\"widget\" data-e-type=\"widget\" data-widget_type=\"text-editor.default\">\n\t\t\t\t<div class=\"elementor-widget-container\">\n\t\t\t\t\t\t\t\t\t<p>Si se enfrenta a una declaraci\u00f3n de indeseabilidad, es aconsejable que solicite asistencia jur\u00eddica profesional a un abogado especializado. El proceso que rodea a las declaraciones de indeseabilidad puede ser complejo y es vital proteger sus derechos.<\/p><p>Cuando se ponga en contacto con nosotros, podr\u00e1 contar con la experiencia de un abogado especializado en este \u00e1mbito jur\u00eddico. Nuestros abogados le asesorar\u00e1n exhaustivamente y le guiar\u00e1n a trav\u00e9s de los pasos que puede dar para abordar su situaci\u00f3n. No est\u00e1 solo; estamos aqu\u00ed para ayudarle y defender sus intereses legales. No dude en ponerse en contacto con nosotros y hablar con uno de <a href=\"https:\/\/www.derbedrosian.nl\/es\/abogados\/\">nuestros dedicados abogados<\/a> est\u00e1 a su disposici\u00f3n para seguir ayud\u00e1ndole.<\/p>\t\t\t\t\t\t\t\t<\/div>\n\t\t\t\t<\/div>\n\t\t\t\t\t<\/div>\n\t\t\t\t<\/div>\n\t\t\t\t<\/div>","protected":false},"excerpt":{"rendered":"<p>prohibici\u00f3n de entrada declaraci\u00f3n de persona indeseable declaraci\u00f3n de persona indeseable derecho penal solicitar declaraci\u00f3n de persona indeseable declaraci\u00f3n de persona indeseable punible declaraci\u00f3n de persona indeseable y\/o prohibici\u00f3n de entrada restricci\u00f3n del mercado laboral y duraci\u00f3n de la validez levantar antigua declaraci\u00f3n de persona indeseable impuesta por<\/p>","protected":false},"author":1,"featured_media":0,"parent":10627,"menu_order":0,"comment_status":"closed","ping_status":"closed","template":"","meta":{"footnotes":""},"class_list":["post-10677","page","type-page","status-publish","hentry"],"_links":{"self":[{"href":"https:\/\/www.derbedrosian.nl\/es\/wp-json\/wp\/v2\/pages\/10677","targetHints":{"allow":["GET"]}}],"collection":[{"href":"https:\/\/www.derbedrosian.nl\/es\/wp-json\/wp\/v2\/pages"}],"about":[{"href":"https:\/\/www.derbedrosian.nl\/es\/wp-json\/wp\/v2\/types\/page"}],"author":[{"embeddable":true,"href":"https:\/\/www.derbedrosian.nl\/es\/wp-json\/wp\/v2\/users\/1"}],"replies":[{"embeddable":true,"href":"https:\/\/www.derbedrosian.nl\/es\/wp-json\/wp\/v2\/comments?post=10677"}],"version-history":[{"count":0,"href":"https:\/\/www.derbedrosian.nl\/es\/wp-json\/wp\/v2\/pages\/10677\/revisions"}],"up":[{"embeddable":true,"href":"https:\/\/www.derbedrosian.nl\/es\/wp-json\/wp\/v2\/pages\/10627"}],"wp:attachment":[{"href":"https:\/\/www.derbedrosian.nl\/es\/wp-json\/wp\/v2\/media?parent=10677"}],"curies":[{"name":"wp","href":"https:\/\/api.w.org\/{rel}","templated":true}]}}