{"id":10636,"date":"2023-05-26T13:08:55","date_gmt":"2023-05-26T11:08:55","guid":{"rendered":"https:\/\/derbedrosian.nl\/?page_id=10636"},"modified":"2025-12-21T15:48:57","modified_gmt":"2025-12-21T13:48:57","slug":"reagrupacion-familiar","status":"publish","type":"page","link":"https:\/\/www.derbedrosian.nl\/es\/rechtsgebieden\/vreemdelingenrecht\/gezinshereniging\/","title":{"rendered":"Reagrupaci\u00f3n familiar"},"content":{"rendered":"<div data-elementor-type=\"wp-page\" data-elementor-id=\"10636\" class=\"elementor elementor-10636\" data-elementor-post-type=\"page\">\n\t\t\t\t<div class=\"wd-negative-gap elementor-element elementor-element-2ba4c6b e-flex e-con-boxed e-con e-parent\" data-id=\"2ba4c6b\" data-element_type=\"container\" data-e-type=\"container\">\n\t\t\t\t\t<div class=\"e-con-inner\">\n\t\t\t\t<div class=\"elementor-element elementor-element-c548197 elementor-hidden-desktop elementor-hidden-tablet elementor-hidden-mobile elementor-widget elementor-widget-wd_image_or_svg\" data-id=\"c548197\" data-element_type=\"widget\" data-e-type=\"widget\" id=\"seo-word\" data-widget_type=\"wd_image_or_svg.default\">\n\t\t\t\t<div class=\"elementor-widget-container\">\n\t\t\t\t\t\n\t\t<div class=\"wd-image text-left\">\n\t\t\t\t\t\t\t\t<img loading=\"lazy\" decoding=\"async\" width=\"1000\" height=\"667\" src=\"https:\/\/www.derbedrosian.nl\/wp-content\/uploads\/rechtsgebieden-gezinshereniging.jpg\" class=\"attachment-full size-full\" alt=\"Reagrupaci\u00f3n familiar abogado pa\u00edses bajos procedimiento condiciones qu\u00e9 es la reagrupaci\u00f3n familiar nacional de un tercer pa\u00eds\" srcset=\"https:\/\/www.derbedrosian.nl\/wp-content\/uploads\/rechtsgebieden-gezinshereniging.jpg 1000w, https:\/\/www.derbedrosian.nl\/wp-content\/uploads\/rechtsgebieden-gezinshereniging-400x267.jpg 400w, https:\/\/www.derbedrosian.nl\/wp-content\/uploads\/rechtsgebieden-gezinshereniging-768x512.jpg 768w\" sizes=\"auto, (max-width: 1000px) 100vw, 1000px\" title=\"\">\t\t\t\t\t<\/div>\n\n\t\t\t\t\t\t<\/div>\n\t\t\t\t<\/div>\n\t\t\t\t<div class=\"elementor-element elementor-element-5af6620 elementor-hidden-desktop elementor-hidden-tablet elementor-hidden-mobile elementor-widget elementor-widget-heading\" data-id=\"5af6620\" data-element_type=\"widget\" data-e-type=\"widget\" id=\"seo-word\" data-widget_type=\"heading.default\">\n\t\t\t\t<div class=\"elementor-widget-container\">\n\t\t\t\t\t<h2 class=\"elementor-heading-title elementor-size-default\">Reagrupaci\u00f3n familiar Pa\u00edses Bajos<\/h2>\t\t\t\t<\/div>\n\t\t\t\t<\/div>\n\t\t\t\t<div class=\"elementor-element elementor-element-4b820c4 elementor-hidden-desktop elementor-hidden-tablet elementor-hidden-mobile elementor-widget elementor-widget-heading\" data-id=\"4b820c4\" data-element_type=\"widget\" data-e-type=\"widget\" id=\"seo-word\" data-widget_type=\"heading.default\">\n\t\t\t\t<div class=\"elementor-widget-container\">\n\t\t\t\t\t<h5 class=\"elementor-heading-title elementor-size-default\">condiciones para la reagrupaci\u00f3n familiar<\/h5>\t\t\t\t<\/div>\n\t\t\t\t<\/div>\n\t\t\t\t<div class=\"elementor-element elementor-element-3fd1260 elementor-hidden-desktop elementor-hidden-tablet elementor-hidden-mobile elementor-widget elementor-widget-heading\" data-id=\"3fd1260\" data-element_type=\"widget\" data-e-type=\"widget\" id=\"seo-word\" data-widget_type=\"heading.default\">\n\t\t\t\t<div class=\"elementor-widget-container\">\n\t\t\t\t\t<h5 class=\"elementor-heading-title elementor-size-default\">abogado de reagrupaci\u00f3n familiar<\/h5>\t\t\t\t<\/div>\n\t\t\t\t<\/div>\n\t\t\t\t<div class=\"elementor-element elementor-element-fb1502d elementor-hidden-desktop elementor-hidden-tablet elementor-hidden-mobile elementor-widget elementor-widget-heading\" data-id=\"fb1502d\" data-element_type=\"widget\" data-e-type=\"widget\" id=\"seo-word\" data-widget_type=\"heading.default\">\n\t\t\t\t<div class=\"elementor-widget-container\">\n\t\t\t\t\t<h5 class=\"elementor-heading-title elementor-size-default\">procedimiento de reagrupaci\u00f3n familiar<\/h5>\t\t\t\t<\/div>\n\t\t\t\t<\/div>\n\t\t\t\t<div class=\"elementor-element elementor-element-360581d elementor-hidden-desktop elementor-hidden-tablet elementor-hidden-mobile elementor-widget elementor-widget-heading\" data-id=\"360581d\" data-element_type=\"widget\" data-e-type=\"widget\" id=\"seo-word\" data-widget_type=\"heading.default\">\n\t\t\t\t<div class=\"elementor-widget-container\">\n\t\t\t\t\t<h5 class=\"elementor-heading-title elementor-size-default\">condiciones de reagrupaci\u00f3n familiar<\/h5>\t\t\t\t<\/div>\n\t\t\t\t<\/div>\n\t\t\t\t<div class=\"elementor-element elementor-element-ca080ee elementor-hidden-desktop elementor-hidden-tablet elementor-hidden-mobile elementor-widget elementor-widget-heading\" data-id=\"ca080ee\" data-element_type=\"widget\" data-e-type=\"widget\" id=\"seo-word\" data-widget_type=\"heading.default\">\n\t\t\t\t<div class=\"elementor-widget-container\">\n\t\t\t\t\t<h5 class=\"elementor-heading-title elementor-size-default\">reagrupaci\u00f3n familiar con un nacional de un tercer pa\u00eds<\/h5>\t\t\t\t<\/div>\n\t\t\t\t<\/div>\n\t\t\t\t<div class=\"elementor-element elementor-element-73ec6b2 elementor-hidden-desktop elementor-hidden-tablet elementor-hidden-mobile elementor-widget elementor-widget-heading\" data-id=\"73ec6b2\" data-element_type=\"widget\" data-e-type=\"widget\" id=\"seo-word\" data-widget_type=\"heading.default\">\n\t\t\t\t<div class=\"elementor-widget-container\">\n\t\t\t\t\t<h5 class=\"elementor-heading-title elementor-size-default\">derecho de inmigraci\u00f3n abogado enschede<\/h5>\t\t\t\t<\/div>\n\t\t\t\t<\/div>\n\t\t\t\t<div class=\"elementor-element elementor-element-fe938b1 elementor-hidden-desktop elementor-hidden-tablet elementor-hidden-mobile elementor-widget elementor-widget-heading\" data-id=\"fe938b1\" data-element_type=\"widget\" data-e-type=\"widget\" id=\"seo-word\" data-widget_type=\"heading.default\">\n\t\t\t\t<div class=\"elementor-widget-container\">\n\t\t\t\t\t<h5 class=\"elementor-heading-title elementor-size-default\">derecho de inmigraci\u00f3n abogado overijssel<\/h5>\t\t\t\t<\/div>\n\t\t\t\t<\/div>\n\t\t\t\t<div class=\"elementor-element elementor-element-f8efdee elementor-hidden-desktop elementor-hidden-tablet elementor-hidden-mobile elementor-widget elementor-widget-heading\" data-id=\"f8efdee\" data-element_type=\"widget\" data-e-type=\"widget\" id=\"seo-word\" data-widget_type=\"heading.default\">\n\t\t\t\t<div class=\"elementor-widget-container\">\n\t\t\t\t\t<h5 class=\"elementor-heading-title elementor-size-default\">ley de extranjer\u00eda enschede<\/h5>\t\t\t\t<\/div>\n\t\t\t\t<\/div>\n\t\t\t\t<div class=\"elementor-element elementor-element-f3ed3b4 elementor-hidden-desktop elementor-hidden-tablet elementor-hidden-mobile elementor-widget elementor-widget-heading\" data-id=\"f3ed3b4\" data-element_type=\"widget\" data-e-type=\"widget\" id=\"seo-word\" data-widget_type=\"heading.default\">\n\t\t\t\t<div class=\"elementor-widget-container\">\n\t\t\t\t\t<h5 class=\"elementor-heading-title elementor-size-default\">derecho de inmigraci\u00f3n abogado enschede<\/h5>\t\t\t\t<\/div>\n\t\t\t\t<\/div>\n\t\t\t\t<div class=\"elementor-element elementor-element-a2ef326 elementor-hidden-desktop elementor-hidden-tablet elementor-hidden-mobile elementor-widget elementor-widget-heading\" data-id=\"a2ef326\" data-element_type=\"widget\" data-e-type=\"widget\" id=\"seo-word\" data-widget_type=\"heading.default\">\n\t\t\t\t<div class=\"elementor-widget-container\">\n\t\t\t\t\t<h5 class=\"elementor-heading-title elementor-size-default\">derecho a la reagrupaci\u00f3n familiar garantizar el progreso y ahora los derechos de declive<\/h5>\t\t\t\t<\/div>\n\t\t\t\t<\/div>\n\t\t\t\t<div class=\"elementor-element elementor-element-a1380fe elementor-hidden-desktop elementor-hidden-tablet elementor-hidden-mobile elementor-widget elementor-widget-heading\" data-id=\"a1380fe\" data-element_type=\"widget\" data-e-type=\"widget\" id=\"seo-word\" data-widget_type=\"heading.default\">\n\t\t\t\t<div class=\"elementor-widget-container\">\n\t\t\t\t\t<h5 class=\"elementor-heading-title elementor-size-default\">En Enschede y Overijssel, puede confiar en los abogados especializados en inmigraci\u00f3n de Derbedrosian Immigration Lawyers. Nuestros abogados en Enschede tienen una amplia experiencia en casos de derecho de inmigraci\u00f3n, incluida la reagrupaci\u00f3n familiar.\n\nLa reagrupaci\u00f3n familiar es un importante proceso legal por el que un nacional de un tercer pa\u00eds, o alguien de fuera de la Uni\u00f3n Europea, quiere reunir a su familia en los Pa\u00edses Bajos. Existen condiciones y procedimientos espec\u00edficos que deben seguirse para tener derecho a la reagrupaci\u00f3n familiar.\n\nEl derecho a la reagrupaci\u00f3n familiar es un aspecto esencial de la ley de inmigraci\u00f3n, y promueve y protege los derechos de las personas que quieren reunirse con sus seres queridos en los Pa\u00edses Bajos.\n\nNuestros abogados de inmigraci\u00f3n en Enschede est\u00e1n a su disposici\u00f3n para asesorarle y representar sus intereses en casos de reagrupaci\u00f3n familiar con un nacional de un tercer pa\u00eds. Comprendemos la complejidad de estos procedimientos y le ayudaremos a garantizar que se respeten sus derechos en su b\u00fasqueda de la reagrupaci\u00f3n familiar.\n\nSi necesita asistencia jur\u00eddica en casos de reagrupaci\u00f3n familiar u otras cuestiones de derecho de inmigraci\u00f3n, no dude en ponerse en contacto con Derbedrosian Immigration Lawyers. Estamos aqu\u00ed para ayudarle y llevar su caso, y para contribuir al avance de su situaci\u00f3n.<\/h5>\t\t\t\t<\/div>\n\t\t\t\t<\/div>\n\t\t\t\t<div class=\"elementor-element elementor-element-6752b3f color-scheme-inherit text-left elementor-widget elementor-widget-text-editor\" data-id=\"6752b3f\" data-element_type=\"widget\" data-e-type=\"widget\" data-widget_type=\"text-editor.default\">\n\t\t\t\t<div class=\"elementor-widget-container\">\n\t\t\t\t\t\t\t\t\t<p><strong>La reagrupaci\u00f3n familiar es la clave para reunir a su familia y empezar una nueva vida en Holanda. Si quiere hacer realidad este \"sue\u00f1o\", solicitar un visado es el primer paso. Siempre es aconsejable buscar la ayuda de un abogado con experiencia en el proceso de reagrupaci\u00f3n familiar.<\/strong><\/p>\t\t\t\t\t\t\t\t<\/div>\n\t\t\t\t<\/div>\n\t\t\t\t<div class=\"elementor-element elementor-element-95c2092 elementor-widget elementor-widget-spacer\" data-id=\"95c2092\" data-element_type=\"widget\" data-e-type=\"widget\" data-widget_type=\"spacer.default\">\n\t\t\t\t<div class=\"elementor-widget-container\">\n\t\t\t\t\t\t\t<div class=\"elementor-spacer\">\n\t\t\t<div class=\"elementor-spacer-inner\"><\/div>\n\t\t<\/div>\n\t\t\t\t\t\t<\/div>\n\t\t\t\t<\/div>\n\t\t\t\t<div class=\"elementor-element elementor-element-9ae613f elementor-widget elementor-widget-heading\" data-id=\"9ae613f\" data-element_type=\"widget\" data-e-type=\"widget\" data-widget_type=\"heading.default\">\n\t\t\t\t<div class=\"elementor-widget-container\">\n\t\t\t\t\t<h3 class=\"elementor-heading-title elementor-size-default\">\u00bfQu\u00e9 es la reagrupaci\u00f3n familiar?<\/h3>\t\t\t\t<\/div>\n\t\t\t\t<\/div>\n\t\t\t\t<div class=\"elementor-element elementor-element-3a204cd color-scheme-inherit text-left elementor-widget elementor-widget-text-editor\" data-id=\"3a204cd\" data-element_type=\"widget\" data-e-type=\"widget\" data-widget_type=\"text-editor.default\">\n\t\t\t\t<div class=\"elementor-widget-container\">\n\t\t\t\t\t\t\t\t\t<p>La reagrupaci\u00f3n familiar es un proceso que afecta tanto a los aspectos pr\u00e1cticos como emocionales de la vida de las personas y pone de relieve los fuertes lazos que comparten las familias. La reagrupaci\u00f3n familiar significa simplemente que una persona solicita un permiso de residencia para reunirse con su ser querido o sus hijos en los Pa\u00edses Bajos, con el objetivo de construir un futuro juntos.\u00a0<\/p><p>Este proceso brinda la oportunidad de reunir a familias que han sido separadas por diversas razones. El impulso para la reagrupaci\u00f3n familiar suele estar motivado por el deseo de vivir juntos, cuidarse mutuamente y construir una nueva vida en un nuevo pa\u00eds de origen.<\/p>\t\t\t\t\t\t\t\t<\/div>\n\t\t\t\t<\/div>\n\t\t\t\t<div class=\"elementor-element elementor-element-aec1924 elementor-widget elementor-widget-spacer\" data-id=\"aec1924\" data-element_type=\"widget\" data-e-type=\"widget\" data-widget_type=\"spacer.default\">\n\t\t\t\t<div class=\"elementor-widget-container\">\n\t\t\t\t\t\t\t<div class=\"elementor-spacer\">\n\t\t\t<div class=\"elementor-spacer-inner\"><\/div>\n\t\t<\/div>\n\t\t\t\t\t\t<\/div>\n\t\t\t\t<\/div>\n\t\t\t\t<div class=\"elementor-element elementor-element-6a50ad3 elementor-widget elementor-widget-heading\" data-id=\"6a50ad3\" data-element_type=\"widget\" data-e-type=\"widget\" data-widget_type=\"heading.default\">\n\t\t\t\t<div class=\"elementor-widget-container\">\n\t\t\t\t\t<h3 class=\"elementor-heading-title elementor-size-default\">Las condiciones para la reagrupaci\u00f3n familiar<\/h3>\t\t\t\t<\/div>\n\t\t\t\t<\/div>\n\t\t\t\t<div class=\"elementor-element elementor-element-57f280d color-scheme-inherit text-left elementor-widget elementor-widget-text-editor\" data-id=\"57f280d\" data-element_type=\"widget\" data-e-type=\"widget\" data-widget_type=\"text-editor.default\">\n\t\t\t\t<div class=\"elementor-widget-container\">\n\t\t\t\t\t\t\t\t\t<p>Para poder optar a la reagrupaci\u00f3n familiar, deben cumplirse las siguientes condiciones:<\/p><ul><li><strong>La edad:<\/strong>\u00a0Tanto las parejas como los c\u00f3nyuges deben tener al menos 21 a\u00f1os en el momento de la decisi\u00f3n sobre la reagrupaci\u00f3n familiar. Los hijos deben ser menores en el momento de la solicitud, aunque en algunos casos nuestros abogados pueden asesorarle sobre cuestiones relacionadas con la edad.<\/li><li><strong>Relaci\u00f3n:<\/strong>\u00a0Para las parejas casadas, el matrimonio debe probarse mediante un certificado de matrimonio v\u00e1lido. Las parejas de hecho deben demostrar que mantienen una relaci\u00f3n seria y duradera similar al matrimonio.<\/li><li><strong>Relaci\u00f3n de derecho de familia: <\/strong>para la reagrupaci\u00f3n familiar con hijos menores, estos hijos deben tener una relaci\u00f3n de derecho de familia con el solicitante principal.<\/li><li><strong>Integraci\u00f3n:<\/strong>\u00a0Por lo general, hay que hacer un examen de integraci\u00f3n en el extranjero antes de venir a Holanda.<\/li><li><strong>Ingresos:<\/strong>\u00a0el solicitante principal en los Pa\u00edses Bajos debe cumplir los requisitos de ingresos, incluido un ingreso m\u00ednimo que debe estar disponible durante un a\u00f1o.<\/li><li><strong>Documentos oficiales:<\/strong>\u00a0Los documentos extranjeros deben estar traducidos, legalizados o llevar un sello de apostilla.<\/li><\/ul>\t\t\t\t\t\t\t\t<\/div>\n\t\t\t\t<\/div>\n\t\t\t\t<div class=\"elementor-element elementor-element-b4f4264 elementor-widget elementor-widget-spacer\" data-id=\"b4f4264\" data-element_type=\"widget\" data-e-type=\"widget\" data-widget_type=\"spacer.default\">\n\t\t\t\t<div class=\"elementor-widget-container\">\n\t\t\t\t\t\t\t<div class=\"elementor-spacer\">\n\t\t\t<div class=\"elementor-spacer-inner\"><\/div>\n\t\t<\/div>\n\t\t\t\t\t\t<\/div>\n\t\t\t\t<\/div>\n\t\t\t\t<div class=\"elementor-element elementor-element-6272c51 elementor-widget elementor-widget-heading\" data-id=\"6272c51\" data-element_type=\"widget\" data-e-type=\"widget\" data-widget_type=\"heading.default\">\n\t\t\t\t<div class=\"elementor-widget-container\">\n\t\t\t\t\t<h3 class=\"elementor-heading-title elementor-size-default\">Procedimiento de reagrupaci\u00f3n familiar <\/h3>\t\t\t\t<\/div>\n\t\t\t\t<\/div>\n\t\t\t\t<div class=\"elementor-element elementor-element-5c88c35 color-scheme-inherit text-left elementor-widget elementor-widget-text-editor\" data-id=\"5c88c35\" data-element_type=\"widget\" data-e-type=\"widget\" data-widget_type=\"text-editor.default\">\n\t\t\t\t<div class=\"elementor-widget-container\">\n\t\t\t\t\t\t\t\t\t<p>El proceso se desarrolla en las cuatro etapas siguientes, que enumeramos a continuaci\u00f3n.<\/p><ul><li><strong>Solicitud de visado:<\/strong> En el primer paso, la persona que se encuentra en Holanda y quiere reagrupar a sus familiares presenta una solicitud de visado a las autoridades holandesas. El solicitante debe indicar que desea traer a sus familiares y el motivo de la reagrupaci\u00f3n.<\/li><li><strong>Prueba de parentesco:<\/strong> En este paso, los solicitantes deben demostrar que existe realmente una relaci\u00f3n familiar entre ellos y los miembros de la familia que desean reagrupar. Estas pruebas pueden variar en funci\u00f3n de la naturaleza de la relaci\u00f3n familiar, como certificados de matrimonio, certificados de nacimiento de los hijos o pruebas de una relaci\u00f3n duradera y exclusiva en el caso de parejas de hecho.<\/li><li><strong>Recoja el visado en la embajada holandesa:<\/strong>\u00a0Una vez aprobada la solicitud de visado, los familiares deben recoger el visado en la embajada o consulado holand\u00e9s de su pa\u00eds de origen. Este visado les permite viajar a Holanda para la reagrupaci\u00f3n familiar.<\/li><li><strong>Obtenci\u00f3n del permiso de residencia:<\/strong>\u00a0Una vez en Holanda, los miembros de la familia deben solicitar al Servicio de Inmigraci\u00f3n y Naturalizaci\u00f3n (IND) un permiso de residencia por reagrupaci\u00f3n familiar. Esta solicitud tiene por objeto darles permiso para permanecer en los Pa\u00edses Bajos durante un periodo de tiempo m\u00e1s largo. Durante este paso, se eval\u00faan las condiciones nacionales y las normas europeas para la reagrupaci\u00f3n familiar, y el solicitante principal tiene que demostrar que cumple todos los requisitos.<\/li><\/ul>\t\t\t\t\t\t\t\t<\/div>\n\t\t\t\t<\/div>\n\t\t\t\t<div class=\"elementor-element elementor-element-544b427 elementor-widget elementor-widget-spacer\" data-id=\"544b427\" data-element_type=\"widget\" data-e-type=\"widget\" data-widget_type=\"spacer.default\">\n\t\t\t\t<div class=\"elementor-widget-container\">\n\t\t\t\t\t\t\t<div class=\"elementor-spacer\">\n\t\t\t<div class=\"elementor-spacer-inner\"><\/div>\n\t\t<\/div>\n\t\t\t\t\t\t<\/div>\n\t\t\t\t<\/div>\n\t\t\t\t<div class=\"elementor-element elementor-element-74c7229 elementor-widget elementor-widget-heading\" data-id=\"74c7229\" data-element_type=\"widget\" data-e-type=\"widget\" data-widget_type=\"heading.default\">\n\t\t\t\t<div class=\"elementor-widget-container\">\n\t\t\t\t\t<h3 class=\"elementor-heading-title elementor-size-default\">\u00bfPueden ser deportados posteriormente los familiares que han obtenido la reagrupaci\u00f3n familiar?<\/h3>\t\t\t\t<\/div>\n\t\t\t\t<\/div>\n\t\t\t\t<div class=\"elementor-element elementor-element-a006987 color-scheme-inherit text-left elementor-widget elementor-widget-text-editor\" data-id=\"a006987\" data-element_type=\"widget\" data-e-type=\"widget\" data-widget_type=\"text-editor.default\">\n\t\t\t\t<div class=\"elementor-widget-container\">\n\t\t\t\t\t\t\t\t\t<p>S\u00ed, esto es posible en ciertos casos. Aunque la reagrupaci\u00f3n familiar es un procedimiento, los miembros de la familia a\u00fan pueden ser deportados al pa\u00eds de origen.<\/p><p>Esto puede ocurrir por las siguientes razones:<\/p><ul><li><strong>Actividad delictiva grave:<\/strong> si un miembro de la familia es condenado por delitos graves, como cr\u00edmenes violentos, tr\u00e1fico de drogas o terrorismo, puede ser deportado, aunque haya obtenido previamente la reagrupaci\u00f3n familiar.<\/li><li><strong>Violaci\u00f3n de las condiciones de estancia:<\/strong> Los miembros de la familia deben respetar las condiciones de su residencia en el pa\u00eds de acogida. Si violan estas condiciones, por ejemplo trabajando sin los permisos adecuados o abandonando el pa\u00eds durante mucho tiempo sin una raz\u00f3n v\u00e1lida, pueden perder su estatus de residencia.<\/li><li><strong>Seguridad nacional:<\/strong> si existen pruebas de que un miembro de la familia supone una amenaza para la seguridad nacional del pa\u00eds receptor, esto podr\u00eda conducir a la deportaci\u00f3n.<\/li><li><strong>Fraude en el proceso de reagrupaci\u00f3n familiar:<\/strong> si se descubre que se ha cometido fraude durante el proceso de reagrupaci\u00f3n familiar, por ejemplo proporcionando documentos falsos o contrayendo un matrimonio falso, esto puede dar lugar a la revocaci\u00f3n del estatuto de residencia y a la deportaci\u00f3n.<\/li><\/ul><p>Es importante tener en cuenta que la deportaci\u00f3n s\u00f3lo se produce despu\u00e9s de un examen adecuado y de que se hayan seguido las normas legales. Los familiares tienen derecho a oponerse a la deportaci\u00f3n. C\u00f3mo funciona exactamente la deportaci\u00f3n y por qu\u00e9 se produce var\u00eda seg\u00fan el pa\u00eds y las leyes. Si existe una amenaza de deportaci\u00f3n, es inteligente apelar lo antes posible <a href=\"https:\/\/www.derbedrosian.nl\/es\/pongase-en-contacto-con\/\">p\u00f3ngase en contacto con<\/a> con nuestros abogados, que ver\u00e1n qu\u00e9 medidas pueden tomarse para protegerle a usted y a los miembros de su familia.<\/p>\t\t\t\t\t\t\t\t<\/div>\n\t\t\t\t<\/div>\n\t\t\t\t<div class=\"elementor-element elementor-element-8c1263b elementor-widget elementor-widget-spacer\" data-id=\"8c1263b\" data-element_type=\"widget\" data-e-type=\"widget\" data-widget_type=\"spacer.default\">\n\t\t\t\t<div class=\"elementor-widget-container\">\n\t\t\t\t\t\t\t<div class=\"elementor-spacer\">\n\t\t\t<div class=\"elementor-spacer-inner\"><\/div>\n\t\t<\/div>\n\t\t\t\t\t\t<\/div>\n\t\t\t\t<\/div>\n\t\t\t\t<div class=\"elementor-element elementor-element-7431784 elementor-widget elementor-widget-heading\" data-id=\"7431784\" data-element_type=\"widget\" data-e-type=\"widget\" data-widget_type=\"heading.default\">\n\t\t\t\t<div class=\"elementor-widget-container\">\n\t\t\t\t\t<h3 class=\"elementor-heading-title elementor-size-default\">Abogado para la reagrupaci\u00f3n familiar<\/h3>\t\t\t\t<\/div>\n\t\t\t\t<\/div>\n\t\t\t\t<div class=\"elementor-element elementor-element-659509d color-scheme-inherit text-left elementor-widget elementor-widget-text-editor\" data-id=\"659509d\" data-element_type=\"widget\" data-e-type=\"widget\" data-widget_type=\"text-editor.default\">\n\t\t\t\t<div class=\"elementor-widget-container\">\n\t\t\t\t\t\t\t\t\t<p>Los abogados de inmigraci\u00f3n del bufete Der Bedrosian son expertos en el campo de los permisos de residencia y est\u00e1n dispuestos a ayudarle.<\/p><p>Cuando se ponga en contacto con uno de<a href=\"https:\/\/www.derbedrosian.nl\/es\/abogados\/\"> nuestros abogados<\/a> especializados en la <a href=\"https:\/\/www.derbedrosian.nl\/es\/jurisdicciones\/ley-de-inmigracion\/\">ley de inmigraci\u00f3n<\/a>, estar\u00e1n dispuestos a ayudarle a responder a sus preguntas e inquietudes sobre su futuro o el de su ser querido.<\/p><p>As\u00ed que no dude en ponerse en contacto con nosotros para obtener asesoramiento jur\u00eddico gratuito<\/p>\t\t\t\t\t\t\t\t<\/div>\n\t\t\t\t<\/div>\n\t\t\t\t\t<\/div>\n\t\t\t\t<\/div>\n\t\t\t\t<\/div>","protected":false},"excerpt":{"rendered":"<p>Reagrupaci\u00f3n familiar en los Pa\u00edses Bajos: condiciones para la reagrupaci\u00f3n familiar, abogado especializado en reagrupaci\u00f3n familiar, procedimiento de reagrupaci\u00f3n familiar, reagrupaci\u00f3n familiar, condiciones para la reagrupaci\u00f3n familiar, reagrupaci\u00f3n familiar con un ciudadano de un tercer pa\u00eds, abogado especializado en derecho de extranjer\u00eda en Enschede, abogado especializado en derecho de extranjer\u00eda en Overijssel.<\/p>","protected":false},"author":1,"featured_media":0,"parent":10627,"menu_order":0,"comment_status":"closed","ping_status":"closed","template":"","meta":{"footnotes":""},"class_list":["post-10636","page","type-page","status-publish","hentry"],"_links":{"self":[{"href":"https:\/\/www.derbedrosian.nl\/es\/wp-json\/wp\/v2\/pages\/10636","targetHints":{"allow":["GET"]}}],"collection":[{"href":"https:\/\/www.derbedrosian.nl\/es\/wp-json\/wp\/v2\/pages"}],"about":[{"href":"https:\/\/www.derbedrosian.nl\/es\/wp-json\/wp\/v2\/types\/page"}],"author":[{"embeddable":true,"href":"https:\/\/www.derbedrosian.nl\/es\/wp-json\/wp\/v2\/users\/1"}],"replies":[{"embeddable":true,"href":"https:\/\/www.derbedrosian.nl\/es\/wp-json\/wp\/v2\/comments?post=10636"}],"version-history":[{"count":0,"href":"https:\/\/www.derbedrosian.nl\/es\/wp-json\/wp\/v2\/pages\/10636\/revisions"}],"up":[{"embeddable":true,"href":"https:\/\/www.derbedrosian.nl\/es\/wp-json\/wp\/v2\/pages\/10627"}],"wp:attachment":[{"href":"https:\/\/www.derbedrosian.nl\/es\/wp-json\/wp\/v2\/media?parent=10636"}],"curies":[{"name":"wp","href":"https:\/\/api.w.org\/{rel}","templated":true}]}}