{"id":10617,"date":"2023-05-26T11:05:32","date_gmt":"2023-05-26T09:05:32","guid":{"rendered":"https:\/\/derbedrosian.nl\/?page_id=10617"},"modified":"2025-12-21T15:37:20","modified_gmt":"2025-12-21T13:37:20","slug":"ley-sobre-la-transferencia-de-la-ejecucion-de-sentencias-penales-wots","status":"publish","type":"page","link":"https:\/\/www.derbedrosian.nl\/es\/rechtsgebieden\/strafrecht\/wet-overdracht-tenuitvoerlegging-strafvonnis-wots\/","title":{"rendered":"Ley de transferencia de la ejecuci\u00f3n de sentencias penales WOTS"},"content":{"rendered":"<div data-elementor-type=\"wp-page\" data-elementor-id=\"10617\" class=\"elementor elementor-10617\" data-elementor-post-type=\"page\">\n\t\t\t\t<div class=\"wd-negative-gap elementor-element elementor-element-e45b92a e-flex e-con-boxed e-con e-parent\" data-id=\"e45b92a\" data-element_type=\"container\" data-e-type=\"container\">\n\t\t\t\t\t<div class=\"e-con-inner\">\n\t\t\t\t<div class=\"elementor-element elementor-element-c4007e9 elementor-hidden-desktop elementor-hidden-tablet elementor-hidden-mobile elementor-widget elementor-widget-wd_image_or_svg\" data-id=\"c4007e9\" data-element_type=\"widget\" data-e-type=\"widget\" id=\"seo-word\" data-widget_type=\"wd_image_or_svg.default\">\n\t\t\t\t<div class=\"elementor-widget-container\">\n\t\t\t\t\t\n\t\t<div class=\"wd-image text-left\">\n\t\t\t\t\t\t\t\t<img loading=\"lazy\" decoding=\"async\" width=\"1000\" height=\"667\" src=\"https:\/\/www.derbedrosian.nl\/wp-content\/uploads\/rechtsgebied-wet-overdracht-tenuitvoerlegging-strafvonnis-wots.jpg\" class=\"attachment-full size-full\" alt=\"Transferencia de la Ley de Ejecuci\u00f3n de Sentencias Penales WOTS abogado sentencia polic\u00eda\" srcset=\"https:\/\/www.derbedrosian.nl\/wp-content\/uploads\/rechtsgebied-wet-overdracht-tenuitvoerlegging-strafvonnis-wots.jpg 1000w, https:\/\/www.derbedrosian.nl\/wp-content\/uploads\/rechtsgebied-wet-overdracht-tenuitvoerlegging-strafvonnis-wots-400x267.jpg 400w, https:\/\/www.derbedrosian.nl\/wp-content\/uploads\/rechtsgebied-wet-overdracht-tenuitvoerlegging-strafvonnis-wots-768x512.jpg 768w\" sizes=\"auto, (max-width: 1000px) 100vw, 1000px\" title=\"\">\t\t\t\t\t<\/div>\n\n\t\t\t\t\t\t<\/div>\n\t\t\t\t<\/div>\n\t\t\t\t<div class=\"elementor-element elementor-element-5b489f5 elementor-hidden-desktop elementor-hidden-tablet elementor-hidden-mobile elementor-widget elementor-widget-heading\" data-id=\"5b489f5\" data-element_type=\"widget\" data-e-type=\"widget\" id=\"seo-word\" data-widget_type=\"heading.default\">\n\t\t\t\t<div class=\"elementor-widget-container\">\n\t\t\t\t\t<h2 class=\"elementor-heading-title elementor-size-default\">WOTS<\/h2>\t\t\t\t<\/div>\n\t\t\t\t<\/div>\n\t\t\t\t<div class=\"elementor-element elementor-element-45209de elementor-hidden-desktop elementor-hidden-tablet elementor-hidden-mobile elementor-widget elementor-widget-heading\" data-id=\"45209de\" data-element_type=\"widget\" data-e-type=\"widget\" id=\"seo-word\" data-widget_type=\"heading.default\">\n\t\t\t\t<div class=\"elementor-widget-container\">\n\t\t\t\t\t<h5 class=\"elementor-heading-title elementor-size-default\">WETS<\/h5>\t\t\t\t<\/div>\n\t\t\t\t<\/div>\n\t\t\t\t<div class=\"elementor-element elementor-element-d1cb32f elementor-hidden-desktop elementor-hidden-tablet elementor-hidden-mobile elementor-widget elementor-widget-heading\" data-id=\"d1cb32f\" data-element_type=\"widget\" data-e-type=\"widget\" id=\"seo-word\" data-widget_type=\"heading.default\">\n\t\t\t\t<div class=\"elementor-widget-container\">\n\t\t\t\t\t<h5 class=\"elementor-heading-title elementor-size-default\">Pena de deportaci\u00f3n en los Pa\u00edses Bajos<\/h5>\t\t\t\t<\/div>\n\t\t\t\t<\/div>\n\t\t\t\t<div class=\"elementor-element elementor-element-64c4abc elementor-hidden-desktop elementor-hidden-tablet elementor-hidden-mobile elementor-widget elementor-widget-heading\" data-id=\"64c4abc\" data-element_type=\"widget\" data-e-type=\"widget\" id=\"seo-word\" data-widget_type=\"heading.default\">\n\t\t\t\t<div class=\"elementor-widget-container\">\n\t\t\t\t\t<h5 class=\"elementor-heading-title elementor-size-default\">Abogado de WOTS <\/h5>\t\t\t\t<\/div>\n\t\t\t\t<\/div>\n\t\t\t\t<div class=\"elementor-element elementor-element-dea43dd elementor-hidden-desktop elementor-hidden-tablet elementor-hidden-mobile elementor-widget elementor-widget-heading\" data-id=\"dea43dd\" data-element_type=\"widget\" data-e-type=\"widget\" id=\"seo-word\" data-widget_type=\"heading.default\">\n\t\t\t\t<div class=\"elementor-widget-container\">\n\t\t\t\t\t<h5 class=\"elementor-heading-title elementor-size-default\">Abogado de WETS<\/h5>\t\t\t\t<\/div>\n\t\t\t\t<\/div>\n\t\t\t\t<div class=\"elementor-element elementor-element-347c889 elementor-hidden-desktop elementor-hidden-tablet elementor-hidden-mobile elementor-widget elementor-widget-heading\" data-id=\"347c889\" data-element_type=\"widget\" data-e-type=\"widget\" id=\"seo-word\" data-widget_type=\"heading.default\">\n\t\t\t\t<div class=\"elementor-widget-container\">\n\t\t\t\t\t<h5 class=\"elementor-heading-title elementor-size-default\">en el marco de la ley de la ue sobre el traslado de la ejecuci\u00f3n de sentencias penales hoja informativa para presos holandeses en el extranjero<\/h5>\t\t\t\t<\/div>\n\t\t\t\t<\/div>\n\t\t\t\t<div class=\"elementor-element elementor-element-536775c elementor-hidden-desktop elementor-hidden-tablet elementor-hidden-mobile elementor-widget elementor-widget-heading\" data-id=\"536775c\" data-element_type=\"widget\" data-e-type=\"widget\" id=\"seo-word\" data-widget_type=\"heading.default\">\n\t\t\t\t<div class=\"elementor-widget-container\">\n\t\t\t\t\t<h5 class=\"elementor-heading-title elementor-size-default\">abogado penalista enschede<\/h5>\t\t\t\t<\/div>\n\t\t\t\t<\/div>\n\t\t\t\t<div class=\"elementor-element elementor-element-434f3f3 elementor-hidden-desktop elementor-hidden-tablet elementor-hidden-mobile elementor-widget elementor-widget-heading\" data-id=\"434f3f3\" data-element_type=\"widget\" data-e-type=\"widget\" id=\"seo-word\" data-widget_type=\"heading.default\">\n\t\t\t\t<div class=\"elementor-widget-container\">\n\t\t\t\t\t<h5 class=\"elementor-heading-title elementor-size-default\">derecho penal enschede<\/h5>\t\t\t\t<\/div>\n\t\t\t\t<\/div>\n\t\t\t\t<div class=\"elementor-element elementor-element-32f7150 elementor-hidden-desktop elementor-hidden-tablet elementor-hidden-mobile elementor-widget elementor-widget-heading\" data-id=\"32f7150\" data-element_type=\"widget\" data-e-type=\"widget\" id=\"seo-word\" data-widget_type=\"heading.default\">\n\t\t\t\t<div class=\"elementor-widget-container\">\n\t\t\t\t\t<h5 class=\"elementor-heading-title elementor-size-default\">abogado derecho penal enschede<\/h5>\t\t\t\t<\/div>\n\t\t\t\t<\/div>\n\t\t\t\t<div class=\"elementor-element elementor-element-cc2b103 elementor-hidden-desktop elementor-hidden-tablet elementor-hidden-mobile elementor-widget elementor-widget-heading\" data-id=\"cc2b103\" data-element_type=\"widget\" data-e-type=\"widget\" id=\"seo-word\" data-widget_type=\"heading.default\">\n\t\t\t\t<div class=\"elementor-widget-container\">\n\t\t\t\t\t<h5 class=\"elementor-heading-title elementor-size-default\">abogado derecho penal overijssel<\/h5>\t\t\t\t<\/div>\n\t\t\t\t<\/div>\n\t\t\t\t<div class=\"elementor-element elementor-element-e8a948e elementor-hidden-desktop elementor-hidden-tablet elementor-hidden-mobile elementor-widget elementor-widget-heading\" data-id=\"e8a948e\" data-element_type=\"widget\" data-e-type=\"widget\" id=\"seo-word\" data-widget_type=\"heading.default\">\n\t\t\t\t<div class=\"elementor-widget-container\">\n\t\t\t\t\t<h5 class=\"elementor-heading-title elementor-size-default\">La Ley de Transferencia de la Ejecuci\u00f3n de Sentencias Penales (WOTS, por sus siglas en ingl\u00e9s) y la Ley de Reconocimiento Mutuo y Ejecuci\u00f3n de Sanciones Privativas de Libertad (WETS, por sus siglas en ingl\u00e9s) son cruciales para la transferencia penal internacional. Los abogados penalistas desempe\u00f1an un papel esencial en este proceso. Asesoran a los clientes sobre las posibilidades y requisitos, presentan las solicitudes y defienden sus derechos. El proceso comienza con una solicitud cuidadosamente presentada, revisada por las autoridades judiciales y diplom\u00e1ticas. Los abogados garantizan un curso de acci\u00f3n legal, ofrecen asistencia y pueden presentar recursos si es necesario. En resumen, estas leyes constituyen la base de los traslados penales internacionales, y los abogados penalistas desempe\u00f1an un papel indispensable en la protecci\u00f3n de los intereses de sus clientes en este complejo proceso legal.<\/h5>\t\t\t\t<\/div>\n\t\t\t\t<\/div>\n\t\t\t\t<div class=\"elementor-element elementor-element-8c0dd12 color-scheme-inherit text-left elementor-widget elementor-widget-text-editor\" data-id=\"8c0dd12\" data-element_type=\"widget\" data-e-type=\"widget\" data-widget_type=\"text-editor.default\">\n\t\t\t\t<div class=\"elementor-widget-container\">\n\t\t\t\t\t\t\t\t\t<p><strong>La Ley de Transferencia de Ejecuci\u00f3n de Sentencias Penales (WOTS) y la Ley de Reconocimiento Mutuo y Ejecuci\u00f3n de Sanciones Privativas de Libertad y Condicionales (WETS), son dos leyes que tratan sobre la transferencia de sentencias entre pa\u00edses. Estas leyes ofrecen opciones para situaciones espec\u00edficas relativas a condenas penales en el extranjero. A continuaci\u00f3n veremos qu\u00e9 implican estas leyes y c\u00f3mo se aplican en los Pa\u00edses Bajos.<\/strong><\/p>\t\t\t\t\t\t\t\t<\/div>\n\t\t\t\t<\/div>\n\t\t\t\t<div class=\"elementor-element elementor-element-824ced2 elementor-widget elementor-widget-spacer\" data-id=\"824ced2\" data-element_type=\"widget\" data-e-type=\"widget\" data-widget_type=\"spacer.default\">\n\t\t\t\t<div class=\"elementor-widget-container\">\n\t\t\t\t\t\t\t<div class=\"elementor-spacer\">\n\t\t\t<div class=\"elementor-spacer-inner\"><\/div>\n\t\t<\/div>\n\t\t\t\t\t\t<\/div>\n\t\t\t\t<\/div>\n\t\t\t\t<div class=\"elementor-element elementor-element-f1492d9 elementor-widget elementor-widget-heading\" data-id=\"f1492d9\" data-element_type=\"widget\" data-e-type=\"widget\" data-widget_type=\"heading.default\">\n\t\t\t\t<div class=\"elementor-widget-container\">\n\t\t\t\t\t<h3 class=\"elementor-heading-title elementor-size-default\">\u00bfQu\u00e9 es WETS y WOTS?<\/h3>\t\t\t\t<\/div>\n\t\t\t\t<\/div>\n\t\t\t\t<div class=\"elementor-element elementor-element-62e202b color-scheme-inherit text-left elementor-widget elementor-widget-text-editor\" data-id=\"62e202b\" data-element_type=\"widget\" data-e-type=\"widget\" data-widget_type=\"text-editor.default\">\n\t\t\t\t<div class=\"elementor-widget-container\">\n\t\t\t\t\t\t\t\t\t<p>WETS y WOTS son dos leyes neerlandesas que tratan de la transferencia de condenas entre pa\u00edses. Estas leyes regulan la posibilidad de que los ciudadanos holandeses cumplan sus condenas en Holanda si han sido condenados en el extranjero. A continuaci\u00f3n le explicamos qu\u00e9 significan ambas leyes.<\/p><p><strong>Ley de reconocimiento mutuo y ejecuci\u00f3n de penas privativas de libertad y condenas condicionales (WETS):<\/strong><\/p><ul><li>Aplicable a condenas en pa\u00edses no pertenecientes a la UE.<\/li><li>Permite a los ciudadanos neerlandeses cumplir sus condenas en los Pa\u00edses Bajos bajo ciertas condiciones.<\/li><li>Su objetivo es proteger los derechos del condenado y garantizar una ejecuci\u00f3n humana de la pena.<\/li><li>El proceso de transferencia de penas en el marco del WETS requiere procedimientos legales y acuerdos diplom\u00e1ticos entre pa\u00edses.<\/li><\/ul><p><strong>Transferencia de la Ley de Ejecuci\u00f3n de Sentencias Penales (WOTS):<\/strong><\/p><ul><li>Aplicable a condenas en pa\u00edses de la UE.<\/li><li>Permite a los ciudadanos neerlandeses solicitar cumplir su condena en los Pa\u00edses Bajos.<br \/>Esto puede tener ventajas como la proximidad a la familia y los amigos, el acceso a los programas penitenciarios holandeses y la preparaci\u00f3n para la reintegraci\u00f3n en la sociedad holandesa.<\/li><li>El proceso de transferencia de sentencias en el marco del WOTS tambi\u00e9n requiere procedimientos legales y acuerdos entre pa\u00edses, pero se centra en los pa\u00edses de la UE.<\/li><li>Ambas leyes ofrecen una opci\u00f3n importante a los ciudadanos neerlandeses que han sido condenados en el extranjero y desean cumplir su condena m\u00e1s cerca de su pa\u00eds. Es aconsejable buscar asesoramiento jur\u00eddico y comprender las condiciones y procedimientos espec\u00edficos si se encuentra en esta situaci\u00f3n.<\/li><\/ul>\t\t\t\t\t\t\t\t<\/div>\n\t\t\t\t<\/div>\n\t\t\t\t<div class=\"elementor-element elementor-element-4a656bf elementor-widget elementor-widget-spacer\" data-id=\"4a656bf\" data-element_type=\"widget\" data-e-type=\"widget\" data-widget_type=\"spacer.default\">\n\t\t\t\t<div class=\"elementor-widget-container\">\n\t\t\t\t\t\t\t<div class=\"elementor-spacer\">\n\t\t\t<div class=\"elementor-spacer-inner\"><\/div>\n\t\t<\/div>\n\t\t\t\t\t\t<\/div>\n\t\t\t\t<\/div>\n\t\t\t\t<div class=\"elementor-element elementor-element-b144de2 elementor-widget elementor-widget-heading\" data-id=\"b144de2\" data-element_type=\"widget\" data-e-type=\"widget\" data-widget_type=\"heading.default\">\n\t\t\t\t<div class=\"elementor-widget-container\">\n\t\t\t\t\t<h3 class=\"elementor-heading-title elementor-size-default\">\u00bfCu\u00e1les son las ventajas de un procedimiento WETS o WOTS?\n<\/h3>\t\t\t\t<\/div>\n\t\t\t\t<\/div>\n\t\t\t\t<div class=\"elementor-element elementor-element-58cdfcb color-scheme-inherit text-left elementor-widget elementor-widget-text-editor\" data-id=\"58cdfcb\" data-element_type=\"widget\" data-e-type=\"widget\" data-widget_type=\"text-editor.default\">\n\t\t\t\t<div class=\"elementor-widget-container\">\n\t\t\t\t\t\t\t\t\t<p>Los procedimientos WETS y WOTS ofrecen ventajas tanto al pa\u00eds que dicta la sentencia como a los Pa\u00edses Bajos.<\/p><ul><li><strong>Responsabilidad: <\/strong>Para el pa\u00eds que impuso la condena, significa que ya no son responsables del condenado. Esto reduce la carga de su sistema penitenciario y les permite centrarse en otros aspectos de su sistema judicial.<\/li><li><strong>Reintegraci\u00f3n reforzada:<\/strong> Para los Pa\u00edses Bajos, este procedimiento tiene la ventaja de que el condenado puede permanecer en contacto con la sociedad neerlandesa durante su condena, lo que contribuye a su reinserci\u00f3n una vez cumplida la pena. Reduce el riesgo de reincidencia y es, por tanto, un proceso que puede beneficiar tanto al condenado como a la sociedad en su conjunto.<\/li><\/ul>\t\t\t\t\t\t\t\t<\/div>\n\t\t\t\t<\/div>\n\t\t\t\t<div class=\"elementor-element elementor-element-a48c189 elementor-widget elementor-widget-spacer\" data-id=\"a48c189\" data-element_type=\"widget\" data-e-type=\"widget\" data-widget_type=\"spacer.default\">\n\t\t\t\t<div class=\"elementor-widget-container\">\n\t\t\t\t\t\t\t<div class=\"elementor-spacer\">\n\t\t\t<div class=\"elementor-spacer-inner\"><\/div>\n\t\t<\/div>\n\t\t\t\t\t\t<\/div>\n\t\t\t\t<\/div>\n\t\t\t\t<div class=\"elementor-element elementor-element-e6df5cf elementor-widget elementor-widget-heading\" data-id=\"e6df5cf\" data-element_type=\"widget\" data-e-type=\"widget\" data-widget_type=\"heading.default\">\n\t\t\t\t<div class=\"elementor-widget-container\">\n\t\t\t\t\t<h3 class=\"elementor-heading-title elementor-size-default\">\u00bfQu\u00e9 condiciones se aplican a un WOTS?<\/h3>\t\t\t\t<\/div>\n\t\t\t\t<\/div>\n\t\t\t\t<div class=\"elementor-element elementor-element-68f8e27 color-scheme-inherit text-left elementor-widget elementor-widget-text-editor\" data-id=\"68f8e27\" data-element_type=\"widget\" data-e-type=\"widget\" data-widget_type=\"text-editor.default\">\n\t\t\t\t<div class=\"elementor-widget-container\">\n\t\t\t\t\t\t\t\t\t<p>El WOTS se aplica cuando se cumplen las siguientes condiciones:<\/p><ul><li>Pa\u00edses no europeos que han firmado con los Pa\u00edses Bajos el Convenio sobre el traslado de personas condenadas.<\/li><li>Pa\u00edses de Europa con los que los Pa\u00edses Bajos han suscrito tratados WOTS separados.<\/li><li>Pa\u00edses de la Uni\u00f3n Europea que a\u00fan no han aplicado a nivel nacional las nuevas normas europeas sobre transferencia de penas. Para poder acogerse a la transferencia de penas en virtud del WOTS, deben cumplirse ciertas condiciones:<\/li><li>Debe existir un tratado bilateral sobre transferencia de sentencias entre los Pa\u00edses Bajos y el pa\u00eds receptor.<\/li><li>Debe tener v\u00ednculos demostrables con el pa\u00eds receptor, como nacionalidad, residencia, trabajo, estudios o lazos familiares en los Pa\u00edses Bajos.<\/li><\/ul><p>Una vez que la sentencia se transfiere y ejecuta en los Pa\u00edses Bajos, se considera como una sentencia impuesta en los Pa\u00edses Bajos, por lo que las leyes y reglamentos holandeses son aplicables durante el periodo de condena.<\/p>\t\t\t\t\t\t\t\t<\/div>\n\t\t\t\t<\/div>\n\t\t\t\t<div class=\"elementor-element elementor-element-1f90f67 elementor-widget elementor-widget-spacer\" data-id=\"1f90f67\" data-element_type=\"widget\" data-e-type=\"widget\" data-widget_type=\"spacer.default\">\n\t\t\t\t<div class=\"elementor-widget-container\">\n\t\t\t\t\t\t\t<div class=\"elementor-spacer\">\n\t\t\t<div class=\"elementor-spacer-inner\"><\/div>\n\t\t<\/div>\n\t\t\t\t\t\t<\/div>\n\t\t\t\t<\/div>\n\t\t\t\t<div class=\"elementor-element elementor-element-f8f32db elementor-widget elementor-widget-heading\" data-id=\"f8f32db\" data-element_type=\"widget\" data-e-type=\"widget\" data-widget_type=\"heading.default\">\n\t\t\t\t<div class=\"elementor-widget-container\">\n\t\t\t\t\t<h3 class=\"elementor-heading-title elementor-size-default\">\u00bfC\u00f3mo es el procedimiento de un WOTS?<\/h3>\t\t\t\t<\/div>\n\t\t\t\t<\/div>\n\t\t\t\t<div class=\"elementor-element elementor-element-be9326d color-scheme-inherit text-left elementor-widget elementor-widget-text-editor\" data-id=\"be9326d\" data-element_type=\"widget\" data-e-type=\"widget\" data-widget_type=\"text-editor.default\">\n\t\t\t\t<div class=\"elementor-widget-container\">\n\t\t\t\t\t\t\t\t\t<p>A continuaci\u00f3n enumeramos los pasos clave. Es aconsejable contratar a un abogado penalista con experiencia cuando se encuentre en una situaci\u00f3n en la que se est\u00e9 considerando el traslado penal.<\/p><p>Encontrar al abogado adecuado con experiencia en derecho penal es de suma importancia para proteger sus intereses y ayudarle a presentar la petici\u00f3n de ejecuci\u00f3n definitiva de sentencia.\u00a0<\/p><ul><li><strong>Presentar una solicitud:<\/strong> el condenado debe presentar personalmente una solicitud para cumplir su condena en otro pa\u00eds o para que su condena sea transferida a los Pa\u00edses Bajos. Realizar esta solicitud correctamente es un paso importante en el proceso.<\/li><li><strong>Condiciones y requisitos:<\/strong> El proceso WOTS tiene normas espec\u00edficas que deben cumplirse. \u00c9stas pueden variar en funci\u00f3n del pa\u00eds de que se trate y del tipo de delito. Es esencial seguir estas normas para poder optar a la transferencia de la pena.<\/li><li><strong>Evaluaci\u00f3n y decisi\u00f3n:<\/strong> Una vez presentada la solicitud, las autoridades competentes, como la fiscal\u00eda, la examinan detenidamente. Examinan aspectos como la naturaleza del delito, la duraci\u00f3n de la condena y si el pa\u00eds que va a ejecutar la pena est\u00e1 de acuerdo. Esta revisi\u00f3n ayuda a garantizar que el traslado cumple la ley y los acuerdos internacionales.<\/li><li><strong>Aplicaci\u00f3n del castigo:<\/strong> si la solicitud es aprobada, la sentencia ser\u00e1 transferida al pa\u00eds receptor, donde el condenado cumplir\u00e1 su condena de acuerdo con las leyes y procedimientos de ese pa\u00eds. El pa\u00eds receptor es responsable del traslado posterior de la condena, incluida la detenci\u00f3n, el asesoramiento y la supervisi\u00f3n. El condenado deber\u00e1 cumplir las normas y reglamentos del pa\u00eds receptor durante el periodo de condena.<\/li><\/ul>\t\t\t\t\t\t\t\t<\/div>\n\t\t\t\t<\/div>\n\t\t\t\t<div class=\"elementor-element elementor-element-0d8f96f elementor-widget elementor-widget-spacer\" data-id=\"0d8f96f\" data-element_type=\"widget\" data-e-type=\"widget\" data-widget_type=\"spacer.default\">\n\t\t\t\t<div class=\"elementor-widget-container\">\n\t\t\t\t\t\t\t<div class=\"elementor-spacer\">\n\t\t\t<div class=\"elementor-spacer-inner\"><\/div>\n\t\t<\/div>\n\t\t\t\t\t\t<\/div>\n\t\t\t\t<\/div>\n\t\t\t\t<div class=\"elementor-element elementor-element-d656ffd elementor-widget elementor-widget-heading\" data-id=\"d656ffd\" data-element_type=\"widget\" data-e-type=\"widget\" data-widget_type=\"heading.default\">\n\t\t\t\t<div class=\"elementor-widget-container\">\n\t\t\t\t\t<h3 class=\"elementor-heading-title elementor-size-default\">WOTS \/ WETS abogado        <\/h3>\t\t\t\t<\/div>\n\t\t\t\t<\/div>\n\t\t\t\t<div class=\"elementor-element elementor-element-a3e5237 color-scheme-inherit text-left elementor-widget elementor-widget-text-editor\" data-id=\"a3e5237\" data-element_type=\"widget\" data-e-type=\"widget\" data-widget_type=\"text-editor.default\">\n\t\t\t\t<div class=\"elementor-widget-container\">\n\t\t\t\t\t\t\t\t\t<p>El proceso comienza con una solicitud en el pa\u00eds donde se impuso la condena y contin\u00faa una vez que esta solicitud se tramita y aprueba en los Pa\u00edses Bajos. En ese momento, un abogado puede serle de utilidad.<br \/>En el bufete de abogados Derbedrosian, tenemos amplia experiencia en <a href=\"https:\/\/www.derbedrosian.nl\/es\/jurisdicciones\/derecho-penal\/\">derecho penal<\/a> y, por lo tanto, podemos ayudarle en los procedimientos WOTS y WETS. As\u00ed que no dude en ponerse en contacto con nosotros y le pondremos en contacto con uno de nuestros <a href=\"https:\/\/www.derbedrosian.nl\/es\/abogados\/\">abogados especializados.<\/a><\/p>\t\t\t\t\t\t\t\t<\/div>\n\t\t\t\t<\/div>\n\t\t\t\t\t<\/div>\n\t\t\t\t<\/div>\n\t\t\t\t<\/div>","protected":false},"excerpt":{"rendered":"<p>WOTS WETS ejecuci\u00f3n de penas en los Pa\u00edses Bajos WOTS abogado WETS abogado dentro de la UE ley transferencia ejecuci\u00f3n sentencias penales hoja informativa para los Pa\u00edses Bajos<\/p>","protected":false},"author":1,"featured_media":0,"parent":10047,"menu_order":0,"comment_status":"closed","ping_status":"closed","template":"","meta":{"footnotes":""},"class_list":["post-10617","page","type-page","status-publish","hentry"],"_links":{"self":[{"href":"https:\/\/www.derbedrosian.nl\/es\/wp-json\/wp\/v2\/pages\/10617","targetHints":{"allow":["GET"]}}],"collection":[{"href":"https:\/\/www.derbedrosian.nl\/es\/wp-json\/wp\/v2\/pages"}],"about":[{"href":"https:\/\/www.derbedrosian.nl\/es\/wp-json\/wp\/v2\/types\/page"}],"author":[{"embeddable":true,"href":"https:\/\/www.derbedrosian.nl\/es\/wp-json\/wp\/v2\/users\/1"}],"replies":[{"embeddable":true,"href":"https:\/\/www.derbedrosian.nl\/es\/wp-json\/wp\/v2\/comments?post=10617"}],"version-history":[{"count":0,"href":"https:\/\/www.derbedrosian.nl\/es\/wp-json\/wp\/v2\/pages\/10617\/revisions"}],"up":[{"embeddable":true,"href":"https:\/\/www.derbedrosian.nl\/es\/wp-json\/wp\/v2\/pages\/10047"}],"wp:attachment":[{"href":"https:\/\/www.derbedrosian.nl\/es\/wp-json\/wp\/v2\/media?parent=10617"}],"curies":[{"name":"wp","href":"https:\/\/api.w.org\/{rel}","templated":true}]}}