{"id":10612,"date":"2023-05-26T11:04:15","date_gmt":"2023-05-26T09:04:15","guid":{"rendered":"https:\/\/derbedrosian.nl\/?page_id=10612"},"modified":"2025-12-21T15:22:57","modified_gmt":"2025-12-21T13:22:57","slug":"demanda-de-ejecucion-de-condena-condicional","status":"publish","type":"page","link":"https:\/\/www.derbedrosian.nl\/es\/rechtsgebieden\/strafrecht\/vordering-tenuitvoerlegging-voorwaardelijke-straf\/","title":{"rendered":"Demanda de ejecuci\u00f3n de condena condicional"},"content":{"rendered":"<div data-elementor-type=\"wp-page\" data-elementor-id=\"10612\" class=\"elementor elementor-10612\" data-elementor-post-type=\"page\">\n\t\t\t\t<div class=\"wd-negative-gap elementor-element elementor-element-d5c972d e-flex e-con-boxed e-con e-parent\" data-id=\"d5c972d\" data-element_type=\"container\" data-e-type=\"container\">\n\t\t\t\t\t<div class=\"e-con-inner\">\n\t\t\t\t<div class=\"elementor-element elementor-element-bebecf5 elementor-hidden-desktop elementor-hidden-tablet elementor-hidden-mobile elementor-widget elementor-widget-wd_image_or_svg\" data-id=\"bebecf5\" data-element_type=\"widget\" data-e-type=\"widget\" id=\"seo-word\" data-widget_type=\"wd_image_or_svg.default\">\n\t\t\t\t<div class=\"elementor-widget-container\">\n\t\t\t\t\t\n\t\t<div class=\"wd-image text-left\">\n\t\t\t\t\t\t\t\t<img loading=\"lazy\" decoding=\"async\" width=\"1000\" height=\"667\" src=\"https:\/\/www.derbedrosian.nl\/wp-content\/uploads\/rechtsgebied-vordering-tenuitvoerlegging-voorwaardelijke-straf.jpg\" class=\"attachment-full size-full\" alt=\"demanda ejecuci\u00f3n condena condicional abogado fiscal juez\" srcset=\"https:\/\/www.derbedrosian.nl\/wp-content\/uploads\/rechtsgebied-vordering-tenuitvoerlegging-voorwaardelijke-straf.jpg 1000w, https:\/\/www.derbedrosian.nl\/wp-content\/uploads\/rechtsgebied-vordering-tenuitvoerlegging-voorwaardelijke-straf-400x267.jpg 400w, https:\/\/www.derbedrosian.nl\/wp-content\/uploads\/rechtsgebied-vordering-tenuitvoerlegging-voorwaardelijke-straf-768x512.jpg 768w\" sizes=\"auto, (max-width: 1000px) 100vw, 1000px\" title=\"\">\t\t\t\t\t<\/div>\n\n\t\t\t\t\t\t<\/div>\n\t\t\t\t<\/div>\n\t\t\t\t<div class=\"elementor-element elementor-element-5a74c16 elementor-hidden-desktop elementor-hidden-tablet elementor-hidden-mobile elementor-widget elementor-widget-heading\" data-id=\"5a74c16\" data-element_type=\"widget\" data-e-type=\"widget\" id=\"seo-word\" data-widget_type=\"heading.default\">\n\t\t\t\t<div class=\"elementor-widget-container\">\n\t\t\t\t\t<h2 class=\"elementor-heading-title elementor-size-default\"> \u00bfqu\u00e9 es una demanda de ejecuci\u00f3n de condena suspendida?<\/h2>\t\t\t\t<\/div>\n\t\t\t\t<\/div>\n\t\t\t\t<div class=\"elementor-element elementor-element-b0bf5ac elementor-hidden-desktop elementor-hidden-tablet elementor-hidden-mobile elementor-widget elementor-widget-heading\" data-id=\"b0bf5ac\" data-element_type=\"widget\" data-e-type=\"widget\" id=\"seo-word\" data-widget_type=\"heading.default\">\n\t\t\t\t<div class=\"elementor-widget-container\">\n\t\t\t\t\t<h5 class=\"elementor-heading-title elementor-size-default\">Abogado Reclamaci\u00f3n de ejecuci\u00f3n de condena condicional<\/h5>\t\t\t\t<\/div>\n\t\t\t\t<\/div>\n\t\t\t\t<div class=\"elementor-element elementor-element-b8554c4 elementor-hidden-desktop elementor-hidden-tablet elementor-hidden-mobile elementor-widget elementor-widget-heading\" data-id=\"b8554c4\" data-element_type=\"widget\" data-e-type=\"widget\" id=\"seo-word\" data-widget_type=\"heading.default\">\n\t\t\t\t<div class=\"elementor-widget-container\">\n\t\t\t\t\t<h5 class=\"elementor-heading-title elementor-size-default\">derecho penal enschede<\/h5>\t\t\t\t<\/div>\n\t\t\t\t<\/div>\n\t\t\t\t<div class=\"elementor-element elementor-element-05d1f41 elementor-hidden-desktop elementor-hidden-tablet elementor-hidden-mobile elementor-widget elementor-widget-heading\" data-id=\"05d1f41\" data-element_type=\"widget\" data-e-type=\"widget\" id=\"seo-word\" data-widget_type=\"heading.default\">\n\t\t\t\t<div class=\"elementor-widget-container\">\n\t\t\t\t\t<h5 class=\"elementor-heading-title elementor-size-default\">abogado derecho penal enschede<\/h5>\t\t\t\t<\/div>\n\t\t\t\t<\/div>\n\t\t\t\t<div class=\"elementor-element elementor-element-7957013 elementor-hidden-desktop elementor-hidden-tablet elementor-hidden-mobile elementor-widget elementor-widget-heading\" data-id=\"7957013\" data-element_type=\"widget\" data-e-type=\"widget\" id=\"seo-word\" data-widget_type=\"heading.default\">\n\t\t\t\t<div class=\"elementor-widget-container\">\n\t\t\t\t\t<h5 class=\"elementor-heading-title elementor-size-default\">abogado derecho penal overijssel<\/h5>\t\t\t\t<\/div>\n\t\t\t\t<\/div>\n\t\t\t\t<div class=\"elementor-element elementor-element-6456930 elementor-hidden-desktop elementor-hidden-tablet elementor-hidden-mobile elementor-widget elementor-widget-heading\" data-id=\"6456930\" data-element_type=\"widget\" data-e-type=\"widget\" id=\"seo-word\" data-widget_type=\"heading.default\">\n\t\t\t\t<div class=\"elementor-widget-container\">\n\t\t\t\t\t<h5 class=\"elementor-heading-title elementor-size-default\">abogado penalista enschede<\/h5>\t\t\t\t<\/div>\n\t\t\t\t<\/div>\n\t\t\t\t<div class=\"elementor-element elementor-element-e6347a7 elementor-hidden-desktop elementor-hidden-tablet elementor-hidden-mobile elementor-widget elementor-widget-heading\" data-id=\"e6347a7\" data-element_type=\"widget\" data-e-type=\"widget\" id=\"seo-word\" data-widget_type=\"heading.default\">\n\t\t\t\t<div class=\"elementor-widget-container\">\n\t\t\t\t\t<h5 class=\"elementor-heading-title elementor-size-default\">notificaci\u00f3n de objeci\u00f3n reclamando la ejecuci\u00f3n de la condena suspendida<\/h5>\t\t\t\t<\/div>\n\t\t\t\t<\/div>\n\t\t\t\t<div class=\"elementor-element elementor-element-3b0f6c2 elementor-hidden-desktop elementor-hidden-tablet elementor-hidden-mobile elementor-widget elementor-widget-heading\" data-id=\"3b0f6c2\" data-element_type=\"widget\" data-e-type=\"widget\" id=\"seo-word\" data-widget_type=\"heading.default\">\n\t\t\t\t<div class=\"elementor-widget-container\">\n\t\t\t\t\t<h5 class=\"elementor-heading-title elementor-size-default\">En Enschede y Overijssel, puede contar con los expertos abogados penalistas de Derbedrosian Abogados Penalistas. Nuestros abogados en Enschede est\u00e1n especializados en casos penales y ofrecen asistencia jur\u00eddica profesional.\n\nUna demanda de ejecuci\u00f3n de una condena suspendida es un procedimiento jur\u00eddico por el que se solicita que se siga ejecutando la condena suspendida impuesta. Esto puede ocurrir si el condenado no ha cumplido las condiciones impuestas.\n\nSi se enfrenta a una demanda de ejecuci\u00f3n de una condena suspendida, es fundamental que solicite asistencia jur\u00eddica. Nuestros abogados en Enschede est\u00e1n a su disposici\u00f3n para asesorarle y representar sus intereses en dicho procedimiento judicial.\n\nSi necesita un abogado especializado en demandas de ejecuci\u00f3n de penas suspendidas, no dude en ponerse en contacto con Derbedrosian Abogados Penalistas. Estamos aqu\u00ed para ayudarle y llevar su caso.<\/h5>\t\t\t\t<\/div>\n\t\t\t\t<\/div>\n\t\t\t\t<div class=\"elementor-element elementor-element-13b61a7 color-scheme-inherit text-left elementor-widget elementor-widget-text-editor\" data-id=\"13b61a7\" data-element_type=\"widget\" data-e-type=\"widget\" data-widget_type=\"text-editor.default\">\n\t\t\t\t<div class=\"elementor-widget-container\">\n\t\t\t\t\t\t\t\t\t<p><strong>Las solicitudes de ejecuci\u00f3n de penas suspendidas en los Pa\u00edses Bajos son una parte importante del derecho penal. En estos casos, el fiscal o el ministerio p\u00fablico, pueden solicitar al tribunal que convierta la condena suspendida en una condena efectiva. Este proceso est\u00e1 dise\u00f1ado para garantizar el cumplimiento de las condiciones y hacer cumplir la justicia dentro del derecho penal holand\u00e9s.<\/strong><\/p>\t\t\t\t\t\t\t\t<\/div>\n\t\t\t\t<\/div>\n\t\t\t\t<div class=\"elementor-element elementor-element-ff19e35 elementor-widget elementor-widget-spacer\" data-id=\"ff19e35\" data-element_type=\"widget\" data-e-type=\"widget\" data-widget_type=\"spacer.default\">\n\t\t\t\t<div class=\"elementor-widget-container\">\n\t\t\t\t\t\t\t<div class=\"elementor-spacer\">\n\t\t\t<div class=\"elementor-spacer-inner\"><\/div>\n\t\t<\/div>\n\t\t\t\t\t\t<\/div>\n\t\t\t\t<\/div>\n\t\t\t\t<div class=\"elementor-element elementor-element-b45c127 elementor-widget elementor-widget-heading\" data-id=\"b45c127\" data-element_type=\"widget\" data-e-type=\"widget\" data-widget_type=\"heading.default\">\n\t\t\t\t<div class=\"elementor-widget-container\">\n\t\t\t\t\t<h3 class=\"elementor-heading-title elementor-size-default\">Demanda de ejecuci\u00f3n de condena condicional<\/h3>\t\t\t\t<\/div>\n\t\t\t\t<\/div>\n\t\t\t\t<div class=\"elementor-element elementor-element-dc13070 color-scheme-inherit text-left elementor-widget elementor-widget-text-editor\" data-id=\"dc13070\" data-element_type=\"widget\" data-e-type=\"widget\" data-widget_type=\"text-editor.default\">\n\t\t\t\t<div class=\"elementor-widget-container\">\n\t\t\t\t\t\t\t\t\t<p>Si le han dado una \"Demanda de ejecuci\u00f3n de condena condicional\", hay ciertas condiciones generales y especiales que debe cumplir. Si el fiscal considera que ha incumplido estas condiciones, la condena condicional puede convertirse en una condena incondicional. Por ejemplo, si una de las condiciones especiales le obliga a presentarse ante el servicio de libertad condicional y \u00e9ste considera que no lo ha hecho suficientemente, puede ser citado a una vista judicial.<\/p><p>Adem\u00e1s, pueden imponerse condiciones espec\u00edficas, como:<\/p><ul><li>Contactos obligatorios con la libertad condicional y\/o asistencia a cursos.<\/li><li>Tratamiento hospitalario o ambulatorio.<\/li><li>Vigilancia electr\u00f3nica.<\/li><\/ul>\t\t\t\t\t\t\t\t<\/div>\n\t\t\t\t<\/div>\n\t\t\t\t<div class=\"elementor-element elementor-element-b2f594c elementor-widget elementor-widget-spacer\" data-id=\"b2f594c\" data-element_type=\"widget\" data-e-type=\"widget\" data-widget_type=\"spacer.default\">\n\t\t\t\t<div class=\"elementor-widget-container\">\n\t\t\t\t\t\t\t<div class=\"elementor-spacer\">\n\t\t\t<div class=\"elementor-spacer-inner\"><\/div>\n\t\t<\/div>\n\t\t\t\t\t\t<\/div>\n\t\t\t\t<\/div>\n\t\t\t\t<div class=\"elementor-element elementor-element-70b31d0 elementor-widget elementor-widget-heading\" data-id=\"70b31d0\" data-element_type=\"widget\" data-e-type=\"widget\" data-widget_type=\"heading.default\">\n\t\t\t\t<div class=\"elementor-widget-container\">\n\t\t\t\t\t<h3 class=\"elementor-heading-title elementor-size-default\">\u00bfCu\u00e1nto puede durar una demanda de ejecuci\u00f3n de condena suspendida?\n<\/h3>\t\t\t\t<\/div>\n\t\t\t\t<\/div>\n\t\t\t\t<div class=\"elementor-element elementor-element-0da0a86 color-scheme-inherit text-left elementor-widget elementor-widget-text-editor\" data-id=\"0da0a86\" data-element_type=\"widget\" data-e-type=\"widget\" data-widget_type=\"text-editor.default\">\n\t\t\t\t<div class=\"elementor-widget-container\">\n\t\t\t\t\t\t\t\t\t<p>Normalmente, se impone un periodo de prueba de dos a\u00f1os como parte de una sentencia suspendida. Durante este periodo de prueba, el condenado debe cumplir unas condiciones espec\u00edficas y no cometer ning\u00fan delito. Es muy importante seguir estrictamente estas condiciones para evitar que la suspensi\u00f3n de la pena se convierta en un castigo real.<\/p><p>Sin embargo, si durante este periodo de prueba el condenado comete otro delito o incumple las condiciones impuestas, el fiscal tiene derecho a pedir al tribunal que ejecute la sentencia suspendida. Esto significa que el condenado tendr\u00e1 que seguir cumpliendo la pena impuesta.<\/p><p>Cuando se presente dicha solicitud, se notificar\u00e1 por escrito a la persona condenada. Esta notificaci\u00f3n especificar\u00e1 la fecha en la que la solicitud de ejecuci\u00f3n de la pena suspendida ser\u00e1 examinada por el tribunal.<\/p><p>Es crucial que los condenados sigan de cerca las condiciones impuestas durante la libertad condicional y no cometan nuevos delitos para evitar que la condena suspendida se convierta en efectiva.<\/p><p>El cumplimiento de las condiciones es vital para evitar complicaciones legales y la ejecuci\u00f3n de la sentencia.<\/p>\t\t\t\t\t\t\t\t<\/div>\n\t\t\t\t<\/div>\n\t\t\t\t<div class=\"elementor-element elementor-element-8f602a1 elementor-widget elementor-widget-spacer\" data-id=\"8f602a1\" data-element_type=\"widget\" data-e-type=\"widget\" data-widget_type=\"spacer.default\">\n\t\t\t\t<div class=\"elementor-widget-container\">\n\t\t\t\t\t\t\t<div class=\"elementor-spacer\">\n\t\t\t<div class=\"elementor-spacer-inner\"><\/div>\n\t\t<\/div>\n\t\t\t\t\t\t<\/div>\n\t\t\t\t<\/div>\n\t\t\t\t<div class=\"elementor-element elementor-element-1a06dc4 elementor-widget elementor-widget-heading\" data-id=\"1a06dc4\" data-element_type=\"widget\" data-e-type=\"widget\" data-widget_type=\"heading.default\">\n\t\t\t\t<div class=\"elementor-widget-container\">\n\t\t\t\t\t<h3 class=\"elementor-heading-title elementor-size-default\">\u00bfCu\u00e1l es el plazo para presentar una solicitud de ejecuci\u00f3n de la pena suspendida?\n<\/h3>\t\t\t\t<\/div>\n\t\t\t\t<\/div>\n\t\t\t\t<div class=\"elementor-element elementor-element-52808d1 color-scheme-inherit text-left elementor-widget elementor-widget-text-editor\" data-id=\"52808d1\" data-element_type=\"widget\" data-e-type=\"widget\" data-widget_type=\"text-editor.default\">\n\t\t\t\t<div class=\"elementor-widget-container\">\n\t\t\t\t\t\t\t\t\t<p>El plazo para presentar una solicitud de ejecuci\u00f3n de una condena suspendida est\u00e1 fijado por ley y sigue un procedimiento claro. El fiscal tiene la posibilidad de presentar una solicitud de ejecuci\u00f3n hasta tres meses despu\u00e9s del final del periodo de prueba.<\/p><p>Este periodo de tres meses ofrece la oportunidad de evaluar el cumplimiento de las condiciones impuestas antes de que se tome una decisi\u00f3n sobre la ejecuci\u00f3n de la condena. Es importante que los condenados sean conscientes de este plazo y se aseguren de cumplir escrupulosamente las condiciones impuestas durante el periodo de prueba para evitar que la condena condicional siga convirti\u00e9ndose en una condena efectiva.<\/p>\t\t\t\t\t\t\t\t<\/div>\n\t\t\t\t<\/div>\n\t\t\t\t<div class=\"elementor-element elementor-element-0e986ac elementor-widget elementor-widget-spacer\" data-id=\"0e986ac\" data-element_type=\"widget\" data-e-type=\"widget\" data-widget_type=\"spacer.default\">\n\t\t\t\t<div class=\"elementor-widget-container\">\n\t\t\t\t\t\t\t<div class=\"elementor-spacer\">\n\t\t\t<div class=\"elementor-spacer-inner\"><\/div>\n\t\t<\/div>\n\t\t\t\t\t\t<\/div>\n\t\t\t\t<\/div>\n\t\t\t\t<div class=\"elementor-element elementor-element-ddcffc0 elementor-widget elementor-widget-heading\" data-id=\"ddcffc0\" data-element_type=\"widget\" data-e-type=\"widget\" data-widget_type=\"heading.default\">\n\t\t\t\t<div class=\"elementor-widget-container\">\n\t\t\t\t\t<h3 class=\"elementor-heading-title elementor-size-default\">Impedir la conversi\u00f3n de la condena condicional\n<\/h3>\t\t\t\t<\/div>\n\t\t\t\t<\/div>\n\t\t\t\t<div class=\"elementor-element elementor-element-fce1590 color-scheme-inherit text-left elementor-widget elementor-widget-text-editor\" data-id=\"fce1590\" data-element_type=\"widget\" data-e-type=\"widget\" data-widget_type=\"text-editor.default\">\n\t\t\t\t<div class=\"elementor-widget-container\">\n\t\t\t\t\t\t\t\t\t<p>Durante la vista, el abogado puede explicar al juez por qu\u00e9 usted no pudo cumplir las condiciones especiales. Cuando el juez estudie la petici\u00f3n del fiscal, podr\u00e1 decidir si ejecuta o no la sentencia y si ampl\u00eda el periodo de libertad condicional.<\/p>\t\t\t\t\t\t\t\t<\/div>\n\t\t\t\t<\/div>\n\t\t\t\t<div class=\"elementor-element elementor-element-fd9dae3 elementor-widget elementor-widget-spacer\" data-id=\"fd9dae3\" data-element_type=\"widget\" data-e-type=\"widget\" data-widget_type=\"spacer.default\">\n\t\t\t\t<div class=\"elementor-widget-container\">\n\t\t\t\t\t\t\t<div class=\"elementor-spacer\">\n\t\t\t<div class=\"elementor-spacer-inner\"><\/div>\n\t\t<\/div>\n\t\t\t\t\t\t<\/div>\n\t\t\t\t<\/div>\n\t\t\t\t<div class=\"elementor-element elementor-element-1b341d9 elementor-widget elementor-widget-heading\" data-id=\"1b341d9\" data-element_type=\"widget\" data-e-type=\"widget\" data-widget_type=\"heading.default\">\n\t\t\t\t<div class=\"elementor-widget-container\">\n\t\t\t\t\t<h3 class=\"elementor-heading-title elementor-size-default\">Demanda de ejecuci\u00f3n de condena condicional abogado <\/h3>\t\t\t\t<\/div>\n\t\t\t\t<\/div>\n\t\t\t\t<div class=\"elementor-element elementor-element-94ba991 color-scheme-inherit text-left elementor-widget elementor-widget-text-editor\" data-id=\"94ba991\" data-element_type=\"widget\" data-e-type=\"widget\" data-widget_type=\"text-editor.default\">\n\t\t\t\t<div class=\"elementor-widget-container\">\n\t\t\t\t\t\t\t\t\t<p>Por ello, es importante ponerse en contacto con <a href=\"https:\/\/www.derbedrosian.nl\/es\/abogados\/\">un abogado especializado.<\/a><\/p><p>Los abogados del bufete Derbedrosian est\u00e1n especializados en las \u00e1reas de <a href=\"https:\/\/www.derbedrosian.nl\/es\/jurisdicciones\/derecho-penal\/\">derecho penal<\/a> por lo que podemos ayudarle en su caso. As\u00ed que no dude en ponerse en contacto con nosotros y le pondremos en contacto con uno de nuestros abogados expertos que le ofrecer\u00e1 asesoramiento y m\u00e1s ayuda jur\u00eddica.<\/p>\t\t\t\t\t\t\t\t<\/div>\n\t\t\t\t<\/div>\n\t\t\t\t\t<\/div>\n\t\t\t\t<\/div>\n\t\t\t\t<\/div>","protected":false},"excerpt":{"rendered":"<p>\u00bfQu\u00e9 es una solicitud de ejecuci\u00f3n de una pena condicional? Abogado Solicitud de ejecuci\u00f3n de una pena condicional Derecho penal Enschede Abogado Derecho penal Enschede Abogado Derecho penal Overijssel<\/p>","protected":false},"author":1,"featured_media":0,"parent":10047,"menu_order":0,"comment_status":"closed","ping_status":"closed","template":"","meta":{"footnotes":""},"class_list":["post-10612","page","type-page","status-publish","hentry"],"_links":{"self":[{"href":"https:\/\/www.derbedrosian.nl\/es\/wp-json\/wp\/v2\/pages\/10612","targetHints":{"allow":["GET"]}}],"collection":[{"href":"https:\/\/www.derbedrosian.nl\/es\/wp-json\/wp\/v2\/pages"}],"about":[{"href":"https:\/\/www.derbedrosian.nl\/es\/wp-json\/wp\/v2\/types\/page"}],"author":[{"embeddable":true,"href":"https:\/\/www.derbedrosian.nl\/es\/wp-json\/wp\/v2\/users\/1"}],"replies":[{"embeddable":true,"href":"https:\/\/www.derbedrosian.nl\/es\/wp-json\/wp\/v2\/comments?post=10612"}],"version-history":[{"count":0,"href":"https:\/\/www.derbedrosian.nl\/es\/wp-json\/wp\/v2\/pages\/10612\/revisions"}],"up":[{"embeddable":true,"href":"https:\/\/www.derbedrosian.nl\/es\/wp-json\/wp\/v2\/pages\/10047"}],"wp:attachment":[{"href":"https:\/\/www.derbedrosian.nl\/es\/wp-json\/wp\/v2\/media?parent=10612"}],"curies":[{"name":"wp","href":"https:\/\/api.w.org\/{rel}","templated":true}]}}