{"id":10599,"date":"2023-05-26T10:45:17","date_gmt":"2023-05-26T08:45:17","guid":{"rendered":"https:\/\/derbedrosian.nl\/?page_id=10599"},"modified":"2025-12-21T14:53:18","modified_gmt":"2025-12-21T12:53:18","slug":"indemnizacion-tras-la-detencion-preventiva","status":"publish","type":"page","link":"https:\/\/www.derbedrosian.nl\/es\/rechtsgebieden\/strafrecht\/schadevergoeding-na-voorlopige-hechtenis\/","title":{"rendered":"Indemnizaci\u00f3n tras la prisi\u00f3n preventiva"},"content":{"rendered":"<div data-elementor-type=\"wp-page\" data-elementor-id=\"10599\" class=\"elementor elementor-10599\" data-elementor-post-type=\"page\">\n\t\t\t\t<div class=\"wd-negative-gap elementor-element elementor-element-c5288ff e-flex e-con-boxed e-con e-parent\" data-id=\"c5288ff\" data-element_type=\"container\" data-e-type=\"container\">\n\t\t\t\t\t<div class=\"e-con-inner\">\n\t\t\t\t<div class=\"elementor-element elementor-element-7165c8e elementor-hidden-desktop elementor-hidden-tablet elementor-hidden-mobile elementor-widget elementor-widget-wd_image_or_svg\" data-id=\"7165c8e\" data-element_type=\"widget\" data-e-type=\"widget\" id=\"seo-word\" data-widget_type=\"wd_image_or_svg.default\">\n\t\t\t\t<div class=\"elementor-widget-container\">\n\t\t\t\t\t\n\t\t<div class=\"wd-image text-left\">\n\t\t\t\t\t\t\t\t<img loading=\"lazy\" decoding=\"async\" width=\"1000\" height=\"667\" src=\"https:\/\/www.derbedrosian.nl\/wp-content\/uploads\/rechtsgebied-schadevergoeding.jpg\" class=\"attachment-full size-full\" alt=\"indemnizaci\u00f3n tras detenci\u00f3n preventiva detenci\u00f3n innecesaria abogado detenci\u00f3n ilegal\" srcset=\"https:\/\/www.derbedrosian.nl\/wp-content\/uploads\/rechtsgebied-schadevergoeding.jpg 1000w, https:\/\/www.derbedrosian.nl\/wp-content\/uploads\/rechtsgebied-schadevergoeding-400x267.jpg 400w, https:\/\/www.derbedrosian.nl\/wp-content\/uploads\/rechtsgebied-schadevergoeding-768x512.jpg 768w\" sizes=\"auto, (max-width: 1000px) 100vw, 1000px\" title=\"\">\t\t\t\t\t<\/div>\n\n\t\t\t\t\t\t<\/div>\n\t\t\t\t<\/div>\n\t\t\t\t<div class=\"elementor-element elementor-element-d0ab5e0 elementor-hidden-desktop elementor-hidden-tablet elementor-hidden-mobile elementor-widget elementor-widget-heading\" data-id=\"d0ab5e0\" data-element_type=\"widget\" data-e-type=\"widget\" id=\"seo-word\" data-widget_type=\"heading.default\">\n\t\t\t\t<div class=\"elementor-widget-container\">\n\t\t\t\t\t<h5 class=\"elementor-heading-title elementor-size-default\">abogado de indemnizaci\u00f3n<\/h5>\t\t\t\t<\/div>\n\t\t\t\t<\/div>\n\t\t\t\t<div class=\"elementor-element elementor-element-03ba0d1 elementor-hidden-desktop elementor-hidden-tablet elementor-hidden-mobile elementor-widget elementor-widget-heading\" data-id=\"03ba0d1\" data-element_type=\"widget\" data-e-type=\"widget\" id=\"seo-word\" data-widget_type=\"heading.default\">\n\t\t\t\t<div class=\"elementor-widget-container\">\n\t\t\t\t\t<h5 class=\"elementor-heading-title elementor-size-default\">abogado de indemnizaci\u00f3n<\/h5>\t\t\t\t<\/div>\n\t\t\t\t<\/div>\n\t\t\t\t<div class=\"elementor-element elementor-element-7d2467a elementor-hidden-desktop elementor-hidden-tablet elementor-hidden-mobile elementor-widget elementor-widget-heading\" data-id=\"7d2467a\" data-element_type=\"widget\" data-e-type=\"widget\" id=\"seo-word\" data-widget_type=\"heading.default\">\n\t\t\t\t<div class=\"elementor-widget-container\">\n\t\t\t\t\t<h5 class=\"elementor-heading-title elementor-size-default\">reclamaciones de indemnizaci\u00f3n<\/h5>\t\t\t\t<\/div>\n\t\t\t\t<\/div>\n\t\t\t\t<div class=\"elementor-element elementor-element-adb0e27 elementor-hidden-desktop elementor-hidden-tablet elementor-hidden-mobile elementor-widget elementor-widget-heading\" data-id=\"adb0e27\" data-element_type=\"widget\" data-e-type=\"widget\" id=\"seo-word\" data-widget_type=\"heading.default\">\n\t\t\t\t<div class=\"elementor-widget-container\">\n\t\t\t\t\t<h5 class=\"elementor-heading-title elementor-size-default\">indemnizaci\u00f3n por encarcelamiento injusto<\/h5>\t\t\t\t<\/div>\n\t\t\t\t<\/div>\n\t\t\t\t<div class=\"elementor-element elementor-element-e68bf1d elementor-hidden-desktop elementor-hidden-tablet elementor-hidden-mobile elementor-widget elementor-widget-heading\" data-id=\"e68bf1d\" data-element_type=\"widget\" data-e-type=\"widget\" id=\"seo-word\" data-widget_type=\"heading.default\">\n\t\t\t\t<div class=\"elementor-widget-container\">\n\t\t\t\t\t<h5 class=\"elementor-heading-title elementor-size-default\">Da\u00f1os inmateriales y materiales\n<\/h5>\t\t\t\t<\/div>\n\t\t\t\t<\/div>\n\t\t\t\t<div class=\"elementor-element elementor-element-746d354 color-scheme-inherit text-left elementor-widget elementor-widget-text-editor\" data-id=\"746d354\" data-element_type=\"widget\" data-e-type=\"widget\" data-widget_type=\"text-editor.default\">\n\t\t\t\t<div class=\"elementor-widget-container\">\n\t\t\t\t\t\t\t\t\t<p><strong>En los Pa\u00edses Bajos, la indemnizaci\u00f3n tras la detenci\u00f3n preventiva es una parte importante del sistema legal, incluso si alguien es detenido temporalmente antes de que comience el juicio. Esto significa que si ha sido encarcelado injustamente antes de ser condenado, tiene derecho a una indemnizaci\u00f3n.<\/strong><\/p>\t\t\t\t\t\t\t\t<\/div>\n\t\t\t\t<\/div>\n\t\t\t\t<div class=\"elementor-element elementor-element-0e8f7ba elementor-widget elementor-widget-spacer\" data-id=\"0e8f7ba\" data-element_type=\"widget\" data-e-type=\"widget\" data-widget_type=\"spacer.default\">\n\t\t\t\t<div class=\"elementor-widget-container\">\n\t\t\t\t\t\t\t<div class=\"elementor-spacer\">\n\t\t\t<div class=\"elementor-spacer-inner\"><\/div>\n\t\t<\/div>\n\t\t\t\t\t\t<\/div>\n\t\t\t\t<\/div>\n\t\t\t\t<div class=\"elementor-element elementor-element-aaf8981 elementor-widget elementor-widget-heading\" data-id=\"aaf8981\" data-element_type=\"widget\" data-e-type=\"widget\" data-widget_type=\"heading.default\">\n\t\t\t\t<div class=\"elementor-widget-container\">\n\t\t\t\t\t<h3 class=\"elementor-heading-title elementor-size-default\">Indemnizaci\u00f3n por encarcelamiento injusto<\/h3>\t\t\t\t<\/div>\n\t\t\t\t<\/div>\n\t\t\t\t<div class=\"elementor-element elementor-element-ed29cee color-scheme-inherit text-left elementor-widget elementor-widget-text-editor\" data-id=\"ed29cee\" data-element_type=\"widget\" data-e-type=\"widget\" data-widget_type=\"text-editor.default\">\n\t\t\t\t<div class=\"elementor-widget-container\">\n\t\t\t\t\t\t\t\t\t<p>Hablamos de \"indemnizaci\u00f3n tras la prisi\u00f3n preventiva\" si usted ha estado temporalmente en prisi\u00f3n mientras a\u00fan no ha sido condenado por un <a href=\"https:\/\/www.derbedrosian.nl\/es\/jurisdicciones\/derecho-penal\/delitos\/\">delito<\/a> y m\u00e1s tarde resulta que usted es inocente. Esto le da derecho a alg\u00fan tipo de compensaci\u00f3n econ\u00f3mica. Se trata de compensar cualquier problema o coste que haya podido tener durante ese periodo de prisi\u00f3n preventiva, como la p\u00e9rdida del trabajo, el estr\u00e9s o los gastos legales.\u00a0<\/p>\t\t\t\t\t\t\t\t<\/div>\n\t\t\t\t<\/div>\n\t\t\t\t<div class=\"elementor-element elementor-element-a0a925d elementor-widget elementor-widget-spacer\" data-id=\"a0a925d\" data-element_type=\"widget\" data-e-type=\"widget\" data-widget_type=\"spacer.default\">\n\t\t\t\t<div class=\"elementor-widget-container\">\n\t\t\t\t\t\t\t<div class=\"elementor-spacer\">\n\t\t\t<div class=\"elementor-spacer-inner\"><\/div>\n\t\t<\/div>\n\t\t\t\t\t\t<\/div>\n\t\t\t\t<\/div>\n\t\t\t\t<div class=\"elementor-element elementor-element-115a4a3 elementor-widget elementor-widget-heading\" data-id=\"115a4a3\" data-element_type=\"widget\" data-e-type=\"widget\" data-widget_type=\"heading.default\">\n\t\t\t\t<div class=\"elementor-widget-container\">\n\t\t\t\t\t<h3 class=\"elementor-heading-title elementor-size-default\"> Da\u00f1os materiales e inmateriales\n<\/h3>\t\t\t\t<\/div>\n\t\t\t\t<\/div>\n\t\t\t\t<div class=\"elementor-element elementor-element-90bf32d color-scheme-inherit text-left elementor-widget elementor-widget-text-editor\" data-id=\"90bf32d\" data-element_type=\"widget\" data-e-type=\"widget\" data-widget_type=\"text-editor.default\">\n\t\t\t\t<div class=\"elementor-widget-container\">\n\t\t\t\t\t\t\t\t\t<p>Tener derecho a da\u00f1os materiales e inmateriales significa que puede obtener una indemnizaci\u00f3n no s\u00f3lo por los costes tangibles, como la p\u00e9rdida de su hogar, los gastos de viaje y los costes de traslado, sino tambi\u00e9n por el impacto emocional que la prisi\u00f3n preventiva ha tenido en usted.<\/p><ul><li><strong>Material:<\/strong> Cuando se trata de costes materiales, como la p\u00e9rdida de la casa o los gastos de viaje y mudanza, es importante que pueda justificarlos adecuadamente. Esto significa que debe poder aportar pruebas de estos costes, como recibos y documentaci\u00f3n de sus gastos.<\/li><li><strong>Gastos de viaje:<\/strong> Los gastos de viaje suelen reembolsarse a raz\u00f3n de 0,28 euros por kil\u00f3metro para las audiencias. Si ha perdido ingresos como consecuencia de los d\u00edas que ha asistido bajo custodia, tambi\u00e9n puede tener derecho a una compensaci\u00f3n por el trabajo perdido. Con ello se pretende garantizar que no se vea perjudicado econ\u00f3micamente por el tiempo que dedic\u00f3 a su caso.<\/li><\/ul><p>En resumen, es importante saber que existen tasas para cubrir tanto los costes tangibles como el impacto emocional de la detenci\u00f3n preventiva, pero se requiere una documentaci\u00f3n y pruebas cuidadosas para reclamar estas tasas.<\/p>\t\t\t\t\t\t\t\t<\/div>\n\t\t\t\t<\/div>\n\t\t\t\t<div class=\"elementor-element elementor-element-31e3082 elementor-widget elementor-widget-spacer\" data-id=\"31e3082\" data-element_type=\"widget\" data-e-type=\"widget\" data-widget_type=\"spacer.default\">\n\t\t\t\t<div class=\"elementor-widget-container\">\n\t\t\t\t\t\t\t<div class=\"elementor-spacer\">\n\t\t\t<div class=\"elementor-spacer-inner\"><\/div>\n\t\t<\/div>\n\t\t\t\t\t\t<\/div>\n\t\t\t\t<\/div>\n\t\t\t\t<div class=\"elementor-element elementor-element-a3cc134 elementor-widget elementor-widget-heading\" data-id=\"a3cc134\" data-element_type=\"widget\" data-e-type=\"widget\" data-widget_type=\"heading.default\">\n\t\t\t\t<div class=\"elementor-widget-container\">\n\t\t\t\t\t<h3 class=\"elementor-heading-title elementor-size-default\">C\u00e1lculo de los da\u00f1os<\/h3>\t\t\t\t<\/div>\n\t\t\t\t<\/div>\n\t\t\t\t<div class=\"elementor-element elementor-element-e2721da color-scheme-inherit text-left elementor-widget elementor-widget-text-editor\" data-id=\"e2721da\" data-element_type=\"widget\" data-e-type=\"widget\" data-widget_type=\"text-editor.default\">\n\t\t\t\t<div class=\"elementor-widget-container\">\n\t\t\t\t\t\t\t\t\t<p>En la mayor\u00eda de los casos, el subsidio es de 105,00 euros por d\u00eda para la custodia policial o la detenci\u00f3n preventiva y de 80,00 euros por d\u00eda en una casa de detenci\u00f3n. En el caso de las restricciones o de un centro de extra seguridad, se aplican de nuevo 105,00 euros por d\u00eda.<\/p><ul><li><strong>Excepciones para compensaciones m\u00e1s elevadas:<\/strong> A veces puede optar a una indemnizaci\u00f3n mayor, como en los casos de sospecha grave, atenci\u00f3n medi\u00e1tica, estigma permanente o encarcelamiento prolongado.<\/li><li><strong>Petici\u00f3n de da\u00f1os y perjuicios:<\/strong>\u00a0en caso de detenci\u00f3n ilegal, p\u00f3ngase en contacto con nuestros abogados inmediatamente. Preparar\u00e1n una petici\u00f3n de indemnizaci\u00f3n y pueden reembolsarle los gastos si el caso se tramita con tarifa horaria. Tambi\u00e9n se reembolsar\u00e1n los gastos de la petici\u00f3n.<\/li><\/ul>\t\t\t\t\t\t\t\t<\/div>\n\t\t\t\t<\/div>\n\t\t\t\t<div class=\"elementor-element elementor-element-4208b50 elementor-widget elementor-widget-spacer\" data-id=\"4208b50\" data-element_type=\"widget\" data-e-type=\"widget\" data-widget_type=\"spacer.default\">\n\t\t\t\t<div class=\"elementor-widget-container\">\n\t\t\t\t\t\t\t<div class=\"elementor-spacer\">\n\t\t\t<div class=\"elementor-spacer-inner\"><\/div>\n\t\t<\/div>\n\t\t\t\t\t\t<\/div>\n\t\t\t\t<\/div>\n\t\t\t\t<div class=\"elementor-element elementor-element-e162525 elementor-widget elementor-widget-heading\" data-id=\"e162525\" data-element_type=\"widget\" data-e-type=\"widget\" data-widget_type=\"heading.default\">\n\t\t\t\t<div class=\"elementor-widget-container\">\n\t\t\t\t\t<h3 class=\"elementor-heading-title elementor-size-default\">Compensaci\u00f3n m\u00e1s alta<\/h3>\t\t\t\t<\/div>\n\t\t\t\t<\/div>\n\t\t\t\t<div class=\"elementor-element elementor-element-f1b5210 color-scheme-inherit text-left elementor-widget elementor-widget-text-editor\" data-id=\"f1b5210\" data-element_type=\"widget\" data-e-type=\"widget\" data-widget_type=\"text-editor.default\">\n\t\t\t\t<div class=\"elementor-widget-container\">\n\t\t\t\t\t\t\t\t\t<p>A la hora de determinar la indemnizaci\u00f3n, se tienen en cuenta todos los hechos y circunstancias relevantes. Si ha perdido ingresos como propietario de un negocio, esto tambi\u00e9n puede reclamarse. Es importante justificar adecuadamente todos sus gastos de indemnizaci\u00f3n con pruebas escritas.<\/p><p>Existen sentencias judiciales que describen situaciones concretas en las que una indemnizaci\u00f3n m\u00e1s elevada ha tenido \u00e9xito. He aqu\u00ed algunos ejemplos:<\/p><ul><li><strong>Sospecha de delito:<\/strong> cuando exista una sospecha grave en relaci\u00f3n con un delito.<\/li><li><strong>Atenci\u00f3n a los medios de comunicaci\u00f3n:<\/strong> si el caso ha recibido mucha atenci\u00f3n medi\u00e1tica a nivel nacional o internacional.<\/li><li><strong>Servicios de salud mental:<\/strong> si la detenci\u00f3n del acusado conduce a la necesidad de atenci\u00f3n de salud mental.<\/li><li><strong>Estigmatizar al acusado como \"el autor\":<\/strong> si se estigmatiza constantemente al acusado como culpable, esto puede repercutir en la indemnizaci\u00f3n al afectar negativamente a su estatus.<\/li><li><strong>Condenado a una pena de prisi\u00f3n extremadamente larga:<\/strong> cuando una condena inicial implica una pena de prisi\u00f3n extremadamente larga para el acusado.<\/li><\/ul>\t\t\t\t\t\t\t\t<\/div>\n\t\t\t\t<\/div>\n\t\t\t\t<div class=\"elementor-element elementor-element-1e90487 elementor-widget elementor-widget-spacer\" data-id=\"1e90487\" data-element_type=\"widget\" data-e-type=\"widget\" data-widget_type=\"spacer.default\">\n\t\t\t\t<div class=\"elementor-widget-container\">\n\t\t\t\t\t\t\t<div class=\"elementor-spacer\">\n\t\t\t<div class=\"elementor-spacer-inner\"><\/div>\n\t\t<\/div>\n\t\t\t\t\t\t<\/div>\n\t\t\t\t<\/div>\n\t\t\t\t<div class=\"elementor-element elementor-element-3bc2426 elementor-widget elementor-widget-heading\" data-id=\"3bc2426\" data-element_type=\"widget\" data-e-type=\"widget\" data-widget_type=\"heading.default\">\n\t\t\t\t<div class=\"elementor-widget-container\">\n\t\t\t\t\t<h3 class=\"elementor-heading-title elementor-size-default\">Abogado de indemnizaciones\n<\/h3>\t\t\t\t<\/div>\n\t\t\t\t<\/div>\n\t\t\t\t<div class=\"elementor-element elementor-element-3c6cb97 color-scheme-inherit text-left elementor-widget elementor-widget-text-editor\" data-id=\"3c6cb97\" data-element_type=\"widget\" data-e-type=\"widget\" data-widget_type=\"text-editor.default\">\n\t\t\t\t<div class=\"elementor-widget-container\">\n\t\t\t\t\t\t\t\t\t<p>Si recibi\u00f3 asistencia jur\u00eddica basada en una tarifa por hora, tiene derecho al reembolso de los honorarios pagados por el abogado. Sin embargo, las horas empleadas deben ser razonables y la tarifa horaria cobrada debe ser aceptable. Las facturas deben presentarse como prueba para respaldar su reclamaci\u00f3n.<\/p><p>Los abogados del bufete Derbedrosian ofrecen asistencia jur\u00eddica profesional y pueden ayudarle a presentar una s\u00f3lida \"reclamaci\u00f3n de indemnizaci\u00f3n tras la prisi\u00f3n preventiva\". Cuando se ponga en contacto con nosotros, le pondremos directamente en contacto con <a href=\"https:\/\/www.derbedrosian.nl\/es\/abogados\/\">un abogado con experiencia<\/a> que puede ayudarle y asesorarle durante el proceso penal.<\/p>\t\t\t\t\t\t\t\t<\/div>\n\t\t\t\t<\/div>\n\t\t\t\t\t<\/div>\n\t\t\t\t<\/div>\n\t\t\t\t<\/div>","protected":false},"excerpt":{"rendered":"<p>schadevergoeding advocaat advocaat schadevergoeding schadevergoeding aanvragen schadevergoeding onterechte hechtenis Immateri\u00eble en materi\u00eble schadevergoeding In Nederland is schadevergoeding na voorlopige hechtenis<\/p>","protected":false},"author":1,"featured_media":0,"parent":10047,"menu_order":0,"comment_status":"closed","ping_status":"closed","template":"","meta":{"footnotes":""},"class_list":["post-10599","page","type-page","status-publish","hentry"],"_links":{"self":[{"href":"https:\/\/www.derbedrosian.nl\/es\/wp-json\/wp\/v2\/pages\/10599","targetHints":{"allow":["GET"]}}],"collection":[{"href":"https:\/\/www.derbedrosian.nl\/es\/wp-json\/wp\/v2\/pages"}],"about":[{"href":"https:\/\/www.derbedrosian.nl\/es\/wp-json\/wp\/v2\/types\/page"}],"author":[{"embeddable":true,"href":"https:\/\/www.derbedrosian.nl\/es\/wp-json\/wp\/v2\/users\/1"}],"replies":[{"embeddable":true,"href":"https:\/\/www.derbedrosian.nl\/es\/wp-json\/wp\/v2\/comments?post=10599"}],"version-history":[{"count":0,"href":"https:\/\/www.derbedrosian.nl\/es\/wp-json\/wp\/v2\/pages\/10599\/revisions"}],"up":[{"embeddable":true,"href":"https:\/\/www.derbedrosian.nl\/es\/wp-json\/wp\/v2\/pages\/10047"}],"wp:attachment":[{"href":"https:\/\/www.derbedrosian.nl\/es\/wp-json\/wp\/v2\/media?parent=10599"}],"curies":[{"name":"wp","href":"https:\/\/api.w.org\/{rel}","templated":true}]}}