{"id":10552,"date":"2023-05-26T10:20:08","date_gmt":"2023-05-26T08:20:08","guid":{"rendered":"https:\/\/derbedrosian.nl\/?page_id=10552"},"modified":"2025-12-21T14:49:06","modified_gmt":"2025-12-21T12:49:06","slug":"conducir-ebrio","status":"publish","type":"page","link":"https:\/\/www.derbedrosian.nl\/es\/rechtsgebieden\/strafrecht\/rijden-onder-invloed\/","title":{"rendered":"Conducir bajo los efectos"},"content":{"rendered":"<div data-elementor-type=\"wp-page\" data-elementor-id=\"10552\" class=\"elementor elementor-10552\" data-elementor-post-type=\"page\">\n\t\t\t\t<div class=\"wd-negative-gap elementor-element elementor-element-1266d6a e-flex e-con-boxed e-con e-parent\" data-id=\"1266d6a\" data-element_type=\"container\" data-e-type=\"container\">\n\t\t\t\t\t<div class=\"e-con-inner\">\n\t\t\t\t<div class=\"elementor-element elementor-element-28fd8c0 elementor-hidden-desktop elementor-hidden-tablet elementor-hidden-mobile elementor-widget elementor-widget-wd_image_or_svg\" data-id=\"28fd8c0\" data-element_type=\"widget\" data-e-type=\"widget\" id=\"seo-word\" data-widget_type=\"wd_image_or_svg.default\">\n\t\t\t\t<div class=\"elementor-widget-container\">\n\t\t\t\t\t\n\t\t<div class=\"wd-image text-left\">\n\t\t\t\t\t\t\t\t<img loading=\"lazy\" decoding=\"async\" width=\"1000\" height=\"667\" src=\"https:\/\/www.derbedrosian.nl\/wp-content\/uploads\/rechtsgebied-rijden-onder-invloed.jpg\" class=\"attachment-full size-full\" alt=\"conducir bajo los efectos del alcohol abogado policia permiso de conducir incautado antecedentes penales inhabilitacion para conducir\" srcset=\"https:\/\/www.derbedrosian.nl\/wp-content\/uploads\/rechtsgebied-rijden-onder-invloed.jpg 1000w, https:\/\/www.derbedrosian.nl\/wp-content\/uploads\/rechtsgebied-rijden-onder-invloed-400x267.jpg 400w, https:\/\/www.derbedrosian.nl\/wp-content\/uploads\/rechtsgebied-rijden-onder-invloed-768x512.jpg 768w\" sizes=\"auto, (max-width: 1000px) 100vw, 1000px\" title=\"\">\t\t\t\t\t<\/div>\n\n\t\t\t\t\t\t<\/div>\n\t\t\t\t<\/div>\n\t\t\t\t<div class=\"elementor-element elementor-element-da07702 elementor-hidden-desktop elementor-hidden-tablet elementor-hidden-mobile elementor-widget elementor-widget-heading\" data-id=\"da07702\" data-element_type=\"widget\" data-e-type=\"widget\" id=\"seo-word\" data-widget_type=\"heading.default\">\n\t\t\t\t<div class=\"elementor-widget-container\">\n\t\t\t\t\t<h2 class=\"elementor-heading-title elementor-size-default\">abogado de alcoholemia<\/h2>\t\t\t\t<\/div>\n\t\t\t\t<\/div>\n\t\t\t\t<div class=\"elementor-element elementor-element-0d65570 elementor-hidden-desktop elementor-hidden-tablet elementor-hidden-mobile elementor-widget elementor-widget-heading\" data-id=\"0d65570\" data-element_type=\"widget\" data-e-type=\"widget\" id=\"seo-word\" data-widget_type=\"heading.default\">\n\t\t\t\t<div class=\"elementor-widget-container\">\n\t\t\t\t\t<h5 class=\"elementor-heading-title elementor-size-default\">abogado de conductores ebrios<\/h5>\t\t\t\t<\/div>\n\t\t\t\t<\/div>\n\t\t\t\t<div class=\"elementor-element elementor-element-0e2acd9 elementor-hidden-desktop elementor-hidden-tablet elementor-hidden-mobile elementor-widget elementor-widget-heading\" data-id=\"0e2acd9\" data-element_type=\"widget\" data-e-type=\"widget\" id=\"seo-word\" data-widget_type=\"heading.default\">\n\t\t\t\t<div class=\"elementor-widget-container\">\n\t\t\t\t\t<h5 class=\"elementor-heading-title elementor-size-default\">polic\u00eda de alcoholemia<\/h5>\t\t\t\t<\/div>\n\t\t\t\t<\/div>\n\t\t\t\t<div class=\"elementor-element elementor-element-3006f94 elementor-hidden-desktop elementor-hidden-tablet elementor-hidden-mobile elementor-widget elementor-widget-heading\" data-id=\"3006f94\" data-element_type=\"widget\" data-e-type=\"widget\" id=\"seo-word\" data-widget_type=\"heading.default\">\n\t\t\t\t<div class=\"elementor-widget-container\">\n\t\t\t\t\t<h5 class=\"elementor-heading-title elementor-size-default\">permiso de conducir confiscado<\/h5>\t\t\t\t<\/div>\n\t\t\t\t<\/div>\n\t\t\t\t<div class=\"elementor-element elementor-element-4c541a4 elementor-hidden-desktop elementor-hidden-tablet elementor-hidden-mobile elementor-widget elementor-widget-heading\" data-id=\"4c541a4\" data-element_type=\"widget\" data-e-type=\"widget\" id=\"seo-word\" data-widget_type=\"heading.default\">\n\t\t\t\t<div class=\"elementor-widget-container\">\n\t\t\t\t\t<h5 class=\"elementor-heading-title elementor-size-default\">abogado derecho penal overijssel<\/h5>\t\t\t\t<\/div>\n\t\t\t\t<\/div>\n\t\t\t\t<div class=\"elementor-element elementor-element-e0d95f5 elementor-hidden-desktop elementor-hidden-tablet elementor-hidden-mobile elementor-widget elementor-widget-heading\" data-id=\"e0d95f5\" data-element_type=\"widget\" data-e-type=\"widget\" id=\"seo-word\" data-widget_type=\"heading.default\">\n\t\t\t\t<div class=\"elementor-widget-container\">\n\t\t\t\t\t<h5 class=\"elementor-heading-title elementor-size-default\">abogado derecho penal enschede<\/h5>\t\t\t\t<\/div>\n\t\t\t\t<\/div>\n\t\t\t\t<div class=\"elementor-element elementor-element-609d2ce elementor-hidden-desktop elementor-hidden-tablet elementor-hidden-mobile elementor-widget elementor-widget-heading\" data-id=\"609d2ce\" data-element_type=\"widget\" data-e-type=\"widget\" id=\"seo-word\" data-widget_type=\"heading.default\">\n\t\t\t\t<div class=\"elementor-widget-container\">\n\t\t\t\t\t<h5 class=\"elementor-heading-title elementor-size-default\">derecho penal enschede<\/h5>\t\t\t\t<\/div>\n\t\t\t\t<\/div>\n\t\t\t\t<div class=\"elementor-element elementor-element-3830399 elementor-hidden-desktop elementor-hidden-tablet elementor-hidden-mobile elementor-widget elementor-widget-heading\" data-id=\"3830399\" data-element_type=\"widget\" data-e-type=\"widget\" id=\"seo-word\" data-widget_type=\"heading.default\">\n\t\t\t\t<div class=\"elementor-widget-container\">\n\t\t\t\t\t<h5 class=\"elementor-heading-title elementor-size-default\">abogado penalista enschede<\/h5>\t\t\t\t<\/div>\n\t\t\t\t<\/div>\n\t\t\t\t<div class=\"elementor-element elementor-element-038f3a9 elementor-hidden-desktop elementor-hidden-tablet elementor-hidden-mobile elementor-widget elementor-widget-heading\" data-id=\"038f3a9\" data-element_type=\"widget\" data-e-type=\"widget\" id=\"seo-word\" data-widget_type=\"heading.default\">\n\t\t\t\t<div class=\"elementor-widget-container\">\n\t\t\t\t\t<h5 class=\"elementor-heading-title elementor-size-default\">\u00bfpuedo participar en tr\u00e1fico<\/h5>\t\t\t\t<\/div>\n\t\t\t\t<\/div>\n\t\t\t\t<div class=\"elementor-element elementor-element-19eb044 elementor-hidden-desktop elementor-hidden-tablet elementor-hidden-mobile elementor-widget elementor-widget-heading\" data-id=\"19eb044\" data-element_type=\"widget\" data-e-type=\"widget\" id=\"seo-word\" data-widget_type=\"heading.default\">\n\t\t\t\t<div class=\"elementor-widget-container\">\n\t\t\t\t\t<h5 class=\"elementor-heading-title elementor-size-default\">Si desea asistencia jur\u00eddica en Enschede y Overijssel en relaci\u00f3n con la conducci\u00f3n bajo los efectos del alcohol, conf\u00ede en la experiencia de los abogados penalistas de Derbedrosian Abogados Penalistas. Nuestros abogados en Enschede est\u00e1n especializados en asuntos penales y tienen amplia experiencia en casos en los que se ha confiscado el permiso de conducir como consecuencia de la conducci\u00f3n bajo los efectos del alcohol.\n\nCuando se entra en contacto con la polic\u00eda por conducir bajo los efectos del alcohol, puede haber graves consecuencias legales, incluida la confiscaci\u00f3n del permiso de conducir. En una situaci\u00f3n as\u00ed, es vital buscar asesoramiento jur\u00eddico inmediatamente y contratar a un abogado especializado en conducci\u00f3n bajo los efectos del alcohol.\n\nNuestros abogados en Enschede le ayudar\u00e1n y le proporcionar\u00e1n el apoyo jur\u00eddico adecuado para llevar su caso y representar sus intereses. Si se enfrenta a esta situaci\u00f3n, p\u00f3ngase en contacto con Derbedrosian Criminal Lawyers para obtener asistencia jur\u00eddica especializada.\n\n\n\n\n<\/h5>\t\t\t\t<\/div>\n\t\t\t\t<\/div>\n\t\t\t\t<div class=\"elementor-element elementor-element-fc7d042 color-scheme-inherit text-left elementor-widget elementor-widget-text-editor\" data-id=\"fc7d042\" data-element_type=\"widget\" data-e-type=\"widget\" data-widget_type=\"text-editor.default\">\n\t\t\t\t<div class=\"elementor-widget-container\">\n\t\t\t\t\t\t\t\t\t<p><strong>\u00bfConducir bajo los efectos de las drogas o el alcohol? Los Pa\u00edses Bajos se toman muy en serio las infracciones de tr\u00e1fico que ponen en peligro la seguridad vial. Los Pa\u00edses Bajos tienen leyes y normas estrictas sobre la conducci\u00f3n bajo los efectos del alcohol y las drogas. Estas normas incluyen l\u00edmites legales, consecuencias para las infracciones y medidas para hacerlas cumplir.<\/strong><\/p>\t\t\t\t\t\t\t\t<\/div>\n\t\t\t\t<\/div>\n\t\t\t\t<div class=\"elementor-element elementor-element-d3a126b elementor-widget elementor-widget-spacer\" data-id=\"d3a126b\" data-element_type=\"widget\" data-e-type=\"widget\" data-widget_type=\"spacer.default\">\n\t\t\t\t<div class=\"elementor-widget-container\">\n\t\t\t\t\t\t\t<div class=\"elementor-spacer\">\n\t\t\t<div class=\"elementor-spacer-inner\"><\/div>\n\t\t<\/div>\n\t\t\t\t\t\t<\/div>\n\t\t\t\t<\/div>\n\t\t\t\t<div class=\"elementor-element elementor-element-1717937 elementor-widget elementor-widget-heading\" data-id=\"1717937\" data-element_type=\"widget\" data-e-type=\"widget\" data-widget_type=\"heading.default\">\n\t\t\t\t<div class=\"elementor-widget-container\">\n\t\t\t\t\t<h3 class=\"elementor-heading-title elementor-size-default\">\u00bfQu\u00e9 es conducir bajo los efectos del alcohol?<\/h3>\t\t\t\t<\/div>\n\t\t\t\t<\/div>\n\t\t\t\t<div class=\"elementor-element elementor-element-2f80684 color-scheme-inherit text-left elementor-widget elementor-widget-text-editor\" data-id=\"2f80684\" data-element_type=\"widget\" data-e-type=\"widget\" data-widget_type=\"text-editor.default\">\n\t\t\t\t<div class=\"elementor-widget-container\">\n\t\t\t\t\t\t\t\t\t<p>Conducir bajo los efectos del alcohol ocurre cuando alguien bebe demasiado alcohol, consume drogas o toma ciertos medicamentos antes de conducir. Ser sorprendido conduciendo bajo los efectos del alcohol puede tener graves consecuencias. En los Pa\u00edses Bajos se considera un delito y puede acarrear antecedentes penales. Tambi\u00e9n puede perder su permiso de conducir y enfrentarse a medidas del CBR.<\/p><p>Las penas por este delito pueden da\u00f1ar significativamente su vida personal y su carrera. Es importante buscar ayuda legal inmediata de un abogado en una situaci\u00f3n as\u00ed.<\/p>\t\t\t\t\t\t\t\t<\/div>\n\t\t\t\t<\/div>\n\t\t\t\t<div class=\"elementor-element elementor-element-e5b4ae1 elementor-widget elementor-widget-spacer\" data-id=\"e5b4ae1\" data-element_type=\"widget\" data-e-type=\"widget\" data-widget_type=\"spacer.default\">\n\t\t\t\t<div class=\"elementor-widget-container\">\n\t\t\t\t\t\t\t<div class=\"elementor-spacer\">\n\t\t\t<div class=\"elementor-spacer-inner\"><\/div>\n\t\t<\/div>\n\t\t\t\t\t\t<\/div>\n\t\t\t\t<\/div>\n\t\t\t\t<div class=\"elementor-element elementor-element-3e6586f elementor-widget elementor-widget-heading\" data-id=\"3e6586f\" data-element_type=\"widget\" data-e-type=\"widget\" data-widget_type=\"heading.default\">\n\t\t\t\t<div class=\"elementor-widget-container\">\n\t\t\t\t\t<h3 class=\"elementor-heading-title elementor-size-default\">Inhabilitaci\u00f3n para conducir <\/h3>\t\t\t\t<\/div>\n\t\t\t\t<\/div>\n\t\t\t\t<div class=\"elementor-element elementor-element-15e6b19 color-scheme-inherit text-left elementor-widget elementor-widget-text-editor\" data-id=\"15e6b19\" data-element_type=\"widget\" data-e-type=\"widget\" data-widget_type=\"text-editor.default\">\n\t\t\t\t<div class=\"elementor-widget-container\">\n\t\t\t\t\t\t\t\t\t<p>Es ilegal conducir un veh\u00edculo bajo los efectos del alcohol, drogas o f\u00e1rmacos espec\u00edficos que puedan afectar a la capacidad de conducci\u00f3n. La sanci\u00f3n depende del nivel de alcoholemia. En la mayor\u00eda de los casos, se traduce en una multa, pero si la tasa de alcoholemia supera 1,3, el fiscal suele pedir al juez que imponga una prohibici\u00f3n de conducir, que oscila entre 6 meses y 5 a\u00f1os para los casos graves.<\/p>\t\t\t\t\t\t\t\t<\/div>\n\t\t\t\t<\/div>\n\t\t\t\t<div class=\"elementor-element elementor-element-0fff3b6 elementor-widget elementor-widget-spacer\" data-id=\"0fff3b6\" data-element_type=\"widget\" data-e-type=\"widget\" data-widget_type=\"spacer.default\">\n\t\t\t\t<div class=\"elementor-widget-container\">\n\t\t\t\t\t\t\t<div class=\"elementor-spacer\">\n\t\t\t<div class=\"elementor-spacer-inner\"><\/div>\n\t\t<\/div>\n\t\t\t\t\t\t<\/div>\n\t\t\t\t<\/div>\n\t\t\t\t<div class=\"elementor-element elementor-element-dbcb558 elementor-widget elementor-widget-heading\" data-id=\"dbcb558\" data-element_type=\"widget\" data-e-type=\"widget\" data-widget_type=\"heading.default\">\n\t\t\t\t<div class=\"elementor-widget-container\">\n\t\t\t\t\t<h3 class=\"elementor-heading-title elementor-size-default\">Procedimiento policial en caso de conducci\u00f3n sospechosa<\/h3>\t\t\t\t<\/div>\n\t\t\t\t<\/div>\n\t\t\t\t<div class=\"elementor-element elementor-element-b754519 color-scheme-inherit text-left elementor-widget elementor-widget-text-editor\" data-id=\"b754519\" data-element_type=\"widget\" data-e-type=\"widget\" data-widget_type=\"text-editor.default\">\n\t\t\t\t<div class=\"elementor-widget-container\">\n\t\t\t\t\t\t\t\t\t<p>Cuando la polic\u00eda le detiene por conducir, puede realizarle pruebas in situ para comprobar su consumo de alcohol o drogas. Esto suele hacerse mediante una prueba de alcoholemia o de saliva. Tambi\u00e9n existe una tercera opci\u00f3n de prueba para situaciones en las que las pruebas mencionadas no son posibles. Esta prueba consiste en evaluar sus funciones psicomotoras, as\u00ed como sus habilidades oculares y del habla. En este caso, un agente de polic\u00eda comprueba si sus ojos siguen pareciendo normales, si todav\u00eda puede hablar con normalidad y si todav\u00eda puede caminar en l\u00ednea recta.<\/p><p>Si alguna de estas pruebas indica que ha consumido demasiado alcohol o drogas, le llevar\u00e1n a comisar\u00eda como sospechoso de conducir bajo los efectos del alcohol. Aqu\u00ed se evaluar\u00e1 m\u00e1s a fondo su situaci\u00f3n mediante an\u00e1lisis de aliento o de sangre para determinar con mayor precisi\u00f3n la cantidad de alcohol o drogas que hay en su organismo. Si esto supera los l\u00edmites legales, puede dar lugar a una inhabilitaci\u00f3n para conducir y usted puede recibir una condena penal o una citaci\u00f3n por conducir bajo los efectos del alcohol.<\/p>\t\t\t\t\t\t\t\t<\/div>\n\t\t\t\t<\/div>\n\t\t\t\t<div class=\"elementor-element elementor-element-dfbb379 elementor-widget elementor-widget-spacer\" data-id=\"dfbb379\" data-element_type=\"widget\" data-e-type=\"widget\" data-widget_type=\"spacer.default\">\n\t\t\t\t<div class=\"elementor-widget-container\">\n\t\t\t\t\t\t\t<div class=\"elementor-spacer\">\n\t\t\t<div class=\"elementor-spacer-inner\"><\/div>\n\t\t<\/div>\n\t\t\t\t\t\t<\/div>\n\t\t\t\t<\/div>\n\t\t\t\t<div class=\"elementor-element elementor-element-a05064b elementor-widget elementor-widget-heading\" data-id=\"a05064b\" data-element_type=\"widget\" data-e-type=\"widget\" data-widget_type=\"heading.default\">\n\t\t\t\t<div class=\"elementor-widget-container\">\n\t\t\t\t\t<h3 class=\"elementor-heading-title elementor-size-default\">L\u00edmites de alcoholemia al volante<\/h3>\t\t\t\t<\/div>\n\t\t\t\t<\/div>\n\t\t\t\t<div class=\"elementor-element elementor-element-9efbd9d color-scheme-inherit text-left elementor-widget elementor-widget-text-editor\" data-id=\"9efbd9d\" data-element_type=\"widget\" data-e-type=\"widget\" data-widget_type=\"text-editor.default\">\n\t\t\t\t<div class=\"elementor-widget-container\">\n\t\t\t\t\t\t\t\t\t<p>Se han establecido l\u00edmites m\u00e1ximos permitidos para varios agentes.<\/p><p><strong>Consumo de drogas:<\/strong> si conduce bajo los efectos de las drogas y supera los l\u00edmites establecidos su <a href=\"https:\/\/www.derbedrosian.nl\/es\/jurisdicciones\/derecho-penal\/permiso-de-conducir-confiscado\/\">confiscaci\u00f3n del permiso de conducir.<\/a> Esto se aplica a las siguientes superaciones, a saber:<\/p><ul><li>50 microgramos de anfetamina<\/li><li>3 microgramos de cannabis<\/li><li>20 microgramos de morfina<\/li><li>10 miligramos de GHB<\/li><li>3,0 microgramos de THC<\/li><\/ul><p>Estas cantidades son por litro de sangre en su cuerpo.<\/p><p><strong>Contenido alcoh\u00f3lico<\/strong>: cuando su nivel de alcohol en sangre es superior a 1,3 por mil. Para los conductores noveles, el l\u00edmite es de 0,8 por mil.<\/p>\t\t\t\t\t\t\t\t<\/div>\n\t\t\t\t<\/div>\n\t\t\t\t<div class=\"elementor-element elementor-element-7b9d133 elementor-widget elementor-widget-spacer\" data-id=\"7b9d133\" data-element_type=\"widget\" data-e-type=\"widget\" data-widget_type=\"spacer.default\">\n\t\t\t\t<div class=\"elementor-widget-container\">\n\t\t\t\t\t\t\t<div class=\"elementor-spacer\">\n\t\t\t<div class=\"elementor-spacer-inner\"><\/div>\n\t\t<\/div>\n\t\t\t\t\t\t<\/div>\n\t\t\t\t<\/div>\n\t\t\t\t<div class=\"elementor-element elementor-element-61f526b elementor-widget elementor-widget-heading\" data-id=\"61f526b\" data-element_type=\"widget\" data-e-type=\"widget\" data-widget_type=\"heading.default\">\n\t\t\t\t<div class=\"elementor-widget-container\">\n\t\t\t\t\t<h3 class=\"elementor-heading-title elementor-size-default\">Comparecencia ante el juez de polic\u00eda y audiencia OM<\/h3>\t\t\t\t<\/div>\n\t\t\t\t<\/div>\n\t\t\t\t<div class=\"elementor-element elementor-element-d5f6626 color-scheme-inherit text-left elementor-widget elementor-widget-text-editor\" data-id=\"d5f6626\" data-element_type=\"widget\" data-e-type=\"widget\" data-widget_type=\"text-editor.default\">\n\t\t\t\t<div class=\"elementor-widget-container\">\n\t\t\t\t\t\t\t\t\t<p>Antes de recibir una notificaci\u00f3n de sanci\u00f3n por conducir bajo los efectos del alcohol, normalmente recibir\u00e1 primero una invitaci\u00f3n del Ministerio Fiscal para comparecer en una vista, en la que el fiscal le comunicar\u00e1 la pena que tiene intenci\u00f3n de imponerle.<\/p><p>Si no est\u00e1 de acuerdo con la pena impuesta por el fiscal, puede oponerse a ella, lo que dar\u00e1 lugar a una citaci\u00f3n para una vista en el tribunal de polic\u00eda.<br \/>Tambi\u00e9n hay casos en los que el juez de polic\u00eda est\u00e1 directamente implicado en un caso. Entonces no recibir\u00e1 una invitaci\u00f3n para la audiencia de la OM, sino que ser\u00e1 citado directamente para comparecer ante el juez policial. Esto s\u00f3lo ocurre en casos graves, como altas tasas de alcoholemia o reincidencia.<\/p>\t\t\t\t\t\t\t\t<\/div>\n\t\t\t\t<\/div>\n\t\t\t\t<div class=\"elementor-element elementor-element-1b3ff3a elementor-widget elementor-widget-spacer\" data-id=\"1b3ff3a\" data-element_type=\"widget\" data-e-type=\"widget\" data-widget_type=\"spacer.default\">\n\t\t\t\t<div class=\"elementor-widget-container\">\n\t\t\t\t\t\t\t<div class=\"elementor-spacer\">\n\t\t\t<div class=\"elementor-spacer-inner\"><\/div>\n\t\t<\/div>\n\t\t\t\t\t\t<\/div>\n\t\t\t\t<\/div>\n\t\t\t\t<div class=\"elementor-element elementor-element-911b591 elementor-widget elementor-widget-heading\" data-id=\"911b591\" data-element_type=\"widget\" data-e-type=\"widget\" data-widget_type=\"heading.default\">\n\t\t\t\t<div class=\"elementor-widget-container\">\n\t\t\t\t\t<h3 class=\"elementor-heading-title elementor-size-default\">Permiso de conducir por puntos<\/h3>\t\t\t\t<\/div>\n\t\t\t\t<\/div>\n\t\t\t\t<div class=\"elementor-element elementor-element-8a6f7f8 color-scheme-inherit text-left elementor-widget elementor-widget-text-editor\" data-id=\"8a6f7f8\" data-element_type=\"widget\" data-e-type=\"widget\" data-widget_type=\"text-editor.default\">\n\t\t\t\t<div class=\"elementor-widget-container\">\n\t\t\t\t\t\t\t\t\tEl permiso de conducir por puntos es un sistema aplicable a todos los conductores para evitar la conducci\u00f3n bajo los efectos del alcohol. Si le pillan dos veces en el plazo de cinco a\u00f1os con una tasa de alcoholemia de al menos 1,3, perder\u00e1 el permiso de conducir. M\u00e1s informaci\u00f3n sobre el permiso de conducir por puntos.\n\n\t\t\t\t\t\t\t\t<\/div>\n\t\t\t\t<\/div>\n\t\t\t\t<div class=\"elementor-element elementor-element-79bc39b elementor-widget elementor-widget-spacer\" data-id=\"79bc39b\" data-element_type=\"widget\" data-e-type=\"widget\" data-widget_type=\"spacer.default\">\n\t\t\t\t<div class=\"elementor-widget-container\">\n\t\t\t\t\t\t\t<div class=\"elementor-spacer\">\n\t\t\t<div class=\"elementor-spacer-inner\"><\/div>\n\t\t<\/div>\n\t\t\t\t\t\t<\/div>\n\t\t\t\t<\/div>\n\t\t\t\t<div class=\"elementor-element elementor-element-163cff7 elementor-widget elementor-widget-heading\" data-id=\"163cff7\" data-element_type=\"widget\" data-e-type=\"widget\" data-widget_type=\"heading.default\">\n\t\t\t\t<div class=\"elementor-widget-container\">\n\t\t\t\t\t<h3 class=\"elementor-heading-title elementor-size-default\">Recuperaci\u00f3n del permiso de conducir gracias a una denuncia<\/h3>\t\t\t\t<\/div>\n\t\t\t\t<\/div>\n\t\t\t\t<div class=\"elementor-element elementor-element-268b21f color-scheme-inherit text-left elementor-widget elementor-widget-text-editor\" data-id=\"268b21f\" data-element_type=\"widget\" data-e-type=\"widget\" data-widget_type=\"text-editor.default\">\n\t\t\t\t<div class=\"elementor-widget-container\">\n\t\t\t\t\t\t\t\t\t<p>Tras confiscarle el permiso de conducir, se remitir\u00e1 al fiscal, que decidir\u00e1 sobre la retenci\u00f3n de su permiso en un plazo de 10 d\u00edas. El caso se someter\u00e1 a los tribunales en un plazo de seis meses. El fiscal tambi\u00e9n puede decidir remitir su permiso de conducir al CBR, especialmente en casos de alta tasa de alcoholemia, consumo de drogas o reincidencia.<\/p><p>Es importante presentar una notificaci\u00f3n de reclamaci\u00f3n para la devoluci\u00f3n de su permiso de conducir lo antes posible. Una notificaci\u00f3n de reclamaci\u00f3n es una carta que una persona escribe al tribunal para quejarse o protestar contra algo que ha decidido un organismo gubernamental.<\/p>\t\t\t\t\t\t\t\t<\/div>\n\t\t\t\t<\/div>\n\t\t\t\t<div class=\"elementor-element elementor-element-ad59f66 elementor-widget elementor-widget-spacer\" data-id=\"ad59f66\" data-element_type=\"widget\" data-e-type=\"widget\" data-widget_type=\"spacer.default\">\n\t\t\t\t<div class=\"elementor-widget-container\">\n\t\t\t\t\t\t\t<div class=\"elementor-spacer\">\n\t\t\t<div class=\"elementor-spacer-inner\"><\/div>\n\t\t<\/div>\n\t\t\t\t\t\t<\/div>\n\t\t\t\t<\/div>\n\t\t\t\t<div class=\"elementor-element elementor-element-61ebe16 elementor-widget elementor-widget-heading\" data-id=\"61ebe16\" data-element_type=\"widget\" data-e-type=\"widget\" data-widget_type=\"heading.default\">\n\t\t\t\t<div class=\"elementor-widget-container\">\n\t\t\t\t\t<h3 class=\"elementor-heading-title elementor-size-default\">Abogado conducci\u00f3n bajo los efectos del alcohol<\/h3>\t\t\t\t<\/div>\n\t\t\t\t<\/div>\n\t\t\t\t<div class=\"elementor-element elementor-element-d10e8b1 color-scheme-inherit text-left elementor-widget elementor-widget-text-editor\" data-id=\"d10e8b1\" data-element_type=\"widget\" data-e-type=\"widget\" data-widget_type=\"text-editor.default\">\n\t\t\t\t<div class=\"elementor-widget-container\">\n\t\t\t\t\t\t\t\t\t<p>Por ello, se recomienda presentar su caso a un abogado que pueda ayudarle con su defensa y determinar los pasos a seguir.<\/p><p>P\u00f3ngase en contacto con uno de <a href=\"https:\/\/www.derbedrosian.nl\/es\/abogados\/\">nuestros experimentados abogados<\/a> para una consulta. Nuestros abogados del bufete Derbedrosian tienen a\u00f1os de experiencia en derecho penal de tr\u00e1fico y pondr\u00e1n sus conocimientos a trabajar para conseguir el mejor resultado para usted.<\/p>\t\t\t\t\t\t\t\t<\/div>\n\t\t\t\t<\/div>\n\t\t\t\t\t<\/div>\n\t\t\t\t<\/div>\n\t\t\t\t<\/div>","protected":false},"excerpt":{"rendered":"<p>conducir bajo los efectos del alcohol abogado abogado conducir bajo los efectos del alcohol conducir bajo los efectos del alcohol polic\u00eda permiso de conducir confiscado abogado derecho penal Overijssel abogado<\/p>","protected":false},"author":1,"featured_media":0,"parent":10047,"menu_order":0,"comment_status":"closed","ping_status":"closed","template":"","meta":{"footnotes":""},"class_list":["post-10552","page","type-page","status-publish","hentry"],"_links":{"self":[{"href":"https:\/\/www.derbedrosian.nl\/es\/wp-json\/wp\/v2\/pages\/10552","targetHints":{"allow":["GET"]}}],"collection":[{"href":"https:\/\/www.derbedrosian.nl\/es\/wp-json\/wp\/v2\/pages"}],"about":[{"href":"https:\/\/www.derbedrosian.nl\/es\/wp-json\/wp\/v2\/types\/page"}],"author":[{"embeddable":true,"href":"https:\/\/www.derbedrosian.nl\/es\/wp-json\/wp\/v2\/users\/1"}],"replies":[{"embeddable":true,"href":"https:\/\/www.derbedrosian.nl\/es\/wp-json\/wp\/v2\/comments?post=10552"}],"version-history":[{"count":0,"href":"https:\/\/www.derbedrosian.nl\/es\/wp-json\/wp\/v2\/pages\/10552\/revisions"}],"up":[{"embeddable":true,"href":"https:\/\/www.derbedrosian.nl\/es\/wp-json\/wp\/v2\/pages\/10047"}],"wp:attachment":[{"href":"https:\/\/www.derbedrosian.nl\/es\/wp-json\/wp\/v2\/media?parent=10552"}],"curies":[{"name":"wp","href":"https:\/\/api.w.org\/{rel}","templated":true}]}}