{"id":10523,"date":"2023-05-26T09:57:41","date_gmt":"2023-05-26T07:57:41","guid":{"rendered":"https:\/\/derbedrosian.nl\/?page_id=10523"},"modified":"2025-12-21T15:40:17","modified_gmt":"2025-12-21T13:40:17","slug":"robo","status":"publish","type":"page","link":"https:\/\/www.derbedrosian.nl\/es\/rechtsgebieden\/strafrecht\/diefstal\/","title":{"rendered":"Robo"},"content":{"rendered":"<div data-elementor-type=\"wp-page\" data-elementor-id=\"10523\" class=\"elementor elementor-10523\" data-elementor-post-type=\"page\">\n\t\t\t\t<div class=\"wd-negative-gap elementor-element elementor-element-7fff01d e-flex e-con-boxed e-con e-parent\" data-id=\"7fff01d\" data-element_type=\"container\" data-e-type=\"container\">\n\t\t\t\t\t<div class=\"e-con-inner\">\n\t\t\t\t<div class=\"elementor-element elementor-element-6fe2a61 elementor-hidden-desktop elementor-hidden-tablet elementor-hidden-mobile elementor-widget elementor-widget-wd_image_or_svg\" data-id=\"6fe2a61\" data-element_type=\"widget\" data-e-type=\"widget\" id=\"seo-word\" data-widget_type=\"wd_image_or_svg.default\">\n\t\t\t\t<div class=\"elementor-widget-container\">\n\t\t\t\t\t\n\t\t<div class=\"wd-image text-left\">\n\t\t\t\t\t\t\t\t<img loading=\"lazy\" decoding=\"async\" width=\"1000\" height=\"750\" src=\"https:\/\/www.derbedrosian.nl\/wp-content\/uploads\/rechtsgebied-diefstal.jpg\" class=\"attachment-full size-full\" alt=\"robo sanci\u00f3n abogado seguro denuncia polic\u00eda derecho penal\" srcset=\"https:\/\/www.derbedrosian.nl\/wp-content\/uploads\/rechtsgebied-diefstal.jpg 1000w, https:\/\/www.derbedrosian.nl\/wp-content\/uploads\/rechtsgebied-diefstal-400x300.jpg 400w, https:\/\/www.derbedrosian.nl\/wp-content\/uploads\/rechtsgebied-diefstal-768x576.jpg 768w\" sizes=\"auto, (max-width: 1000px) 100vw, 1000px\" title=\"\">\t\t\t\t\t<\/div>\n\n\t\t\t\t\t\t<\/div>\n\t\t\t\t<\/div>\n\t\t\t\t<div class=\"elementor-element elementor-element-9bc99d8 elementor-hidden-desktop elementor-hidden-tablet elementor-hidden-mobile elementor-widget elementor-widget-heading\" data-id=\"9bc99d8\" data-element_type=\"widget\" data-e-type=\"widget\" id=\"seo-word\" data-widget_type=\"heading.default\">\n\t\t\t\t<div class=\"elementor-widget-container\">\n\t\t\t\t\t<h5 class=\"elementor-heading-title elementor-size-default\">robo de sanciones<\/h5>\t\t\t\t<\/div>\n\t\t\t\t<\/div>\n\t\t\t\t<div class=\"elementor-element elementor-element-75ec799 elementor-hidden-desktop elementor-hidden-tablet elementor-hidden-mobile elementor-widget elementor-widget-heading\" data-id=\"75ec799\" data-element_type=\"widget\" data-e-type=\"widget\" id=\"seo-word\" data-widget_type=\"heading.default\">\n\t\t\t\t<div class=\"elementor-widget-container\">\n\t\t\t\t\t<h5 class=\"elementor-heading-title elementor-size-default\">abogado de robos <\/h5>\t\t\t\t<\/div>\n\t\t\t\t<\/div>\n\t\t\t\t<div class=\"elementor-element elementor-element-d2fa426 elementor-hidden-desktop elementor-hidden-tablet elementor-hidden-mobile elementor-widget elementor-widget-heading\" data-id=\"d2fa426\" data-element_type=\"widget\" data-e-type=\"widget\" id=\"seo-word\" data-widget_type=\"heading.default\">\n\t\t\t\t<div class=\"elementor-widget-container\">\n\t\t\t\t\t<h5 class=\"elementor-heading-title elementor-size-default\">denuncia de robo polic\u00eda <\/h5>\t\t\t\t<\/div>\n\t\t\t\t<\/div>\n\t\t\t\t<div class=\"elementor-element elementor-element-c8022ec elementor-hidden-desktop elementor-hidden-tablet elementor-hidden-mobile elementor-widget elementor-widget-heading\" data-id=\"c8022ec\" data-element_type=\"widget\" data-e-type=\"widget\" id=\"seo-word\" data-widget_type=\"heading.default\">\n\t\t\t\t<div class=\"elementor-widget-container\">\n\t\t\t\t\t<h5 class=\"elementor-heading-title elementor-size-default\">seguro contra robo<\/h5>\t\t\t\t<\/div>\n\t\t\t\t<\/div>\n\t\t\t\t<div class=\"elementor-element elementor-element-62a93d5 elementor-hidden-desktop elementor-hidden-tablet elementor-hidden-mobile elementor-widget elementor-widget-heading\" data-id=\"62a93d5\" data-element_type=\"widget\" data-e-type=\"widget\" id=\"seo-word\" data-widget_type=\"heading.default\">\n\t\t\t\t<div class=\"elementor-widget-container\">\n\t\t\t\t\t<h5 class=\"elementor-heading-title elementor-size-default\">fraude por malversaci\u00f3n<\/h5>\t\t\t\t<\/div>\n\t\t\t\t<\/div>\n\t\t\t\t<div class=\"elementor-element elementor-element-b4012a8 elementor-hidden-desktop elementor-hidden-tablet elementor-hidden-mobile elementor-widget elementor-widget-heading\" data-id=\"b4012a8\" data-element_type=\"widget\" data-e-type=\"widget\" id=\"seo-word\" data-widget_type=\"heading.default\">\n\t\t\t\t<div class=\"elementor-widget-container\">\n\t\t\t\t\t<h5 class=\"elementor-heading-title elementor-size-default\">diferencia entre robo, fraude, receptaci\u00f3n y malversaci\u00f3n<\/h5>\t\t\t\t<\/div>\n\t\t\t\t<\/div>\n\t\t\t\t<div class=\"elementor-element elementor-element-71e6575 color-scheme-inherit text-left elementor-widget elementor-widget-text-editor\" data-id=\"71e6575\" data-element_type=\"widget\" data-e-type=\"widget\" data-widget_type=\"text-editor.default\">\n\t\t\t\t<div class=\"elementor-widget-container\">\n\t\t\t\t\t\t\t\t\t<p><strong>El robo es un delito que se toma muy en serio en los Pa\u00edses Bajos. Dado que comprende aproximadamente la mitad de todos los delitos en los Pa\u00edses Bajos, es tambi\u00e9n el primer tipo de delito m\u00e1s com\u00fan.<\/strong><\/p>\t\t\t\t\t\t\t\t<\/div>\n\t\t\t\t<\/div>\n\t\t\t\t<div class=\"elementor-element elementor-element-8c6bfbd elementor-widget elementor-widget-spacer\" data-id=\"8c6bfbd\" data-element_type=\"widget\" data-e-type=\"widget\" data-widget_type=\"spacer.default\">\n\t\t\t\t<div class=\"elementor-widget-container\">\n\t\t\t\t\t\t\t<div class=\"elementor-spacer\">\n\t\t\t<div class=\"elementor-spacer-inner\"><\/div>\n\t\t<\/div>\n\t\t\t\t\t\t<\/div>\n\t\t\t\t<\/div>\n\t\t\t\t<div class=\"elementor-element elementor-element-2302821 elementor-widget elementor-widget-heading\" data-id=\"2302821\" data-element_type=\"widget\" data-e-type=\"widget\" data-widget_type=\"heading.default\">\n\t\t\t\t<div class=\"elementor-widget-container\">\n\t\t\t\t\t<h3 class=\"elementor-heading-title elementor-size-default\">\u00bfQu\u00e9 entra en la categor\u00eda de robo?<\/h3>\t\t\t\t<\/div>\n\t\t\t\t<\/div>\n\t\t\t\t<div class=\"elementor-element elementor-element-c080a89 color-scheme-inherit text-left elementor-widget elementor-widget-text-editor\" data-id=\"c080a89\" data-element_type=\"widget\" data-e-type=\"widget\" data-widget_type=\"text-editor.default\">\n\t\t\t\t<div class=\"elementor-widget-container\">\n\t\t\t\t\t\t\t\t\t<p>Seg\u00fan el art\u00edculo 310 del C\u00f3digo Penal, el hurto est\u00e1 tipificado como delito de la siguiente manera: \"El que sustrajere cualquier bien perteneciente en todo o en parte a otro, con la intenci\u00f3n de apropi\u00e1rselo il\u00edcitamente\".<\/p><p>Significa que un ladr\u00f3n toma algo de otra persona sin permiso. Puede incluir cosas que se pueden agarrar f\u00edsicamente (objetos materiales), como un patinete y un tel\u00e9fono, as\u00ed como cosas que no se pueden tocar (objetos intangibles), como art\u00edculos en l\u00ednea y electricidad.<\/p>\t\t\t\t\t\t\t\t<\/div>\n\t\t\t\t<\/div>\n\t\t\t\t<div class=\"elementor-element elementor-element-06792ed elementor-widget elementor-widget-spacer\" data-id=\"06792ed\" data-element_type=\"widget\" data-e-type=\"widget\" data-widget_type=\"spacer.default\">\n\t\t\t\t<div class=\"elementor-widget-container\">\n\t\t\t\t\t\t\t<div class=\"elementor-spacer\">\n\t\t\t<div class=\"elementor-spacer-inner\"><\/div>\n\t\t<\/div>\n\t\t\t\t\t\t<\/div>\n\t\t\t\t<\/div>\n\t\t\t\t<div class=\"elementor-element elementor-element-8f42e4b elementor-widget elementor-widget-heading\" data-id=\"8f42e4b\" data-element_type=\"widget\" data-e-type=\"widget\" data-widget_type=\"heading.default\">\n\t\t\t\t<div class=\"elementor-widget-container\">\n\t\t\t\t\t<h3 class=\"elementor-heading-title elementor-size-default\">\u00bfCu\u00e1l es la diferencia entre robo, fraude, manipulaci\u00f3n y malversaci\u00f3n?<\/h3>\t\t\t\t<\/div>\n\t\t\t\t<\/div>\n\t\t\t\t<div class=\"elementor-element elementor-element-272881e color-scheme-inherit text-left elementor-widget elementor-widget-text-editor\" data-id=\"272881e\" data-element_type=\"widget\" data-e-type=\"widget\" data-widget_type=\"text-editor.default\">\n\t\t\t\t<div class=\"elementor-widget-container\">\n\t\t\t\t\t\t\t\t\t<p>Como ya se ha mencionado, hablamos de robo cuando un ladr\u00f3n se apodera de algo que pertenece a otro sin haber tenido permiso para ello.<\/p><ul><li><strong>Fraude<\/strong>: el fraude es tambi\u00e9n una forma de robo, en la que la falsificaci\u00f3n o el enga\u00f1o pueden utilizarse para obtener ventajas perdiendo a la v\u00edctima, que puede ser no s\u00f3lo una persona sino tambi\u00e9n una empresa.<\/li><li><strong><a href=\"https:\/\/www.derbedrosian.nl\/es\/jurisdicciones\/derecho-penal\/apagon\/\">Apag\u00f3n:<\/a><\/strong> Un ladr\u00f3n se lleva algo, mientras que un malversador ya est\u00e1 en posesi\u00f3n legal del bien. Por ejemplo, si usted coge un libro de una biblioteca sin permiso, eso es robo. Pero si toma prestado ese libro y deliberadamente no lo devuelve, eso es malversaci\u00f3n.<\/li><li><a href=\"https:\/\/www.derbedrosian.nl\/es\/jurisdicciones\/derecho-penal\/curacion\/\"><strong>Curaci\u00f3n:<\/strong> <\/a>La receptaci\u00f3n se produce cuando usted adquiere, posee o transfiere un bien cuando sab\u00eda o deber\u00eda haber sabido que el bien proced\u00eda de un delito. Por lo tanto, si compra una bicicleta robada, es culpable de recibir bienes robados. Esto tambi\u00e9n se aplica si compra una bicicleta a alguien de quien sospecha que es robada.<\/li><\/ul><p>Es comprensible que todos estos t\u00e9rminos y diferencias le resulten muy confusos. Cuando se ponga en contacto con nosotros, podr\u00e1 hacernos m\u00e1s preguntas.<\/p>\t\t\t\t\t\t\t\t<\/div>\n\t\t\t\t<\/div>\n\t\t\t\t<div class=\"elementor-element elementor-element-bcf8d38 elementor-widget elementor-widget-spacer\" data-id=\"bcf8d38\" data-element_type=\"widget\" data-e-type=\"widget\" data-widget_type=\"spacer.default\">\n\t\t\t\t<div class=\"elementor-widget-container\">\n\t\t\t\t\t\t\t<div class=\"elementor-spacer\">\n\t\t\t<div class=\"elementor-spacer-inner\"><\/div>\n\t\t<\/div>\n\t\t\t\t\t\t<\/div>\n\t\t\t\t<\/div>\n\t\t\t\t<div class=\"elementor-element elementor-element-5771058 elementor-widget elementor-widget-heading\" data-id=\"5771058\" data-element_type=\"widget\" data-e-type=\"widget\" data-widget_type=\"heading.default\">\n\t\t\t\t<div class=\"elementor-widget-container\">\n\t\t\t\t\t<h3 class=\"elementor-heading-title elementor-size-default\">Sanciones por robo<\/h3>\t\t\t\t<\/div>\n\t\t\t\t<\/div>\n\t\t\t\t<div class=\"elementor-element elementor-element-3a03a8a color-scheme-inherit text-left elementor-widget elementor-widget-text-editor\" data-id=\"3a03a8a\" data-element_type=\"widget\" data-e-type=\"widget\" data-widget_type=\"text-editor.default\">\n\t\t\t\t<div class=\"elementor-widget-container\">\n\t\t\t\t\t\t\t\t\tPor un robo \"ordinario\", el juez puede imponerle un m\u00e1ximo de cuatro a\u00f1os de prisi\u00f3n o una multa de hasta m\u00e1s de 20.000 euros, lo que tambi\u00e9n se denomina una multa de 4\u00aa categor\u00eda. Si rob\u00f3 con otra persona, se arriesga a una pena de hasta seis a\u00f1os de prisi\u00f3n. El allanamiento de morada, el robo en la calle o el robo con fuerza pueden acarrear penas mayores, de hasta nueve a\u00f1os de prisi\u00f3n o multas de hasta 75.000 euros. Cuando se ha utilizado la violencia y la v\u00edctima ha sufrido lesiones o ha muerto, la pena puede llegar a los 15 a\u00f1os de prisi\u00f3n.\t\t\t\t\t\t\t\t<\/div>\n\t\t\t\t<\/div>\n\t\t\t\t<div class=\"elementor-element elementor-element-f6e89bf elementor-widget elementor-widget-spacer\" data-id=\"f6e89bf\" data-element_type=\"widget\" data-e-type=\"widget\" data-widget_type=\"spacer.default\">\n\t\t\t\t<div class=\"elementor-widget-container\">\n\t\t\t\t\t\t\t<div class=\"elementor-spacer\">\n\t\t\t<div class=\"elementor-spacer-inner\"><\/div>\n\t\t<\/div>\n\t\t\t\t\t\t<\/div>\n\t\t\t\t<\/div>\n\t\t\t\t<div class=\"elementor-element elementor-element-f081a6e elementor-widget elementor-widget-heading\" data-id=\"f081a6e\" data-element_type=\"widget\" data-e-type=\"widget\" data-widget_type=\"heading.default\">\n\t\t\t\t<div class=\"elementor-widget-container\">\n\t\t\t\t\t<h3 class=\"elementor-heading-title elementor-size-default\">Simple o cualificado<\/h3>\t\t\t\t<\/div>\n\t\t\t\t<\/div>\n\t\t\t\t<div class=\"elementor-element elementor-element-b826a12 color-scheme-inherit text-left elementor-widget elementor-widget-text-editor\" data-id=\"b826a12\" data-element_type=\"widget\" data-e-type=\"widget\" data-widget_type=\"text-editor.default\">\n\t\t\t\t<div class=\"elementor-widget-container\">\n\t\t\t\t\t\t\t\t\t<p>El juez tambi\u00e9n examina el tipo de robo que se ha producido. Hay dos, a saber, simple o cualificado.<\/p><ul><li><strong>Robo simple:<\/strong> Para el hurto simple, puede pensar en robar un tel\u00e9fono o hurtar en una tienda. En este caso, no hay circunstancias agravantes adicionales como el uso de un arma de fuego, si la v\u00edctima sufri\u00f3 una lesi\u00f3n, el robo con allanamiento de morada o la entrada en una propiedad privada sin permiso.<\/li><li><strong>Robo cualificado:<\/strong> Cuando hablamos de robo con agravantes, hablamos de robos en los que simplemente se dan estas circunstancias agravantes punitivas.<\/li><\/ul>\t\t\t\t\t\t\t\t<\/div>\n\t\t\t\t<\/div>\n\t\t\t\t<div class=\"elementor-element elementor-element-55eda99 elementor-widget elementor-widget-spacer\" data-id=\"55eda99\" data-element_type=\"widget\" data-e-type=\"widget\" data-widget_type=\"spacer.default\">\n\t\t\t\t<div class=\"elementor-widget-container\">\n\t\t\t\t\t\t\t<div class=\"elementor-spacer\">\n\t\t\t<div class=\"elementor-spacer-inner\"><\/div>\n\t\t<\/div>\n\t\t\t\t\t\t<\/div>\n\t\t\t\t<\/div>\n\t\t\t\t<div class=\"elementor-element elementor-element-5dffb30 elementor-widget elementor-widget-heading\" data-id=\"5dffb30\" data-element_type=\"widget\" data-e-type=\"widget\" data-widget_type=\"heading.default\">\n\t\t\t\t<div class=\"elementor-widget-container\">\n\t\t\t\t\t<h3 class=\"elementor-heading-title elementor-size-default\">Reclamaci\u00f3n por privaci\u00f3n<\/h3>\t\t\t\t<\/div>\n\t\t\t\t<\/div>\n\t\t\t\t<div class=\"elementor-element elementor-element-1528668 color-scheme-inherit text-left elementor-widget elementor-widget-text-editor\" data-id=\"1528668\" data-element_type=\"widget\" data-e-type=\"widget\" data-widget_type=\"text-editor.default\">\n\t\t\t\t<div class=\"elementor-widget-container\">\n\t\t\t\t\t\t\t\t\t<p>Adem\u00e1s de las penas est\u00e1ndar que la fiscal\u00eda puede imponerle, tambi\u00e9n puede exigirle que devuelva el dinero o los bienes robados. Si no lo hace, pueden surgir m\u00e1s problemas.<\/p>\t\t\t\t\t\t\t\t<\/div>\n\t\t\t\t<\/div>\n\t\t\t\t<div class=\"elementor-element elementor-element-e82c6a8 elementor-widget elementor-widget-spacer\" data-id=\"e82c6a8\" data-element_type=\"widget\" data-e-type=\"widget\" data-widget_type=\"spacer.default\">\n\t\t\t\t<div class=\"elementor-widget-container\">\n\t\t\t\t\t\t\t<div class=\"elementor-spacer\">\n\t\t\t<div class=\"elementor-spacer-inner\"><\/div>\n\t\t<\/div>\n\t\t\t\t\t\t<\/div>\n\t\t\t\t<\/div>\n\t\t\t\t<div class=\"elementor-element elementor-element-656f271 elementor-widget elementor-widget-heading\" data-id=\"656f271\" data-element_type=\"widget\" data-e-type=\"widget\" data-widget_type=\"heading.default\">\n\t\t\t\t<div class=\"elementor-widget-container\">\n\t\t\t\t\t<h3 class=\"elementor-heading-title elementor-size-default\">Sospecha de robo y polic\u00eda <\/h3>\t\t\t\t<\/div>\n\t\t\t\t<\/div>\n\t\t\t\t<div class=\"elementor-element elementor-element-b03fbec color-scheme-inherit text-left elementor-widget elementor-widget-text-editor\" data-id=\"b03fbec\" data-element_type=\"widget\" data-e-type=\"widget\" data-widget_type=\"text-editor.default\">\n\t\t\t\t<div class=\"elementor-widget-container\">\n\t\t\t\t\t\t\t\t\t<p>\u00bfEs sospechoso de un robo? Si la polic\u00eda cree que ha robado algo, es prudente ejercer el derecho a guardar silencio hasta que haya hablado con un abogado. Esto se debe a que lo que se diga puede ser utilizado en su contra m\u00e1s adelante.<br \/>La polic\u00eda suele utilizar pruebas como im\u00e1genes de c\u00e1maras, huellas dactilares o ADN para demostrar que usted ha robado algo.\u00a0<\/p>\t\t\t\t\t\t\t\t<\/div>\n\t\t\t\t<\/div>\n\t\t\t\t<div class=\"elementor-element elementor-element-8efa27b elementor-widget elementor-widget-spacer\" data-id=\"8efa27b\" data-element_type=\"widget\" data-e-type=\"widget\" data-widget_type=\"spacer.default\">\n\t\t\t\t<div class=\"elementor-widget-container\">\n\t\t\t\t\t\t\t<div class=\"elementor-spacer\">\n\t\t\t<div class=\"elementor-spacer-inner\"><\/div>\n\t\t<\/div>\n\t\t\t\t\t\t<\/div>\n\t\t\t\t<\/div>\n\t\t\t\t<div class=\"elementor-element elementor-element-8f9a942 elementor-widget elementor-widget-heading\" data-id=\"8f9a942\" data-element_type=\"widget\" data-e-type=\"widget\" data-widget_type=\"heading.default\">\n\t\t\t\t<div class=\"elementor-widget-container\">\n\t\t\t\t\t<h3 class=\"elementor-heading-title elementor-size-default\">Se necesita abogado robo<\/h3>\t\t\t\t<\/div>\n\t\t\t\t<\/div>\n\t\t\t\t<div class=\"elementor-element elementor-element-a798277 color-scheme-inherit text-left elementor-widget elementor-widget-text-editor\" data-id=\"a798277\" data-element_type=\"widget\" data-e-type=\"widget\" data-widget_type=\"text-editor.default\">\n\t\t\t\t<div class=\"elementor-widget-container\">\n\t\t\t\t\t\t\t\t\t<p>A veces, la fiscal\u00eda tramita los casos de robo extrajudicialmente con una propuesta de transacci\u00f3n o una orden de castigo, que puede dar lugar a antecedentes penales. Una condena por robo puede causarle problemas en el futuro, como la obtenci\u00f3n de antecedentes penales y de un Certificado de Buena Conducta (VOG).<\/p><p>Una defensa s\u00f3lida es crucial si se le acusa de robo para evitar consecuencias negativas para usted. El experimentado <a href=\"https:\/\/www.derbedrosian.nl\/es\/abogados\/\">abogados penalistas<\/a> del bufete Der Bedrosian est\u00e1n especializados en el \u00e1mbito del robo.<\/p><p>As\u00ed que no dude en ponerse en contacto con nosotros para recibir asesoramiento gratuito y m\u00e1s asistencia jur\u00eddica en su caso.<\/p>\t\t\t\t\t\t\t\t<\/div>\n\t\t\t\t<\/div>\n\t\t\t\t\t<\/div>\n\t\t\t\t<\/div>\n\t\t\t\t<\/div>","protected":false},"excerpt":{"rendered":"<p>castigo robo abogado robo denuncia policia robo seguro esgrima malversacion fraude diferencia entre robo, fraude, esgrima y malversacion Robo<\/p>","protected":false},"author":1,"featured_media":0,"parent":10047,"menu_order":1,"comment_status":"closed","ping_status":"closed","template":"","meta":{"footnotes":""},"class_list":["post-10523","page","type-page","status-publish","hentry"],"_links":{"self":[{"href":"https:\/\/www.derbedrosian.nl\/es\/wp-json\/wp\/v2\/pages\/10523","targetHints":{"allow":["GET"]}}],"collection":[{"href":"https:\/\/www.derbedrosian.nl\/es\/wp-json\/wp\/v2\/pages"}],"about":[{"href":"https:\/\/www.derbedrosian.nl\/es\/wp-json\/wp\/v2\/types\/page"}],"author":[{"embeddable":true,"href":"https:\/\/www.derbedrosian.nl\/es\/wp-json\/wp\/v2\/users\/1"}],"replies":[{"embeddable":true,"href":"https:\/\/www.derbedrosian.nl\/es\/wp-json\/wp\/v2\/comments?post=10523"}],"version-history":[{"count":0,"href":"https:\/\/www.derbedrosian.nl\/es\/wp-json\/wp\/v2\/pages\/10523\/revisions"}],"up":[{"embeddable":true,"href":"https:\/\/www.derbedrosian.nl\/es\/wp-json\/wp\/v2\/pages\/10047"}],"wp:attachment":[{"href":"https:\/\/www.derbedrosian.nl\/es\/wp-json\/wp\/v2\/media?parent=10523"}],"curies":[{"name":"wp","href":"https:\/\/api.w.org\/{rel}","templated":true}]}}