{"id":10496,"date":"2023-05-25T15:48:45","date_gmt":"2023-05-25T13:48:45","guid":{"rendered":"https:\/\/derbedrosian.nl\/?page_id=10496"},"modified":"2025-12-20T18:19:36","modified_gmt":"2025-12-20T16:19:36","slug":"parte-perjudicada","status":"publish","type":"page","link":"https:\/\/www.derbedrosian.nl\/es\/rechtsgebieden\/strafrecht\/benadeelde-partij\/","title":{"rendered":"Parte agraviada"},"content":{"rendered":"<div data-elementor-type=\"wp-page\" data-elementor-id=\"10496\" class=\"elementor elementor-10496\" data-elementor-post-type=\"page\">\n\t\t\t\t<div class=\"wd-negative-gap elementor-element elementor-element-fec9aae elementor-hidden-desktop elementor-hidden-tablet elementor-hidden-mobile e-flex e-con-boxed e-con e-parent\" data-id=\"fec9aae\" data-element_type=\"container\" data-e-type=\"container\" id=\"seo-word\">\n\t\t\t\t\t<div class=\"e-con-inner\">\n\t\t\t\t<div class=\"elementor-element elementor-element-1b7eb8a elementor-widget elementor-widget-wd_image_or_svg\" data-id=\"1b7eb8a\" data-element_type=\"widget\" data-e-type=\"widget\" id=\"seo-word\" data-widget_type=\"wd_image_or_svg.default\">\n\t\t\t\t<div class=\"elementor-widget-container\">\n\t\t\t\t\t\n\t\t<div class=\"wd-image text-left\">\n\t\t\t\t\t\t\t\t<img loading=\"lazy\" decoding=\"async\" width=\"1000\" height=\"667\" src=\"https:\/\/www.derbedrosian.nl\/wp-content\/uploads\/rechtsgebied-benadeelde-partij.jpg\" class=\"attachment-full size-full\" alt=\"parte perjudicada\" srcset=\"https:\/\/www.derbedrosian.nl\/wp-content\/uploads\/rechtsgebied-benadeelde-partij.jpg 1000w, https:\/\/www.derbedrosian.nl\/wp-content\/uploads\/rechtsgebied-benadeelde-partij-400x267.jpg 400w, https:\/\/www.derbedrosian.nl\/wp-content\/uploads\/rechtsgebied-benadeelde-partij-768x512.jpg 768w\" sizes=\"auto, (max-width: 1000px) 100vw, 1000px\" title=\"\">\t\t\t\t\t<\/div>\n\n\t\t\t\t\t\t<\/div>\n\t\t\t\t<\/div>\n\t\t\t\t<div class=\"elementor-element elementor-element-4c2bd62 elementor-widget elementor-widget-heading\" data-id=\"4c2bd62\" data-element_type=\"widget\" data-e-type=\"widget\" id=\"seo-word\" data-widget_type=\"heading.default\">\n\t\t\t\t<div class=\"elementor-widget-container\">\n\t\t\t\t\t<h2 class=\"elementor-heading-title elementor-size-default\">Parte agraviada <\/h2>\t\t\t\t<\/div>\n\t\t\t\t<\/div>\n\t\t\t\t<div class=\"elementor-element elementor-element-13eb15d elementor-widget elementor-widget-heading\" data-id=\"13eb15d\" data-element_type=\"widget\" data-e-type=\"widget\" id=\"seo-word\" data-widget_type=\"heading.default\">\n\t\t\t\t<div class=\"elementor-widget-container\">\n\t\t\t\t\t<h5 class=\"elementor-heading-title elementor-size-default\">Herido fallecido <\/h5>\t\t\t\t<\/div>\n\t\t\t\t<\/div>\n\t\t\t\t<div class=\"elementor-element elementor-element-55dbaa4 elementor-widget elementor-widget-heading\" data-id=\"55dbaa4\" data-element_type=\"widget\" data-e-type=\"widget\" id=\"seo-word\" data-widget_type=\"heading.default\">\n\t\t\t\t<div class=\"elementor-widget-container\">\n\t\t\t\t\t<h5 class=\"elementor-heading-title elementor-size-default\">Persona agraviada <\/h5>\t\t\t\t<\/div>\n\t\t\t\t<\/div>\n\t\t\t\t<div class=\"elementor-element elementor-element-cf86d78 elementor-widget elementor-widget-heading\" data-id=\"cf86d78\" data-element_type=\"widget\" data-e-type=\"widget\" id=\"seo-word\" data-widget_type=\"heading.default\">\n\t\t\t\t<div class=\"elementor-widget-container\">\n\t\t\t\t\t<h5 class=\"elementor-heading-title elementor-size-default\">tratamiento por separado de la reclamaci\u00f3n del perjudicado<\/h5>\t\t\t\t<\/div>\n\t\t\t\t<\/div>\n\t\t\t\t<div class=\"elementor-element elementor-element-da0da32 elementor-widget elementor-widget-heading\" data-id=\"da0da32\" data-element_type=\"widget\" data-e-type=\"widget\" id=\"seo-word\" data-widget_type=\"heading.default\">\n\t\t\t\t<div class=\"elementor-widget-container\">\n\t\t\t\t\t<h5 class=\"elementor-heading-title elementor-size-default\">del siniestro perjudicado<\/h5>\t\t\t\t<\/div>\n\t\t\t\t<\/div>\n\t\t\t\t<div class=\"elementor-element elementor-element-545a396 elementor-widget elementor-widget-heading\" data-id=\"545a396\" data-element_type=\"widget\" data-e-type=\"widget\" id=\"seo-word\" data-widget_type=\"heading.default\">\n\t\t\t\t<div class=\"elementor-widget-container\">\n\t\t\t\t\t<h5 class=\"elementor-heading-title elementor-size-default\">abogado penalista enschede<\/h5>\t\t\t\t<\/div>\n\t\t\t\t<\/div>\n\t\t\t\t<div class=\"elementor-element elementor-element-e5c8cdf elementor-widget elementor-widget-heading\" data-id=\"e5c8cdf\" data-element_type=\"widget\" data-e-type=\"widget\" id=\"seo-word\" data-widget_type=\"heading.default\">\n\t\t\t\t<div class=\"elementor-widget-container\">\n\t\t\t\t\t<h5 class=\"elementor-heading-title elementor-size-default\">abogado derecho penal overijssel<\/h5>\t\t\t\t<\/div>\n\t\t\t\t<\/div>\n\t\t\t\t<div class=\"elementor-element elementor-element-c84ea82 elementor-widget elementor-widget-heading\" data-id=\"c84ea82\" data-element_type=\"widget\" data-e-type=\"widget\" id=\"seo-word\" data-widget_type=\"heading.default\">\n\t\t\t\t<div class=\"elementor-widget-container\">\n\t\t\t\t\t<h5 class=\"elementor-heading-title elementor-size-default\">abogado penalista enschede<\/h5>\t\t\t\t<\/div>\n\t\t\t\t<\/div>\n\t\t\t\t<div class=\"elementor-element elementor-element-bc7cba2 elementor-widget elementor-widget-heading\" data-id=\"bc7cba2\" data-element_type=\"widget\" data-e-type=\"widget\" id=\"seo-word\" data-widget_type=\"heading.default\">\n\t\t\t\t<div class=\"elementor-widget-container\">\n\t\t\t\t\t<h5 class=\"elementor-heading-title elementor-size-default\">procedimiento de parte perjudicada <\/h5>\t\t\t\t<\/div>\n\t\t\t\t<\/div>\n\t\t\t\t<div class=\"elementor-element elementor-element-baf9e4d elementor-widget elementor-widget-heading\" data-id=\"baf9e4d\" data-element_type=\"widget\" data-e-type=\"widget\" id=\"seo-word\" data-widget_type=\"heading.default\">\n\t\t\t\t<div class=\"elementor-widget-container\">\n\t\t\t\t\t<h5 class=\"elementor-heading-title elementor-size-default\">En derecho penal, la parte perjudicada desempe\u00f1a un papel crucial en el proceso. Cuando alguien ha sufrido da\u00f1os como consecuencia de un delito penal, esa persona puede sumarse al proceso penal como parte perjudicada. El procedimiento de parte perjudicada ofrece la oportunidad de reclamar una indemnizaci\u00f3n al delincuente.\n\nEn algunos casos, la parte perjudicada puede haber fallecido. En tal caso, el pariente m\u00e1s pr\u00f3ximo puede asumir el papel de parte perjudicada para reclamar una indemnizaci\u00f3n. Es muy importante buscar asesoramiento jur\u00eddico en estas situaciones, especialmente si se encuentra en la regi\u00f3n de Enschede, Overijssel. Un abogado con experiencia en Enschede, Overijssel, puede asistirle en el procedimiento de parte perjudicada y ayudarle a obtener la indemnizaci\u00f3n que sea justa.<\/h5>\t\t\t\t<\/div>\n\t\t\t\t<\/div>\n\t\t\t\t\t<\/div>\n\t\t\t\t<\/div>\n\t\t<div class=\"wd-negative-gap elementor-element elementor-element-5543b11 e-flex e-con-boxed e-con e-parent\" data-id=\"5543b11\" data-element_type=\"container\" data-e-type=\"container\">\n\t\t\t\t\t<div class=\"e-con-inner\">\n\t\t\t\t<div class=\"elementor-element elementor-element-43bdcd8 color-scheme-inherit text-left elementor-widget elementor-widget-text-editor\" data-id=\"43bdcd8\" data-element_type=\"widget\" data-e-type=\"widget\" data-widget_type=\"text-editor.default\">\n\t\t\t\t<div class=\"elementor-widget-container\">\n\t\t\t\t\t\t\t\t\t<p><strong>\u00bfEs usted v\u00edctima de un delito? Entonces puede registrarse como perjudicado.<\/strong><\/p><p><strong>En este sentido, es aconsejable contar con la asistencia de uno de nuestros abogados penalistas, que podr\u00e1 cumplimentar el formulario en su nombre y ayudarle a reclamar una indemnizaci\u00f3n por da\u00f1os f\u00edsicos y dolor emocional.<\/strong><\/p>\t\t\t\t\t\t\t\t<\/div>\n\t\t\t\t<\/div>\n\t\t\t\t<div class=\"elementor-element elementor-element-fb9776e elementor-widget elementor-widget-spacer\" data-id=\"fb9776e\" data-element_type=\"widget\" data-e-type=\"widget\" data-widget_type=\"spacer.default\">\n\t\t\t\t<div class=\"elementor-widget-container\">\n\t\t\t\t\t\t\t<div class=\"elementor-spacer\">\n\t\t\t<div class=\"elementor-spacer-inner\"><\/div>\n\t\t<\/div>\n\t\t\t\t\t\t<\/div>\n\t\t\t\t<\/div>\n\t\t\t\t<div class=\"elementor-element elementor-element-ed045b2 elementor-widget elementor-widget-heading\" data-id=\"ed045b2\" data-element_type=\"widget\" data-e-type=\"widget\" data-widget_type=\"heading.default\">\n\t\t\t\t<div class=\"elementor-widget-container\">\n\t\t\t\t\t<h3 class=\"elementor-heading-title elementor-size-default\">\u00bfQu\u00e9 es una parte perjudicada?<\/h3>\t\t\t\t<\/div>\n\t\t\t\t<\/div>\n\t\t\t\t<div class=\"elementor-element elementor-element-1c7e99e color-scheme-inherit text-left elementor-widget elementor-widget-text-editor\" data-id=\"1c7e99e\" data-element_type=\"widget\" data-e-type=\"widget\" data-widget_type=\"text-editor.default\">\n\t\t\t\t<div class=\"elementor-widget-container\">\n\t\t\t\t\t\t\t\t\t<p>Una parte agraviada es alguien que ha sufrido da\u00f1os como consecuencia de un delito penal y puede reclamar una indemnizaci\u00f3n al acusado por ello en el proceso penal. Esto puede incluir da\u00f1os materiales, como ropa rota y bienes da\u00f1ados, as\u00ed como da\u00f1os emocionales. La presentaci\u00f3n de una solicitud de indemnizaci\u00f3n se realiza mediante un formulario de declaraci\u00f3n de da\u00f1os o un n\u00famero de acumulaci\u00f3n.<\/p>\t\t\t\t\t\t\t\t<\/div>\n\t\t\t\t<\/div>\n\t\t\t\t<div class=\"elementor-element elementor-element-f983b12 elementor-widget elementor-widget-spacer\" data-id=\"f983b12\" data-element_type=\"widget\" data-e-type=\"widget\" data-widget_type=\"spacer.default\">\n\t\t\t\t<div class=\"elementor-widget-container\">\n\t\t\t\t\t\t\t<div class=\"elementor-spacer\">\n\t\t\t<div class=\"elementor-spacer-inner\"><\/div>\n\t\t<\/div>\n\t\t\t\t\t\t<\/div>\n\t\t\t\t<\/div>\n\t\t\t\t<div class=\"elementor-element elementor-element-fb22814 elementor-widget elementor-widget-heading\" data-id=\"fb22814\" data-element_type=\"widget\" data-e-type=\"widget\" data-widget_type=\"heading.default\">\n\t\t\t\t<div class=\"elementor-widget-container\">\n\t\t\t\t\t<h3 class=\"elementor-heading-title elementor-size-default\">\u00bfQu\u00e9 es una forma de uni\u00f3n?<\/h3>\t\t\t\t<\/div>\n\t\t\t\t<\/div>\n\t\t\t\t<div class=\"elementor-element elementor-element-d85f3d6 color-scheme-inherit text-left elementor-widget elementor-widget-text-editor\" data-id=\"d85f3d6\" data-element_type=\"widget\" data-e-type=\"widget\" data-widget_type=\"text-editor.default\">\n\t\t\t\t<div class=\"elementor-widget-container\">\n\t\t\t\t\t\t\t\t\t<p>Un formulario de acumulaci\u00f3n es simplemente un formulario que usted rellena si es v\u00edctima de un delito y quiere participar en el juicio de la persona que cometi\u00f3 el delito. Con este formulario, usted solicita una indemnizaci\u00f3n por los da\u00f1os que ha sufrido a causa del delito. Le ayuda a proteger sus derechos y a participar en el caso contra el autor del delito.<\/p>\t\t\t\t\t\t\t\t<\/div>\n\t\t\t\t<\/div>\n\t\t\t\t<div class=\"elementor-element elementor-element-0130b7a elementor-widget elementor-widget-spacer\" data-id=\"0130b7a\" data-element_type=\"widget\" data-e-type=\"widget\" data-widget_type=\"spacer.default\">\n\t\t\t\t<div class=\"elementor-widget-container\">\n\t\t\t\t\t\t\t<div class=\"elementor-spacer\">\n\t\t\t<div class=\"elementor-spacer-inner\"><\/div>\n\t\t<\/div>\n\t\t\t\t\t\t<\/div>\n\t\t\t\t<\/div>\n\t\t\t\t<div class=\"elementor-element elementor-element-64ae864 elementor-widget elementor-widget-heading\" data-id=\"64ae864\" data-element_type=\"widget\" data-e-type=\"widget\" data-widget_type=\"heading.default\">\n\t\t\t\t<div class=\"elementor-widget-container\">\n\t\t\t\t\t<h3 class=\"elementor-heading-title elementor-size-default\">Reclamaci\u00f3n del perjudicado<\/h3>\t\t\t\t<\/div>\n\t\t\t\t<\/div>\n\t\t\t\t<div class=\"elementor-element elementor-element-069524a color-scheme-inherit text-left elementor-widget elementor-widget-text-editor\" data-id=\"069524a\" data-element_type=\"widget\" data-e-type=\"widget\" data-widget_type=\"text-editor.default\">\n\t\t\t\t<div class=\"elementor-widget-container\">\n\t\t\t\t\t\t\t\t\t<p>Las partes perjudicadas pueden presentar diferentes tipos de reclamaciones por da\u00f1os. A continuaci\u00f3n, hemos enumerado todos los tipos de da\u00f1os.<\/p><ul><li><strong>Da\u00f1os materiales<\/strong>: se trata de da\u00f1os que se pueden cuantificar en t\u00e9rminos econ\u00f3micos, como facturas m\u00e9dicas, p\u00e9rdida de ingresos, da\u00f1os materiales u otros aspectos por los que se necesita dinero como consecuencia de un delito.<\/li><li><strong>Da\u00f1os intangibles:<\/strong> se trata de da\u00f1os que no se pueden medir con dinero, como sentimientos de tristeza, ansiedad o estr\u00e9s por lo sucedido.<\/li><li><strong>Da\u00f1os por choque<\/strong>: si has sufrido un gran susto por un accidente grave o un delito, esto puede provocar da\u00f1os emocionales y estr\u00e9s.<\/li><li><strong>Da\u00f1o afectivo<\/strong>: es el dolor emocional que sienten los familiares, como padres, hijos, parejas y hermanos, cuando un ser querido resulta herido o fallece.<\/li><li><strong>Costas procesales<\/strong>: son los gastos que hay que pagar para llevar un caso ante los tribunales, como los honorarios de un abogado o las tasas judiciales.<\/li><li><strong>Inter\u00e9s legal<\/strong>: se trata de un importe adicional que se a\u00f1ade a la indemnizaci\u00f3n que recibes para compensar el hecho de que<\/li><li><strong>Medida de indemnizaci\u00f3n por da\u00f1os y perjuicios<\/strong>: el autor del delito debe pagar por los da\u00f1os causados como parte de su castigo. Esto ayuda a la v\u00edctima a recuperarse al recibir dinero del culpable.<\/li><\/ul>\t\t\t\t\t\t\t\t<\/div>\n\t\t\t\t<\/div>\n\t\t\t\t<div class=\"elementor-element elementor-element-b749a1c elementor-widget elementor-widget-spacer\" data-id=\"b749a1c\" data-element_type=\"widget\" data-e-type=\"widget\" data-widget_type=\"spacer.default\">\n\t\t\t\t<div class=\"elementor-widget-container\">\n\t\t\t\t\t\t\t<div class=\"elementor-spacer\">\n\t\t\t<div class=\"elementor-spacer-inner\"><\/div>\n\t\t<\/div>\n\t\t\t\t\t\t<\/div>\n\t\t\t\t<\/div>\n\t\t\t\t<div class=\"elementor-element elementor-element-a06fffd elementor-widget elementor-widget-heading\" data-id=\"a06fffd\" data-element_type=\"widget\" data-e-type=\"widget\" data-widget_type=\"heading.default\">\n\t\t\t\t<div class=\"elementor-widget-container\">\n\t\t\t\t\t<h3 class=\"elementor-heading-title elementor-size-default\">Procedimiento de parte perjudicada<\/h3>\t\t\t\t<\/div>\n\t\t\t\t<\/div>\n\t\t\t\t<div class=\"elementor-element elementor-element-df6336f color-scheme-inherit text-left elementor-widget elementor-widget-text-editor\" data-id=\"df6336f\" data-element_type=\"widget\" data-e-type=\"widget\" data-widget_type=\"text-editor.default\">\n\t\t\t\t<div class=\"elementor-widget-container\">\n\t\t\t\t\t\t\t\t\t<p>El abogado le dir\u00e1 si es necesario que est\u00e9 presente en la vista. Tras el veredicto, el abogado discutir\u00e1 la decisi\u00f3n con usted y tambi\u00e9n estar\u00e1 pendiente de si el acusado o el fiscal recurrir\u00e1n. Si eso ocurre, es importante que usted, como parte perjudicada, se adhiera al recurso para que pueda obtener el mejor resultado posible.<\/p><p>Es importante se\u00f1alar que la parte agraviada no puede aumentar la demanda en apelaci\u00f3n, ni puede plantear nuevos da\u00f1os.<\/p>\t\t\t\t\t\t\t\t<\/div>\n\t\t\t\t<\/div>\n\t\t\t\t<div class=\"elementor-element elementor-element-3d4f5e6 elementor-widget elementor-widget-spacer\" data-id=\"3d4f5e6\" data-element_type=\"widget\" data-e-type=\"widget\" data-widget_type=\"spacer.default\">\n\t\t\t\t<div class=\"elementor-widget-container\">\n\t\t\t\t\t\t\t<div class=\"elementor-spacer\">\n\t\t\t<div class=\"elementor-spacer-inner\"><\/div>\n\t\t<\/div>\n\t\t\t\t\t\t<\/div>\n\t\t\t\t<\/div>\n\t\t\t\t<div class=\"elementor-element elementor-element-b4ea4a9 elementor-widget elementor-widget-heading\" data-id=\"b4ea4a9\" data-element_type=\"widget\" data-e-type=\"widget\" data-widget_type=\"heading.default\">\n\t\t\t\t<div class=\"elementor-widget-container\">\n\t\t\t\t\t<h3 class=\"elementor-heading-title elementor-size-default\">Derechos especiales como parte perjudicada<\/h3>\t\t\t\t<\/div>\n\t\t\t\t<\/div>\n\t\t\t\t<div class=\"elementor-element elementor-element-61027f5 color-scheme-inherit text-left elementor-widget elementor-widget-text-editor\" data-id=\"61027f5\" data-element_type=\"widget\" data-e-type=\"widget\" data-widget_type=\"text-editor.default\">\n\t\t\t\t<div class=\"elementor-widget-container\">\n\t\t\t\t\t\t\t\t\t<p>De hecho, como parte perjudicada, usted tiene m\u00e1s derechos:<\/p><ul><li><strong>Copia del informe oficial: <\/strong>puede solicitar una copia del informe oficial a la polic\u00eda. As\u00ed obtendr\u00e1 todas las declaraciones y documentos sobre el delito.<\/li><li><strong>Asistencia a todas las sesiones:<\/strong> puede asistir a todas las audiencias, incluidas las de menores. Estas sesiones de menores son sesiones a puerta cerrada, pero como parte perjudicada, sigue teniendo derecho a asistir en este caso.<\/li><\/ul>\t\t\t\t\t\t\t\t<\/div>\n\t\t\t\t<\/div>\n\t\t\t\t<div class=\"elementor-element elementor-element-4e5ae62 elementor-widget elementor-widget-spacer\" data-id=\"4e5ae62\" data-element_type=\"widget\" data-e-type=\"widget\" data-widget_type=\"spacer.default\">\n\t\t\t\t<div class=\"elementor-widget-container\">\n\t\t\t\t\t\t\t<div class=\"elementor-spacer\">\n\t\t\t<div class=\"elementor-spacer-inner\"><\/div>\n\t\t<\/div>\n\t\t\t\t\t\t<\/div>\n\t\t\t\t<\/div>\n\t\t\t\t<div class=\"elementor-element elementor-element-75ad9c9 elementor-widget elementor-widget-heading\" data-id=\"75ad9c9\" data-element_type=\"widget\" data-e-type=\"widget\" data-widget_type=\"heading.default\">\n\t\t\t\t<div class=\"elementor-widget-container\">\n\t\t\t\t\t<h3 class=\"elementor-heading-title elementor-size-default\">La muerte del perjudicado\n<\/h3>\t\t\t\t<\/div>\n\t\t\t\t<\/div>\n\t\t\t\t<div class=\"elementor-element elementor-element-559e5e4 color-scheme-inherit text-left elementor-widget elementor-widget-text-editor\" data-id=\"559e5e4\" data-element_type=\"widget\" data-e-type=\"widget\" data-widget_type=\"text-editor.default\">\n\t\t\t\t<div class=\"elementor-widget-container\">\n\t\t\t\t\t\t\t\t\t<p>Cuando la v\u00edctima (la parte agraviada) ha fallecido como consecuencia del delito, los parientes m\u00e1s pr\u00f3ximos, como los familiares, pueden personarse como parte agraviada y solicitar una indemnizaci\u00f3n en el proceso penal.<\/p><p>Tenga en cuenta que s\u00f3lo podr\u00e1 sumarse al caso como superviviente si existe la certeza de que la v\u00edctima falleci\u00f3 realmente como consecuencia del delito.<\/p>\t\t\t\t\t\t\t\t<\/div>\n\t\t\t\t<\/div>\n\t\t\t\t<div class=\"elementor-element elementor-element-e9ddc44 elementor-widget elementor-widget-spacer\" data-id=\"e9ddc44\" data-element_type=\"widget\" data-e-type=\"widget\" data-widget_type=\"spacer.default\">\n\t\t\t\t<div class=\"elementor-widget-container\">\n\t\t\t\t\t\t\t<div class=\"elementor-spacer\">\n\t\t\t<div class=\"elementor-spacer-inner\"><\/div>\n\t\t<\/div>\n\t\t\t\t\t\t<\/div>\n\t\t\t\t<\/div>\n\t\t\t\t<div class=\"elementor-element elementor-element-405dfb0 elementor-widget elementor-widget-heading\" data-id=\"405dfb0\" data-element_type=\"widget\" data-e-type=\"widget\" data-widget_type=\"heading.default\">\n\t\t\t\t<div class=\"elementor-widget-container\">\n\t\t\t\t\t<h3 class=\"elementor-heading-title elementor-size-default\">Abogado de la parte perjudicada\n<\/h3>\t\t\t\t<\/div>\n\t\t\t\t<\/div>\n\t\t\t\t<div class=\"elementor-element elementor-element-4b29bf3 color-scheme-inherit text-left elementor-widget elementor-widget-text-editor\" data-id=\"4b29bf3\" data-element_type=\"widget\" data-e-type=\"widget\" data-widget_type=\"text-editor.default\">\n\t\t\t\t<div class=\"elementor-widget-container\">\n\t\t\t\t\t\t\t\t\t<p>Es importante consultar a un abogado antes de unirse a un caso penal como parte perjudicada. Puede discutir con el abogado la mejor manera de hacer su petici\u00f3n, y el abogado puede solicitar el expediente por usted e informarle sobre las pruebas contra el acusado.<\/p><p>Puede contar con nuestros abogados especializados tanto si es usted acusado como v\u00edctima.<\/p><p>Una vez que se ponga en contacto con nosotros, nos aseguraremos de que est\u00e9 conectado directamente con un <a href=\"https:\/\/www.derbedrosian.nl\/es\/abogados\/\">abogado especializado<\/a> que puede ayudarle y asesorarle como parte perjudicada durante el proceso penal<\/p>\t\t\t\t\t\t\t\t<\/div>\n\t\t\t\t<\/div>\n\t\t\t\t\t<\/div>\n\t\t\t\t<\/div>\n\t\t\t\t<\/div>","protected":false},"excerpt":{"rendered":"<p>Parte agraviada Parte agraviada fallecido Persona agraviada tratamiento separado de la reclamaci\u00f3n parte agraviada de la reclamaci\u00f3n parte agraviada abogado penalista abogado enschede<\/p>","protected":false},"author":1,"featured_media":0,"parent":10047,"menu_order":0,"comment_status":"closed","ping_status":"closed","template":"","meta":{"footnotes":""},"class_list":["post-10496","page","type-page","status-publish","hentry"],"_links":{"self":[{"href":"https:\/\/www.derbedrosian.nl\/es\/wp-json\/wp\/v2\/pages\/10496","targetHints":{"allow":["GET"]}}],"collection":[{"href":"https:\/\/www.derbedrosian.nl\/es\/wp-json\/wp\/v2\/pages"}],"about":[{"href":"https:\/\/www.derbedrosian.nl\/es\/wp-json\/wp\/v2\/types\/page"}],"author":[{"embeddable":true,"href":"https:\/\/www.derbedrosian.nl\/es\/wp-json\/wp\/v2\/users\/1"}],"replies":[{"embeddable":true,"href":"https:\/\/www.derbedrosian.nl\/es\/wp-json\/wp\/v2\/comments?post=10496"}],"version-history":[{"count":0,"href":"https:\/\/www.derbedrosian.nl\/es\/wp-json\/wp\/v2\/pages\/10496\/revisions"}],"up":[{"embeddable":true,"href":"https:\/\/www.derbedrosian.nl\/es\/wp-json\/wp\/v2\/pages\/10047"}],"wp:attachment":[{"href":"https:\/\/www.derbedrosian.nl\/es\/wp-json\/wp\/v2\/media?parent=10496"}],"curies":[{"name":"wp","href":"https:\/\/api.w.org\/{rel}","templated":true}]}}