{"id":10455,"date":"2023-05-25T13:23:30","date_gmt":"2023-05-25T11:23:30","guid":{"rendered":"https:\/\/derbedrosian.nl\/?page_id=10455"},"modified":"2025-12-20T18:18:16","modified_gmt":"2025-12-20T16:18:16","slug":"denuncia-no-enjuiciamiento","status":"publish","type":"page","link":"https:\/\/www.derbedrosian.nl\/es\/rechtsgebieden\/strafrecht\/beklag-niet-vervolging\/","title":{"rendered":"Denuncia no enjuiciamiento"},"content":{"rendered":"<div data-elementor-type=\"wp-page\" data-elementor-id=\"10455\" class=\"elementor elementor-10455\" data-elementor-post-type=\"page\">\n\t\t\t\t<div class=\"wd-negative-gap elementor-element elementor-element-67d9b49 elementor-hidden-desktop elementor-hidden-tablet elementor-hidden-mobile e-flex e-con-boxed e-con e-parent\" data-id=\"67d9b49\" data-element_type=\"container\" data-e-type=\"container\" id=\"seo-word\">\n\t\t\t\t\t<div class=\"e-con-inner\">\n\t\t\t\t<div class=\"elementor-element elementor-element-42f2392 elementor-widget elementor-widget-wd_image_or_svg\" data-id=\"42f2392\" data-element_type=\"widget\" data-e-type=\"widget\" id=\"seo-word\" data-widget_type=\"wd_image_or_svg.default\">\n\t\t\t\t<div class=\"elementor-widget-container\">\n\t\t\t\t\t\n\t\t<div class=\"wd-image text-left\">\n\t\t\t\t\t\t\t\t<img loading=\"lazy\" decoding=\"async\" width=\"1000\" height=\"667\" src=\"https:\/\/www.derbedrosian.nl\/wp-content\/uploads\/beklag-niet-vervolging.jpeg\" class=\"attachment-full size-full\" alt=\"denuncia no enjuiciamiento, procedimiento de denuncia, art\u00edculo 12 sv\" srcset=\"https:\/\/www.derbedrosian.nl\/wp-content\/uploads\/beklag-niet-vervolging.jpeg 1000w, https:\/\/www.derbedrosian.nl\/wp-content\/uploads\/beklag-niet-vervolging-400x267.jpeg 400w, https:\/\/www.derbedrosian.nl\/wp-content\/uploads\/beklag-niet-vervolging-768x512.jpeg 768w\" sizes=\"auto, (max-width: 1000px) 100vw, 1000px\" title=\"\">\t\t\t\t\t<\/div>\n\n\t\t\t\t\t\t<\/div>\n\t\t\t\t<\/div>\n\t\t\t\t<div class=\"elementor-element elementor-element-ae67129 elementor-widget elementor-widget-heading\" data-id=\"ae67129\" data-element_type=\"widget\" data-e-type=\"widget\" id=\"seo-word\" data-widget_type=\"heading.default\">\n\t\t\t\t<div class=\"elementor-widget-container\">\n\t\t\t\t\t<h2 class=\"elementor-heading-title elementor-size-default\">presentar una denuncia<\/h2>\t\t\t\t<\/div>\n\t\t\t\t<\/div>\n\t\t\t\t<div class=\"elementor-element elementor-element-d4750f2 elementor-widget elementor-widget-heading\" data-id=\"d4750f2\" data-element_type=\"widget\" data-e-type=\"widget\" id=\"seo-word\" data-widget_type=\"heading.default\">\n\t\t\t\t<div class=\"elementor-widget-container\">\n\t\t\t\t\t<h5 class=\"elementor-heading-title elementor-size-default\">denuncia no enjuiciamiento plazo<\/h5>\t\t\t\t<\/div>\n\t\t\t\t<\/div>\n\t\t\t\t<div class=\"elementor-element elementor-element-0aa9aa6 elementor-widget elementor-widget-heading\" data-id=\"0aa9aa6\" data-element_type=\"widget\" data-e-type=\"widget\" id=\"seo-word\" data-widget_type=\"heading.default\">\n\t\t\t\t<div class=\"elementor-widget-container\">\n\t\t\t\t\t<h5 class=\"elementor-heading-title elementor-size-default\">denuncia no enjuiciamiento<\/h5>\t\t\t\t<\/div>\n\t\t\t\t<\/div>\n\t\t\t\t<div class=\"elementor-element elementor-element-86bbc4f elementor-widget elementor-widget-heading\" data-id=\"86bbc4f\" data-element_type=\"widget\" data-e-type=\"widget\" id=\"seo-word\" data-widget_type=\"heading.default\">\n\t\t\t\t<div class=\"elementor-widget-container\">\n\t\t\t\t\t<h5 class=\"elementor-heading-title elementor-size-default\">procedimiento de denuncia abogado<\/h5>\t\t\t\t<\/div>\n\t\t\t\t<\/div>\n\t\t\t\t<div class=\"elementor-element elementor-element-56fd3aa elementor-widget elementor-widget-heading\" data-id=\"56fd3aa\" data-element_type=\"widget\" data-e-type=\"widget\" id=\"seo-word\" data-widget_type=\"heading.default\">\n\t\t\t\t<div class=\"elementor-widget-container\">\n\t\t\t\t\t<h5 class=\"elementor-heading-title elementor-size-default\">art\u00edculo 12 procedimiento sv<\/h5>\t\t\t\t<\/div>\n\t\t\t\t<\/div>\n\t\t\t\t<div class=\"elementor-element elementor-element-a16d22b elementor-widget elementor-widget-heading\" data-id=\"a16d22b\" data-element_type=\"widget\" data-e-type=\"widget\" id=\"seo-word\" data-widget_type=\"heading.default\">\n\t\t\t\t<div class=\"elementor-widget-container\">\n\t\t\t\t\t<h5 class=\"elementor-heading-title elementor-size-default\">abogado derecho penal enschede<\/h5>\t\t\t\t<\/div>\n\t\t\t\t<\/div>\n\t\t\t\t<div class=\"elementor-element elementor-element-d08e2c2 elementor-widget elementor-widget-heading\" data-id=\"d08e2c2\" data-element_type=\"widget\" data-e-type=\"widget\" id=\"seo-word\" data-widget_type=\"heading.default\">\n\t\t\t\t<div class=\"elementor-widget-container\">\n\t\t\t\t\t<h5 class=\"elementor-heading-title elementor-size-default\">quejas contra el no enjuiciamiento art\u00edculo sv procedimiento queja no enjuiciamiento ulterior<\/h5>\t\t\t\t<\/div>\n\t\t\t\t<\/div>\n\t\t\t\t<div class=\"elementor-element elementor-element-fcd3c74 elementor-widget elementor-widget-heading\" data-id=\"fcd3c74\" data-element_type=\"widget\" data-e-type=\"widget\" id=\"seo-word\" data-widget_type=\"heading.default\">\n\t\t\t\t<div class=\"elementor-widget-container\">\n\t\t\t\t\t<h5 class=\"elementor-heading-title elementor-size-default\">abogado derecho penal overijssel<\/h5>\t\t\t\t<\/div>\n\t\t\t\t<\/div>\n\t\t\t\t<div class=\"elementor-element elementor-element-4e73962 elementor-widget elementor-widget-heading\" data-id=\"4e73962\" data-element_type=\"widget\" data-e-type=\"widget\" id=\"seo-word\" data-widget_type=\"heading.default\">\n\t\t\t\t<div class=\"elementor-widget-container\">\n\t\t\t\t\t<h5 class=\"elementor-heading-title elementor-size-default\">an art sv procedure non-prosecution criminal offence tree basics privacy law tree basics<\/h5>\t\t\t\t<\/div>\n\t\t\t\t<\/div>\n\t\t\t\t<div class=\"elementor-element elementor-element-9c68fd8 elementor-widget elementor-widget-heading\" data-id=\"9c68fd8\" data-element_type=\"widget\" data-e-type=\"widget\" id=\"seo-word\" data-widget_type=\"heading.default\">\n\t\t\t\t<div class=\"elementor-widget-container\">\n\t\t\t\t\t<h5 class=\"elementor-heading-title elementor-size-default\">Si no est\u00e1 satisfecho con la decisi\u00f3n del fiscal de no iniciar un proceso penal, puede utilizar el procedimiento de queja. Este procedimiento, basado en el art\u00edculo 12 de la Ley de Enjuiciamiento Criminal (Sv), le permite presentar quejas contra el no enjuiciamiento. Es esencial contratar a un abogado penalista con experiencia en este procedimiento de queja, especialmente si se encuentra en la regi\u00f3n de Overijssel, como Enschede. El abogado penalista en Enschede puede darle un asesoramiento experto y guiarle a trav\u00e9s del procedimiento de denuncia. Elija un abogado penalista experto en Overijssel para asegurarse de que su denuncia contra el no enjuiciamiento recibe la atenci\u00f3n que merece.<\/h5>\t\t\t\t<\/div>\n\t\t\t\t<\/div>\n\t\t\t\t\t<\/div>\n\t\t\t\t<\/div>\n\t\t<div class=\"wd-negative-gap elementor-element elementor-element-53a4bad e-flex e-con-boxed e-con e-parent\" data-id=\"53a4bad\" data-element_type=\"container\" data-e-type=\"container\">\n\t\t\t\t\t<div class=\"e-con-inner\">\n\t\t\t\t<div class=\"elementor-element elementor-element-978a18a color-scheme-inherit text-left elementor-widget elementor-widget-text-editor\" data-id=\"978a18a\" data-element_type=\"widget\" data-e-type=\"widget\" data-widget_type=\"text-editor.default\">\n\t\t\t\t<div class=\"elementor-widget-container\">\n\t\t\t\t\t\t\t\t\t<p><strong>Una denuncia por falta de enjuiciamiento, tambi\u00e9n conocida como procedimiento de denuncia, se refiere a situaciones en las que se toman determinadas medidas para reabrir un proceso penal.\u00a0<\/strong><\/p><p><strong>Presentar una denuncia por falta de enjuiciamiento es un medio importante para que las v\u00edctimas garanticen su derecho a la justicia. Les ofrece la posibilidad de impugnar la decisi\u00f3n de la Fiscal\u00eda (OM) y seguir intentando llevar al sospechoso ante los tribunales.<\/strong><\/p>\t\t\t\t\t\t\t\t<\/div>\n\t\t\t\t<\/div>\n\t\t\t\t<div class=\"elementor-element elementor-element-e69be44 elementor-widget elementor-widget-spacer\" data-id=\"e69be44\" data-element_type=\"widget\" data-e-type=\"widget\" data-widget_type=\"spacer.default\">\n\t\t\t\t<div class=\"elementor-widget-container\">\n\t\t\t\t\t\t\t<div class=\"elementor-spacer\">\n\t\t\t<div class=\"elementor-spacer-inner\"><\/div>\n\t\t<\/div>\n\t\t\t\t\t\t<\/div>\n\t\t\t\t<\/div>\n\t\t\t\t<div class=\"elementor-element elementor-element-a8a8e73 elementor-widget elementor-widget-heading\" data-id=\"a8a8e73\" data-element_type=\"widget\" data-e-type=\"widget\" data-widget_type=\"heading.default\">\n\t\t\t\t<div class=\"elementor-widget-container\">\n\t\t\t\t\t<h3 class=\"elementor-heading-title elementor-size-default\">\u00bfQu\u00e9 es un procedimiento de reclamaci\u00f3n?<\/h3>\t\t\t\t<\/div>\n\t\t\t\t<\/div>\n\t\t\t\t<div class=\"elementor-element elementor-element-6ada32c color-scheme-inherit text-left elementor-widget elementor-widget-text-editor\" data-id=\"6ada32c\" data-element_type=\"widget\" data-e-type=\"widget\" data-widget_type=\"text-editor.default\">\n\t\t\t\t<div class=\"elementor-widget-container\">\n\t\t\t\t\t\t\t\t\t<p>La denuncia de no enjuiciamiento (lo que a menudo se denomina procedimiento de denuncia en causas penales) se refiere al art\u00edculo 12 del C\u00f3digo de Procedimiento Penal, que simplemente ofrece a la v\u00edctima o a sus familiares la posibilidad de presentar una denuncia ante el tribunal si la Fiscal\u00eda ha decidido no enjuiciar un delito. La presentaci\u00f3n de una \u201cdenuncia por no enjuiciamiento\u201d puede dar lugar a la reapertura de la investigaci\u00f3n penal o al inicio del enjuiciamiento.<\/p>\t\t\t\t\t\t\t\t<\/div>\n\t\t\t\t<\/div>\n\t\t\t\t<div class=\"elementor-element elementor-element-b020ece elementor-widget elementor-widget-spacer\" data-id=\"b020ece\" data-element_type=\"widget\" data-e-type=\"widget\" data-widget_type=\"spacer.default\">\n\t\t\t\t<div class=\"elementor-widget-container\">\n\t\t\t\t\t\t\t<div class=\"elementor-spacer\">\n\t\t\t<div class=\"elementor-spacer-inner\"><\/div>\n\t\t<\/div>\n\t\t\t\t\t\t<\/div>\n\t\t\t\t<\/div>\n\t\t\t\t<div class=\"elementor-element elementor-element-e645c9e elementor-widget elementor-widget-heading\" data-id=\"e645c9e\" data-element_type=\"widget\" data-e-type=\"widget\" data-widget_type=\"heading.default\">\n\t\t\t\t<div class=\"elementor-widget-container\">\n\t\t\t\t\t<h3 class=\"elementor-heading-title elementor-size-default\">\u00bfQu\u00e9 puede hacer que el fiscal decida no procesar un caso?<\/h3>\t\t\t\t<\/div>\n\t\t\t\t<\/div>\n\t\t\t\t<div class=\"elementor-element elementor-element-b77f782 color-scheme-inherit text-left elementor-widget elementor-widget-text-editor\" data-id=\"b77f782\" data-element_type=\"widget\" data-e-type=\"widget\" data-widget_type=\"text-editor.default\">\n\t\t\t\t<div class=\"elementor-widget-container\">\n\t\t\t\t\t\t\t\t\t<p>Un fiscal puede decidir no llevar un caso ante los tribunales por diversas razones:<\/p><ul><li><strong>Pruebas insuficientes: <\/strong>\u00a0si no hay pruebas suficientes para declarar al acusado culpable m\u00e1s all\u00e1 de toda duda razonable, el caso no suele reabrirse.<\/li><li><strong>No tiene suficiente importancia para la sociedad:<\/strong>\u00a0A veces el fiscal considera que el caso no tiene suficiente importancia para la sociedad como para procesarlo.<\/li><li><strong>Otras soluciones:<\/strong>\u00a0En lugar de reabrir un proceso judicial, el asunto puede resolverse de otras formas, como hablando con las partes implicadas y llegando a acuerdos.<\/li><li><strong>Competencia propia:<\/strong>\u00a0el fiscal puede decidir no procesar un caso aunque haya pruebas, debido a la propia jurisdicci\u00f3n y pol\u00edtica del fiscal.<\/li><li><strong>Prescripci\u00f3n:<\/strong>\u00a0si ha transcurrido demasiado tiempo desde la infracci\u00f3n, el caso no puede ser juzgado.<\/li><li><strong>Circunstancias personales:<\/strong>\u00a0A veces se tienen en cuenta las circunstancias personales del sospechoso, como su salud y su edad.<\/li><\/ul><p>Es importante entender que no enjuiciar un caso no significa que el acusado sea inocente, sino que existen razones para no llevar el caso ante los tribunales en ese momento. Las v\u00edctimas y los familiares pueden, en algunos casos, oponerse a esta decisi\u00f3n.<\/p>\t\t\t\t\t\t\t\t<\/div>\n\t\t\t\t<\/div>\n\t\t\t\t<div class=\"elementor-element elementor-element-866ed69 elementor-widget elementor-widget-spacer\" data-id=\"866ed69\" data-element_type=\"widget\" data-e-type=\"widget\" data-widget_type=\"spacer.default\">\n\t\t\t\t<div class=\"elementor-widget-container\">\n\t\t\t\t\t\t\t<div class=\"elementor-spacer\">\n\t\t\t<div class=\"elementor-spacer-inner\"><\/div>\n\t\t<\/div>\n\t\t\t\t\t\t<\/div>\n\t\t\t\t<\/div>\n\t\t\t\t<div class=\"elementor-element elementor-element-aaa77f7 elementor-widget elementor-widget-heading\" data-id=\"aaa77f7\" data-element_type=\"widget\" data-e-type=\"widget\" data-widget_type=\"heading.default\">\n\t\t\t\t<div class=\"elementor-widget-container\">\n\t\t\t\t\t<h3 class=\"elementor-heading-title elementor-size-default\">Condiciones de la denuncia<\/h3>\t\t\t\t<\/div>\n\t\t\t\t<\/div>\n\t\t\t\t<div class=\"elementor-element elementor-element-37c7e35 color-scheme-inherit text-left elementor-widget elementor-widget-text-editor\" data-id=\"37c7e35\" data-element_type=\"widget\" data-e-type=\"widget\" data-widget_type=\"text-editor.default\">\n\t\t\t\t<div class=\"elementor-widget-container\">\n\t\t\t\t\t\t\t\t\t<p>Antes de poder presentar una denuncia ante el tribunal, hay que cumplir una serie de condiciones.<\/p><ul><li><strong>Compromiso con la causa:<\/strong>\u00a0en la mayor\u00eda de los casos, el denunciante debe tener un inter\u00e9s directo en el caso, lo que significa que debe estar implicado de alg\u00fan modo en el delito o la situaci\u00f3n de la que se queja.<\/li><li><strong>Motivo v\u00e1lido de la queja:<\/strong>\u00a0el denunciante debe tener una raz\u00f3n v\u00e1lida para creer que el acusado no est\u00e1 siendo enjuiciado por error. Esto podr\u00eda basarse, por ejemplo, en nuevas pruebas o en un fallo legal en la decisi\u00f3n de no procesar.<\/li><li><strong>L\u00edmites de tiempo: <\/strong>su notificaci\u00f3n de demanda debe presentarse ante el tribunal dentro del plazo establecido. Este plazo puede variar en varias semanas. Cuando se ponga en contacto con nuestros abogados, podr\u00e1 obtener una estimaci\u00f3n de la duraci\u00f3n real de este plazo.\u00a0\u00a0<\/li><\/ul>\t\t\t\t\t\t\t\t<\/div>\n\t\t\t\t<\/div>\n\t\t\t\t<div class=\"elementor-element elementor-element-b3d946d elementor-widget elementor-widget-spacer\" data-id=\"b3d946d\" data-element_type=\"widget\" data-e-type=\"widget\" data-widget_type=\"spacer.default\">\n\t\t\t\t<div class=\"elementor-widget-container\">\n\t\t\t\t\t\t\t<div class=\"elementor-spacer\">\n\t\t\t<div class=\"elementor-spacer-inner\"><\/div>\n\t\t<\/div>\n\t\t\t\t\t\t<\/div>\n\t\t\t\t<\/div>\n\t\t\t\t<div class=\"elementor-element elementor-element-18d1c8b elementor-widget elementor-widget-heading\" data-id=\"18d1c8b\" data-element_type=\"widget\" data-e-type=\"widget\" data-widget_type=\"heading.default\">\n\t\t\t\t<div class=\"elementor-widget-container\">\n\t\t\t\t\t<h3 class=\"elementor-heading-title elementor-size-default\">Queja<\/h3>\t\t\t\t<\/div>\n\t\t\t\t<\/div>\n\t\t\t\t<div class=\"elementor-element elementor-element-086a8e2 color-scheme-inherit text-left elementor-widget elementor-widget-text-editor\" data-id=\"086a8e2\" data-element_type=\"widget\" data-e-type=\"widget\" data-widget_type=\"text-editor.default\">\n\t\t\t\t<div class=\"elementor-widget-container\">\n\t\t\t\t\t\t\t\t\t<p>Al redactar la carta con su queja (carta de reclamaci\u00f3n), es importante que incluya la informaci\u00f3n necesaria. Redactar una carta de reclamaci\u00f3n profesional puede llevar mucho tiempo y esfuerzo. Es aconsejable que lo haga un abogado para evitar errores y retrasos innecesarios.<\/p><p>La informaci\u00f3n necesaria que debe figurar en dicha denuncia incluye:<\/p><ul><li>Fiscal\u00eda y n\u00famero de mutaci\u00f3n: el n\u00famero que el fiscal (n\u00famero de fiscal\u00eda) o la polic\u00eda (n\u00famero de mutaci\u00f3n) ha asignado al caso.<\/li><li>El delito: la persona que, en su opini\u00f3n, debe ser procesada (el acusado).<\/li><li>Motivo de la queja: por qu\u00e9 no est\u00e1 de acuerdo con la decisi\u00f3n del fiscal.<\/li><li>Datos de contacto: deber\u00e1 incluir sus datos de contacto en la demanda, para que el tribunal pueda ponerse en contacto con usted.<\/li><\/ul>\t\t\t\t\t\t\t\t<\/div>\n\t\t\t\t<\/div>\n\t\t\t\t<div class=\"elementor-element elementor-element-5db459c elementor-widget elementor-widget-spacer\" data-id=\"5db459c\" data-element_type=\"widget\" data-e-type=\"widget\" data-widget_type=\"spacer.default\">\n\t\t\t\t<div class=\"elementor-widget-container\">\n\t\t\t\t\t\t\t<div class=\"elementor-spacer\">\n\t\t\t<div class=\"elementor-spacer-inner\"><\/div>\n\t\t<\/div>\n\t\t\t\t\t\t<\/div>\n\t\t\t\t<\/div>\n\t\t\t\t<div class=\"elementor-element elementor-element-259a9bd elementor-widget elementor-widget-heading\" data-id=\"259a9bd\" data-element_type=\"widget\" data-e-type=\"widget\" data-widget_type=\"heading.default\">\n\t\t\t\t<div class=\"elementor-widget-container\">\n\t\t\t\t\t<h3 class=\"elementor-heading-title elementor-size-default\">Procedimiento de reclamaci\u00f3n <\/h3>\t\t\t\t<\/div>\n\t\t\t\t<\/div>\n\t\t\t\t<div class=\"elementor-element elementor-element-98cb9e4 color-scheme-inherit text-left elementor-widget elementor-widget-text-editor\" data-id=\"98cb9e4\" data-element_type=\"widget\" data-e-type=\"widget\" data-widget_type=\"text-editor.default\">\n\t\t\t\t<div class=\"elementor-widget-container\">\n\t\t\t\t\t\t\t\t\t<p>Para presentar con \u00e9xito un procedimiento de reclamaci\u00f3n, hay que seguir una serie de pasos. A continuaci\u00f3n se ofrece una descripci\u00f3n general de c\u00f3mo funciona dicho procedimiento:<\/p><ul><li><strong>Presentar una reclamaci\u00f3n<\/strong>: en primer lugar, tal y como se ha explicado anteriormente, debe enviarse al tribunal la denuncia en la que se exponga por qu\u00e9 debe ser procesado el acusado.<\/li><li><strong>Registro<\/strong>: el tribunal registrar\u00e1 la denuncia y enviar\u00e1 una copia al fiscal general. Este es un representante del Ministerio P\u00fablico ante un tribunal y tiene una funci\u00f3n similar a la de un fiscal.<br \/>Evaluaci\u00f3n de la denuncia: el tribunal examinar\u00e1 si debe proporcionar explicaciones adicionales durante una audiencia.<\/li><li><strong>Asiento<\/strong>: tras evaluar la reclamaci\u00f3n, se le citar\u00e1 para una audiencia ante la sala de reclamaciones. Durante la audiencia, la sala de reclamaciones tratar\u00e1 su reclamaci\u00f3n y le har\u00e1 preguntas al respecto.<\/li><li><strong>Decisi\u00f3n<\/strong>: en un plazo de seis semanas tras la vista, la sala de embargos tomar\u00e1 una decisi\u00f3n sobre si se admite o se desestima la demanda. Si se desestima, no se seguir\u00e1 procesando al acusado. Sin embargo, si se admite la demanda, el fiscal deber\u00e1 reabrir el caso y procesar al acusado.<\/li><li><strong>No cabe recurso de apelaci\u00f3n.<\/strong>: una vez tomada esta decisi\u00f3n, ya no ser\u00e1 posible interponer recurso de apelaci\u00f3n.<\/li><\/ul>\t\t\t\t\t\t\t\t<\/div>\n\t\t\t\t<\/div>\n\t\t\t\t<div class=\"elementor-element elementor-element-27f2c24 elementor-widget elementor-widget-spacer\" data-id=\"27f2c24\" data-element_type=\"widget\" data-e-type=\"widget\" data-widget_type=\"spacer.default\">\n\t\t\t\t<div class=\"elementor-widget-container\">\n\t\t\t\t\t\t\t<div class=\"elementor-spacer\">\n\t\t\t<div class=\"elementor-spacer-inner\"><\/div>\n\t\t<\/div>\n\t\t\t\t\t\t<\/div>\n\t\t\t\t<\/div>\n\t\t\t\t<div class=\"elementor-element elementor-element-db3f046 elementor-widget elementor-widget-heading\" data-id=\"db3f046\" data-element_type=\"widget\" data-e-type=\"widget\" data-widget_type=\"heading.default\">\n\t\t\t\t<div class=\"elementor-widget-container\">\n\t\t\t\t\t<h3 class=\"elementor-heading-title elementor-size-default\">Denuncia no acusaci\u00f3n abogado<\/h3>\t\t\t\t<\/div>\n\t\t\t\t<\/div>\n\t\t\t\t<div class=\"elementor-element elementor-element-90baef2 color-scheme-inherit text-left elementor-widget elementor-widget-text-editor\" data-id=\"90baef2\" data-element_type=\"widget\" data-e-type=\"widget\" data-widget_type=\"text-editor.default\">\n\t\t\t\t<div class=\"elementor-widget-container\">\n\t\t\t\t\t\t\t\t\t<p>Si tiene problemas con alguien que no ha sido procesado, o si se han presentado denuncias contra usted, es aconsejable buscar la ayuda de un abogado con amplia experiencia para ahorrar su valioso tiempo.<\/p><p>En el bufete de abogados Der Bedrosian, tenemos <a title=\"abogados especializados denuncia no acusaci\u00f3n\" href=\"https:\/\/www.derbedrosian.nl\/es\/abogados\/\">abogados especialistas<\/a> con mucha experiencia en el<a href=\"https:\/\/www.derbedrosian.nl\/es\/jurisdicciones\/derecho-penal\/\"> derecho penal<\/a> y, por tanto, puede ayudarle, por ejemplo, a presentar su denuncia.<\/p><p>As\u00ed que no dude en ponerse en contacto con nosotros para que uno de nuestros abogados pueda ayudarle con su caso lo antes posible.<\/p>\t\t\t\t\t\t\t\t<\/div>\n\t\t\t\t<\/div>\n\t\t\t\t\t<\/div>\n\t\t\t\t<\/div>\n\t\t\t\t<\/div>","protected":false},"excerpt":{"rendered":"<p>presentar una denuncia denuncia de no enjuiciamiento plazo de denuncia de no enjuiciamiento procedimiento de denuncia abogado art\u00edculo 12 sv procedimiento abogado derecho penal enschede denuncias contra<\/p>","protected":false},"author":1,"featured_media":0,"parent":10047,"menu_order":0,"comment_status":"closed","ping_status":"closed","template":"","meta":{"footnotes":""},"class_list":["post-10455","page","type-page","status-publish","hentry"],"_links":{"self":[{"href":"https:\/\/www.derbedrosian.nl\/es\/wp-json\/wp\/v2\/pages\/10455","targetHints":{"allow":["GET"]}}],"collection":[{"href":"https:\/\/www.derbedrosian.nl\/es\/wp-json\/wp\/v2\/pages"}],"about":[{"href":"https:\/\/www.derbedrosian.nl\/es\/wp-json\/wp\/v2\/types\/page"}],"author":[{"embeddable":true,"href":"https:\/\/www.derbedrosian.nl\/es\/wp-json\/wp\/v2\/users\/1"}],"replies":[{"embeddable":true,"href":"https:\/\/www.derbedrosian.nl\/es\/wp-json\/wp\/v2\/comments?post=10455"}],"version-history":[{"count":0,"href":"https:\/\/www.derbedrosian.nl\/es\/wp-json\/wp\/v2\/pages\/10455\/revisions"}],"up":[{"embeddable":true,"href":"https:\/\/www.derbedrosian.nl\/es\/wp-json\/wp\/v2\/pages\/10047"}],"wp:attachment":[{"href":"https:\/\/www.derbedrosian.nl\/es\/wp-json\/wp\/v2\/media?parent=10455"}],"curies":[{"name":"wp","href":"https:\/\/api.w.org\/{rel}","templated":true}]}}