{"id":10395,"date":"2023-05-25T11:32:44","date_gmt":"2023-05-25T09:32:44","guid":{"rendered":"https:\/\/derbedrosian.nl\/?page_id=10395"},"modified":"2025-12-20T17:48:25","modified_gmt":"2025-12-20T15:48:25","slug":"descargo-de-responsabilidad","status":"publish","type":"page","link":"https:\/\/www.derbedrosian.nl\/es\/disclaimer\/","title":{"rendered":"Descargo de responsabilidad"},"content":{"rendered":"<div data-elementor-type=\"wp-page\" data-elementor-id=\"10395\" class=\"elementor elementor-10395\" data-elementor-post-type=\"page\">\n\t\t\t\t<div class=\"wd-negative-gap elementor-element elementor-element-a787ca2 wd-section-stretch e-flex e-con-boxed e-con e-parent\" data-id=\"a787ca2\" data-element_type=\"container\" data-e-type=\"container\" data-settings=\"{&quot;background_background&quot;:&quot;gradient&quot;}\">\n\t\t\t\t\t<div class=\"e-con-inner\">\n\t\t<div class=\"elementor-element elementor-element-dc0d471 e-con-full e-flex e-con e-child\" data-id=\"dc0d471\" data-element_type=\"container\" data-e-type=\"container\">\n\t\t\t\t<div class=\"elementor-element elementor-element-568ef1b elementor-hidden-tablet elementor-hidden-mobile wd-el-breadcrumbs text-left elementor-widget elementor-widget-wd_element_breadcrumbs\" data-id=\"568ef1b\" data-element_type=\"widget\" data-e-type=\"widget\" data-widget_type=\"wd_element_breadcrumbs.default\">\n\t\t\t\t<div class=\"elementor-widget-container\">\n\t\t\t\t\t<nav class=\"wd-breadcrumbs\"><a href=\"https:\/\/www.derbedrosian.nl\/es\/\">Inicio<\/a><span class=\"wd-delimiter\"><\/span><span class=\"wd-last\">P\u00e1gina<\/span><\/nav>\t\t\t\t<\/div>\n\t\t\t\t<\/div>\n\t\t\t\t<\/div>\n\t\t<div class=\"elementor-element elementor-element-0df1ce1 e-con-full e-flex e-con e-child\" data-id=\"0df1ce1\" data-element_type=\"container\" data-e-type=\"container\">\n\t\t\t\t<div class=\"elementor-element elementor-element-73ffe05 elementor-widget-tablet__width-initial elementor-widget-mobile__width-inherit text-balance color-scheme-inherit text-left elementor-widget elementor-widget-text-editor\" data-id=\"73ffe05\" data-element_type=\"widget\" data-e-type=\"widget\" data-widget_type=\"text-editor.default\">\n\t\t\t\t<div class=\"elementor-widget-container\">\n\t\t\t\t\t\t\t\t\t<p>Der Bedrosian cuenta con abogados especializados. P\u00f3ngase en contacto con nosotros en caso de urgencia.<\/p>\t\t\t\t\t\t\t\t<\/div>\n\t\t\t\t<\/div>\n\t\t\t\t<div class=\"elementor-element elementor-element-201efeb elementor-align-left btn-cta elementor-widget elementor-widget-button\" data-id=\"201efeb\" data-element_type=\"widget\" data-e-type=\"widget\" data-widget_type=\"button.default\">\n\t\t\t\t<div class=\"elementor-widget-container\">\n\t\t\t\t\t\t\t\t\t<div class=\"elementor-button-wrapper\">\n\t\t\t\t\t<a class=\"elementor-button elementor-button-link elementor-size-sm\" href=\"https:\/\/www.derbedrosian.nl\/es\/pongase-en-contacto-con\/\" alt=\"contact strafrecht advocaat\">\n\t\t\t\t\t\t<span class=\"elementor-button-content-wrapper\">\n\t\t\t\t\t\t<span class=\"elementor-button-icon\">\n\t\t\t\t<svg aria-hidden=\"true\" class=\"e-font-icon-svg e-fas-long-arrow-alt-down\" viewbox=\"0 0 256 512\" xmlns=\"http:\/\/www.w3.org\/2000\/svg\"><path d=\"M168 345.941V44c0-6.627-5.373-12-12-12h-56c-6.627 0-12 5.373-12 12v301.941H41.941c-21.382 0-32.09 25.851-16.971 40.971l86.059 86.059c9.373 9.373 24.569 9.373 33.941 0l86.059-86.059c15.119-15.119 4.411-40.971-16.971-40.971H168z\"><\/path><\/svg>\t\t\t<\/span>\n\t\t\t\t\t\t\t\t\t<span class=\"elementor-button-text\">Reciba asesoramiento sin compromiso<\/span>\n\t\t\t\t\t<\/span>\n\t\t\t\t\t<\/a>\n\t\t\t\t<\/div>\n\t\t\t\t\t\t\t\t<\/div>\n\t\t\t\t<\/div>\n\t\t\t\t<\/div>\n\t\t\t\t\t<\/div>\n\t\t\t\t<\/div>\n\t\t<div class=\"wd-negative-gap elementor-element elementor-element-64cc95f wd-section-stretch e-flex e-con-boxed e-con e-parent\" data-id=\"64cc95f\" data-element_type=\"container\" data-e-type=\"container\">\n\t\t\t\t\t<div class=\"e-con-inner\">\n\t\t\t\t<div class=\"elementor-element elementor-element-b90f737 color-scheme-inherit text-left elementor-widget elementor-widget-text-editor\" data-id=\"b90f737\" data-element_type=\"widget\" data-e-type=\"widget\" data-widget_type=\"text-editor.default\">\n\t\t\t\t<div class=\"elementor-widget-container\">\n\t\t\t\t\t\t\t\t\t<p>Los t\u00e9rminos de esta cl\u00e1usula de exenci\u00f3n de responsabilidad se aplican al sitio web www.derbedrosian.nl del bufete de abogados Der Bedrosian. en Enschede, Pa\u00edses Bajos. Le rogamos que lea atentamente esta cl\u00e1usula de exenci\u00f3n de responsabilidad. Al acceder a este sitio de Internet y utilizar la informaci\u00f3n ofrecida en \u00e9l o a trav\u00e9s de \u00e9l, usted acepta quedar vinculado por el presente descargo de responsabilidad. En caso de conflicto entre las condiciones de productos y servicios espec\u00edficos del bufete de abogados Der Bedrosian y este descargo de responsabilidad, prevalecer\u00e1n las condiciones de dichos productos y servicios.<\/p>\t\t\t\t\t\t\t\t<\/div>\n\t\t\t\t<\/div>\n\t\t\t\t<div class=\"elementor-element elementor-element-e4cb187 elementor-widget elementor-widget-spacer\" data-id=\"e4cb187\" data-element_type=\"widget\" data-e-type=\"widget\" data-widget_type=\"spacer.default\">\n\t\t\t\t<div class=\"elementor-widget-container\">\n\t\t\t\t\t\t\t<div class=\"elementor-spacer\">\n\t\t\t<div class=\"elementor-spacer-inner\"><\/div>\n\t\t<\/div>\n\t\t\t\t\t\t<\/div>\n\t\t\t\t<\/div>\n\t\t\t\t<div class=\"elementor-element elementor-element-63450d9 elementor-widget elementor-widget-heading\" data-id=\"63450d9\" data-element_type=\"widget\" data-e-type=\"widget\" data-widget_type=\"heading.default\">\n\t\t\t\t<div class=\"elementor-widget-container\">\n\t\t\t\t\t<h3 class=\"elementor-heading-title elementor-size-default\">1. Utilizaci\u00f3n del sitio Internet<\/h3>\t\t\t\t<\/div>\n\t\t\t\t<\/div>\n\t\t\t\t<div class=\"elementor-element elementor-element-8fd169f color-scheme-inherit text-left elementor-widget elementor-widget-text-editor\" data-id=\"8fd169f\" data-element_type=\"widget\" data-e-type=\"widget\" data-widget_type=\"text-editor.default\">\n\t\t\t\t<div class=\"elementor-widget-container\">\n\t\t\t\t\t\t\t\t\t<p>La informaci\u00f3n facilitada en este sitio web o a trav\u00e9s de \u00e9l no debe utilizarse como asesoramiento. Las decisiones basadas en esta informaci\u00f3n son por su propia cuenta y riesgo. Aunque el Bufete Der Bedrosian intenta ofrecer informaci\u00f3n correcta, completa y actualizada, el Bufete Der Bedrosian no garantiza, ni expl\u00edcita ni impl\u00edcitamente, que la informaci\u00f3n ofrecida en o a trav\u00e9s de esta p\u00e1gina web sea correcta, completa o actualizada. Al visitar este sitio web y\/o hacer uso de la informaci\u00f3n o servicios ofrecidos en el mismo, se considera que usted conoce y acepta las condiciones del sitio web y la pol\u00edtica de privacidad elaborada por el Bufete Der Bedrosian a tal efecto. Este sitio web ha sido construido y formateado de acuerdo con las normas y t\u00e9cnicas utilizadas por la w3c.org. Para un uso \u00f3ptimo del sitio recomendamos la versi\u00f3n m\u00e1s reciente de los navegadores Firefox, Chrome, Safari y\/o Internet Explorer.<\/p>\t\t\t\t\t\t\t\t<\/div>\n\t\t\t\t<\/div>\n\t\t\t\t<div class=\"elementor-element elementor-element-651b2aa elementor-widget elementor-widget-spacer\" data-id=\"651b2aa\" data-element_type=\"widget\" data-e-type=\"widget\" data-widget_type=\"spacer.default\">\n\t\t\t\t<div class=\"elementor-widget-container\">\n\t\t\t\t\t\t\t<div class=\"elementor-spacer\">\n\t\t\t<div class=\"elementor-spacer-inner\"><\/div>\n\t\t<\/div>\n\t\t\t\t\t\t<\/div>\n\t\t\t\t<\/div>\n\t\t\t\t<div class=\"elementor-element elementor-element-59ad096 elementor-widget elementor-widget-heading\" data-id=\"59ad096\" data-element_type=\"widget\" data-e-type=\"widget\" data-widget_type=\"heading.default\">\n\t\t\t\t<div class=\"elementor-widget-container\">\n\t\t\t\t\t<h3 class=\"elementor-heading-title elementor-size-default\">2. Informaci\u00f3n, productos y servicios de terceros<\/h3>\t\t\t\t<\/div>\n\t\t\t\t<\/div>\n\t\t\t\t<div class=\"elementor-element elementor-element-d57edf8 color-scheme-inherit text-left elementor-widget elementor-widget-text-editor\" data-id=\"d57edf8\" data-element_type=\"widget\" data-e-type=\"widget\" data-widget_type=\"text-editor.default\">\n\t\t\t\t<div class=\"elementor-widget-container\">\n\t\t\t\t\t\t\t\t\t<p>El hecho de que el Bufete Der Bedrosian ofrezca hiperv\u00ednculos a sitios web de terceros no significa que el Bufete Der Bedrosian recomiende los productos o servicios ofrecidos en o a trav\u00e9s de dichos sitios web. El uso de dichos hiperv\u00ednculos se realiza bajo su propia responsabilidad. El Bufete Der Bedrosian no asume ninguna responsabilidad por el contenido, el uso o la disponibilidad de dichos sitios de Internet. La veracidad, exactitud, razonabilidad, fiabilidad e integridad de la informaci\u00f3n contenida en dichos sitios de Internet no ha sido verificada por el Bufete Der Bedrosian.<\/p>\t\t\t\t\t\t\t\t<\/div>\n\t\t\t\t<\/div>\n\t\t\t\t<div class=\"elementor-element elementor-element-73281b9 elementor-widget elementor-widget-spacer\" data-id=\"73281b9\" data-element_type=\"widget\" data-e-type=\"widget\" data-widget_type=\"spacer.default\">\n\t\t\t\t<div class=\"elementor-widget-container\">\n\t\t\t\t\t\t\t<div class=\"elementor-spacer\">\n\t\t\t<div class=\"elementor-spacer-inner\"><\/div>\n\t\t<\/div>\n\t\t\t\t\t\t<\/div>\n\t\t\t\t<\/div>\n\t\t\t\t<div class=\"elementor-element elementor-element-2c4f81e elementor-widget elementor-widget-heading\" data-id=\"2c4f81e\" data-element_type=\"widget\" data-e-type=\"widget\" data-widget_type=\"heading.default\">\n\t\t\t\t<div class=\"elementor-widget-container\">\n\t\t\t\t\t<h3 class=\"elementor-heading-title elementor-size-default\">3. Derechos de propiedad intelectual\n<\/h3>\t\t\t\t<\/div>\n\t\t\t\t<\/div>\n\t\t\t\t<div class=\"elementor-element elementor-element-f2c5df3 color-scheme-inherit text-left elementor-widget elementor-widget-text-editor\" data-id=\"f2c5df3\" data-element_type=\"widget\" data-e-type=\"widget\" data-widget_type=\"text-editor.default\">\n\t\t\t\t<div class=\"elementor-widget-container\">\n\t\t\t\t\t\t\t\t\t<p>El Bufete Der Bedrosian (o el titular de los derechos) conserva todos los derechos de propiedad intelectual en relaci\u00f3n con toda la informaci\u00f3n ofrecida en o a trav\u00e9s de este sitio de Internet, incluidos todos los textos, material gr\u00e1fico y logotipos. Usted no puede copiar, descargar o de ninguna manera publicar, distribuir o multiplicar la informaci\u00f3n en este sitio de Internet sin el consentimiento previo por escrito de Law Office Der Bedrosian o el consentimiento previo por escrito de la parte autorizada. Sin embargo, puede imprimir y\/o descargar informaci\u00f3n de este sitio web para su uso personal.<\/p>\t\t\t\t\t\t\t\t<\/div>\n\t\t\t\t<\/div>\n\t\t\t\t<div class=\"elementor-element elementor-element-57a4112 elementor-widget elementor-widget-spacer\" data-id=\"57a4112\" data-element_type=\"widget\" data-e-type=\"widget\" data-widget_type=\"spacer.default\">\n\t\t\t\t<div class=\"elementor-widget-container\">\n\t\t\t\t\t\t\t<div class=\"elementor-spacer\">\n\t\t\t<div class=\"elementor-spacer-inner\"><\/div>\n\t\t<\/div>\n\t\t\t\t\t\t<\/div>\n\t\t\t\t<\/div>\n\t\t\t\t<div class=\"elementor-element elementor-element-0f42b54 elementor-widget elementor-widget-heading\" data-id=\"0f42b54\" data-element_type=\"widget\" data-e-type=\"widget\" data-widget_type=\"heading.default\">\n\t\t\t\t<div class=\"elementor-widget-container\">\n\t\t\t\t\t<h3 class=\"elementor-heading-title elementor-size-default\">4. 4. Exclusi\u00f3n de responsabilidad\n<\/h3>\t\t\t\t<\/div>\n\t\t\t\t<\/div>\n\t\t\t\t<div class=\"elementor-element elementor-element-0ca36a8 color-scheme-inherit text-left elementor-widget elementor-widget-text-editor\" data-id=\"0ca36a8\" data-element_type=\"widget\" data-e-type=\"widget\" data-widget_type=\"text-editor.default\">\n\t\t\t\t<div class=\"elementor-widget-container\">\n\t\t\t\t\t\t\t\t\t<p>El Bufete Der Bedrosian no acepta responsabilidad alguna con respecto a cualquier da\u00f1o directo, indirecto, especial, incidental, inmaterial o consecuente (incluida la p\u00e9rdida de beneficios), independientemente de si el Bufete Der Bedrosian ha sido informado de la posibilidad de tales da\u00f1os, que surjan de cualquier forma de, pero no necesariamente limitados a<\/p>\n<ul>\n<li>(i) defectos, virus u otras imperfecciones en el equipo y otros programas inform\u00e1ticos en relaci\u00f3n con el acceso o el uso de este sitio de Internet,<\/li>\n<li>(ii) la informaci\u00f3n facilitada en este sitio de Internet o a trav\u00e9s del mismo,<\/li>\n<li>(iii) la interceptaci\u00f3n, modificaci\u00f3n o uso indebido de la informaci\u00f3n enviada al Bufete Der Bedrosian o a usted,<\/li>\n<li>(iv) el funcionamiento o la indisponibilidad de este sitio de Internet,<\/li>\n<li>(v) uso indebido de este sitio de Internet,<\/li>\n<li>(vi) p\u00e9rdida de datos,<\/li>\n<li>(vii) descargar o utilizar software disponible a trav\u00e9s de este sitio de Internet o<\/li>\n<li>(viii) reclamaciones de terceros en relaci\u00f3n con el uso de este sitio web. La exclusi\u00f3n de responsabilidad tambi\u00e9n se extiende a los directores, empleados del bufete de abogados Der Bedrosian y entidades legales afiliadas al bufete de abogados Der Bedrosian.<\/li>\n<\/ul>\t\t\t\t\t\t\t\t<\/div>\n\t\t\t\t<\/div>\n\t\t\t\t<div class=\"elementor-element elementor-element-ba585ba elementor-widget elementor-widget-spacer\" data-id=\"ba585ba\" data-element_type=\"widget\" data-e-type=\"widget\" data-widget_type=\"spacer.default\">\n\t\t\t\t<div class=\"elementor-widget-container\">\n\t\t\t\t\t\t\t<div class=\"elementor-spacer\">\n\t\t\t<div class=\"elementor-spacer-inner\"><\/div>\n\t\t<\/div>\n\t\t\t\t\t\t<\/div>\n\t\t\t\t<\/div>\n\t\t\t\t<div class=\"elementor-element elementor-element-099a176 elementor-widget elementor-widget-heading\" data-id=\"099a176\" data-element_type=\"widget\" data-e-type=\"widget\" data-widget_type=\"heading.default\">\n\t\t\t\t<div class=\"elementor-widget-container\">\n\t\t\t\t\t<h3 class=\"elementor-heading-title elementor-size-default\">5. 5. Derecho aplicable\n<\/h3>\t\t\t\t<\/div>\n\t\t\t\t<\/div>\n\t\t\t\t<div class=\"elementor-element elementor-element-a17e9d3 color-scheme-inherit text-left elementor-widget elementor-widget-text-editor\" data-id=\"a17e9d3\" data-element_type=\"widget\" data-e-type=\"widget\" data-widget_type=\"text-editor.default\">\n\t\t\t\t<div class=\"elementor-widget-container\">\n\t\t\t\t\t\t\t\t\t<p>Este sitio de Internet y el descargo de responsabilidad se rigen por la legislaci\u00f3n neerlandesa. Todos los litigios derivados de esta cl\u00e1usula de exenci\u00f3n de responsabilidad o relacionados con ella se someter\u00e1n exclusivamente al tribunal competente de los Pa\u00edses Bajos. Si las versiones en otros idiomas del descargo de responsabilidad presentan discrepancias o dan lugar a diferencias de interpretaci\u00f3n, ser\u00e1 determinante la versi\u00f3n en lengua neerlandesa.<\/p>\t\t\t\t\t\t\t\t<\/div>\n\t\t\t\t<\/div>\n\t\t\t\t<div class=\"elementor-element elementor-element-8f39395 elementor-widget elementor-widget-spacer\" data-id=\"8f39395\" data-element_type=\"widget\" data-e-type=\"widget\" data-widget_type=\"spacer.default\">\n\t\t\t\t<div class=\"elementor-widget-container\">\n\t\t\t\t\t\t\t<div class=\"elementor-spacer\">\n\t\t\t<div class=\"elementor-spacer-inner\"><\/div>\n\t\t<\/div>\n\t\t\t\t\t\t<\/div>\n\t\t\t\t<\/div>\n\t\t\t\t<div class=\"elementor-element elementor-element-677bb16 elementor-widget elementor-widget-heading\" data-id=\"677bb16\" data-element_type=\"widget\" data-e-type=\"widget\" data-widget_type=\"heading.default\">\n\t\t\t\t<div class=\"elementor-widget-container\">\n\t\t\t\t\t<h3 class=\"elementor-heading-title elementor-size-default\">6. Cambios\n<\/h3>\t\t\t\t<\/div>\n\t\t\t\t<\/div>\n\t\t\t\t<div class=\"elementor-element elementor-element-4928cca color-scheme-inherit text-left elementor-widget elementor-widget-text-editor\" data-id=\"4928cca\" data-element_type=\"widget\" data-e-type=\"widget\" data-widget_type=\"text-editor.default\">\n\t\t\t\t<div class=\"elementor-widget-container\">\n\t\t\t\t\t\t\t\t\t<p>Advocatenkantoor Der Bedrosian se reserva el derecho a modificar en cualquier momento y sin previo aviso la informaci\u00f3n facilitada en este sitio web o a trav\u00e9s de \u00e9l, incluido el texto de la presente cl\u00e1usula de exenci\u00f3n de responsabilidad. Se recomienda comprobar peri\u00f3dicamente si la informaci\u00f3n proporcionada en o a trav\u00e9s de este sitio web, incluido el texto de esta cl\u00e1usula de exenci\u00f3n de responsabilidad, ha sido modificada.<\/p>\t\t\t\t\t\t\t\t<\/div>\n\t\t\t\t<\/div>\n\t\t\t\t<div class=\"elementor-element elementor-element-0ba8c4f elementor-widget elementor-widget-spacer\" data-id=\"0ba8c4f\" data-element_type=\"widget\" data-e-type=\"widget\" data-widget_type=\"spacer.default\">\n\t\t\t\t<div class=\"elementor-widget-container\">\n\t\t\t\t\t\t\t<div class=\"elementor-spacer\">\n\t\t\t<div class=\"elementor-spacer-inner\"><\/div>\n\t\t<\/div>\n\t\t\t\t\t\t<\/div>\n\t\t\t\t<\/div>\n\t\t\t\t<div class=\"elementor-element elementor-element-d84a2f5 elementor-widget elementor-widget-heading\" data-id=\"d84a2f5\" data-element_type=\"widget\" data-e-type=\"widget\" data-widget_type=\"heading.default\">\n\t\t\t\t<div class=\"elementor-widget-container\">\n\t\t\t\t\t<h3 class=\"elementor-heading-title elementor-size-default\">7. Contacto<\/h3>\t\t\t\t<\/div>\n\t\t\t\t<\/div>\n\t\t\t\t<div class=\"elementor-element elementor-element-e30b8aa color-scheme-inherit text-left elementor-widget elementor-widget-text-editor\" data-id=\"e30b8aa\" data-element_type=\"widget\" data-e-type=\"widget\" data-widget_type=\"text-editor.default\">\n\t\t\t\t<div class=\"elementor-widget-container\">\n\t\t\t\t\t\t\t\t\t<p>Si tiene comentarios o preguntas sobre este sitio web, p\u00f3ngase en contacto con thomas@derbedrosian.nl.<\/p>\t\t\t\t\t\t\t\t<\/div>\n\t\t\t\t<\/div>\n\t\t\t\t\t<\/div>\n\t\t\t\t<\/div>\n\t\t\t\t<\/div>","protected":false},"excerpt":{"rendered":"<p>HomePage Der Bedrosian cuenta con abogados especializados. P\u00f3ngase en contacto con nosotros en caso de urgencia. Recibir asesoramiento gratuito Las condiciones de este aviso legal<\/p>","protected":false},"author":1,"featured_media":0,"parent":0,"menu_order":23,"comment_status":"closed","ping_status":"closed","template":"","meta":{"footnotes":""},"class_list":["post-10395","page","type-page","status-publish","hentry"],"_links":{"self":[{"href":"https:\/\/www.derbedrosian.nl\/es\/wp-json\/wp\/v2\/pages\/10395","targetHints":{"allow":["GET"]}}],"collection":[{"href":"https:\/\/www.derbedrosian.nl\/es\/wp-json\/wp\/v2\/pages"}],"about":[{"href":"https:\/\/www.derbedrosian.nl\/es\/wp-json\/wp\/v2\/types\/page"}],"author":[{"embeddable":true,"href":"https:\/\/www.derbedrosian.nl\/es\/wp-json\/wp\/v2\/users\/1"}],"replies":[{"embeddable":true,"href":"https:\/\/www.derbedrosian.nl\/es\/wp-json\/wp\/v2\/comments?post=10395"}],"version-history":[{"count":0,"href":"https:\/\/www.derbedrosian.nl\/es\/wp-json\/wp\/v2\/pages\/10395\/revisions"}],"wp:attachment":[{"href":"https:\/\/www.derbedrosian.nl\/es\/wp-json\/wp\/v2\/media?parent=10395"}],"curies":[{"name":"wp","href":"https:\/\/api.w.org\/{rel}","templated":true}]}}