{"id":10393,"date":"2023-05-25T11:32:24","date_gmt":"2023-05-25T09:32:24","guid":{"rendered":"https:\/\/derbedrosian.nl\/?page_id=10393"},"modified":"2025-12-20T18:06:28","modified_gmt":"2025-12-20T16:06:28","slug":"declaracion-de-cookies","status":"publish","type":"page","link":"https:\/\/www.derbedrosian.nl\/es\/cookieverklaring\/","title":{"rendered":"Declaraci\u00f3n sobre cookies"},"content":{"rendered":"<div data-elementor-type=\"wp-page\" data-elementor-id=\"10393\" class=\"elementor elementor-10393\" data-elementor-post-type=\"page\">\n\t\t\t\t<div class=\"wd-negative-gap elementor-element elementor-element-60cc3e8 wd-section-stretch e-flex e-con-boxed e-con e-parent\" data-id=\"60cc3e8\" data-element_type=\"container\" data-e-type=\"container\" data-settings=\"{&quot;background_background&quot;:&quot;gradient&quot;}\">\n\t\t\t\t\t<div class=\"e-con-inner\">\n\t\t<div class=\"elementor-element elementor-element-c5b2166 e-con-full e-flex e-con e-child\" data-id=\"c5b2166\" data-element_type=\"container\" data-e-type=\"container\">\n\t\t\t\t<div class=\"elementor-element elementor-element-db0df80 elementor-hidden-tablet elementor-hidden-mobile wd-el-breadcrumbs text-left elementor-widget elementor-widget-wd_element_breadcrumbs\" data-id=\"db0df80\" data-element_type=\"widget\" data-e-type=\"widget\" data-widget_type=\"wd_element_breadcrumbs.default\">\n\t\t\t\t<div class=\"elementor-widget-container\">\n\t\t\t\t\t<nav class=\"wd-breadcrumbs\"><a href=\"https:\/\/www.derbedrosian.nl\/es\/\">Inicio<\/a><span class=\"wd-delimiter\"><\/span><span class=\"wd-last\">P\u00e1gina<\/span><\/nav>\t\t\t\t<\/div>\n\t\t\t\t<\/div>\n\t\t\t\t<\/div>\n\t\t<div class=\"elementor-element elementor-element-83a4fe8 e-con-full e-flex e-con e-child\" data-id=\"83a4fe8\" data-element_type=\"container\" data-e-type=\"container\">\n\t\t\t\t<div class=\"elementor-element elementor-element-006c6cb elementor-widget-tablet__width-initial elementor-widget-mobile__width-inherit text-balance color-scheme-inherit text-left elementor-widget elementor-widget-text-editor\" data-id=\"006c6cb\" data-element_type=\"widget\" data-e-type=\"widget\" data-widget_type=\"text-editor.default\">\n\t\t\t\t<div class=\"elementor-widget-container\">\n\t\t\t\t\t\t\t\t\t<p>Der Bedrosian cuenta con abogados especializados. P\u00f3ngase en contacto con nosotros en caso de urgencia.<\/p>\t\t\t\t\t\t\t\t<\/div>\n\t\t\t\t<\/div>\n\t\t\t\t<div class=\"elementor-element elementor-element-3051c16 elementor-align-left btn-cta elementor-widget elementor-widget-button\" data-id=\"3051c16\" data-element_type=\"widget\" data-e-type=\"widget\" data-widget_type=\"button.default\">\n\t\t\t\t<div class=\"elementor-widget-container\">\n\t\t\t\t\t\t\t\t\t<div class=\"elementor-button-wrapper\">\n\t\t\t\t\t<a class=\"elementor-button elementor-button-link elementor-size-sm\" href=\"https:\/\/www.derbedrosian.nl\/es\/pongase-en-contacto-con\/\" alt=\"contact strafrecht advocaat\">\n\t\t\t\t\t\t<span class=\"elementor-button-content-wrapper\">\n\t\t\t\t\t\t<span class=\"elementor-button-icon\">\n\t\t\t\t<svg aria-hidden=\"true\" class=\"e-font-icon-svg e-fas-long-arrow-alt-down\" viewbox=\"0 0 256 512\" xmlns=\"http:\/\/www.w3.org\/2000\/svg\"><path d=\"M168 345.941V44c0-6.627-5.373-12-12-12h-56c-6.627 0-12 5.373-12 12v301.941H41.941c-21.382 0-32.09 25.851-16.971 40.971l86.059 86.059c9.373 9.373 24.569 9.373 33.941 0l86.059-86.059c15.119-15.119 4.411-40.971-16.971-40.971H168z\"><\/path><\/svg>\t\t\t<\/span>\n\t\t\t\t\t\t\t\t\t<span class=\"elementor-button-text\">Reciba asesoramiento sin compromiso<\/span>\n\t\t\t\t\t<\/span>\n\t\t\t\t\t<\/a>\n\t\t\t\t<\/div>\n\t\t\t\t\t\t\t\t<\/div>\n\t\t\t\t<\/div>\n\t\t\t\t<\/div>\n\t\t\t\t\t<\/div>\n\t\t\t\t<\/div>\n\t\t<div class=\"wd-negative-gap elementor-element elementor-element-d643111 wd-section-stretch e-flex e-con-boxed e-con e-parent\" data-id=\"d643111\" data-element_type=\"container\" data-e-type=\"container\">\n\t\t\t\t\t<div class=\"e-con-inner\">\n\t\t\t\t<div class=\"elementor-element elementor-element-4202d0d elementor-widget elementor-widget-heading\" data-id=\"4202d0d\" data-element_type=\"widget\" data-e-type=\"widget\" data-widget_type=\"heading.default\">\n\t\t\t\t<div class=\"elementor-widget-container\">\n\t\t\t\t\t<h3 class=\"elementor-heading-title elementor-size-default\">Introducci\u00f3n<\/h3>\t\t\t\t<\/div>\n\t\t\t\t<\/div>\n\t\t\t\t<div class=\"elementor-element elementor-element-b4b45a7 color-scheme-inherit text-left elementor-widget elementor-widget-text-editor\" data-id=\"b4b45a7\" data-element_type=\"widget\" data-e-type=\"widget\" data-widget_type=\"text-editor.default\">\n\t\t\t\t<div class=\"elementor-widget-container\">\n\t\t\t\t\t\t\t\t\t<p>El presente documento tiene por objeto informar a los usuarios sobre las tecnolog\u00edas utilizadas por este sitio web para alcanzar los fines que se exponen a continuaci\u00f3n. Estas tecnolog\u00edas permiten al propietario obtener y almacenar informaci\u00f3n, por ejemplo, mediante cookies, o utilizar recursos, como la ejecuci\u00f3n de scripts, en el dispositivo del usuario cuando este interact\u00faa con este sitio web. Para simplificar, todas estas tecnolog\u00edas se denominan \u201crastreadores\u201d en este documento, a menos que haya una raz\u00f3n espec\u00edfica para diferenciarlas. Aunque las cookies pueden utilizarse tanto en navegadores web como m\u00f3viles, ser\u00eda inexacto mencionarlas en el contexto de las aplicaciones m\u00f3viles, ya que son un rastreador basado en el navegador. Teniendo esto en cuenta, el t\u00e9rmino \u201ccookies\u201d se utiliza en este documento solo cuando se hace referencia espec\u00edfica a ese tipo de rastreador. Algunos de los fines para los que se utilizan los rastreadores pueden requerir el consentimiento del usuario. Cuando se da dicho consentimiento, este puede retirarse libremente en cualquier momento, siguiendo las instrucciones proporcionadas en este documento. Este sitio web utiliza rastreadores gestionados directamente por el propietario (denominados colectivamente \u201crastreadores propios\u201d) y rastreadores que permiten servicios de terceros (denominados colectivamente \u201crastreadores de terceros\u201d). A menos que se especifique lo contrario en este documento, los terceros proveedores pueden acceder y utilizar los rastreadores que gestionan. La validez y los per\u00edodos de caducidad de las cookies y otros rastreadores similares pueden variar en funci\u00f3n de la vida \u00fatil establecida por el propietario o el proveedor correspondiente. Algunos de estos rastreadores pueden caducar tras la finalizaci\u00f3n de la sesi\u00f3n del navegador del usuario. Adem\u00e1s de la informaci\u00f3n proporcionada en cada una de las categor\u00edas siguientes, los Usuarios pueden encontrar informaci\u00f3n m\u00e1s espec\u00edfica y actualizada sobre la especificaci\u00f3n de la vida \u00fatil, as\u00ed como otra informaci\u00f3n relevante, como la presencia de otros Rastreadores, en la pol\u00edtica de privacidad de los respectivos terceros o poni\u00e9ndose en contacto con el Propietario.<\/p>\t\t\t\t\t\t\t\t<\/div>\n\t\t\t\t<\/div>\n\t\t\t\t<div class=\"elementor-element elementor-element-cae2f88 elementor-widget elementor-widget-spacer\" data-id=\"cae2f88\" data-element_type=\"widget\" data-e-type=\"widget\" data-widget_type=\"spacer.default\">\n\t\t\t\t<div class=\"elementor-widget-container\">\n\t\t\t\t\t\t\t<div class=\"elementor-spacer\">\n\t\t\t<div class=\"elementor-spacer-inner\"><\/div>\n\t\t<\/div>\n\t\t\t\t\t\t<\/div>\n\t\t\t\t<\/div>\n\t\t\t\t<div class=\"elementor-element elementor-element-d90850a elementor-widget elementor-widget-html\" data-id=\"d90850a\" data-element_type=\"widget\" data-e-type=\"widget\" data-widget_type=\"html.default\">\n\t\t\t\t<div class=\"elementor-widget-container\">\n\t\t\t\t\t<div id=\"cookiefirst-policy-page\"><\/div>\t\t\t\t<\/div>\n\t\t\t\t<\/div>\n\t\t\t\t<div class=\"elementor-element elementor-element-c8361c5 elementor-widget elementor-widget-html\" data-id=\"c8361c5\" data-element_type=\"widget\" data-e-type=\"widget\" data-widget_type=\"html.default\">\n\t\t\t\t<div class=\"elementor-widget-container\">\n\t\t\t\t\t<div id=\"cookiefirst-cookies-table\"><\/div>\t\t\t\t<\/div>\n\t\t\t\t<\/div>\n\t\t\t\t\t<\/div>\n\t\t\t\t<\/div>\n\t\t\t\t<\/div>","protected":false},"excerpt":{"rendered":"<p>HomePagina Der Bedrosian beschikt over gespecialiseerde advocaten. Neem contact op bij spoedgevallen. Ontvang vrijblijvend advies Inleiding Dit document is bedoeld<\/p>","protected":false},"author":1,"featured_media":0,"parent":0,"menu_order":22,"comment_status":"closed","ping_status":"closed","template":"","meta":{"footnotes":""},"class_list":["post-10393","page","type-page","status-publish","hentry"],"_links":{"self":[{"href":"https:\/\/www.derbedrosian.nl\/es\/wp-json\/wp\/v2\/pages\/10393","targetHints":{"allow":["GET"]}}],"collection":[{"href":"https:\/\/www.derbedrosian.nl\/es\/wp-json\/wp\/v2\/pages"}],"about":[{"href":"https:\/\/www.derbedrosian.nl\/es\/wp-json\/wp\/v2\/types\/page"}],"author":[{"embeddable":true,"href":"https:\/\/www.derbedrosian.nl\/es\/wp-json\/wp\/v2\/users\/1"}],"replies":[{"embeddable":true,"href":"https:\/\/www.derbedrosian.nl\/es\/wp-json\/wp\/v2\/comments?post=10393"}],"version-history":[{"count":0,"href":"https:\/\/www.derbedrosian.nl\/es\/wp-json\/wp\/v2\/pages\/10393\/revisions"}],"wp:attachment":[{"href":"https:\/\/www.derbedrosian.nl\/es\/wp-json\/wp\/v2\/media?parent=10393"}],"curies":[{"name":"wp","href":"https:\/\/api.w.org\/{rel}","templated":true}]}}