{"id":10198,"date":"2023-05-24T12:43:51","date_gmt":"2023-05-24T10:43:51","guid":{"rendered":"https:\/\/derbedrosian.nl\/?page_id=10198"},"modified":"2025-12-20T16:59:56","modified_gmt":"2025-12-20T14:59:56","slug":"mecanismo-de-quejas","status":"publish","type":"page","link":"https:\/\/www.derbedrosian.nl\/es\/klachtenregeling\/","title":{"rendered":"Sistema de reclamaciones"},"content":{"rendered":"<div data-elementor-type=\"wp-page\" data-elementor-id=\"10198\" class=\"elementor elementor-10198\" data-elementor-post-type=\"page\">\n\t\t\t\t<div class=\"wd-negative-gap elementor-element elementor-element-2c3948c wd-section-stretch e-flex e-con-boxed e-con e-parent\" data-id=\"2c3948c\" data-element_type=\"container\" data-e-type=\"container\" data-settings=\"{&quot;background_background&quot;:&quot;gradient&quot;}\">\n\t\t\t\t\t<div class=\"e-con-inner\">\n\t\t<div class=\"elementor-element elementor-element-de22118 e-con-full e-flex e-con e-child\" data-id=\"de22118\" data-element_type=\"container\" data-e-type=\"container\">\n\t\t\t\t<div class=\"elementor-element elementor-element-89ce566 elementor-hidden-tablet elementor-hidden-mobile wd-el-breadcrumbs text-left elementor-widget elementor-widget-wd_element_breadcrumbs\" data-id=\"89ce566\" data-element_type=\"widget\" data-e-type=\"widget\" data-widget_type=\"wd_element_breadcrumbs.default\">\n\t\t\t\t<div class=\"elementor-widget-container\">\n\t\t\t\t\t<nav class=\"wd-breadcrumbs\"><a href=\"https:\/\/www.derbedrosian.nl\/es\/\">Inicio<\/a><span class=\"wd-delimiter\"><\/span><span class=\"wd-last\">P\u00e1gina<\/span><\/nav>\t\t\t\t<\/div>\n\t\t\t\t<\/div>\n\t\t\t\t<\/div>\n\t\t<div class=\"elementor-element elementor-element-2b91bf8 e-con-full e-flex e-con e-child\" data-id=\"2b91bf8\" data-element_type=\"container\" data-e-type=\"container\">\n\t\t\t\t<div class=\"elementor-element elementor-element-13db396 elementor-widget-tablet__width-initial elementor-widget-mobile__width-inherit text-balance color-scheme-inherit text-left elementor-widget elementor-widget-text-editor\" data-id=\"13db396\" data-element_type=\"widget\" data-e-type=\"widget\" data-widget_type=\"text-editor.default\">\n\t\t\t\t<div class=\"elementor-widget-container\">\n\t\t\t\t\t\t\t\t\t<p>Der Bedrosian cuenta con abogados especializados. P\u00f3ngase en contacto con nosotros en caso de urgencia.<\/p>\t\t\t\t\t\t\t\t<\/div>\n\t\t\t\t<\/div>\n\t\t\t\t<div class=\"elementor-element elementor-element-df7c59c elementor-align-left btn-cta elementor-widget elementor-widget-button\" data-id=\"df7c59c\" data-element_type=\"widget\" data-e-type=\"widget\" data-widget_type=\"button.default\">\n\t\t\t\t<div class=\"elementor-widget-container\">\n\t\t\t\t\t\t\t\t\t<div class=\"elementor-button-wrapper\">\n\t\t\t\t\t<a class=\"elementor-button elementor-button-link elementor-size-sm\" href=\"https:\/\/www.derbedrosian.nl\/es\/pongase-en-contacto-con\/\" alt=\"contact strafrecht advocaat\">\n\t\t\t\t\t\t<span class=\"elementor-button-content-wrapper\">\n\t\t\t\t\t\t<span class=\"elementor-button-icon\">\n\t\t\t\t<svg aria-hidden=\"true\" class=\"e-font-icon-svg e-fas-long-arrow-alt-down\" viewbox=\"0 0 256 512\" xmlns=\"http:\/\/www.w3.org\/2000\/svg\"><path d=\"M168 345.941V44c0-6.627-5.373-12-12-12h-56c-6.627 0-12 5.373-12 12v301.941H41.941c-21.382 0-32.09 25.851-16.971 40.971l86.059 86.059c9.373 9.373 24.569 9.373 33.941 0l86.059-86.059c15.119-15.119 4.411-40.971-16.971-40.971H168z\"><\/path><\/svg>\t\t\t<\/span>\n\t\t\t\t\t\t\t\t\t<span class=\"elementor-button-text\">Reciba asesoramiento sin compromiso<\/span>\n\t\t\t\t\t<\/span>\n\t\t\t\t\t<\/a>\n\t\t\t\t<\/div>\n\t\t\t\t\t\t\t\t<\/div>\n\t\t\t\t<\/div>\n\t\t\t\t<\/div>\n\t\t\t\t\t<\/div>\n\t\t\t\t<\/div>\n\t\t<div class=\"wd-negative-gap elementor-element elementor-element-f3c1a1b wd-section-stretch e-flex e-con-boxed e-con e-parent\" data-id=\"f3c1a1b\" data-element_type=\"container\" data-e-type=\"container\">\n\t\t\t\t\t<div class=\"e-con-inner\">\n\t\t\t\t<div class=\"elementor-element elementor-element-3b125dd color-scheme-inherit text-left elementor-widget elementor-widget-text-editor\" data-id=\"3b125dd\" data-element_type=\"widget\" data-e-type=\"widget\" data-widget_type=\"text-editor.default\">\n\t\t\t\t<div class=\"elementor-widget-container\">\n\t\t\t\t\t\t\t\t\t<p>Procedimiento de reclamaci\u00f3n del bufete de abogados Der Bedrosian, tal y como se establece en el art\u00edculo 6.28 de la Voda.<\/p>\t\t\t\t\t\t\t\t<\/div>\n\t\t\t\t<\/div>\n\t\t\t\t<div class=\"elementor-element elementor-element-9ee84c9 elementor-widget elementor-widget-spacer\" data-id=\"9ee84c9\" data-element_type=\"widget\" data-e-type=\"widget\" data-widget_type=\"spacer.default\">\n\t\t\t\t<div class=\"elementor-widget-container\">\n\t\t\t\t\t\t\t<div class=\"elementor-spacer\">\n\t\t\t<div class=\"elementor-spacer-inner\"><\/div>\n\t\t<\/div>\n\t\t\t\t\t\t<\/div>\n\t\t\t\t<\/div>\n\t\t\t\t<div class=\"elementor-element elementor-element-e534e5f elementor-widget elementor-widget-heading\" data-id=\"e534e5f\" data-element_type=\"widget\" data-e-type=\"widget\" data-widget_type=\"heading.default\">\n\t\t\t\t<div class=\"elementor-widget-container\">\n\t\t\t\t\t<h3 class=\"elementor-heading-title elementor-size-default\">Art\u00edculo 1 - Definiciones<\/h3>\t\t\t\t<\/div>\n\t\t\t\t<\/div>\n\t\t\t\t<div class=\"elementor-element elementor-element-d27227f color-scheme-inherit text-left elementor-widget elementor-widget-text-editor\" data-id=\"d27227f\" data-element_type=\"widget\" data-e-type=\"widget\" data-widget_type=\"text-editor.default\">\n\t\t\t\t<div class=\"elementor-widget-container\">\n\t\t\t\t\t\t\t\t\t<p>En este sistema de quejas de la oficina, se aplicar\u00e1n las siguientes definiciones:<\/p><ul><li><em>queja:<\/em> cualquier expresi\u00f3n escrita de insatisfacci\u00f3n por parte del cliente o en su nombre hacia el abogado o las personas que trabajan bajo su responsabilidad en relaci\u00f3n con la celebraci\u00f3n y ejecuci\u00f3n de un acuerdo de prestaci\u00f3n de servicios, la calidad de los mismos o el importe de los honorarios, que no sea una queja seg\u00fan lo dispuesto en el art\u00edculo 4 de la Ley de la Abogac\u00eda;<\/li><li><em>demandante:<\/em> el cliente o su representante que presente una queja;<\/li><li><em>oficial de quejas: <\/em>el abogado encargado de tramitar la denuncia;<\/li><\/ul>\t\t\t\t\t\t\t\t<\/div>\n\t\t\t\t<\/div>\n\t\t\t\t<div class=\"elementor-element elementor-element-70b7edf elementor-widget elementor-widget-spacer\" data-id=\"70b7edf\" data-element_type=\"widget\" data-e-type=\"widget\" data-widget_type=\"spacer.default\">\n\t\t\t\t<div class=\"elementor-widget-container\">\n\t\t\t\t\t\t\t<div class=\"elementor-spacer\">\n\t\t\t<div class=\"elementor-spacer-inner\"><\/div>\n\t\t<\/div>\n\t\t\t\t\t\t<\/div>\n\t\t\t\t<\/div>\n\t\t\t\t<div class=\"elementor-element elementor-element-a3ba184 elementor-widget elementor-widget-heading\" data-id=\"a3ba184\" data-element_type=\"widget\" data-e-type=\"widget\" data-widget_type=\"heading.default\">\n\t\t\t\t<div class=\"elementor-widget-container\">\n\t\t\t\t\t<h3 class=\"elementor-heading-title elementor-size-default\">Art\u00edculo 2 - \u00c1mbito de aplicaci\u00f3n<\/h3>\t\t\t\t<\/div>\n\t\t\t\t<\/div>\n\t\t\t\t<div class=\"elementor-element elementor-element-0e11f4a color-scheme-inherit text-left elementor-widget elementor-widget-text-editor\" data-id=\"0e11f4a\" data-element_type=\"widget\" data-e-type=\"widget\" data-widget_type=\"text-editor.default\">\n\t\t\t\t<div class=\"elementor-widget-container\">\n\t\t\t\t\t\t\t\t\t<ol><li>Este r\u00e9gimen de quejas del bufete se aplica a cualquier acuerdo de compromiso entre el abogado y el cliente.<\/li><li>El abogado garantizar\u00e1 la tramitaci\u00f3n de las quejas de acuerdo con el plan de quejas de la oficina.<\/li><\/ol>\t\t\t\t\t\t\t\t<\/div>\n\t\t\t\t<\/div>\n\t\t\t\t<div class=\"elementor-element elementor-element-6fcbfb1 elementor-widget elementor-widget-spacer\" data-id=\"6fcbfb1\" data-element_type=\"widget\" data-e-type=\"widget\" data-widget_type=\"spacer.default\">\n\t\t\t\t<div class=\"elementor-widget-container\">\n\t\t\t\t\t\t\t<div class=\"elementor-spacer\">\n\t\t\t<div class=\"elementor-spacer-inner\"><\/div>\n\t\t<\/div>\n\t\t\t\t\t\t<\/div>\n\t\t\t\t<\/div>\n\t\t\t\t<div class=\"elementor-element elementor-element-906f0ad elementor-widget elementor-widget-heading\" data-id=\"906f0ad\" data-element_type=\"widget\" data-e-type=\"widget\" data-widget_type=\"heading.default\">\n\t\t\t\t<div class=\"elementor-widget-container\">\n\t\t\t\t\t<h3 class=\"elementor-heading-title elementor-size-default\">Art\u00edculo 3 - Objetivos\n<\/h3>\t\t\t\t<\/div>\n\t\t\t\t<\/div>\n\t\t\t\t<div class=\"elementor-element elementor-element-4d34abc color-scheme-inherit text-left elementor-widget elementor-widget-text-editor\" data-id=\"4d34abc\" data-element_type=\"widget\" data-e-type=\"widget\" data-widget_type=\"text-editor.default\">\n\t\t\t\t<div class=\"elementor-widget-container\">\n\t\t\t\t\t\t\t\t\t<p>El objetivo de este plan de quejas de la oficina es:<\/p><ol style=\"list-style: upper-alpha;\"><li>Establecer un procedimiento para tratar de forma constructiva las quejas de los clientes en un plazo razonable;<\/li><li>Establecer un procedimiento para identificar las causas de las quejas de los clientes;<\/li><li>Mantener y mejorar las relaciones existentes mediante una gesti\u00f3n adecuada de las quejas;<\/li><li>Formar al personal en la respuesta a las quejas centrada en el cliente;<\/li><li>Mejorar la calidad del servicio mediante la gesti\u00f3n y el an\u00e1lisis de las quejas.<\/li><\/ol>\t\t\t\t\t\t\t\t<\/div>\n\t\t\t\t<\/div>\n\t\t\t\t<div class=\"elementor-element elementor-element-f0b23b2 elementor-widget elementor-widget-spacer\" data-id=\"f0b23b2\" data-element_type=\"widget\" data-e-type=\"widget\" data-widget_type=\"spacer.default\">\n\t\t\t\t<div class=\"elementor-widget-container\">\n\t\t\t\t\t\t\t<div class=\"elementor-spacer\">\n\t\t\t<div class=\"elementor-spacer-inner\"><\/div>\n\t\t<\/div>\n\t\t\t\t\t\t<\/div>\n\t\t\t\t<\/div>\n\t\t\t\t<div class=\"elementor-element elementor-element-19a1f20 elementor-widget elementor-widget-heading\" data-id=\"19a1f20\" data-element_type=\"widget\" data-e-type=\"widget\" data-widget_type=\"heading.default\">\n\t\t\t\t<div class=\"elementor-widget-container\">\n\t\t\t\t\t<h3 class=\"elementor-heading-title elementor-size-default\">Art\u00edculo 4 - Informaci\u00f3n al inicio de la prestaci\u00f3n del servicio\n<\/h3>\t\t\t\t<\/div>\n\t\t\t\t<\/div>\n\t\t\t\t<div class=\"elementor-element elementor-element-2ceb748 color-scheme-inherit text-left elementor-widget elementor-widget-text-editor\" data-id=\"2ceb748\" data-element_type=\"widget\" data-e-type=\"widget\" data-widget_type=\"text-editor.default\">\n\t\t\t\t<div class=\"elementor-widget-container\">\n\t\t\t\t\t\t\t\t\t<ol><li>Este plan de quejas del despacho se ha hecho p\u00fablico. Antes de celebrar el contrato de prestaci\u00f3n de servicios, el abogado informar\u00e1 al cliente de que dispone de un sistema de quejas del despacho y de que \u00e9ste se aplica a los servicios prestados.<\/li><li>El abogado ha incluido en el contrato de encargo a trav\u00e9s de las condiciones generales la parte u organismo independiente al que puede someterse una reclamaci\u00f3n no resuelta tras el tratamiento para obtener una decisi\u00f3n vinculante y lo ha hecho saber en la confirmaci\u00f3n del encargo.<\/li><li>Las quejas a las que se refiere el art\u00edculo 1 del presente reglamento de quejas de la oficina que no se resuelvan tras su tratamiento se someter\u00e1n a dictamen vinculante.<\/li><\/ol>\t\t\t\t\t\t\t\t<\/div>\n\t\t\t\t<\/div>\n\t\t\t\t<div class=\"elementor-element elementor-element-002676c elementor-widget elementor-widget-spacer\" data-id=\"002676c\" data-element_type=\"widget\" data-e-type=\"widget\" data-widget_type=\"spacer.default\">\n\t\t\t\t<div class=\"elementor-widget-container\">\n\t\t\t\t\t\t\t<div class=\"elementor-spacer\">\n\t\t\t<div class=\"elementor-spacer-inner\"><\/div>\n\t\t<\/div>\n\t\t\t\t\t\t<\/div>\n\t\t\t\t<\/div>\n\t\t\t\t<div class=\"elementor-element elementor-element-9c62260 elementor-widget elementor-widget-heading\" data-id=\"9c62260\" data-element_type=\"widget\" data-e-type=\"widget\" data-widget_type=\"heading.default\">\n\t\t\t\t<div class=\"elementor-widget-container\">\n\t\t\t\t\t<h3 class=\"elementor-heading-title elementor-size-default\">Art\u00edculo 5 - Procedimiento interno de reclamaci\u00f3n<\/h3>\t\t\t\t<\/div>\n\t\t\t\t<\/div>\n\t\t\t\t<div class=\"elementor-element elementor-element-f8daacc color-scheme-inherit text-left elementor-widget elementor-widget-text-editor\" data-id=\"f8daacc\" data-element_type=\"widget\" data-e-type=\"widget\" data-widget_type=\"text-editor.default\">\n\t\t\t\t<div class=\"elementor-widget-container\">\n\t\t\t\t\t\t\t\t\t<ol><li>Si un cliente se dirige al abogado con una queja, \u00e9sta se dirigir\u00e1 a otro abogado del bufete, que actuar\u00e1 as\u00ed como responsable de quejas. Si no existe tal persona, Thomas Der Bedrosian act\u00faa como responsable de quejas.<\/li><li>El responsable de quejas notificar\u00e1 a la persona denunciada la presentaci\u00f3n de la queja y dar\u00e1 al denunciante y a la persona denunciada la oportunidad de explicar la queja.<\/li><li>La persona sobre la que se ha presentado una queja intenta llegar a una soluci\u00f3n junto con el cliente, tras la intervenci\u00f3n o no del responsable de quejas.<\/li><li>El responsable de quejas resolver\u00e1 la queja en un plazo de cuatro semanas a partir de su recepci\u00f3n o notificar\u00e1 al demandante cualquier desviaci\u00f3n de este plazo, indicando el plazo en el que se emitir\u00e1 un dictamen sobre la queja.<\/li><li>El responsable de quejas notificar\u00e1 por escrito al denunciante y a la persona denunciada el dictamen sobre el fondo de la queja, acompa\u00f1ado o no de recomendaciones.<\/li><li>Si la denuncia se resuelve satisfactoriamente, el denunciante, el funcionario encargado de las denuncias y la persona denunciada firman la sentencia sobre el fondo de la denuncia.<\/li><\/ol>\t\t\t\t\t\t\t\t<\/div>\n\t\t\t\t<\/div>\n\t\t\t\t<div class=\"elementor-element elementor-element-9833dad elementor-widget elementor-widget-spacer\" data-id=\"9833dad\" data-element_type=\"widget\" data-e-type=\"widget\" data-widget_type=\"spacer.default\">\n\t\t\t\t<div class=\"elementor-widget-container\">\n\t\t\t\t\t\t\t<div class=\"elementor-spacer\">\n\t\t\t<div class=\"elementor-spacer-inner\"><\/div>\n\t\t<\/div>\n\t\t\t\t\t\t<\/div>\n\t\t\t\t<\/div>\n\t\t\t\t<div class=\"elementor-element elementor-element-629c851 elementor-widget elementor-widget-heading\" data-id=\"629c851\" data-element_type=\"widget\" data-e-type=\"widget\" data-widget_type=\"heading.default\">\n\t\t\t\t<div class=\"elementor-widget-container\">\n\t\t\t\t\t<h3 class=\"elementor-heading-title elementor-size-default\">Art\u00edculo 6 - Confidencialidad y tramitaci\u00f3n gratuita de las reclamaciones<\/h3>\t\t\t\t<\/div>\n\t\t\t\t<\/div>\n\t\t\t\t<div class=\"elementor-element elementor-element-64fb9ad color-scheme-inherit text-left elementor-widget elementor-widget-text-editor\" data-id=\"64fb9ad\" data-element_type=\"widget\" data-e-type=\"widget\" data-widget_type=\"text-editor.default\">\n\t\t\t\t<div class=\"elementor-widget-container\">\n\t\t\t\t\t\t\t\t\t<ol><li>El responsable de quejas y la persona objeto de la queja respetar\u00e1n la confidencialidad en la tramitaci\u00f3n de las quejas.<\/li><li>El denunciante no est\u00e1 obligado a pagar ninguna tasa por la tramitaci\u00f3n de la denuncia.<\/li><\/ol>\t\t\t\t\t\t\t\t<\/div>\n\t\t\t\t<\/div>\n\t\t\t\t<div class=\"elementor-element elementor-element-a4386c7 elementor-widget elementor-widget-spacer\" data-id=\"a4386c7\" data-element_type=\"widget\" data-e-type=\"widget\" data-widget_type=\"spacer.default\">\n\t\t\t\t<div class=\"elementor-widget-container\">\n\t\t\t\t\t\t\t<div class=\"elementor-spacer\">\n\t\t\t<div class=\"elementor-spacer-inner\"><\/div>\n\t\t<\/div>\n\t\t\t\t\t\t<\/div>\n\t\t\t\t<\/div>\n\t\t\t\t<div class=\"elementor-element elementor-element-42c7e68 elementor-widget elementor-widget-heading\" data-id=\"42c7e68\" data-element_type=\"widget\" data-e-type=\"widget\" data-widget_type=\"heading.default\">\n\t\t\t\t<div class=\"elementor-widget-container\">\n\t\t\t\t\t<h3 class=\"elementor-heading-title elementor-size-default\">Art\u00edculo 7 - Responsabilidades<\/h3>\t\t\t\t<\/div>\n\t\t\t\t<\/div>\n\t\t\t\t<div class=\"elementor-element elementor-element-d909d71 color-scheme-inherit text-left elementor-widget elementor-widget-text-editor\" data-id=\"d909d71\" data-element_type=\"widget\" data-e-type=\"widget\" data-widget_type=\"text-editor.default\">\n\t\t\t\t<div class=\"elementor-widget-container\">\n\t\t\t\t\t\t\t\t\t<ol><li>El responsable de quejas es responsable de la resoluci\u00f3n oportuna de la queja.<\/li><li>La persona reclamada mantendr\u00e1 informado al responsable de reclamaciones sobre cualquier contacto y posible resoluci\u00f3n.<\/li><li>El responsable de quejas mantendr\u00e1 informado al demandante sobre la tramitaci\u00f3n de la queja.<\/li><li>El responsable de quejas mantiene el expediente de la queja.<\/li><\/ol>\t\t\t\t\t\t\t\t<\/div>\n\t\t\t\t<\/div>\n\t\t\t\t<div class=\"elementor-element elementor-element-178ecee elementor-widget elementor-widget-spacer\" data-id=\"178ecee\" data-element_type=\"widget\" data-e-type=\"widget\" data-widget_type=\"spacer.default\">\n\t\t\t\t<div class=\"elementor-widget-container\">\n\t\t\t\t\t\t\t<div class=\"elementor-spacer\">\n\t\t\t<div class=\"elementor-spacer-inner\"><\/div>\n\t\t<\/div>\n\t\t\t\t\t\t<\/div>\n\t\t\t\t<\/div>\n\t\t\t\t<div class=\"elementor-element elementor-element-dc58579 elementor-widget elementor-widget-heading\" data-id=\"dc58579\" data-element_type=\"widget\" data-e-type=\"widget\" data-widget_type=\"heading.default\">\n\t\t\t\t<div class=\"elementor-widget-container\">\n\t\t\t\t\t<h3 class=\"elementor-heading-title elementor-size-default\">Art\u00edculo 8 - Registro de reclamaciones<\/h3>\t\t\t\t<\/div>\n\t\t\t\t<\/div>\n\t\t\t\t<div class=\"elementor-element elementor-element-c6bd825 color-scheme-inherit text-left elementor-widget elementor-widget-text-editor\" data-id=\"c6bd825\" data-element_type=\"widget\" data-e-type=\"widget\" data-widget_type=\"text-editor.default\">\n\t\t\t\t<div class=\"elementor-widget-container\">\n\t\t\t\t\t\t\t\t\t<ol><li>El responsable de quejas registrar\u00e1 la queja junto con el objeto de la misma.<\/li><li>Una queja puede dividirse en varios temas.<\/li><li>El responsable de quejas informa peri\u00f3dicamente sobre la tramitaci\u00f3n de las quejas y formula recomendaciones para evitar nuevas quejas, as\u00ed como para mejorar los procedimientos.<\/li><li>Al menos una vez al a\u00f1o, los informes y las recomendaciones se debaten en la oficina y se someten a decisi\u00f3n.<\/li><\/ol>\t\t\t\t\t\t\t\t<\/div>\n\t\t\t\t<\/div>\n\t\t\t\t<div class=\"elementor-element elementor-element-e700f59 elementor-widget elementor-widget-spacer\" data-id=\"e700f59\" data-element_type=\"widget\" data-e-type=\"widget\" data-widget_type=\"spacer.default\">\n\t\t\t\t<div class=\"elementor-widget-container\">\n\t\t\t\t\t\t\t<div class=\"elementor-spacer\">\n\t\t\t<div class=\"elementor-spacer-inner\"><\/div>\n\t\t<\/div>\n\t\t\t\t\t\t<\/div>\n\t\t\t\t<\/div>\n\t\t\t\t<div class=\"elementor-element elementor-element-c66f003 color-scheme-inherit text-left elementor-widget elementor-widget-text-editor\" data-id=\"c66f003\" data-element_type=\"widget\" data-e-type=\"widget\" data-widget_type=\"text-editor.default\">\n\t\t\t\t<div class=\"elementor-widget-container\">\n\t\t\t\t\t\t\t\t\t<p>Si procede, la denuncia tambi\u00e9n se comunicar\u00e1 a la aseguradora de responsabilidad civil correspondiente.<\/p>\t\t\t\t\t\t\t\t<\/div>\n\t\t\t\t<\/div>\n\t\t\t\t<div class=\"elementor-element elementor-element-3fa7570 elementor-align-left elementor-widget elementor-widget-button\" data-id=\"3fa7570\" data-element_type=\"widget\" data-e-type=\"widget\" data-widget_type=\"button.default\">\n\t\t\t\t<div class=\"elementor-widget-container\">\n\t\t\t\t\t\t\t\t\t<div class=\"elementor-button-wrapper\">\n\t\t\t\t\t<a class=\"elementor-button elementor-button-link elementor-size-sm\" href=\"https:\/\/www.derbedrosian.nl\/wp-content\/uploads\/kantoor-klachtenregeling.pdf\" target=\"_blank\" alt=\"kantoorklachtenregeling advocatenkantoor der bedrosian\">\n\t\t\t\t\t\t<span class=\"elementor-button-content-wrapper\">\n\t\t\t\t\t\t<span class=\"elementor-button-icon\">\n\t\t\t\t<svg aria-hidden=\"true\" class=\"e-font-icon-svg e-far-file-pdf\" viewbox=\"0 0 384 512\" xmlns=\"http:\/\/www.w3.org\/2000\/svg\"><path d=\"M369.9 97.9L286 14C277 5 264.8-.1 252.1-.1H48C21.5 0 0 21.5 0 48v416c0 26.5 21.5 48 48 48h288c26.5 0 48-21.5 48-48V131.9c0-12.7-5.1-25-14.1-34zM332.1 128H256V51.9l76.1 76.1zM48 464V48h160v104c0 13.3 10.7 24 24 24h104v288H48zm250.2-143.7c-12.2-12-47-8.7-64.4-6.5-17.2-10.5-28.7-25-36.8-46.3 3.9-16.1 10.1-40.6 5.4-56-4.2-26.2-37.8-23.6-42.6-5.9-4.4 16.1-.4 38.5 7 67.1-10 23.9-24.9 56-35.4 74.4-20 10.3-47 26.2-51 46.2-3.3 15.8 26 55.2 76.1-31.2 22.4-7.4 46.8-16.5 68.4-20.1 18.9 10.2 41 17 55.8 17 25.5 0 28-28.2 17.5-38.7zm-198.1 77.8c5.1-13.7 24.5-29.5 30.4-35-19 30.3-30.4 35.7-30.4 35zm81.6-190.6c7.4 0 6.7 32.1 1.8 40.8-4.4-13.9-4.3-40.8-1.8-40.8zm-24.4 136.6c9.7-16.9 18-37 24.7-54.7 8.3 15.1 18.9 27.2 30.1 35.5-20.8 4.3-38.9 13.1-54.8 19.2zm131.6-5s-5 6-37.3-7.8c35.1-2.6 40.9 5.4 37.3 7.8z\"><\/path><\/svg>\t\t\t<\/span>\n\t\t\t\t\t\t\t\t\t<span class=\"elementor-button-text\">Descargar el procedimiento de quejas<\/span>\n\t\t\t\t\t<\/span>\n\t\t\t\t\t<\/a>\n\t\t\t\t<\/div>\n\t\t\t\t\t\t\t\t<\/div>\n\t\t\t\t<\/div>\n\t\t\t\t<div class=\"elementor-element elementor-element-3029daa color-scheme-inherit text-left elementor-widget elementor-widget-text-editor\" data-id=\"3029daa\" data-element_type=\"widget\" data-e-type=\"widget\" data-widget_type=\"text-editor.default\">\n\t\t\t\t<div class=\"elementor-widget-container\">\n\t\t\t\t\t\t\t\t\t<p>\u00daltima actualizaci\u00f3n: 21 de junio de 2023<\/p>\t\t\t\t\t\t\t\t<\/div>\n\t\t\t\t<\/div>\n\t\t\t\t\t<\/div>\n\t\t\t\t<\/div>\n\t\t\t\t<\/div>","protected":false},"excerpt":{"rendered":"<p>HomePagina Der Bedrosian beschikt over gespecialiseerde advocaten. Neem contact op bij spoedgevallen. Ontvang vrijblijvend advies Kantoorklachtenregeling Advocatenkantoor Der Bedrosian zoals<\/p>","protected":false},"author":1,"featured_media":0,"parent":0,"menu_order":8,"comment_status":"closed","ping_status":"closed","template":"","meta":{"footnotes":""},"class_list":["post-10198","page","type-page","status-publish","hentry"],"_links":{"self":[{"href":"https:\/\/www.derbedrosian.nl\/es\/wp-json\/wp\/v2\/pages\/10198","targetHints":{"allow":["GET"]}}],"collection":[{"href":"https:\/\/www.derbedrosian.nl\/es\/wp-json\/wp\/v2\/pages"}],"about":[{"href":"https:\/\/www.derbedrosian.nl\/es\/wp-json\/wp\/v2\/types\/page"}],"author":[{"embeddable":true,"href":"https:\/\/www.derbedrosian.nl\/es\/wp-json\/wp\/v2\/users\/1"}],"replies":[{"embeddable":true,"href":"https:\/\/www.derbedrosian.nl\/es\/wp-json\/wp\/v2\/comments?post=10198"}],"version-history":[{"count":0,"href":"https:\/\/www.derbedrosian.nl\/es\/wp-json\/wp\/v2\/pages\/10198\/revisions"}],"wp:attachment":[{"href":"https:\/\/www.derbedrosian.nl\/es\/wp-json\/wp\/v2\/media?parent=10198"}],"curies":[{"name":"wp","href":"https:\/\/api.w.org\/{rel}","templated":true}]}}