{"id":10136,"date":"2023-05-24T11:05:52","date_gmt":"2023-05-24T09:05:52","guid":{"rendered":"https:\/\/derbedrosian.nl\/?page_id=10136"},"modified":"2026-01-15T23:37:31","modified_gmt":"2026-01-15T21:37:31","slug":"nuestra-oficina","status":"publish","type":"page","link":"https:\/\/www.derbedrosian.nl\/es\/ons-kantoor\/","title":{"rendered":"Nuestra oficina"},"content":{"rendered":"<div data-elementor-type=\"wp-page\" data-elementor-id=\"10136\" class=\"elementor elementor-10136\" data-elementor-post-type=\"page\">\n\t\t\t\t<div class=\"wd-negative-gap elementor-element elementor-element-c79371b wd-section-stretch e-flex e-con-boxed e-con e-parent\" data-id=\"c79371b\" data-element_type=\"container\" data-e-type=\"container\" data-settings=\"{&quot;background_background&quot;:&quot;gradient&quot;}\">\n\t\t\t\t\t<div class=\"e-con-inner\">\n\t\t<div class=\"elementor-element elementor-element-da0f99d e-con-full e-flex e-con e-child\" data-id=\"da0f99d\" data-element_type=\"container\" data-e-type=\"container\">\n\t\t\t\t<div class=\"elementor-element elementor-element-63e1357 elementor-hidden-tablet elementor-hidden-mobile wd-el-breadcrumbs text-left elementor-widget elementor-widget-wd_element_breadcrumbs\" data-id=\"63e1357\" data-element_type=\"widget\" data-e-type=\"widget\" data-widget_type=\"wd_element_breadcrumbs.default\">\n\t\t\t\t<div class=\"elementor-widget-container\">\n\t\t\t\t\t<nav class=\"wd-breadcrumbs\"><a href=\"https:\/\/www.derbedrosian.nl\/es\/\">Inicio<\/a><span class=\"wd-delimiter\"><\/span><span class=\"wd-last\">P\u00e1gina<\/span><\/nav>\t\t\t\t<\/div>\n\t\t\t\t<\/div>\n\t\t\t\t<\/div>\n\t\t<div class=\"elementor-element elementor-element-822109c e-con-full e-flex e-con e-child\" data-id=\"822109c\" data-element_type=\"container\" data-e-type=\"container\">\n\t\t\t\t<div class=\"elementor-element elementor-element-24bbbd8 elementor-widget-tablet__width-initial elementor-widget-mobile__width-inherit text-balance color-scheme-inherit text-left elementor-widget elementor-widget-text-editor\" data-id=\"24bbbd8\" data-element_type=\"widget\" data-e-type=\"widget\" data-widget_type=\"text-editor.default\">\n\t\t\t\t<div class=\"elementor-widget-container\">\n\t\t\t\t\t\t\t\t\t<p>Der Bedrosian cuenta con abogados especializados. P\u00f3ngase en contacto con nosotros en caso de urgencia.<\/p>\t\t\t\t\t\t\t\t<\/div>\n\t\t\t\t<\/div>\n\t\t\t\t<div class=\"elementor-element elementor-element-117ffb6 elementor-align-left btn-cta elementor-widget elementor-widget-button\" data-id=\"117ffb6\" data-element_type=\"widget\" data-e-type=\"widget\" data-widget_type=\"button.default\">\n\t\t\t\t<div class=\"elementor-widget-container\">\n\t\t\t\t\t\t\t\t\t<div class=\"elementor-button-wrapper\">\n\t\t\t\t\t<a class=\"elementor-button elementor-button-link elementor-size-sm\" href=\"https:\/\/www.derbedrosian.nl\/es\/pongase-en-contacto-con\/\" alt=\"contact strafrecht advocaat\">\n\t\t\t\t\t\t<span class=\"elementor-button-content-wrapper\">\n\t\t\t\t\t\t<span class=\"elementor-button-icon\">\n\t\t\t\t<svg aria-hidden=\"true\" class=\"e-font-icon-svg e-fas-long-arrow-alt-down\" viewbox=\"0 0 256 512\" xmlns=\"http:\/\/www.w3.org\/2000\/svg\"><path d=\"M168 345.941V44c0-6.627-5.373-12-12-12h-56c-6.627 0-12 5.373-12 12v301.941H41.941c-21.382 0-32.09 25.851-16.971 40.971l86.059 86.059c9.373 9.373 24.569 9.373 33.941 0l86.059-86.059c15.119-15.119 4.411-40.971-16.971-40.971H168z\"><\/path><\/svg>\t\t\t<\/span>\n\t\t\t\t\t\t\t\t\t<span class=\"elementor-button-text\">Reciba asesoramiento sin compromiso<\/span>\n\t\t\t\t\t<\/span>\n\t\t\t\t\t<\/a>\n\t\t\t\t<\/div>\n\t\t\t\t\t\t\t\t<\/div>\n\t\t\t\t<\/div>\n\t\t\t\t<\/div>\n\t\t\t\t\t<\/div>\n\t\t\t\t<\/div>\n\t\t<div class=\"wd-negative-gap elementor-element elementor-element-7d1c81d wd-section-stretch e-flex e-con-boxed e-con e-parent\" data-id=\"7d1c81d\" data-element_type=\"container\" data-e-type=\"container\">\n\t\t\t\t\t<div class=\"e-con-inner\">\n\t\t\t\t<div class=\"elementor-element elementor-element-b0b2af0 text-balance color-scheme-inherit text-left elementor-widget elementor-widget-text-editor\" data-id=\"b0b2af0\" data-element_type=\"widget\" data-e-type=\"widget\" data-widget_type=\"text-editor.default\">\n\t\t\t\t<div class=\"elementor-widget-container\">\n\t\t\t\t\t\t\t\t\t<p>Nuestro principal objetivo es velar por los intereses de nuestros clientes. Queremos conseguir el mejor resultado posible para nuestros clientes y no nos conformamos con menos. No estamos satisfechos hasta que usted lo est\u00e1.<\/p>\t\t\t\t\t\t\t\t<\/div>\n\t\t\t\t<\/div>\n\t\t\t\t<div class=\"elementor-element elementor-element-769cbac elementor-widget elementor-widget-spacer\" data-id=\"769cbac\" data-element_type=\"widget\" data-e-type=\"widget\" data-widget_type=\"spacer.default\">\n\t\t\t\t<div class=\"elementor-widget-container\">\n\t\t\t\t\t\t\t<div class=\"elementor-spacer\">\n\t\t\t<div class=\"elementor-spacer-inner\"><\/div>\n\t\t<\/div>\n\t\t\t\t\t\t<\/div>\n\t\t\t\t<\/div>\n\t\t\t\t\t<\/div>\n\t\t\t\t<\/div>\n\t\t<div class=\"wd-negative-gap elementor-element elementor-element-c2e5f81 wd-section-stretch e-flex e-con-boxed e-con e-parent\" data-id=\"c2e5f81\" data-element_type=\"container\" data-e-type=\"container\">\n\t\t\t\t\t<div class=\"e-con-inner\">\n\t\t<div class=\"elementor-element elementor-element-1181c98 e-con-full e-flex e-con e-child\" data-id=\"1181c98\" data-element_type=\"container\" data-e-type=\"container\">\n\t\t\t\t<div class=\"elementor-element elementor-element-fe340a4 elementor-widget elementor-widget-heading\" data-id=\"fe340a4\" data-element_type=\"widget\" data-e-type=\"widget\" data-widget_type=\"heading.default\">\n\t\t\t\t<div class=\"elementor-widget-container\">\n\t\t\t\t\t<h2 class=\"elementor-heading-title elementor-size-default\">Acerca de nuestro bufete\n<\/h2>\t\t\t\t<\/div>\n\t\t\t\t<\/div>\n\t\t\t\t<div class=\"elementor-element elementor-element-459e31d color-scheme-inherit text-left elementor-widget elementor-widget-text-editor\" data-id=\"459e31d\" data-element_type=\"widget\" data-e-type=\"widget\" data-widget_type=\"text-editor.default\">\n\t\t\t\t<div class=\"elementor-widget-container\">\n\t\t\t\t\t\t\t\t\t<p>Tras trabajar durante muchos a\u00f1os como abogado en varios bufetes, Thomas Der Bedrosian decidi\u00f3 fundar su propio bufete en 2013. Quer\u00eda crear un lugar donde la gente pudiera obtener ayuda legal de forma fiable. Desde entonces, Thomas y su equipo de abogados experimentados se han labrado una buena reputaci\u00f3n tanto en los Pa\u00edses Bajos como en el extranjero.<\/p><p>Nuestra oficina se encuentra en Enschede y es f\u00e1cilmente accesible en transporte p\u00fablico. Estaremos encantados de ayudarle venga de donde venga.<\/p><p>Nuestro objetivo es encontrar soluciones a sus problemas legales. Entendemos que cada caso es diferente y nos tomamos el tiempo necesario para comprender su situaci\u00f3n.<\/p>\t\t\t\t\t\t\t\t<\/div>\n\t\t\t\t<\/div>\n\t\t\t\t<\/div>\n\t\t<div class=\"elementor-element elementor-element-26359ba e-con-full e-flex e-con e-child\" data-id=\"26359ba\" data-element_type=\"container\" data-e-type=\"container\">\n\t\t\t\t<div class=\"elementor-element elementor-element-58010ff elementor-widget elementor-widget-image\" data-id=\"58010ff\" data-element_type=\"widget\" data-e-type=\"widget\" data-widget_type=\"image.default\">\n\t\t\t\t<div class=\"elementor-widget-container\">\n\t\t\t\t\t\t\t\t\t\t\t\t\t\t\t<img loading=\"lazy\" decoding=\"async\" width=\"1200\" height=\"800\" src=\"https:\/\/www.derbedrosian.nl\/wp-content\/uploads\/kantoor-der-bedrosian-advocatenkantoor-1200x800.jpg\" class=\"attachment-large size-large wp-image-16363\" alt=\"\" srcset=\"https:\/\/www.derbedrosian.nl\/wp-content\/uploads\/kantoor-der-bedrosian-advocatenkantoor-1200x800.jpg 1200w, https:\/\/www.derbedrosian.nl\/wp-content\/uploads\/kantoor-der-bedrosian-advocatenkantoor-400x267.jpg 400w, https:\/\/www.derbedrosian.nl\/wp-content\/uploads\/kantoor-der-bedrosian-advocatenkantoor-768x512.jpg 768w, https:\/\/www.derbedrosian.nl\/wp-content\/uploads\/kantoor-der-bedrosian-advocatenkantoor-18x12.jpg 18w, https:\/\/www.derbedrosian.nl\/wp-content\/uploads\/kantoor-der-bedrosian-advocatenkantoor.jpg 1536w\" sizes=\"auto, (max-width: 1200px) 100vw, 1200px\" title=\"\">\t\t\t\t\t\t\t\t\t\t\t\t\t\t\t<\/div>\n\t\t\t\t<\/div>\n\t\t\t\t<\/div>\n\t\t\t\t\t<\/div>\n\t\t\t\t<\/div>\n\t\t<div class=\"wd-negative-gap elementor-element elementor-element-524d2b6 wd-section-stretch e-flex e-con-boxed e-con e-parent\" data-id=\"524d2b6\" data-element_type=\"container\" data-e-type=\"container\">\n\t\t\t\t\t<div class=\"e-con-inner\">\n\t\t<div class=\"elementor-element elementor-element-0c69317 e-con-full e-flex e-con e-child\" data-id=\"0c69317\" data-element_type=\"container\" data-e-type=\"container\">\n\t\t\t\t<div class=\"elementor-element elementor-element-6a5cd68 elementor-widget elementor-widget-image\" data-id=\"6a5cd68\" data-element_type=\"widget\" data-e-type=\"widget\" data-widget_type=\"image.default\">\n\t\t\t\t<div class=\"elementor-widget-container\">\n\t\t\t\t\t\t\t\t\t\t\t\t\t\t\t<img loading=\"lazy\" decoding=\"async\" width=\"1200\" height=\"800\" src=\"https:\/\/www.derbedrosian.nl\/wp-content\/uploads\/dossier-advocatenkantoor-derbedrosian-1200x800.jpg\" class=\"attachment-large size-large wp-image-16364\" alt=\"\" srcset=\"https:\/\/www.derbedrosian.nl\/wp-content\/uploads\/dossier-advocatenkantoor-derbedrosian-1200x800.jpg 1200w, https:\/\/www.derbedrosian.nl\/wp-content\/uploads\/dossier-advocatenkantoor-derbedrosian-400x267.jpg 400w, https:\/\/www.derbedrosian.nl\/wp-content\/uploads\/dossier-advocatenkantoor-derbedrosian-768x512.jpg 768w, https:\/\/www.derbedrosian.nl\/wp-content\/uploads\/dossier-advocatenkantoor-derbedrosian-18x12.jpg 18w, https:\/\/www.derbedrosian.nl\/wp-content\/uploads\/dossier-advocatenkantoor-derbedrosian.jpg 1536w\" sizes=\"auto, (max-width: 1200px) 100vw, 1200px\" title=\"\">\t\t\t\t\t\t\t\t\t\t\t\t\t\t\t<\/div>\n\t\t\t\t<\/div>\n\t\t\t\t<\/div>\n\t\t<div class=\"elementor-element elementor-element-866dd6a e-con-full e-flex e-con e-child\" data-id=\"866dd6a\" data-element_type=\"container\" data-e-type=\"container\">\n\t\t\t\t<div class=\"elementor-element elementor-element-88c64b3 elementor-widget elementor-widget-heading\" data-id=\"88c64b3\" data-element_type=\"widget\" data-e-type=\"widget\" data-widget_type=\"heading.default\">\n\t\t\t\t<div class=\"elementor-widget-container\">\n\t\t\t\t\t<h2 class=\"elementor-heading-title elementor-size-default\">M\u00e9todo de trabajo\n<\/h2>\t\t\t\t<\/div>\n\t\t\t\t<\/div>\n\t\t\t\t<div class=\"elementor-element elementor-element-b090e65 color-scheme-inherit text-left elementor-widget elementor-widget-text-editor\" data-id=\"b090e65\" data-element_type=\"widget\" data-e-type=\"widget\" data-widget_type=\"text-editor.default\">\n\t\t\t\t<div class=\"elementor-widget-container\">\n\t\t\t\t\t\t\t\t\t<p>Law Firm es un bufete de abogados independiente. Operamos en toda Holanda, con sede en Enschede. Como cliente, usted est\u00e1 siempre en el centro de nuestro trabajo, gracias a un enfoque r\u00e1pido y eficaz. <a href=\"https:\/\/www.derbedrosian.nl\/es\/abogados\/\">Nuestros abogados<\/a> contamos con una amplia experiencia y conocimientos, lo que nos permite ir un paso m\u00e1s all\u00e1 por usted. Al ofrecer soluciones a medida y pensar activamente junto con el cliente, contamos con un historial probado.<\/p><p>El bufete de abogados es sin\u00f3nimo de experiencia, compromiso y enfoque orientado a los resultados.<\/p>\t\t\t\t\t\t\t\t<\/div>\n\t\t\t\t<\/div>\n\t\t\t\t<\/div>\n\t\t\t\t\t<\/div>\n\t\t\t\t<\/div>\n\t\t\t\t<\/div>","protected":false},"excerpt":{"rendered":"<p>HomePage Der Bedrosian cuenta con abogados especializados. P\u00f3ngase en contacto con nosotros en caso de urgencia. Reciba asesoramiento gratuito Nos centramos principalmente en<\/p>","protected":false},"author":1,"featured_media":0,"parent":0,"menu_order":6,"comment_status":"closed","ping_status":"closed","template":"","meta":{"footnotes":""},"class_list":["post-10136","page","type-page","status-publish","hentry"],"_links":{"self":[{"href":"https:\/\/www.derbedrosian.nl\/es\/wp-json\/wp\/v2\/pages\/10136","targetHints":{"allow":["GET"]}}],"collection":[{"href":"https:\/\/www.derbedrosian.nl\/es\/wp-json\/wp\/v2\/pages"}],"about":[{"href":"https:\/\/www.derbedrosian.nl\/es\/wp-json\/wp\/v2\/types\/page"}],"author":[{"embeddable":true,"href":"https:\/\/www.derbedrosian.nl\/es\/wp-json\/wp\/v2\/users\/1"}],"replies":[{"embeddable":true,"href":"https:\/\/www.derbedrosian.nl\/es\/wp-json\/wp\/v2\/comments?post=10136"}],"version-history":[{"count":0,"href":"https:\/\/www.derbedrosian.nl\/es\/wp-json\/wp\/v2\/pages\/10136\/revisions"}],"wp:attachment":[{"href":"https:\/\/www.derbedrosian.nl\/es\/wp-json\/wp\/v2\/media?parent=10136"}],"curies":[{"name":"wp","href":"https:\/\/api.w.org\/{rel}","templated":true}]}}