{"id":10872,"date":"2023-05-29T10:14:19","date_gmt":"2023-05-29T08:14:19","guid":{"rendered":"https:\/\/derbedrosian.nl\/?page_id=10872"},"modified":"2025-12-21T15:36:46","modified_gmt":"2025-12-21T13:36:46","slug":"waffen-und-munition","status":"publish","type":"page","link":"https:\/\/www.derbedrosian.nl\/de\/rechtsgebieden\/strafrecht\/wapens-en-munitie\/","title":{"rendered":"Waffen und Munition"},"content":{"rendered":"<div data-elementor-type=\"wp-page\" data-elementor-id=\"10872\" class=\"elementor elementor-10872\" data-elementor-post-type=\"page\">\n\t\t\t\t<div class=\"wd-negative-gap elementor-element elementor-element-9033ec8 e-flex e-con-boxed e-con e-parent\" data-id=\"9033ec8\" data-element_type=\"container\" data-e-type=\"container\">\n\t\t\t\t\t<div class=\"e-con-inner\">\n\t\t\t\t<div class=\"elementor-element elementor-element-ee34eaa elementor-hidden-desktop elementor-hidden-tablet elementor-hidden-mobile elementor-widget elementor-widget-wd_image_or_svg\" data-id=\"ee34eaa\" data-element_type=\"widget\" data-e-type=\"widget\" id=\"seo-word\" data-widget_type=\"wd_image_or_svg.default\">\n\t\t\t\t<div class=\"elementor-widget-container\">\n\t\t\t\t\t\n\t\t<div class=\"wd-image text-left\">\n\t\t\t\t\t\t\t\t<img loading=\"lazy\" decoding=\"async\" width=\"1000\" height=\"667\" src=\"https:\/\/www.derbedrosian.nl\/wp-content\/uploads\/rechtsgebied-wapens-en-munitie.jpg\" class=\"attachment-full size-full\" alt=\"waffen und munition gesetz strafbar polizei rechtsanwalt kategorie waffen niederlande\" srcset=\"https:\/\/www.derbedrosian.nl\/wp-content\/uploads\/rechtsgebied-wapens-en-munitie.jpg 1000w, https:\/\/www.derbedrosian.nl\/wp-content\/uploads\/rechtsgebied-wapens-en-munitie-400x267.jpg 400w, https:\/\/www.derbedrosian.nl\/wp-content\/uploads\/rechtsgebied-wapens-en-munitie-768x512.jpg 768w\" sizes=\"auto, (max-width: 1000px) 100vw, 1000px\" title=\"\">\t\t\t\t\t<\/div>\n\n\t\t\t\t\t\t<\/div>\n\t\t\t\t<\/div>\n\t\t\t\t<div class=\"elementor-element elementor-element-a5c24d1 elementor-hidden-desktop elementor-hidden-tablet elementor-hidden-mobile elementor-widget elementor-widget-heading\" data-id=\"a5c24d1\" data-element_type=\"widget\" data-e-type=\"widget\" id=\"seo-word\" data-widget_type=\"heading.default\">\n\t\t\t\t<div class=\"elementor-widget-container\">\n\t\t\t\t\t<h2 class=\"elementor-heading-title elementor-size-default\">waffen- und munitionsgesetz artikel 2<\/h2>\t\t\t\t<\/div>\n\t\t\t\t<\/div>\n\t\t\t\t<div class=\"elementor-element elementor-element-c0ffeb2 elementor-hidden-desktop elementor-hidden-tablet elementor-hidden-mobile elementor-widget elementor-widget-heading\" data-id=\"c0ffeb2\" data-element_type=\"widget\" data-e-type=\"widget\" id=\"seo-word\" data-widget_type=\"heading.default\">\n\t\t\t\t<div class=\"elementor-widget-container\">\n\t\t\t\t\t<h5 class=\"elementor-heading-title elementor-size-default\">Strafe f\u00fcr Waffenbesitz<\/h5>\t\t\t\t<\/div>\n\t\t\t\t<\/div>\n\t\t\t\t<div class=\"elementor-element elementor-element-f169ff9 elementor-hidden-desktop elementor-hidden-tablet elementor-hidden-mobile elementor-widget elementor-widget-heading\" data-id=\"f169ff9\" data-element_type=\"widget\" data-e-type=\"widget\" id=\"seo-word\" data-widget_type=\"heading.default\">\n\t\t\t\t<div class=\"elementor-widget-container\">\n\t\t\t\t\t<h5 class=\"elementor-heading-title elementor-size-default\">Ausnahmen Waffenbesitz<\/h5>\t\t\t\t<\/div>\n\t\t\t\t<\/div>\n\t\t\t\t<div class=\"elementor-element elementor-element-9e035e9 elementor-hidden-desktop elementor-hidden-tablet elementor-hidden-mobile elementor-widget elementor-widget-heading\" data-id=\"9e035e9\" data-element_type=\"widget\" data-e-type=\"widget\" id=\"seo-word\" data-widget_type=\"heading.default\">\n\t\t\t\t<div class=\"elementor-widget-container\">\n\t\t\t\t\t<h5 class=\"elementor-heading-title elementor-size-default\">Anwalt zum Waffen- und Munitionsgesetz\n<\/h5>\t\t\t\t<\/div>\n\t\t\t\t<\/div>\n\t\t\t\t<div class=\"elementor-element elementor-element-d078d20 elementor-hidden-desktop elementor-hidden-tablet elementor-hidden-mobile elementor-widget elementor-widget-heading\" data-id=\"d078d20\" data-element_type=\"widget\" data-e-type=\"widget\" id=\"seo-word\" data-widget_type=\"heading.default\">\n\t\t\t\t<div class=\"elementor-widget-container\">\n\t\t\t\t\t<h5 class=\"elementor-heading-title elementor-size-default\">schusswaffen in den niederlanden<\/h5>\t\t\t\t<\/div>\n\t\t\t\t<\/div>\n\t\t\t\t<div class=\"elementor-element elementor-element-15e9b2e color-scheme-inherit text-left elementor-widget elementor-widget-text-editor\" data-id=\"15e9b2e\" data-element_type=\"widget\" data-e-type=\"widget\" data-widget_type=\"text-editor.default\">\n\t\t\t\t<div class=\"elementor-widget-container\">\n\t\t\t\t\t\t\t\t\t<p><strong>In den Niederlanden wird dieser spezielle Rechtsbereich durch das Waffen- und Munitionsgesetz geregelt, das umfangreiche Vorschriften und Regelungen f\u00fcr den Besitz, die Verwendung und den Handel von Waffen und Munition enth\u00e4lt.<\/strong><\/p>\t\t\t\t\t\t\t\t<\/div>\n\t\t\t\t<\/div>\n\t\t\t\t<div class=\"elementor-element elementor-element-468d880 elementor-widget elementor-widget-spacer\" data-id=\"468d880\" data-element_type=\"widget\" data-e-type=\"widget\" data-widget_type=\"spacer.default\">\n\t\t\t\t<div class=\"elementor-widget-container\">\n\t\t\t\t\t\t\t<div class=\"elementor-spacer\">\n\t\t\t<div class=\"elementor-spacer-inner\"><\/div>\n\t\t<\/div>\n\t\t\t\t\t\t<\/div>\n\t\t\t\t<\/div>\n\t\t\t\t<div class=\"elementor-element elementor-element-725cefc elementor-widget elementor-widget-heading\" data-id=\"725cefc\" data-element_type=\"widget\" data-e-type=\"widget\" data-widget_type=\"heading.default\">\n\t\t\t\t<div class=\"elementor-widget-container\">\n\t\t\t\t\t<h3 class=\"elementor-heading-title elementor-size-default\">Strafen Waffenbesitz<\/h3>\t\t\t\t<\/div>\n\t\t\t\t<\/div>\n\t\t\t\t<div class=\"elementor-element elementor-element-78ce1c7 color-scheme-inherit text-left elementor-widget elementor-widget-text-editor\" data-id=\"78ce1c7\" data-element_type=\"widget\" data-e-type=\"widget\" data-widget_type=\"text-editor.default\">\n\t\t\t\t<div class=\"elementor-widget-container\">\n\t\t\t\t\t\t\t\t\t<p>Der illegale Besitz von Schusswaffen kann auch in Verbindung mit anderen Straftaten zur Anklage gebracht werden. Dies kann zum Beispiel der Fall sein, wenn Sie in einen bewaffneten Raub\u00fcberfall, eine Bedrohung anderer oder sogar in schwerere Verbrechen wie Mord oder Totschlag verwickelt sind.<\/p><p>Die Strafen f\u00fcr den verbotenen Besitz von Waffen sind in den Niederlanden besonders streng. Die Regierung hat die Regeln f\u00fcr den Waffenbesitz in den letzten Jahren versch\u00e4rft.<\/p><p>Die H\u00f6chststrafen reichen von einer neunmonatigen Gef\u00e4ngnisstrafe und einer Geldstrafe von 4.500 \u20ac bis zu acht Jahren Gef\u00e4ngnis und einer Geldstrafe von 45.000 \u20ac (5. Kategorie) f\u00fcr gewerbsm\u00e4\u00dfigen illegalen Waffenhandel. Das genaue Strafma\u00df wird von mehreren Faktoren bestimmt und ist situationsabh\u00e4ngig.<\/p>\t\t\t\t\t\t\t\t<\/div>\n\t\t\t\t<\/div>\n\t\t\t\t<div class=\"elementor-element elementor-element-700f6d3 elementor-widget elementor-widget-spacer\" data-id=\"700f6d3\" data-element_type=\"widget\" data-e-type=\"widget\" data-widget_type=\"spacer.default\">\n\t\t\t\t<div class=\"elementor-widget-container\">\n\t\t\t\t\t\t\t<div class=\"elementor-spacer\">\n\t\t\t<div class=\"elementor-spacer-inner\"><\/div>\n\t\t<\/div>\n\t\t\t\t\t\t<\/div>\n\t\t\t\t<\/div>\n\t\t\t\t<div class=\"elementor-element elementor-element-2b66c27 elementor-widget elementor-widget-heading\" data-id=\"2b66c27\" data-element_type=\"widget\" data-e-type=\"widget\" data-widget_type=\"heading.default\">\n\t\t\t\t<div class=\"elementor-widget-container\">\n\t\t\t\t\t<h3 class=\"elementor-heading-title elementor-size-default\">Ausnahmen Waffenbesitz<\/h3>\t\t\t\t<\/div>\n\t\t\t\t<\/div>\n\t\t\t\t<div class=\"elementor-element elementor-element-eb86db0 color-scheme-inherit text-left elementor-widget elementor-widget-text-editor\" data-id=\"eb86db0\" data-element_type=\"widget\" data-e-type=\"widget\" data-widget_type=\"text-editor.default\">\n\t\t\t\t<div class=\"elementor-widget-container\">\n\t\t\t\t\t\t\t\t\t<p>Es gibt Situationen, in denen der Waffenbesitz erlaubt ist. Im Folgenden haben wir diese Ausnahmen unter verschiedenen Kategorien zusammengefasst, n\u00e4mlich:<\/p>\n<ul>\n<li><strong>Danksagung:<\/strong>&nbsp;in einigen F\u00e4llen kann die Anerkennung f\u00fcr den Besitz oder die Verwendung bestimmter Waffen oder Munition gew\u00e4hrt werden. Dies kann zum Beispiel f\u00fcr Sportsch\u00fctzen oder Sammler gelten, sofern sie bestimmte Kriterien erf\u00fcllen.<\/li>\n<li><strong>Zustimmungen:<\/strong>&nbsp;k\u00f6nnen Genehmigungen f\u00fcr den vor\u00fcbergehenden Besitz oder Gebrauch von Waffen in bestimmten Situationen erteilt werden. Dies k\u00f6nnte zum Beispiel bei Filmproduktionen oder Theaterauff\u00fchrungen der Fall sein, bei denen Waffen als Requisiten verwendet werden.<\/li>\n<li><strong>Lizenzen:<\/strong>&nbsp;F\u00fcr bestimmte Waffenkategorien, wie z.B. Feuerwaffen, sind Lizenzen erforderlich. Diese Lizenzen werden unter strengen Bedingungen und nach eingehender Pr\u00fcfung des Antragstellers erteilt.<\/li>\n<li><strong>Gehen Sie:<\/strong>&nbsp;Personen, die beruflich Waffen tragen m\u00fcssen, wie z.B. Sicherheitspersonal, k\u00f6nnen in einigen F\u00e4llen eine Genehmigung zum Besitz und Gebrauch von Waffen als Teil ihrer Arbeit erhalten.<\/li>\n<li><strong>Ausnahmen:<\/strong>&nbsp;Bestimmte Situationen, wie Notf\u00e4lle oder bestimmte Berufe, k\u00f6nnen Ausnahmen f\u00fcr den vor\u00fcbergehenden Besitz oder Gebrauch von Waffen vorsehen, ohne dass ein spezieller Waffenschein erforderlich ist.<\/li>\n<li><strong>Verzichte:<\/strong>&nbsp;Ausnahmen k\u00f6nnen f\u00fcr Situationen gew\u00e4hrt werden, in denen eine vor\u00fcbergehende Abweichung von den Standardregeln gerechtfertigt ist. Dies kann zum Beispiel bei bestimmten Ereignissen der Fall sein, die vor\u00fcbergehende Ausnahmen vom Gesetz erfordern.<\/li>\n<\/ul>\n<p>Jede dieser Ausnahmen kann mit spezifischen Bedingungen verbunden sein, die von der Art der Situation und der Art der Waffe abh\u00e4ngen. Es ist sehr wichtig, die geltenden Regeln und Vorschriften sorgf\u00e4ltig zu befolgen und ggf. die erforderlichen Genehmigungen einzuholen, um das Gesetz einzuhalten und rechtliche Probleme zu vermeiden.<\/p>\n<p>Wenden Sie sich f\u00fcr eine ausf\u00fchrliche Beratung zum Waffenbesitz und den geltenden Gesetzen immer an einen spezialisierten Anwalt.<\/p>\t\t\t\t\t\t\t\t<\/div>\n\t\t\t\t<\/div>\n\t\t\t\t<div class=\"elementor-element elementor-element-728d237 elementor-widget elementor-widget-spacer\" data-id=\"728d237\" data-element_type=\"widget\" data-e-type=\"widget\" data-widget_type=\"spacer.default\">\n\t\t\t\t<div class=\"elementor-widget-container\">\n\t\t\t\t\t\t\t<div class=\"elementor-spacer\">\n\t\t\t<div class=\"elementor-spacer-inner\"><\/div>\n\t\t<\/div>\n\t\t\t\t\t\t<\/div>\n\t\t\t\t<\/div>\n\t\t\t\t<div class=\"elementor-element elementor-element-7b3774a elementor-widget elementor-widget-heading\" data-id=\"7b3774a\" data-element_type=\"widget\" data-e-type=\"widget\" data-widget_type=\"heading.default\">\n\t\t\t\t<div class=\"elementor-widget-container\">\n\t\t\t\t\t<h3 class=\"elementor-heading-title elementor-size-default\">Gesetz \u00fcber Waffen und Munition<\/h3>\t\t\t\t<\/div>\n\t\t\t\t<\/div>\n\t\t\t\t<div class=\"elementor-element elementor-element-1087705 color-scheme-inherit text-left elementor-widget elementor-widget-text-editor\" data-id=\"1087705\" data-element_type=\"widget\" data-e-type=\"widget\" data-widget_type=\"text-editor.default\">\n\t\t\t\t<div class=\"elementor-widget-container\">\n\t\t\t\t\t\t\t\t\t<p>Im Rahmen des Waffen- und Munitionsgesetzes werden Waffen und Munition als zwei Hauptkategorien betrachtet. Der Bereich Waffen ist weiter in vier Kategorien unterteilt:<\/p><ul><li><strong>Kategorie I:<\/strong> diese Kategorie umfasst eine Vielzahl von Messern und Blankwaffen, darunter Stiletto-Messer, Fallmesser, Wurfmesser oder Butterfly-Messer. Die Vorschriften f\u00fcr diese Kategorie sind wegen der potenziellen Gefahren, die von diesen Messern ausgehen, streng. Ihr Besitz und ihre Verwendung unterliegen strengen Beschr\u00e4nkungen und Vorschriften, da sie aufgrund ihrer Schneidf\u00e4higkeit und Mechanismen als potenziell gef\u00e4hrlich gelten.<\/li><li><strong>Kategorie II:<\/strong> Zu dieser Kategorie geh\u00f6ren vor allem automatische Feuerwaffen und Sprengstoffe. Hier gelten sehr strenge Regeln, und der Besitz von Waffen dieser Kategorie ist im Allgemeinen stark eingeschr\u00e4nkt.<\/li><li><strong>Kategorie III:<\/strong> Dazu geh\u00f6ren zum Beispiel bestimmte Schusswaffen, die weniger fortschrittlich sind als die der Kategorie IV, sowie Wurfmesser, die nicht ausdr\u00fccklich in Kategorie I aufgef\u00fchrt sind. Die Vorschriften f\u00fcr diese Kategorie sollen den Besitz und die Verwendung dieser Waffen regeln, da sie zwar weniger fortschrittlich als einige andere Kategorien sind, aber dennoch potenziell gef\u00e4hrlich sein k\u00f6nnen.<\/li><li><strong>Kategorie IV:<\/strong> Diese Kategorie umfasst andere Waffen, die nicht in die vorherigen Kategorien fallen. Sie k\u00f6nnen verschiedene Arten von Waffen und Ger\u00e4ten umfassen, die nicht ausdr\u00fccklich in den anderen Kategorien aufgef\u00fchrt sind.<\/li><\/ul><p>Das Verst\u00e4ndnis dieser Kategorisierungen ist unerl\u00e4sslich, um das Gesetz einzuhalten und m\u00f6gliche strafrechtliche Konsequenzen bei Verst\u00f6\u00dfen zu vermeiden. Es ist wichtig zu wissen, dass jede dieser Kategorien spezifische Vorschriften und Beschr\u00e4nkungen hat, und es ist ratsam, einen spezialisierten Anwalt zu konsultieren, wenn Sie Zweifel an der Legalit\u00e4t einer Schusswaffe oder Munition haben.<\/p>\t\t\t\t\t\t\t\t<\/div>\n\t\t\t\t<\/div>\n\t\t\t\t<div class=\"elementor-element elementor-element-845cf3f elementor-widget elementor-widget-spacer\" data-id=\"845cf3f\" data-element_type=\"widget\" data-e-type=\"widget\" data-widget_type=\"spacer.default\">\n\t\t\t\t<div class=\"elementor-widget-container\">\n\t\t\t\t\t\t\t<div class=\"elementor-spacer\">\n\t\t\t<div class=\"elementor-spacer-inner\"><\/div>\n\t\t<\/div>\n\t\t\t\t\t\t<\/div>\n\t\t\t\t<\/div>\n\t\t\t\t<div class=\"elementor-element elementor-element-616d361 elementor-widget elementor-widget-heading\" data-id=\"616d361\" data-element_type=\"widget\" data-e-type=\"widget\" data-widget_type=\"heading.default\">\n\t\t\t\t<div class=\"elementor-widget-container\">\n\t\t\t\t\t<h3 class=\"elementor-heading-title elementor-size-default\">Anwalt zum Waffen- und Munitionsgesetz<\/h3>\t\t\t\t<\/div>\n\t\t\t\t<\/div>\n\t\t\t\t<div class=\"elementor-element elementor-element-60462c0 color-scheme-inherit text-left elementor-widget elementor-widget-text-editor\" data-id=\"60462c0\" data-element_type=\"widget\" data-e-type=\"widget\" data-widget_type=\"text-editor.default\">\n\t\t\t\t<div class=\"elementor-widget-container\">\n\t\t\t\t\t\t\t\t\t<p>Wenn Sie eines Versto\u00dfes gegen das Waffen- und Munitionsgesetz verd\u00e4chtigt werden, ist es sehr wichtig, dass Sie so schnell wie m\u00f6glich einen unserer spezialisierten Anw\u00e4lte kontaktieren. Selbst geringf\u00fcgige Verst\u00f6\u00dfe k\u00f6nnen erhebliche Geldstrafen nach sich ziehen, die Sie nat\u00fcrlich lieber vermeiden m\u00f6chten.<\/p><p><a href=\"https:\/\/www.derbedrosian.nl\/de\/rechtsanwalte-2\/\">Unsere erfahrenen Anw\u00e4lte<\/a> sind bereit, Ihnen rechtlichen Beistand zu leisten und Ihren Fall so effektiv wie m\u00f6glich zu bearbeiten. Je fr\u00fcher Sie einen Rechtsbeistand suchen, desto eher k\u00f6nnen wir Ihnen helfen.<\/p>\t\t\t\t\t\t\t\t<\/div>\n\t\t\t\t<\/div>\n\t\t\t\t\t<\/div>\n\t\t\t\t<\/div>\n\t\t\t\t<\/div>","protected":false},"excerpt":{"rendered":"<p>Waffen- und Munitionsgesetz Artikel 2 Besitz von Feuerwaffen Strafe Ausnahmen Besitz von Feuerwaffen Rechtsanwalt Waffen- und Munitionsgesetz Feuerwaffen in den Niederlanden In den Niederlanden<\/p>","protected":false},"author":1,"featured_media":0,"parent":10047,"menu_order":0,"comment_status":"closed","ping_status":"closed","template":"","meta":{"footnotes":""},"class_list":["post-10872","page","type-page","status-publish","hentry"],"_links":{"self":[{"href":"https:\/\/www.derbedrosian.nl\/de\/wp-json\/wp\/v2\/pages\/10872","targetHints":{"allow":["GET"]}}],"collection":[{"href":"https:\/\/www.derbedrosian.nl\/de\/wp-json\/wp\/v2\/pages"}],"about":[{"href":"https:\/\/www.derbedrosian.nl\/de\/wp-json\/wp\/v2\/types\/page"}],"author":[{"embeddable":true,"href":"https:\/\/www.derbedrosian.nl\/de\/wp-json\/wp\/v2\/users\/1"}],"replies":[{"embeddable":true,"href":"https:\/\/www.derbedrosian.nl\/de\/wp-json\/wp\/v2\/comments?post=10872"}],"version-history":[{"count":0,"href":"https:\/\/www.derbedrosian.nl\/de\/wp-json\/wp\/v2\/pages\/10872\/revisions"}],"up":[{"embeddable":true,"href":"https:\/\/www.derbedrosian.nl\/de\/wp-json\/wp\/v2\/pages\/10047"}],"wp:attachment":[{"href":"https:\/\/www.derbedrosian.nl\/de\/wp-json\/wp\/v2\/media?parent=10872"}],"curies":[{"name":"wp","href":"https:\/\/api.w.org\/{rel}","templated":true}]}}