{"id":10867,"date":"2023-05-29T10:12:56","date_gmt":"2023-05-29T08:12:56","guid":{"rendered":"https:\/\/derbedrosian.nl\/?page_id=10867"},"modified":"2025-12-21T15:18:13","modified_gmt":"2025-12-21T13:18:13","slug":"vergewaltigung","status":"publish","type":"page","link":"https:\/\/www.derbedrosian.nl\/de\/rechtsgebieden\/strafrecht\/verkrachting\/","title":{"rendered":"Vergewaltigung"},"content":{"rendered":"<div data-elementor-type=\"wp-page\" data-elementor-id=\"10867\" class=\"elementor elementor-10867\" data-elementor-post-type=\"page\">\n\t\t\t\t<div class=\"wd-negative-gap elementor-element elementor-element-79ce637 e-flex e-con-boxed e-con e-parent\" data-id=\"79ce637\" data-element_type=\"container\" data-e-type=\"container\">\n\t\t\t\t\t<div class=\"e-con-inner\">\n\t\t\t\t<div class=\"elementor-element elementor-element-29f3aea elementor-hidden-desktop elementor-hidden-tablet elementor-hidden-mobile elementor-widget elementor-widget-wd_image_or_svg\" data-id=\"29f3aea\" data-element_type=\"widget\" data-e-type=\"widget\" id=\"seo-word\" data-widget_type=\"wd_image_or_svg.default\">\n\t\t\t\t<div class=\"elementor-widget-container\">\n\t\t\t\t\t\n\t\t<div class=\"wd-image text-left\">\n\t\t\t\t\t\t\t\t<img loading=\"lazy\" decoding=\"async\" width=\"1000\" height=\"667\" src=\"https:\/\/www.derbedrosian.nl\/wp-content\/uploads\/rechtsgebied-verkrachting.jpg\" class=\"attachment-full size-full\" alt=\"Vergewaltigung Strafe Anwalt K\u00f6rperverletzung Verbrechen verd\u00e4chtigt auf Vergewaltigung Straftat\" srcset=\"https:\/\/www.derbedrosian.nl\/wp-content\/uploads\/rechtsgebied-verkrachting.jpg 1000w, https:\/\/www.derbedrosian.nl\/wp-content\/uploads\/rechtsgebied-verkrachting-400x267.jpg 400w, https:\/\/www.derbedrosian.nl\/wp-content\/uploads\/rechtsgebied-verkrachting-768x512.jpg 768w\" sizes=\"auto, (max-width: 1000px) 100vw, 1000px\" title=\"\">\t\t\t\t\t<\/div>\n\n\t\t\t\t\t\t<\/div>\n\t\t\t\t<\/div>\n\t\t\t\t<div class=\"elementor-element elementor-element-72c715a elementor-hidden-desktop elementor-hidden-tablet elementor-hidden-mobile elementor-widget elementor-widget-heading\" data-id=\"72c715a\" data-element_type=\"widget\" data-e-type=\"widget\" id=\"seo-word\" data-widget_type=\"heading.default\">\n\t\t\t\t<div class=\"elementor-widget-container\">\n\t\t\t\t\t<h2 class=\"elementor-heading-title elementor-size-default\">Anwalt f\u00fcr Vergewaltigung<\/h2>\t\t\t\t<\/div>\n\t\t\t\t<\/div>\n\t\t\t\t<div class=\"elementor-element elementor-element-a1d26a1 elementor-hidden-desktop elementor-hidden-tablet elementor-hidden-mobile elementor-widget elementor-widget-heading\" data-id=\"a1d26a1\" data-element_type=\"widget\" data-e-type=\"widget\" id=\"seo-word\" data-widget_type=\"heading.default\">\n\t\t\t\t<div class=\"elementor-widget-container\">\n\t\t\t\t\t<h5 class=\"elementor-heading-title elementor-size-default\">Strafe f\u00fcr Vergewaltigung<\/h5>\t\t\t\t<\/div>\n\t\t\t\t<\/div>\n\t\t\t\t<div class=\"elementor-element elementor-element-86df940 elementor-hidden-desktop elementor-hidden-tablet elementor-hidden-mobile elementor-widget elementor-widget-heading\" data-id=\"86df940\" data-element_type=\"widget\" data-e-type=\"widget\" id=\"seo-word\" data-widget_type=\"heading.default\">\n\t\t\t\t<div class=\"elementor-widget-container\">\n\t\t\t\t\t<h5 class=\"elementor-heading-title elementor-size-default\">vergewaltigung niederlande<\/h5>\t\t\t\t<\/div>\n\t\t\t\t<\/div>\n\t\t\t\t<div class=\"elementor-element elementor-element-ddb554c elementor-hidden-desktop elementor-hidden-tablet elementor-hidden-mobile elementor-widget elementor-widget-heading\" data-id=\"ddb554c\" data-element_type=\"widget\" data-e-type=\"widget\" id=\"seo-word\" data-widget_type=\"heading.default\">\n\t\t\t\t<div class=\"elementor-widget-container\">\n\t\t\t\t\t<h5 class=\"elementor-heading-title elementor-size-default\">Unterschied zwischen sexueller N\u00f6tigung und Vergewaltigung<\/h5>\t\t\t\t<\/div>\n\t\t\t\t<\/div>\n\t\t\t\t<div class=\"elementor-element elementor-element-4bfa2bd elementor-hidden-desktop elementor-hidden-tablet elementor-hidden-mobile elementor-widget elementor-widget-heading\" data-id=\"4bfa2bd\" data-element_type=\"widget\" data-e-type=\"widget\" id=\"seo-word\" data-widget_type=\"heading.default\">\n\t\t\t\t<div class=\"elementor-widget-container\">\n\t\t\t\t\t<h5 class=\"elementor-heading-title elementor-size-default\">Verbrechen<\/h5>\t\t\t\t<\/div>\n\t\t\t\t<\/div>\n\t\t\t\t<div class=\"elementor-element elementor-element-ac32fe0 elementor-hidden-desktop elementor-hidden-tablet elementor-hidden-mobile elementor-widget elementor-widget-heading\" data-id=\"ac32fe0\" data-element_type=\"widget\" data-e-type=\"widget\" id=\"seo-word\" data-widget_type=\"heading.default\">\n\t\t\t\t<div class=\"elementor-widget-container\">\n\t\t\t\t\t<h5 class=\"elementor-heading-title elementor-size-default\">Streikposten-Anwalt<\/h5>\t\t\t\t<\/div>\n\t\t\t\t<\/div>\n\t\t\t\t<div class=\"elementor-element elementor-element-f045f6d elementor-hidden-desktop elementor-hidden-tablet elementor-hidden-mobile elementor-widget elementor-widget-heading\" data-id=\"f045f6d\" data-element_type=\"widget\" data-e-type=\"widget\" id=\"seo-word\" data-widget_type=\"heading.default\">\n\t\t\t\t<div class=\"elementor-widget-container\">\n\t\t\t\t\t<h5 class=\"elementor-heading-title elementor-size-default\">Anwalt f\u00fcr Strafrecht enschede<\/h5>\t\t\t\t<\/div>\n\t\t\t\t<\/div>\n\t\t\t\t<div class=\"elementor-element elementor-element-8c1d0f5 elementor-hidden-desktop elementor-hidden-tablet elementor-hidden-mobile elementor-widget elementor-widget-heading\" data-id=\"8c1d0f5\" data-element_type=\"widget\" data-e-type=\"widget\" id=\"seo-word\" data-widget_type=\"heading.default\">\n\t\t\t\t<div class=\"elementor-widget-container\">\n\t\t\t\t\t<h5 class=\"elementor-heading-title elementor-size-default\">Strafrecht enschede<\/h5>\t\t\t\t<\/div>\n\t\t\t\t<\/div>\n\t\t\t\t<div class=\"elementor-element elementor-element-eb1e1f5 elementor-hidden-desktop elementor-hidden-tablet elementor-hidden-mobile elementor-widget elementor-widget-heading\" data-id=\"eb1e1f5\" data-element_type=\"widget\" data-e-type=\"widget\" id=\"seo-word\" data-widget_type=\"heading.default\">\n\t\t\t\t<div class=\"elementor-widget-container\">\n\t\t\t\t\t<h5 class=\"elementor-heading-title elementor-size-default\">Anwalt Strafrecht Enschede<\/h5>\t\t\t\t<\/div>\n\t\t\t\t<\/div>\n\t\t\t\t<div class=\"elementor-element elementor-element-c193e6a elementor-hidden-desktop elementor-hidden-tablet elementor-hidden-mobile elementor-widget elementor-widget-heading\" data-id=\"c193e6a\" data-element_type=\"widget\" data-e-type=\"widget\" id=\"seo-word\" data-widget_type=\"heading.default\">\n\t\t\t\t<div class=\"elementor-widget-container\">\n\t\t\t\t\t<h5 class=\"elementor-heading-title elementor-size-default\">Anwalt Strafrecht Overijssel<\/h5>\t\t\t\t<\/div>\n\t\t\t\t<\/div>\n\t\t\t\t<div class=\"elementor-element elementor-element-35968d3 elementor-hidden-desktop elementor-hidden-tablet elementor-hidden-mobile elementor-widget elementor-widget-heading\" data-id=\"35968d3\" data-element_type=\"widget\" data-e-type=\"widget\" id=\"seo-word\" data-widget_type=\"heading.default\">\n\t\t\t\t<div class=\"elementor-widget-container\">\n\t\t\t\t\t<h5 class=\"elementor-heading-title elementor-size-default\">Vergewaltigung Bedeutung<\/h5>\t\t\t\t<\/div>\n\t\t\t\t<\/div>\n\t\t\t\t<div class=\"elementor-element elementor-element-4e3765c elementor-hidden-desktop elementor-hidden-tablet elementor-hidden-mobile elementor-widget elementor-widget-heading\" data-id=\"4e3765c\" data-element_type=\"widget\" data-e-type=\"widget\" id=\"seo-word\" data-widget_type=\"heading.default\">\n\t\t\t\t<div class=\"elementor-widget-container\">\n\t\t\t\t\t<h5 class=\"elementor-heading-title elementor-size-default\">In Enschede und Overijssel sind die Strafrechtsanw\u00e4lte von Derbedrosian Criminal Lawyers Ihre vertrauensw\u00fcrdigen Rechtspartner. Unsere Anw\u00e4lte in Enschede sind auf Strafsachen spezialisiert, auch auf schwere F\u00e4lle wie Vergewaltigung.\n\nVergewaltigung ist in den Niederlanden ein schweres Verbrechen, das mit harten Strafen geahndet wird. Es ist wichtig, den rechtlichen Rahmen und die Strafen f\u00fcr Vergewaltigung zu verstehen. Der Unterschied zwischen sexueller N\u00f6tigung und Vergewaltigung liegt in der Art und Schwere der Straftat.\n\nEin Pflichtverteidiger, der auch als diensthabender Anwalt bezeichnet wird, kann in dringenden F\u00e4llen, wie z.B. bei einer Verhaftung oder einem Verh\u00f6r, als Rechtsbeistand hinzugezogen werden. In F\u00e4llen von Vergewaltigung ist es unerl\u00e4sslich, sofort anwaltliche Hilfe in Anspruch zu nehmen.\n\nUnsere Anw\u00e4lte in Enschede beraten Sie und vertreten Ihre Interessen in Strafsachen, einschlie\u00dflich Vergewaltigungsf\u00e4llen. Wenn Sie in solch schwerwiegenden Angelegenheiten rechtlichen Beistand ben\u00f6tigen, z\u00f6gern Sie nicht, Derbedrosian Criminal Lawyers zu kontaktieren, um professionelle Unterst\u00fctzung zu erhalten.<\/h5>\t\t\t\t<\/div>\n\t\t\t\t<\/div>\n\t\t\t\t<div class=\"elementor-element elementor-element-80a0103 color-scheme-inherit text-left elementor-widget elementor-widget-text-editor\" data-id=\"80a0103\" data-element_type=\"widget\" data-e-type=\"widget\" data-widget_type=\"text-editor.default\">\n\t\t\t\t<div class=\"elementor-widget-container\">\n\t\t\t\t\t\t\t\t\t<p><strong>Vergewaltigung ist ein schweres Verbrechen, bei dem das niederl\u00e4ndische Justizsystem diese Situationen aufgreift und sicherstellt, dass sowohl Opfer als auch Verd\u00e4chtige fair behandelt werden.<\/strong><\/p><p><strong>Au\u00dferdem stehen den Opfern medizinische und emotionale Unterst\u00fctzungsdienste zur Verf\u00fcgung, um ihnen bei der Genesung zu helfen.<\/strong><\/p>\t\t\t\t\t\t\t\t<\/div>\n\t\t\t\t<\/div>\n\t\t\t\t<div class=\"elementor-element elementor-element-7bb2179 elementor-widget elementor-widget-spacer\" data-id=\"7bb2179\" data-element_type=\"widget\" data-e-type=\"widget\" data-widget_type=\"spacer.default\">\n\t\t\t\t<div class=\"elementor-widget-container\">\n\t\t\t\t\t\t\t<div class=\"elementor-spacer\">\n\t\t\t<div class=\"elementor-spacer-inner\"><\/div>\n\t\t<\/div>\n\t\t\t\t\t\t<\/div>\n\t\t\t\t<\/div>\n\t\t\t\t<div class=\"elementor-element elementor-element-4d0318a elementor-widget elementor-widget-heading\" data-id=\"4d0318a\" data-element_type=\"widget\" data-e-type=\"widget\" data-widget_type=\"heading.default\">\n\t\t\t\t<div class=\"elementor-widget-container\">\n\t\t\t\t\t<h3 class=\"elementor-heading-title elementor-size-default\">Was ist Vergewaltigung?<\/h3>\t\t\t\t<\/div>\n\t\t\t\t<\/div>\n\t\t\t\t<div class=\"elementor-element elementor-element-96fd6ba color-scheme-inherit text-left elementor-widget elementor-widget-text-editor\" data-id=\"96fd6ba\" data-element_type=\"widget\" data-e-type=\"widget\" data-widget_type=\"text-editor.default\">\n\t\t\t\t<div class=\"elementor-widget-container\">\n\t\t\t\t\t\t\t\t\t<p>Laut Gesetz wird Vergewaltigung wie folgt definiert: \"Vergewaltigung ist jede Form der sexuellen Penetration, unabh\u00e4ngig von der Methode, die gegen den Willen einer Person durchgef\u00fchrt wird, unabh\u00e4ngig davon, ob sie unter dem Einfluss von Gewalt, Bedrohung oder psychologischem Druck steht oder nicht.\"<\/p><p>Es ist wichtig zu verstehen, was 'gegen den Willen' bedeutet. Dies beinhaltet:<\/p><ul><li><strong>Fehlende Zustimmung:<\/strong>\u00a0dies bedeutet, dass die sexuelle Penetration ohne den freien Willen und die Zustimmung des Opfers stattgefunden hat. Das bedeutet, dass die Person dem sexuellen Akt nicht freiwillig zugestimmt hat.<\/li><li><strong>K\u00f6rperliche oder geistige Behinderungen:<\/strong>\u00a0Zu einer Vergewaltigung kann es auch kommen, wenn das Opfer aufgrund einer k\u00f6rperlichen oder geistigen Behinderung nicht in der Lage ist, bewusst seine Zustimmung zu geben. Dies kann zum Beispiel der Fall sein, wenn eine Person aufgrund eines Down-Syndroms nicht in der Lage ist, ihren Willen klar zu \u00e4u\u00dfern.<\/li><li><strong>Beeinflusst durch Alkohol oder Drogen:<\/strong> wenn das Opfer unter dem Einfluss von Alkohol oder Drogen steht und daher nicht in der Lage ist, bewusst und freiwillig in sexuelle Handlungen einzuwilligen.<\/li><\/ul><p>Es ist sehr wichtig, dass Vergewaltigung in \u00dcbereinstimmung mit diesen gesetzlichen Definitionen verstanden wird, um die Schwere dieses Verbrechens zu unterstreichen und die Rechte der Opfer zu sch\u00fctzen.<\/p>\t\t\t\t\t\t\t\t<\/div>\n\t\t\t\t<\/div>\n\t\t\t\t<div class=\"elementor-element elementor-element-8405b00 elementor-widget elementor-widget-spacer\" data-id=\"8405b00\" data-element_type=\"widget\" data-e-type=\"widget\" data-widget_type=\"spacer.default\">\n\t\t\t\t<div class=\"elementor-widget-container\">\n\t\t\t\t\t\t\t<div class=\"elementor-spacer\">\n\t\t\t<div class=\"elementor-spacer-inner\"><\/div>\n\t\t<\/div>\n\t\t\t\t\t\t<\/div>\n\t\t\t\t<\/div>\n\t\t\t\t<div class=\"elementor-element elementor-element-f93aeed elementor-widget elementor-widget-heading\" data-id=\"f93aeed\" data-element_type=\"widget\" data-e-type=\"widget\" data-widget_type=\"heading.default\">\n\t\t\t\t<div class=\"elementor-widget-container\">\n\t\t\t\t\t<h3 class=\"elementor-heading-title elementor-size-default\">Bestrafung Vergewaltigung<\/h3>\t\t\t\t<\/div>\n\t\t\t\t<\/div>\n\t\t\t\t<div class=\"elementor-element elementor-element-1e402ae color-scheme-inherit text-left elementor-widget elementor-widget-text-editor\" data-id=\"1e402ae\" data-element_type=\"widget\" data-e-type=\"widget\" data-widget_type=\"text-editor.default\">\n\t\t\t\t<div class=\"elementor-widget-container\">\n\t\t\t\t\t\t\t\t\t<p>Gem\u00e4\u00df Artikel 242 des niederl\u00e4ndischen Strafgesetzbuches liegt die H\u00f6chststrafe f\u00fcr Vergewaltigung derzeit bei 12 Jahren. Das bedeutet, dass eine Person, die der Vergewaltigung f\u00fcr schuldig befunden wird, zu bis zu 12 Jahren Gef\u00e4ngnis verurteilt werden kann.<\/p><ul><li><strong>Geldstrafe:<\/strong> Neben einer Freiheitsstrafe kann auch eine Geldstrafe verh\u00e4ngt werden. Die Geldstrafe f\u00fcr Vergewaltigung f\u00e4llt im niederl\u00e4ndischen Strafrecht in die Kategorie 5 der Geldstrafen. Das bedeutet, dass die Geldstrafe je nach den besonderen Umst\u00e4nden des Falles bis zu 90.000 \u20ac betragen kann.<\/li><\/ul>\t\t\t\t\t\t\t\t<\/div>\n\t\t\t\t<\/div>\n\t\t\t\t<div class=\"elementor-element elementor-element-cf0892b elementor-widget elementor-widget-spacer\" data-id=\"cf0892b\" data-element_type=\"widget\" data-e-type=\"widget\" data-widget_type=\"spacer.default\">\n\t\t\t\t<div class=\"elementor-widget-container\">\n\t\t\t\t\t\t\t<div class=\"elementor-spacer\">\n\t\t\t<div class=\"elementor-spacer-inner\"><\/div>\n\t\t<\/div>\n\t\t\t\t\t\t<\/div>\n\t\t\t\t<\/div>\n\t\t\t\t<div class=\"elementor-element elementor-element-d40230a elementor-widget elementor-widget-heading\" data-id=\"d40230a\" data-element_type=\"widget\" data-e-type=\"widget\" data-widget_type=\"heading.default\">\n\t\t\t\t<div class=\"elementor-widget-container\">\n\t\t\t\t\t<h3 class=\"elementor-heading-title elementor-size-default\">Unterschied zwischen sexueller N\u00f6tigung und Vergewaltigung<\/h3>\t\t\t\t<\/div>\n\t\t\t\t<\/div>\n\t\t\t\t<div class=\"elementor-element elementor-element-04ac6bf color-scheme-inherit text-left elementor-widget elementor-widget-text-editor\" data-id=\"04ac6bf\" data-element_type=\"widget\" data-e-type=\"widget\" data-widget_type=\"text-editor.default\">\n\t\t\t\t<div class=\"elementor-widget-container\">\n\t\t\t\t\t\t\t\t\t<p>Sexuelle N\u00f6tigung und Vergewaltigung sind beide schwerwiegend<a href=\"https:\/\/www.derbedrosian.nl\/de\/gerichtsbarkeiten\/strafrecht\/verbrechen\/\"> Verbrechen<\/a>ist, aber es gibt wichtige Unterschiede zwischen den beiden:<\/p><p><strong>\u00dcberfall:<\/strong><\/p><ul><li><strong>Definition:<\/strong>\u00a0Sexuelle N\u00f6tigung bedeutet, dass jemand eine andere Person absichtlich und ohne Zustimmung sexuell ber\u00fchrt, befummelt oder andere sexuelle Handlungen an ihr vornimmt. Das kann von ungewollten Ber\u00fchrungen bis hin zu schwerwiegenderen Formen der sexuellen N\u00f6tigung reichen, wobei jedoch keine Penetration erforderlich ist.<\/li><li><strong>Bestrafung:<\/strong>\u00a0Die Strafen f\u00fcr sexuelle \u00dcbergriffe k\u00f6nnen je nach Schwere des Vergehens variieren, umfassen aber in der Regel Haftstrafen, gemeinn\u00fctzige Arbeit und\/oder Geldstrafen.<\/li><\/ul><p><strong style=\"font-size: 17.6px; letter-spacing: var( --e-global-typography-text-letter-spacing ); text-transform: var( --e-global-typography-text-text-transform ); word-spacing: var( --e-global-typography-text-word-spacing ); color: var(--wd-text-color);\">Vergewaltigung:<\/strong><\/p><ul><li><strong>Definition:<\/strong>\u00a0Vergewaltigung ist eine schwerwiegendere Straftat, bei der eine Person eine andere Person ohne deren Zustimmung sexuell penetriert. Diese Penetration kann mit Gewalt, durch Bedrohung, durch psychischen Druck oder in F\u00e4llen erfolgen, in denen das Opfer nicht in der Lage ist, seine Zustimmung zu geben, z. B. aufgrund von k\u00f6rperlichen oder geistigen Beeintr\u00e4chtigungen, Rauschzust\u00e4nden oder <a href=\"https:\/\/www.derbedrosian.nl\/de\/gerichtsbarkeiten\/strafrecht\/drogen\/\">Drogenkonsum.<\/a><\/li><li><strong>Bestrafung: <\/strong>Vergewaltigung wird in den meisten Rechtssystemen hart bestraft. Die Strafen umfassen oft lange Gef\u00e4ngnisstrafen, je nach Schwere der Straftat und den Umst\u00e4nden.<\/li><\/ul><p>Der Hauptunterschied zwischen sexueller N\u00f6tigung und Vergewaltigung besteht darin, dass eine Vergewaltigung die sexuelle Penetration ohne Zustimmung beinhaltet, w\u00e4hrend die sexuelle N\u00f6tigung sich auf sexuelle Handlungen ohne Penetration konzentriert. Beide Straftaten sind schwerwiegend und werden hart bestraft, aber die Art der Handlungen ist unterschiedlich.<\/p>\t\t\t\t\t\t\t\t<\/div>\n\t\t\t\t<\/div>\n\t\t\t\t<div class=\"elementor-element elementor-element-5a433a3 elementor-widget elementor-widget-spacer\" data-id=\"5a433a3\" data-element_type=\"widget\" data-e-type=\"widget\" data-widget_type=\"spacer.default\">\n\t\t\t\t<div class=\"elementor-widget-container\">\n\t\t\t\t\t\t\t<div class=\"elementor-spacer\">\n\t\t\t<div class=\"elementor-spacer-inner\"><\/div>\n\t\t<\/div>\n\t\t\t\t\t\t<\/div>\n\t\t\t\t<\/div>\n\t\t\t\t<div class=\"elementor-element elementor-element-baf127d elementor-widget elementor-widget-heading\" data-id=\"baf127d\" data-element_type=\"widget\" data-e-type=\"widget\" data-widget_type=\"heading.default\">\n\t\t\t\t<div class=\"elementor-widget-container\">\n\t\t\t\t\t<h3 class=\"elementor-heading-title elementor-size-default\">Streikposten-Anwalt<\/h3>\t\t\t\t<\/div>\n\t\t\t\t<\/div>\n\t\t\t\t<div class=\"elementor-element elementor-element-b873207 color-scheme-inherit text-left elementor-widget elementor-widget-text-editor\" data-id=\"b873207\" data-element_type=\"widget\" data-e-type=\"widget\" data-widget_type=\"text-editor.default\">\n\t\t\t\t<div class=\"elementor-widget-container\">\n\t\t\t\t\t\t\t\t\t<p>In den Niederlanden wird dem Verd\u00e4chtigen, der von der Polizei festgenommen und in Untersuchungshaft genommen wird, ein Pflichtverteidiger zugewiesen. Dieser Anwalt ist am Tag Ihrer Verhaftung verf\u00fcgbar. Es ist jedoch nicht immer gew\u00e4hrleistet, dass dieser Anwalt auf das <a href=\"https:\/\/www.derbedrosian.nl\/de\/gerichtsbarkeiten\/strafrecht\/\">Strafrecht<\/a>geschweige denn in komplexen Lasterf\u00e4llen.<\/p><p>Oft werden Streikpostenschichten von Anwaltsanw\u00e4rtern \u00fcbernommen. Daher ist es in einem komplexen Sittenfall, der spezielles Fachwissen erfordert, ungewiss, ob Sie von dem Ihnen zugewiesenen Streikposten-Anwalt die richtige juristische Unterst\u00fctzung erhalten werden.<\/p>\t\t\t\t\t\t\t\t<\/div>\n\t\t\t\t<\/div>\n\t\t\t\t<div class=\"elementor-element elementor-element-d9cb06b elementor-widget elementor-widget-spacer\" data-id=\"d9cb06b\" data-element_type=\"widget\" data-e-type=\"widget\" data-widget_type=\"spacer.default\">\n\t\t\t\t<div class=\"elementor-widget-container\">\n\t\t\t\t\t\t\t<div class=\"elementor-spacer\">\n\t\t\t<div class=\"elementor-spacer-inner\"><\/div>\n\t\t<\/div>\n\t\t\t\t\t\t<\/div>\n\t\t\t\t<\/div>\n\t\t\t\t<div class=\"elementor-element elementor-element-8765f97 elementor-widget elementor-widget-heading\" data-id=\"8765f97\" data-element_type=\"widget\" data-e-type=\"widget\" data-widget_type=\"heading.default\">\n\t\t\t\t<div class=\"elementor-widget-container\">\n\t\t\t\t\t<h3 class=\"elementor-heading-title elementor-size-default\">Anwalt f\u00fcr mutma\u00dfliche Vergewaltigung<\/h3>\t\t\t\t<\/div>\n\t\t\t\t<\/div>\n\t\t\t\t<div class=\"elementor-element elementor-element-0f239d4 color-scheme-inherit text-left elementor-widget elementor-widget-text-editor\" data-id=\"0f239d4\" data-element_type=\"widget\" data-e-type=\"widget\" data-widget_type=\"text-editor.default\">\n\t\t\t\t<div class=\"elementor-widget-container\">\n\t\t\t\t\t\t\t\t\t<p>Wenn Sie der Vergewaltigung verd\u00e4chtigt werden, ist es immer wichtig, sich an einen spezialisierten Anwalt zu wenden. Es ist ratsam, dies in einem m\u00f6glichst fr\u00fchen Stadium des Falles zu tun, damit der Anwalt noch viel Einfluss auf den sp\u00e4teren Verlauf des Prozesses nehmen kann. In der Anwaltskanzlei Der Bedrosian stellen wir f\u00fcr Sie den direkten Kontakt zu einem unserer <a href=\"https:\/\/www.derbedrosian.nl\/de\/rechtsanwalte-2\/\">Fachanw\u00e4lte<\/a> der \u00fcber umfangreiche Erfahrung in Sexualdelikten verf\u00fcgt.<\/p><p>Unser Engagement geht \u00fcber die rechtliche Vertretung hinaus. Wir arbeiten mit Ihnen zusammen, um die beste Verteidigungsstrategie festzulegen und streben ein gerechtes Ergebnis f\u00fcr Ihren Fall an.<\/p>\t\t\t\t\t\t\t\t<\/div>\n\t\t\t\t<\/div>\n\t\t\t\t\t<\/div>\n\t\t\t\t<\/div>\n\t\t\t\t<\/div>","protected":false},"excerpt":{"rendered":"<p>vergewaltigung rechtsanwalt vergewaltigung strafe vergewaltigung nederland unterschied zwischen sexueller \u00fcbergriffigkeit und vergewaltigung kriminalit\u00e4t picket rechtsanwalt enschede strafrecht enschede rechtsanwalt strafrecht<\/p>","protected":false},"author":1,"featured_media":0,"parent":10047,"menu_order":0,"comment_status":"closed","ping_status":"closed","template":"","meta":{"footnotes":""},"class_list":["post-10867","page","type-page","status-publish","hentry"],"_links":{"self":[{"href":"https:\/\/www.derbedrosian.nl\/de\/wp-json\/wp\/v2\/pages\/10867","targetHints":{"allow":["GET"]}}],"collection":[{"href":"https:\/\/www.derbedrosian.nl\/de\/wp-json\/wp\/v2\/pages"}],"about":[{"href":"https:\/\/www.derbedrosian.nl\/de\/wp-json\/wp\/v2\/types\/page"}],"author":[{"embeddable":true,"href":"https:\/\/www.derbedrosian.nl\/de\/wp-json\/wp\/v2\/users\/1"}],"replies":[{"embeddable":true,"href":"https:\/\/www.derbedrosian.nl\/de\/wp-json\/wp\/v2\/comments?post=10867"}],"version-history":[{"count":0,"href":"https:\/\/www.derbedrosian.nl\/de\/wp-json\/wp\/v2\/pages\/10867\/revisions"}],"up":[{"embeddable":true,"href":"https:\/\/www.derbedrosian.nl\/de\/wp-json\/wp\/v2\/pages\/10047"}],"wp:attachment":[{"href":"https:\/\/www.derbedrosian.nl\/de\/wp-json\/wp\/v2\/media?parent=10867"}],"curies":[{"name":"wp","href":"https:\/\/api.w.org\/{rel}","templated":true}]}}