{"id":10862,"date":"2023-05-29T10:11:05","date_gmt":"2023-05-29T08:11:05","guid":{"rendered":"https:\/\/derbedrosian.nl\/?page_id=10862"},"modified":"2025-12-21T15:16:44","modified_gmt":"2025-12-21T13:16:44","slug":"verkehrsstrafrecht","status":"publish","type":"page","link":"https:\/\/www.derbedrosian.nl\/de\/rechtsgebieden\/strafrecht\/verkeersstrafrecht\/","title":{"rendered":"Verkehrsstrafrecht"},"content":{"rendered":"<div data-elementor-type=\"wp-page\" data-elementor-id=\"10862\" class=\"elementor elementor-10862\" data-elementor-post-type=\"page\">\n\t\t\t\t<div class=\"wd-negative-gap elementor-element elementor-element-dd6839b e-flex e-con-boxed e-con e-parent\" data-id=\"dd6839b\" data-element_type=\"container\" data-e-type=\"container\">\n\t\t\t\t\t<div class=\"e-con-inner\">\n\t\t\t\t<div class=\"elementor-element elementor-element-87f91ee elementor-hidden-desktop elementor-hidden-tablet elementor-hidden-mobile elementor-widget elementor-widget-wd_image_or_svg\" data-id=\"87f91ee\" data-element_type=\"widget\" data-e-type=\"widget\" id=\"seo-word\" data-widget_type=\"wd_image_or_svg.default\">\n\t\t\t\t<div class=\"elementor-widget-container\">\n\t\t\t\t\t\n\t\t<div class=\"wd-image text-left\">\n\t\t\t\t\t\t\t\t<img loading=\"lazy\" decoding=\"async\" width=\"1000\" height=\"667\" src=\"https:\/\/www.derbedrosian.nl\/wp-content\/uploads\/rechtsgebied-verkeersstrafrecht.jpg\" class=\"attachment-full size-full\" alt=\"Verkehrsstrafrecht Anwalt F\u00fchrerschein beschlagnahmt Alkohol am Steuer Strafe Entzug der Fahrerlaubnis\" srcset=\"https:\/\/www.derbedrosian.nl\/wp-content\/uploads\/rechtsgebied-verkeersstrafrecht.jpg 1000w, https:\/\/www.derbedrosian.nl\/wp-content\/uploads\/rechtsgebied-verkeersstrafrecht-400x267.jpg 400w, https:\/\/www.derbedrosian.nl\/wp-content\/uploads\/rechtsgebied-verkeersstrafrecht-768x512.jpg 768w\" sizes=\"auto, (max-width: 1000px) 100vw, 1000px\" title=\"\">\t\t\t\t\t<\/div>\n\n\t\t\t\t\t\t<\/div>\n\t\t\t\t<\/div>\n\t\t\t\t<div class=\"elementor-element elementor-element-4ae918b elementor-hidden-desktop elementor-hidden-tablet elementor-hidden-mobile elementor-widget elementor-widget-heading\" data-id=\"4ae918b\" data-element_type=\"widget\" data-e-type=\"widget\" id=\"seo-word\" data-widget_type=\"heading.default\">\n\t\t\t\t<div class=\"elementor-widget-container\">\n\t\t\t\t\t<h2 class=\"elementor-heading-title elementor-size-default\">Anwalt Verkehrsstrafrecht<\/h2>\t\t\t\t<\/div>\n\t\t\t\t<\/div>\n\t\t\t\t<div class=\"elementor-element elementor-element-59a19b1 elementor-hidden-desktop elementor-hidden-tablet elementor-hidden-mobile elementor-widget elementor-widget-heading\" data-id=\"59a19b1\" data-element_type=\"widget\" data-e-type=\"widget\" id=\"seo-word\" data-widget_type=\"heading.default\">\n\t\t\t\t<div class=\"elementor-widget-container\">\n\t\t\t\t\t<h5 class=\"elementor-heading-title elementor-size-default\">F\u00fchrerschein beschlagnahmt<\/h5>\t\t\t\t<\/div>\n\t\t\t\t<\/div>\n\t\t\t\t<div class=\"elementor-element elementor-element-8ed7140 elementor-hidden-desktop elementor-hidden-tablet elementor-hidden-mobile elementor-widget elementor-widget-heading\" data-id=\"8ed7140\" data-element_type=\"widget\" data-e-type=\"widget\" id=\"seo-word\" data-widget_type=\"heading.default\">\n\t\t\t\t<div class=\"elementor-widget-container\">\n\t\t\t\t\t<h5 class=\"elementor-heading-title elementor-size-default\">F\u00fchrerscheinentzug<\/h5>\t\t\t\t<\/div>\n\t\t\t\t<\/div>\n\t\t\t\t<div class=\"elementor-element elementor-element-17b52a4 elementor-hidden-desktop elementor-hidden-tablet elementor-hidden-mobile elementor-widget elementor-widget-heading\" data-id=\"17b52a4\" data-element_type=\"widget\" data-e-type=\"widget\" id=\"seo-word\" data-widget_type=\"heading.default\">\n\t\t\t\t<div class=\"elementor-widget-container\">\n\t\t\t\t\t<h5 class=\"elementor-heading-title elementor-size-default\">Trunkenheit am Steuer<\/h5>\t\t\t\t<\/div>\n\t\t\t\t<\/div>\n\t\t\t\t<div class=\"elementor-element elementor-element-dcc898f elementor-hidden-desktop elementor-hidden-tablet elementor-hidden-mobile elementor-widget elementor-widget-heading\" data-id=\"dcc898f\" data-element_type=\"widget\" data-e-type=\"widget\" id=\"seo-word\" data-widget_type=\"heading.default\">\n\t\t\t\t<div class=\"elementor-widget-container\">\n\t\t\t\t\t<h5 class=\"elementor-heading-title elementor-size-default\">Om-H\u00f6rer-F\u00fchrerschein<\/h5>\t\t\t\t<\/div>\n\t\t\t\t<\/div>\n\t\t\t\t<div class=\"elementor-element elementor-element-ed4f99c elementor-hidden-desktop elementor-hidden-tablet elementor-hidden-mobile elementor-widget elementor-widget-heading\" data-id=\"ed4f99c\" data-element_type=\"widget\" data-e-type=\"widget\" id=\"seo-word\" data-widget_type=\"heading.default\">\n\t\t\t\t<div class=\"elementor-widget-container\">\n\t\t\t\t\t<h5 class=\"elementor-heading-title elementor-size-default\">Verkehrsunf\u00e4lle Verletzungen<\/h5>\t\t\t\t<\/div>\n\t\t\t\t<\/div>\n\t\t\t\t<div class=\"elementor-element elementor-element-0010988 elementor-hidden-desktop elementor-hidden-tablet elementor-hidden-mobile elementor-widget elementor-widget-heading\" data-id=\"0010988\" data-element_type=\"widget\" data-e-type=\"widget\" id=\"seo-word\" data-widget_type=\"heading.default\">\n\t\t\t\t<div class=\"elementor-widget-container\">\n\t\t\t\t\t<h5 class=\"elementor-heading-title elementor-size-default\">Anwalt Strafrecht Overijssel<\/h5>\t\t\t\t<\/div>\n\t\t\t\t<\/div>\n\t\t\t\t<div class=\"elementor-element elementor-element-dda2836 elementor-hidden-desktop elementor-hidden-tablet elementor-hidden-mobile elementor-widget elementor-widget-heading\" data-id=\"dda2836\" data-element_type=\"widget\" data-e-type=\"widget\" id=\"seo-word\" data-widget_type=\"heading.default\">\n\t\t\t\t<div class=\"elementor-widget-container\">\n\t\t\t\t\t<h5 class=\"elementor-heading-title elementor-size-default\">Anwalt Strafrecht Enschede<\/h5>\t\t\t\t<\/div>\n\t\t\t\t<\/div>\n\t\t\t\t<div class=\"elementor-element elementor-element-7d1c8d1 elementor-hidden-desktop elementor-hidden-tablet elementor-hidden-mobile elementor-widget elementor-widget-heading\" data-id=\"7d1c8d1\" data-element_type=\"widget\" data-e-type=\"widget\" id=\"seo-word\" data-widget_type=\"heading.default\">\n\t\t\t\t<div class=\"elementor-widget-container\">\n\t\t\t\t\t<h5 class=\"elementor-heading-title elementor-size-default\">Strafrecht enschede<\/h5>\t\t\t\t<\/div>\n\t\t\t\t<\/div>\n\t\t\t\t<div class=\"elementor-element elementor-element-10183f9 elementor-hidden-desktop elementor-hidden-tablet elementor-hidden-mobile elementor-widget elementor-widget-heading\" data-id=\"10183f9\" data-element_type=\"widget\" data-e-type=\"widget\" id=\"seo-word\" data-widget_type=\"heading.default\">\n\t\t\t\t<div class=\"elementor-widget-container\">\n\t\t\t\t\t<h5 class=\"elementor-heading-title elementor-size-default\">Anwalt f\u00fcr Strafrecht enschede<\/h5>\t\t\t\t<\/div>\n\t\t\t\t<\/div>\n\t\t\t\t<div class=\"elementor-element elementor-element-35a6d00 elementor-hidden-desktop elementor-hidden-tablet elementor-hidden-mobile elementor-widget elementor-widget-heading\" data-id=\"35a6d00\" data-element_type=\"widget\" data-e-type=\"widget\" id=\"seo-word\" data-widget_type=\"heading.default\">\n\t\t\t\t<div class=\"elementor-widget-container\">\n\t\t\t\t\t<h5 class=\"elementor-heading-title elementor-size-default\">Fahren unter Alkoholeinfluss ein Verkehrsdelikt Verkehrsstrafrecht ist ein<\/h5>\t\t\t\t<\/div>\n\t\t\t\t<\/div>\n\t\t\t\t<div class=\"elementor-element elementor-element-d0e9f17 elementor-hidden-desktop elementor-hidden-tablet elementor-hidden-mobile elementor-widget elementor-widget-heading\" data-id=\"d0e9f17\" data-element_type=\"widget\" data-e-type=\"widget\" id=\"seo-word\" data-widget_type=\"heading.default\">\n\t\t\t\t<div class=\"elementor-widget-container\">\n\t\t\t\t\t<h5 class=\"elementor-heading-title elementor-size-default\">In Enschede und Overijssel sind die Strafrechtsanw\u00e4lte von Derbedrosian Criminal Lawyers f\u00fcr Sie da. Unsere Anw\u00e4lte in Enschede haben umfangreiche Erfahrung in Strafsachen und sind auf das Verkehrsstrafrecht spezialisiert.\n\nWenn Ihnen aufgrund von Verkehrsdelikten der F\u00fchrerschein entzogen oder beschlagnahmt wurde, kann dies erhebliche rechtliche Folgen f\u00fcr Ihren F\u00fchrerschein haben. Auch Verkehrsunf\u00e4lle mit Verletzten k\u00f6nnen zu komplexen Gerichtsverfahren f\u00fchren.\n\nIn F\u00e4llen, in denen es um Verkehrsstrafrecht, F\u00fchrerscheinentzug oder Verkehrsunf\u00e4lle mit Verletzungen geht, sollten Sie unbedingt anwaltliche Hilfe in Anspruch nehmen. Unsere Anw\u00e4lte in Enschede beraten Sie und vertreten Ihre Interessen in diesen Rechtsangelegenheiten.\n\nWenn Sie sich in Enschede oder anderswo in Overijssel befinden und Rechtsbeistand im Verkehrsstrafrecht oder in damit zusammenh\u00e4ngenden Fragen ben\u00f6tigen, wenden Sie sich an Derbedrosian Criminal Lawyers f\u00fcr professionelle Unterst\u00fctzung.\n\n\n\n\n<\/h5>\t\t\t\t<\/div>\n\t\t\t\t<\/div>\n\t\t\t\t<div class=\"elementor-element elementor-element-f9b5e24 color-scheme-inherit text-left elementor-widget elementor-widget-text-editor\" data-id=\"f9b5e24\" data-element_type=\"widget\" data-e-type=\"widget\" data-widget_type=\"text-editor.default\">\n\t\t\t\t<div class=\"elementor-widget-container\">\n\t\t\t\t\t\t\t\t\t<p><strong>In diesem Artikel befassen wir uns mit dem Verkehrsstrafrecht in den Niederlanden, das sich auf Delikte im Stra\u00dfenverkehr konzentriert. Die Niederlande sind st\u00e4ndig in Bewegung, und leider sind damit manchmal Verkehrsverst\u00f6\u00dfe und Unf\u00e4lle verbunden.  Hier finden Sie wertvolle Informationen zu den h\u00e4ufigsten Aspekten des Verkehrsstrafrechts. Ob Sie sich nun mit<a href=\"https:\/\/www.derbedrosian.nl\/de\/gerichtsbarkeiten\/strafrecht\/fuhrerschein-beschlagnahmt\/\"> beschlagnahmte Lizenzen<\/a>, <a href=\"https:\/\/www.derbedrosian.nl\/de\/gerichtsbarkeiten\/strafrecht\/trunkenheit-am-steuer\/\">Trunkenheit am Steuer<\/a>\u00a0Oder Sie haben einfach Ihren F\u00fchrerschein verloren.<\/strong><\/p>\t\t\t\t\t\t\t\t<\/div>\n\t\t\t\t<\/div>\n\t\t\t\t<div class=\"elementor-element elementor-element-7a59892 elementor-widget elementor-widget-spacer\" data-id=\"7a59892\" data-element_type=\"widget\" data-e-type=\"widget\" data-widget_type=\"spacer.default\">\n\t\t\t\t<div class=\"elementor-widget-container\">\n\t\t\t\t\t\t\t<div class=\"elementor-spacer\">\n\t\t\t<div class=\"elementor-spacer-inner\"><\/div>\n\t\t<\/div>\n\t\t\t\t\t\t<\/div>\n\t\t\t\t<\/div>\n\t\t\t\t<div class=\"elementor-element elementor-element-2fa7988 elementor-widget elementor-widget-heading\" data-id=\"2fa7988\" data-element_type=\"widget\" data-e-type=\"widget\" data-widget_type=\"heading.default\">\n\t\t\t\t<div class=\"elementor-widget-container\">\n\t\t\t\t\t<h3 class=\"elementor-heading-title elementor-size-default\">Was ist Verkehrsstrafrecht<\/h3>\t\t\t\t<\/div>\n\t\t\t\t<\/div>\n\t\t\t\t<div class=\"elementor-element elementor-element-98fb8f8 color-scheme-inherit text-left elementor-widget elementor-widget-text-editor\" data-id=\"98fb8f8\" data-element_type=\"widget\" data-e-type=\"widget\" data-widget_type=\"text-editor.default\">\n\t\t\t\t<div class=\"elementor-widget-container\">\n\t\t\t\t\t\t\t\t\t<p>Das Verkehrsstrafrecht bezieht sich auf das Rechtsgebiet, das sich mit Straftaten im Verkehr, insbesondere auf \u00f6ffentlichen Stra\u00dfen und Autobahnen, befasst. Es umfasst Vergehen und Straftaten im Zusammenhang mit Verkehrsregeln und der Benutzung von Fahrzeugen.<\/p><p>Wichtig zu wissen ist, dass sich das Verkehrsstrafrecht vom Verkehrszivilrecht unterscheidet, das sich auf die Haftung und Entsch\u00e4digung der Opfer von Verkehrsunf\u00e4llen konzentriert. Ziel des Verkehrsstrafrechts ist es, die \u00f6ffentliche Ordnung und Sicherheit im Stra\u00dfenverkehr durch die strafrechtliche Verfolgung von Straftaten und <a href=\"https:\/\/www.derbedrosian.nl\/de\/gerichtsbarkeiten\/strafrecht\/verbrechen\/\">Verbrechen.<\/a><\/p>\t\t\t\t\t\t\t\t<\/div>\n\t\t\t\t<\/div>\n\t\t\t\t<div class=\"elementor-element elementor-element-e27462b elementor-widget elementor-widget-spacer\" data-id=\"e27462b\" data-element_type=\"widget\" data-e-type=\"widget\" data-widget_type=\"spacer.default\">\n\t\t\t\t<div class=\"elementor-widget-container\">\n\t\t\t\t\t\t\t<div class=\"elementor-spacer\">\n\t\t\t<div class=\"elementor-spacer-inner\"><\/div>\n\t\t<\/div>\n\t\t\t\t\t\t<\/div>\n\t\t\t\t<\/div>\n\t\t\t\t<div class=\"elementor-element elementor-element-2a3ffa3 elementor-widget elementor-widget-heading\" data-id=\"2a3ffa3\" data-element_type=\"widget\" data-e-type=\"widget\" data-widget_type=\"heading.default\">\n\t\t\t\t<div class=\"elementor-widget-container\">\n\t\t\t\t\t<h3 class=\"elementor-heading-title elementor-size-default\">F\u00fchrerschein wiedererlangt<\/h3>\t\t\t\t<\/div>\n\t\t\t\t<\/div>\n\t\t\t\t<div class=\"elementor-element elementor-element-cb838f2 color-scheme-inherit text-left elementor-widget elementor-widget-text-editor\" data-id=\"cb838f2\" data-element_type=\"widget\" data-e-type=\"widget\" data-widget_type=\"text-editor.default\">\n\t\t\t\t<div class=\"elementor-widget-container\">\n\t\t\t\t\t\t\t\t\t<p>Die Polizei kann beschlie\u00dfen, Ihren F\u00fchrerschein zu konfiszieren, wenn Ihr Verhalten eine ernsthafte Gefahr f\u00fcr die Verkehrssicherheit darstellt. Nachfolgend haben wir einige Situationen aufgelistet, in denen Ihnen unter anderem der F\u00fchrerschein abgenommen werden kann.<\/p><ul><li><strong>Alkoholgehalt:<\/strong> Wenn Ihr Blutalkoholspiegel 1,3 Promille \u00fcberschreitet.  F\u00fcr Fahranf\u00e4nger gibt es eine Untergrenze von 0,8 Promille.<\/li><li><strong>Verweigerung des Alkoholtests und des Bluttests:<\/strong> Wenn Sie sich weigern, bei einem Alkoholtest mitzumachen, z. B. bei einem Alkoholtest oder einem Bluttest.<\/li><li><strong>Gef\u00e4hrliches Fahren:<\/strong> F\u00fcr gef\u00e4hrliches Fahrverhalten, das die Verkehrssicherheit gef\u00e4hrdet.<\/li><li><strong>Versto\u00df gegen die Geschwindigkeitsbegrenzung:<\/strong> Wenn Sie 50 Stundenkilometer oder mehr \u00fcber dem geltenden Tempolimit fahren. F\u00fcr Mopeds gilt dies f\u00fcr eine Geschwindigkeits\u00fcberschreitung von 30 Kilometern pro Stunde oder mehr.<\/li><li><a href=\"https:\/\/www.derbedrosian.nl\/de\/gerichtsbarkeiten\/strafrecht\/verbrechen\/drogen\/\"><strong>Drogenkonsum:<\/strong> <\/a>Wenn Sie unter dem Einfluss von Drogen fahren und die festgelegten Grenzwerte von 50 Mikrogramm Amphetamin, 3 Mikrogramm Cannabis, 20 Mikrogramm Morphin oder 10 Milligramm GHB \u00fcberschreiten.<\/li><\/ul><p>Es ist wichtig, diese Situationen zu verstehen, um den Entzug Ihres F\u00fchrerscheins zu vermeiden und in einem solchen Fall schnell die richtigen Schritte zu unternehmen. <a title=\"der bedrosian law firm\" href=\"https:\/\/www.derbedrosian.nl\/de\/rechtsanwalte-2\/\">Unsere Anw\u00e4lte<\/a> die auf das Verkehrsstrafrecht spezialisiert sind, bieten Ihnen weitere rechtliche Unterst\u00fctzung.<\/p>\t\t\t\t\t\t\t\t<\/div>\n\t\t\t\t<\/div>\n\t\t\t\t<div class=\"elementor-element elementor-element-3c60cd3 elementor-widget elementor-widget-spacer\" data-id=\"3c60cd3\" data-element_type=\"widget\" data-e-type=\"widget\" data-widget_type=\"spacer.default\">\n\t\t\t\t<div class=\"elementor-widget-container\">\n\t\t\t\t\t\t\t<div class=\"elementor-spacer\">\n\t\t\t<div class=\"elementor-spacer-inner\"><\/div>\n\t\t<\/div>\n\t\t\t\t\t\t<\/div>\n\t\t\t\t<\/div>\n\t\t\t\t<div class=\"elementor-element elementor-element-11c6f26 elementor-widget elementor-widget-heading\" data-id=\"11c6f26\" data-element_type=\"widget\" data-e-type=\"widget\" data-widget_type=\"heading.default\">\n\t\t\t\t<div class=\"elementor-widget-container\">\n\t\t\t\t\t<h3 class=\"elementor-heading-title elementor-size-default\">F\u00fchrerschein verloren<\/h3>\t\t\t\t<\/div>\n\t\t\t\t<\/div>\n\t\t\t\t<div class=\"elementor-element elementor-element-6838551 color-scheme-inherit text-left elementor-widget elementor-widget-text-editor\" data-id=\"6838551\" data-element_type=\"widget\" data-e-type=\"widget\" data-widget_type=\"text-editor.default\">\n\t\t\t\t<div class=\"elementor-widget-container\">\n\t\t\t\t\t\t\t\t\t<p>Wenn Sie Ihren F\u00fchrerschein verloren haben oder er gestohlen wurde, sollten Sie sich an die Gemeinde wenden, um einen neuen zu erhalten. Sie m\u00fcssen den Verlust nicht bei der Polizei melden, aber es kann ein paar Tage dauern, bis Sie Ihren neuen F\u00fchrerschein erhalten.<\/p><p>Es ist wichtig, dass Sie nicht ohne g\u00fcltigen F\u00fchrerschein fahren, da dies zu Geldstrafen f\u00fchrt, wenn die Polizei Sie anh\u00e4lt.<\/p><ul><li><strong>F\u00fchrerschein nicht dabei:<\/strong> Wenn Sie einen F\u00fchrerschein besitzen, ihn aber beim Fahren nicht dabei haben, riskieren Sie ein Bu\u00dfgeld von 100 \u20ac.<\/li><li><strong>Kein F\u00fchrerschein:<\/strong> Das F\u00fchren eines Fahrzeugs ohne g\u00fcltigen F\u00fchrerschein kann zu hohen Geldstrafen und im Wiederholungsfall sogar zu Haftstrafen f\u00fchren.<\/li><\/ul>\t\t\t\t\t\t\t\t<\/div>\n\t\t\t\t<\/div>\n\t\t\t\t<div class=\"elementor-element elementor-element-442d3a1 elementor-widget elementor-widget-spacer\" data-id=\"442d3a1\" data-element_type=\"widget\" data-e-type=\"widget\" data-widget_type=\"spacer.default\">\n\t\t\t\t<div class=\"elementor-widget-container\">\n\t\t\t\t\t\t\t<div class=\"elementor-spacer\">\n\t\t\t<div class=\"elementor-spacer-inner\"><\/div>\n\t\t<\/div>\n\t\t\t\t\t\t<\/div>\n\t\t\t\t<\/div>\n\t\t\t\t<div class=\"elementor-element elementor-element-b038cac elementor-widget elementor-widget-heading\" data-id=\"b038cac\" data-element_type=\"widget\" data-e-type=\"widget\" data-widget_type=\"heading.default\">\n\t\t\t\t<div class=\"elementor-widget-container\">\n\t\t\t\t\t<h3 class=\"elementor-heading-title elementor-size-default\">Verkehrsunf\u00e4lle<\/h3>\t\t\t\t<\/div>\n\t\t\t\t<\/div>\n\t\t\t\t<div class=\"elementor-element elementor-element-71a5165 color-scheme-inherit text-left elementor-widget elementor-widget-text-editor\" data-id=\"71a5165\" data-element_type=\"widget\" data-e-type=\"widget\" data-widget_type=\"text-editor.default\">\n\t\t\t\t<div class=\"elementor-widget-container\">\n\t\t\t\t\t\t\t\t\t<p>Wenn sich ein Verkehrsunfall ereignet, bei dem jemand verletzt oder get\u00f6tet wird, leitet die Polizei eine strafrechtliche Untersuchung ein, um die Schuldfrage zu kl\u00e4ren. Wenn Sie als Verd\u00e4chtiger zur Vernehmung vorgeladen werden, ist es ratsam, sich an einen spezialisierten Anwalt f\u00fcr Strafrecht zu wenden, um Ihre Rechte zu sch\u00fctzen.<\/p><p>In bestimmten F\u00e4llen, z. B. bei Auffahrunf\u00e4llen, kann der Fahrer hinter Ihnen f\u00fcr Verletzungen haftbar gemacht werden. Wenn Sie Verletzungen wie ein Schleudertrauma erlitten haben, haben Sie oft Anspruch auf Entsch\u00e4digung.<\/p><p>Bei einem Verkehrsunfall kommt es h\u00e4ufig zu einem Zusammensto\u00df zwischen Autos, Radfahrern oder Fu\u00dfg\u00e4ngern. Dies kann f\u00fcr die Unfallbeteiligten sehr ernst sein. Wenn jemand verletzt ist, ist es klug, die Polizei zu rufen. Diese wird dann untersuchen, was genau passiert ist und ob es Personen gab, die den Unfall gesehen haben. Um den Unfall richtig zu behandeln, ist es wichtig, dass Sie der Polizei klar und deutlich sagen, was passiert ist.<\/p>\t\t\t\t\t\t\t\t<\/div>\n\t\t\t\t<\/div>\n\t\t\t\t<div class=\"elementor-element elementor-element-1d2cd80 elementor-widget elementor-widget-heading\" data-id=\"1d2cd80\" data-element_type=\"widget\" data-e-type=\"widget\" data-widget_type=\"heading.default\">\n\t\t\t\t<div class=\"elementor-widget-container\">\n\t\t\t\t\t<h3 class=\"elementor-heading-title elementor-size-default\">Om-H\u00f6rer-F\u00fchrerschein<\/h3>\t\t\t\t<\/div>\n\t\t\t\t<\/div>\n\t\t\t\t<div class=\"elementor-element elementor-element-a74ba2d elementor-widget elementor-widget-spacer\" data-id=\"a74ba2d\" data-element_type=\"widget\" data-e-type=\"widget\" data-widget_type=\"spacer.default\">\n\t\t\t\t<div class=\"elementor-widget-container\">\n\t\t\t\t\t\t\t<div class=\"elementor-spacer\">\n\t\t\t<div class=\"elementor-spacer-inner\"><\/div>\n\t\t<\/div>\n\t\t\t\t\t\t<\/div>\n\t\t\t\t<\/div>\n\t\t\t\t<div class=\"elementor-element elementor-element-4506c69 color-scheme-inherit text-left elementor-widget elementor-widget-text-editor\" data-id=\"4506c69\" data-element_type=\"widget\" data-e-type=\"widget\" data-widget_type=\"text-editor.default\">\n\t\t\t\t<div class=\"elementor-widget-container\">\n\t\t\t\t\t\t\t\t\t<p>Wenn eine Person eines schweren Verkehrsdelikts f\u00fcr schuldig befunden wird, kann ihr das Recht zum F\u00fchren eines Fahrzeugs vor\u00fcbergehend entzogen werden. Dies wird auch als 'Entzug der Fahrerlaubnis' bezeichnet. Es ist wichtig zu wissen, dass nicht nur ein Richter dar\u00fcber entscheiden kann, sondern auch ein Staatsanwalt dies unabh\u00e4ngig und ohne die Erlaubnis des Richters tun kann. In diesem Fall erhalten Sie eine Einladung zu einem Treffen mit der Staatsanwaltschaft (OM). Es ist sehr wichtig, dass Sie sich vor der Teilnahme an diesem Gespr\u00e4ch von einem Anwalt f\u00fcr Strafrecht beraten lassen.<\/p><p>Auch wenn Sie ein Schreiben erhalten haben, in dem Ihnen mitgeteilt wird, dass Sie vor Gericht erscheinen m\u00fcssen, ist es klug, so bald wie m\u00f6glich einen Anwalt zu kontaktieren. Auf diese Weise kann der Anwalt pr\u00fcfen, ob es besondere Umst\u00e4nde gibt, die Ihren Fall beeinflussen k\u00f6nnten.<\/p>\t\t\t\t\t\t\t\t<\/div>\n\t\t\t\t<\/div>\n\t\t\t\t<div class=\"elementor-element elementor-element-e5f5271 elementor-widget elementor-widget-spacer\" data-id=\"e5f5271\" data-element_type=\"widget\" data-e-type=\"widget\" data-widget_type=\"spacer.default\">\n\t\t\t\t<div class=\"elementor-widget-container\">\n\t\t\t\t\t\t\t<div class=\"elementor-spacer\">\n\t\t\t<div class=\"elementor-spacer-inner\"><\/div>\n\t\t<\/div>\n\t\t\t\t\t\t<\/div>\n\t\t\t\t<\/div>\n\t\t\t\t<div class=\"elementor-element elementor-element-2700f94 elementor-widget elementor-widget-heading\" data-id=\"2700f94\" data-element_type=\"widget\" data-e-type=\"widget\" data-widget_type=\"heading.default\">\n\t\t\t\t<div class=\"elementor-widget-container\">\n\t\t\t\t\t<h3 class=\"elementor-heading-title elementor-size-default\">Anwalt f\u00fcr Verkehrsstrafrecht<\/h3>\t\t\t\t<\/div>\n\t\t\t\t<\/div>\n\t\t\t\t<div class=\"elementor-element elementor-element-1dd257a color-scheme-inherit text-left elementor-widget elementor-widget-text-editor\" data-id=\"1dd257a\" data-element_type=\"widget\" data-e-type=\"widget\" data-widget_type=\"text-editor.default\">\n\t\t\t\t<div class=\"elementor-widget-container\">\n\t\t\t\t\t\t\t\t\t<p>Es ist daher empfehlenswert, Ihren Fall einem Anwalt vorzulegen, der Ihnen bei Ihrer Verteidigung helfen und die n\u00e4chsten Schritte festlegen kann. Ganz gleich, ob Sie einen Personenschaden erlitten haben oder andere rechtliche Probleme haben, z\u00f6gern Sie nicht, sich f\u00fcr fachkundigen Rat und Unterst\u00fctzung an uns zu wenden.<\/p><p>Unser <a href=\"https:\/\/www.derbedrosian.nl\/de\/rechtsanwalte-2\/\">Fachanw\u00e4lte<\/a> der Anwaltskanzlei Der Bedrosian verf\u00fcgen \u00fcber jahrelange Erfahrung im Strafrecht und werden ihr Wissen einsetzen, um das beste Ergebnis f\u00fcr Sie zu erzielen.m Wenn Sie sich an uns wenden, werden unsere Anw\u00e4lte Schritte unternehmen, um Ihren F\u00fchrerschein zur\u00fcckzubekommen.<\/p>\t\t\t\t\t\t\t\t<\/div>\n\t\t\t\t<\/div>\n\t\t\t\t\t<\/div>\n\t\t\t\t<\/div>\n\t\t\t\t<\/div>","protected":false},"excerpt":{"rendered":"<p>Anwalt Verkehrsstrafrecht F\u00fchrerschein beschlagnahmt F\u00fchrerschein entzogen Fahren unter Alkoholeinfluss Fahren unter Alkoholeinfluss Verkehrsunf\u00e4lle Verletzungen Anwalt Strafrecht Overijssel Anwalt Strafrecht<\/p>","protected":false},"author":1,"featured_media":0,"parent":10047,"menu_order":0,"comment_status":"closed","ping_status":"closed","template":"","meta":{"footnotes":""},"class_list":["post-10862","page","type-page","status-publish","hentry"],"_links":{"self":[{"href":"https:\/\/www.derbedrosian.nl\/de\/wp-json\/wp\/v2\/pages\/10862","targetHints":{"allow":["GET"]}}],"collection":[{"href":"https:\/\/www.derbedrosian.nl\/de\/wp-json\/wp\/v2\/pages"}],"about":[{"href":"https:\/\/www.derbedrosian.nl\/de\/wp-json\/wp\/v2\/types\/page"}],"author":[{"embeddable":true,"href":"https:\/\/www.derbedrosian.nl\/de\/wp-json\/wp\/v2\/users\/1"}],"replies":[{"embeddable":true,"href":"https:\/\/www.derbedrosian.nl\/de\/wp-json\/wp\/v2\/comments?post=10862"}],"version-history":[{"count":0,"href":"https:\/\/www.derbedrosian.nl\/de\/wp-json\/wp\/v2\/pages\/10862\/revisions"}],"up":[{"embeddable":true,"href":"https:\/\/www.derbedrosian.nl\/de\/wp-json\/wp\/v2\/pages\/10047"}],"wp:attachment":[{"href":"https:\/\/www.derbedrosian.nl\/de\/wp-json\/wp\/v2\/media?parent=10862"}],"curies":[{"name":"wp","href":"https:\/\/api.w.org\/{rel}","templated":true}]}}