{"id":10836,"date":"2023-05-29T10:01:22","date_gmt":"2023-05-29T08:01:22","guid":{"rendered":"https:\/\/derbedrosian.nl\/?page_id=10836"},"modified":"2025-12-21T14:38:31","modified_gmt":"2025-12-21T12:38:31","slug":"heilung","status":"publish","type":"page","link":"https:\/\/www.derbedrosian.nl\/de\/rechtsgebieden\/strafrecht\/heling\/","title":{"rendered":"Heilen"},"content":{"rendered":"<div data-elementor-type=\"wp-page\" data-elementor-id=\"10836\" class=\"elementor elementor-10836\" data-elementor-post-type=\"page\">\n\t\t\t\t<div class=\"wd-negative-gap elementor-element elementor-element-2192954 e-flex e-con-boxed e-con e-parent\" data-id=\"2192954\" data-element_type=\"container\" data-e-type=\"container\">\n\t\t\t\t\t<div class=\"e-con-inner\">\n\t\t\t\t<div class=\"elementor-element elementor-element-1aff32b elementor-hidden-desktop elementor-hidden-tablet elementor-hidden-mobile elementor-widget elementor-widget-heading\" data-id=\"1aff32b\" data-element_type=\"widget\" data-e-type=\"widget\" id=\"seo-word\" data-widget_type=\"heading.default\">\n\t\t\t\t<div class=\"elementor-widget-container\">\n\t\t\t\t\t<h2 class=\"elementor-heading-title elementor-size-default\">Fechten Artikel 417bis<\/h2>\t\t\t\t<\/div>\n\t\t\t\t<\/div>\n\t\t\t\t<div class=\"elementor-element elementor-element-7803178 elementor-hidden-desktop elementor-hidden-tablet elementor-hidden-mobile elementor-widget elementor-widget-heading\" data-id=\"7803178\" data-element_type=\"widget\" data-e-type=\"widget\" id=\"seo-word\" data-widget_type=\"heading.default\">\n\t\t\t\t<div class=\"elementor-widget-container\">\n\t\t\t\t\t<h5 class=\"elementor-heading-title elementor-size-default\">Anwalt f\u00fcr Fechtrecht <\/h5>\t\t\t\t<\/div>\n\t\t\t\t<\/div>\n\t\t\t\t<div class=\"elementor-element elementor-element-cbed637 elementor-hidden-desktop elementor-hidden-tablet elementor-hidden-mobile elementor-widget elementor-widget-heading\" data-id=\"cbed637\" data-element_type=\"widget\" data-e-type=\"widget\" id=\"seo-word\" data-widget_type=\"heading.default\">\n\t\t\t\t<div class=\"elementor-widget-container\">\n\t\t\t\t\t<h5 class=\"elementor-heading-title elementor-size-default\">Diebstahl und Handhabung<\/h5>\t\t\t\t<\/div>\n\t\t\t\t<\/div>\n\t\t\t\t<div class=\"elementor-element elementor-element-b4175cf elementor-hidden-desktop elementor-hidden-tablet elementor-hidden-mobile elementor-widget elementor-widget-heading\" data-id=\"b4175cf\" data-element_type=\"widget\" data-e-type=\"widget\" id=\"seo-word\" data-widget_type=\"heading.default\">\n\t\t\t\t<div class=\"elementor-widget-container\">\n\t\t\t\t\t<h5 class=\"elementor-heading-title elementor-size-default\">Anwalt f\u00fcr Strafrecht enschede<\/h5>\t\t\t\t<\/div>\n\t\t\t\t<\/div>\n\t\t\t\t<div class=\"elementor-element elementor-element-abe99a2 elementor-hidden-desktop elementor-hidden-tablet elementor-hidden-mobile color-scheme-inherit text-left elementor-widget elementor-widget-text-editor\" data-id=\"abe99a2\" data-element_type=\"widget\" data-e-type=\"widget\" id=\"seo-word\" data-widget_type=\"text-editor.default\">\n\t\t\t\t<div class=\"elementor-widget-container\">\n\t\t\t\t\t\t\t\t\t<p>Wenn Sie in Enschede sind und Rechtsbeistand ben\u00f6tigen, sind die Strafrechtsanw\u00e4lte von Derbedrosian Criminal Lawyers Ihre zuverl\u00e4ssige Wahl. Unsere Anw\u00e4lte in Enschede haben einen ausgezeichneten Ruf in der Region Overijssel und sind Experten in Strafsachen, auch im Umgang mit F\u00e4llen.<\/p><p>Die in Artikel 417bis des Strafgesetzbuchs beschriebene Entf\u00fchrung umfasst den Kauf, den Besitz oder den Verkauf gestohlener Waren. Es handelt sich um eine Straftat, f\u00fcr die ein Rechtsbeistand unerl\u00e4sslich ist. Wenn Sie mit einer Anklage wegen Hehlerei konfrontiert sind, sollten Sie unbedingt einen auf Hehlerei spezialisierten Anwalt beauftragen.<\/p><p>Ein Anwalt f\u00fcr Strafrecht in Enschede kann Ihnen bei Ihrem Rechtsfall helfen und Sie mit fachkundiger Rechtsberatung bei der Verteidigung Ihres Falles unterst\u00fctzen. Wenden Sie sich an Derbedrosian Strafrechtsanw\u00e4lte in Enschede f\u00fcr professionelle Unterst\u00fctzung in F\u00e4llen im Zusammenhang mit Fechten.<\/p>\t\t\t\t\t\t\t\t<\/div>\n\t\t\t\t<\/div>\n\t\t\t\t<div class=\"elementor-element elementor-element-79892c5 color-scheme-inherit text-left elementor-widget elementor-widget-text-editor\" data-id=\"79892c5\" data-element_type=\"widget\" data-e-type=\"widget\" data-widget_type=\"text-editor.default\">\n\t\t\t\t<div class=\"elementor-widget-container\">\n\t\t\t\t\t\t\t\t\t<p><strong>Die Beteiligung an der Bearbeitung kann strafrechtliche Konsequenzen haben, einschlie\u00dflich m\u00f6glicher Haftstrafen, Geldstrafen und der Eintragung in ein Strafregister. Geldf\u00e4lschung ist im Strafgesetzbuch verankert.<\/strong><\/p>\t\t\t\t\t\t\t\t<\/div>\n\t\t\t\t<\/div>\n\t\t\t\t<div class=\"elementor-element elementor-element-127fe43 elementor-widget elementor-widget-spacer\" data-id=\"127fe43\" data-element_type=\"widget\" data-e-type=\"widget\" data-widget_type=\"spacer.default\">\n\t\t\t\t<div class=\"elementor-widget-container\">\n\t\t\t\t\t\t\t<div class=\"elementor-spacer\">\n\t\t\t<div class=\"elementor-spacer-inner\"><\/div>\n\t\t<\/div>\n\t\t\t\t\t\t<\/div>\n\t\t\t\t<\/div>\n\t\t<div class=\"elementor-element elementor-element-b50fb6c e-con-full e-flex e-con e-child\" data-id=\"b50fb6c\" data-element_type=\"container\" data-e-type=\"container\">\n\t\t\t\t<div class=\"elementor-element elementor-element-7024025 elementor-hidden-desktop elementor-hidden-tablet elementor-hidden-mobile elementor-widget elementor-widget-wd_image_or_svg\" data-id=\"7024025\" data-element_type=\"widget\" data-e-type=\"widget\" id=\"seo-word\" data-widget_type=\"wd_image_or_svg.default\">\n\t\t\t\t<div class=\"elementor-widget-container\">\n\t\t\t\t\t\n\t\t<div class=\"wd-image text-left\">\n\t\t\t\t\t\t\t\t\t\t\t\t\t<\/div>\n\n\t\t\t\t\t\t<\/div>\n\t\t\t\t<\/div>\n\t\t\t\t<div class=\"elementor-element elementor-element-1f2d24e elementor-hidden-desktop elementor-hidden-tablet elementor-hidden-mobile elementor-widget elementor-widget-heading\" data-id=\"1f2d24e\" data-element_type=\"widget\" data-e-type=\"widget\" id=\"seo-word\" data-widget_type=\"heading.default\">\n\t\t\t\t<div class=\"elementor-widget-container\">\n\t\t\t\t\t<h2 class=\"elementor-heading-title elementor-size-default\">Fechten Artikel 417bis<\/h2>\t\t\t\t<\/div>\n\t\t\t\t<\/div>\n\t\t\t\t<div class=\"elementor-element elementor-element-6fde1cc elementor-hidden-desktop elementor-hidden-tablet elementor-hidden-mobile elementor-widget elementor-widget-heading\" data-id=\"6fde1cc\" data-element_type=\"widget\" data-e-type=\"widget\" id=\"seo-word\" data-widget_type=\"heading.default\">\n\t\t\t\t<div class=\"elementor-widget-container\">\n\t\t\t\t\t<h5 class=\"elementor-heading-title elementor-size-default\">Was ist Heilung? <\/h5>\t\t\t\t<\/div>\n\t\t\t\t<\/div>\n\t\t\t\t<div class=\"elementor-element elementor-element-b9c1190 elementor-hidden-desktop elementor-hidden-tablet elementor-hidden-mobile elementor-widget elementor-widget-heading\" data-id=\"b9c1190\" data-element_type=\"widget\" data-e-type=\"widget\" id=\"seo-word\" data-widget_type=\"heading.default\">\n\t\t\t\t<div class=\"elementor-widget-container\">\n\t\t\t\t\t<h5 class=\"elementor-heading-title elementor-size-default\">Strafe f\u00fcr Fechten<\/h5>\t\t\t\t<\/div>\n\t\t\t\t<\/div>\n\t\t\t\t<div class=\"elementor-element elementor-element-850166b elementor-hidden-desktop elementor-hidden-tablet elementor-hidden-mobile elementor-widget elementor-widget-heading\" data-id=\"850166b\" data-element_type=\"widget\" data-e-type=\"widget\" id=\"seo-word\" data-widget_type=\"heading.default\">\n\t\t\t\t<div class=\"elementor-widget-container\">\n\t\t\t\t\t<h5 class=\"elementor-heading-title elementor-size-default\">Anwalt f\u00fcr Fechtrecht <\/h5>\t\t\t\t<\/div>\n\t\t\t\t<\/div>\n\t\t\t\t<div class=\"elementor-element elementor-element-a99ae65 elementor-hidden-desktop elementor-hidden-tablet elementor-hidden-mobile elementor-widget elementor-widget-heading\" data-id=\"a99ae65\" data-element_type=\"widget\" data-e-type=\"widget\" id=\"seo-word\" data-widget_type=\"heading.default\">\n\t\t\t\t<div class=\"elementor-widget-container\">\n\t\t\t\t\t<h5 class=\"elementor-heading-title elementor-size-default\">Diebstahl und Handhabung<\/h5>\t\t\t\t<\/div>\n\t\t\t\t<\/div>\n\t\t\t\t<div class=\"elementor-element elementor-element-1f95b6e elementor-hidden-desktop elementor-hidden-tablet elementor-hidden-mobile elementor-widget elementor-widget-heading\" data-id=\"1f95b6e\" data-element_type=\"widget\" data-e-type=\"widget\" id=\"seo-word\" data-widget_type=\"heading.default\">\n\t\t\t\t<div class=\"elementor-widget-container\">\n\t\t\t\t\t<h5 class=\"elementor-heading-title elementor-size-default\">Handhabung ist der Kauf, der Besitz oder der Verkauf eines gestohlenen Produkts<\/h5>\t\t\t\t<\/div>\n\t\t\t\t<\/div>\n\t\t\t\t<div class=\"elementor-element elementor-element-e4c1b0d elementor-hidden-desktop elementor-hidden-tablet elementor-hidden-mobile elementor-widget elementor-widget-heading\" data-id=\"e4c1b0d\" data-element_type=\"widget\" data-e-type=\"widget\" id=\"seo-word\" data-widget_type=\"heading.default\">\n\t\t\t\t<div class=\"elementor-widget-container\">\n\t\t\t\t\t<h5 class=\"elementor-heading-title elementor-size-default\">derbedrosianische Strafverteidiger<\/h5>\t\t\t\t<\/div>\n\t\t\t\t<\/div>\n\t\t\t\t<div class=\"elementor-element elementor-element-3af79d8 elementor-hidden-desktop elementor-hidden-tablet elementor-hidden-mobile elementor-widget elementor-widget-heading\" data-id=\"3af79d8\" data-element_type=\"widget\" data-e-type=\"widget\" id=\"seo-word\" data-widget_type=\"heading.default\">\n\t\t\t\t<div class=\"elementor-widget-container\">\n\t\t\t\t\t<h5 class=\"elementor-heading-title elementor-size-default\"> Anwalt Strafrecht Overijssel<\/h5>\t\t\t\t<\/div>\n\t\t\t\t<\/div>\n\t\t\t\t<div class=\"elementor-element elementor-element-66f96b8 elementor-hidden-desktop elementor-hidden-tablet elementor-hidden-mobile elementor-widget elementor-widget-heading\" data-id=\"66f96b8\" data-element_type=\"widget\" data-e-type=\"widget\" id=\"seo-word\" data-widget_type=\"heading.default\">\n\t\t\t\t<div class=\"elementor-widget-container\">\n\t\t\t\t\t<h5 class=\"elementor-heading-title elementor-size-default\">Anwalt f\u00fcr Strafrecht enschede<\/h5>\t\t\t\t<\/div>\n\t\t\t\t<\/div>\n\t\t\t\t<div class=\"elementor-element elementor-element-266f543 elementor-hidden-desktop elementor-hidden-tablet elementor-hidden-mobile elementor-widget elementor-widget-heading\" data-id=\"266f543\" data-element_type=\"widget\" data-e-type=\"widget\" id=\"seo-word\" data-widget_type=\"heading.default\">\n\t\t\t\t<div class=\"elementor-widget-container\">\n\t\t\t\t\t<h5 class=\"elementor-heading-title elementor-size-default\">Wenn Sie in Enschede sind und rechtlichen Beistand ben\u00f6tigen, sind die Strafrechtsanw\u00e4lte von Derbedrosian Criminal Lawyers Ihre zuverl\u00e4ssige Wahl. Unsere Anw\u00e4lte in Enschede haben einen ausgezeichneten Ruf in der Region Overijssel und sind Experten in Strafsachen, einschlie\u00dflich F\u00e4llen, in denen es um die Bearbeitung von F\u00e4llen geht.\n\nDie Hehlerei, wie sie in Paragraph 417bis des Strafgesetzbuches beschrieben wird, beinhaltet den Kauf, den Besitz oder den Verkauf gestohlener Waren. Es handelt sich um eine Straftat, f\u00fcr die ein Rechtsbeistand unerl\u00e4sslich ist. Wenn Sie mit einer Anklage wegen Hehlerei konfrontiert sind, sollten Sie unbedingt einen spezialisierten Anwalt f\u00fcr Hehlerei beauftragen.\n\nEin Anwalt f\u00fcr Strafrecht in Enschede kann Ihnen bei Ihrem Rechtsfall helfen und Ihnen fachkundigen juristischen Rat geben, um Ihren Fall zu verteidigen. Kontaktieren Sie Derbedrosian Strafrechtsanw\u00e4lte in Enschede f\u00fcr professionelle Unterst\u00fctzung in F\u00e4llen von Hehlerei.<\/h5>\t\t\t\t<\/div>\n\t\t\t\t<\/div>\n\t\t\t\t<div class=\"elementor-element elementor-element-f16b316 elementor-widget elementor-widget-heading\" data-id=\"f16b316\" data-element_type=\"widget\" data-e-type=\"widget\" data-widget_type=\"heading.default\">\n\t\t\t\t<div class=\"elementor-widget-container\">\n\t\t\t\t\t<h3 class=\"elementor-heading-title elementor-size-default\">Was ist Heilung?<\/h3>\t\t\t\t<\/div>\n\t\t\t\t<\/div>\n\t\t\t\t<div class=\"elementor-element elementor-element-774ca4f color-scheme-inherit text-left elementor-widget elementor-widget-text-editor\" data-id=\"774ca4f\" data-element_type=\"widget\" data-e-type=\"widget\" data-widget_type=\"text-editor.default\">\n\t\t\t\t<div class=\"elementor-widget-container\">\n\t\t\t\t\t\t\t\t\t<p>Unter Diebstahl versteht man die illegale Praxis von Personen, die gestohlenes Eigentum kaufen, entgegennehmen, verbergen, verkaufen oder anderweitig dabei helfen, ohne der Eigent\u00fcmer des Eigentums zu sein. Es handelt sich um eine Straftat, da sie zur Aufrechterhaltung der Kriminalit\u00e4t beitr\u00e4gt, indem sie einen illegalen Markt f\u00fcr gestohlenes Eigentum schafft. In vielen Rechtssystemen wird der Handel streng bestraft, um von diesem Verhalten abzuschrecken und die Strafverfolgung zu unterst\u00fctzen.<\/p>\t\t\t\t\t\t\t\t<\/div>\n\t\t\t\t<\/div>\n\t\t\t\t<div class=\"elementor-element elementor-element-3ab868e elementor-widget elementor-widget-spacer\" data-id=\"3ab868e\" data-element_type=\"widget\" data-e-type=\"widget\" data-widget_type=\"spacer.default\">\n\t\t\t\t<div class=\"elementor-widget-container\">\n\t\t\t\t\t\t\t<div class=\"elementor-spacer\">\n\t\t\t<div class=\"elementor-spacer-inner\"><\/div>\n\t\t<\/div>\n\t\t\t\t\t\t<\/div>\n\t\t\t\t<\/div>\n\t\t\t\t<div class=\"elementor-element elementor-element-beae3aa elementor-widget elementor-widget-heading\" data-id=\"beae3aa\" data-element_type=\"widget\" data-e-type=\"widget\" data-widget_type=\"heading.default\">\n\t\t\t\t<div class=\"elementor-widget-container\">\n\t\t\t\t\t<h3 class=\"elementor-heading-title elementor-size-default\">Wie hoch ist die Strafe f\u00fcr das Fechten?<\/h3>\t\t\t\t<\/div>\n\t\t\t\t<\/div>\n\t\t\t\t<div class=\"elementor-element elementor-element-c1e6c18 color-scheme-inherit text-left elementor-widget elementor-widget-text-editor\" data-id=\"c1e6c18\" data-element_type=\"widget\" data-e-type=\"widget\" data-widget_type=\"text-editor.default\">\n\t\t\t\t<div class=\"elementor-widget-container\">\n\t\t\t\t\t\t\t\t\t<p>Nach den Paragraphen 416, 417 und 417bis des Strafgesetzbuchs ist die Hehlerei eine Straftat. In der Regel dienen die Diebst\u00e4hle dem Zweck, gestohlene Waren zu verkaufen, und die Person, die diese Waren erwirbt und weiterverkauft, wird als \u201cHehler\u201d bezeichnet.<\/p><p>Die Heilung kann in drei Kategorien unterteilt werden:<\/p><ul><li><strong>Opzetheling:<\/strong> in diesem Fall ist sich der Hehler der kriminellen Herkunft der von ihm erworbenen Waren bewusst. Wenn jemand wissentlich gestohlene Waren erwirbt, kann dies zu einer Gef\u00e4ngnisstrafe von bis zu vier Jahren oder einer Geldstrafe der vierten Kategorie (die mehrere Zehntausend Euro betragen kann) f\u00fchren.<\/li><li><strong>Schulden heilen:<\/strong> hier sollte der Hehler den begr\u00fcndeten Verdacht haben, dass die Waren krimineller Herkunft sind, auch wenn er sich nicht sicher ist. F\u00fcr schuldhafte Hehler, bei denen die Person Grund zu der Annahme hat, dass die Waren gestohlen sind, auch wenn sie sich nicht sicher ist, kann die Strafe eine Freiheitsstrafe von bis zu 3 Jahren oder eine Geldstrafe der vierten Kategorie sein.<\/li><li><strong>Gewohnheitsm\u00e4\u00dfige Heilung:<\/strong>\u00a0Dies betrifft Situationen, in denen jemand wiederholt Waren kauft und verkauft, obwohl er wei\u00df, dass sie gestohlen sind. Dies gilt als schwerwiegendere Straftat, die zu einer Freiheitsstrafe von bis zu sechs Jahren und\/oder erheblichen Geldstrafen f\u00fchren kann.<\/li><\/ul><p>Das Verbrechen der Hehlerei wird als Eigentumsdelikt betrachtet, \u00e4hnlich wie Betrug, Unterschlagung und Diebstahl. Ziel ist es, den Handel mit gestohlenen G\u00fctern abzuschrecken und zu bestrafen, Eigentumsrechte zu sch\u00fctzen und Verbrechen zu verhindern.<\/p>\t\t\t\t\t\t\t\t<\/div>\n\t\t\t\t<\/div>\n\t\t\t\t<div class=\"elementor-element elementor-element-7b0e5fc elementor-widget elementor-widget-spacer\" data-id=\"7b0e5fc\" data-element_type=\"widget\" data-e-type=\"widget\" data-widget_type=\"spacer.default\">\n\t\t\t\t<div class=\"elementor-widget-container\">\n\t\t\t\t\t\t\t<div class=\"elementor-spacer\">\n\t\t\t<div class=\"elementor-spacer-inner\"><\/div>\n\t\t<\/div>\n\t\t\t\t\t\t<\/div>\n\t\t\t\t<\/div>\n\t\t\t\t<div class=\"elementor-element elementor-element-1c91514 elementor-widget elementor-widget-heading\" data-id=\"1c91514\" data-element_type=\"widget\" data-e-type=\"widget\" data-widget_type=\"heading.default\">\n\t\t\t\t<div class=\"elementor-widget-container\">\n\t\t\t\t\t<h3 class=\"elementor-heading-title elementor-size-default\">Unterschied zwischen Handhabung und Diebstahl<\/h3>\t\t\t\t<\/div>\n\t\t\t\t<\/div>\n\t\t\t\t<div class=\"elementor-element elementor-element-d0fa8bc color-scheme-inherit text-left elementor-widget elementor-widget-text-editor\" data-id=\"d0fa8bc\" data-element_type=\"widget\" data-e-type=\"widget\" data-widget_type=\"text-editor.default\">\n\t\t\t\t<div class=\"elementor-widget-container\">\n\t\t\t\t\t\t\t\t\t<p>Obwohl Hehlerei und Diebstahl sehr \u00e4hnlich sind, gibt es doch Unterschiede.<\/p><p>Wir haben die Unterschiede unten aufgef\u00fchrt.<\/p><ul><li><a href=\"https:\/\/www.derbedrosian.nl\/de\/gerichtsbarkeiten\/strafrecht\/verbrechen\/diebstahl\/\"><strong>Diebstahl:\u00a0<\/strong><\/a>Diebstahl ist, wenn jemand etwas von jemand anderem ohne Erlaubnis stiehlt.<br \/>Die Person, die stiehlt, nimmt die Sachen selbst mit.<br \/>Es ist eine <a href=\"https:\/\/www.derbedrosian.nl\/de\/gerichtsbarkeiten\/strafrecht\/verbrechen\/\">Verbrechen<\/a>und wenn Sie erwischt werden, k\u00f6nnen Sie strafrechtlich belangt werden.<\/li><li><strong>Heilen<\/strong>Hehlerei: Wenn jemand gestohlene Gegenst\u00e4nde kauft, versteckt oder weiterverkauft, oft in dem Wissen, dass sie gestohlen sind.<br \/>- Der Heiler ist in der Regel nicht derjenige, der die Gegenst\u00e4nde gestohlen hat, sondern hilft, sie zu verkaufen oder zu verstecken.<br \/>Heilen ist auch und kann strafrechtliche Konsequenzen haben, genau wie Diebstahl.<\/li><\/ul>\t\t\t\t\t\t\t\t<\/div>\n\t\t\t\t<\/div>\n\t\t\t\t<div class=\"elementor-element elementor-element-925e6c8 elementor-widget elementor-widget-heading\" data-id=\"925e6c8\" data-element_type=\"widget\" data-e-type=\"widget\" data-widget_type=\"heading.default\">\n\t\t\t\t<div class=\"elementor-widget-container\">\n\t\t\t\t\t<h3 class=\"elementor-heading-title elementor-size-default\">Beweise im Falle einer Einfriedung<\/h3>\t\t\t\t<\/div>\n\t\t\t\t<\/div>\n\t\t\t\t<div class=\"elementor-element elementor-element-dac5136 color-scheme-inherit text-left elementor-widget elementor-widget-text-editor\" data-id=\"dac5136\" data-element_type=\"widget\" data-e-type=\"widget\" data-widget_type=\"text-editor.default\">\n\t\t\t\t<div class=\"elementor-widget-container\">\n\t\t\t\t\t\t\t\t\t<p>Beim Nachweis der Hehlerei kommt es in erster Linie darauf an, ob die fraglichen Waren \u00e4u\u00dfere Merkmale aufweisen, die die Annahme zulassen, dass der Angeklagte h\u00e4tte wissen m\u00fcssen, dass die Waren von <a href=\"https:\/\/www.derbedrosian.nl\/de\/gerichtsbarkeiten\/strafrecht\/verbrechen\/diebstahl\/\">Diebstahl<\/a>. Wenn diese Merkmale fehlen, h\u00e4ngt es haupts\u00e4chlich von der Erkl\u00e4rung des Angeklagten ab. Wenn Sie \u00fcberzeugend darlegen k\u00f6nnen, wie Sie das Eigentum erlangt haben, haben Sie gute Chancen, dass das Strafverfahren abgewiesen wird.<\/p><p>Wenn der Staatsanwalt glaubt, dass Sie in eine Straftat verwickelt sind, kann er in bestimmten F\u00e4llen selbst einen Strafantrag stellen. Sie k\u00f6nnen dann einen Gesch\u00e4ftsvorschlag oder einen Strafbefehl erhalten. Alternativ k\u00f6nnen Sie auch zu einer Verhandlung eingeladen werden. <a href=\"https:\/\/www.derbedrosian.nl\/de\/gerichtsbarkeiten\/strafrecht\/zur-anhorung-uber-die-strafe\/\">OM-Anh\u00f6rung.<\/a> In all diesen Situationen besteht die Gefahr, dass Sie einen Vermerk in Ihrem Strafregister erhalten.<\/p>\t\t\t\t\t\t\t\t<\/div>\n\t\t\t\t<\/div>\n\t\t\t\t<div class=\"elementor-element elementor-element-77405da elementor-widget elementor-widget-heading\" data-id=\"77405da\" data-element_type=\"widget\" data-e-type=\"widget\" data-widget_type=\"heading.default\">\n\t\t\t\t<div class=\"elementor-widget-container\">\n\t\t\t\t\t<h3 class=\"elementor-heading-title elementor-size-default\">Anwalt f\u00fcr Fechten<\/h3>\t\t\t\t<\/div>\n\t\t\t\t<\/div>\n\t\t\t\t<div class=\"elementor-element elementor-element-15574f5 color-scheme-inherit text-left elementor-widget elementor-widget-text-editor\" data-id=\"15574f5\" data-element_type=\"widget\" data-e-type=\"widget\" data-widget_type=\"text-editor.default\">\n\t\t\t\t<div class=\"elementor-widget-container\">\n\t\t\t\t\t\t\t\t\t<p>Werden Sie beschuldigt, gestohlene Waren erhalten zu haben? Es ist immer am kl\u00fcgsten, so schnell wie m\u00f6glich einen erfahrenen Anwalt zu kontaktieren.<\/p><p><a href=\"https:\/\/www.derbedrosian.nl\/de\/rechtsanwalte-2\/\">Die Anw\u00e4lte<\/a> der Anwaltskanzlei Der Bedrosian sind auf den Bereich des Fechtens spezialisiert und k\u00f6nnen Ihnen daher weitere juristische Unterst\u00fctzung bieten.<\/p><p>Nehmen Sie also Kontakt mit uns auf, damit wir eine starke Verteidigung aufbauen k\u00f6nnen.\u00a0<\/p>\t\t\t\t\t\t\t\t<\/div>\n\t\t\t\t<\/div>\n\t\t\t\t<\/div>\n\t\t\t\t\t<\/div>\n\t\t\t\t<\/div>\n\t\t\t\t<\/div>","protected":false},"excerpt":{"rendered":"<p>Hehlerei Artikel 417bis Hehlerei Anwalt Diebstahl und Hehlerei Strafverteidiger Enschede Wenn Sie sich in Enschede befinden und Rechtsbeistand ben\u00f6tigen<\/p>","protected":false},"author":1,"featured_media":0,"parent":10047,"menu_order":0,"comment_status":"closed","ping_status":"closed","template":"","meta":{"footnotes":""},"class_list":["post-10836","page","type-page","status-publish","hentry"],"_links":{"self":[{"href":"https:\/\/www.derbedrosian.nl\/de\/wp-json\/wp\/v2\/pages\/10836","targetHints":{"allow":["GET"]}}],"collection":[{"href":"https:\/\/www.derbedrosian.nl\/de\/wp-json\/wp\/v2\/pages"}],"about":[{"href":"https:\/\/www.derbedrosian.nl\/de\/wp-json\/wp\/v2\/types\/page"}],"author":[{"embeddable":true,"href":"https:\/\/www.derbedrosian.nl\/de\/wp-json\/wp\/v2\/users\/1"}],"replies":[{"embeddable":true,"href":"https:\/\/www.derbedrosian.nl\/de\/wp-json\/wp\/v2\/comments?post=10836"}],"version-history":[{"count":0,"href":"https:\/\/www.derbedrosian.nl\/de\/wp-json\/wp\/v2\/pages\/10836\/revisions"}],"up":[{"embeddable":true,"href":"https:\/\/www.derbedrosian.nl\/de\/wp-json\/wp\/v2\/pages\/10047"}],"wp:attachment":[{"href":"https:\/\/www.derbedrosian.nl\/de\/wp-json\/wp\/v2\/media?parent=10836"}],"curies":[{"name":"wp","href":"https:\/\/api.w.org\/{rel}","templated":true}]}}