{"id":10821,"date":"2023-05-29T09:56:02","date_gmt":"2023-05-29T07:56:02","guid":{"rendered":"https:\/\/derbedrosian.nl\/?page_id=10821"},"modified":"2025-12-21T16:42:07","modified_gmt":"2025-12-21T14:42:07","slug":"grundung-einer-hollandischen-gesellschaft","status":"publish","type":"page","link":"https:\/\/www.derbedrosian.nl\/de\/rechtsgebieden\/zakelijke-dienstverlening\/opzetten-van-nederlands-onderneming\/","title":{"rendered":"Gr\u00fcndung eines niederl\u00e4ndischen Unternehmens"},"content":{"rendered":"<div data-elementor-type=\"wp-page\" data-elementor-id=\"10821\" class=\"elementor elementor-10821\" data-elementor-post-type=\"page\">\n\t\t\t\t<div class=\"wd-negative-gap elementor-element elementor-element-f28fca6 e-flex e-con-boxed e-con e-parent\" data-id=\"f28fca6\" data-element_type=\"container\" data-e-type=\"container\">\n\t\t\t\t\t<div class=\"e-con-inner\">\n\t\t\t\t<div class=\"elementor-element elementor-element-a4419ac elementor-hidden-desktop elementor-hidden-tablet elementor-hidden-mobile elementor-widget elementor-widget-wd_image_or_svg\" data-id=\"a4419ac\" data-element_type=\"widget\" data-e-type=\"widget\" id=\"seo-word\" data-widget_type=\"wd_image_or_svg.default\">\n\t\t\t\t<div class=\"elementor-widget-container\">\n\t\t\t\t\t\n\t\t<div class=\"wd-image text-left\">\n\t\t\t\t\t\t\t\t<img loading=\"lazy\" decoding=\"async\" width=\"1000\" height=\"659\" src=\"https:\/\/www.derbedrosian.nl\/wp-content\/uploads\/rechtsgebied-opzetten-van-nederlands-onderneming.jpg\" class=\"attachment-full size-full\" alt=\"Gr\u00fcndung eines niederl\u00e4ndischen Unternehmens Rechtsanwalt business services bv kvk\" srcset=\"https:\/\/www.derbedrosian.nl\/wp-content\/uploads\/rechtsgebied-opzetten-van-nederlands-onderneming.jpg 1000w, https:\/\/www.derbedrosian.nl\/wp-content\/uploads\/rechtsgebied-opzetten-van-nederlands-onderneming-400x264.jpg 400w, https:\/\/www.derbedrosian.nl\/wp-content\/uploads\/rechtsgebied-opzetten-van-nederlands-onderneming-768x506.jpg 768w\" sizes=\"auto, (max-width: 1000px) 100vw, 1000px\" title=\"\">\t\t\t\t\t<\/div>\n\n\t\t\t\t\t\t<\/div>\n\t\t\t\t<\/div>\n\t\t\t\t<div class=\"elementor-element elementor-element-496c704 elementor-hidden-desktop elementor-hidden-tablet elementor-hidden-mobile elementor-widget elementor-widget-heading\" data-id=\"496c704\" data-element_type=\"widget\" data-e-type=\"widget\" id=\"seo-word\" data-widget_type=\"heading.default\">\n\t\t\t\t<div class=\"elementor-widget-container\">\n\t\t\t\t\t<h2 class=\"elementor-heading-title elementor-size-default\">Fahrplan f\u00fcr die Gr\u00fcndung eines niederl\u00e4ndischen Unternehmens<\/h2>\t\t\t\t<\/div>\n\t\t\t\t<\/div>\n\t\t\t\t<div class=\"elementor-element elementor-element-0fc64c4 elementor-hidden-desktop elementor-hidden-tablet elementor-hidden-mobile elementor-widget elementor-widget-heading\" data-id=\"0fc64c4\" data-element_type=\"widget\" data-e-type=\"widget\" id=\"seo-word\" data-widget_type=\"heading.default\">\n\t\t\t\t<div class=\"elementor-widget-container\">\n\t\t\t\t\t<h5 class=\"elementor-heading-title elementor-size-default\">wir helfen Ihnen bei der Gr\u00fcndung eines Unternehmens<\/h5>\t\t\t\t<\/div>\n\t\t\t\t<\/div>\n\t\t\t\t<div class=\"elementor-element elementor-element-8fa8869 elementor-hidden-desktop elementor-hidden-tablet elementor-hidden-mobile elementor-widget elementor-widget-heading\" data-id=\"8fa8869\" data-element_type=\"widget\" data-e-type=\"widget\" id=\"seo-word\" data-widget_type=\"heading.default\">\n\t\t\t\t<div class=\"elementor-widget-container\">\n\t\t\t\t\t<h5 class=\"elementor-heading-title elementor-size-default\">Gesch\u00e4ftsm\u00f6glichkeiten, sondern welche Formen von Unternehmen<\/h5>\t\t\t\t<\/div>\n\t\t\t\t<\/div>\n\t\t\t\t<div class=\"elementor-element elementor-element-b0749db elementor-hidden-desktop elementor-hidden-tablet elementor-hidden-mobile elementor-widget elementor-widget-heading\" data-id=\"b0749db\" data-element_type=\"widget\" data-e-type=\"widget\" id=\"seo-word\" data-widget_type=\"heading.default\">\n\t\t\t\t<div class=\"elementor-widget-container\">\n\t\t\t\t\t<h5 class=\"elementor-heading-title elementor-size-default\">Registrieren Sie Ihr niederl\u00e4ndisches Werk<\/h5>\t\t\t\t<\/div>\n\t\t\t\t<\/div>\n\t\t\t\t<div class=\"elementor-element elementor-element-37131fc elementor-hidden-desktop elementor-hidden-tablet elementor-hidden-mobile elementor-widget elementor-widget-heading\" data-id=\"37131fc\" data-element_type=\"widget\" data-e-type=\"widget\" id=\"seo-word\" data-widget_type=\"heading.default\">\n\t\t\t\t<div class=\"elementor-widget-container\">\n\t\t\t\t\t<h5 class=\"elementor-heading-title elementor-size-default\">Welche Unternehmensformen gibt es?<\/h5>\t\t\t\t<\/div>\n\t\t\t\t<\/div>\n\t\t\t\t<div class=\"elementor-element elementor-element-ad8e000 elementor-hidden-desktop elementor-hidden-tablet elementor-hidden-mobile elementor-widget elementor-widget-heading\" data-id=\"ad8e000\" data-element_type=\"widget\" data-e-type=\"widget\" id=\"seo-word\" data-widget_type=\"heading.default\">\n\t\t\t\t<div class=\"elementor-widget-container\">\n\t\t\t\t\t<h5 class=\"elementor-heading-title elementor-size-default\">niederlande selbst\u00e4ndig<\/h5>\t\t\t\t<\/div>\n\t\t\t\t<\/div>\n\t\t\t\t<div class=\"elementor-element elementor-element-b88a74a elementor-hidden-desktop elementor-hidden-tablet elementor-hidden-mobile elementor-widget elementor-widget-heading\" data-id=\"b88a74a\" data-element_type=\"widget\" data-e-type=\"widget\" id=\"seo-word\" data-widget_type=\"heading.default\">\n\t\t\t\t<div class=\"elementor-widget-container\">\n\t\t\t\t\t<h5 class=\"elementor-heading-title elementor-size-default\">Was brauchen Sie, um ein Unternehmen in den Niederlanden zu gr\u00fcnden?<\/h5>\t\t\t\t<\/div>\n\t\t\t\t<\/div>\n\t\t\t\t<div class=\"elementor-element elementor-element-c7ad9c0 elementor-hidden-desktop elementor-hidden-tablet elementor-hidden-mobile elementor-widget elementor-widget-heading\" data-id=\"c7ad9c0\" data-element_type=\"widget\" data-e-type=\"widget\" id=\"seo-word\" data-widget_type=\"heading.default\">\n\t\t\t\t<div class=\"elementor-widget-container\">\n\t\t\t\t\t<h5 class=\"elementor-heading-title elementor-size-default\">Wie gr\u00fcnden Sie ein Unternehmen in den Niederlanden?<\/h5>\t\t\t\t<\/div>\n\t\t\t\t<\/div>\n\t\t\t\t<div class=\"elementor-element elementor-element-2cd7bde elementor-hidden-desktop elementor-hidden-tablet elementor-hidden-mobile elementor-widget elementor-widget-heading\" data-id=\"2cd7bde\" data-element_type=\"widget\" data-e-type=\"widget\" id=\"seo-word\" data-widget_type=\"heading.default\">\n\t\t\t\t<div class=\"elementor-widget-container\">\n\t\t\t\t\t<h5 class=\"elementor-heading-title elementor-size-default\">Anwalt f\u00fcr Unternehmensdienstleistungen enschede<\/h5>\t\t\t\t<\/div>\n\t\t\t\t<\/div>\n\t\t\t\t<div class=\"elementor-element elementor-element-591cedb elementor-hidden-desktop elementor-hidden-tablet elementor-hidden-mobile elementor-widget elementor-widget-heading\" data-id=\"591cedb\" data-element_type=\"widget\" data-e-type=\"widget\" id=\"seo-word\" data-widget_type=\"heading.default\">\n\t\t\t\t<div class=\"elementor-widget-container\">\n\t\t\t\t\t<h5 class=\"elementor-heading-title elementor-size-default\">unternehmensdienstleistungen anw\u00e4lte overijssel<\/h5>\t\t\t\t<\/div>\n\t\t\t\t<\/div>\n\t\t\t\t<div class=\"elementor-element elementor-element-b8d9afa elementor-hidden-desktop elementor-hidden-tablet elementor-hidden-mobile elementor-widget elementor-widget-heading\" data-id=\"b8d9afa\" data-element_type=\"widget\" data-e-type=\"widget\" id=\"seo-word\" data-widget_type=\"heading.default\">\n\t\t\t\t<div class=\"elementor-widget-container\">\n\t\t\t\t\t<h5 class=\"elementor-heading-title elementor-size-default\">Unternehmensanw\u00e4lte derbedrosian<\/h5>\t\t\t\t<\/div>\n\t\t\t\t<\/div>\n\t\t\t\t<div class=\"elementor-element elementor-element-ba40882 elementor-hidden-desktop elementor-hidden-tablet elementor-hidden-mobile elementor-widget elementor-widget-heading\" data-id=\"ba40882\" data-element_type=\"widget\" data-e-type=\"widget\" id=\"seo-word\" data-widget_type=\"heading.default\">\n\t\t\t\t<div class=\"elementor-widget-container\">\n\t\t\t\t\t<h5 class=\"elementor-heading-title elementor-size-default\">gesellschaftsrechtler die niederlande<\/h5>\t\t\t\t<\/div>\n\t\t\t\t<\/div>\n\t\t\t\t<div class=\"elementor-element elementor-element-bd4f0d9 elementor-hidden-desktop elementor-hidden-tablet elementor-hidden-mobile elementor-widget elementor-widget-heading\" data-id=\"bd4f0d9\" data-element_type=\"widget\" data-e-type=\"widget\" id=\"seo-word\" data-widget_type=\"heading.default\">\n\t\t\t\t<div class=\"elementor-widget-container\">\n\t\t\t\t\t<h5 class=\"elementor-heading-title elementor-size-default\">Die Gr\u00fcndung eines Unternehmens in den Niederlanden ist ein wichtiger Schritt f\u00fcr selbst\u00e4ndige Unternehmer. Derbedrosian Business Services Lawyers mit Sitz in Enschede und T\u00e4tigkeit in Overijssel kennt sich mit den rechtlichen Aspekten von Unternehmensdienstleistungen und Gesellschaftsrecht in den Niederlanden aus. Unsere Wirtschaftsanw\u00e4lte k\u00f6nnen Ihnen in jeder Phase der Gr\u00fcndung Ihres Unternehmens helfen.\n\nDie Gr\u00fcndung eines Unternehmens in den Niederlanden umfasst mehrere Schritte, darunter die Wahl der richtigen Rechtsform, die Eintragung Ihres Unternehmens bei der Handelskammer, die Erf\u00fcllung der steuerlichen Pflichten und die Erstellung rechtsverbindlicher Dokumente. Unsere Anw\u00e4lte verf\u00fcgen \u00fcber das n\u00f6tige Fachwissen, um Sie durch diesen Prozess zu f\u00fchren und sicherzustellen, dass Ihre Gesch\u00e4ftsinteressen rechtlich gesch\u00fctzt sind.\n\nAls selbst\u00e4ndiger Unternehmer, der in den Niederlanden Unternehmensdienstleistungen anbieten m\u00f6chte, ist es wichtig, die richtigen rechtlichen Schritte zu unternehmen. Die Anw\u00e4lte von Derbedrosian Business Services helfen Ihnen bei diesen Schritten und stellen sicher, dass Ihr Unternehmen alle geltenden Gesetze und Vorschriften einh\u00e4lt.\n\nZ\u00f6gern Sie nicht, uns zu kontaktieren, wenn Sie fachkundige Rechtsberatung und Unterst\u00fctzung bei der Gr\u00fcndung Ihres Unternehmens in den Niederlanden ben\u00f6tigen. Wir setzen uns daf\u00fcr ein, Ihre Gesch\u00e4ftsziele zu unterst\u00fctzen und eine solide rechtliche Grundlage f\u00fcr Ihr Unternehmen zu gew\u00e4hrleisten.<\/h5>\t\t\t\t<\/div>\n\t\t\t\t<\/div>\n\t\t\t\t<div class=\"elementor-element elementor-element-c5fb050 elementor-widget elementor-widget-heading\" data-id=\"c5fb050\" data-element_type=\"widget\" data-e-type=\"widget\" data-widget_type=\"heading.default\">\n\t\t\t\t<div class=\"elementor-widget-container\">\n\t\t\t\t\t<h3 class=\"elementor-heading-title elementor-size-default\">Gr\u00fcndung einer holl\u00e4ndischen Gesellschaft<\/h3>\t\t\t\t<\/div>\n\t\t\t\t<\/div>\n\t\t\t\t<div class=\"elementor-element elementor-element-b5568ec color-scheme-inherit text-left elementor-widget elementor-widget-text-editor\" data-id=\"b5568ec\" data-element_type=\"widget\" data-e-type=\"widget\" data-widget_type=\"text-editor.default\">\n\t\t\t\t<div class=\"elementor-widget-container\">\n\t\t\t\t\t\t\t\t\t<p>Ein niederl\u00e4ndisches Unternehmen zu gr\u00fcnden, ist f\u00fcr viele Menschen aufregend. Sie erfordert sorgf\u00e4ltige Planung und Vorbereitung. Unabh\u00e4ngig davon, ob Sie ein erfahrener Unternehmer sind oder zum ersten Mal in die Gesch\u00e4ftswelt einsteigen, ist es f\u00fcr Ihren Erfolg entscheidend, die Schritte und \u00dcberlegungen bei der Gr\u00fcndung eines niederl\u00e4ndischen Unternehmens zu verstehen. Im Folgenden haben wir die wichtigsten Schritte und \u00dcberlegungen f\u00fcr die Gr\u00fcndung Ihres eigenen Unternehmens aufgef\u00fchrt:<\/p><ul><li><strong>Entwurf eines Businessplans:<\/strong> Ein Gesch\u00e4ftsplan ist das R\u00fcckgrat Ihres Unternehmens und dient als Leitfaden f\u00fcr Ihren Betrieb. Es handelt sich um ein Dokument, in dem Ihre Gesch\u00e4ftsziele, Strategien und Finanzprognosen detailliert aufgef\u00fchrt sind. Nehmen Sie sich die Zeit, Ihre Vision und Mission klar zu definieren.<\/li><li><strong>Durchf\u00fchren von Marktforschung:<\/strong> F\u00fchren Sie eine gr\u00fcndliche Marktforschung durch, um Ihren Zielmarkt zu verstehen und Ihre Gesch\u00e4ftsstrategie zu definieren. Dazu geh\u00f6rt die Analyse von Wettbewerbern, Markttrends und Chancen. Identifizieren Sie Ihr Alleinstellungsmerkmal (USP), um sich von anderen zu unterscheiden.<\/li><li><strong>Finanzpl\u00e4ne erstellen:<\/strong> Die Erstellung eines detaillierten Finanzplans ist unerl\u00e4sslich, um die Lebensf\u00e4higkeit Ihres Unternehmens zu beurteilen. Er umfasst Budgetierung, Investitionsanalyse und Cashflow-Projektionen. Er erm\u00f6glicht es Ihnen, Ihre finanziellen Ziele realistisch zu setzen.<\/li><li><strong>Firmenname W\u00e4hlen Sie:<\/strong> W\u00e4hlen Sie einen einzigartigen und passenden Firmennamen, der den gesetzlichen Anforderungen entspricht und zu Ihrer Markenidentit\u00e4t passt. Pr\u00fcfen Sie, ob der gew\u00e4hlte Name verf\u00fcgbar ist und lassen Sie ihn gegebenenfalls registrieren.<\/li><li><strong>Wahl der Rechtsform:<\/strong> Bestimmen Sie, welche Rechtsform f\u00fcr Ihr Unternehmen am besten geeignet ist, z. B. Einzelunternehmen, offene Handelsgesellschaft (VOF), Gesellschaft mit beschr\u00e4nkter Haftung (BV) oder Aktiengesellschaft (NV). Die Wahl hat Auswirkungen auf Ihre rechtlichen und steuerlichen Verpflichtungen.<\/li><li><strong>Aufbewahrung und Speicherung von Aufzeichnungen:<\/strong> F\u00fchren Sie gem\u00e4\u00df den gesetzlichen Bestimmungen genaue Finanzunterlagen. Stellen Sie sicher, dass Sie Finanzunterlagen und Dokumente wie Rechnungen, Quittungen und Kontoausz\u00fcge aufbewahren.<\/li><li><strong>Allgemeine Gesch\u00e4ftsbedingungen und Versicherungsvereinbarungen:<\/strong> Legen Sie klare Bedingungen fest, um sowohl sich selbst als auch Ihre Kunden zu sch\u00fctzen. \u00dcberlegen Sie auch, welche Versicherungen Sie ben\u00f6tigen, z.B. eine Haftpflichtversicherung, um Risiken zu minimieren.<\/li><li><strong>Erf\u00fcllen Sie die gesetzlichen Anforderungen:<\/strong> Recherchieren und verstehen Sie die spezifischen rechtlichen Anforderungen und Genehmigungen, die f\u00fcr Ihre Branche gelten. Die Einhaltung dieser Anforderungen ist entscheidend, um rechtliche Probleme zu vermeiden und Ihr Unternehmen legal zu betreiben.<\/li><\/ul><p>Professionelle Beratung und Anleitung w\u00e4hrend dieses Prozesses kann Ihnen helfen, alle rechtlichen, finanziellen und betrieblichen Aspekte zu erf\u00fcllen. Die Gr\u00fcndung eines eigenen Unternehmens bietet viele Chancen, erfordert aber auch eine gr\u00fcndliche Vorbereitung und viel Engagement, um erfolgreich zu sein.<\/p>\t\t\t\t\t\t\t\t<\/div>\n\t\t\t\t<\/div>\n\t\t\t\t<div class=\"elementor-element elementor-element-613559a elementor-widget elementor-widget-spacer\" data-id=\"613559a\" data-element_type=\"widget\" data-e-type=\"widget\" data-widget_type=\"spacer.default\">\n\t\t\t\t<div class=\"elementor-widget-container\">\n\t\t\t\t\t\t\t<div class=\"elementor-spacer\">\n\t\t\t<div class=\"elementor-spacer-inner\"><\/div>\n\t\t<\/div>\n\t\t\t\t\t\t<\/div>\n\t\t\t\t<\/div>\n\t\t\t\t<div class=\"elementor-element elementor-element-6bf7b6e elementor-widget elementor-widget-heading\" data-id=\"6bf7b6e\" data-element_type=\"widget\" data-e-type=\"widget\" data-widget_type=\"heading.default\">\n\t\t\t\t<div class=\"elementor-widget-container\">\n\t\t\t\t\t<h3 class=\"elementor-heading-title elementor-size-default\">Ein niederl\u00e4ndisches Unternehmen als Ausl\u00e4nder gr\u00fcnden?<\/h3>\t\t\t\t<\/div>\n\t\t\t\t<\/div>\n\t\t\t\t<div class=\"elementor-element elementor-element-589efc1 color-scheme-inherit text-left elementor-widget elementor-widget-text-editor\" data-id=\"589efc1\" data-element_type=\"widget\" data-e-type=\"widget\" data-widget_type=\"text-editor.default\">\n\t\t\t\t<div class=\"elementor-widget-container\">\n\t\t\t\t\t\t\t\t\t<p>F\u00fcr Ausl\u00e4nder ist es m\u00f6glich, in den Niederlanden selbst\u00e4ndig zu sein, sofern bestimmte Voraussetzungen erf\u00fcllt sind. Diese Bedingungen sollen sicherstellen, dass Ihre Arbeit einen positiven Beitrag zur niederl\u00e4ndischen Wirtschaft leistet. Wenn Sie ein selbst\u00e4ndiger Unternehmer sind, k\u00f6nnen Sie einen Antrag auf das <a href=\"https:\/\/www.derbedrosian.nl\/de\/gerichtsbarkeiten\/einwanderungsgesetz\/aufenthaltserlaubnis-selbstandiger\/\">Aufenthaltstitel \"Selbstst\u00e4ndige<\/a> Anwendungen. Im Folgenden finden Sie die wichtigsten Bedingungen:<\/p><ul><li><strong>Bedingungen und Konditionen:<\/strong> Sie m\u00fcssen die allgemeinen Bedingungen erf\u00fcllen, die f\u00fcr alle gelten, wenn Sie eine Aufenthaltsgenehmigung in den Niederlanden beantragen. Dazu geh\u00f6ren Dinge wie Ihre Identit\u00e4t, Ihr Gesundheitszustand und eventuelle Vorstrafen.<\/li><li><strong>Wesentliche Bedeutung f\u00fcr die niederl\u00e4ndische Wirtschaft:<\/strong>\u00a0Ihre Arbeit muss einen wesentlichen Einfluss auf die niederl\u00e4ndische Wirtschaft haben. Dies k\u00f6nnte zum Beispiel die Schaffung von Arbeitspl\u00e4tzen, die Anziehung von Investitionen oder die Bereitstellung innovativer Dienstleistungen oder Produkte sein.<\/li><li><strong>Anmeldung bei der Handelskammer:<\/strong>\u00a0Sie m\u00fcssen im Handelsregister der Handelskammer eingetragen sein. Diese Eintragung ist wichtig, um Ihr Unternehmen formell anzuerkennen.<\/li><li><strong>Erf\u00fcllung der Einkommensanforderungen:<\/strong>\u00a0Sie m\u00fcssen bestimmte Einkommensanforderungen erf\u00fcllen, die Sie in Ihrem Gesch\u00e4ftsplan nachweisen k\u00f6nnen. Der Gesch\u00e4ftsplan sollte Klarheit \u00fcber Ihre finanziellen Aussichten und die Art und Weise, wie Sie Ihren Lebensunterhalt verdienen werden, schaffen.<\/li><\/ul><p>Eine Rechtsberatung kann Ihnen helfen, sicherzustellen, dass Sie alle Anforderungen erf\u00fcllen und Ihre Gesch\u00e4ftspl\u00e4ne erfolgreich umsetzen k\u00f6nnen. Unternehmertum kann nicht nur Ihre eigene Zukunft beeinflussen, sondern auch zum Wachstum und zur Entwicklung der niederl\u00e4ndischen Wirtschaft beitragen.<\/p>\t\t\t\t\t\t\t\t<\/div>\n\t\t\t\t<\/div>\n\t\t\t\t<div class=\"elementor-element elementor-element-341ac2e elementor-widget elementor-widget-spacer\" data-id=\"341ac2e\" data-element_type=\"widget\" data-e-type=\"widget\" data-widget_type=\"spacer.default\">\n\t\t\t\t<div class=\"elementor-widget-container\">\n\t\t\t\t\t\t\t<div class=\"elementor-spacer\">\n\t\t\t<div class=\"elementor-spacer-inner\"><\/div>\n\t\t<\/div>\n\t\t\t\t\t\t<\/div>\n\t\t\t\t<\/div>\n\t\t\t\t<div class=\"elementor-element elementor-element-38925a8 elementor-widget elementor-widget-heading\" data-id=\"38925a8\" data-element_type=\"widget\" data-e-type=\"widget\" data-widget_type=\"heading.default\">\n\t\t\t\t<div class=\"elementor-widget-container\">\n\t\t\t\t\t<h3 class=\"elementor-heading-title elementor-size-default\">Welche Kosten entstehen, wenn Sie in den Niederlanden ein eigenes Unternehmen gr\u00fcnden m\u00f6chten?<\/h3>\t\t\t\t<\/div>\n\t\t\t\t<\/div>\n\t\t\t\t<div class=\"elementor-element elementor-element-c45c0ca color-scheme-inherit text-left elementor-widget elementor-widget-text-editor\" data-id=\"c45c0ca\" data-element_type=\"widget\" data-e-type=\"widget\" data-widget_type=\"text-editor.default\">\n\t\t\t\t<div class=\"elementor-widget-container\">\n\t\t\t\t\t\t\t\t\t<p>Die Gr\u00fcndung eines eigenen Unternehmens ist nat\u00fcrlich mit Kosten verbunden. Aber mit welchen Ausgaben k\u00f6nnen Sie rechnen? Nachfolgend haben wir die wichtigsten Kosten f\u00fcr Sie aufgelistet:<\/p><ul><li><strong>Handelskammer (CoC):<\/strong>\u00a0F\u00fcr die Eintragung Ihres Unternehmens bei der Handelskammer wird eine einmalige Geb\u00fchr von 75 \u20ac erhoben.<\/li><li><strong>Notargeb\u00fchren:<\/strong>\u00a0Ein Notar fertigt einen Gesellschaftsvertrag f\u00fcr Ihr Unternehmen an. Die Kosten variieren je nach der Komplexit\u00e4t der Urkunde und Ihren spezifischen Anforderungen.<\/li><li><strong>B\u00fcrokosten:<\/strong>\u00a0Die H\u00f6he dieser Kosten h\u00e4ngt von dem Raum ab, den Sie als B\u00fcro nutzen. Das kann von einem einfachen Heimb\u00fcro bis hin zur Anmietung kommerzieller B\u00fcrofl\u00e4chen reichen.<\/li><li><strong>Geb\u00fchren f\u00fcr Buchhaltung oder Rechnungswesen:<\/strong>\u00a0die H\u00f6he dieser Kosten h\u00e4ngt davon ab, inwieweit Sie sich selbst um die Buchhaltung k\u00fcmmern und inwieweit Sie Aufgaben an einen Buchhalter oder Buchf\u00fchrer auslagern. Die Kosten variieren je nach der Komplexit\u00e4t Ihrer Finanzunterlagen und den Anforderungen Ihres Unternehmens.<\/li><\/ul><p>Es ist ratsam, einen Finanzberater oder Buchhalter zu Rate zu ziehen, der Sie bei der Analyse und Verwaltung dieser Kosten unterst\u00fctzt, damit Sie Ihr Unternehmen mit Zuversicht aufbauen k\u00f6nnen.<\/p>\t\t\t\t\t\t\t\t<\/div>\n\t\t\t\t<\/div>\n\t\t\t\t<div class=\"elementor-element elementor-element-0d475e6 elementor-widget elementor-widget-spacer\" data-id=\"0d475e6\" data-element_type=\"widget\" data-e-type=\"widget\" data-widget_type=\"spacer.default\">\n\t\t\t\t<div class=\"elementor-widget-container\">\n\t\t\t\t\t\t\t<div class=\"elementor-spacer\">\n\t\t\t<div class=\"elementor-spacer-inner\"><\/div>\n\t\t<\/div>\n\t\t\t\t\t\t<\/div>\n\t\t\t\t<\/div>\n\t\t\t\t<div class=\"elementor-element elementor-element-4e2298a elementor-widget elementor-widget-heading\" data-id=\"4e2298a\" data-element_type=\"widget\" data-e-type=\"widget\" data-widget_type=\"heading.default\">\n\t\t\t\t<div class=\"elementor-widget-container\">\n\t\t\t\t\t<h3 class=\"elementor-heading-title elementor-size-default\">Anwaltliche Dienstleistungen f\u00fcr Unternehmen<\/h3>\t\t\t\t<\/div>\n\t\t\t\t<\/div>\n\t\t\t\t<div class=\"elementor-element elementor-element-d75dd0e color-scheme-inherit text-left elementor-widget elementor-widget-text-editor\" data-id=\"d75dd0e\" data-element_type=\"widget\" data-e-type=\"widget\" data-widget_type=\"text-editor.default\">\n\t\t\t\t<div class=\"elementor-widget-container\">\n\t\t\t\t\t\t\t\t\t<p>Wenn Sie in den Niederlanden ein Unternehmen gr\u00fcnden und f\u00fchren, k\u00f6nnen alle m\u00f6glichen Herausforderungen und rechtlichen Fragen auf Sie zukommen. Ganz gleich, ob es sich um Fragen zu Ihren Mitarbeitern, Vertr\u00e4gen oder internen Gesch\u00e4ftsproblemen handelt, es ist wichtig, dass Sie Zugang zu Rechtsberatung haben, der Sie vertrauen k\u00f6nnen.<\/p><p>Anwaltskanzlei Der Bedrosian Merkmale <a href=\"https:\/\/www.derbedrosian.nl\/de\/rechtsanwalte-2\/\">engagierte Anw\u00e4lte<\/a> haben umfangreiche Erfahrung in <a href=\"https:\/\/www.derbedrosian.nl\/de\/gerichtsbarkeiten\/professionelle-dienstleistungen\/\">professionelle Dienstleistungen<\/a> und sind bereit, Ihnen zu helfen, L\u00f6sungen f\u00fcr Ihre gesch\u00e4ftlichen Herausforderungen zu finden. Ganz gleich, ob Sie Ihr Unternehmen gerade erst gr\u00fcnden oder bereits ein etablierter Akteur sind, wir sind f\u00fcr Sie da.<\/p><p>Z\u00f6gern Sie also nicht, uns zu kontaktieren, um eine professionelle Rechtsberatung zu erhalten, die speziell auf Ihre pers\u00f6nliche Situation zugeschnitten ist.<\/p>\t\t\t\t\t\t\t\t<\/div>\n\t\t\t\t<\/div>\n\t\t\t\t\t<\/div>\n\t\t\t\t<\/div>\n\t\t\t\t<\/div>","protected":false},"excerpt":{"rendered":"<p>stappenplan opzetten van Nederlands onderneming wij helpen u op weg met het opzetten van een bedrijf zakelijke kansen maar welke<\/p>","protected":false},"author":1,"featured_media":0,"parent":10818,"menu_order":0,"comment_status":"closed","ping_status":"closed","template":"","meta":{"footnotes":""},"class_list":["post-10821","page","type-page","status-publish","hentry"],"_links":{"self":[{"href":"https:\/\/www.derbedrosian.nl\/de\/wp-json\/wp\/v2\/pages\/10821","targetHints":{"allow":["GET"]}}],"collection":[{"href":"https:\/\/www.derbedrosian.nl\/de\/wp-json\/wp\/v2\/pages"}],"about":[{"href":"https:\/\/www.derbedrosian.nl\/de\/wp-json\/wp\/v2\/types\/page"}],"author":[{"embeddable":true,"href":"https:\/\/www.derbedrosian.nl\/de\/wp-json\/wp\/v2\/users\/1"}],"replies":[{"embeddable":true,"href":"https:\/\/www.derbedrosian.nl\/de\/wp-json\/wp\/v2\/comments?post=10821"}],"version-history":[{"count":0,"href":"https:\/\/www.derbedrosian.nl\/de\/wp-json\/wp\/v2\/pages\/10821\/revisions"}],"up":[{"embeddable":true,"href":"https:\/\/www.derbedrosian.nl\/de\/wp-json\/wp\/v2\/pages\/10818"}],"wp:attachment":[{"href":"https:\/\/www.derbedrosian.nl\/de\/wp-json\/wp\/v2\/media?parent=10821"}],"curies":[{"name":"wp","href":"https:\/\/api.w.org\/{rel}","templated":true}]}}